{"id":12267,"date":"2023-10-24T15:02:14","date_gmt":"2022-06-30T07:02:14","guid":{"rendered":"https:\/\/www.zhgdled.com\/product\/hi-ufo-series-led-high-bay-light"},"modified":"2023-12-26T10:46:16","modified_gmt":"2023-12-26T02:46:16","slug":"hi-ufo-series-led-high-bay-light","status":"publish","type":"product","link":"https:\/\/www.zhgdled.com\/de\/hi-ufo-series-led-high-bay-light.html","title":{"rendered":"Hi-UFO Series LED Hallenstrahler 200LM\/W"},"content":{"rendered":"<h2>KOMMERZIELLE BELEUCHTUNG MIT HOHER WATTLEISTUNG UND HOHEM LICHTEFFEKT<\/h2>\n<ul>\n<li>Die Hi-UFO-Serie ist eine Hallenleuchte mit einem schweren Design, das der \u00c4sthetik europ\u00e4ischer und amerikanischer L\u00e4nder entspricht. Das Erscheinungsbild \u00fcbernimmt das Prinzip der Str\u00f6mungsmechanik mit hoher thermischer Effizienz und sch\u00f6nem Aussehen.<\/li>\n<li>ZHL hat die Lichtausbeute mit der neuesten Hi-UFO-Serie auf 200 lm\/W erh\u00f6ht, die breitere Anforderungen in der Branche erf\u00fcllt!<\/li>\n<li>Eine Vielzahl bequemer Installationsmethoden ist verf\u00fcgbar, wie Rohrmontage, Heben, Gewindeverbindungen und Winkelhalterungen. Integraler Druckguss aus hochdichtem Aluminium mit ausreichender Festigkeit und gutem Explosionsschutz. Hohe Lichtdurchl\u00e4ssigkeit, Glash\u00e4rte erreicht IK07\/08, Doppelter Schutz mit Klebstoff und Befestigung mit Schnalle. Dimmfunktion durch intelligenten Mikrowellensensor verf\u00fcgbar, der benutzerfreundlicher und energiesparender ist. Optionaler Reflektor aus hochreinem Aluminium in mattem Silber, schlichtes Erscheinungsbild, starke und zuverl\u00e4ssige Struktur, mit Blendschutzfunktion.<\/li>\n<li>Luxus und wettbewerbsf\u00e4hige Preise sind die zugrunde liegenden Faktoren f\u00fcr das Erreichen hoher Produktionsmengen.<\/li>\n<\/ul>\n<p>&nbsp;<\/p>\n<h2>SPEZIFIKATIONEN<\/h2>\n<table width=\"649\">\n<tbody>\n<tr>\n<td><strong>Leistung<\/strong><\/td>\n<td><strong>100W 150W 200W\u00a0<\/strong><\/td>\n<\/tr>\n<tr>\n<td><strong>LED<\/strong><\/td>\n<td><strong>Samsung 2835<\/strong><\/td>\n<\/tr>\n<tr>\n<td><strong>Farbtemperatur (CCT)<\/strong><\/td>\n<td><strong>2700-6500K<\/strong><\/td>\n<\/tr>\n<tr>\n<td><strong>Lichtausbeute (lm\/w)<\/strong><\/td>\n<td><strong>200lm\/w +-10%<\/strong><\/td>\n<\/tr>\n<tr>\n<td><strong>Eingangsspannung (V)<\/strong><\/td>\n<td width=\"463\"><strong>100-240VAC\/50-60Hz<\/strong><\/td>\n<\/tr>\n<tr>\n<td><strong>PF<\/strong><\/td>\n<td><strong>&gt;0.9<\/strong><\/td>\n<\/tr>\n<tr>\n<td><strong>CRI (Ra&gt;)<\/strong><\/td>\n<td><strong>80<\/strong><\/td>\n<\/tr>\n<tr>\n<td><strong>Abstrahlwinkel (\u00b0)<\/strong><\/td>\n<td><strong>60\u00b0\/90\u00b0*120\u00b0<\/strong><\/td>\n<\/tr>\n<tr>\n<td><strong>IP-Klasse<\/strong><\/td>\n<td><strong>IP65<\/strong><\/td>\n<\/tr>\n<tr>\n<td><strong>Material<\/strong><\/td>\n<td><strong>Aluminiumgeh\u00e4use + Abdeckung aus geh\u00e4rtetem Glas<\/strong><\/td>\n<\/tr>\n<tr>\n<td><strong>Betriebstemperatur (\u2103)<\/strong><\/td>\n<td><strong>-20-50<\/strong><\/td>\n<\/tr>\n<tr>\n<td><strong>Garantie (Jahr)<\/strong><\/td>\n<td><strong>5 Years<\/strong><\/td>\n<\/tr>\n<tr>\n<td><strong>Zertifizierung<\/strong><\/td>\n<td><strong>CE,ERP<\/strong><\/td>\n<\/tr>\n<tr>\n<td><strong>Power-Treiber<\/strong><\/td>\n<td><strong>MOSO Dimmable driver( 0-10V Dimmable+12V Auxiliary source<\/strong><\/td>\n<\/tr>\n<\/tbody>\n<\/table>\n<div id=\"attachment_12466\" style=\"width: 1394px\" class=\"wp-caption alignnone\"><img decoding=\"async\" aria-describedby=\"caption-attachment-12466\" class=\"size-full wp-image-12466\" src=\"https:\/\/www.zhgdled.com\/wp-content\/uploads\/2022\/06\/20220716085323HUFO.png\" alt=\"ZHL Hi-UFO Series High Bay Light\" width=\"1384\" height=\"1843\" srcset=\"https:\/\/www.zhgdled.com\/wp-content\/uploads\/2022\/06\/20220716085323HUFO.png 1384w, https:\/\/www.zhgdled.com\/wp-content\/uploads\/2022\/06\/20220716085323HUFO-225x300.png 225w, https:\/\/www.zhgdled.com\/wp-content\/uploads\/2022\/06\/20220716085323HUFO-769x1024.png 769w, https:\/\/www.zhgdled.com\/wp-content\/uploads\/2022\/06\/20220716085323HUFO-768x1023.png 768w, https:\/\/www.zhgdled.com\/wp-content\/uploads\/2022\/06\/20220716085323HUFO-1153x1536.png 1153w, https:\/\/www.zhgdled.com\/wp-content\/uploads\/2022\/06\/20220716085323HUFO-600x799.png 600w, https:\/\/www.zhgdled.com\/wp-content\/uploads\/2022\/06\/20220716085323HUFO-150x200.png 150w\" sizes=\"(max-width: 1384px) 100vw, 1384px\" \/><p id=\"caption-attachment-12466\" class=\"wp-caption-text\">ZHL Hi-UFO Series High Bay Light<\/p><\/div>\n","protected":false},"excerpt":{"rendered":"<table width=\"649\">\n<tbody>\n<tr>\n<td><strong>Leistung<\/strong><\/td>\n<td><strong>100W 150W 200W\u00a0<\/strong><\/td>\n<\/tr>\n<tr>\n<td><strong>LED<\/strong><\/td>\n<td><strong>Samsung 2835<\/strong><\/td>\n<\/tr>\n<tr>\n<td><strong>Farbtemperatur (CCT)<\/strong><\/td>\n<td><strong>2700-6500K<\/strong><\/td>\n<\/tr>\n<tr>\n<td><strong>Lichtausbeute (lm\/w)<\/strong><\/td>\n<td><strong>200lm\/w +-10%<\/strong><\/td>\n<\/tr>\n<tr>\n<td><strong>Eingangsspannung (V)<\/strong><\/td>\n<td width=\"463\"><strong>100-240VAC\/50-60Hz<\/strong><\/td>\n<\/tr>\n<tr>\n<td><strong>PF<\/strong><\/td>\n<td><strong>&gt;0.9<\/strong><\/td>\n<\/tr>\n<tr>\n<td><strong>CRI (Ra&gt;)<\/strong><\/td>\n<td><strong>80<\/strong><\/td>\n<\/tr>\n<tr>\n<td><strong>Abstrahlwinkel (\u00b0)<\/strong><\/td>\n<td><strong>60\u00b0\/90\u00b0*120\u00b0<\/strong><\/td>\n<\/tr>\n<tr>\n<td><strong>IP-Klasse<\/strong><\/td>\n<td><strong>IP65<\/strong><\/td>\n<\/tr>\n<tr>\n<td><strong>Material<\/strong><\/td>\n<td><strong>Aluminiumgeh\u00e4use + Abdeckung aus geh\u00e4rtetem Glas<\/strong><\/td>\n<\/tr>\n<tr>\n<td><strong>Betriebstemperatur (\u2103)<\/strong><\/td>\n<td><strong>-20-50<\/strong><\/td>\n<\/tr>\n<tr>\n<td><strong>Garantie (Jahr)<\/strong><\/td>\n<td><strong>5 Years<\/strong><\/td>\n<\/tr>\n<tr>\n<td><strong>Zertifizierung<\/strong><\/td>\n<td><strong>CE,ERP<\/strong><\/td>\n<\/tr>\n<tr>\n<td><strong>Power-Treiber<\/strong><\/td>\n<td><strong>MOSO Dimmable driver( 0-10V Dimmable+12V Auxiliary source<\/strong><\/td>\n<\/tr>\n<\/tbody>\n<\/table>\n<p>&nbsp;<\/p>\n<p>&nbsp;<\/p>\n","protected":false},"featured_media":13244,"template":"","meta":[],"product_brand":[],"product_cat":[636],"product_tag":[376],"class_list":{"0":"post-12267","1":"product","2":"type-product","3":"status-publish","4":"has-post-thumbnail","6":"product_cat-hochregal-leuchten","7":"product_tag-highbay-light-de","9":"first","10":"instock","11":"featured","12":"shipping-taxable","13":"product-type-simple"},"yoast_head":"<!-- This site is optimized with the Yoast SEO plugin v27.4 - https:\/\/yoast.com\/product\/yoast-seo-wordpress\/ -->\n<title>Hi-UFO Series LED Hallenstrahler 200LM\/W &#8211; ZHL Lichtgruppe<\/title>\n<meta name=\"description\" content=\"Die Hi-UFO-Serie ist eine Hallenleuchte mit einem schweren Design, das der \u00c4sthetik europ\u00e4ischer und amerikanischer L\u00e4nder entspricht. Das Erscheinungsbild \u00fcbernimmt das Prinzip der Str\u00f6mungsmechanik mit hoher thermischer Effizienz und sch\u00f6nem Aussehen.\" \/>\n<meta name=\"robots\" content=\"index, follow, max-snippet:-1, max-image-preview:large, max-video-preview:-1\" \/>\n<link rel=\"canonical\" href=\"https:\/\/www.zhgdled.com\/de\/hi-ufo-series-led-high-bay-light.html\" \/>\n<meta property=\"og:locale\" content=\"de_DE\" \/>\n<meta property=\"og:type\" content=\"article\" \/>\n<meta property=\"og:title\" content=\"Hi-UFO Series LED Hallenstrahler 200LM\/W &#8211; ZHL Lichtgruppe\" \/>\n<meta property=\"og:description\" content=\"Die Hi-UFO-Serie ist eine Hallenleuchte mit einem schweren Design, das der \u00c4sthetik europ\u00e4ischer und amerikanischer L\u00e4nder entspricht. Das Erscheinungsbild \u00fcbernimmt das Prinzip der Str\u00f6mungsmechanik mit hoher thermischer Effizienz und sch\u00f6nem Aussehen.\" \/>\n<meta property=\"og:url\" content=\"https:\/\/www.zhgdled.com\/de\/hi-ufo-series-led-high-bay-light.html\" \/>\n<meta property=\"og:site_name\" content=\"ZHL Lichtgruppe\" \/>\n<meta property=\"article:publisher\" content=\"https:\/\/www.facebook.com\/zhllightinggroup\" \/>\n<meta property=\"article:modified_time\" content=\"2023-12-26T02:46:16+00:00\" \/>\n<meta property=\"og:image\" content=\"https:\/\/www.zhgdled.com\/wp-content\/uploads\/2022\/06\/4-4.png\" \/>\n\t<meta property=\"og:image:width\" content=\"1600\" \/>\n\t<meta property=\"og:image:height\" content=\"1600\" \/>\n\t<meta property=\"og:image:type\" content=\"image\/png\" \/>\n<meta name=\"twitter:card\" content=\"summary_large_image\" \/>\n<meta name=\"twitter:site\" content=\"@zhl_lighting\" \/>\n<meta name=\"twitter:label1\" content=\"Gesch\u00e4tzte Lesezeit\" \/>\n\t<meta name=\"twitter:data1\" content=\"2\u00a0Minuten\" \/>\n<script type=\"application\/ld+json\" class=\"yoast-schema-graph\">{\"@context\":\"https:\\\/\\\/schema.org\",\"@graph\":[{\"@type\":\"WebPage\",\"@id\":\"https:\\\/\\\/www.zhgdled.com\\\/de\\\/hi-ufo-series-led-high-bay-light.html\",\"url\":\"https:\\\/\\\/www.zhgdled.com\\\/de\\\/hi-ufo-series-led-high-bay-light.html\",\"name\":\"Hi-UFO Series LED Hallenstrahler 200LM\\\/W &#8211; ZHL Lichtgruppe\",\"isPartOf\":{\"@id\":\"https:\\\/\\\/www.zhgdled.com\\\/de\\\/#website\"},\"primaryImageOfPage\":{\"@id\":\"https:\\\/\\\/www.zhgdled.com\\\/de\\\/hi-ufo-series-led-high-bay-light.html#primaryimage\"},\"image\":{\"@id\":\"https:\\\/\\\/www.zhgdled.com\\\/de\\\/hi-ufo-series-led-high-bay-light.html#primaryimage\"},\"thumbnailUrl\":\"https:\\\/\\\/www.zhgdled.com\\\/wp-content\\\/uploads\\\/2022\\\/06\\\/4-4.png\",\"datePublished\":\"2022-06-30T07:02:14+00:00\",\"dateModified\":\"2023-12-26T02:46:16+00:00\",\"description\":\"Die Hi-UFO-Serie ist eine Hallenleuchte mit einem schweren Design, das der \u00c4sthetik europ\u00e4ischer und amerikanischer L\u00e4nder entspricht. Das Erscheinungsbild \u00fcbernimmt das Prinzip der Str\u00f6mungsmechanik mit hoher thermischer Effizienz und sch\u00f6nem Aussehen.\",\"breadcrumb\":{\"@id\":\"https:\\\/\\\/www.zhgdled.com\\\/de\\\/hi-ufo-series-led-high-bay-light.html#breadcrumb\"},\"inLanguage\":\"de\",\"potentialAction\":[{\"@type\":\"ReadAction\",\"target\":[\"https:\\\/\\\/www.zhgdled.com\\\/de\\\/hi-ufo-series-led-high-bay-light.html\"]}]},{\"@type\":\"ImageObject\",\"inLanguage\":\"de\",\"@id\":\"https:\\\/\\\/www.zhgdled.com\\\/de\\\/hi-ufo-series-led-high-bay-light.html#primaryimage\",\"url\":\"https:\\\/\\\/www.zhgdled.com\\\/wp-content\\\/uploads\\\/2022\\\/06\\\/4-4.png\",\"contentUrl\":\"https:\\\/\\\/www.zhgdled.com\\\/wp-content\\\/uploads\\\/2022\\\/06\\\/4-4.png\",\"width\":1600,\"height\":1600,\"caption\":\"hi-ufo serisi y\u00fcksek tavan lambas\u0131\"},{\"@type\":\"BreadcrumbList\",\"@id\":\"https:\\\/\\\/www.zhgdled.com\\\/de\\\/hi-ufo-series-led-high-bay-light.html#breadcrumb\",\"itemListElement\":[{\"@type\":\"ListItem\",\"position\":1,\"name\":\"Home\",\"item\":\"https:\\\/\\\/www.zhgdled.com\\\/de\"},{\"@type\":\"ListItem\",\"position\":2,\"name\":\"PRODUCTS\",\"item\":\"https:\\\/\\\/www.zhgdled.com\\\/zhl-products.html\"},{\"@type\":\"ListItem\",\"position\":3,\"name\":\"Hi-UFO Series LED Hallenstrahler 200LM\\\/W\"}]},{\"@type\":\"WebSite\",\"@id\":\"https:\\\/\\\/www.zhgdled.com\\\/de\\\/#website\",\"url\":\"https:\\\/\\\/www.zhgdled.com\\\/de\\\/\",\"name\":\"ZHL Lichtgruppe\",\"description\":\"Top ranking industrial lighting manufacturer and exporter\",\"publisher\":{\"@id\":\"https:\\\/\\\/www.zhgdled.com\\\/de\\\/#organization\"},\"potentialAction\":[{\"@type\":\"SearchAction\",\"target\":{\"@type\":\"EntryPoint\",\"urlTemplate\":\"https:\\\/\\\/www.zhgdled.com\\\/de\\\/?s={search_term_string}\"},\"query-input\":{\"@type\":\"PropertyValueSpecification\",\"valueRequired\":true,\"valueName\":\"search_term_string\"}}],\"inLanguage\":\"de\"},{\"@type\":\"Organization\",\"@id\":\"https:\\\/\\\/www.zhgdled.com\\\/de\\\/#organization\",\"name\":\"ZHL Lighting Group\",\"url\":\"https:\\\/\\\/www.zhgdled.com\\\/de\\\/\",\"logo\":{\"@type\":\"ImageObject\",\"inLanguage\":\"de\",\"@id\":\"https:\\\/\\\/www.zhgdled.com\\\/de\\\/#\\\/schema\\\/logo\\\/image\\\/\",\"url\":\"\",\"contentUrl\":\"\",\"caption\":\"ZHL Lighting Group\"},\"image\":{\"@id\":\"https:\\\/\\\/www.zhgdled.com\\\/de\\\/#\\\/schema\\\/logo\\\/image\\\/\"},\"sameAs\":[\"https:\\\/\\\/www.facebook.com\\\/zhllightinggroup\",\"https:\\\/\\\/x.com\\\/zhl_lighting\"]}]}<\/script>\n<!-- \/ Yoast SEO plugin. -->","yoast_head_json":{"title":"Hi-UFO Series LED Hallenstrahler 200LM\/W &#8211; ZHL Lichtgruppe","description":"Die Hi-UFO-Serie ist eine Hallenleuchte mit einem schweren Design, das der \u00c4sthetik europ\u00e4ischer und amerikanischer L\u00e4nder entspricht. Das Erscheinungsbild \u00fcbernimmt das Prinzip der Str\u00f6mungsmechanik mit hoher thermischer Effizienz und sch\u00f6nem Aussehen.","robots":{"index":"index","follow":"follow","max-snippet":"max-snippet:-1","max-image-preview":"max-image-preview:large","max-video-preview":"max-video-preview:-1"},"canonical":"https:\/\/www.zhgdled.com\/de\/hi-ufo-series-led-high-bay-light.html","og_locale":"de_DE","og_type":"article","og_title":"Hi-UFO Series LED Hallenstrahler 200LM\/W &#8211; ZHL Lichtgruppe","og_description":"Die Hi-UFO-Serie ist eine Hallenleuchte mit einem schweren Design, das der \u00c4sthetik europ\u00e4ischer und amerikanischer L\u00e4nder entspricht. Das Erscheinungsbild \u00fcbernimmt das Prinzip der Str\u00f6mungsmechanik mit hoher thermischer Effizienz und sch\u00f6nem Aussehen.","og_url":"https:\/\/www.zhgdled.com\/de\/hi-ufo-series-led-high-bay-light.html","og_site_name":"ZHL Lichtgruppe","article_publisher":"https:\/\/www.facebook.com\/zhllightinggroup","article_modified_time":"2023-12-26T02:46:16+00:00","og_image":[{"width":1600,"height":1600,"url":"https:\/\/www.zhgdled.com\/wp-content\/uploads\/2022\/06\/4-4.png","type":"image\/png"}],"twitter_card":"summary_large_image","twitter_site":"@zhl_lighting","twitter_misc":{"Gesch\u00e4tzte Lesezeit":"2\u00a0Minuten"},"schema":{"@context":"https:\/\/schema.org","@graph":[{"@type":"WebPage","@id":"https:\/\/www.zhgdled.com\/de\/hi-ufo-series-led-high-bay-light.html","url":"https:\/\/www.zhgdled.com\/de\/hi-ufo-series-led-high-bay-light.html","name":"Hi-UFO Series LED Hallenstrahler 200LM\/W &#8211; ZHL Lichtgruppe","isPartOf":{"@id":"https:\/\/www.zhgdled.com\/de\/#website"},"primaryImageOfPage":{"@id":"https:\/\/www.zhgdled.com\/de\/hi-ufo-series-led-high-bay-light.html#primaryimage"},"image":{"@id":"https:\/\/www.zhgdled.com\/de\/hi-ufo-series-led-high-bay-light.html#primaryimage"},"thumbnailUrl":"https:\/\/www.zhgdled.com\/wp-content\/uploads\/2022\/06\/4-4.png","datePublished":"2022-06-30T07:02:14+00:00","dateModified":"2023-12-26T02:46:16+00:00","description":"Die Hi-UFO-Serie ist eine Hallenleuchte mit einem schweren Design, das der \u00c4sthetik europ\u00e4ischer und amerikanischer L\u00e4nder entspricht. Das Erscheinungsbild \u00fcbernimmt das Prinzip der Str\u00f6mungsmechanik mit hoher thermischer Effizienz und sch\u00f6nem Aussehen.","breadcrumb":{"@id":"https:\/\/www.zhgdled.com\/de\/hi-ufo-series-led-high-bay-light.html#breadcrumb"},"inLanguage":"de","potentialAction":[{"@type":"ReadAction","target":["https:\/\/www.zhgdled.com\/de\/hi-ufo-series-led-high-bay-light.html"]}]},{"@type":"ImageObject","inLanguage":"de","@id":"https:\/\/www.zhgdled.com\/de\/hi-ufo-series-led-high-bay-light.html#primaryimage","url":"https:\/\/www.zhgdled.com\/wp-content\/uploads\/2022\/06\/4-4.png","contentUrl":"https:\/\/www.zhgdled.com\/wp-content\/uploads\/2022\/06\/4-4.png","width":1600,"height":1600,"caption":"hi-ufo serisi y\u00fcksek tavan lambas\u0131"},{"@type":"BreadcrumbList","@id":"https:\/\/www.zhgdled.com\/de\/hi-ufo-series-led-high-bay-light.html#breadcrumb","itemListElement":[{"@type":"ListItem","position":1,"name":"Home","item":"https:\/\/www.zhgdled.com\/de"},{"@type":"ListItem","position":2,"name":"PRODUCTS","item":"https:\/\/www.zhgdled.com\/zhl-products.html"},{"@type":"ListItem","position":3,"name":"Hi-UFO Series LED Hallenstrahler 200LM\/W"}]},{"@type":"WebSite","@id":"https:\/\/www.zhgdled.com\/de\/#website","url":"https:\/\/www.zhgdled.com\/de\/","name":"ZHL Lichtgruppe","description":"Top ranking industrial lighting manufacturer and exporter","publisher":{"@id":"https:\/\/www.zhgdled.com\/de\/#organization"},"potentialAction":[{"@type":"SearchAction","target":{"@type":"EntryPoint","urlTemplate":"https:\/\/www.zhgdled.com\/de\/?s={search_term_string}"},"query-input":{"@type":"PropertyValueSpecification","valueRequired":true,"valueName":"search_term_string"}}],"inLanguage":"de"},{"@type":"Organization","@id":"https:\/\/www.zhgdled.com\/de\/#organization","name":"ZHL Lighting Group","url":"https:\/\/www.zhgdled.com\/de\/","logo":{"@type":"ImageObject","inLanguage":"de","@id":"https:\/\/www.zhgdled.com\/de\/#\/schema\/logo\/image\/","url":"","contentUrl":"","caption":"ZHL Lighting Group"},"image":{"@id":"https:\/\/www.zhgdled.com\/de\/#\/schema\/logo\/image\/"},"sameAs":["https:\/\/www.facebook.com\/zhllightinggroup","https:\/\/x.com\/zhl_lighting"]}]}},"_links":{"self":[{"href":"https:\/\/www.zhgdled.com\/de\/wp-json\/wp\/v2\/product\/12267","targetHints":{"allow":["GET"]}}],"collection":[{"href":"https:\/\/www.zhgdled.com\/de\/wp-json\/wp\/v2\/product"}],"about":[{"href":"https:\/\/www.zhgdled.com\/de\/wp-json\/wp\/v2\/types\/product"}],"wp:featuredmedia":[{"embeddable":true,"href":"https:\/\/www.zhgdled.com\/de\/wp-json\/wp\/v2\/media\/13244"}],"wp:attachment":[{"href":"https:\/\/www.zhgdled.com\/de\/wp-json\/wp\/v2\/media?parent=12267"}],"wp:term":[{"taxonomy":"product_brand","embeddable":true,"href":"https:\/\/www.zhgdled.com\/de\/wp-json\/wp\/v2\/product_brand?post=12267"},{"taxonomy":"product_cat","embeddable":true,"href":"https:\/\/www.zhgdled.com\/de\/wp-json\/wp\/v2\/product_cat?post=12267"},{"taxonomy":"product_tag","embeddable":true,"href":"https:\/\/www.zhgdled.com\/de\/wp-json\/wp\/v2\/product_tag?post=12267"}],"curies":[{"name":"wp","href":"https:\/\/api.w.org\/{rel}","templated":true}]}}