{"id":12280,"date":"2023-06-13T01:56:54","date_gmt":"2021-10-14T05:56:54","guid":{"rendered":"https:\/\/www.zhgdled.com\/product\/top-light"},"modified":"2022-07-15T08:12:02","modified_gmt":"2022-07-15T00:12:02","slug":"top-light","status":"publish","type":"product","link":"https:\/\/www.zhgdled.com\/de\/top-light.html","title":{"rendered":"Oberlicht f\u00fcr Garten und Korridor"},"content":{"rendered":"<div class=\"J_module\">\n<ul>\n<li id=\"ali-anchor-AliMagic-s5qei7\" class=\"magic-0\" data-section=\"AliMagic-s5qei7\" data-section-title=\"Product Description\" data-spm-anchor-id=\"a2700.details.0.i20.2d8a1a34X1y9Gb\">IP 65, CE ERC ETL CB zertifiziert.<\/li>\n<li class=\"magic-0\" data-section=\"AliMagic-s5qei7\" data-section-title=\"Product Description\" data-spm-anchor-id=\"a2700.details.0.i20.2d8a1a34X1y9Gb\">Leistung: 50 W 80 W 100 W<\/li>\n<li class=\"magic-0\" data-section=\"AliMagic-s5qei7\" data-section-title=\"Product Description\" data-spm-anchor-id=\"a2700.details.0.i20.2d8a1a34X1y9Gb\">Spannung: 100-270 V Wechselstrom, 50\/60 Hz<\/li>\n<li class=\"magic-0\" data-section=\"AliMagic-s5qei7\" data-section-title=\"Product Description\" data-spm-anchor-id=\"a2700.details.0.i20.2d8a1a34X1y9Gb\">Lichtausbeute: 130Lm\/w<\/li>\n<li class=\"magic-0\" data-section=\"AliMagic-s5qei7\" data-section-title=\"Product Description\" data-spm-anchor-id=\"a2700.details.0.i20.2d8a1a34X1y9Gb\">Abstrahlwinkel: 60\u00b0, 90\u00b0, 120\u00b0<\/li>\n<li class=\"magic-0\" data-section=\"AliMagic-s5qei7\" data-section-title=\"Product Description\" data-spm-anchor-id=\"a2700.details.0.i20.2d8a1a34X1y9Gb\">Lebensdauer: &gt;50000h<\/li>\n<li class=\"magic-0\" data-section=\"AliMagic-s5qei7\" data-section-title=\"Product Description\" data-spm-anchor-id=\"a2700.details.0.i20.2d8a1a34X1y9Gb\">Installationsh\u00f6he: 3-6m<\/li>\n<li class=\"magic-0\" data-section=\"AliMagic-s5qei7\" data-section-title=\"Product Description\" data-spm-anchor-id=\"a2700.details.0.i20.2d8a1a34X1y9Gb\">Leistungsfaktor: &gt;0,9<\/li>\n<\/ul>\n<p>Verschiedene Formen, klassisch und elegant, bequeme Installation und Wartung;<\/p>\n<p>Angemessene Struktur, niedrige Betriebs- und Wartungskosten.<\/p>\n<p>Bis zu 130 lm\/w, konform mit intelligentem Steuerungssystem, geeignet f\u00fcr Wohngebiete, Aussichtspunkte, Parks, st\u00e4dtische Pl\u00e4tze, private G\u00e4rten, Innenh\u00f6fe, Korridore und andere \u00f6ffentliche Orte.<\/p>\n<\/div>\n<div class=\"J_module\">\n<div class=\"icbu-pc-detailManyImage magic-1\" data-module-name=\"icbu-pc-detailManyImage\">\n<div class=\"magic-6\"><\/div>\n<\/div>\n<\/div>\n","protected":false},"excerpt":{"rendered":"<ul>\n<li id=\"ali-anchor-AliMagic-s5qei7\" class=\"magic-0\" data-section=\"AliMagic-s5qei7\" data-section-title=\"Product Description\" data-spm-anchor-id=\"a2700.details.0.i20.2d8a1a34X1y9Gb\">IP 65, CE ERC ETL CB zertifiziert.<\/li>\n<li class=\"magic-0\" data-section=\"AliMagic-s5qei7\" data-section-title=\"Product Description\" data-spm-anchor-id=\"a2700.details.0.i20.2d8a1a34X1y9Gb\">Leistung: 50 W 80 W 100 W<\/li>\n<li class=\"magic-0\" data-section=\"AliMagic-s5qei7\" data-section-title=\"Product Description\" data-spm-anchor-id=\"a2700.details.0.i20.2d8a1a34X1y9Gb\">Spannung: 100-270 V Wechselstrom, 50\/60 Hz<\/li>\n<li class=\"magic-0\" data-section=\"AliMagic-s5qei7\" data-section-title=\"Product Description\" data-spm-anchor-id=\"a2700.details.0.i20.2d8a1a34X1y9Gb\">Lichtausbeute: 130Lm\/w<\/li>\n<li class=\"magic-0\" data-section=\"AliMagic-s5qei7\" data-section-title=\"Product Description\" data-spm-anchor-id=\"a2700.details.0.i20.2d8a1a34X1y9Gb\">Abstrahlwinkel: 60\u00b0, 90\u00b0, 120\u00b0<\/li>\n<li class=\"magic-0\" data-section=\"AliMagic-s5qei7\" data-section-title=\"Product Description\" data-spm-anchor-id=\"a2700.details.0.i20.2d8a1a34X1y9Gb\">Lebensdauer: &gt;50000h<\/li>\n<li class=\"magic-0\" data-section=\"AliMagic-s5qei7\" data-section-title=\"Product Description\" data-spm-anchor-id=\"a2700.details.0.i20.2d8a1a34X1y9Gb\">Installationsh\u00f6he: 3-6m<\/li>\n<li class=\"magic-0\" data-section=\"AliMagic-s5qei7\" data-section-title=\"Product Description\" data-spm-anchor-id=\"a2700.details.0.i20.2d8a1a34X1y9Gb\">Leistungsfaktor: &gt;0,9<\/li>\n<li id=\"ali-anchor-AliMagic-s5qei7\" class=\"magic-0\" data-section=\"AliMagic-s5qei7\" data-section-title=\"Product Description\" data-spm-anchor-id=\"a2700.details.0.i20.2d8a1a34X1y9Gb\"><\/li>\n<\/ul>\n","protected":false},"featured_media":13644,"template":"","meta":[],"product_brand":[],"product_cat":[372],"product_tag":[377],"class_list":{"0":"post-12280","1":"product","2":"type-product","3":"status-publish","4":"has-post-thumbnail","6":"product_cat-gartenlichter","7":"product_tag-garden-light-de","9":"first","10":"instock","11":"shipping-taxable","12":"product-type-simple"},"yoast_head":"<!-- This site is optimized with the Yoast SEO plugin v27.4 - https:\/\/yoast.com\/product\/yoast-seo-wordpress\/ -->\n<title>Oberlicht f\u00fcr Garten und Korridor &#8211; ZHL Lichtgruppe<\/title>\n<meta name=\"description\" content=\"Verschiedene Formen, klassisch und elegant, bequeme Installation und Wartung;Angemessene Struktur, niedrige Betriebs- und Wartungskosten.Bis zu 130 lm\/w, konform mit intelligentem Steuerungssystem, geeignet f\u00fcr Wohngebiete, Aussichtspunkte, Parks, st\u00e4dtische Pl\u00e4tze, private G\u00e4rten, Innenh\u00f6fe, Korridore und andere \u00f6ffentliche Orte.\" \/>\n<meta name=\"robots\" content=\"index, follow, max-snippet:-1, max-image-preview:large, max-video-preview:-1\" \/>\n<link rel=\"canonical\" href=\"https:\/\/www.zhgdled.com\/de\/top-light.html\" \/>\n<meta property=\"og:locale\" content=\"de_DE\" \/>\n<meta property=\"og:type\" content=\"article\" \/>\n<meta property=\"og:title\" content=\"Oberlicht f\u00fcr Garten und Korridor &#8211; ZHL Lichtgruppe\" \/>\n<meta property=\"og:description\" content=\"Verschiedene Formen, klassisch und elegant, bequeme Installation und Wartung;Angemessene Struktur, niedrige Betriebs- und Wartungskosten.Bis zu 130 lm\/w, konform mit intelligentem Steuerungssystem, geeignet f\u00fcr Wohngebiete, Aussichtspunkte, Parks, st\u00e4dtische Pl\u00e4tze, private G\u00e4rten, Innenh\u00f6fe, Korridore und andere \u00f6ffentliche Orte.\" \/>\n<meta property=\"og:url\" content=\"https:\/\/www.zhgdled.com\/de\/top-light.html\" \/>\n<meta property=\"og:site_name\" content=\"ZHL Lichtgruppe\" \/>\n<meta property=\"article:publisher\" content=\"https:\/\/www.facebook.com\/zhllightinggroup\" \/>\n<meta property=\"article:modified_time\" content=\"2022-07-15T00:12:02+00:00\" \/>\n<meta property=\"og:image\" content=\"https:\/\/www.zhgdled.com\/wp-content\/uploads\/2021\/10\/34.png\" \/>\n\t<meta property=\"og:image:width\" content=\"1600\" \/>\n\t<meta property=\"og:image:height\" content=\"1600\" \/>\n\t<meta property=\"og:image:type\" content=\"image\/png\" \/>\n<meta name=\"twitter:card\" content=\"summary_large_image\" \/>\n<meta name=\"twitter:site\" content=\"@zhl_lighting\" \/>\n<meta name=\"twitter:label1\" content=\"Gesch\u00e4tzte Lesezeit\" \/>\n\t<meta name=\"twitter:data1\" content=\"1\u00a0Minute\" \/>\n<script type=\"application\/ld+json\" class=\"yoast-schema-graph\">{\"@context\":\"https:\\\/\\\/schema.org\",\"@graph\":[{\"@type\":\"WebPage\",\"@id\":\"https:\\\/\\\/www.zhgdled.com\\\/de\\\/top-light.html\",\"url\":\"https:\\\/\\\/www.zhgdled.com\\\/de\\\/top-light.html\",\"name\":\"Oberlicht f\u00fcr Garten und Korridor &#8211; ZHL Lichtgruppe\",\"isPartOf\":{\"@id\":\"https:\\\/\\\/www.zhgdled.com\\\/de\\\/#website\"},\"primaryImageOfPage\":{\"@id\":\"https:\\\/\\\/www.zhgdled.com\\\/de\\\/top-light.html#primaryimage\"},\"image\":{\"@id\":\"https:\\\/\\\/www.zhgdled.com\\\/de\\\/top-light.html#primaryimage\"},\"thumbnailUrl\":\"https:\\\/\\\/www.zhgdled.com\\\/wp-content\\\/uploads\\\/2021\\\/10\\\/34.png\",\"datePublished\":\"2021-10-14T05:56:54+00:00\",\"dateModified\":\"2022-07-15T00:12:02+00:00\",\"description\":\"Verschiedene Formen, klassisch und elegant, bequeme Installation und Wartung;Angemessene Struktur, niedrige Betriebs- und Wartungskosten.Bis zu 130 lm\\\/w, konform mit intelligentem Steuerungssystem, geeignet f\u00fcr Wohngebiete, Aussichtspunkte, Parks, st\u00e4dtische Pl\u00e4tze, private G\u00e4rten, Innenh\u00f6fe, Korridore und andere \u00f6ffentliche Orte.\",\"breadcrumb\":{\"@id\":\"https:\\\/\\\/www.zhgdled.com\\\/de\\\/top-light.html#breadcrumb\"},\"inLanguage\":\"de\",\"potentialAction\":[{\"@type\":\"ReadAction\",\"target\":[\"https:\\\/\\\/www.zhgdled.com\\\/de\\\/top-light.html\"]}]},{\"@type\":\"ImageObject\",\"inLanguage\":\"de\",\"@id\":\"https:\\\/\\\/www.zhgdled.com\\\/de\\\/top-light.html#primaryimage\",\"url\":\"https:\\\/\\\/www.zhgdled.com\\\/wp-content\\\/uploads\\\/2021\\\/10\\\/34.png\",\"contentUrl\":\"https:\\\/\\\/www.zhgdled.com\\\/wp-content\\\/uploads\\\/2021\\\/10\\\/34.png\",\"width\":1600,\"height\":1600,\"caption\":\"garden post top light\"},{\"@type\":\"BreadcrumbList\",\"@id\":\"https:\\\/\\\/www.zhgdled.com\\\/de\\\/top-light.html#breadcrumb\",\"itemListElement\":[{\"@type\":\"ListItem\",\"position\":1,\"name\":\"Home\",\"item\":\"https:\\\/\\\/www.zhgdled.com\\\/de\"},{\"@type\":\"ListItem\",\"position\":2,\"name\":\"PRODUCTS\",\"item\":\"https:\\\/\\\/www.zhgdled.com\\\/zhl-products.html\"},{\"@type\":\"ListItem\",\"position\":3,\"name\":\"Oberlicht f\u00fcr Garten und Korridor\"}]},{\"@type\":\"WebSite\",\"@id\":\"https:\\\/\\\/www.zhgdled.com\\\/de\\\/#website\",\"url\":\"https:\\\/\\\/www.zhgdled.com\\\/de\\\/\",\"name\":\"ZHL Lichtgruppe\",\"description\":\"Top ranking industrial lighting manufacturer and exporter\",\"publisher\":{\"@id\":\"https:\\\/\\\/www.zhgdled.com\\\/de\\\/#organization\"},\"potentialAction\":[{\"@type\":\"SearchAction\",\"target\":{\"@type\":\"EntryPoint\",\"urlTemplate\":\"https:\\\/\\\/www.zhgdled.com\\\/de\\\/?s={search_term_string}\"},\"query-input\":{\"@type\":\"PropertyValueSpecification\",\"valueRequired\":true,\"valueName\":\"search_term_string\"}}],\"inLanguage\":\"de\"},{\"@type\":\"Organization\",\"@id\":\"https:\\\/\\\/www.zhgdled.com\\\/de\\\/#organization\",\"name\":\"ZHL Lighting Group\",\"url\":\"https:\\\/\\\/www.zhgdled.com\\\/de\\\/\",\"logo\":{\"@type\":\"ImageObject\",\"inLanguage\":\"de\",\"@id\":\"https:\\\/\\\/www.zhgdled.com\\\/de\\\/#\\\/schema\\\/logo\\\/image\\\/\",\"url\":\"\",\"contentUrl\":\"\",\"caption\":\"ZHL Lighting Group\"},\"image\":{\"@id\":\"https:\\\/\\\/www.zhgdled.com\\\/de\\\/#\\\/schema\\\/logo\\\/image\\\/\"},\"sameAs\":[\"https:\\\/\\\/www.facebook.com\\\/zhllightinggroup\",\"https:\\\/\\\/x.com\\\/zhl_lighting\"]}]}<\/script>\n<!-- \/ Yoast SEO plugin. -->","yoast_head_json":{"title":"Oberlicht f\u00fcr Garten und Korridor &#8211; ZHL Lichtgruppe","description":"Verschiedene Formen, klassisch und elegant, bequeme Installation und Wartung;Angemessene Struktur, niedrige Betriebs- und Wartungskosten.Bis zu 130 lm\/w, konform mit intelligentem Steuerungssystem, geeignet f\u00fcr Wohngebiete, Aussichtspunkte, Parks, st\u00e4dtische Pl\u00e4tze, private G\u00e4rten, Innenh\u00f6fe, Korridore und andere \u00f6ffentliche Orte.","robots":{"index":"index","follow":"follow","max-snippet":"max-snippet:-1","max-image-preview":"max-image-preview:large","max-video-preview":"max-video-preview:-1"},"canonical":"https:\/\/www.zhgdled.com\/de\/top-light.html","og_locale":"de_DE","og_type":"article","og_title":"Oberlicht f\u00fcr Garten und Korridor &#8211; ZHL Lichtgruppe","og_description":"Verschiedene Formen, klassisch und elegant, bequeme Installation und Wartung;Angemessene Struktur, niedrige Betriebs- und Wartungskosten.Bis zu 130 lm\/w, konform mit intelligentem Steuerungssystem, geeignet f\u00fcr Wohngebiete, Aussichtspunkte, Parks, st\u00e4dtische Pl\u00e4tze, private G\u00e4rten, Innenh\u00f6fe, Korridore und andere \u00f6ffentliche Orte.","og_url":"https:\/\/www.zhgdled.com\/de\/top-light.html","og_site_name":"ZHL Lichtgruppe","article_publisher":"https:\/\/www.facebook.com\/zhllightinggroup","article_modified_time":"2022-07-15T00:12:02+00:00","og_image":[{"width":1600,"height":1600,"url":"https:\/\/www.zhgdled.com\/wp-content\/uploads\/2021\/10\/34.png","type":"image\/png"}],"twitter_card":"summary_large_image","twitter_site":"@zhl_lighting","twitter_misc":{"Gesch\u00e4tzte Lesezeit":"1\u00a0Minute"},"schema":{"@context":"https:\/\/schema.org","@graph":[{"@type":"WebPage","@id":"https:\/\/www.zhgdled.com\/de\/top-light.html","url":"https:\/\/www.zhgdled.com\/de\/top-light.html","name":"Oberlicht f\u00fcr Garten und Korridor &#8211; ZHL Lichtgruppe","isPartOf":{"@id":"https:\/\/www.zhgdled.com\/de\/#website"},"primaryImageOfPage":{"@id":"https:\/\/www.zhgdled.com\/de\/top-light.html#primaryimage"},"image":{"@id":"https:\/\/www.zhgdled.com\/de\/top-light.html#primaryimage"},"thumbnailUrl":"https:\/\/www.zhgdled.com\/wp-content\/uploads\/2021\/10\/34.png","datePublished":"2021-10-14T05:56:54+00:00","dateModified":"2022-07-15T00:12:02+00:00","description":"Verschiedene Formen, klassisch und elegant, bequeme Installation und Wartung;Angemessene Struktur, niedrige Betriebs- und Wartungskosten.Bis zu 130 lm\/w, konform mit intelligentem Steuerungssystem, geeignet f\u00fcr Wohngebiete, Aussichtspunkte, Parks, st\u00e4dtische Pl\u00e4tze, private G\u00e4rten, Innenh\u00f6fe, Korridore und andere \u00f6ffentliche Orte.","breadcrumb":{"@id":"https:\/\/www.zhgdled.com\/de\/top-light.html#breadcrumb"},"inLanguage":"de","potentialAction":[{"@type":"ReadAction","target":["https:\/\/www.zhgdled.com\/de\/top-light.html"]}]},{"@type":"ImageObject","inLanguage":"de","@id":"https:\/\/www.zhgdled.com\/de\/top-light.html#primaryimage","url":"https:\/\/www.zhgdled.com\/wp-content\/uploads\/2021\/10\/34.png","contentUrl":"https:\/\/www.zhgdled.com\/wp-content\/uploads\/2021\/10\/34.png","width":1600,"height":1600,"caption":"garden post top light"},{"@type":"BreadcrumbList","@id":"https:\/\/www.zhgdled.com\/de\/top-light.html#breadcrumb","itemListElement":[{"@type":"ListItem","position":1,"name":"Home","item":"https:\/\/www.zhgdled.com\/de"},{"@type":"ListItem","position":2,"name":"PRODUCTS","item":"https:\/\/www.zhgdled.com\/zhl-products.html"},{"@type":"ListItem","position":3,"name":"Oberlicht f\u00fcr Garten und Korridor"}]},{"@type":"WebSite","@id":"https:\/\/www.zhgdled.com\/de\/#website","url":"https:\/\/www.zhgdled.com\/de\/","name":"ZHL Lichtgruppe","description":"Top ranking industrial lighting manufacturer and exporter","publisher":{"@id":"https:\/\/www.zhgdled.com\/de\/#organization"},"potentialAction":[{"@type":"SearchAction","target":{"@type":"EntryPoint","urlTemplate":"https:\/\/www.zhgdled.com\/de\/?s={search_term_string}"},"query-input":{"@type":"PropertyValueSpecification","valueRequired":true,"valueName":"search_term_string"}}],"inLanguage":"de"},{"@type":"Organization","@id":"https:\/\/www.zhgdled.com\/de\/#organization","name":"ZHL Lighting Group","url":"https:\/\/www.zhgdled.com\/de\/","logo":{"@type":"ImageObject","inLanguage":"de","@id":"https:\/\/www.zhgdled.com\/de\/#\/schema\/logo\/image\/","url":"","contentUrl":"","caption":"ZHL Lighting Group"},"image":{"@id":"https:\/\/www.zhgdled.com\/de\/#\/schema\/logo\/image\/"},"sameAs":["https:\/\/www.facebook.com\/zhllightinggroup","https:\/\/x.com\/zhl_lighting"]}]}},"_links":{"self":[{"href":"https:\/\/www.zhgdled.com\/de\/wp-json\/wp\/v2\/product\/12280","targetHints":{"allow":["GET"]}}],"collection":[{"href":"https:\/\/www.zhgdled.com\/de\/wp-json\/wp\/v2\/product"}],"about":[{"href":"https:\/\/www.zhgdled.com\/de\/wp-json\/wp\/v2\/types\/product"}],"wp:featuredmedia":[{"embeddable":true,"href":"https:\/\/www.zhgdled.com\/de\/wp-json\/wp\/v2\/media\/13644"}],"wp:attachment":[{"href":"https:\/\/www.zhgdled.com\/de\/wp-json\/wp\/v2\/media?parent=12280"}],"wp:term":[{"taxonomy":"product_brand","embeddable":true,"href":"https:\/\/www.zhgdled.com\/de\/wp-json\/wp\/v2\/product_brand?post=12280"},{"taxonomy":"product_cat","embeddable":true,"href":"https:\/\/www.zhgdled.com\/de\/wp-json\/wp\/v2\/product_cat?post=12280"},{"taxonomy":"product_tag","embeddable":true,"href":"https:\/\/www.zhgdled.com\/de\/wp-json\/wp\/v2\/product_tag?post=12280"}],"curies":[{"name":"wp","href":"https:\/\/api.w.org\/{rel}","templated":true}]}}