{"id":12286,"date":"2021-11-01T14:55:10","date_gmt":"2021-11-01T06:55:10","guid":{"rendered":"https:\/\/www.zhgdled.com\/product\/split-panel-solar-street-light"},"modified":"2022-08-24T09:18:24","modified_gmt":"2022-08-24T01:18:24","slug":"split-panel-solar-street-light","status":"publish","type":"product","link":"https:\/\/www.zhgdled.com\/de\/split-panel-solar-street-light.html","title":{"rendered":"Split Panel Solar Stra\u00dfenlaterne"},"content":{"rendered":"<p>Eine geteilte Art von Solarstra\u00dfenbeleuchtung bedeutet, dass Solarmodule, Batterien und LED-Lampen alle separat entworfen werden. Anders als die integrierte Stra\u00dfenlaterne und die All-in-Two-Solar-Stra\u00dfenlaterne ist die geteilte Solar-Stra\u00dfenlaterne eine flexible Kombination mit jeder Komponente mit unterschiedlichen Kapazit\u00e4ten.<\/p>\n<p>Schnelle Details<\/p>\n<p>Leistung: 20 W 30 W 50 W 80 W 100 W<br \/>\nLED: SMD 3030<br \/>\nFarbtemperatur (CCT): 3000K-6500K<br \/>\nLichtausbeute (lm\/W): 160 lm\/W<br \/>\nEingangsspannung (V): DC3.2\/DC6.4<br \/>\nPF: &gt; 0,9<br \/>\nCRI (Ra&gt;): 70<br \/>\nAbstrahlwinkel (\u00b0): 80-150<br \/>\nIP-Klasse: IP65<br \/>\nMaterial: Aluminiumk\u00f6rper + Abdeckung aus geh\u00e4rtetem Glas<br \/>\nArbeitstemperatur (\u2103): -20-60<br \/>\nGarantie (Jahr): 2 Jahre<br \/>\nZertifizierung: CB<\/p>\n<p>Treiber: Zhihe Nicht dimmbar<\/p>\n<p><img decoding=\"async\" class=\"alignnone size-full wp-image-14063\" src=\"https:\/\/www.zhgdled.com\/wp-content\/uploads\/2021\/11\/splitpanelsolar-streetlight1.jpg\" alt=\"\" width=\"766\" height=\"975\" srcset=\"https:\/\/www.zhgdled.com\/wp-content\/uploads\/2021\/11\/splitpanelsolar-streetlight1.jpg 766w, https:\/\/www.zhgdled.com\/wp-content\/uploads\/2021\/11\/splitpanelsolar-streetlight1-236x300.jpg 236w, https:\/\/www.zhgdled.com\/wp-content\/uploads\/2021\/11\/splitpanelsolar-streetlight1-600x764.jpg 600w, https:\/\/www.zhgdled.com\/wp-content\/uploads\/2021\/11\/splitpanelsolar-streetlight1-150x191.jpg 150w\" sizes=\"(max-width: 766px) 100vw, 766px\" \/><\/p>\n","protected":false},"excerpt":{"rendered":"<p>Leistung: 20 W 30 W 50 W 80 W 100 W<br \/>\nLED: SMD 3030<br \/>\nFarbtemperatur (CCT): 3000K-6500K<br \/>\nLichtausbeute (lm\/W): 160 lm\/W<br \/>\nEingangsspannung (V): DC3.2\/DC6.4<br \/>\nPF: &gt; 0,9<br \/>\nCRI (Ra&gt;): 70<br \/>\nAbstrahlwinkel (\u00b0): 80-150<br \/>\nIP-Klasse: IP65<br \/>\nMaterial: Aluminiumk\u00f6rper + Abdeckung aus geh\u00e4rtetem Glas<br \/>\nArbeitstemperatur (\u2103): -20-60<br \/>\nGarantie (Jahr): 2 Jahre<br \/>\nZertifizierung: CB<\/p>\n<p>Treiber: Zhihe Nicht dimmbar<\/p>\n","protected":false},"featured_media":13446,"template":"","meta":[],"product_brand":[],"product_cat":[378],"product_tag":[],"class_list":{"0":"post-12286","1":"product","2":"type-product","3":"status-publish","4":"has-post-thumbnail","6":"product_cat-solar-strassenlaterne","8":"first","9":"instock","10":"shipping-taxable","11":"product-type-simple"},"yoast_head":"<!-- This site is optimized with the Yoast SEO plugin v27.4 - https:\/\/yoast.com\/product\/yoast-seo-wordpress\/ -->\n<title>Split Panel Solar Stra\u00dfenlaterne &#8211; ZHL Lichtgruppe<\/title>\n<meta name=\"description\" content=\"Eine geteilte Art von Solarstra\u00dfenbeleuchtung bedeutet, dass Solarmodule, Batterien und LED-Lampen alle separat entworfen werden. Anders als die integrierte Stra\u00dfenlaterne und die All-in-Two-Solar-Stra\u00dfenlaterne ist die geteilte Solar-Stra\u00dfenlaterne eine flexible Kombination mit jeder Komponente mit unterschiedlichen Kapazit\u00e4ten.\" \/>\n<meta name=\"robots\" content=\"index, follow, max-snippet:-1, max-image-preview:large, max-video-preview:-1\" \/>\n<link rel=\"canonical\" href=\"https:\/\/www.zhgdled.com\/de\/split-panel-solar-street-light.html\" \/>\n<meta property=\"og:locale\" content=\"de_DE\" \/>\n<meta property=\"og:type\" content=\"article\" \/>\n<meta property=\"og:title\" content=\"Split Panel Solar Stra\u00dfenlaterne &#8211; ZHL Lichtgruppe\" \/>\n<meta property=\"og:description\" content=\"Eine geteilte Art von Solarstra\u00dfenbeleuchtung bedeutet, dass Solarmodule, Batterien und LED-Lampen alle separat entworfen werden. Anders als die integrierte Stra\u00dfenlaterne und die All-in-Two-Solar-Stra\u00dfenlaterne ist die geteilte Solar-Stra\u00dfenlaterne eine flexible Kombination mit jeder Komponente mit unterschiedlichen Kapazit\u00e4ten.\" \/>\n<meta property=\"og:url\" content=\"https:\/\/www.zhgdled.com\/de\/split-panel-solar-street-light.html\" \/>\n<meta property=\"og:site_name\" content=\"ZHL Lichtgruppe\" \/>\n<meta property=\"article:publisher\" content=\"https:\/\/www.facebook.com\/zhllightinggroup\" \/>\n<meta property=\"article:modified_time\" content=\"2022-08-24T01:18:24+00:00\" \/>\n<meta property=\"og:image\" content=\"https:\/\/www.zhgdled.com\/wp-content\/uploads\/2021\/11\/16.png\" \/>\n\t<meta property=\"og:image:width\" content=\"1600\" \/>\n\t<meta property=\"og:image:height\" content=\"1600\" \/>\n\t<meta property=\"og:image:type\" content=\"image\/png\" \/>\n<meta name=\"twitter:card\" content=\"summary_large_image\" \/>\n<meta name=\"twitter:site\" content=\"@zhl_lighting\" \/>\n<meta name=\"twitter:label1\" content=\"Gesch\u00e4tzte Lesezeit\" \/>\n\t<meta name=\"twitter:data1\" content=\"1\u00a0Minute\" \/>\n<script type=\"application\/ld+json\" class=\"yoast-schema-graph\">{\"@context\":\"https:\\\/\\\/schema.org\",\"@graph\":[{\"@type\":\"WebPage\",\"@id\":\"https:\\\/\\\/www.zhgdled.com\\\/de\\\/split-panel-solar-street-light.html\",\"url\":\"https:\\\/\\\/www.zhgdled.com\\\/de\\\/split-panel-solar-street-light.html\",\"name\":\"Split Panel Solar Stra\u00dfenlaterne &#8211; ZHL Lichtgruppe\",\"isPartOf\":{\"@id\":\"https:\\\/\\\/www.zhgdled.com\\\/de\\\/#website\"},\"primaryImageOfPage\":{\"@id\":\"https:\\\/\\\/www.zhgdled.com\\\/de\\\/split-panel-solar-street-light.html#primaryimage\"},\"image\":{\"@id\":\"https:\\\/\\\/www.zhgdled.com\\\/de\\\/split-panel-solar-street-light.html#primaryimage\"},\"thumbnailUrl\":\"https:\\\/\\\/www.zhgdled.com\\\/wp-content\\\/uploads\\\/2021\\\/11\\\/16.png\",\"datePublished\":\"2021-11-01T06:55:10+00:00\",\"dateModified\":\"2022-08-24T01:18:24+00:00\",\"description\":\"Eine geteilte Art von Solarstra\u00dfenbeleuchtung bedeutet, dass Solarmodule, Batterien und LED-Lampen alle separat entworfen werden. Anders als die integrierte Stra\u00dfenlaterne und die All-in-Two-Solar-Stra\u00dfenlaterne ist die geteilte Solar-Stra\u00dfenlaterne eine flexible Kombination mit jeder Komponente mit unterschiedlichen Kapazit\u00e4ten.\",\"breadcrumb\":{\"@id\":\"https:\\\/\\\/www.zhgdled.com\\\/de\\\/split-panel-solar-street-light.html#breadcrumb\"},\"inLanguage\":\"de\",\"potentialAction\":[{\"@type\":\"ReadAction\",\"target\":[\"https:\\\/\\\/www.zhgdled.com\\\/de\\\/split-panel-solar-street-light.html\"]}]},{\"@type\":\"ImageObject\",\"inLanguage\":\"de\",\"@id\":\"https:\\\/\\\/www.zhgdled.com\\\/de\\\/split-panel-solar-street-light.html#primaryimage\",\"url\":\"https:\\\/\\\/www.zhgdled.com\\\/wp-content\\\/uploads\\\/2021\\\/11\\\/16.png\",\"contentUrl\":\"https:\\\/\\\/www.zhgdled.com\\\/wp-content\\\/uploads\\\/2021\\\/11\\\/16.png\",\"width\":1600,\"height\":1600,\"caption\":\"luz de rua solar de painel dividido\"},{\"@type\":\"BreadcrumbList\",\"@id\":\"https:\\\/\\\/www.zhgdled.com\\\/de\\\/split-panel-solar-street-light.html#breadcrumb\",\"itemListElement\":[{\"@type\":\"ListItem\",\"position\":1,\"name\":\"Home\",\"item\":\"https:\\\/\\\/www.zhgdled.com\\\/de\"},{\"@type\":\"ListItem\",\"position\":2,\"name\":\"PRODUCTS\",\"item\":\"https:\\\/\\\/www.zhgdled.com\\\/zhl-products.html\"},{\"@type\":\"ListItem\",\"position\":3,\"name\":\"Split Panel Solar Stra\u00dfenlaterne\"}]},{\"@type\":\"WebSite\",\"@id\":\"https:\\\/\\\/www.zhgdled.com\\\/de\\\/#website\",\"url\":\"https:\\\/\\\/www.zhgdled.com\\\/de\\\/\",\"name\":\"ZHL Lichtgruppe\",\"description\":\"Top ranking industrial lighting manufacturer and exporter\",\"publisher\":{\"@id\":\"https:\\\/\\\/www.zhgdled.com\\\/de\\\/#organization\"},\"potentialAction\":[{\"@type\":\"SearchAction\",\"target\":{\"@type\":\"EntryPoint\",\"urlTemplate\":\"https:\\\/\\\/www.zhgdled.com\\\/de\\\/?s={search_term_string}\"},\"query-input\":{\"@type\":\"PropertyValueSpecification\",\"valueRequired\":true,\"valueName\":\"search_term_string\"}}],\"inLanguage\":\"de\"},{\"@type\":\"Organization\",\"@id\":\"https:\\\/\\\/www.zhgdled.com\\\/de\\\/#organization\",\"name\":\"ZHL Lighting Group\",\"url\":\"https:\\\/\\\/www.zhgdled.com\\\/de\\\/\",\"logo\":{\"@type\":\"ImageObject\",\"inLanguage\":\"de\",\"@id\":\"https:\\\/\\\/www.zhgdled.com\\\/de\\\/#\\\/schema\\\/logo\\\/image\\\/\",\"url\":\"\",\"contentUrl\":\"\",\"caption\":\"ZHL Lighting Group\"},\"image\":{\"@id\":\"https:\\\/\\\/www.zhgdled.com\\\/de\\\/#\\\/schema\\\/logo\\\/image\\\/\"},\"sameAs\":[\"https:\\\/\\\/www.facebook.com\\\/zhllightinggroup\",\"https:\\\/\\\/x.com\\\/zhl_lighting\"]}]}<\/script>\n<!-- \/ Yoast SEO plugin. -->","yoast_head_json":{"title":"Split Panel Solar Stra\u00dfenlaterne &#8211; ZHL Lichtgruppe","description":"Eine geteilte Art von Solarstra\u00dfenbeleuchtung bedeutet, dass Solarmodule, Batterien und LED-Lampen alle separat entworfen werden. Anders als die integrierte Stra\u00dfenlaterne und die All-in-Two-Solar-Stra\u00dfenlaterne ist die geteilte Solar-Stra\u00dfenlaterne eine flexible Kombination mit jeder Komponente mit unterschiedlichen Kapazit\u00e4ten.","robots":{"index":"index","follow":"follow","max-snippet":"max-snippet:-1","max-image-preview":"max-image-preview:large","max-video-preview":"max-video-preview:-1"},"canonical":"https:\/\/www.zhgdled.com\/de\/split-panel-solar-street-light.html","og_locale":"de_DE","og_type":"article","og_title":"Split Panel Solar Stra\u00dfenlaterne &#8211; ZHL Lichtgruppe","og_description":"Eine geteilte Art von Solarstra\u00dfenbeleuchtung bedeutet, dass Solarmodule, Batterien und LED-Lampen alle separat entworfen werden. Anders als die integrierte Stra\u00dfenlaterne und die All-in-Two-Solar-Stra\u00dfenlaterne ist die geteilte Solar-Stra\u00dfenlaterne eine flexible Kombination mit jeder Komponente mit unterschiedlichen Kapazit\u00e4ten.","og_url":"https:\/\/www.zhgdled.com\/de\/split-panel-solar-street-light.html","og_site_name":"ZHL Lichtgruppe","article_publisher":"https:\/\/www.facebook.com\/zhllightinggroup","article_modified_time":"2022-08-24T01:18:24+00:00","og_image":[{"width":1600,"height":1600,"url":"https:\/\/www.zhgdled.com\/wp-content\/uploads\/2021\/11\/16.png","type":"image\/png"}],"twitter_card":"summary_large_image","twitter_site":"@zhl_lighting","twitter_misc":{"Gesch\u00e4tzte Lesezeit":"1\u00a0Minute"},"schema":{"@context":"https:\/\/schema.org","@graph":[{"@type":"WebPage","@id":"https:\/\/www.zhgdled.com\/de\/split-panel-solar-street-light.html","url":"https:\/\/www.zhgdled.com\/de\/split-panel-solar-street-light.html","name":"Split Panel Solar Stra\u00dfenlaterne &#8211; ZHL Lichtgruppe","isPartOf":{"@id":"https:\/\/www.zhgdled.com\/de\/#website"},"primaryImageOfPage":{"@id":"https:\/\/www.zhgdled.com\/de\/split-panel-solar-street-light.html#primaryimage"},"image":{"@id":"https:\/\/www.zhgdled.com\/de\/split-panel-solar-street-light.html#primaryimage"},"thumbnailUrl":"https:\/\/www.zhgdled.com\/wp-content\/uploads\/2021\/11\/16.png","datePublished":"2021-11-01T06:55:10+00:00","dateModified":"2022-08-24T01:18:24+00:00","description":"Eine geteilte Art von Solarstra\u00dfenbeleuchtung bedeutet, dass Solarmodule, Batterien und LED-Lampen alle separat entworfen werden. Anders als die integrierte Stra\u00dfenlaterne und die All-in-Two-Solar-Stra\u00dfenlaterne ist die geteilte Solar-Stra\u00dfenlaterne eine flexible Kombination mit jeder Komponente mit unterschiedlichen Kapazit\u00e4ten.","breadcrumb":{"@id":"https:\/\/www.zhgdled.com\/de\/split-panel-solar-street-light.html#breadcrumb"},"inLanguage":"de","potentialAction":[{"@type":"ReadAction","target":["https:\/\/www.zhgdled.com\/de\/split-panel-solar-street-light.html"]}]},{"@type":"ImageObject","inLanguage":"de","@id":"https:\/\/www.zhgdled.com\/de\/split-panel-solar-street-light.html#primaryimage","url":"https:\/\/www.zhgdled.com\/wp-content\/uploads\/2021\/11\/16.png","contentUrl":"https:\/\/www.zhgdled.com\/wp-content\/uploads\/2021\/11\/16.png","width":1600,"height":1600,"caption":"luz de rua solar de painel dividido"},{"@type":"BreadcrumbList","@id":"https:\/\/www.zhgdled.com\/de\/split-panel-solar-street-light.html#breadcrumb","itemListElement":[{"@type":"ListItem","position":1,"name":"Home","item":"https:\/\/www.zhgdled.com\/de"},{"@type":"ListItem","position":2,"name":"PRODUCTS","item":"https:\/\/www.zhgdled.com\/zhl-products.html"},{"@type":"ListItem","position":3,"name":"Split Panel Solar Stra\u00dfenlaterne"}]},{"@type":"WebSite","@id":"https:\/\/www.zhgdled.com\/de\/#website","url":"https:\/\/www.zhgdled.com\/de\/","name":"ZHL Lichtgruppe","description":"Top ranking industrial lighting manufacturer and exporter","publisher":{"@id":"https:\/\/www.zhgdled.com\/de\/#organization"},"potentialAction":[{"@type":"SearchAction","target":{"@type":"EntryPoint","urlTemplate":"https:\/\/www.zhgdled.com\/de\/?s={search_term_string}"},"query-input":{"@type":"PropertyValueSpecification","valueRequired":true,"valueName":"search_term_string"}}],"inLanguage":"de"},{"@type":"Organization","@id":"https:\/\/www.zhgdled.com\/de\/#organization","name":"ZHL Lighting Group","url":"https:\/\/www.zhgdled.com\/de\/","logo":{"@type":"ImageObject","inLanguage":"de","@id":"https:\/\/www.zhgdled.com\/de\/#\/schema\/logo\/image\/","url":"","contentUrl":"","caption":"ZHL Lighting Group"},"image":{"@id":"https:\/\/www.zhgdled.com\/de\/#\/schema\/logo\/image\/"},"sameAs":["https:\/\/www.facebook.com\/zhllightinggroup","https:\/\/x.com\/zhl_lighting"]}]}},"_links":{"self":[{"href":"https:\/\/www.zhgdled.com\/de\/wp-json\/wp\/v2\/product\/12286","targetHints":{"allow":["GET"]}}],"collection":[{"href":"https:\/\/www.zhgdled.com\/de\/wp-json\/wp\/v2\/product"}],"about":[{"href":"https:\/\/www.zhgdled.com\/de\/wp-json\/wp\/v2\/types\/product"}],"wp:featuredmedia":[{"embeddable":true,"href":"https:\/\/www.zhgdled.com\/de\/wp-json\/wp\/v2\/media\/13446"}],"wp:attachment":[{"href":"https:\/\/www.zhgdled.com\/de\/wp-json\/wp\/v2\/media?parent=12286"}],"wp:term":[{"taxonomy":"product_brand","embeddable":true,"href":"https:\/\/www.zhgdled.com\/de\/wp-json\/wp\/v2\/product_brand?post=12286"},{"taxonomy":"product_cat","embeddable":true,"href":"https:\/\/www.zhgdled.com\/de\/wp-json\/wp\/v2\/product_cat?post=12286"},{"taxonomy":"product_tag","embeddable":true,"href":"https:\/\/www.zhgdled.com\/de\/wp-json\/wp\/v2\/product_tag?post=12286"}],"curies":[{"name":"wp","href":"https:\/\/api.w.org\/{rel}","templated":true}]}}