{"id":12323,"date":"2023-08-21T09:00:39","date_gmt":"2021-10-26T08:40:39","guid":{"rendered":"https:\/\/www.zhgdled.com\/product\/10w-400w-star-series-led-floodlight"},"modified":"2023-02-20T08:44:54","modified_gmt":"2023-02-20T00:44:54","slug":"10w-400w-star-series-led-floodlight","status":"publish","type":"product","link":"https:\/\/www.zhgdled.com\/de\/led-flutlicht-der-star-serie.html","title":{"rendered":"LED Flutlicht der Star-Serie 10W-400W"},"content":{"rendered":"<h2>DAS WIRTSCHAFTLICHSTE FLUTLICHT, DAS ZHL LIGHTING ZU BIETEN HAT<\/h2>\n<ul>\n<li>ZHL Star-Serie mit qualifiziertem Aluminiummaterial und hervorragender W\u00e4rmeableitung, wodurch das LED-Flutlicht langlebiger wird. Das hochbelastbare Geh\u00e4use aus Aluminiumguss und die FCC-Zertifizierung des Flutlichts sorgen f\u00fcr mehr Sicherheit.<\/li>\n<li>Das 10W-400W LED-Flutlicht f\u00fcr den Au\u00dfenbereich hat eine Nennleistung von 1000 Lumen in Kaltwei\u00df 6000K-6500K, wodurch Sie \u00fcber 70% Energie sparen k\u00f6nnen. Kein Schatten oder Blendung, 120 \u00b0 Flutstrahlwinkel sorgen f\u00fcr eine gr\u00f6\u00dfere Bestrahlungsdistanz und bieten ein besseres Nutzungserlebnis.<\/li>\n<li>Die Schutzart IP65 stellt sicher, dass Ihr LED-Au\u00dfenflutlicht in Au\u00dfen- und Innenbeleuchtungsprojekten weit verbreitet ist. Egal wie hart das Wetter ist, der LED-Fluter von Getseason wird damit fertig. ABER NICHT ins Wasser tauchen.<br \/>\nPerfekt f\u00fcr Innen- und Au\u00dfenbereiche wie G\u00e4rten, H\u00f6fe, Villen, Parks, Werbetafeln, D\u00e4cher, Turnhallen, Geb\u00e4ude, Stra\u00dfen, Stra\u00dfen, Pl\u00e4tze, Fabriken usw.<\/li>\n<\/ul>\n<h2>SPEZIFIKATION<\/h2>\n<table>\n<tbody>\n<tr>\n<td><strong>Leistung<\/strong><\/td>\n<td><strong>10W 20W 30W 50W 100W 150W 200W 300W 400W<\/strong><\/td>\n<\/tr>\n<tr>\n<td><strong>LED<\/strong><\/td>\n<td><strong>SMD 2835<\/strong><\/td>\n<\/tr>\n<tr>\n<td><strong>Farbtemperatur (CCT)<\/strong><\/td>\n<td><strong>2700-6500K<\/strong><\/td>\n<\/tr>\n<tr>\n<td><strong>Lichtausbeute (lm\/w)<\/strong><\/td>\n<td><strong>90Lm\/w-110Lm\/w<\/strong><\/td>\n<\/tr>\n<tr>\n<td><strong>Eingangsspannung (V)<\/strong><\/td>\n<td><strong>AC100-240V\/AC220-240V<\/strong><\/td>\n<\/tr>\n<tr>\n<td><strong>PF<\/strong><\/td>\n<td><strong>&gt;0.9<\/strong><\/td>\n<\/tr>\n<tr>\n<td><strong>CRI (Ra)<\/strong><\/td>\n<td><strong>&gt;80<\/strong><\/td>\n<\/tr>\n<tr>\n<td><strong>Abstrahlwinkel (\u00b0)<\/strong><\/td>\n<td><strong>120<\/strong><\/td>\n<\/tr>\n<tr>\n<td><strong>IP-Klasse<\/strong><\/td>\n<td><strong>IP65<\/strong><\/td>\n<\/tr>\n<tr>\n<td><strong>Material<\/strong><\/td>\n<td><strong>Aluminiumgeh\u00e4use + Abdeckung aus geh\u00e4rtetem Glas<\/strong><\/td>\n<\/tr>\n<tr>\n<td><strong>Betriebstemperatur (\u2103)<\/strong><\/td>\n<td><strong>-20-50<\/strong><\/td>\n<\/tr>\n<tr>\n<td><strong>Garantie (Jahr)<\/strong><\/td>\n<td><strong>2\/3\/5 Years<\/strong><\/td>\n<\/tr>\n<tr>\n<td><strong>Zertifizierung<\/strong><\/td>\n<td><strong>CE,ERP,RoHS<\/strong><\/td>\n<\/tr>\n<tr>\n<td><strong>Driver<\/strong><\/td>\n<td><strong>\u00a0DOB\/ ZHL Brand\/ Meanwell<\/strong><\/td>\n<\/tr>\n<\/tbody>\n<\/table>\n<p>&nbsp;<\/p>\n<p>&nbsp;<\/p>\n","protected":false},"excerpt":{"rendered":"<p>Seit 2008 hat das LED-Flutlicht der STAR-Serie 6 Iterationen durchlaufen. Heute wird die STAR-Serie der sechsten Generation in zahlreichen Industrieszenarien in 68 L\u00e4ndern eingesetzt. In Europa werden 100 lm\/w Hochleistungs-Star-Scheinwerfer in Bahnh\u00f6fen, Gedenkpl\u00e4tzen, Kirchen, Schulen, Ausstellungshallen usw. eingesetzt. Im weiten Lateinamerika werden die Scheinwerfer der STAR-Serie auf Freiluftm\u00e4rkten, Fu\u00dfballparks, und Stra\u00dfenbeleuchtung in der Nacht.<\/p>\n<p>&nbsp;<\/p>\n<ul>\n<li>10W\/20W\/30W\/50W\/100W\/150W\/200W\/300W\/400W<\/li>\n<li>CE\/LVD\/EMV\/ERP\/ROHS\/SAA\/ETL\/C-TICK<\/li>\n<li>SMD2835<\/li>\n<li>90lm\/w-110lm\/w<\/li>\n<li>PF &gt; 0,9<\/li>\n<li>CRI: &gt;80<\/li>\n<li>Abstrahlwinkel: 120\u00b0<\/li>\n<li>IP65<\/li>\n<li>Aluminiumgeh\u00e4use, Linse aus geh\u00e4rtetem Glas<\/li>\n<\/ul>\n","protected":false},"featured_media":13349,"template":"","meta":[],"product_brand":[],"product_cat":[612],"product_tag":[460],"class_list":{"0":"post-12323","1":"product","2":"type-product","3":"status-publish","4":"has-post-thumbnail","6":"product_cat-led-flood-light-de","7":"product_tag-led-flood-light-de","9":"first","10":"instock","11":"featured","12":"shipping-taxable","13":"product-type-simple"},"yoast_head":"<!-- This site is optimized with the Yoast SEO plugin v27.4 - https:\/\/yoast.com\/product\/yoast-seo-wordpress\/ -->\n<title>LED Flutlicht der Star-Serie 10W-400W &#8211; ZHL Lichtgruppe<\/title>\n<meta name=\"description\" content=\"Sicherheitslicht f\u00fcr den Au\u00dfenbereich mit qualifiziertem Aluminiummaterial und hervorragender W\u00e4rmeableitung, wodurch das LED Flutlicht langlebiger wird.\" \/>\n<meta name=\"robots\" content=\"index, follow, max-snippet:-1, max-image-preview:large, max-video-preview:-1\" \/>\n<link rel=\"canonical\" href=\"https:\/\/www.zhgdled.com\/de\/led-flutlicht-der-star-serie.html\" \/>\n<meta property=\"og:locale\" content=\"de_DE\" \/>\n<meta property=\"og:type\" content=\"article\" \/>\n<meta property=\"og:title\" content=\"LED Flutlicht der Star-Serie 10W-400W &#8211; ZHL Lichtgruppe\" \/>\n<meta property=\"og:description\" content=\"Sicherheitslicht f\u00fcr den Au\u00dfenbereich mit qualifiziertem Aluminiummaterial und hervorragender W\u00e4rmeableitung, wodurch das LED Flutlicht langlebiger wird.\" \/>\n<meta property=\"og:url\" content=\"https:\/\/www.zhgdled.com\/de\/led-flutlicht-der-star-serie.html\" \/>\n<meta property=\"og:site_name\" content=\"ZHL Lichtgruppe\" \/>\n<meta property=\"article:publisher\" content=\"https:\/\/www.facebook.com\/zhllightinggroup\" \/>\n<meta property=\"article:modified_time\" content=\"2023-02-20T00:44:54+00:00\" \/>\n<meta property=\"og:image\" content=\"https:\/\/www.zhgdled.com\/wp-content\/uploads\/2021\/10\/8-1.png\" \/>\n\t<meta property=\"og:image:width\" content=\"1600\" \/>\n\t<meta property=\"og:image:height\" content=\"1600\" \/>\n\t<meta property=\"og:image:type\" content=\"image\/png\" \/>\n<meta name=\"twitter:card\" content=\"summary_large_image\" \/>\n<meta name=\"twitter:site\" content=\"@zhl_lighting\" \/>\n<meta name=\"twitter:label1\" content=\"Gesch\u00e4tzte Lesezeit\" \/>\n\t<meta name=\"twitter:data1\" content=\"1\u00a0Minute\" \/>\n<script type=\"application\/ld+json\" class=\"yoast-schema-graph\">{\"@context\":\"https:\\\/\\\/schema.org\",\"@graph\":[{\"@type\":[\"WebPage\",\"ItemPage\"],\"@id\":\"https:\\\/\\\/www.zhgdled.com\\\/de\\\/led-flutlicht-der-star-serie.html\",\"url\":\"https:\\\/\\\/www.zhgdled.com\\\/de\\\/led-flutlicht-der-star-serie.html\",\"name\":\"LED Flutlicht der Star-Serie 10W-400W &#8211; ZHL Lichtgruppe\",\"isPartOf\":{\"@id\":\"https:\\\/\\\/www.zhgdled.com\\\/de\\\/#website\"},\"primaryImageOfPage\":{\"@id\":\"https:\\\/\\\/www.zhgdled.com\\\/de\\\/led-flutlicht-der-star-serie.html#primaryimage\"},\"image\":{\"@id\":\"https:\\\/\\\/www.zhgdled.com\\\/de\\\/led-flutlicht-der-star-serie.html#primaryimage\"},\"thumbnailUrl\":\"https:\\\/\\\/www.zhgdled.com\\\/wp-content\\\/uploads\\\/2021\\\/10\\\/8-1.png\",\"datePublished\":\"2021-10-26T08:40:39+00:00\",\"dateModified\":\"2023-02-20T00:44:54+00:00\",\"description\":\"Sicherheitslicht f\u00fcr den Au\u00dfenbereich mit qualifiziertem Aluminiummaterial und hervorragender W\u00e4rmeableitung, wodurch das LED Flutlicht langlebiger wird.\",\"breadcrumb\":{\"@id\":\"https:\\\/\\\/www.zhgdled.com\\\/de\\\/led-flutlicht-der-star-serie.html#breadcrumb\"},\"inLanguage\":\"de\",\"potentialAction\":[{\"@type\":\"ReadAction\",\"target\":[\"https:\\\/\\\/www.zhgdled.com\\\/de\\\/led-flutlicht-der-star-serie.html\"]}]},{\"@type\":\"ImageObject\",\"inLanguage\":\"de\",\"@id\":\"https:\\\/\\\/www.zhgdled.com\\\/de\\\/led-flutlicht-der-star-serie.html#primaryimage\",\"url\":\"https:\\\/\\\/www.zhgdled.com\\\/wp-content\\\/uploads\\\/2021\\\/10\\\/8-1.png\",\"contentUrl\":\"https:\\\/\\\/www.zhgdled.com\\\/wp-content\\\/uploads\\\/2021\\\/10\\\/8-1.png\",\"width\":1600,\"height\":1600,\"caption\":\"Star series LED flood Light\"},{\"@type\":\"BreadcrumbList\",\"@id\":\"https:\\\/\\\/www.zhgdled.com\\\/de\\\/led-flutlicht-der-star-serie.html#breadcrumb\",\"itemListElement\":[{\"@type\":\"ListItem\",\"position\":1,\"name\":\"Home\",\"item\":\"https:\\\/\\\/www.zhgdled.com\\\/de\"},{\"@type\":\"ListItem\",\"position\":2,\"name\":\"PRODUCTS\",\"item\":\"https:\\\/\\\/www.zhgdled.com\\\/zhl-products.html\"},{\"@type\":\"ListItem\",\"position\":3,\"name\":\"LED Flutlicht der Star-Serie 10W-400W\"}]},{\"@type\":\"WebSite\",\"@id\":\"https:\\\/\\\/www.zhgdled.com\\\/de\\\/#website\",\"url\":\"https:\\\/\\\/www.zhgdled.com\\\/de\\\/\",\"name\":\"ZHL Lichtgruppe\",\"description\":\"Top ranking industrial lighting manufacturer and exporter\",\"publisher\":{\"@id\":\"https:\\\/\\\/www.zhgdled.com\\\/de\\\/#organization\"},\"potentialAction\":[{\"@type\":\"SearchAction\",\"target\":{\"@type\":\"EntryPoint\",\"urlTemplate\":\"https:\\\/\\\/www.zhgdled.com\\\/de\\\/?s={search_term_string}\"},\"query-input\":{\"@type\":\"PropertyValueSpecification\",\"valueRequired\":true,\"valueName\":\"search_term_string\"}}],\"inLanguage\":\"de\"},{\"@type\":\"Organization\",\"@id\":\"https:\\\/\\\/www.zhgdled.com\\\/de\\\/#organization\",\"name\":\"ZHL Lighting Group\",\"url\":\"https:\\\/\\\/www.zhgdled.com\\\/de\\\/\",\"logo\":{\"@type\":\"ImageObject\",\"inLanguage\":\"de\",\"@id\":\"https:\\\/\\\/www.zhgdled.com\\\/de\\\/#\\\/schema\\\/logo\\\/image\\\/\",\"url\":\"\",\"contentUrl\":\"\",\"caption\":\"ZHL Lighting Group\"},\"image\":{\"@id\":\"https:\\\/\\\/www.zhgdled.com\\\/de\\\/#\\\/schema\\\/logo\\\/image\\\/\"},\"sameAs\":[\"https:\\\/\\\/www.facebook.com\\\/zhllightinggroup\",\"https:\\\/\\\/x.com\\\/zhl_lighting\"]}]}<\/script>\n<!-- \/ Yoast SEO plugin. -->","yoast_head_json":{"title":"LED Flutlicht der Star-Serie 10W-400W &#8211; ZHL Lichtgruppe","description":"Sicherheitslicht f\u00fcr den Au\u00dfenbereich mit qualifiziertem Aluminiummaterial und hervorragender W\u00e4rmeableitung, wodurch das LED Flutlicht langlebiger wird.","robots":{"index":"index","follow":"follow","max-snippet":"max-snippet:-1","max-image-preview":"max-image-preview:large","max-video-preview":"max-video-preview:-1"},"canonical":"https:\/\/www.zhgdled.com\/de\/led-flutlicht-der-star-serie.html","og_locale":"de_DE","og_type":"article","og_title":"LED Flutlicht der Star-Serie 10W-400W &#8211; ZHL Lichtgruppe","og_description":"Sicherheitslicht f\u00fcr den Au\u00dfenbereich mit qualifiziertem Aluminiummaterial und hervorragender W\u00e4rmeableitung, wodurch das LED Flutlicht langlebiger wird.","og_url":"https:\/\/www.zhgdled.com\/de\/led-flutlicht-der-star-serie.html","og_site_name":"ZHL Lichtgruppe","article_publisher":"https:\/\/www.facebook.com\/zhllightinggroup","article_modified_time":"2023-02-20T00:44:54+00:00","og_image":[{"width":1600,"height":1600,"url":"https:\/\/www.zhgdled.com\/wp-content\/uploads\/2021\/10\/8-1.png","type":"image\/png"}],"twitter_card":"summary_large_image","twitter_site":"@zhl_lighting","twitter_misc":{"Gesch\u00e4tzte Lesezeit":"1\u00a0Minute"},"schema":{"@context":"https:\/\/schema.org","@graph":[{"@type":["WebPage","ItemPage"],"@id":"https:\/\/www.zhgdled.com\/de\/led-flutlicht-der-star-serie.html","url":"https:\/\/www.zhgdled.com\/de\/led-flutlicht-der-star-serie.html","name":"LED Flutlicht der Star-Serie 10W-400W &#8211; ZHL Lichtgruppe","isPartOf":{"@id":"https:\/\/www.zhgdled.com\/de\/#website"},"primaryImageOfPage":{"@id":"https:\/\/www.zhgdled.com\/de\/led-flutlicht-der-star-serie.html#primaryimage"},"image":{"@id":"https:\/\/www.zhgdled.com\/de\/led-flutlicht-der-star-serie.html#primaryimage"},"thumbnailUrl":"https:\/\/www.zhgdled.com\/wp-content\/uploads\/2021\/10\/8-1.png","datePublished":"2021-10-26T08:40:39+00:00","dateModified":"2023-02-20T00:44:54+00:00","description":"Sicherheitslicht f\u00fcr den Au\u00dfenbereich mit qualifiziertem Aluminiummaterial und hervorragender W\u00e4rmeableitung, wodurch das LED Flutlicht langlebiger wird.","breadcrumb":{"@id":"https:\/\/www.zhgdled.com\/de\/led-flutlicht-der-star-serie.html#breadcrumb"},"inLanguage":"de","potentialAction":[{"@type":"ReadAction","target":["https:\/\/www.zhgdled.com\/de\/led-flutlicht-der-star-serie.html"]}]},{"@type":"ImageObject","inLanguage":"de","@id":"https:\/\/www.zhgdled.com\/de\/led-flutlicht-der-star-serie.html#primaryimage","url":"https:\/\/www.zhgdled.com\/wp-content\/uploads\/2021\/10\/8-1.png","contentUrl":"https:\/\/www.zhgdled.com\/wp-content\/uploads\/2021\/10\/8-1.png","width":1600,"height":1600,"caption":"Star series LED flood Light"},{"@type":"BreadcrumbList","@id":"https:\/\/www.zhgdled.com\/de\/led-flutlicht-der-star-serie.html#breadcrumb","itemListElement":[{"@type":"ListItem","position":1,"name":"Home","item":"https:\/\/www.zhgdled.com\/de"},{"@type":"ListItem","position":2,"name":"PRODUCTS","item":"https:\/\/www.zhgdled.com\/zhl-products.html"},{"@type":"ListItem","position":3,"name":"LED Flutlicht der Star-Serie 10W-400W"}]},{"@type":"WebSite","@id":"https:\/\/www.zhgdled.com\/de\/#website","url":"https:\/\/www.zhgdled.com\/de\/","name":"ZHL Lichtgruppe","description":"Top ranking industrial lighting manufacturer and exporter","publisher":{"@id":"https:\/\/www.zhgdled.com\/de\/#organization"},"potentialAction":[{"@type":"SearchAction","target":{"@type":"EntryPoint","urlTemplate":"https:\/\/www.zhgdled.com\/de\/?s={search_term_string}"},"query-input":{"@type":"PropertyValueSpecification","valueRequired":true,"valueName":"search_term_string"}}],"inLanguage":"de"},{"@type":"Organization","@id":"https:\/\/www.zhgdled.com\/de\/#organization","name":"ZHL Lighting Group","url":"https:\/\/www.zhgdled.com\/de\/","logo":{"@type":"ImageObject","inLanguage":"de","@id":"https:\/\/www.zhgdled.com\/de\/#\/schema\/logo\/image\/","url":"","contentUrl":"","caption":"ZHL Lighting Group"},"image":{"@id":"https:\/\/www.zhgdled.com\/de\/#\/schema\/logo\/image\/"},"sameAs":["https:\/\/www.facebook.com\/zhllightinggroup","https:\/\/x.com\/zhl_lighting"]}]}},"_links":{"self":[{"href":"https:\/\/www.zhgdled.com\/de\/wp-json\/wp\/v2\/product\/12323","targetHints":{"allow":["GET"]}}],"collection":[{"href":"https:\/\/www.zhgdled.com\/de\/wp-json\/wp\/v2\/product"}],"about":[{"href":"https:\/\/www.zhgdled.com\/de\/wp-json\/wp\/v2\/types\/product"}],"wp:featuredmedia":[{"embeddable":true,"href":"https:\/\/www.zhgdled.com\/de\/wp-json\/wp\/v2\/media\/13349"}],"wp:attachment":[{"href":"https:\/\/www.zhgdled.com\/de\/wp-json\/wp\/v2\/media?parent=12323"}],"wp:term":[{"taxonomy":"product_brand","embeddable":true,"href":"https:\/\/www.zhgdled.com\/de\/wp-json\/wp\/v2\/product_brand?post=12323"},{"taxonomy":"product_cat","embeddable":true,"href":"https:\/\/www.zhgdled.com\/de\/wp-json\/wp\/v2\/product_cat?post=12323"},{"taxonomy":"product_tag","embeddable":true,"href":"https:\/\/www.zhgdled.com\/de\/wp-json\/wp\/v2\/product_tag?post=12323"}],"curies":[{"name":"wp","href":"https:\/\/api.w.org\/{rel}","templated":true}]}}