{"id":12476,"date":"2022-06-20T16:56:58","date_gmt":"2022-06-20T08:56:58","guid":{"rendered":"https:\/\/www.zhgdled.com\/product\/rechargeable-led-work-light"},"modified":"2023-12-26T10:30:10","modified_gmt":"2023-12-26T02:30:10","slug":"rechargeable-led-work-light","status":"publish","type":"product","link":"https:\/\/www.zhgdled.com\/de\/tragbare-wiederaufladbare-led-arbeitsleuchte.html","title":{"rendered":"Tragbare wiederaufladbare LED Arbeitsleuchte"},"content":{"rendered":"<div class=\"J_module\">\n<div class=\"icbu-pc-detailManyImage magic-1\" data-module-name=\"icbu-pc-detailManyImage\">\n<div class=\"magic-4\">Wiederaufladbare Batterie mit gro\u00dfer Kapazit\u00e4t &#8211; Die LED Arbeitsleuchte mit eingebauten 8 wiederaufladbaren Lithiumbatterien, supergro\u00dfe Batteriekapazit\u00e4t, kann eine lange Leuchtdauer bieten, ohne an das Stromnetz angeschlossen zu werden.<br \/>\n\u2022 Leistung: 30 W\/ 50 W<br \/>\n\u2022 Lichtausbeute: 80 lm\/W \u00b1 10 %<br \/>\n\u2022Lichtquelle: SMD<br \/>\n\u2022Ra: &gt;80\uff0c \u2022Spannung: AC220V-240V<br \/>\n\u2022CCT:2700-6500K<br \/>\n\u2022Material:Aluminiumk\u00f6rper + PC<br \/>\n\u2022Wasserfestigkeit: IP54<br \/>\n\u2022Glash\u00e4rte erreicht IK07<br \/>\n\u2022Zertifizierung: CE, ERP<br \/>\n\u2022Lebensdauer: 30.000 Std<br \/>\n\u2022Individueller EIN\/AUS-Gummischalter<br \/>\n\u2022Garantie: 2 Jahre<br \/>\n\u20222M VDE H05RN-F 3*1.0M\u33a1Gummidraht<br \/>\n\u2022R\u00fcckengriff um 180\u00b0 verstellbar<br \/>\n\u2022Gelten f\u00fcr fabrik, werkstatt, lager, auto<br \/>\n\u2022Reparatur &amp; Outdoor-Party<\/div>\n<\/div>\n<\/div>\n","protected":false},"excerpt":{"rendered":"<p>Wiederaufladbare Batterie mit gro\u00dfer Kapazit\u00e4t &#8211; Die LED-Arbeitsleuchte mit eingebauten 8 wiederaufladbaren Lithiumbatterien, supergro\u00dfe Batteriekapazit\u00e4t, kann eine lange Leuchtdauer bieten, ohne an das Stromnetz angeschlossen zu werden.<\/p>\n<p>&nbsp;<\/p>\n","protected":false},"featured_media":13368,"template":"","meta":[],"product_brand":[],"product_cat":[634],"product_tag":[],"class_list":{"0":"post-12476","1":"product","2":"type-product","3":"status-publish","4":"has-post-thumbnail","6":"product_cat-arbeitsscheinwerfer","8":"first","9":"instock","10":"shipping-taxable","11":"product-type-simple"},"yoast_head":"<!-- This site is optimized with the Yoast SEO plugin v27.4 - https:\/\/yoast.com\/product\/yoast-seo-wordpress\/ -->\n<title>LED Arbeitslicht &#8211; ZHL Lichtgruppe<\/title>\n<meta name=\"description\" content=\"Wiederaufladbare LED Arbeitsleuchte f\u00fcr Werkst\u00e4tten, Studios, Haushalt und Baustellen.\" \/>\n<meta name=\"robots\" content=\"index, follow, max-snippet:-1, max-image-preview:large, max-video-preview:-1\" \/>\n<link rel=\"canonical\" href=\"https:\/\/www.zhgdled.com\/de\/tragbare-wiederaufladbare-led-arbeitsleuchte.html\" \/>\n<meta property=\"og:locale\" content=\"de_DE\" \/>\n<meta property=\"og:type\" content=\"article\" \/>\n<meta property=\"og:title\" content=\"LED Arbeitslicht &#8211; ZHL Lichtgruppe\" \/>\n<meta property=\"og:description\" content=\"Wiederaufladbare LED Arbeitsleuchte f\u00fcr Werkst\u00e4tten, Studios, Haushalt und Baustellen.\" \/>\n<meta property=\"og:url\" content=\"https:\/\/www.zhgdled.com\/de\/tragbare-wiederaufladbare-led-arbeitsleuchte.html\" \/>\n<meta property=\"og:site_name\" content=\"ZHL Lichtgruppe\" \/>\n<meta property=\"article:publisher\" content=\"https:\/\/www.facebook.com\/zhllightinggroup\" \/>\n<meta property=\"article:modified_time\" content=\"2023-12-26T02:30:10+00:00\" \/>\n<meta property=\"og:image\" content=\"https:\/\/www.zhgdled.com\/wp-content\/uploads\/2022\/06\/10.png\" \/>\n\t<meta property=\"og:image:width\" content=\"1600\" \/>\n\t<meta property=\"og:image:height\" content=\"1600\" \/>\n\t<meta property=\"og:image:type\" content=\"image\/png\" \/>\n<meta name=\"twitter:card\" content=\"summary_large_image\" \/>\n<meta name=\"twitter:site\" content=\"@zhl_lighting\" \/>\n<meta name=\"twitter:label1\" content=\"Gesch\u00e4tzte Lesezeit\" \/>\n\t<meta name=\"twitter:data1\" content=\"1\u00a0Minute\" \/>\n<script type=\"application\/ld+json\" class=\"yoast-schema-graph\">{\"@context\":\"https:\\\/\\\/schema.org\",\"@graph\":[{\"@type\":\"WebPage\",\"@id\":\"https:\\\/\\\/www.zhgdled.com\\\/de\\\/tragbare-wiederaufladbare-led-arbeitsleuchte.html\",\"url\":\"https:\\\/\\\/www.zhgdled.com\\\/de\\\/tragbare-wiederaufladbare-led-arbeitsleuchte.html\",\"name\":\"LED Arbeitslicht &#8211; ZHL Lichtgruppe\",\"isPartOf\":{\"@id\":\"https:\\\/\\\/www.zhgdled.com\\\/de\\\/#website\"},\"primaryImageOfPage\":{\"@id\":\"https:\\\/\\\/www.zhgdled.com\\\/de\\\/tragbare-wiederaufladbare-led-arbeitsleuchte.html#primaryimage\"},\"image\":{\"@id\":\"https:\\\/\\\/www.zhgdled.com\\\/de\\\/tragbare-wiederaufladbare-led-arbeitsleuchte.html#primaryimage\"},\"thumbnailUrl\":\"https:\\\/\\\/www.zhgdled.com\\\/wp-content\\\/uploads\\\/2022\\\/06\\\/10.png\",\"datePublished\":\"2022-06-20T08:56:58+00:00\",\"dateModified\":\"2023-12-26T02:30:10+00:00\",\"description\":\"Wiederaufladbare LED Arbeitsleuchte f\u00fcr Werkst\u00e4tten, Studios, Haushalt und Baustellen.\",\"breadcrumb\":{\"@id\":\"https:\\\/\\\/www.zhgdled.com\\\/de\\\/tragbare-wiederaufladbare-led-arbeitsleuchte.html#breadcrumb\"},\"inLanguage\":\"de\",\"potentialAction\":[{\"@type\":\"ReadAction\",\"target\":[\"https:\\\/\\\/www.zhgdled.com\\\/de\\\/tragbare-wiederaufladbare-led-arbeitsleuchte.html\"]}]},{\"@type\":\"ImageObject\",\"inLanguage\":\"de\",\"@id\":\"https:\\\/\\\/www.zhgdled.com\\\/de\\\/tragbare-wiederaufladbare-led-arbeitsleuchte.html#primaryimage\",\"url\":\"https:\\\/\\\/www.zhgdled.com\\\/wp-content\\\/uploads\\\/2022\\\/06\\\/10.png\",\"contentUrl\":\"https:\\\/\\\/www.zhgdled.com\\\/wp-content\\\/uploads\\\/2022\\\/06\\\/10.png\",\"width\":1600,\"height\":1600,\"caption\":\"Luz de trabalho LED recarreg\u00e1vel\"},{\"@type\":\"BreadcrumbList\",\"@id\":\"https:\\\/\\\/www.zhgdled.com\\\/de\\\/tragbare-wiederaufladbare-led-arbeitsleuchte.html#breadcrumb\",\"itemListElement\":[{\"@type\":\"ListItem\",\"position\":1,\"name\":\"Home\",\"item\":\"https:\\\/\\\/www.zhgdled.com\\\/de\"},{\"@type\":\"ListItem\",\"position\":2,\"name\":\"PRODUCTS\",\"item\":\"https:\\\/\\\/www.zhgdled.com\\\/zhl-products.html\"},{\"@type\":\"ListItem\",\"position\":3,\"name\":\"Tragbare wiederaufladbare LED Arbeitsleuchte\"}]},{\"@type\":\"WebSite\",\"@id\":\"https:\\\/\\\/www.zhgdled.com\\\/de\\\/#website\",\"url\":\"https:\\\/\\\/www.zhgdled.com\\\/de\\\/\",\"name\":\"ZHL Lichtgruppe\",\"description\":\"Top ranking industrial lighting manufacturer and exporter\",\"publisher\":{\"@id\":\"https:\\\/\\\/www.zhgdled.com\\\/de\\\/#organization\"},\"potentialAction\":[{\"@type\":\"SearchAction\",\"target\":{\"@type\":\"EntryPoint\",\"urlTemplate\":\"https:\\\/\\\/www.zhgdled.com\\\/de\\\/?s={search_term_string}\"},\"query-input\":{\"@type\":\"PropertyValueSpecification\",\"valueRequired\":true,\"valueName\":\"search_term_string\"}}],\"inLanguage\":\"de\"},{\"@type\":\"Organization\",\"@id\":\"https:\\\/\\\/www.zhgdled.com\\\/de\\\/#organization\",\"name\":\"ZHL Lighting Group\",\"url\":\"https:\\\/\\\/www.zhgdled.com\\\/de\\\/\",\"logo\":{\"@type\":\"ImageObject\",\"inLanguage\":\"de\",\"@id\":\"https:\\\/\\\/www.zhgdled.com\\\/de\\\/#\\\/schema\\\/logo\\\/image\\\/\",\"url\":\"\",\"contentUrl\":\"\",\"caption\":\"ZHL Lighting Group\"},\"image\":{\"@id\":\"https:\\\/\\\/www.zhgdled.com\\\/de\\\/#\\\/schema\\\/logo\\\/image\\\/\"},\"sameAs\":[\"https:\\\/\\\/www.facebook.com\\\/zhllightinggroup\",\"https:\\\/\\\/x.com\\\/zhl_lighting\"]}]}<\/script>\n<!-- \/ Yoast SEO plugin. -->","yoast_head_json":{"title":"LED Arbeitslicht &#8211; ZHL Lichtgruppe","description":"Wiederaufladbare LED Arbeitsleuchte f\u00fcr Werkst\u00e4tten, Studios, Haushalt und Baustellen.","robots":{"index":"index","follow":"follow","max-snippet":"max-snippet:-1","max-image-preview":"max-image-preview:large","max-video-preview":"max-video-preview:-1"},"canonical":"https:\/\/www.zhgdled.com\/de\/tragbare-wiederaufladbare-led-arbeitsleuchte.html","og_locale":"de_DE","og_type":"article","og_title":"LED Arbeitslicht &#8211; ZHL Lichtgruppe","og_description":"Wiederaufladbare LED Arbeitsleuchte f\u00fcr Werkst\u00e4tten, Studios, Haushalt und Baustellen.","og_url":"https:\/\/www.zhgdled.com\/de\/tragbare-wiederaufladbare-led-arbeitsleuchte.html","og_site_name":"ZHL Lichtgruppe","article_publisher":"https:\/\/www.facebook.com\/zhllightinggroup","article_modified_time":"2023-12-26T02:30:10+00:00","og_image":[{"width":1600,"height":1600,"url":"https:\/\/www.zhgdled.com\/wp-content\/uploads\/2022\/06\/10.png","type":"image\/png"}],"twitter_card":"summary_large_image","twitter_site":"@zhl_lighting","twitter_misc":{"Gesch\u00e4tzte Lesezeit":"1\u00a0Minute"},"schema":{"@context":"https:\/\/schema.org","@graph":[{"@type":"WebPage","@id":"https:\/\/www.zhgdled.com\/de\/tragbare-wiederaufladbare-led-arbeitsleuchte.html","url":"https:\/\/www.zhgdled.com\/de\/tragbare-wiederaufladbare-led-arbeitsleuchte.html","name":"LED Arbeitslicht &#8211; ZHL Lichtgruppe","isPartOf":{"@id":"https:\/\/www.zhgdled.com\/de\/#website"},"primaryImageOfPage":{"@id":"https:\/\/www.zhgdled.com\/de\/tragbare-wiederaufladbare-led-arbeitsleuchte.html#primaryimage"},"image":{"@id":"https:\/\/www.zhgdled.com\/de\/tragbare-wiederaufladbare-led-arbeitsleuchte.html#primaryimage"},"thumbnailUrl":"https:\/\/www.zhgdled.com\/wp-content\/uploads\/2022\/06\/10.png","datePublished":"2022-06-20T08:56:58+00:00","dateModified":"2023-12-26T02:30:10+00:00","description":"Wiederaufladbare LED Arbeitsleuchte f\u00fcr Werkst\u00e4tten, Studios, Haushalt und Baustellen.","breadcrumb":{"@id":"https:\/\/www.zhgdled.com\/de\/tragbare-wiederaufladbare-led-arbeitsleuchte.html#breadcrumb"},"inLanguage":"de","potentialAction":[{"@type":"ReadAction","target":["https:\/\/www.zhgdled.com\/de\/tragbare-wiederaufladbare-led-arbeitsleuchte.html"]}]},{"@type":"ImageObject","inLanguage":"de","@id":"https:\/\/www.zhgdled.com\/de\/tragbare-wiederaufladbare-led-arbeitsleuchte.html#primaryimage","url":"https:\/\/www.zhgdled.com\/wp-content\/uploads\/2022\/06\/10.png","contentUrl":"https:\/\/www.zhgdled.com\/wp-content\/uploads\/2022\/06\/10.png","width":1600,"height":1600,"caption":"Luz de trabalho LED recarreg\u00e1vel"},{"@type":"BreadcrumbList","@id":"https:\/\/www.zhgdled.com\/de\/tragbare-wiederaufladbare-led-arbeitsleuchte.html#breadcrumb","itemListElement":[{"@type":"ListItem","position":1,"name":"Home","item":"https:\/\/www.zhgdled.com\/de"},{"@type":"ListItem","position":2,"name":"PRODUCTS","item":"https:\/\/www.zhgdled.com\/zhl-products.html"},{"@type":"ListItem","position":3,"name":"Tragbare wiederaufladbare LED Arbeitsleuchte"}]},{"@type":"WebSite","@id":"https:\/\/www.zhgdled.com\/de\/#website","url":"https:\/\/www.zhgdled.com\/de\/","name":"ZHL Lichtgruppe","description":"Top ranking industrial lighting manufacturer and exporter","publisher":{"@id":"https:\/\/www.zhgdled.com\/de\/#organization"},"potentialAction":[{"@type":"SearchAction","target":{"@type":"EntryPoint","urlTemplate":"https:\/\/www.zhgdled.com\/de\/?s={search_term_string}"},"query-input":{"@type":"PropertyValueSpecification","valueRequired":true,"valueName":"search_term_string"}}],"inLanguage":"de"},{"@type":"Organization","@id":"https:\/\/www.zhgdled.com\/de\/#organization","name":"ZHL Lighting Group","url":"https:\/\/www.zhgdled.com\/de\/","logo":{"@type":"ImageObject","inLanguage":"de","@id":"https:\/\/www.zhgdled.com\/de\/#\/schema\/logo\/image\/","url":"","contentUrl":"","caption":"ZHL Lighting Group"},"image":{"@id":"https:\/\/www.zhgdled.com\/de\/#\/schema\/logo\/image\/"},"sameAs":["https:\/\/www.facebook.com\/zhllightinggroup","https:\/\/x.com\/zhl_lighting"]}]}},"_links":{"self":[{"href":"https:\/\/www.zhgdled.com\/de\/wp-json\/wp\/v2\/product\/12476","targetHints":{"allow":["GET"]}}],"collection":[{"href":"https:\/\/www.zhgdled.com\/de\/wp-json\/wp\/v2\/product"}],"about":[{"href":"https:\/\/www.zhgdled.com\/de\/wp-json\/wp\/v2\/types\/product"}],"wp:featuredmedia":[{"embeddable":true,"href":"https:\/\/www.zhgdled.com\/de\/wp-json\/wp\/v2\/media\/13368"}],"wp:attachment":[{"href":"https:\/\/www.zhgdled.com\/de\/wp-json\/wp\/v2\/media?parent=12476"}],"wp:term":[{"taxonomy":"product_brand","embeddable":true,"href":"https:\/\/www.zhgdled.com\/de\/wp-json\/wp\/v2\/product_brand?post=12476"},{"taxonomy":"product_cat","embeddable":true,"href":"https:\/\/www.zhgdled.com\/de\/wp-json\/wp\/v2\/product_cat?post=12476"},{"taxonomy":"product_tag","embeddable":true,"href":"https:\/\/www.zhgdled.com\/de\/wp-json\/wp\/v2\/product_tag?post=12476"}],"curies":[{"name":"wp","href":"https:\/\/api.w.org\/{rel}","templated":true}]}}