{"id":12500,"date":"2023-11-03T09:02:09","date_gmt":"2021-11-01T06:02:09","guid":{"rendered":"https:\/\/www.zhgdled.com\/product\/smart-series-led-street-light"},"modified":"2023-12-26T10:58:04","modified_gmt":"2023-12-26T02:58:04","slug":"smart-series-led-street-light","status":"publish","type":"product","link":"https:\/\/www.zhgdled.com\/de\/smart-series-led-street-light.html","title":{"rendered":"LED Stra\u00dfenlaterne der Smart Serie"},"content":{"rendered":"<p>Die Stra\u00dfenlaterne der Smart-Serie kann vollst\u00e4ndig netzunabh\u00e4ngig betrieben werden, indem sie mit Solarenergie betrieben wird, und sie gilt auch f\u00fcr die Netzstromversorgung. Besuchen Sie unsere Produktanleitung, um die beste \u00dcbereinstimmung herauszufinden.<\/p>\n<p>&nbsp;<\/p>\n<h2>SPEZIFIKATION<\/h2>\n<table width=\"649\">\n<tbody>\n<tr>\n<td width=\"186\"><\/td>\n<td width=\"463\"><\/td>\n<\/tr>\n<tr>\n<td>Leistung<\/td>\n<td>20W 30W 50W 80W 100W 150W 200W 240W<\/td>\n<\/tr>\n<tr>\n<td>LED<\/td>\n<td>SMD 3030<\/td>\n<\/tr>\n<tr>\n<td>Farbtemperatur (CCT)<\/td>\n<td>3000-6500K<\/td>\n<\/tr>\n<tr>\n<td>Lichtausbeute (lm\/w)<\/td>\n<td>90lm\/w<\/td>\n<\/tr>\n<tr>\n<td>Eingangsspannung (V)<\/td>\n<td>AC100-240V<\/td>\n<\/tr>\n<tr>\n<td>PF<\/td>\n<td>&gt;0.9<\/td>\n<\/tr>\n<tr>\n<td>CRI (Ra&gt;)<\/td>\n<td>80<\/td>\n<\/tr>\n<tr>\n<td>Abstrahlwinkel (\u00b0)<\/td>\n<td>80-150<\/td>\n<\/tr>\n<tr>\n<td>IP-Klasse<\/td>\n<td>IP65<\/td>\n<\/tr>\n<tr>\n<td>Material<\/td>\n<td>Aluminiumgeh\u00e4use + Abdeckung aus geh\u00e4rtetem Glas<\/td>\n<\/tr>\n<tr>\n<td>Arbeitstemperatur (\u2103)<\/td>\n<td>-30-60<\/td>\n<\/tr>\n<tr>\n<td>Garantie (Jahr)<\/td>\n<td>3 Jahr<\/td>\n<\/tr>\n<tr>\n<td>Zertifizierung<\/td>\n<td>CE<\/td>\n<\/tr>\n<tr>\n<td>Driver<\/td>\n<td>CE-Non\u00a0 isolation power supply driver<\/td>\n<\/tr>\n<\/tbody>\n<\/table>\n","protected":false},"excerpt":{"rendered":"<table width=\"649\">\n<tbody>\n<tr>\n<td width=\"186\"><\/td>\n<td width=\"463\"><\/td>\n<\/tr>\n<tr>\n<td>Leistung<\/td>\n<td>20W 30W 50W 80W 100W 150W 200W 240W<\/td>\n<\/tr>\n<tr>\n<td>LED<\/td>\n<td>SMD 3030<\/td>\n<\/tr>\n<tr>\n<td>Farbtemperatur (CCT)<\/td>\n<td>3000-6500K<\/td>\n<\/tr>\n<tr>\n<td>Lichtausbeute (lm\/w)<\/td>\n<td>90lm\/w<\/td>\n<\/tr>\n<tr>\n<td>Eingangsspannung (V)<\/td>\n<td>AC100-240V<\/td>\n<\/tr>\n<tr>\n<td>PF<\/td>\n<td>&gt;0.9<\/td>\n<\/tr>\n<tr>\n<td>CRI (Ra&gt;)<\/td>\n<td>80<\/td>\n<\/tr>\n<tr>\n<td>Abstrahlwinkel (\u00b0)<\/td>\n<td>80-150<\/td>\n<\/tr>\n<tr>\n<td>IP-Klasse<\/td>\n<td>IP65<\/td>\n<\/tr>\n<tr>\n<td>Material<\/td>\n<td>Aluminiumgeh\u00e4use + Abdeckung aus geh\u00e4rtetem Glas<\/td>\n<\/tr>\n<tr>\n<td>Arbeitstemperatur (\u2103)<\/td>\n<td>-30-60<\/td>\n<\/tr>\n<tr>\n<td>Garantie (Jahr)<\/td>\n<td>3 Jahr<\/td>\n<\/tr>\n<tr>\n<td>Zertifizierung<\/td>\n<td>CE<\/td>\n<\/tr>\n<tr>\n<td>Driver<\/td>\n<td>CE-Non\u00a0 isolation power supply driver<\/td>\n<\/tr>\n<\/tbody>\n<\/table>\n","protected":false},"featured_media":20344,"template":"","meta":[],"product_brand":[],"product_cat":[637],"product_tag":[379],"class_list":{"0":"post-12500","1":"product","2":"type-product","3":"status-publish","4":"has-post-thumbnail","6":"product_cat-strassenlichter","7":"product_tag-street-lights-de","9":"first","10":"instock","11":"featured","12":"shipping-taxable","13":"product-type-simple"},"yoast_head":"<!-- This site is optimized with the Yoast SEO plugin v27.4 - https:\/\/yoast.com\/product\/yoast-seo-wordpress\/ -->\n<title>LED Stra\u00dfenlaterne der Smart Serie &#8211; ZHL Lichtgruppe<\/title>\n<meta name=\"description\" content=\"Die Stra\u00dfenlaterne der Smart-Serie kann vollst\u00e4ndig netzunabh\u00e4ngig betrieben werden, indem sie mit Solarenergie betrieben wird, und sie gilt auch f\u00fcr die Netzstromversorgung. Besuchen Sie unsere Produktanleitung, um die beste \u00dcbereinstimmung herauszufinden.\" \/>\n<meta name=\"robots\" content=\"index, follow, max-snippet:-1, max-image-preview:large, max-video-preview:-1\" \/>\n<link rel=\"canonical\" href=\"https:\/\/www.zhgdled.com\/de\/smart-series-led-street-light.html\" \/>\n<meta property=\"og:locale\" content=\"de_DE\" \/>\n<meta property=\"og:type\" content=\"article\" \/>\n<meta property=\"og:title\" content=\"LED Stra\u00dfenlaterne der Smart Serie &#8211; ZHL Lichtgruppe\" \/>\n<meta property=\"og:description\" content=\"Die Stra\u00dfenlaterne der Smart-Serie kann vollst\u00e4ndig netzunabh\u00e4ngig betrieben werden, indem sie mit Solarenergie betrieben wird, und sie gilt auch f\u00fcr die Netzstromversorgung. Besuchen Sie unsere Produktanleitung, um die beste \u00dcbereinstimmung herauszufinden.\" \/>\n<meta property=\"og:url\" content=\"https:\/\/www.zhgdled.com\/de\/smart-series-led-street-light.html\" \/>\n<meta property=\"og:site_name\" content=\"ZHL Lichtgruppe\" \/>\n<meta property=\"article:publisher\" content=\"https:\/\/www.facebook.com\/zhllightinggroup\" \/>\n<meta property=\"article:modified_time\" content=\"2023-12-26T02:58:04+00:00\" \/>\n<meta property=\"og:image\" content=\"https:\/\/www.zhgdled.com\/wp-content\/uploads\/2023\/04\/2-80W.png\" \/>\n\t<meta property=\"og:image:width\" content=\"1600\" \/>\n\t<meta property=\"og:image:height\" content=\"1600\" \/>\n\t<meta property=\"og:image:type\" content=\"image\/png\" \/>\n<meta name=\"twitter:card\" content=\"summary_large_image\" \/>\n<meta name=\"twitter:site\" content=\"@zhl_lighting\" \/>\n<meta name=\"twitter:label1\" content=\"Gesch\u00e4tzte Lesezeit\" \/>\n\t<meta name=\"twitter:data1\" content=\"1\u00a0Minute\" \/>\n<script type=\"application\/ld+json\" class=\"yoast-schema-graph\">{\"@context\":\"https:\\\/\\\/schema.org\",\"@graph\":[{\"@type\":\"WebPage\",\"@id\":\"https:\\\/\\\/www.zhgdled.com\\\/de\\\/smart-series-led-street-light.html\",\"url\":\"https:\\\/\\\/www.zhgdled.com\\\/de\\\/smart-series-led-street-light.html\",\"name\":\"LED Stra\u00dfenlaterne der Smart Serie &#8211; ZHL Lichtgruppe\",\"isPartOf\":{\"@id\":\"https:\\\/\\\/www.zhgdled.com\\\/de\\\/#website\"},\"primaryImageOfPage\":{\"@id\":\"https:\\\/\\\/www.zhgdled.com\\\/de\\\/smart-series-led-street-light.html#primaryimage\"},\"image\":{\"@id\":\"https:\\\/\\\/www.zhgdled.com\\\/de\\\/smart-series-led-street-light.html#primaryimage\"},\"thumbnailUrl\":\"https:\\\/\\\/www.zhgdled.com\\\/wp-content\\\/uploads\\\/2023\\\/04\\\/2-80W.png\",\"datePublished\":\"2021-11-01T06:02:09+00:00\",\"dateModified\":\"2023-12-26T02:58:04+00:00\",\"description\":\"Die Stra\u00dfenlaterne der Smart-Serie kann vollst\u00e4ndig netzunabh\u00e4ngig betrieben werden, indem sie mit Solarenergie betrieben wird, und sie gilt auch f\u00fcr die Netzstromversorgung. Besuchen Sie unsere Produktanleitung, um die beste \u00dcbereinstimmung herauszufinden.\",\"breadcrumb\":{\"@id\":\"https:\\\/\\\/www.zhgdled.com\\\/de\\\/smart-series-led-street-light.html#breadcrumb\"},\"inLanguage\":\"de\",\"potentialAction\":[{\"@type\":\"ReadAction\",\"target\":[\"https:\\\/\\\/www.zhgdled.com\\\/de\\\/smart-series-led-street-light.html\"]}]},{\"@type\":\"ImageObject\",\"inLanguage\":\"de\",\"@id\":\"https:\\\/\\\/www.zhgdled.com\\\/de\\\/smart-series-led-street-light.html#primaryimage\",\"url\":\"https:\\\/\\\/www.zhgdled.com\\\/wp-content\\\/uploads\\\/2023\\\/04\\\/2-80W.png\",\"contentUrl\":\"https:\\\/\\\/www.zhgdled.com\\\/wp-content\\\/uploads\\\/2023\\\/04\\\/2-80W.png\",\"width\":1600,\"height\":1600,\"caption\":\"LED Street Light Manufacturer\"},{\"@type\":\"BreadcrumbList\",\"@id\":\"https:\\\/\\\/www.zhgdled.com\\\/de\\\/smart-series-led-street-light.html#breadcrumb\",\"itemListElement\":[{\"@type\":\"ListItem\",\"position\":1,\"name\":\"Home\",\"item\":\"https:\\\/\\\/www.zhgdled.com\\\/de\"},{\"@type\":\"ListItem\",\"position\":2,\"name\":\"PRODUCTS\",\"item\":\"https:\\\/\\\/www.zhgdled.com\\\/zhl-products.html\"},{\"@type\":\"ListItem\",\"position\":3,\"name\":\"LED Stra\u00dfenlaterne der Smart Serie\"}]},{\"@type\":\"WebSite\",\"@id\":\"https:\\\/\\\/www.zhgdled.com\\\/de\\\/#website\",\"url\":\"https:\\\/\\\/www.zhgdled.com\\\/de\\\/\",\"name\":\"ZHL Lichtgruppe\",\"description\":\"Top ranking industrial lighting manufacturer and exporter\",\"publisher\":{\"@id\":\"https:\\\/\\\/www.zhgdled.com\\\/de\\\/#organization\"},\"potentialAction\":[{\"@type\":\"SearchAction\",\"target\":{\"@type\":\"EntryPoint\",\"urlTemplate\":\"https:\\\/\\\/www.zhgdled.com\\\/de\\\/?s={search_term_string}\"},\"query-input\":{\"@type\":\"PropertyValueSpecification\",\"valueRequired\":true,\"valueName\":\"search_term_string\"}}],\"inLanguage\":\"de\"},{\"@type\":\"Organization\",\"@id\":\"https:\\\/\\\/www.zhgdled.com\\\/de\\\/#organization\",\"name\":\"ZHL Lighting Group\",\"url\":\"https:\\\/\\\/www.zhgdled.com\\\/de\\\/\",\"logo\":{\"@type\":\"ImageObject\",\"inLanguage\":\"de\",\"@id\":\"https:\\\/\\\/www.zhgdled.com\\\/de\\\/#\\\/schema\\\/logo\\\/image\\\/\",\"url\":\"\",\"contentUrl\":\"\",\"caption\":\"ZHL Lighting Group\"},\"image\":{\"@id\":\"https:\\\/\\\/www.zhgdled.com\\\/de\\\/#\\\/schema\\\/logo\\\/image\\\/\"},\"sameAs\":[\"https:\\\/\\\/www.facebook.com\\\/zhllightinggroup\",\"https:\\\/\\\/x.com\\\/zhl_lighting\"]}]}<\/script>\n<!-- \/ Yoast SEO plugin. -->","yoast_head_json":{"title":"LED Stra\u00dfenlaterne der Smart Serie &#8211; ZHL Lichtgruppe","description":"Die Stra\u00dfenlaterne der Smart-Serie kann vollst\u00e4ndig netzunabh\u00e4ngig betrieben werden, indem sie mit Solarenergie betrieben wird, und sie gilt auch f\u00fcr die Netzstromversorgung. Besuchen Sie unsere Produktanleitung, um die beste \u00dcbereinstimmung herauszufinden.","robots":{"index":"index","follow":"follow","max-snippet":"max-snippet:-1","max-image-preview":"max-image-preview:large","max-video-preview":"max-video-preview:-1"},"canonical":"https:\/\/www.zhgdled.com\/de\/smart-series-led-street-light.html","og_locale":"de_DE","og_type":"article","og_title":"LED Stra\u00dfenlaterne der Smart Serie &#8211; ZHL Lichtgruppe","og_description":"Die Stra\u00dfenlaterne der Smart-Serie kann vollst\u00e4ndig netzunabh\u00e4ngig betrieben werden, indem sie mit Solarenergie betrieben wird, und sie gilt auch f\u00fcr die Netzstromversorgung. Besuchen Sie unsere Produktanleitung, um die beste \u00dcbereinstimmung herauszufinden.","og_url":"https:\/\/www.zhgdled.com\/de\/smart-series-led-street-light.html","og_site_name":"ZHL Lichtgruppe","article_publisher":"https:\/\/www.facebook.com\/zhllightinggroup","article_modified_time":"2023-12-26T02:58:04+00:00","og_image":[{"width":1600,"height":1600,"url":"https:\/\/www.zhgdled.com\/wp-content\/uploads\/2023\/04\/2-80W.png","type":"image\/png"}],"twitter_card":"summary_large_image","twitter_site":"@zhl_lighting","twitter_misc":{"Gesch\u00e4tzte Lesezeit":"1\u00a0Minute"},"schema":{"@context":"https:\/\/schema.org","@graph":[{"@type":"WebPage","@id":"https:\/\/www.zhgdled.com\/de\/smart-series-led-street-light.html","url":"https:\/\/www.zhgdled.com\/de\/smart-series-led-street-light.html","name":"LED Stra\u00dfenlaterne der Smart Serie &#8211; ZHL Lichtgruppe","isPartOf":{"@id":"https:\/\/www.zhgdled.com\/de\/#website"},"primaryImageOfPage":{"@id":"https:\/\/www.zhgdled.com\/de\/smart-series-led-street-light.html#primaryimage"},"image":{"@id":"https:\/\/www.zhgdled.com\/de\/smart-series-led-street-light.html#primaryimage"},"thumbnailUrl":"https:\/\/www.zhgdled.com\/wp-content\/uploads\/2023\/04\/2-80W.png","datePublished":"2021-11-01T06:02:09+00:00","dateModified":"2023-12-26T02:58:04+00:00","description":"Die Stra\u00dfenlaterne der Smart-Serie kann vollst\u00e4ndig netzunabh\u00e4ngig betrieben werden, indem sie mit Solarenergie betrieben wird, und sie gilt auch f\u00fcr die Netzstromversorgung. Besuchen Sie unsere Produktanleitung, um die beste \u00dcbereinstimmung herauszufinden.","breadcrumb":{"@id":"https:\/\/www.zhgdled.com\/de\/smart-series-led-street-light.html#breadcrumb"},"inLanguage":"de","potentialAction":[{"@type":"ReadAction","target":["https:\/\/www.zhgdled.com\/de\/smart-series-led-street-light.html"]}]},{"@type":"ImageObject","inLanguage":"de","@id":"https:\/\/www.zhgdled.com\/de\/smart-series-led-street-light.html#primaryimage","url":"https:\/\/www.zhgdled.com\/wp-content\/uploads\/2023\/04\/2-80W.png","contentUrl":"https:\/\/www.zhgdled.com\/wp-content\/uploads\/2023\/04\/2-80W.png","width":1600,"height":1600,"caption":"LED Street Light Manufacturer"},{"@type":"BreadcrumbList","@id":"https:\/\/www.zhgdled.com\/de\/smart-series-led-street-light.html#breadcrumb","itemListElement":[{"@type":"ListItem","position":1,"name":"Home","item":"https:\/\/www.zhgdled.com\/de"},{"@type":"ListItem","position":2,"name":"PRODUCTS","item":"https:\/\/www.zhgdled.com\/zhl-products.html"},{"@type":"ListItem","position":3,"name":"LED Stra\u00dfenlaterne der Smart Serie"}]},{"@type":"WebSite","@id":"https:\/\/www.zhgdled.com\/de\/#website","url":"https:\/\/www.zhgdled.com\/de\/","name":"ZHL Lichtgruppe","description":"Top ranking industrial lighting manufacturer and exporter","publisher":{"@id":"https:\/\/www.zhgdled.com\/de\/#organization"},"potentialAction":[{"@type":"SearchAction","target":{"@type":"EntryPoint","urlTemplate":"https:\/\/www.zhgdled.com\/de\/?s={search_term_string}"},"query-input":{"@type":"PropertyValueSpecification","valueRequired":true,"valueName":"search_term_string"}}],"inLanguage":"de"},{"@type":"Organization","@id":"https:\/\/www.zhgdled.com\/de\/#organization","name":"ZHL Lighting Group","url":"https:\/\/www.zhgdled.com\/de\/","logo":{"@type":"ImageObject","inLanguage":"de","@id":"https:\/\/www.zhgdled.com\/de\/#\/schema\/logo\/image\/","url":"","contentUrl":"","caption":"ZHL Lighting Group"},"image":{"@id":"https:\/\/www.zhgdled.com\/de\/#\/schema\/logo\/image\/"},"sameAs":["https:\/\/www.facebook.com\/zhllightinggroup","https:\/\/x.com\/zhl_lighting"]}]}},"_links":{"self":[{"href":"https:\/\/www.zhgdled.com\/de\/wp-json\/wp\/v2\/product\/12500","targetHints":{"allow":["GET"]}}],"collection":[{"href":"https:\/\/www.zhgdled.com\/de\/wp-json\/wp\/v2\/product"}],"about":[{"href":"https:\/\/www.zhgdled.com\/de\/wp-json\/wp\/v2\/types\/product"}],"wp:featuredmedia":[{"embeddable":true,"href":"https:\/\/www.zhgdled.com\/de\/wp-json\/wp\/v2\/media\/20344"}],"wp:attachment":[{"href":"https:\/\/www.zhgdled.com\/de\/wp-json\/wp\/v2\/media?parent=12500"}],"wp:term":[{"taxonomy":"product_brand","embeddable":true,"href":"https:\/\/www.zhgdled.com\/de\/wp-json\/wp\/v2\/product_brand?post=12500"},{"taxonomy":"product_cat","embeddable":true,"href":"https:\/\/www.zhgdled.com\/de\/wp-json\/wp\/v2\/product_cat?post=12500"},{"taxonomy":"product_tag","embeddable":true,"href":"https:\/\/www.zhgdled.com\/de\/wp-json\/wp\/v2\/product_tag?post=12500"}],"curies":[{"name":"wp","href":"https:\/\/api.w.org\/{rel}","templated":true}]}}