{"id":13580,"date":"2022-07-29T09:01:06","date_gmt":"2022-07-29T01:01:06","guid":{"rendered":"https:\/\/www.zhgdled.com\/product\/integrated-solar-street-light"},"modified":"2022-07-29T09:13:11","modified_gmt":"2022-07-29T01:13:11","slug":"integrated-solar-street-light","status":"publish","type":"product","link":"https:\/\/www.zhgdled.com\/de\/integrated-solar-street-light.html","title":{"rendered":"ZHL Integrierte Solar stra\u00dfenlaterne"},"content":{"rendered":"<h2>MEHRERE LICHTVERTEILUNGSM\u00d6GLICHKEITEN, VERSCHIEDENE ARBEITSMODI<\/h2>\n<ul>\n<li>Integriertes Design, keine Verkabelung erforderlich, flexible Installation<\/li>\n<li>Einstellbarer Installationsarm, Mehrwinkeleinstellung<\/li>\n<li>Lichtverteilung in mehreren Winkeln<\/li>\n<li>Effizienz bis zu 130~190lm\/W<\/li>\n<li>Windbest\u00e4ndiges Design<\/li>\n<li>Intelligenter Controller, intelligente Verz\u00f6gerung f\u00fcr regnerische Tage<\/li>\n<li>Intelligente K\u00f6rperinduktion<\/li>\n<li>Hocheffizientes einkristallines Silizium<\/li>\n<li>Lithium-Eisenphosphat-Batterie der Klasse A1<\/li>\n<li>Geeignet f\u00fcr die Installationsanforderungen verschiedener Arten von Magnetpolen in verschiedenen Breitengraden<\/li>\n<\/ul>\n<p>&nbsp;<\/p>\n<h2>SPEZIFIKATIONEN<\/h2>\n<table style=\"height: 475px;\" width=\"679\">\n<tbody>\n<tr>\n<td width=\"144\">Leistung<\/td>\n<td width=\"89\">20W<\/td>\n<td width=\"77\">30W<\/td>\n<td width=\"78\">40W<\/td>\n<td width=\"92\">50W<\/td>\n<td width=\"85\">60W<\/td>\n<\/tr>\n<tr>\n<td width=\"144\">Lichtstrom<\/td>\n<td width=\"89\">3200LM<\/td>\n<td width=\"77\">4800LM<\/td>\n<td width=\"78\">6400LM<\/td>\n<td width=\"92\">8000LM<\/td>\n<td width=\"85\">9600LM<\/td>\n<\/tr>\n<tr>\n<td width=\"144\">Lichteffizienz<\/td>\n<td width=\"89\">130LM\/W<\/td>\n<td width=\"77\">160LM\/W<\/td>\n<td width=\"78\">175LM\/W<\/td>\n<td width=\"92\">190LM\/W<\/td>\n<td width=\"85\">190LM\/W<\/td>\n<\/tr>\n<tr>\n<td width=\"144\">Farbtemperatur (CCT)<\/td>\n<td colspan=\"5\" width=\"423\">3000K \/ 4000K \/ 6500K<\/td>\n<\/tr>\n<tr>\n<td width=\"144\">IP-Klasse<\/td>\n<td colspan=\"5\" width=\"423\">IP65 \/ IK08<\/td>\n<\/tr>\n<tr>\n<td width=\"144\">Photometrisch<\/td>\n<td colspan=\"5\" width=\"423\">TYPE I \/ TYPE II \/ TYPE III \/ TYPE IV<\/td>\n<\/tr>\n<tr>\n<td width=\"144\">Elektrische Klasse<\/td>\n<td colspan=\"5\" width=\"423\">Class III<\/td>\n<\/tr>\n<tr>\n<td width=\"144\">Material<\/td>\n<td colspan=\"5\" width=\"423\">Geh\u00e4use: Aluminium<\/td>\n<\/tr>\n<tr>\n<td width=\"144\"><\/td>\n<td colspan=\"5\" width=\"423\">Dichtung: Silikonkautschukring<\/td>\n<\/tr>\n<tr>\n<td width=\"144\"><\/td>\n<td colspan=\"5\" width=\"423\">PC-Objektiv<\/td>\n<\/tr>\n<tr>\n<td width=\"144\">Lebensspanne<\/td>\n<td colspan=\"5\" width=\"423\">&gt;35000 Std<\/td>\n<\/tr>\n<tr>\n<td width=\"144\">Ladezeit<\/td>\n<td colspan=\"5\" width=\"423\">6 Std<\/td>\n<\/tr>\n<tr>\n<td width=\"144\">Arbeitszeit<\/td>\n<td colspan=\"5\" width=\"423\">2-3\u00a0Tage (Auto-Modus)<\/td>\n<\/tr>\n<tr>\n<td width=\"144\">Arbeitstemperatur<\/td>\n<td colspan=\"5\" width=\"423\">-20-60\u2103<\/td>\n<\/tr>\n<\/tbody>\n<\/table>\n","protected":false},"excerpt":{"rendered":"<table style=\"height: 475px;\" width=\"679\">\n<tbody>\n<tr>\n<td width=\"144\">Leistung<\/td>\n<td width=\"89\">20W<\/td>\n<td width=\"77\">30W<\/td>\n<td width=\"78\">40W<\/td>\n<td width=\"92\">50W<\/td>\n<td width=\"85\">60W<\/td>\n<\/tr>\n<tr>\n<td width=\"144\">Lichtstrom<\/td>\n<td width=\"89\">3200LM<\/td>\n<td width=\"77\">4800LM<\/td>\n<td width=\"78\">6400LM<\/td>\n<td width=\"92\">8000LM<\/td>\n<td width=\"85\">9600LM<\/td>\n<\/tr>\n<tr>\n<td width=\"144\">Lichteffizienz<\/td>\n<td width=\"89\">130LM\/W<\/td>\n<td width=\"77\">160LM\/W<\/td>\n<td width=\"78\">175LM\/W<\/td>\n<td width=\"92\">190LM\/W<\/td>\n<td width=\"85\">190LM\/W<\/td>\n<\/tr>\n<tr>\n<td width=\"144\">Farbtemperatur (CCT)<\/td>\n<td colspan=\"5\" width=\"423\">3000K \/ 4000K \/ 6500K<\/td>\n<\/tr>\n<tr>\n<td width=\"144\">IP-Klasse<\/td>\n<td colspan=\"5\" width=\"423\">IP65 \/ IK08<\/td>\n<\/tr>\n<tr>\n<td width=\"144\">Photometrisch<\/td>\n<td colspan=\"5\" width=\"423\">TYPE I \/ TYPE II \/ TYPE III \/ TYPE IV<\/td>\n<\/tr>\n<tr>\n<td width=\"144\">Elektrische Klasse<\/td>\n<td colspan=\"5\" width=\"423\">Class III<\/td>\n<\/tr>\n<tr>\n<td width=\"144\">Material<\/td>\n<td colspan=\"5\" width=\"423\">Geh\u00e4use: Aluminium<\/td>\n<\/tr>\n<tr>\n<td width=\"144\"><\/td>\n<td colspan=\"5\" width=\"423\">Dichtung: Silikonkautschukring<\/td>\n<\/tr>\n<tr>\n<td width=\"144\"><\/td>\n<td colspan=\"5\" width=\"423\">PC-Objektiv<\/td>\n<\/tr>\n<tr>\n<td width=\"144\">Lebensspanne<\/td>\n<td colspan=\"5\" width=\"423\">&gt;35000 Std<\/td>\n<\/tr>\n<tr>\n<td width=\"144\">Ladezeit<\/td>\n<td colspan=\"5\" width=\"423\">6 Std<\/td>\n<\/tr>\n<tr>\n<td width=\"144\">Arbeitszeit<\/td>\n<td colspan=\"5\" width=\"423\">2-3\u00a0Tage (Auto-Modus)<\/td>\n<\/tr>\n<tr>\n<td width=\"144\">Arbeitstemperatur<\/td>\n<td colspan=\"5\" width=\"423\">-20-60\u2103<\/td>\n<\/tr>\n<\/tbody>\n<\/table>\n","protected":false},"featured_media":13673,"template":"","meta":[],"product_brand":[],"product_cat":[378],"product_tag":[441],"class_list":{"0":"post-13580","1":"product","2":"type-product","3":"status-publish","4":"has-post-thumbnail","6":"product_cat-solar-strassenlaterne","7":"product_tag-solar-street-light-de","9":"first","10":"instock","11":"shipping-taxable","12":"product-type-simple"},"yoast_head":"<!-- This site is optimized with the Yoast SEO plugin v27.4 - https:\/\/yoast.com\/product\/yoast-seo-wordpress\/ -->\n<title>ZHL Integrierte Solar stra\u00dfenlaterne &#8211; ZHL Lichtgruppe<\/title>\n<meta name=\"description\" content=\"Die Solarleuchte hat ein Geh\u00e4use aus Aluminium-Druckguss (PDC), das absolut wasserdicht (Schutzklasse IP65) und f\u00fcr den Einsatz im Freien geeignet ist. Das Geh\u00e4use enth\u00e4lt eine LED-Lichtkarte, eine Solartreiberkarte mit PWM \/ MPPT-Laderegler\" \/>\n<meta name=\"robots\" content=\"index, follow, max-snippet:-1, max-image-preview:large, max-video-preview:-1\" \/>\n<link rel=\"canonical\" href=\"https:\/\/www.zhgdled.com\/de\/integrated-solar-street-light.html\" \/>\n<meta property=\"og:locale\" content=\"de_DE\" \/>\n<meta property=\"og:type\" content=\"article\" \/>\n<meta property=\"og:title\" content=\"ZHL Integrierte Solar stra\u00dfenlaterne &#8211; ZHL Lichtgruppe\" \/>\n<meta property=\"og:description\" content=\"Die Solarleuchte hat ein Geh\u00e4use aus Aluminium-Druckguss (PDC), das absolut wasserdicht (Schutzklasse IP65) und f\u00fcr den Einsatz im Freien geeignet ist. Das Geh\u00e4use enth\u00e4lt eine LED-Lichtkarte, eine Solartreiberkarte mit PWM \/ MPPT-Laderegler\" \/>\n<meta property=\"og:url\" content=\"https:\/\/www.zhgdled.com\/de\/integrated-solar-street-light.html\" \/>\n<meta property=\"og:site_name\" content=\"ZHL Lichtgruppe\" \/>\n<meta property=\"article:publisher\" content=\"https:\/\/www.facebook.com\/zhllightinggroup\" \/>\n<meta property=\"article:modified_time\" content=\"2022-07-29T01:13:11+00:00\" \/>\n<meta property=\"og:image\" content=\"https:\/\/www.zhgdled.com\/wp-content\/uploads\/2022\/07\/36.png\" \/>\n\t<meta property=\"og:image:width\" content=\"1600\" \/>\n\t<meta property=\"og:image:height\" content=\"1600\" \/>\n\t<meta property=\"og:image:type\" content=\"image\/png\" \/>\n<meta name=\"twitter:card\" content=\"summary_large_image\" \/>\n<meta name=\"twitter:site\" content=\"@zhl_lighting\" \/>\n<meta name=\"twitter:label1\" content=\"Gesch\u00e4tzte Lesezeit\" \/>\n\t<meta name=\"twitter:data1\" content=\"1\u00a0Minute\" \/>\n<script type=\"application\/ld+json\" class=\"yoast-schema-graph\">{\"@context\":\"https:\\\/\\\/schema.org\",\"@graph\":[{\"@type\":\"WebPage\",\"@id\":\"https:\\\/\\\/www.zhgdled.com\\\/de\\\/integrated-solar-street-light.html\",\"url\":\"https:\\\/\\\/www.zhgdled.com\\\/de\\\/integrated-solar-street-light.html\",\"name\":\"ZHL Integrierte Solar stra\u00dfenlaterne &#8211; ZHL Lichtgruppe\",\"isPartOf\":{\"@id\":\"https:\\\/\\\/www.zhgdled.com\\\/de\\\/#website\"},\"primaryImageOfPage\":{\"@id\":\"https:\\\/\\\/www.zhgdled.com\\\/de\\\/integrated-solar-street-light.html#primaryimage\"},\"image\":{\"@id\":\"https:\\\/\\\/www.zhgdled.com\\\/de\\\/integrated-solar-street-light.html#primaryimage\"},\"thumbnailUrl\":\"https:\\\/\\\/www.zhgdled.com\\\/wp-content\\\/uploads\\\/2022\\\/07\\\/36.png\",\"datePublished\":\"2022-07-29T01:01:06+00:00\",\"dateModified\":\"2022-07-29T01:13:11+00:00\",\"description\":\"Die Solarleuchte hat ein Geh\u00e4use aus Aluminium-Druckguss (PDC), das absolut wasserdicht (Schutzklasse IP65) und f\u00fcr den Einsatz im Freien geeignet ist. Das Geh\u00e4use enth\u00e4lt eine LED-Lichtkarte, eine Solartreiberkarte mit PWM \\\/ MPPT-Laderegler\",\"breadcrumb\":{\"@id\":\"https:\\\/\\\/www.zhgdled.com\\\/de\\\/integrated-solar-street-light.html#breadcrumb\"},\"inLanguage\":\"de\",\"potentialAction\":[{\"@type\":\"ReadAction\",\"target\":[\"https:\\\/\\\/www.zhgdled.com\\\/de\\\/integrated-solar-street-light.html\"]}]},{\"@type\":\"ImageObject\",\"inLanguage\":\"de\",\"@id\":\"https:\\\/\\\/www.zhgdled.com\\\/de\\\/integrated-solar-street-light.html#primaryimage\",\"url\":\"https:\\\/\\\/www.zhgdled.com\\\/wp-content\\\/uploads\\\/2022\\\/07\\\/36.png\",\"contentUrl\":\"https:\\\/\\\/www.zhgdled.com\\\/wp-content\\\/uploads\\\/2022\\\/07\\\/36.png\",\"width\":1600,\"height\":1600,\"caption\":\"entegre g\u00fcne\u015f sokak lambas\u0131\"},{\"@type\":\"BreadcrumbList\",\"@id\":\"https:\\\/\\\/www.zhgdled.com\\\/de\\\/integrated-solar-street-light.html#breadcrumb\",\"itemListElement\":[{\"@type\":\"ListItem\",\"position\":1,\"name\":\"Home\",\"item\":\"https:\\\/\\\/www.zhgdled.com\\\/de\"},{\"@type\":\"ListItem\",\"position\":2,\"name\":\"PRODUCTS\",\"item\":\"https:\\\/\\\/www.zhgdled.com\\\/zhl-products.html\"},{\"@type\":\"ListItem\",\"position\":3,\"name\":\"ZHL Integrierte Solar stra\u00dfenlaterne\"}]},{\"@type\":\"WebSite\",\"@id\":\"https:\\\/\\\/www.zhgdled.com\\\/de\\\/#website\",\"url\":\"https:\\\/\\\/www.zhgdled.com\\\/de\\\/\",\"name\":\"ZHL Lichtgruppe\",\"description\":\"Top ranking industrial lighting manufacturer and exporter\",\"publisher\":{\"@id\":\"https:\\\/\\\/www.zhgdled.com\\\/de\\\/#organization\"},\"potentialAction\":[{\"@type\":\"SearchAction\",\"target\":{\"@type\":\"EntryPoint\",\"urlTemplate\":\"https:\\\/\\\/www.zhgdled.com\\\/de\\\/?s={search_term_string}\"},\"query-input\":{\"@type\":\"PropertyValueSpecification\",\"valueRequired\":true,\"valueName\":\"search_term_string\"}}],\"inLanguage\":\"de\"},{\"@type\":\"Organization\",\"@id\":\"https:\\\/\\\/www.zhgdled.com\\\/de\\\/#organization\",\"name\":\"ZHL Lighting Group\",\"url\":\"https:\\\/\\\/www.zhgdled.com\\\/de\\\/\",\"logo\":{\"@type\":\"ImageObject\",\"inLanguage\":\"de\",\"@id\":\"https:\\\/\\\/www.zhgdled.com\\\/de\\\/#\\\/schema\\\/logo\\\/image\\\/\",\"url\":\"\",\"contentUrl\":\"\",\"caption\":\"ZHL Lighting Group\"},\"image\":{\"@id\":\"https:\\\/\\\/www.zhgdled.com\\\/de\\\/#\\\/schema\\\/logo\\\/image\\\/\"},\"sameAs\":[\"https:\\\/\\\/www.facebook.com\\\/zhllightinggroup\",\"https:\\\/\\\/x.com\\\/zhl_lighting\"]}]}<\/script>\n<!-- \/ Yoast SEO plugin. -->","yoast_head_json":{"title":"ZHL Integrierte Solar stra\u00dfenlaterne &#8211; ZHL Lichtgruppe","description":"Die Solarleuchte hat ein Geh\u00e4use aus Aluminium-Druckguss (PDC), das absolut wasserdicht (Schutzklasse IP65) und f\u00fcr den Einsatz im Freien geeignet ist. Das Geh\u00e4use enth\u00e4lt eine LED-Lichtkarte, eine Solartreiberkarte mit PWM \/ MPPT-Laderegler","robots":{"index":"index","follow":"follow","max-snippet":"max-snippet:-1","max-image-preview":"max-image-preview:large","max-video-preview":"max-video-preview:-1"},"canonical":"https:\/\/www.zhgdled.com\/de\/integrated-solar-street-light.html","og_locale":"de_DE","og_type":"article","og_title":"ZHL Integrierte Solar stra\u00dfenlaterne &#8211; ZHL Lichtgruppe","og_description":"Die Solarleuchte hat ein Geh\u00e4use aus Aluminium-Druckguss (PDC), das absolut wasserdicht (Schutzklasse IP65) und f\u00fcr den Einsatz im Freien geeignet ist. Das Geh\u00e4use enth\u00e4lt eine LED-Lichtkarte, eine Solartreiberkarte mit PWM \/ MPPT-Laderegler","og_url":"https:\/\/www.zhgdled.com\/de\/integrated-solar-street-light.html","og_site_name":"ZHL Lichtgruppe","article_publisher":"https:\/\/www.facebook.com\/zhllightinggroup","article_modified_time":"2022-07-29T01:13:11+00:00","og_image":[{"width":1600,"height":1600,"url":"https:\/\/www.zhgdled.com\/wp-content\/uploads\/2022\/07\/36.png","type":"image\/png"}],"twitter_card":"summary_large_image","twitter_site":"@zhl_lighting","twitter_misc":{"Gesch\u00e4tzte Lesezeit":"1\u00a0Minute"},"schema":{"@context":"https:\/\/schema.org","@graph":[{"@type":"WebPage","@id":"https:\/\/www.zhgdled.com\/de\/integrated-solar-street-light.html","url":"https:\/\/www.zhgdled.com\/de\/integrated-solar-street-light.html","name":"ZHL Integrierte Solar stra\u00dfenlaterne &#8211; ZHL Lichtgruppe","isPartOf":{"@id":"https:\/\/www.zhgdled.com\/de\/#website"},"primaryImageOfPage":{"@id":"https:\/\/www.zhgdled.com\/de\/integrated-solar-street-light.html#primaryimage"},"image":{"@id":"https:\/\/www.zhgdled.com\/de\/integrated-solar-street-light.html#primaryimage"},"thumbnailUrl":"https:\/\/www.zhgdled.com\/wp-content\/uploads\/2022\/07\/36.png","datePublished":"2022-07-29T01:01:06+00:00","dateModified":"2022-07-29T01:13:11+00:00","description":"Die Solarleuchte hat ein Geh\u00e4use aus Aluminium-Druckguss (PDC), das absolut wasserdicht (Schutzklasse IP65) und f\u00fcr den Einsatz im Freien geeignet ist. Das Geh\u00e4use enth\u00e4lt eine LED-Lichtkarte, eine Solartreiberkarte mit PWM \/ MPPT-Laderegler","breadcrumb":{"@id":"https:\/\/www.zhgdled.com\/de\/integrated-solar-street-light.html#breadcrumb"},"inLanguage":"de","potentialAction":[{"@type":"ReadAction","target":["https:\/\/www.zhgdled.com\/de\/integrated-solar-street-light.html"]}]},{"@type":"ImageObject","inLanguage":"de","@id":"https:\/\/www.zhgdled.com\/de\/integrated-solar-street-light.html#primaryimage","url":"https:\/\/www.zhgdled.com\/wp-content\/uploads\/2022\/07\/36.png","contentUrl":"https:\/\/www.zhgdled.com\/wp-content\/uploads\/2022\/07\/36.png","width":1600,"height":1600,"caption":"entegre g\u00fcne\u015f sokak lambas\u0131"},{"@type":"BreadcrumbList","@id":"https:\/\/www.zhgdled.com\/de\/integrated-solar-street-light.html#breadcrumb","itemListElement":[{"@type":"ListItem","position":1,"name":"Home","item":"https:\/\/www.zhgdled.com\/de"},{"@type":"ListItem","position":2,"name":"PRODUCTS","item":"https:\/\/www.zhgdled.com\/zhl-products.html"},{"@type":"ListItem","position":3,"name":"ZHL Integrierte Solar stra\u00dfenlaterne"}]},{"@type":"WebSite","@id":"https:\/\/www.zhgdled.com\/de\/#website","url":"https:\/\/www.zhgdled.com\/de\/","name":"ZHL Lichtgruppe","description":"Top ranking industrial lighting manufacturer and exporter","publisher":{"@id":"https:\/\/www.zhgdled.com\/de\/#organization"},"potentialAction":[{"@type":"SearchAction","target":{"@type":"EntryPoint","urlTemplate":"https:\/\/www.zhgdled.com\/de\/?s={search_term_string}"},"query-input":{"@type":"PropertyValueSpecification","valueRequired":true,"valueName":"search_term_string"}}],"inLanguage":"de"},{"@type":"Organization","@id":"https:\/\/www.zhgdled.com\/de\/#organization","name":"ZHL Lighting Group","url":"https:\/\/www.zhgdled.com\/de\/","logo":{"@type":"ImageObject","inLanguage":"de","@id":"https:\/\/www.zhgdled.com\/de\/#\/schema\/logo\/image\/","url":"","contentUrl":"","caption":"ZHL Lighting Group"},"image":{"@id":"https:\/\/www.zhgdled.com\/de\/#\/schema\/logo\/image\/"},"sameAs":["https:\/\/www.facebook.com\/zhllightinggroup","https:\/\/x.com\/zhl_lighting"]}]}},"_links":{"self":[{"href":"https:\/\/www.zhgdled.com\/de\/wp-json\/wp\/v2\/product\/13580","targetHints":{"allow":["GET"]}}],"collection":[{"href":"https:\/\/www.zhgdled.com\/de\/wp-json\/wp\/v2\/product"}],"about":[{"href":"https:\/\/www.zhgdled.com\/de\/wp-json\/wp\/v2\/types\/product"}],"wp:featuredmedia":[{"embeddable":true,"href":"https:\/\/www.zhgdled.com\/de\/wp-json\/wp\/v2\/media\/13673"}],"wp:attachment":[{"href":"https:\/\/www.zhgdled.com\/de\/wp-json\/wp\/v2\/media?parent=13580"}],"wp:term":[{"taxonomy":"product_brand","embeddable":true,"href":"https:\/\/www.zhgdled.com\/de\/wp-json\/wp\/v2\/product_brand?post=13580"},{"taxonomy":"product_cat","embeddable":true,"href":"https:\/\/www.zhgdled.com\/de\/wp-json\/wp\/v2\/product_cat?post=13580"},{"taxonomy":"product_tag","embeddable":true,"href":"https:\/\/www.zhgdled.com\/de\/wp-json\/wp\/v2\/product_tag?post=13580"}],"curies":[{"name":"wp","href":"https:\/\/api.w.org\/{rel}","templated":true}]}}