{"id":13752,"date":"2022-04-18T14:20:15","date_gmt":"2022-04-18T06:20:15","guid":{"rendered":"https:\/\/www.zhgdled.com\/product\/greenhouse-foldable-led-grow-light-480-1000w"},"modified":"2022-08-01T14:25:01","modified_gmt":"2022-08-01T06:25:01","slug":"greenhouse-foldable-led-grow-light-480-1000w","status":"publish","type":"product","link":"https:\/\/www.zhgdled.com\/de\/greenhouse-foldable-led-grow-light-480-1000w.html","title":{"rendered":"OCTOPUS SERIES LED Wachstumslichter 480W &#8211; 1000W"},"content":{"rendered":"<h2 id=\"title\" class=\"a-size-large a-spacing-none\">Fold-6 480W &#8211; 1000W Vollspektrum-LED-Wachstumslichter f\u00fcr Zimmerpflanzen<\/h2>\n<ul class=\"a-unordered-list a-vertical a-spacing-mini\">\n<li>Maximierte \u00b5mol pro Watt \u2013 Ein hoher Wirkungsgrad von 2,7 umol\/j und ein tats\u00e4chlicher Stromverbrauch von 720 W tragen zu einem effizienten Anbaubetrieb bei, der Ihnen hilft, das Pflanzenwachstum effektiv zu optimieren, die Ertragsqualit\u00e4t zu verbessern und die Betriebskosten zu senken. H\u00f6here PPFD, n\u00e4mlich 1385 \u00b5mol\/s bei 12 Zoll Abstand und 1056 \u00b5mol\/s bei 24 Zoll.&nbsp;<\/li>\n<li>Optimiertes Spektrum \u2013 Das volle Spektrum dieser LED-Wachstumslampen der Fold-6 Octopus-Serie f\u00f6rdert die Photosynthese in allen Wachstumsstadien, insbesondere in der Bl\u00fcte, vom Schneiden\/S\u00e4en, vegetativ und bl\u00fchend. Wachstumslampen f\u00fcr Zimmerpflanzen Fold-6 repliziert das Spektrum des nat\u00fcrlichen Sonnenlichts und gibt eine breite, konsistente und signifikante Wellenl\u00e4nge im Bereich von 400 bis 700 nm aus, die w\u00e4hrend des gesamten Pflanzenlebenszyklus wachsen kann. Es hilft Ihren Pflanzen, ges\u00fcnder zu wachsen und bessere Ernten zu erzielen.&nbsp;<\/li>\n<li>Weniger W\u00e4rme \u2013 LEDs erzeugen weit weniger W\u00e4rme als HPS- und andere HID-Lampen, wodurch sie sich perfekt f\u00fcr den Gartenbau eignen. Der Aluminium-K\u00fchlk\u00f6rper zusammen mit breiten 8 passiv gek\u00fchlten St\u00e4ben, die die W\u00e4rme besser ableiten k\u00f6nnen, um k\u00fchl zu bleiben und die Umgebungsw\u00e4rme in Ihrem Anbauraum zu reduzieren, um die Lebensdauer der Leuchte zu verl\u00e4ngern.<\/li>\n<\/ul>\n<h2>SPEZIFIKATION<\/h2>\n<table>\n<tbody>\n<tr>\n<td width=\"98\">Modell Nr<\/td>\n<td width=\"96\">ZHL-GROW-480W<\/td>\n<td width=\"93\">ZHL-GROW-600W<\/td>\n<td width=\"93\">ZHL-GROW-640W<\/td>\n<td width=\"94\">ZHL-GROW-800W<\/td>\n<td width=\"91\">ZHL-GROW-1000W<\/td>\n<\/tr>\n<tr>\n<td width=\"98\">Leistung<\/td>\n<td width=\"96\">480W<\/td>\n<td width=\"93\">600W<\/td>\n<td width=\"93\">640W<\/td>\n<td width=\"94\">800W<\/td>\n<td width=\"91\">1000W<\/td>\n<\/tr>\n<tr>\n<td width=\"98\">Lichtquelle 3030<\/td>\n<td width=\"96\">White\/Osram 660nm<\/td>\n<td width=\"93\">White\/Osram 660nm<\/td>\n<td width=\"93\">White\/Osram 660nm<\/td>\n<td width=\"94\">White\/Osram 660nm<\/td>\n<td width=\"91\">White\/Osram 660nm<\/td>\n<\/tr>\n<tr>\n<td width=\"98\">Eingangsspannung<\/td>\n<td width=\"96\">100-277V 50\/60Hz<\/td>\n<td width=\"93\">100-277V 50\/60Hz<\/td>\n<td width=\"93\">100-277V 50\/60Hz<\/td>\n<td width=\"94\">100-277V 50\/60Hz<\/td>\n<td width=\"91\">100-277V 50\/60Hz<\/td>\n<\/tr>\n<tr>\n<td width=\"98\">Effizienz<\/td>\n<td width=\"96\">2.7umol\/s\/w<\/td>\n<td width=\"93\">2.7umol\/s\/w<\/td>\n<td width=\"93\">2.7umol\/s\/w<\/td>\n<td width=\"94\">2.7umol\/s\/w<\/td>\n<td width=\"91\">2.7umol\/s\/w<\/td>\n<\/tr>\n<tr>\n<td width=\"98\">Leistungsfaktor<\/td>\n<td width=\"96\">&gt;0.95<\/td>\n<td width=\"93\">&gt;0.95<\/td>\n<td width=\"93\">&gt;0.95<\/td>\n<td width=\"94\">&gt;0.95<\/td>\n<td width=\"91\">&gt;0.95<\/td>\n<\/tr>\n<tr>\n<td width=\"98\">PPF<\/td>\n<td width=\"96\">1296umol\/s<\/td>\n<td width=\"93\">1620umol\/s<\/td>\n<td width=\"93\">1725umol\/s<\/td>\n<td width=\"94\">2160umol\/s<\/td>\n<td width=\"91\">2700umol\/s<\/td>\n<\/tr>\n<tr>\n<td width=\"98\">Light Distribution<\/td>\n<td width=\"96\">120\u00b0<\/td>\n<td width=\"93\">120\u00b0<\/td>\n<td width=\"93\">120\u00b0<\/td>\n<td width=\"94\">120\u00b0<\/td>\n<td width=\"91\">120\u00b0<\/td>\n<\/tr>\n<tr>\n<td width=\"98\">Arbeitstemp.<\/td>\n<td width=\"96\">-20\u2103~40\u2103<\/td>\n<td width=\"93\">-20\u2103~40\u2103<\/td>\n<td width=\"93\">-20\u2103~40\u2103<\/td>\n<td width=\"94\">-20\u2103~40\u2103<\/td>\n<td width=\"91\">-20\u2103~40\u2103<\/td>\n<\/tr>\n<tr>\n<td width=\"98\">IP-Klasse.<\/td>\n<td width=\"96\">IP65<\/td>\n<td width=\"93\">IP65<\/td>\n<td width=\"93\">IP65<\/td>\n<td width=\"94\">IP65<\/td>\n<td width=\"91\">IP65<\/td>\n<\/tr>\n<tr>\n<td width=\"98\">Lumenleistung<\/td>\n<td width=\"96\">85440Lm<\/td>\n<td width=\"93\">108000Lm<\/td>\n<td width=\"93\">115200Lm<\/td>\n<td width=\"94\">144000Lm<\/td>\n<td width=\"91\">180000Lm<\/td>\n<\/tr>\n<tr>\n<td width=\"98\">LED-Menge<\/td>\n<td width=\"96\">1680<\/td>\n<td width=\"93\">2520<\/td>\n<td width=\"93\">2520<\/td>\n<td width=\"94\">3360<\/td>\n<td width=\"91\">4480<\/td>\n<\/tr>\n<tr>\n<td width=\"98\">Anzahl der LED-Module<\/td>\n<td width=\"96\">4 St\u00fcck<\/td>\n<td width=\"93\">6 St\u00fcck<\/td>\n<td width=\"93\">6 St\u00fcck<\/td>\n<td width=\"94\">8 St\u00fcck<\/td>\n<td width=\"91\">8 St\u00fcck<\/td>\n<\/tr>\n<tr>\n<td width=\"98\">Produktgr\u00f6\u00dfe<\/td>\n<td width=\"96\">1040*515*107.5mm<\/td>\n<td width=\"93\">1040*719*107.5mm<\/td>\n<td width=\"93\">1040*719*107.5mm<\/td>\n<td width=\"94\">1040*918*107.5mm<\/td>\n<td width=\"91\">1040*918*107.5mm<\/td>\n<\/tr>\n<tr>\n<td width=\"98\">Produktgewicht<\/td>\n<td width=\"96\">11.5kg<\/td>\n<td width=\"93\">14.5kg<\/td>\n<td width=\"93\">14.5kg<\/td>\n<td width=\"94\">16kg<\/td>\n<td width=\"91\">17.2kg<\/td>\n<\/tr>\n<tr>\n<td width=\"98\">Lebensspanne<\/td>\n<td width=\"96\">&gt;50000 Stunden<\/td>\n<td width=\"93\">&gt;50000 Stunden<\/td>\n<td width=\"93\">&gt;50000 Stunden<\/td>\n<td width=\"94\">&gt;50000 Stunden<\/td>\n<td width=\"91\">&gt;50000 Stunden<\/td>\n<\/tr>\n<tr>\n<td width=\"98\">Garantie<\/td>\n<td width=\"96\">5 Jahre<\/td>\n<td width=\"93\">5 Jahre<\/td>\n<td width=\"93\">5 Jahre<\/td>\n<td width=\"94\">5 Jahre<\/td>\n<td width=\"91\">5 Jahre<\/td>\n<\/tr>\n<tr>\n<td width=\"98\">Zertifizierung<\/td>\n<td width=\"96\">CE\/ETL\/DLC<\/td>\n<td width=\"93\">CE\/ETL\/DLC<\/td>\n<td width=\"93\">CE\/ETL\/DLC<\/td>\n<td width=\"94\">CE\/ETL\/DLC<\/td>\n<td width=\"91\">CE\/ETL\/DLC<\/td>\n<\/tr>\n<\/tbody>\n<\/table>\n<p>&nbsp;<\/p>\n<p><img decoding=\"async\" class=\"alignnone size-full wp-image-11959\" src=\"https:\/\/www.zhgdled.com\/wp-content\/uploads\/2022\/04\/grow-light-3.png\" alt=\"\" width=\"892\" height=\"754\" srcset=\"https:\/\/www.zhgdled.com\/wp-content\/uploads\/2022\/04\/grow-light-3.png 892w, https:\/\/www.zhgdled.com\/wp-content\/uploads\/2022\/04\/grow-light-3-300x254.png 300w, https:\/\/www.zhgdled.com\/wp-content\/uploads\/2022\/04\/grow-light-3-768x649.png 768w, https:\/\/www.zhgdled.com\/wp-content\/uploads\/2022\/04\/grow-light-3-600x507.png 600w, https:\/\/www.zhgdled.com\/wp-content\/uploads\/2022\/04\/grow-light-3-150x127.png 150w\" sizes=\"(max-width: 892px) 100vw, 892px\" \/><\/p>\n<p><img decoding=\"async\" class=\"alignnone size-full wp-image-13720\" src=\"https:\/\/www.zhgdled.com\/wp-content\/uploads\/2022\/04\/ZHL-GROW-LIGHT-2.jpg\" alt=\"led grow light\" width=\"987\" height=\"718\" srcset=\"https:\/\/www.zhgdled.com\/wp-content\/uploads\/2022\/04\/ZHL-GROW-LIGHT-2.jpg 987w, https:\/\/www.zhgdled.com\/wp-content\/uploads\/2022\/04\/ZHL-GROW-LIGHT-2-300x218.jpg 300w, https:\/\/www.zhgdled.com\/wp-content\/uploads\/2022\/04\/ZHL-GROW-LIGHT-2-768x559.jpg 768w, https:\/\/www.zhgdled.com\/wp-content\/uploads\/2022\/04\/ZHL-GROW-LIGHT-2-600x436.jpg 600w, https:\/\/www.zhgdled.com\/wp-content\/uploads\/2022\/04\/ZHL-GROW-LIGHT-2-150x109.jpg 150w\" sizes=\"(max-width: 987px) 100vw, 987px\" \/><\/p>\n","protected":false},"excerpt":{"rendered":"<table>\n<tbody>\n<tr>\n<td width=\"98\">Leistung<\/td>\n<td width=\"96\">480W<\/td>\n<td width=\"93\">600W<\/td>\n<td width=\"93\">640W<\/td>\n<td width=\"94\">800W<\/td>\n<td width=\"91\">1000W<\/td>\n<\/tr>\n<tr>\n<td width=\"98\">Lichtquelle 3030<\/td>\n<td width=\"96\">White\/Osram 660nm<\/td>\n<td width=\"93\">White\/Osram 660nm<\/td>\n<td width=\"93\">White\/Osram 660nm<\/td>\n<td width=\"94\">White\/Osram 660nm<\/td>\n<td width=\"91\">White\/Osram 660nm<\/td>\n<\/tr>\n<tr>\n<td width=\"98\">Eingang<\/td>\n<td width=\"96\">100-277V 50\/60Hz<\/td>\n<td width=\"93\">100-277V 50\/60Hz<\/td>\n<td width=\"93\">100-277V 50\/60Hz<\/td>\n<td width=\"94\">100-277V 50\/60Hz<\/td>\n<td width=\"91\">100-277V 50\/60Hz<\/td>\n<\/tr>\n<tr>\n<td width=\"98\">Effizienz<\/td>\n<td width=\"96\">2.7umol\/s\/w<\/td>\n<td width=\"93\">2.7umol\/s\/w<\/td>\n<td width=\"93\">2.7umol\/s\/w<\/td>\n<td width=\"94\">2.7umol\/s\/w<\/td>\n<td width=\"91\">2.7umol\/s\/w<\/td>\n<\/tr>\n<tr>\n<td width=\"98\">PF<\/td>\n<td width=\"96\">&gt;0.95<\/td>\n<td width=\"93\">&gt;0.95<\/td>\n<td width=\"93\">&gt;0.95<\/td>\n<td width=\"94\">&gt;0.95<\/td>\n<td width=\"91\">&gt;0.95<\/td>\n<\/tr>\n<tr>\n<td width=\"98\">PPF<\/td>\n<td width=\"96\">1296umol\/s<\/td>\n<td width=\"93\">1620umol\/s<\/td>\n<td width=\"93\">1725umol\/s<\/td>\n<td width=\"94\">2160umol\/s<\/td>\n<td width=\"91\">2700umol\/s<\/td>\n<\/tr>\n<tr>\n<td width=\"98\">Lichtverteilung<\/td>\n<td width=\"96\">120\u00b0<\/td>\n<td width=\"93\">120\u00b0<\/td>\n<td width=\"93\">120\u00b0<\/td>\n<td width=\"94\">120\u00b0<\/td>\n<td width=\"91\">120\u00b0<\/td>\n<\/tr>\n<tr>\n<td width=\"98\">Arbeitstemp.<\/td>\n<td width=\"96\">-20\u2103~40\u2103<\/td>\n<td width=\"93\">-20\u2103~40\u2103<\/td>\n<td width=\"93\">-20\u2103~40\u2103<\/td>\n<td width=\"94\">-20\u2103~40\u2103<\/td>\n<td width=\"91\">-20\u2103~40\u2103<\/td>\n<\/tr>\n<tr>\n<td width=\"98\">IP-Klasse<\/td>\n<td width=\"96\">IP65<\/td>\n<td width=\"93\">IP65<\/td>\n<td width=\"93\">IP65<\/td>\n<td width=\"94\">IP65<\/td>\n<td width=\"91\">IP65<\/td>\n<\/tr>\n<tr>\n<td width=\"98\">Lumenleistung<\/td>\n<td width=\"96\">85440Lm<\/td>\n<td width=\"93\">108000Lm<\/td>\n<td width=\"93\">115200Lm<\/td>\n<td width=\"94\">144000Lm<\/td>\n<td width=\"91\">180000Lm<\/td>\n<\/tr>\n<\/tbody>\n<\/table>\n","protected":false},"featured_media":13729,"template":"","meta":[],"product_brand":[],"product_cat":[444],"product_tag":[445],"class_list":{"0":"post-13752","1":"product","2":"type-product","3":"status-publish","4":"has-post-thumbnail","6":"product_cat-grow-light-de","7":"product_tag-grow-light-de","9":"first","10":"instock","11":"shipping-taxable","12":"product-type-simple"},"yoast_head":"<!-- This site is optimized with the Yoast SEO plugin v27.4 - https:\/\/yoast.com\/product\/yoast-seo-wordpress\/ -->\n<title>OCTOPUS SERIES LED Wachstumslichter 480W - 1000W &#8211; ZHL Lichtgruppe<\/title>\n<meta name=\"description\" content=\"Maximierte \u00b5mol pro Watt \u2013 Ein hoher Wirkungsgrad von 2,7 umol\/j und ein tats\u00e4chlicher Stromverbrauch von 720 W tragen zu einem effizienten Anbaubetrieb bei, der Ihnen hilft, das Pflanzenwachstum effektiv zu optimieren, die Ertragsqualit\u00e4t zu verbessern und die Betriebskosten zu senken. H\u00f6here PPFD, n\u00e4mlich 1385 \u00b5mol\/s bei 12 Zoll Abstand und 1056 \u00b5mol\/s bei 24 Zoll.\" \/>\n<meta name=\"robots\" content=\"index, follow, max-snippet:-1, max-image-preview:large, max-video-preview:-1\" \/>\n<link rel=\"canonical\" href=\"https:\/\/www.zhgdled.com\/de\/greenhouse-foldable-led-grow-light-480-1000w.html\" \/>\n<meta property=\"og:locale\" content=\"de_DE\" \/>\n<meta property=\"og:type\" content=\"article\" \/>\n<meta property=\"og:title\" content=\"OCTOPUS SERIES LED Wachstumslichter 480W - 1000W &#8211; ZHL Lichtgruppe\" \/>\n<meta property=\"og:description\" content=\"Maximierte \u00b5mol pro Watt \u2013 Ein hoher Wirkungsgrad von 2,7 umol\/j und ein tats\u00e4chlicher Stromverbrauch von 720 W tragen zu einem effizienten Anbaubetrieb bei, der Ihnen hilft, das Pflanzenwachstum effektiv zu optimieren, die Ertragsqualit\u00e4t zu verbessern und die Betriebskosten zu senken. H\u00f6here PPFD, n\u00e4mlich 1385 \u00b5mol\/s bei 12 Zoll Abstand und 1056 \u00b5mol\/s bei 24 Zoll.\" \/>\n<meta property=\"og:url\" content=\"https:\/\/www.zhgdled.com\/de\/greenhouse-foldable-led-grow-light-480-1000w.html\" \/>\n<meta property=\"og:site_name\" content=\"ZHL Lichtgruppe\" \/>\n<meta property=\"article:publisher\" content=\"https:\/\/www.facebook.com\/zhllightinggroup\" \/>\n<meta property=\"article:modified_time\" content=\"2022-08-01T06:25:01+00:00\" \/>\n<meta property=\"og:image\" content=\"https:\/\/www.zhgdled.com\/wp-content\/uploads\/2022\/04\/ZHL-GROW-LIGHT-13.jpg\" \/>\n\t<meta property=\"og:image:width\" content=\"1600\" \/>\n\t<meta property=\"og:image:height\" content=\"1600\" \/>\n\t<meta property=\"og:image:type\" content=\"image\/jpeg\" \/>\n<meta name=\"twitter:card\" content=\"summary_large_image\" \/>\n<meta name=\"twitter:site\" content=\"@zhl_lighting\" \/>\n<meta name=\"twitter:label1\" content=\"Gesch\u00e4tzte Lesezeit\" \/>\n\t<meta name=\"twitter:data1\" content=\"3\u00a0Minuten\" \/>\n<script type=\"application\/ld+json\" class=\"yoast-schema-graph\">{\"@context\":\"https:\\\/\\\/schema.org\",\"@graph\":[{\"@type\":\"WebPage\",\"@id\":\"https:\\\/\\\/www.zhgdled.com\\\/de\\\/greenhouse-foldable-led-grow-light-480-1000w.html\",\"url\":\"https:\\\/\\\/www.zhgdled.com\\\/de\\\/greenhouse-foldable-led-grow-light-480-1000w.html\",\"name\":\"OCTOPUS SERIES LED Wachstumslichter 480W - 1000W &#8211; ZHL Lichtgruppe\",\"isPartOf\":{\"@id\":\"https:\\\/\\\/www.zhgdled.com\\\/de\\\/#website\"},\"primaryImageOfPage\":{\"@id\":\"https:\\\/\\\/www.zhgdled.com\\\/de\\\/greenhouse-foldable-led-grow-light-480-1000w.html#primaryimage\"},\"image\":{\"@id\":\"https:\\\/\\\/www.zhgdled.com\\\/de\\\/greenhouse-foldable-led-grow-light-480-1000w.html#primaryimage\"},\"thumbnailUrl\":\"https:\\\/\\\/www.zhgdled.com\\\/wp-content\\\/uploads\\\/2022\\\/04\\\/ZHL-GROW-LIGHT-13.jpg\",\"datePublished\":\"2022-04-18T06:20:15+00:00\",\"dateModified\":\"2022-08-01T06:25:01+00:00\",\"description\":\"Maximierte \u00b5mol pro Watt \u2013 Ein hoher Wirkungsgrad von 2,7 umol\\\/j und ein tats\u00e4chlicher Stromverbrauch von 720 W tragen zu einem effizienten Anbaubetrieb bei, der Ihnen hilft, das Pflanzenwachstum effektiv zu optimieren, die Ertragsqualit\u00e4t zu verbessern und die Betriebskosten zu senken. H\u00f6here PPFD, n\u00e4mlich 1385 \u00b5mol\\\/s bei 12 Zoll Abstand und 1056 \u00b5mol\\\/s bei 24 Zoll.\",\"breadcrumb\":{\"@id\":\"https:\\\/\\\/www.zhgdled.com\\\/de\\\/greenhouse-foldable-led-grow-light-480-1000w.html#breadcrumb\"},\"inLanguage\":\"de\",\"potentialAction\":[{\"@type\":\"ReadAction\",\"target\":[\"https:\\\/\\\/www.zhgdled.com\\\/de\\\/greenhouse-foldable-led-grow-light-480-1000w.html\"]}]},{\"@type\":\"ImageObject\",\"inLanguage\":\"de\",\"@id\":\"https:\\\/\\\/www.zhgdled.com\\\/de\\\/greenhouse-foldable-led-grow-light-480-1000w.html#primaryimage\",\"url\":\"https:\\\/\\\/www.zhgdled.com\\\/wp-content\\\/uploads\\\/2022\\\/04\\\/ZHL-GROW-LIGHT-13.jpg\",\"contentUrl\":\"https:\\\/\\\/www.zhgdled.com\\\/wp-content\\\/uploads\\\/2022\\\/04\\\/ZHL-GROW-LIGHT-13.jpg\",\"width\":1600,\"height\":1600,\"caption\":\"CRESCIMENTO DE LUZ\"},{\"@type\":\"BreadcrumbList\",\"@id\":\"https:\\\/\\\/www.zhgdled.com\\\/de\\\/greenhouse-foldable-led-grow-light-480-1000w.html#breadcrumb\",\"itemListElement\":[{\"@type\":\"ListItem\",\"position\":1,\"name\":\"Home\",\"item\":\"https:\\\/\\\/www.zhgdled.com\\\/de\"},{\"@type\":\"ListItem\",\"position\":2,\"name\":\"PRODUCTS\",\"item\":\"https:\\\/\\\/www.zhgdled.com\\\/zhl-products.html\"},{\"@type\":\"ListItem\",\"position\":3,\"name\":\"OCTOPUS SERIES LED Wachstumslichter 480W &#8211; 1000W\"}]},{\"@type\":\"WebSite\",\"@id\":\"https:\\\/\\\/www.zhgdled.com\\\/de\\\/#website\",\"url\":\"https:\\\/\\\/www.zhgdled.com\\\/de\\\/\",\"name\":\"ZHL Lichtgruppe\",\"description\":\"Top ranking industrial lighting manufacturer and exporter\",\"publisher\":{\"@id\":\"https:\\\/\\\/www.zhgdled.com\\\/de\\\/#organization\"},\"potentialAction\":[{\"@type\":\"SearchAction\",\"target\":{\"@type\":\"EntryPoint\",\"urlTemplate\":\"https:\\\/\\\/www.zhgdled.com\\\/de\\\/?s={search_term_string}\"},\"query-input\":{\"@type\":\"PropertyValueSpecification\",\"valueRequired\":true,\"valueName\":\"search_term_string\"}}],\"inLanguage\":\"de\"},{\"@type\":\"Organization\",\"@id\":\"https:\\\/\\\/www.zhgdled.com\\\/de\\\/#organization\",\"name\":\"ZHL Lighting Group\",\"url\":\"https:\\\/\\\/www.zhgdled.com\\\/de\\\/\",\"logo\":{\"@type\":\"ImageObject\",\"inLanguage\":\"de\",\"@id\":\"https:\\\/\\\/www.zhgdled.com\\\/de\\\/#\\\/schema\\\/logo\\\/image\\\/\",\"url\":\"\",\"contentUrl\":\"\",\"caption\":\"ZHL Lighting Group\"},\"image\":{\"@id\":\"https:\\\/\\\/www.zhgdled.com\\\/de\\\/#\\\/schema\\\/logo\\\/image\\\/\"},\"sameAs\":[\"https:\\\/\\\/www.facebook.com\\\/zhllightinggroup\",\"https:\\\/\\\/x.com\\\/zhl_lighting\"]}]}<\/script>\n<!-- \/ Yoast SEO plugin. -->","yoast_head_json":{"title":"OCTOPUS SERIES LED Wachstumslichter 480W - 1000W &#8211; ZHL Lichtgruppe","description":"Maximierte \u00b5mol pro Watt \u2013 Ein hoher Wirkungsgrad von 2,7 umol\/j und ein tats\u00e4chlicher Stromverbrauch von 720 W tragen zu einem effizienten Anbaubetrieb bei, der Ihnen hilft, das Pflanzenwachstum effektiv zu optimieren, die Ertragsqualit\u00e4t zu verbessern und die Betriebskosten zu senken. H\u00f6here PPFD, n\u00e4mlich 1385 \u00b5mol\/s bei 12 Zoll Abstand und 1056 \u00b5mol\/s bei 24 Zoll.","robots":{"index":"index","follow":"follow","max-snippet":"max-snippet:-1","max-image-preview":"max-image-preview:large","max-video-preview":"max-video-preview:-1"},"canonical":"https:\/\/www.zhgdled.com\/de\/greenhouse-foldable-led-grow-light-480-1000w.html","og_locale":"de_DE","og_type":"article","og_title":"OCTOPUS SERIES LED Wachstumslichter 480W - 1000W &#8211; ZHL Lichtgruppe","og_description":"Maximierte \u00b5mol pro Watt \u2013 Ein hoher Wirkungsgrad von 2,7 umol\/j und ein tats\u00e4chlicher Stromverbrauch von 720 W tragen zu einem effizienten Anbaubetrieb bei, der Ihnen hilft, das Pflanzenwachstum effektiv zu optimieren, die Ertragsqualit\u00e4t zu verbessern und die Betriebskosten zu senken. H\u00f6here PPFD, n\u00e4mlich 1385 \u00b5mol\/s bei 12 Zoll Abstand und 1056 \u00b5mol\/s bei 24 Zoll.","og_url":"https:\/\/www.zhgdled.com\/de\/greenhouse-foldable-led-grow-light-480-1000w.html","og_site_name":"ZHL Lichtgruppe","article_publisher":"https:\/\/www.facebook.com\/zhllightinggroup","article_modified_time":"2022-08-01T06:25:01+00:00","og_image":[{"width":1600,"height":1600,"url":"https:\/\/www.zhgdled.com\/wp-content\/uploads\/2022\/04\/ZHL-GROW-LIGHT-13.jpg","type":"image\/jpeg"}],"twitter_card":"summary_large_image","twitter_site":"@zhl_lighting","twitter_misc":{"Gesch\u00e4tzte Lesezeit":"3\u00a0Minuten"},"schema":{"@context":"https:\/\/schema.org","@graph":[{"@type":"WebPage","@id":"https:\/\/www.zhgdled.com\/de\/greenhouse-foldable-led-grow-light-480-1000w.html","url":"https:\/\/www.zhgdled.com\/de\/greenhouse-foldable-led-grow-light-480-1000w.html","name":"OCTOPUS SERIES LED Wachstumslichter 480W - 1000W &#8211; ZHL Lichtgruppe","isPartOf":{"@id":"https:\/\/www.zhgdled.com\/de\/#website"},"primaryImageOfPage":{"@id":"https:\/\/www.zhgdled.com\/de\/greenhouse-foldable-led-grow-light-480-1000w.html#primaryimage"},"image":{"@id":"https:\/\/www.zhgdled.com\/de\/greenhouse-foldable-led-grow-light-480-1000w.html#primaryimage"},"thumbnailUrl":"https:\/\/www.zhgdled.com\/wp-content\/uploads\/2022\/04\/ZHL-GROW-LIGHT-13.jpg","datePublished":"2022-04-18T06:20:15+00:00","dateModified":"2022-08-01T06:25:01+00:00","description":"Maximierte \u00b5mol pro Watt \u2013 Ein hoher Wirkungsgrad von 2,7 umol\/j und ein tats\u00e4chlicher Stromverbrauch von 720 W tragen zu einem effizienten Anbaubetrieb bei, der Ihnen hilft, das Pflanzenwachstum effektiv zu optimieren, die Ertragsqualit\u00e4t zu verbessern und die Betriebskosten zu senken. H\u00f6here PPFD, n\u00e4mlich 1385 \u00b5mol\/s bei 12 Zoll Abstand und 1056 \u00b5mol\/s bei 24 Zoll.","breadcrumb":{"@id":"https:\/\/www.zhgdled.com\/de\/greenhouse-foldable-led-grow-light-480-1000w.html#breadcrumb"},"inLanguage":"de","potentialAction":[{"@type":"ReadAction","target":["https:\/\/www.zhgdled.com\/de\/greenhouse-foldable-led-grow-light-480-1000w.html"]}]},{"@type":"ImageObject","inLanguage":"de","@id":"https:\/\/www.zhgdled.com\/de\/greenhouse-foldable-led-grow-light-480-1000w.html#primaryimage","url":"https:\/\/www.zhgdled.com\/wp-content\/uploads\/2022\/04\/ZHL-GROW-LIGHT-13.jpg","contentUrl":"https:\/\/www.zhgdled.com\/wp-content\/uploads\/2022\/04\/ZHL-GROW-LIGHT-13.jpg","width":1600,"height":1600,"caption":"CRESCIMENTO DE LUZ"},{"@type":"BreadcrumbList","@id":"https:\/\/www.zhgdled.com\/de\/greenhouse-foldable-led-grow-light-480-1000w.html#breadcrumb","itemListElement":[{"@type":"ListItem","position":1,"name":"Home","item":"https:\/\/www.zhgdled.com\/de"},{"@type":"ListItem","position":2,"name":"PRODUCTS","item":"https:\/\/www.zhgdled.com\/zhl-products.html"},{"@type":"ListItem","position":3,"name":"OCTOPUS SERIES LED Wachstumslichter 480W &#8211; 1000W"}]},{"@type":"WebSite","@id":"https:\/\/www.zhgdled.com\/de\/#website","url":"https:\/\/www.zhgdled.com\/de\/","name":"ZHL Lichtgruppe","description":"Top ranking industrial lighting manufacturer and exporter","publisher":{"@id":"https:\/\/www.zhgdled.com\/de\/#organization"},"potentialAction":[{"@type":"SearchAction","target":{"@type":"EntryPoint","urlTemplate":"https:\/\/www.zhgdled.com\/de\/?s={search_term_string}"},"query-input":{"@type":"PropertyValueSpecification","valueRequired":true,"valueName":"search_term_string"}}],"inLanguage":"de"},{"@type":"Organization","@id":"https:\/\/www.zhgdled.com\/de\/#organization","name":"ZHL Lighting Group","url":"https:\/\/www.zhgdled.com\/de\/","logo":{"@type":"ImageObject","inLanguage":"de","@id":"https:\/\/www.zhgdled.com\/de\/#\/schema\/logo\/image\/","url":"","contentUrl":"","caption":"ZHL Lighting Group"},"image":{"@id":"https:\/\/www.zhgdled.com\/de\/#\/schema\/logo\/image\/"},"sameAs":["https:\/\/www.facebook.com\/zhllightinggroup","https:\/\/x.com\/zhl_lighting"]}]}},"_links":{"self":[{"href":"https:\/\/www.zhgdled.com\/de\/wp-json\/wp\/v2\/product\/13752","targetHints":{"allow":["GET"]}}],"collection":[{"href":"https:\/\/www.zhgdled.com\/de\/wp-json\/wp\/v2\/product"}],"about":[{"href":"https:\/\/www.zhgdled.com\/de\/wp-json\/wp\/v2\/types\/product"}],"wp:featuredmedia":[{"embeddable":true,"href":"https:\/\/www.zhgdled.com\/de\/wp-json\/wp\/v2\/media\/13729"}],"wp:attachment":[{"href":"https:\/\/www.zhgdled.com\/de\/wp-json\/wp\/v2\/media?parent=13752"}],"wp:term":[{"taxonomy":"product_brand","embeddable":true,"href":"https:\/\/www.zhgdled.com\/de\/wp-json\/wp\/v2\/product_brand?post=13752"},{"taxonomy":"product_cat","embeddable":true,"href":"https:\/\/www.zhgdled.com\/de\/wp-json\/wp\/v2\/product_cat?post=13752"},{"taxonomy":"product_tag","embeddable":true,"href":"https:\/\/www.zhgdled.com\/de\/wp-json\/wp\/v2\/product_tag?post=13752"}],"curies":[{"name":"wp","href":"https:\/\/api.w.org\/{rel}","templated":true}]}}