{"id":13984,"date":"2022-08-10T14:01:36","date_gmt":"2022-08-10T06:01:36","guid":{"rendered":"https:\/\/www.zhgdled.com\/product\/max-series-solar-flood-light"},"modified":"2023-12-26T10:40:54","modified_gmt":"2023-12-26T02:40:54","slug":"max-series-solar-flood-light","status":"publish","type":"product","link":"https:\/\/www.zhgdled.com\/de\/max-series-solar-flood-light.html","title":{"rendered":"Max Serie Solar LED Flutlicht"},"content":{"rendered":"<h2>GETEILTES K\u00d6RPERDESIGN, NIEDRIGER STROMVERBRAUCH, MAXIMALER ABSTRAHLWINKEL F\u00dcR VERSCHIEDENE GELEGENHEITEN<\/h2>\n<ul>\n<li>Multi-Winkel-Einstellung, geeignet f\u00fcr die Installation bei vielen Gelegenheiten<\/li>\n<li>18650 Lithiumbatterie, 3,7 V\/2 AH<\/li>\n<li>Verf\u00fcgbar f\u00fcr die Installationsanforderungen verschiedener Breitengrade<\/li>\n<li>Professionelles wasserdichtes Design<\/li>\n<li>Konfigurieren Sie einen empfindlichen und stabilen PIR-Sensor<\/li>\n<\/ul>\n<h2>SPEZIFIKATION<\/h2>\n<table>\n<tbody>\n<tr>\n<td width=\"207\">Leistung<\/td>\n<td width=\"381\">3W<\/td>\n<\/tr>\n<tr>\n<td width=\"207\">Farbtemperatur(CCT)<\/td>\n<td width=\"381\">3000K\/4000K\/6500K<\/td>\n<\/tr>\n<tr>\n<td width=\"207\">Lichteffizienz (lm\/w)<\/td>\n<td width=\"381\">125Lm\/W<\/td>\n<\/tr>\n<tr>\n<td width=\"207\">Eingangsspannung (V)<\/td>\n<td width=\"381\">DC3.7V<\/td>\n<\/tr>\n<tr>\n<td width=\"207\">PF<\/td>\n<td width=\"381\">&gt;0.9<\/td>\n<\/tr>\n<tr>\n<td width=\"207\">CRI (Ra)<\/td>\n<td width=\"381\">&gt;80<\/td>\n<\/tr>\n<tr>\n<td width=\"207\">Abstrahlwinkel(\u00b0)<\/td>\n<td width=\"381\">120<\/td>\n<\/tr>\n<tr>\n<td width=\"207\">IP-Klasse<\/td>\n<td width=\"381\">IP44<\/td>\n<\/tr>\n<tr>\n<td width=\"207\">Material<\/td>\n<td width=\"381\">Aluminiumgeh\u00e4use + PC-Abdeckung<\/td>\n<\/tr>\n<tr>\n<td width=\"207\">Arbeitstemperatur(\u2103)<\/td>\n<td width=\"381\">-20-+50<\/td>\n<\/tr>\n<tr>\n<td width=\"207\">Maximale Beleuchtungsentfernung<\/td>\n<td width=\"381\">8M<\/td>\n<\/tr>\n<tr>\n<td width=\"207\">Zertifizierung<\/td>\n<td width=\"381\">ETL, DLC, FCC, CB<\/td>\n<\/tr>\n<\/tbody>\n<\/table>\n","protected":false},"excerpt":{"rendered":"<p>Die LED-Solarflutleuchte der Max-Serie ist eine Au\u00dfenleuchte mit geteiltem Geh\u00e4use und geringem Stromverbrauch. Es verf\u00fcgt \u00fcber einen maximalen Abstrahlwinkel f\u00fcr verschiedene Gelegenheiten.<\/p>\n<table>\n<tbody>\n<tr>\n<td width=\"207\">Leistung<\/td>\n<td width=\"381\">3W<\/td>\n<\/tr>\n<tr>\n<td width=\"207\">Farbtemperatur(CCT)<\/td>\n<td width=\"381\">3000K\/4000K\/6500K<\/td>\n<\/tr>\n<tr>\n<td width=\"207\">Lichteffizienz (lm\/w)<\/td>\n<td width=\"381\">125Lm\/W<\/td>\n<\/tr>\n<tr>\n<td width=\"207\">Eingangsspannung (V)<\/td>\n<td width=\"381\">DC3.7V<\/td>\n<\/tr>\n<tr>\n<td width=\"207\">PF<\/td>\n<td width=\"381\">&gt;0.9<\/td>\n<\/tr>\n<tr>\n<td width=\"207\">CRI (Ra)<\/td>\n<td width=\"381\">&gt;80<\/td>\n<\/tr>\n<tr>\n<td width=\"207\">Abstrahlwinkel(\u00b0)<\/td>\n<td width=\"381\">120<\/td>\n<\/tr>\n<tr>\n<td width=\"207\">IP-Klasse<\/td>\n<td width=\"381\">IP44<\/td>\n<\/tr>\n<tr>\n<td width=\"207\">Material<\/td>\n<td width=\"381\">Aluminiumgeh\u00e4use + PC-Abdeckung<\/td>\n<\/tr>\n<tr>\n<td width=\"207\">Arbeitstemperatur(\u2103)<\/td>\n<td width=\"381\">-20-+50<\/td>\n<\/tr>\n<tr>\n<td width=\"207\">Maximale Beleuchtungsentfernung<\/td>\n<td width=\"381\">8M<\/td>\n<\/tr>\n<tr>\n<td width=\"207\">Zertifizierung<\/td>\n<td width=\"381\">ETL, DLC, FCC, CB<\/td>\n<\/tr>\n<\/tbody>\n<\/table>\n","protected":false},"featured_media":13940,"template":"","meta":[],"product_brand":[],"product_cat":[635],"product_tag":[435],"class_list":{"0":"post-13984","1":"product","2":"type-product","3":"status-publish","4":"has-post-thumbnail","6":"product_cat-solarflutlichter","7":"product_tag-solar-flood-light-de","9":"first","10":"instock","11":"shipping-taxable","12":"product-type-simple"},"yoast_head":"<!-- This site is optimized with the Yoast SEO plugin v27.5 - https:\/\/yoast.com\/product\/yoast-seo-wordpress\/ -->\n<title>Max Serie Solar LED Flutlicht &#8211; ZHL Lichtgruppe<\/title>\n<meta name=\"description\" content=\"Die LED-Solarflutleuchte der Max-Serie ist eine Au\u00dfenleuchte mit geteiltem Geh\u00e4use und geringem Stromverbrauch. Es verf\u00fcgt \u00fcber einen maximalen Abstrahlwinkel f\u00fcr verschiedene Gelegenheiten.\" \/>\n<meta name=\"robots\" content=\"index, follow, max-snippet:-1, max-image-preview:large, max-video-preview:-1\" \/>\n<link rel=\"canonical\" href=\"https:\/\/www.zhgdled.com\/de\/max-series-solar-flood-light.html\" \/>\n<meta property=\"og:locale\" content=\"de_DE\" \/>\n<meta property=\"og:type\" content=\"article\" \/>\n<meta property=\"og:title\" content=\"Max Serie Solar LED Flutlicht &#8211; ZHL Lichtgruppe\" \/>\n<meta property=\"og:description\" content=\"Die LED-Solarflutleuchte der Max-Serie ist eine Au\u00dfenleuchte mit geteiltem Geh\u00e4use und geringem Stromverbrauch. Es verf\u00fcgt \u00fcber einen maximalen Abstrahlwinkel f\u00fcr verschiedene Gelegenheiten.\" \/>\n<meta property=\"og:url\" content=\"https:\/\/www.zhgdled.com\/de\/max-series-solar-flood-light.html\" \/>\n<meta property=\"og:site_name\" content=\"ZHL Lichtgruppe\" \/>\n<meta property=\"article:publisher\" content=\"https:\/\/www.facebook.com\/zhllightinggroup\" \/>\n<meta property=\"article:modified_time\" content=\"2023-12-26T02:40:54+00:00\" \/>\n<meta property=\"og:image\" content=\"https:\/\/www.zhgdled.com\/wp-content\/uploads\/2022\/08\/0.png\" \/>\n\t<meta property=\"og:image:width\" content=\"1600\" \/>\n\t<meta property=\"og:image:height\" content=\"1600\" \/>\n\t<meta property=\"og:image:type\" content=\"image\/png\" \/>\n<meta name=\"twitter:card\" content=\"summary_large_image\" \/>\n<meta name=\"twitter:site\" content=\"@zhl_lighting\" \/>\n<meta name=\"twitter:label1\" content=\"Gesch\u00e4tzte Lesezeit\" \/>\n\t<meta name=\"twitter:data1\" content=\"1\u00a0Minute\" \/>\n<script type=\"application\/ld+json\" class=\"yoast-schema-graph\">{\"@context\":\"https:\\\/\\\/schema.org\",\"@graph\":[{\"@type\":\"WebPage\",\"@id\":\"https:\\\/\\\/www.zhgdled.com\\\/de\\\/max-series-solar-flood-light.html\",\"url\":\"https:\\\/\\\/www.zhgdled.com\\\/de\\\/max-series-solar-flood-light.html\",\"name\":\"Max Serie Solar LED Flutlicht &#8211; ZHL Lichtgruppe\",\"isPartOf\":{\"@id\":\"https:\\\/\\\/www.zhgdled.com\\\/de\\\/#website\"},\"primaryImageOfPage\":{\"@id\":\"https:\\\/\\\/www.zhgdled.com\\\/de\\\/max-series-solar-flood-light.html#primaryimage\"},\"image\":{\"@id\":\"https:\\\/\\\/www.zhgdled.com\\\/de\\\/max-series-solar-flood-light.html#primaryimage\"},\"thumbnailUrl\":\"https:\\\/\\\/www.zhgdled.com\\\/wp-content\\\/uploads\\\/2022\\\/08\\\/0.png\",\"datePublished\":\"2022-08-10T06:01:36+00:00\",\"dateModified\":\"2023-12-26T02:40:54+00:00\",\"description\":\"Die LED-Solarflutleuchte der Max-Serie ist eine Au\u00dfenleuchte mit geteiltem Geh\u00e4use und geringem Stromverbrauch. Es verf\u00fcgt \u00fcber einen maximalen Abstrahlwinkel f\u00fcr verschiedene Gelegenheiten.\",\"breadcrumb\":{\"@id\":\"https:\\\/\\\/www.zhgdled.com\\\/de\\\/max-series-solar-flood-light.html#breadcrumb\"},\"inLanguage\":\"de\",\"potentialAction\":[{\"@type\":\"ReadAction\",\"target\":[\"https:\\\/\\\/www.zhgdled.com\\\/de\\\/max-series-solar-flood-light.html\"]}]},{\"@type\":\"ImageObject\",\"inLanguage\":\"de\",\"@id\":\"https:\\\/\\\/www.zhgdled.com\\\/de\\\/max-series-solar-flood-light.html#primaryimage\",\"url\":\"https:\\\/\\\/www.zhgdled.com\\\/wp-content\\\/uploads\\\/2022\\\/08\\\/0.png\",\"contentUrl\":\"https:\\\/\\\/www.zhgdled.com\\\/wp-content\\\/uploads\\\/2022\\\/08\\\/0.png\",\"width\":1600,\"height\":1600,\"caption\":\"luz de inunda\u00e7\u00e3o solar da s\u00e9rie max\"},{\"@type\":\"BreadcrumbList\",\"@id\":\"https:\\\/\\\/www.zhgdled.com\\\/de\\\/max-series-solar-flood-light.html#breadcrumb\",\"itemListElement\":[{\"@type\":\"ListItem\",\"position\":1,\"name\":\"Home\",\"item\":\"https:\\\/\\\/www.zhgdled.com\\\/de\"},{\"@type\":\"ListItem\",\"position\":2,\"name\":\"PRODUCTS\",\"item\":\"https:\\\/\\\/www.zhgdled.com\\\/zhl-products.html\"},{\"@type\":\"ListItem\",\"position\":3,\"name\":\"Max Serie Solar LED Flutlicht\"}]},{\"@type\":\"WebSite\",\"@id\":\"https:\\\/\\\/www.zhgdled.com\\\/de\\\/#website\",\"url\":\"https:\\\/\\\/www.zhgdled.com\\\/de\\\/\",\"name\":\"ZHL Lichtgruppe\",\"description\":\"Top ranking industrial lighting manufacturer and exporter\",\"publisher\":{\"@id\":\"https:\\\/\\\/www.zhgdled.com\\\/de\\\/#organization\"},\"potentialAction\":[{\"@type\":\"SearchAction\",\"target\":{\"@type\":\"EntryPoint\",\"urlTemplate\":\"https:\\\/\\\/www.zhgdled.com\\\/de\\\/?s={search_term_string}\"},\"query-input\":{\"@type\":\"PropertyValueSpecification\",\"valueRequired\":true,\"valueName\":\"search_term_string\"}}],\"inLanguage\":\"de\"},{\"@type\":\"Organization\",\"@id\":\"https:\\\/\\\/www.zhgdled.com\\\/de\\\/#organization\",\"name\":\"ZHL Lighting Group\",\"url\":\"https:\\\/\\\/www.zhgdled.com\\\/de\\\/\",\"logo\":{\"@type\":\"ImageObject\",\"inLanguage\":\"de\",\"@id\":\"https:\\\/\\\/www.zhgdled.com\\\/de\\\/#\\\/schema\\\/logo\\\/image\\\/\",\"url\":\"\",\"contentUrl\":\"\",\"caption\":\"ZHL Lighting Group\"},\"image\":{\"@id\":\"https:\\\/\\\/www.zhgdled.com\\\/de\\\/#\\\/schema\\\/logo\\\/image\\\/\"},\"sameAs\":[\"https:\\\/\\\/www.facebook.com\\\/zhllightinggroup\",\"https:\\\/\\\/x.com\\\/zhl_lighting\"]}]}<\/script>\n<!-- \/ Yoast SEO plugin. -->","yoast_head_json":{"title":"Max Serie Solar LED Flutlicht &#8211; ZHL Lichtgruppe","description":"Die LED-Solarflutleuchte der Max-Serie ist eine Au\u00dfenleuchte mit geteiltem Geh\u00e4use und geringem Stromverbrauch. Es verf\u00fcgt \u00fcber einen maximalen Abstrahlwinkel f\u00fcr verschiedene Gelegenheiten.","robots":{"index":"index","follow":"follow","max-snippet":"max-snippet:-1","max-image-preview":"max-image-preview:large","max-video-preview":"max-video-preview:-1"},"canonical":"https:\/\/www.zhgdled.com\/de\/max-series-solar-flood-light.html","og_locale":"de_DE","og_type":"article","og_title":"Max Serie Solar LED Flutlicht &#8211; ZHL Lichtgruppe","og_description":"Die LED-Solarflutleuchte der Max-Serie ist eine Au\u00dfenleuchte mit geteiltem Geh\u00e4use und geringem Stromverbrauch. Es verf\u00fcgt \u00fcber einen maximalen Abstrahlwinkel f\u00fcr verschiedene Gelegenheiten.","og_url":"https:\/\/www.zhgdled.com\/de\/max-series-solar-flood-light.html","og_site_name":"ZHL Lichtgruppe","article_publisher":"https:\/\/www.facebook.com\/zhllightinggroup","article_modified_time":"2023-12-26T02:40:54+00:00","og_image":[{"width":1600,"height":1600,"url":"https:\/\/www.zhgdled.com\/wp-content\/uploads\/2022\/08\/0.png","type":"image\/png"}],"twitter_card":"summary_large_image","twitter_site":"@zhl_lighting","twitter_misc":{"Gesch\u00e4tzte Lesezeit":"1\u00a0Minute"},"schema":{"@context":"https:\/\/schema.org","@graph":[{"@type":"WebPage","@id":"https:\/\/www.zhgdled.com\/de\/max-series-solar-flood-light.html","url":"https:\/\/www.zhgdled.com\/de\/max-series-solar-flood-light.html","name":"Max Serie Solar LED Flutlicht &#8211; ZHL Lichtgruppe","isPartOf":{"@id":"https:\/\/www.zhgdled.com\/de\/#website"},"primaryImageOfPage":{"@id":"https:\/\/www.zhgdled.com\/de\/max-series-solar-flood-light.html#primaryimage"},"image":{"@id":"https:\/\/www.zhgdled.com\/de\/max-series-solar-flood-light.html#primaryimage"},"thumbnailUrl":"https:\/\/www.zhgdled.com\/wp-content\/uploads\/2022\/08\/0.png","datePublished":"2022-08-10T06:01:36+00:00","dateModified":"2023-12-26T02:40:54+00:00","description":"Die LED-Solarflutleuchte der Max-Serie ist eine Au\u00dfenleuchte mit geteiltem Geh\u00e4use und geringem Stromverbrauch. Es verf\u00fcgt \u00fcber einen maximalen Abstrahlwinkel f\u00fcr verschiedene Gelegenheiten.","breadcrumb":{"@id":"https:\/\/www.zhgdled.com\/de\/max-series-solar-flood-light.html#breadcrumb"},"inLanguage":"de","potentialAction":[{"@type":"ReadAction","target":["https:\/\/www.zhgdled.com\/de\/max-series-solar-flood-light.html"]}]},{"@type":"ImageObject","inLanguage":"de","@id":"https:\/\/www.zhgdled.com\/de\/max-series-solar-flood-light.html#primaryimage","url":"https:\/\/www.zhgdled.com\/wp-content\/uploads\/2022\/08\/0.png","contentUrl":"https:\/\/www.zhgdled.com\/wp-content\/uploads\/2022\/08\/0.png","width":1600,"height":1600,"caption":"luz de inunda\u00e7\u00e3o solar da s\u00e9rie max"},{"@type":"BreadcrumbList","@id":"https:\/\/www.zhgdled.com\/de\/max-series-solar-flood-light.html#breadcrumb","itemListElement":[{"@type":"ListItem","position":1,"name":"Home","item":"https:\/\/www.zhgdled.com\/de"},{"@type":"ListItem","position":2,"name":"PRODUCTS","item":"https:\/\/www.zhgdled.com\/zhl-products.html"},{"@type":"ListItem","position":3,"name":"Max Serie Solar LED Flutlicht"}]},{"@type":"WebSite","@id":"https:\/\/www.zhgdled.com\/de\/#website","url":"https:\/\/www.zhgdled.com\/de\/","name":"ZHL Lichtgruppe","description":"Top ranking industrial lighting manufacturer and exporter","publisher":{"@id":"https:\/\/www.zhgdled.com\/de\/#organization"},"potentialAction":[{"@type":"SearchAction","target":{"@type":"EntryPoint","urlTemplate":"https:\/\/www.zhgdled.com\/de\/?s={search_term_string}"},"query-input":{"@type":"PropertyValueSpecification","valueRequired":true,"valueName":"search_term_string"}}],"inLanguage":"de"},{"@type":"Organization","@id":"https:\/\/www.zhgdled.com\/de\/#organization","name":"ZHL Lighting Group","url":"https:\/\/www.zhgdled.com\/de\/","logo":{"@type":"ImageObject","inLanguage":"de","@id":"https:\/\/www.zhgdled.com\/de\/#\/schema\/logo\/image\/","url":"","contentUrl":"","caption":"ZHL Lighting Group"},"image":{"@id":"https:\/\/www.zhgdled.com\/de\/#\/schema\/logo\/image\/"},"sameAs":["https:\/\/www.facebook.com\/zhllightinggroup","https:\/\/x.com\/zhl_lighting"]}]}},"_links":{"self":[{"href":"https:\/\/www.zhgdled.com\/de\/wp-json\/wp\/v2\/product\/13984","targetHints":{"allow":["GET"]}}],"collection":[{"href":"https:\/\/www.zhgdled.com\/de\/wp-json\/wp\/v2\/product"}],"about":[{"href":"https:\/\/www.zhgdled.com\/de\/wp-json\/wp\/v2\/types\/product"}],"wp:featuredmedia":[{"embeddable":true,"href":"https:\/\/www.zhgdled.com\/de\/wp-json\/wp\/v2\/media\/13940"}],"wp:attachment":[{"href":"https:\/\/www.zhgdled.com\/de\/wp-json\/wp\/v2\/media?parent=13984"}],"wp:term":[{"taxonomy":"product_brand","embeddable":true,"href":"https:\/\/www.zhgdled.com\/de\/wp-json\/wp\/v2\/product_brand?post=13984"},{"taxonomy":"product_cat","embeddable":true,"href":"https:\/\/www.zhgdled.com\/de\/wp-json\/wp\/v2\/product_cat?post=13984"},{"taxonomy":"product_tag","embeddable":true,"href":"https:\/\/www.zhgdled.com\/de\/wp-json\/wp\/v2\/product_tag?post=13984"}],"curies":[{"name":"wp","href":"https:\/\/api.w.org\/{rel}","templated":true}]}}