{"id":14608,"date":"2023-10-24T16:24:17","date_gmt":"2022-09-26T08:24:17","guid":{"rendered":"https:\/\/www.zhgdled.com\/product\/explorer-series-solar-street-light"},"modified":"2022-09-26T16:37:08","modified_gmt":"2022-09-26T08:37:08","slug":"explorer-serie-solar-strassenleuchte","status":"publish","type":"product","link":"https:\/\/www.zhgdled.com\/de\/explorer-serie-solar-strassenleuchte.html","title":{"rendered":"EXPLORER SERIE LED SOLAR STRASSENLEUCHTE"},"content":{"rendered":"<h2>BRINGEN SIE LICHT IN IHRE BEREICHE OHNE NETZ, INSTALLIEREN UND GEHEN, KEINE VERKABELUNG ERFORDERLICH<\/h2>\n<ul>\n<li>Hohe Lichtausbeute &gt;180lm\/W zur Maximierung der Batterieleistung.<\/li>\n<li>PWM-Laderegler f\u00fcr maximale Ladeeffizienz. Intelligente Steuerung von Lade- und Entladekreisen (\u00fcber 2000 Mal).<\/li>\n<li>Funktioniert nahtlos f\u00fcr 2-3 Regentage im intelligenten Modus.<\/li>\n<li>ZHL-Aluminium-Druckgussgeh\u00e4use f\u00fcr Stabilit\u00e4t und hervorragende W\u00e4rmeableitung.<\/li>\n<\/ul>\n<h2>ANWENDUNG<\/h2>\n<ul>\n<li>Stra\u00dfe<\/li>\n<li>Einkaufszentren<\/li>\n<li>Industrie, B\u00fcro und Schulcampus<\/li>\n<li>Parks, Fu\u00dfg\u00e4ngerwege, Radwege<\/li>\n<li>Vorstadtgebiete<\/li>\n<\/ul>\n<h2>SPEZIFIKATIONEN<\/h2>\n<table>\n<tbody>\n<tr>\n<td width=\"284\">Power (W)<\/td>\n<td width=\"284\">20w\/30w<\/td>\n<\/tr>\n<tr>\n<td width=\"284\">CCT<\/td>\n<td width=\"284\">5700K<\/td>\n<\/tr>\n<tr>\n<td width=\"284\">CRI<\/td>\n<td width=\"284\">Ra70<\/td>\n<\/tr>\n<tr>\n<td width=\"284\">Efficiency (lm\/w)<\/td>\n<td width=\"284\">180<\/td>\n<\/tr>\n<tr>\n<td width=\"284\">Luminous Flux (lm)<\/td>\n<td width=\"284\">3600\/5400<\/td>\n<\/tr>\n<tr>\n<td width=\"284\">Dimmable<\/td>\n<td width=\"284\">Yes<\/td>\n<\/tr>\n<tr>\n<td width=\"284\">Battery location<\/td>\n<td width=\"284\">Built-in<\/td>\n<\/tr>\n<tr>\n<td width=\"284\">Battery circles<\/td>\n<td width=\"284\">2000 times<\/td>\n<\/tr>\n<tr>\n<td width=\"284\">Battery type<\/td>\n<td width=\"284\">LiFePO4<\/td>\n<\/tr>\n<tr>\n<td width=\"284\">Charging controller<\/td>\n<td width=\"284\">PWM<\/td>\n<\/tr>\n<tr>\n<td width=\"284\">Solar Panel<\/td>\n<td width=\"284\">Mono Crystalline<\/td>\n<\/tr>\n<tr>\n<td width=\"284\">Work mode<\/td>\n<td width=\"284\">Microwave, time control, Remote control<\/td>\n<\/tr>\n<tr>\n<td width=\"284\">Ambient temperature range<\/td>\n<td width=\"284\">-10\u2103-+45\u2103<\/td>\n<\/tr>\n<\/tbody>\n<\/table>\n","protected":false},"excerpt":{"rendered":"<p>Hohe Lichtausbeute &gt;180lm\/W zur Maximierung der Batterieleistung. PWM-Laderegler f\u00fcr maximale Ladeeffizienz. Intelligente Steuerung von Lade- und Entladekreisen (\u00fcber 2000 Mal). Funktioniert nahtlos f\u00fcr 2-3 Regentage im intelligenten Modus. ZHL-Aluminium-Druckgussgeh\u00e4use f\u00fcr Stabilit\u00e4t und hervorragende W\u00e4rmeableitung.<\/p>\n<p><a href=\"https:\/\/www.zhgdled.com\/download\/explorer-series-solar-street-lights\">Klicken Sie hier<\/a>, um den Katalog herunterzuladen<\/p>\n<ul>\n<li>Leistung: 20 W\/30 W<\/li>\n<li>5700K<\/li>\n<li>180lm\/w<\/li>\n<li>LiFePO4 Akku, &gt;2000 Ladekreise<\/li>\n<li>Mikrowelle, Zeitsteuerung, Fernbedienung<\/li>\n<\/ul>\n","protected":false},"featured_media":14567,"template":"","meta":[],"product_brand":[],"product_cat":[],"product_tag":[],"class_list":{"0":"post-14608","1":"product","2":"type-product","3":"status-publish","4":"has-post-thumbnail","7":"first","8":"instock","9":"shipping-taxable","10":"product-type-simple"},"yoast_head":"<!-- This site is optimized with the Yoast SEO plugin v27.4 - https:\/\/yoast.com\/product\/yoast-seo-wordpress\/ -->\n<title>EXPLORER SERIE LED SOLAR STRASSENLEUCHTE &#8211; ZHL Lichtgruppe<\/title>\n<meta name=\"description\" content=\"Hohe Lichtausbeute &gt;180 lm\/w zur Maximierung der Batterieleistung. PWM-Laderegler f\u00fcr maximale Ladeeffizienz. Intelligente Steuerung von Lade- und Entladekreisen (\u00fcber 2000 Mal). Funktioniert nahtlos f\u00fcr 2-3 Regentage im intelligenten Modus. ZHL-Druckguss-Aluminiumgeh\u00e4use f\u00fcr Stabilit\u00e4t und hervorragende W\u00e4rmeableitung.\" \/>\n<meta name=\"robots\" content=\"index, follow, max-snippet:-1, max-image-preview:large, max-video-preview:-1\" \/>\n<link rel=\"canonical\" href=\"https:\/\/www.zhgdled.com\/de\/explorer-serie-solar-strassenleuchte.html\" \/>\n<meta property=\"og:locale\" content=\"de_DE\" \/>\n<meta property=\"og:type\" content=\"article\" \/>\n<meta property=\"og:title\" content=\"EXPLORER SERIE LED SOLAR STRASSENLEUCHTE &#8211; ZHL Lichtgruppe\" \/>\n<meta property=\"og:description\" content=\"Hohe Lichtausbeute &gt;180 lm\/w zur Maximierung der Batterieleistung. PWM-Laderegler f\u00fcr maximale Ladeeffizienz. Intelligente Steuerung von Lade- und Entladekreisen (\u00fcber 2000 Mal). Funktioniert nahtlos f\u00fcr 2-3 Regentage im intelligenten Modus. ZHL-Druckguss-Aluminiumgeh\u00e4use f\u00fcr Stabilit\u00e4t und hervorragende W\u00e4rmeableitung.\" \/>\n<meta property=\"og:url\" content=\"https:\/\/www.zhgdled.com\/de\/explorer-serie-solar-strassenleuchte.html\" \/>\n<meta property=\"og:site_name\" content=\"ZHL Lichtgruppe\" \/>\n<meta property=\"article:publisher\" content=\"https:\/\/www.facebook.com\/zhllightinggroup\" \/>\n<meta property=\"article:modified_time\" content=\"2022-09-26T08:37:08+00:00\" \/>\n<meta property=\"og:image\" content=\"https:\/\/www.zhgdled.com\/wp-content\/uploads\/2022\/09\/1664173366336.jpg\" \/>\n\t<meta property=\"og:image:width\" content=\"1721\" \/>\n\t<meta property=\"og:image:height\" content=\"1721\" \/>\n\t<meta property=\"og:image:type\" content=\"image\/jpeg\" \/>\n<meta name=\"twitter:card\" content=\"summary_large_image\" \/>\n<meta name=\"twitter:site\" content=\"@zhl_lighting\" \/>\n<meta name=\"twitter:label1\" content=\"Gesch\u00e4tzte Lesezeit\" \/>\n\t<meta name=\"twitter:data1\" content=\"1\u00a0Minute\" \/>\n<script type=\"application\/ld+json\" class=\"yoast-schema-graph\">{\"@context\":\"https:\\\/\\\/schema.org\",\"@graph\":[{\"@type\":\"WebPage\",\"@id\":\"https:\\\/\\\/www.zhgdled.com\\\/de\\\/explorer-serie-solar-strassenleuchte.html\",\"url\":\"https:\\\/\\\/www.zhgdled.com\\\/de\\\/explorer-serie-solar-strassenleuchte.html\",\"name\":\"EXPLORER SERIE LED SOLAR STRASSENLEUCHTE &#8211; ZHL Lichtgruppe\",\"isPartOf\":{\"@id\":\"https:\\\/\\\/www.zhgdled.com\\\/de\\\/#website\"},\"primaryImageOfPage\":{\"@id\":\"https:\\\/\\\/www.zhgdled.com\\\/de\\\/explorer-serie-solar-strassenleuchte.html#primaryimage\"},\"image\":{\"@id\":\"https:\\\/\\\/www.zhgdled.com\\\/de\\\/explorer-serie-solar-strassenleuchte.html#primaryimage\"},\"thumbnailUrl\":\"https:\\\/\\\/www.zhgdled.com\\\/wp-content\\\/uploads\\\/2022\\\/09\\\/1664173366336.jpg\",\"datePublished\":\"2022-09-26T08:24:17+00:00\",\"dateModified\":\"2022-09-26T08:37:08+00:00\",\"description\":\"Hohe Lichtausbeute >180 lm\\\/w zur Maximierung der Batterieleistung. PWM-Laderegler f\u00fcr maximale Ladeeffizienz. Intelligente Steuerung von Lade- und Entladekreisen (\u00fcber 2000 Mal). Funktioniert nahtlos f\u00fcr 2-3 Regentage im intelligenten Modus. ZHL-Druckguss-Aluminiumgeh\u00e4use f\u00fcr Stabilit\u00e4t und hervorragende W\u00e4rmeableitung.\",\"breadcrumb\":{\"@id\":\"https:\\\/\\\/www.zhgdled.com\\\/de\\\/explorer-serie-solar-strassenleuchte.html#breadcrumb\"},\"inLanguage\":\"de\",\"potentialAction\":[{\"@type\":\"ReadAction\",\"target\":[\"https:\\\/\\\/www.zhgdled.com\\\/de\\\/explorer-serie-solar-strassenleuchte.html\"]}]},{\"@type\":\"ImageObject\",\"inLanguage\":\"de\",\"@id\":\"https:\\\/\\\/www.zhgdled.com\\\/de\\\/explorer-serie-solar-strassenleuchte.html#primaryimage\",\"url\":\"https:\\\/\\\/www.zhgdled.com\\\/wp-content\\\/uploads\\\/2022\\\/09\\\/1664173366336.jpg\",\"contentUrl\":\"https:\\\/\\\/www.zhgdled.com\\\/wp-content\\\/uploads\\\/2022\\\/09\\\/1664173366336.jpg\",\"width\":1721,\"height\":1721,\"caption\":\"Explorer series solar street light\"},{\"@type\":\"BreadcrumbList\",\"@id\":\"https:\\\/\\\/www.zhgdled.com\\\/de\\\/explorer-serie-solar-strassenleuchte.html#breadcrumb\",\"itemListElement\":[{\"@type\":\"ListItem\",\"position\":1,\"name\":\"Home\",\"item\":\"https:\\\/\\\/www.zhgdled.com\\\/de\"},{\"@type\":\"ListItem\",\"position\":2,\"name\":\"PRODUCTS\",\"item\":\"https:\\\/\\\/www.zhgdled.com\\\/zhl-products.html\"},{\"@type\":\"ListItem\",\"position\":3,\"name\":\"EXPLORER SERIE LED SOLAR STRASSENLEUCHTE\"}]},{\"@type\":\"WebSite\",\"@id\":\"https:\\\/\\\/www.zhgdled.com\\\/de\\\/#website\",\"url\":\"https:\\\/\\\/www.zhgdled.com\\\/de\\\/\",\"name\":\"ZHL Lichtgruppe\",\"description\":\"Top ranking industrial lighting manufacturer and exporter\",\"publisher\":{\"@id\":\"https:\\\/\\\/www.zhgdled.com\\\/de\\\/#organization\"},\"potentialAction\":[{\"@type\":\"SearchAction\",\"target\":{\"@type\":\"EntryPoint\",\"urlTemplate\":\"https:\\\/\\\/www.zhgdled.com\\\/de\\\/?s={search_term_string}\"},\"query-input\":{\"@type\":\"PropertyValueSpecification\",\"valueRequired\":true,\"valueName\":\"search_term_string\"}}],\"inLanguage\":\"de\"},{\"@type\":\"Organization\",\"@id\":\"https:\\\/\\\/www.zhgdled.com\\\/de\\\/#organization\",\"name\":\"ZHL Lighting Group\",\"url\":\"https:\\\/\\\/www.zhgdled.com\\\/de\\\/\",\"logo\":{\"@type\":\"ImageObject\",\"inLanguage\":\"de\",\"@id\":\"https:\\\/\\\/www.zhgdled.com\\\/de\\\/#\\\/schema\\\/logo\\\/image\\\/\",\"url\":\"\",\"contentUrl\":\"\",\"caption\":\"ZHL Lighting Group\"},\"image\":{\"@id\":\"https:\\\/\\\/www.zhgdled.com\\\/de\\\/#\\\/schema\\\/logo\\\/image\\\/\"},\"sameAs\":[\"https:\\\/\\\/www.facebook.com\\\/zhllightinggroup\",\"https:\\\/\\\/x.com\\\/zhl_lighting\"]}]}<\/script>\n<!-- \/ Yoast SEO plugin. -->","yoast_head_json":{"title":"EXPLORER SERIE LED SOLAR STRASSENLEUCHTE &#8211; ZHL Lichtgruppe","description":"Hohe Lichtausbeute >180 lm\/w zur Maximierung der Batterieleistung. PWM-Laderegler f\u00fcr maximale Ladeeffizienz. Intelligente Steuerung von Lade- und Entladekreisen (\u00fcber 2000 Mal). Funktioniert nahtlos f\u00fcr 2-3 Regentage im intelligenten Modus. ZHL-Druckguss-Aluminiumgeh\u00e4use f\u00fcr Stabilit\u00e4t und hervorragende W\u00e4rmeableitung.","robots":{"index":"index","follow":"follow","max-snippet":"max-snippet:-1","max-image-preview":"max-image-preview:large","max-video-preview":"max-video-preview:-1"},"canonical":"https:\/\/www.zhgdled.com\/de\/explorer-serie-solar-strassenleuchte.html","og_locale":"de_DE","og_type":"article","og_title":"EXPLORER SERIE LED SOLAR STRASSENLEUCHTE &#8211; ZHL Lichtgruppe","og_description":"Hohe Lichtausbeute >180 lm\/w zur Maximierung der Batterieleistung. PWM-Laderegler f\u00fcr maximale Ladeeffizienz. Intelligente Steuerung von Lade- und Entladekreisen (\u00fcber 2000 Mal). Funktioniert nahtlos f\u00fcr 2-3 Regentage im intelligenten Modus. ZHL-Druckguss-Aluminiumgeh\u00e4use f\u00fcr Stabilit\u00e4t und hervorragende W\u00e4rmeableitung.","og_url":"https:\/\/www.zhgdled.com\/de\/explorer-serie-solar-strassenleuchte.html","og_site_name":"ZHL Lichtgruppe","article_publisher":"https:\/\/www.facebook.com\/zhllightinggroup","article_modified_time":"2022-09-26T08:37:08+00:00","og_image":[{"width":1721,"height":1721,"url":"https:\/\/www.zhgdled.com\/wp-content\/uploads\/2022\/09\/1664173366336.jpg","type":"image\/jpeg"}],"twitter_card":"summary_large_image","twitter_site":"@zhl_lighting","twitter_misc":{"Gesch\u00e4tzte Lesezeit":"1\u00a0Minute"},"schema":{"@context":"https:\/\/schema.org","@graph":[{"@type":"WebPage","@id":"https:\/\/www.zhgdled.com\/de\/explorer-serie-solar-strassenleuchte.html","url":"https:\/\/www.zhgdled.com\/de\/explorer-serie-solar-strassenleuchte.html","name":"EXPLORER SERIE LED SOLAR STRASSENLEUCHTE &#8211; ZHL Lichtgruppe","isPartOf":{"@id":"https:\/\/www.zhgdled.com\/de\/#website"},"primaryImageOfPage":{"@id":"https:\/\/www.zhgdled.com\/de\/explorer-serie-solar-strassenleuchte.html#primaryimage"},"image":{"@id":"https:\/\/www.zhgdled.com\/de\/explorer-serie-solar-strassenleuchte.html#primaryimage"},"thumbnailUrl":"https:\/\/www.zhgdled.com\/wp-content\/uploads\/2022\/09\/1664173366336.jpg","datePublished":"2022-09-26T08:24:17+00:00","dateModified":"2022-09-26T08:37:08+00:00","description":"Hohe Lichtausbeute >180 lm\/w zur Maximierung der Batterieleistung. PWM-Laderegler f\u00fcr maximale Ladeeffizienz. Intelligente Steuerung von Lade- und Entladekreisen (\u00fcber 2000 Mal). Funktioniert nahtlos f\u00fcr 2-3 Regentage im intelligenten Modus. ZHL-Druckguss-Aluminiumgeh\u00e4use f\u00fcr Stabilit\u00e4t und hervorragende W\u00e4rmeableitung.","breadcrumb":{"@id":"https:\/\/www.zhgdled.com\/de\/explorer-serie-solar-strassenleuchte.html#breadcrumb"},"inLanguage":"de","potentialAction":[{"@type":"ReadAction","target":["https:\/\/www.zhgdled.com\/de\/explorer-serie-solar-strassenleuchte.html"]}]},{"@type":"ImageObject","inLanguage":"de","@id":"https:\/\/www.zhgdled.com\/de\/explorer-serie-solar-strassenleuchte.html#primaryimage","url":"https:\/\/www.zhgdled.com\/wp-content\/uploads\/2022\/09\/1664173366336.jpg","contentUrl":"https:\/\/www.zhgdled.com\/wp-content\/uploads\/2022\/09\/1664173366336.jpg","width":1721,"height":1721,"caption":"Explorer series solar street light"},{"@type":"BreadcrumbList","@id":"https:\/\/www.zhgdled.com\/de\/explorer-serie-solar-strassenleuchte.html#breadcrumb","itemListElement":[{"@type":"ListItem","position":1,"name":"Home","item":"https:\/\/www.zhgdled.com\/de"},{"@type":"ListItem","position":2,"name":"PRODUCTS","item":"https:\/\/www.zhgdled.com\/zhl-products.html"},{"@type":"ListItem","position":3,"name":"EXPLORER SERIE LED SOLAR STRASSENLEUCHTE"}]},{"@type":"WebSite","@id":"https:\/\/www.zhgdled.com\/de\/#website","url":"https:\/\/www.zhgdled.com\/de\/","name":"ZHL Lichtgruppe","description":"Top ranking industrial lighting manufacturer and exporter","publisher":{"@id":"https:\/\/www.zhgdled.com\/de\/#organization"},"potentialAction":[{"@type":"SearchAction","target":{"@type":"EntryPoint","urlTemplate":"https:\/\/www.zhgdled.com\/de\/?s={search_term_string}"},"query-input":{"@type":"PropertyValueSpecification","valueRequired":true,"valueName":"search_term_string"}}],"inLanguage":"de"},{"@type":"Organization","@id":"https:\/\/www.zhgdled.com\/de\/#organization","name":"ZHL Lighting Group","url":"https:\/\/www.zhgdled.com\/de\/","logo":{"@type":"ImageObject","inLanguage":"de","@id":"https:\/\/www.zhgdled.com\/de\/#\/schema\/logo\/image\/","url":"","contentUrl":"","caption":"ZHL Lighting Group"},"image":{"@id":"https:\/\/www.zhgdled.com\/de\/#\/schema\/logo\/image\/"},"sameAs":["https:\/\/www.facebook.com\/zhllightinggroup","https:\/\/x.com\/zhl_lighting"]}]}},"_links":{"self":[{"href":"https:\/\/www.zhgdled.com\/de\/wp-json\/wp\/v2\/product\/14608","targetHints":{"allow":["GET"]}}],"collection":[{"href":"https:\/\/www.zhgdled.com\/de\/wp-json\/wp\/v2\/product"}],"about":[{"href":"https:\/\/www.zhgdled.com\/de\/wp-json\/wp\/v2\/types\/product"}],"wp:featuredmedia":[{"embeddable":true,"href":"https:\/\/www.zhgdled.com\/de\/wp-json\/wp\/v2\/media\/14567"}],"wp:attachment":[{"href":"https:\/\/www.zhgdled.com\/de\/wp-json\/wp\/v2\/media?parent=14608"}],"wp:term":[{"taxonomy":"product_brand","embeddable":true,"href":"https:\/\/www.zhgdled.com\/de\/wp-json\/wp\/v2\/product_brand?post=14608"},{"taxonomy":"product_cat","embeddable":true,"href":"https:\/\/www.zhgdled.com\/de\/wp-json\/wp\/v2\/product_cat?post=14608"},{"taxonomy":"product_tag","embeddable":true,"href":"https:\/\/www.zhgdled.com\/de\/wp-json\/wp\/v2\/product_tag?post=14608"}],"curies":[{"name":"wp","href":"https:\/\/api.w.org\/{rel}","templated":true}]}}