{"id":18994,"date":"2023-06-12T14:36:41","date_gmt":"2022-12-05T06:36:41","guid":{"rendered":"https:\/\/www.zhgdled.com\/product\/angel-eyes-series-linear-high-bay-commercial-light"},"modified":"2023-12-26T10:50:02","modified_gmt":"2023-12-26T02:50:02","slug":"lineares-niedriges-buchtlicht","status":"publish","type":"product","link":"https:\/\/www.zhgdled.com\/de\/angel-eyes-serie-lineares-high-bay-gewerbliches-licht.html","title":{"rendered":"ANGEL EYES SERIE LINEAR LOW BAY KOMMERZIELLES LICHT"},"content":{"rendered":"<h2>KOMMERZIELLE ANWENDUNG F\u00dcR GROSSE FL\u00c4CHEN<\/h2>\n<p>Das lineare Low-Bay-Licht der ANGEL EYE-Serie hat eine hohe Leistung, eine hohe Lichtausbeute, eine hohe Leistung und andere Eigenschaften und erf\u00fcllt die Beleuchtungsanforderungen f\u00fcr gro\u00dfe R\u00e4ume. Mit 1-10 V Dimmfunktion kann effektiv Energie gespart werden. Der K\u00fchler verwendet ein hochwertiges 6063-Aluminium-Extrusionsverfahren, eine interne Hohlstruktur, reduziert das Gewicht des Lichts und erh\u00f6ht die Flie\u00dff\u00e4higkeit der Luft, beschleunigt die W\u00e4rmeabgabe, um die Arbeitsleistung des gesamten Lichts sicherzustellen.<\/p>\n<p>Kommerzielle B\u00fcrobeleuchtung ist normalerweise einer der am meisten \u00fcbersehenen und untersch\u00e4tzten Aspekte einer Arbeitsumgebung. Tats\u00e4chlich kann die Wahl der richtigen B\u00fcroleuchten eine der kl\u00fcgsten Investitionen sein, die Sie t\u00e4tigen. Es hat die Macht, nicht nur die Produktivit\u00e4t und Moral der Mitarbeiter zu beeinflussen, sondern kann auch die Sicherheit Ihres Geb\u00e4udes und die allgemeine Kundenzufriedenheit erh\u00f6hen. Aber wie genau w\u00e4hlt man die beste B\u00fcrobeleuchtung aus? Besuchen Sie die nachstehenden Informationen, um mehr \u00fcber die lineare Low-Bay-Leuchte der ANGEL EYE-Serie sowie \u00fcber Dinge zu erfahren, die Sie beachten sollten, und wie Sie die richtigen B\u00fcrobeleuchtungsk\u00f6rper f\u00fcr Ihr Unternehmen oder Ihre Einrichtung ausw\u00e4hlen.<\/p>\n<p>&nbsp;<\/p>\n<h2>SPEZIFIKATION<\/h2>\n<p><img decoding=\"async\" class=\"alignnone size-full wp-image-17870\" src=\"https:\/\/www.zhgdled.com\/wp-content\/uploads\/2022\/12\/led-low-bay-light-angel-eyes.jpg\" alt=\"\" width=\"1090\" height=\"723\" srcset=\"https:\/\/www.zhgdled.com\/wp-content\/uploads\/2022\/12\/led-low-bay-light-angel-eyes.jpg 1090w, https:\/\/www.zhgdled.com\/wp-content\/uploads\/2022\/12\/led-low-bay-light-angel-eyes-300x199.jpg 300w, https:\/\/www.zhgdled.com\/wp-content\/uploads\/2022\/12\/led-low-bay-light-angel-eyes-1024x679.jpg 1024w, https:\/\/www.zhgdled.com\/wp-content\/uploads\/2022\/12\/led-low-bay-light-angel-eyes-768x509.jpg 768w, https:\/\/www.zhgdled.com\/wp-content\/uploads\/2022\/12\/led-low-bay-light-angel-eyes-600x398.jpg 600w, https:\/\/www.zhgdled.com\/wp-content\/uploads\/2022\/12\/led-low-bay-light-angel-eyes-150x99.jpg 150w\" sizes=\"(max-width: 1090px) 100vw, 1090px\" \/><\/p>\n","protected":false},"excerpt":{"rendered":"<p>Das lineare Low-Bay-Licht der ANGEL EYE-Serie hat eine hohe Leistung, eine hohe Lichtausbeute, eine hohe Leistung und andere Eigenschaften und erf\u00fcllt die Beleuchtungsanforderungen f\u00fcr gro\u00dfe R\u00e4ume. Mit 1-10 V Dimmfunktion kann effektiv Energie gespart werden. Der K\u00fchler verwendet ein hochwertiges 6063-Aluminium-Extrusionsverfahren, eine interne Hohlstruktur, reduziert das Gewicht des Lichts und erh\u00f6ht die Flie\u00dff\u00e4higkeit der Luft, beschleunigt die W\u00e4rmeabgabe, um die Arbeitsleistung des gesamten Lichts sicherzustellen.<\/p>\n","protected":false},"featured_media":17891,"template":"","meta":[],"product_brand":[],"product_cat":[636],"product_tag":[],"class_list":{"0":"post-18994","1":"product","2":"type-product","3":"status-publish","4":"has-post-thumbnail","6":"product_cat-hochregal-leuchten","8":"first","9":"instock","10":"shipping-taxable","11":"product-type-simple"},"yoast_head":"<!-- This site is optimized with the Yoast SEO plugin v27.4 - https:\/\/yoast.com\/product\/yoast-seo-wordpress\/ -->\n<title>lineares niedriges Buchtlicht<\/title>\n<meta name=\"description\" content=\"Das lineare Low-Bay-Licht hat eine hohe Leistung, eine hohe Lichtausbeute, eine hohe Leistung und andere Eigenschaften. Es erf\u00fcllt die Beleuchtungsanforderungen f\u00fcr gro\u00dfe R\u00e4ume.\" \/>\n<meta name=\"robots\" content=\"index, follow, max-snippet:-1, max-image-preview:large, max-video-preview:-1\" \/>\n<link rel=\"canonical\" href=\"https:\/\/www.zhgdled.com\/de\/angel-eyes-serie-lineares-high-bay-gewerbliches-licht.html\" \/>\n<meta property=\"og:locale\" content=\"de_DE\" \/>\n<meta property=\"og:type\" content=\"article\" \/>\n<meta property=\"og:title\" content=\"lineares niedriges Buchtlicht\" \/>\n<meta property=\"og:description\" content=\"Das lineare Low-Bay-Licht hat eine hohe Leistung, eine hohe Lichtausbeute, eine hohe Leistung und andere Eigenschaften. Es erf\u00fcllt die Beleuchtungsanforderungen f\u00fcr gro\u00dfe R\u00e4ume.\" \/>\n<meta property=\"og:url\" content=\"https:\/\/www.zhgdled.com\/de\/angel-eyes-serie-lineares-high-bay-gewerbliches-licht.html\" \/>\n<meta property=\"og:site_name\" content=\"ZHL Lichtgruppe\" \/>\n<meta property=\"article:publisher\" content=\"https:\/\/www.facebook.com\/zhllightinggroup\" \/>\n<meta property=\"article:modified_time\" content=\"2023-12-26T02:50:02+00:00\" \/>\n<meta property=\"og:image\" content=\"https:\/\/www.zhgdled.com\/wp-content\/uploads\/2022\/12\/00.png\" \/>\n\t<meta property=\"og:image:width\" content=\"1600\" \/>\n\t<meta property=\"og:image:height\" content=\"1600\" \/>\n\t<meta property=\"og:image:type\" content=\"image\/png\" \/>\n<meta name=\"twitter:card\" content=\"summary_large_image\" \/>\n<meta name=\"twitter:site\" content=\"@zhl_lighting\" \/>\n<meta name=\"twitter:label1\" content=\"Gesch\u00e4tzte Lesezeit\" \/>\n\t<meta name=\"twitter:data1\" content=\"2\u00a0Minuten\" \/>\n<script type=\"application\/ld+json\" class=\"yoast-schema-graph\">{\"@context\":\"https:\\\/\\\/schema.org\",\"@graph\":[{\"@type\":\"WebPage\",\"@id\":\"https:\\\/\\\/www.zhgdled.com\\\/de\\\/angel-eyes-serie-lineares-high-bay-gewerbliches-licht.html\",\"url\":\"https:\\\/\\\/www.zhgdled.com\\\/de\\\/angel-eyes-serie-lineares-high-bay-gewerbliches-licht.html\",\"name\":\"lineares niedriges Buchtlicht\",\"isPartOf\":{\"@id\":\"https:\\\/\\\/www.zhgdled.com\\\/de\\\/#website\"},\"primaryImageOfPage\":{\"@id\":\"https:\\\/\\\/www.zhgdled.com\\\/de\\\/angel-eyes-serie-lineares-high-bay-gewerbliches-licht.html#primaryimage\"},\"image\":{\"@id\":\"https:\\\/\\\/www.zhgdled.com\\\/de\\\/angel-eyes-serie-lineares-high-bay-gewerbliches-licht.html#primaryimage\"},\"thumbnailUrl\":\"https:\\\/\\\/www.zhgdled.com\\\/wp-content\\\/uploads\\\/2022\\\/12\\\/00.png\",\"datePublished\":\"2022-12-05T06:36:41+00:00\",\"dateModified\":\"2023-12-26T02:50:02+00:00\",\"description\":\"Das lineare Low-Bay-Licht hat eine hohe Leistung, eine hohe Lichtausbeute, eine hohe Leistung und andere Eigenschaften. Es erf\u00fcllt die Beleuchtungsanforderungen f\u00fcr gro\u00dfe R\u00e4ume.\",\"breadcrumb\":{\"@id\":\"https:\\\/\\\/www.zhgdled.com\\\/de\\\/angel-eyes-serie-lineares-high-bay-gewerbliches-licht.html#breadcrumb\"},\"inLanguage\":\"de\",\"potentialAction\":[{\"@type\":\"ReadAction\",\"target\":[\"https:\\\/\\\/www.zhgdled.com\\\/de\\\/angel-eyes-serie-lineares-high-bay-gewerbliches-licht.html\"]}]},{\"@type\":\"ImageObject\",\"inLanguage\":\"de\",\"@id\":\"https:\\\/\\\/www.zhgdled.com\\\/de\\\/angel-eyes-serie-lineares-high-bay-gewerbliches-licht.html#primaryimage\",\"url\":\"https:\\\/\\\/www.zhgdled.com\\\/wp-content\\\/uploads\\\/2022\\\/12\\\/00.png\",\"contentUrl\":\"https:\\\/\\\/www.zhgdled.com\\\/wp-content\\\/uploads\\\/2022\\\/12\\\/00.png\",\"width\":1600,\"height\":1600,\"caption\":\"lineares niedriges Buchtlicht\"},{\"@type\":\"BreadcrumbList\",\"@id\":\"https:\\\/\\\/www.zhgdled.com\\\/de\\\/angel-eyes-serie-lineares-high-bay-gewerbliches-licht.html#breadcrumb\",\"itemListElement\":[{\"@type\":\"ListItem\",\"position\":1,\"name\":\"Home\",\"item\":\"https:\\\/\\\/www.zhgdled.com\\\/de\"},{\"@type\":\"ListItem\",\"position\":2,\"name\":\"PRODUCTS\",\"item\":\"https:\\\/\\\/www.zhgdled.com\\\/zhl-products.html\"},{\"@type\":\"ListItem\",\"position\":3,\"name\":\"ANGEL EYES SERIE LINEAR LOW BAY KOMMERZIELLES LICHT\"}]},{\"@type\":\"WebSite\",\"@id\":\"https:\\\/\\\/www.zhgdled.com\\\/de\\\/#website\",\"url\":\"https:\\\/\\\/www.zhgdled.com\\\/de\\\/\",\"name\":\"ZHL Lichtgruppe\",\"description\":\"Top ranking industrial lighting manufacturer and exporter\",\"publisher\":{\"@id\":\"https:\\\/\\\/www.zhgdled.com\\\/de\\\/#organization\"},\"potentialAction\":[{\"@type\":\"SearchAction\",\"target\":{\"@type\":\"EntryPoint\",\"urlTemplate\":\"https:\\\/\\\/www.zhgdled.com\\\/de\\\/?s={search_term_string}\"},\"query-input\":{\"@type\":\"PropertyValueSpecification\",\"valueRequired\":true,\"valueName\":\"search_term_string\"}}],\"inLanguage\":\"de\"},{\"@type\":\"Organization\",\"@id\":\"https:\\\/\\\/www.zhgdled.com\\\/de\\\/#organization\",\"name\":\"ZHL Lighting Group\",\"url\":\"https:\\\/\\\/www.zhgdled.com\\\/de\\\/\",\"logo\":{\"@type\":\"ImageObject\",\"inLanguage\":\"de\",\"@id\":\"https:\\\/\\\/www.zhgdled.com\\\/de\\\/#\\\/schema\\\/logo\\\/image\\\/\",\"url\":\"\",\"contentUrl\":\"\",\"caption\":\"ZHL Lighting Group\"},\"image\":{\"@id\":\"https:\\\/\\\/www.zhgdled.com\\\/de\\\/#\\\/schema\\\/logo\\\/image\\\/\"},\"sameAs\":[\"https:\\\/\\\/www.facebook.com\\\/zhllightinggroup\",\"https:\\\/\\\/x.com\\\/zhl_lighting\"]}]}<\/script>\n<!-- \/ Yoast SEO plugin. -->","yoast_head_json":{"title":"lineares niedriges Buchtlicht","description":"Das lineare Low-Bay-Licht hat eine hohe Leistung, eine hohe Lichtausbeute, eine hohe Leistung und andere Eigenschaften. Es erf\u00fcllt die Beleuchtungsanforderungen f\u00fcr gro\u00dfe R\u00e4ume.","robots":{"index":"index","follow":"follow","max-snippet":"max-snippet:-1","max-image-preview":"max-image-preview:large","max-video-preview":"max-video-preview:-1"},"canonical":"https:\/\/www.zhgdled.com\/de\/angel-eyes-serie-lineares-high-bay-gewerbliches-licht.html","og_locale":"de_DE","og_type":"article","og_title":"lineares niedriges Buchtlicht","og_description":"Das lineare Low-Bay-Licht hat eine hohe Leistung, eine hohe Lichtausbeute, eine hohe Leistung und andere Eigenschaften. Es erf\u00fcllt die Beleuchtungsanforderungen f\u00fcr gro\u00dfe R\u00e4ume.","og_url":"https:\/\/www.zhgdled.com\/de\/angel-eyes-serie-lineares-high-bay-gewerbliches-licht.html","og_site_name":"ZHL Lichtgruppe","article_publisher":"https:\/\/www.facebook.com\/zhllightinggroup","article_modified_time":"2023-12-26T02:50:02+00:00","og_image":[{"width":1600,"height":1600,"url":"https:\/\/www.zhgdled.com\/wp-content\/uploads\/2022\/12\/00.png","type":"image\/png"}],"twitter_card":"summary_large_image","twitter_site":"@zhl_lighting","twitter_misc":{"Gesch\u00e4tzte Lesezeit":"2\u00a0Minuten"},"schema":{"@context":"https:\/\/schema.org","@graph":[{"@type":"WebPage","@id":"https:\/\/www.zhgdled.com\/de\/angel-eyes-serie-lineares-high-bay-gewerbliches-licht.html","url":"https:\/\/www.zhgdled.com\/de\/angel-eyes-serie-lineares-high-bay-gewerbliches-licht.html","name":"lineares niedriges Buchtlicht","isPartOf":{"@id":"https:\/\/www.zhgdled.com\/de\/#website"},"primaryImageOfPage":{"@id":"https:\/\/www.zhgdled.com\/de\/angel-eyes-serie-lineares-high-bay-gewerbliches-licht.html#primaryimage"},"image":{"@id":"https:\/\/www.zhgdled.com\/de\/angel-eyes-serie-lineares-high-bay-gewerbliches-licht.html#primaryimage"},"thumbnailUrl":"https:\/\/www.zhgdled.com\/wp-content\/uploads\/2022\/12\/00.png","datePublished":"2022-12-05T06:36:41+00:00","dateModified":"2023-12-26T02:50:02+00:00","description":"Das lineare Low-Bay-Licht hat eine hohe Leistung, eine hohe Lichtausbeute, eine hohe Leistung und andere Eigenschaften. Es erf\u00fcllt die Beleuchtungsanforderungen f\u00fcr gro\u00dfe R\u00e4ume.","breadcrumb":{"@id":"https:\/\/www.zhgdled.com\/de\/angel-eyes-serie-lineares-high-bay-gewerbliches-licht.html#breadcrumb"},"inLanguage":"de","potentialAction":[{"@type":"ReadAction","target":["https:\/\/www.zhgdled.com\/de\/angel-eyes-serie-lineares-high-bay-gewerbliches-licht.html"]}]},{"@type":"ImageObject","inLanguage":"de","@id":"https:\/\/www.zhgdled.com\/de\/angel-eyes-serie-lineares-high-bay-gewerbliches-licht.html#primaryimage","url":"https:\/\/www.zhgdled.com\/wp-content\/uploads\/2022\/12\/00.png","contentUrl":"https:\/\/www.zhgdled.com\/wp-content\/uploads\/2022\/12\/00.png","width":1600,"height":1600,"caption":"lineares niedriges Buchtlicht"},{"@type":"BreadcrumbList","@id":"https:\/\/www.zhgdled.com\/de\/angel-eyes-serie-lineares-high-bay-gewerbliches-licht.html#breadcrumb","itemListElement":[{"@type":"ListItem","position":1,"name":"Home","item":"https:\/\/www.zhgdled.com\/de"},{"@type":"ListItem","position":2,"name":"PRODUCTS","item":"https:\/\/www.zhgdled.com\/zhl-products.html"},{"@type":"ListItem","position":3,"name":"ANGEL EYES SERIE LINEAR LOW BAY KOMMERZIELLES LICHT"}]},{"@type":"WebSite","@id":"https:\/\/www.zhgdled.com\/de\/#website","url":"https:\/\/www.zhgdled.com\/de\/","name":"ZHL Lichtgruppe","description":"Top ranking industrial lighting manufacturer and exporter","publisher":{"@id":"https:\/\/www.zhgdled.com\/de\/#organization"},"potentialAction":[{"@type":"SearchAction","target":{"@type":"EntryPoint","urlTemplate":"https:\/\/www.zhgdled.com\/de\/?s={search_term_string}"},"query-input":{"@type":"PropertyValueSpecification","valueRequired":true,"valueName":"search_term_string"}}],"inLanguage":"de"},{"@type":"Organization","@id":"https:\/\/www.zhgdled.com\/de\/#organization","name":"ZHL Lighting Group","url":"https:\/\/www.zhgdled.com\/de\/","logo":{"@type":"ImageObject","inLanguage":"de","@id":"https:\/\/www.zhgdled.com\/de\/#\/schema\/logo\/image\/","url":"","contentUrl":"","caption":"ZHL Lighting Group"},"image":{"@id":"https:\/\/www.zhgdled.com\/de\/#\/schema\/logo\/image\/"},"sameAs":["https:\/\/www.facebook.com\/zhllightinggroup","https:\/\/x.com\/zhl_lighting"]}]}},"_links":{"self":[{"href":"https:\/\/www.zhgdled.com\/de\/wp-json\/wp\/v2\/product\/18994","targetHints":{"allow":["GET"]}}],"collection":[{"href":"https:\/\/www.zhgdled.com\/de\/wp-json\/wp\/v2\/product"}],"about":[{"href":"https:\/\/www.zhgdled.com\/de\/wp-json\/wp\/v2\/types\/product"}],"wp:featuredmedia":[{"embeddable":true,"href":"https:\/\/www.zhgdled.com\/de\/wp-json\/wp\/v2\/media\/17891"}],"wp:attachment":[{"href":"https:\/\/www.zhgdled.com\/de\/wp-json\/wp\/v2\/media?parent=18994"}],"wp:term":[{"taxonomy":"product_brand","embeddable":true,"href":"https:\/\/www.zhgdled.com\/de\/wp-json\/wp\/v2\/product_brand?post=18994"},{"taxonomy":"product_cat","embeddable":true,"href":"https:\/\/www.zhgdled.com\/de\/wp-json\/wp\/v2\/product_cat?post=18994"},{"taxonomy":"product_tag","embeddable":true,"href":"https:\/\/www.zhgdled.com\/de\/wp-json\/wp\/v2\/product_tag?post=18994"}],"curies":[{"name":"wp","href":"https:\/\/api.w.org\/{rel}","templated":true}]}}