{"id":18996,"date":"2023-08-07T18:03:14","date_gmt":"2022-11-22T10:03:14","guid":{"rendered":"https:\/\/www.zhgdled.com\/product\/comte-series-high-bay-light-w-zhaga-base"},"modified":"2023-12-26T10:48:36","modified_gmt":"2023-12-26T02:48:36","slug":"luzes-da-baia-alta-de-saturno","status":"publish","type":"product","link":"https:\/\/www.zhgdled.com\/de\/comte-serie-high-bay-light-w-zhaga-base.html","title":{"rendered":"SATURN SERIE HIGH BAY Hochregalleuchten MIT ZHAGA BASE"},"content":{"rendered":"<h2>Hallenbeleuchtung, die dank des ZHAGA-Moduls die Anforderungen einer gro\u00dffl\u00e4chigen Integration erf\u00fcllen kann<\/h2>\n<ul>\n<li>Diese Highbay der Saturn-Serie ist ein neues Designprodukt mit einem Design im Treiber-Senken-Design, das eine perfekte L\u00f6sung f\u00fcr den Einfluss optischer, mechanischer und elektrischer W\u00e4rmeableitung bietet und eine stabilere Leistung und eine lange Lebensdauer gew\u00e4hrleistet.<\/li>\n<li>Plug-and-Play-Smart-Sensing-Modul wird hinzugef\u00fcgt, das Mikrowellen- oder Infrarot-Sensorik und Fernbedienung \u00fcber eine Mobiltelefon-App realisieren kann.<\/li>\n<li>Die Treiberstruktur ist separat von Beleuchtungsteilen konzipiert, die mit Treibern verschiedener Marken wie MOSO, LIFUD, SOSEN, MEANWELL kompatibel sein k\u00f6nnen.<\/li>\n<li>Es nimmt ein hochdichtes Aluminiumlamellendesign an und ist integrierter Druckguss mit schneller W\u00e4rmeableitung, hoher Festigkeit und guter Schlagfestigkeit.<\/li>\n<li>Mehrere Installationsmethoden optional, wie Ketteninstallation, Gewindestangeninstallation und Wandinstallation.<\/li>\n<\/ul>\n<p>&nbsp;<\/p>\n<p><img decoding=\"async\" class=\"alignnone size-full wp-image-17772\" src=\"https:\/\/www.zhgdled.com\/wp-content\/uploads\/2022\/11\/20221122175854.jpg\" alt=\"\" width=\"697\" height=\"720\" srcset=\"https:\/\/www.zhgdled.com\/wp-content\/uploads\/2022\/11\/20221122175854.jpg 697w, https:\/\/www.zhgdled.com\/wp-content\/uploads\/2022\/11\/20221122175854-290x300.jpg 290w, https:\/\/www.zhgdled.com\/wp-content\/uploads\/2022\/11\/20221122175854-600x620.jpg 600w, https:\/\/www.zhgdled.com\/wp-content\/uploads\/2022\/11\/20221122175854-150x155.jpg 150w\" sizes=\"(max-width: 697px) 100vw, 697px\" \/><\/p>\n<p><img decoding=\"async\" class=\"alignnone size-full wp-image-18068\" src=\"https:\/\/www.zhgdled.com\/wp-content\/uploads\/2022\/11\/20221221174637.jpg\" alt=\"\" width=\"1302\" height=\"867\" srcset=\"https:\/\/www.zhgdled.com\/wp-content\/uploads\/2022\/11\/20221221174637.jpg 1302w, https:\/\/www.zhgdled.com\/wp-content\/uploads\/2022\/11\/20221221174637-300x200.jpg 300w, https:\/\/www.zhgdled.com\/wp-content\/uploads\/2022\/11\/20221221174637-1024x682.jpg 1024w, https:\/\/www.zhgdled.com\/wp-content\/uploads\/2022\/11\/20221221174637-768x511.jpg 768w, https:\/\/www.zhgdled.com\/wp-content\/uploads\/2022\/11\/20221221174637-600x400.jpg 600w, https:\/\/www.zhgdled.com\/wp-content\/uploads\/2022\/11\/20221221174637-150x100.jpg 150w\" sizes=\"(max-width: 1302px) 100vw, 1302px\" \/><img decoding=\"async\" class=\"alignnone size-full wp-image-18078\" src=\"https:\/\/www.zhgdled.com\/wp-content\/uploads\/2022\/11\/20221221174712.jpg\" alt=\"\" width=\"1304\" height=\"869\" srcset=\"https:\/\/www.zhgdled.com\/wp-content\/uploads\/2022\/11\/20221221174712.jpg 1304w, https:\/\/www.zhgdled.com\/wp-content\/uploads\/2022\/11\/20221221174712-300x200.jpg 300w, https:\/\/www.zhgdled.com\/wp-content\/uploads\/2022\/11\/20221221174712-1024x682.jpg 1024w, https:\/\/www.zhgdled.com\/wp-content\/uploads\/2022\/11\/20221221174712-768x512.jpg 768w, https:\/\/www.zhgdled.com\/wp-content\/uploads\/2022\/11\/20221221174712-600x400.jpg 600w, https:\/\/www.zhgdled.com\/wp-content\/uploads\/2022\/11\/20221221174712-150x100.jpg 150w\" sizes=\"(max-width: 1304px) 100vw, 1304px\" \/><img decoding=\"async\" class=\"alignnone size-full wp-image-18088\" src=\"https:\/\/www.zhgdled.com\/wp-content\/uploads\/2022\/11\/20221221174733.jpg\" alt=\"\" width=\"1305\" height=\"870\" srcset=\"https:\/\/www.zhgdled.com\/wp-content\/uploads\/2022\/11\/20221221174733.jpg 1305w, https:\/\/www.zhgdled.com\/wp-content\/uploads\/2022\/11\/20221221174733-300x200.jpg 300w, https:\/\/www.zhgdled.com\/wp-content\/uploads\/2022\/11\/20221221174733-1024x683.jpg 1024w, https:\/\/www.zhgdled.com\/wp-content\/uploads\/2022\/11\/20221221174733-768x512.jpg 768w, https:\/\/www.zhgdled.com\/wp-content\/uploads\/2022\/11\/20221221174733-600x400.jpg 600w, https:\/\/www.zhgdled.com\/wp-content\/uploads\/2022\/11\/20221221174733-150x100.jpg 150w\" sizes=\"(max-width: 1305px) 100vw, 1305px\" \/><img decoding=\"async\" class=\"alignnone size-full wp-image-18098\" src=\"https:\/\/www.zhgdled.com\/wp-content\/uploads\/2022\/11\/20221221174749.jpg\" alt=\"\" width=\"1305\" height=\"872\" srcset=\"https:\/\/www.zhgdled.com\/wp-content\/uploads\/2022\/11\/20221221174749.jpg 1305w, https:\/\/www.zhgdled.com\/wp-content\/uploads\/2022\/11\/20221221174749-300x200.jpg 300w, https:\/\/www.zhgdled.com\/wp-content\/uploads\/2022\/11\/20221221174749-1024x684.jpg 1024w, https:\/\/www.zhgdled.com\/wp-content\/uploads\/2022\/11\/20221221174749-768x513.jpg 768w, https:\/\/www.zhgdled.com\/wp-content\/uploads\/2022\/11\/20221221174749-600x401.jpg 600w, https:\/\/www.zhgdled.com\/wp-content\/uploads\/2022\/11\/20221221174749-150x100.jpg 150w\" sizes=\"(max-width: 1305px) 100vw, 1305px\" \/><\/p>\n","protected":false},"excerpt":{"rendered":"<p>The ultra-thin design reduces the height of the whole lamp and saves the cost of packaging costs and transportation charges. With high luminous efficiency LED, whole lamp lighting efficiency is \u2265 160lm\/w, which greatly improves the lighting quality in space and makes the work efficiency higher.<\/p>\n","protected":false},"featured_media":17782,"template":"","meta":[],"product_brand":[],"product_cat":[636],"product_tag":[],"class_list":{"0":"post-18996","1":"product","2":"type-product","3":"status-publish","4":"has-post-thumbnail","6":"product_cat-hochregal-leuchten","8":"first","9":"instock","10":"shipping-taxable","11":"product-type-simple"},"yoast_head":"<!-- This site is optimized with the Yoast SEO plugin v27.4 - https:\/\/yoast.com\/product\/yoast-seo-wordpress\/ -->\n<title>Luzes da ba\u00eda alta de Saturno<\/title>\n<meta name=\"description\" content=\"Das ultrad\u00fcnne Design reduziert die H\u00f6he der gesamten Leuchte und spart Verpackungs- und Transportkosten. Mit LED mit hoher Lichtausbeute betr\u00e4gt die Lichtausbeute der gesamten Lampe \u2265 160lm\/W, was die Lichtqualit\u00e4t im Raum erheblich verbessert und die Arbeitseffizienz erh\u00f6ht.\" \/>\n<meta name=\"robots\" content=\"index, follow, max-snippet:-1, max-image-preview:large, max-video-preview:-1\" \/>\n<link rel=\"canonical\" href=\"https:\/\/www.zhgdled.com\/de\/comte-serie-high-bay-light-w-zhaga-base.html\" \/>\n<meta property=\"og:locale\" content=\"de_DE\" \/>\n<meta property=\"og:type\" content=\"article\" \/>\n<meta property=\"og:title\" content=\"Luzes da ba\u00eda alta de Saturno\" \/>\n<meta property=\"og:description\" content=\"Das ultrad\u00fcnne Design reduziert die H\u00f6he der gesamten Leuchte und spart Verpackungs- und Transportkosten. Mit LED mit hoher Lichtausbeute betr\u00e4gt die Lichtausbeute der gesamten Lampe \u2265 160lm\/W, was die Lichtqualit\u00e4t im Raum erheblich verbessert und die Arbeitseffizienz erh\u00f6ht.\" \/>\n<meta property=\"og:url\" content=\"https:\/\/www.zhgdled.com\/de\/comte-serie-high-bay-light-w-zhaga-base.html\" \/>\n<meta property=\"og:site_name\" content=\"ZHL Lichtgruppe\" \/>\n<meta property=\"article:publisher\" content=\"https:\/\/www.facebook.com\/zhllightinggroup\" \/>\n<meta property=\"article:modified_time\" content=\"2023-12-26T02:48:36+00:00\" \/>\n<meta property=\"og:image\" content=\"https:\/\/www.zhgdled.com\/wp-content\/uploads\/2022\/11\/COUNT-SERIES-HIGH-BAY.jpg\" \/>\n\t<meta property=\"og:image:width\" content=\"1600\" \/>\n\t<meta property=\"og:image:height\" content=\"1600\" \/>\n\t<meta property=\"og:image:type\" content=\"image\/jpeg\" \/>\n<meta name=\"twitter:card\" content=\"summary_large_image\" \/>\n<meta name=\"twitter:site\" content=\"@zhl_lighting\" \/>\n<meta name=\"twitter:label1\" content=\"Gesch\u00e4tzte Lesezeit\" \/>\n\t<meta name=\"twitter:data1\" content=\"2\u00a0Minuten\" \/>\n<script type=\"application\/ld+json\" class=\"yoast-schema-graph\">{\"@context\":\"https:\\\/\\\/schema.org\",\"@graph\":[{\"@type\":\"WebPage\",\"@id\":\"https:\\\/\\\/www.zhgdled.com\\\/de\\\/comte-serie-high-bay-light-w-zhaga-base.html\",\"url\":\"https:\\\/\\\/www.zhgdled.com\\\/de\\\/comte-serie-high-bay-light-w-zhaga-base.html\",\"name\":\"Luzes da ba\u00eda alta de Saturno\",\"isPartOf\":{\"@id\":\"https:\\\/\\\/www.zhgdled.com\\\/de\\\/#website\"},\"primaryImageOfPage\":{\"@id\":\"https:\\\/\\\/www.zhgdled.com\\\/de\\\/comte-serie-high-bay-light-w-zhaga-base.html#primaryimage\"},\"image\":{\"@id\":\"https:\\\/\\\/www.zhgdled.com\\\/de\\\/comte-serie-high-bay-light-w-zhaga-base.html#primaryimage\"},\"thumbnailUrl\":\"https:\\\/\\\/www.zhgdled.com\\\/wp-content\\\/uploads\\\/2022\\\/11\\\/COUNT-SERIES-HIGH-BAY.jpg\",\"datePublished\":\"2022-11-22T10:03:14+00:00\",\"dateModified\":\"2023-12-26T02:48:36+00:00\",\"description\":\"Das ultrad\u00fcnne Design reduziert die H\u00f6he der gesamten Leuchte und spart Verpackungs- und Transportkosten. Mit LED mit hoher Lichtausbeute betr\u00e4gt die Lichtausbeute der gesamten Lampe \u2265 160lm\\\/W, was die Lichtqualit\u00e4t im Raum erheblich verbessert und die Arbeitseffizienz erh\u00f6ht.\",\"breadcrumb\":{\"@id\":\"https:\\\/\\\/www.zhgdled.com\\\/de\\\/comte-serie-high-bay-light-w-zhaga-base.html#breadcrumb\"},\"inLanguage\":\"de\",\"potentialAction\":[{\"@type\":\"ReadAction\",\"target\":[\"https:\\\/\\\/www.zhgdled.com\\\/de\\\/comte-serie-high-bay-light-w-zhaga-base.html\"]}]},{\"@type\":\"ImageObject\",\"inLanguage\":\"de\",\"@id\":\"https:\\\/\\\/www.zhgdled.com\\\/de\\\/comte-serie-high-bay-light-w-zhaga-base.html#primaryimage\",\"url\":\"https:\\\/\\\/www.zhgdled.com\\\/wp-content\\\/uploads\\\/2022\\\/11\\\/COUNT-SERIES-HIGH-BAY.jpg\",\"contentUrl\":\"https:\\\/\\\/www.zhgdled.com\\\/wp-content\\\/uploads\\\/2022\\\/11\\\/COUNT-SERIES-HIGH-BAY.jpg\",\"width\":1600,\"height\":1600,\"caption\":\"Luzes da ba\u00eda alta de Saturno\"},{\"@type\":\"BreadcrumbList\",\"@id\":\"https:\\\/\\\/www.zhgdled.com\\\/de\\\/comte-serie-high-bay-light-w-zhaga-base.html#breadcrumb\",\"itemListElement\":[{\"@type\":\"ListItem\",\"position\":1,\"name\":\"Home\",\"item\":\"https:\\\/\\\/www.zhgdled.com\\\/de\"},{\"@type\":\"ListItem\",\"position\":2,\"name\":\"PRODUCTS\",\"item\":\"https:\\\/\\\/www.zhgdled.com\\\/zhl-products.html\"},{\"@type\":\"ListItem\",\"position\":3,\"name\":\"SATURN SERIE HIGH BAY Hochregalleuchten MIT ZHAGA BASE\"}]},{\"@type\":\"WebSite\",\"@id\":\"https:\\\/\\\/www.zhgdled.com\\\/de\\\/#website\",\"url\":\"https:\\\/\\\/www.zhgdled.com\\\/de\\\/\",\"name\":\"ZHL Lichtgruppe\",\"description\":\"Top ranking industrial lighting manufacturer and exporter\",\"publisher\":{\"@id\":\"https:\\\/\\\/www.zhgdled.com\\\/de\\\/#organization\"},\"potentialAction\":[{\"@type\":\"SearchAction\",\"target\":{\"@type\":\"EntryPoint\",\"urlTemplate\":\"https:\\\/\\\/www.zhgdled.com\\\/de\\\/?s={search_term_string}\"},\"query-input\":{\"@type\":\"PropertyValueSpecification\",\"valueRequired\":true,\"valueName\":\"search_term_string\"}}],\"inLanguage\":\"de\"},{\"@type\":\"Organization\",\"@id\":\"https:\\\/\\\/www.zhgdled.com\\\/de\\\/#organization\",\"name\":\"ZHL Lighting Group\",\"url\":\"https:\\\/\\\/www.zhgdled.com\\\/de\\\/\",\"logo\":{\"@type\":\"ImageObject\",\"inLanguage\":\"de\",\"@id\":\"https:\\\/\\\/www.zhgdled.com\\\/de\\\/#\\\/schema\\\/logo\\\/image\\\/\",\"url\":\"\",\"contentUrl\":\"\",\"caption\":\"ZHL Lighting Group\"},\"image\":{\"@id\":\"https:\\\/\\\/www.zhgdled.com\\\/de\\\/#\\\/schema\\\/logo\\\/image\\\/\"},\"sameAs\":[\"https:\\\/\\\/www.facebook.com\\\/zhllightinggroup\",\"https:\\\/\\\/x.com\\\/zhl_lighting\"]}]}<\/script>\n<!-- \/ Yoast SEO plugin. -->","yoast_head_json":{"title":"Luzes da ba\u00eda alta de Saturno","description":"Das ultrad\u00fcnne Design reduziert die H\u00f6he der gesamten Leuchte und spart Verpackungs- und Transportkosten. Mit LED mit hoher Lichtausbeute betr\u00e4gt die Lichtausbeute der gesamten Lampe \u2265 160lm\/W, was die Lichtqualit\u00e4t im Raum erheblich verbessert und die Arbeitseffizienz erh\u00f6ht.","robots":{"index":"index","follow":"follow","max-snippet":"max-snippet:-1","max-image-preview":"max-image-preview:large","max-video-preview":"max-video-preview:-1"},"canonical":"https:\/\/www.zhgdled.com\/de\/comte-serie-high-bay-light-w-zhaga-base.html","og_locale":"de_DE","og_type":"article","og_title":"Luzes da ba\u00eda alta de Saturno","og_description":"Das ultrad\u00fcnne Design reduziert die H\u00f6he der gesamten Leuchte und spart Verpackungs- und Transportkosten. Mit LED mit hoher Lichtausbeute betr\u00e4gt die Lichtausbeute der gesamten Lampe \u2265 160lm\/W, was die Lichtqualit\u00e4t im Raum erheblich verbessert und die Arbeitseffizienz erh\u00f6ht.","og_url":"https:\/\/www.zhgdled.com\/de\/comte-serie-high-bay-light-w-zhaga-base.html","og_site_name":"ZHL Lichtgruppe","article_publisher":"https:\/\/www.facebook.com\/zhllightinggroup","article_modified_time":"2023-12-26T02:48:36+00:00","og_image":[{"width":1600,"height":1600,"url":"https:\/\/www.zhgdled.com\/wp-content\/uploads\/2022\/11\/COUNT-SERIES-HIGH-BAY.jpg","type":"image\/jpeg"}],"twitter_card":"summary_large_image","twitter_site":"@zhl_lighting","twitter_misc":{"Gesch\u00e4tzte Lesezeit":"2\u00a0Minuten"},"schema":{"@context":"https:\/\/schema.org","@graph":[{"@type":"WebPage","@id":"https:\/\/www.zhgdled.com\/de\/comte-serie-high-bay-light-w-zhaga-base.html","url":"https:\/\/www.zhgdled.com\/de\/comte-serie-high-bay-light-w-zhaga-base.html","name":"Luzes da ba\u00eda alta de Saturno","isPartOf":{"@id":"https:\/\/www.zhgdled.com\/de\/#website"},"primaryImageOfPage":{"@id":"https:\/\/www.zhgdled.com\/de\/comte-serie-high-bay-light-w-zhaga-base.html#primaryimage"},"image":{"@id":"https:\/\/www.zhgdled.com\/de\/comte-serie-high-bay-light-w-zhaga-base.html#primaryimage"},"thumbnailUrl":"https:\/\/www.zhgdled.com\/wp-content\/uploads\/2022\/11\/COUNT-SERIES-HIGH-BAY.jpg","datePublished":"2022-11-22T10:03:14+00:00","dateModified":"2023-12-26T02:48:36+00:00","description":"Das ultrad\u00fcnne Design reduziert die H\u00f6he der gesamten Leuchte und spart Verpackungs- und Transportkosten. Mit LED mit hoher Lichtausbeute betr\u00e4gt die Lichtausbeute der gesamten Lampe \u2265 160lm\/W, was die Lichtqualit\u00e4t im Raum erheblich verbessert und die Arbeitseffizienz erh\u00f6ht.","breadcrumb":{"@id":"https:\/\/www.zhgdled.com\/de\/comte-serie-high-bay-light-w-zhaga-base.html#breadcrumb"},"inLanguage":"de","potentialAction":[{"@type":"ReadAction","target":["https:\/\/www.zhgdled.com\/de\/comte-serie-high-bay-light-w-zhaga-base.html"]}]},{"@type":"ImageObject","inLanguage":"de","@id":"https:\/\/www.zhgdled.com\/de\/comte-serie-high-bay-light-w-zhaga-base.html#primaryimage","url":"https:\/\/www.zhgdled.com\/wp-content\/uploads\/2022\/11\/COUNT-SERIES-HIGH-BAY.jpg","contentUrl":"https:\/\/www.zhgdled.com\/wp-content\/uploads\/2022\/11\/COUNT-SERIES-HIGH-BAY.jpg","width":1600,"height":1600,"caption":"Luzes da ba\u00eda alta de Saturno"},{"@type":"BreadcrumbList","@id":"https:\/\/www.zhgdled.com\/de\/comte-serie-high-bay-light-w-zhaga-base.html#breadcrumb","itemListElement":[{"@type":"ListItem","position":1,"name":"Home","item":"https:\/\/www.zhgdled.com\/de"},{"@type":"ListItem","position":2,"name":"PRODUCTS","item":"https:\/\/www.zhgdled.com\/zhl-products.html"},{"@type":"ListItem","position":3,"name":"SATURN SERIE HIGH BAY Hochregalleuchten MIT ZHAGA BASE"}]},{"@type":"WebSite","@id":"https:\/\/www.zhgdled.com\/de\/#website","url":"https:\/\/www.zhgdled.com\/de\/","name":"ZHL Lichtgruppe","description":"Top ranking industrial lighting manufacturer and exporter","publisher":{"@id":"https:\/\/www.zhgdled.com\/de\/#organization"},"potentialAction":[{"@type":"SearchAction","target":{"@type":"EntryPoint","urlTemplate":"https:\/\/www.zhgdled.com\/de\/?s={search_term_string}"},"query-input":{"@type":"PropertyValueSpecification","valueRequired":true,"valueName":"search_term_string"}}],"inLanguage":"de"},{"@type":"Organization","@id":"https:\/\/www.zhgdled.com\/de\/#organization","name":"ZHL Lighting Group","url":"https:\/\/www.zhgdled.com\/de\/","logo":{"@type":"ImageObject","inLanguage":"de","@id":"https:\/\/www.zhgdled.com\/de\/#\/schema\/logo\/image\/","url":"","contentUrl":"","caption":"ZHL Lighting Group"},"image":{"@id":"https:\/\/www.zhgdled.com\/de\/#\/schema\/logo\/image\/"},"sameAs":["https:\/\/www.facebook.com\/zhllightinggroup","https:\/\/x.com\/zhl_lighting"]}]}},"_links":{"self":[{"href":"https:\/\/www.zhgdled.com\/de\/wp-json\/wp\/v2\/product\/18996","targetHints":{"allow":["GET"]}}],"collection":[{"href":"https:\/\/www.zhgdled.com\/de\/wp-json\/wp\/v2\/product"}],"about":[{"href":"https:\/\/www.zhgdled.com\/de\/wp-json\/wp\/v2\/types\/product"}],"wp:featuredmedia":[{"embeddable":true,"href":"https:\/\/www.zhgdled.com\/de\/wp-json\/wp\/v2\/media\/17782"}],"wp:attachment":[{"href":"https:\/\/www.zhgdled.com\/de\/wp-json\/wp\/v2\/media?parent=18996"}],"wp:term":[{"taxonomy":"product_brand","embeddable":true,"href":"https:\/\/www.zhgdled.com\/de\/wp-json\/wp\/v2\/product_brand?post=18996"},{"taxonomy":"product_cat","embeddable":true,"href":"https:\/\/www.zhgdled.com\/de\/wp-json\/wp\/v2\/product_cat?post=18996"},{"taxonomy":"product_tag","embeddable":true,"href":"https:\/\/www.zhgdled.com\/de\/wp-json\/wp\/v2\/product_tag?post=18996"}],"curies":[{"name":"wp","href":"https:\/\/api.w.org\/{rel}","templated":true}]}}