{"id":18998,"date":"2023-06-12T14:16:18","date_gmt":"2022-10-13T06:16:18","guid":{"rendered":"https:\/\/www.zhgdled.com\/product\/cob-rechargeable-work-light-10w"},"modified":"2023-12-26T10:27:49","modified_gmt":"2023-12-26T02:27:49","slug":"cob-wiederaufladbare-arbeitsleuchte","status":"publish","type":"product","link":"https:\/\/www.zhgdled.com\/de\/cob-wiederaufladbare-arbeitsleuchte-10w.html","title":{"rendered":"COB WIEDERAUFLADBARE ARBEITSLEUCHTE 10W"},"content":{"rendered":"<h2>F\u00fcr den Innen- und Au\u00dfenbereich<\/h2>\n<blockquote><p>F\u00fcr alle Anwendungen sind professionelle und angenehme Lichtverh\u00e4ltnisse unerl\u00e4sslich, um in der D\u00e4mmerung und im Dunkeln schneller, pr\u00e4ziser und produktiver arbeiten zu k\u00f6nnen. Daf\u00fcr sorgen die kompletten Arbeitsscheinwerfer von ZHL dank ihres zuverl\u00e4ssigen Herstellungsverfahrens. ZHL bietet die Sicherheit eines zuverl\u00e4ssigen Markenprodukts. ZHL ist als globaler OEM f\u00fcr alle f\u00fchrenden internationalen Beleuchtungshersteller etabliert, da wir in allen Bereichen Wert auf h\u00f6chste Qualit\u00e4t legen. So werden beispielsweise alle Arbeitsscheinwerfer in Entwicklung und Produktion extremen Belastungstests unterzogen. Weitere Informationen zu unseren Qualit\u00e4tstests finden Sie auf den Seiten \u201eCase\u201c und \u201eResearch\u201c.<\/p>\n<p>Die LED-Technologie ist viel anspruchsvoller als herk\u00f6mmliche Halogen- und Xenon-Leuchten. Deshalb sind Qualit\u00e4tsunterschiede bei diesen Ger\u00e4ten besonders deutlich. ZHL engagiert sich seit Jahren auf dem Markt f\u00fcr LED-Leuchten.<\/p>\n<p>Ben\u00f6tigen Sie einen Katalog?<\/p>\n<p><a href=\"https:\/\/www.zhgdled.com\/download\/cob-rechargeable-work-light\">Laden Sie den Katalog der Arbeitsscheinwerfer herunter<\/a>&#8211; <a href=\"https:\/\/www.zhgdled.com\/download\/2022-zhl-product-catalogue\">Laden Sie den Katalog f\u00fcr alle ZHL-Produkte herunter<\/a><\/p><\/blockquote>\n<h2>SPEZIFIKATION<\/h2>\n<table style=\"border-collapse: collapse; width: 370.52pt;\" border=\"0\" width=\"494\" cellspacing=\"0\" cellpadding=\"0\">\n<tbody>\n<tr style=\"height: 16.50pt;\">\n<td class=\"et2\" style=\"height: 16.50pt; width: 120.75pt;\" width=\"161\" height=\"22\">Leistung:<\/td>\n<td class=\"et2\" style=\"width: 249.75pt;\" width=\"333\">10W<\/td>\n<\/tr>\n<tr style=\"height: 16.50pt;\">\n<td class=\"et2\" style=\"height: 16.50pt;\" height=\"22\">Lichtquelle:<\/td>\n<td class=\"et2\">COB<\/td>\n<\/tr>\n<tr style=\"height: 16.50pt;\">\n<td class=\"et2\" style=\"height: 16.50pt;\" height=\"22\">Lichtstrom:<\/td>\n<td class=\"et2\">1000lm<\/td>\n<\/tr>\n<tr style=\"height: 16.50pt;\">\n<td class=\"et2\" style=\"height: 16.50pt;\" height=\"22\">CRI<\/td>\n<td class=\"et2\">&gt;80<\/td>\n<\/tr>\n<tr style=\"height: 16.50pt;\">\n<td class=\"et2\" style=\"height: 16.50pt;\" height=\"22\">Leistungsfaktor<\/td>\n<td class=\"et2\">&gt;0.9<\/td>\n<\/tr>\n<tr style=\"height: 16.50pt;\">\n<td class=\"et2\" style=\"height: 16.50pt;\" height=\"22\">Abstrahlwinkel:<\/td>\n<td class=\"et2\">110\u00b0<\/td>\n<\/tr>\n<tr style=\"height: 16.50pt;\">\n<td class=\"et2\" style=\"height: 16.50pt;\" height=\"22\">Stromspannung:<\/td>\n<td class=\"et2\">4.5V DC<\/td>\n<\/tr>\n<tr style=\"height: 16.50pt;\">\n<td class=\"et2\" style=\"height: 16.50pt;\" height=\"22\">CCT:<\/td>\n<td class=\"et2\">2700K-3200K \/ 4000K-4500K \/ 6000K-6500K<\/td>\n<\/tr>\n<tr style=\"height: 16.50pt;\">\n<td class=\"et2\" style=\"height: 16.50pt;\" height=\"22\">Wasserdichtigkeit:<\/td>\n<td class=\"et2\">IP54<\/td>\n<\/tr>\n<tr style=\"height: 16.50pt;\">\n<td class=\"et2\" style=\"height: 16.50pt;\" height=\"22\">Lebensdauer:<\/td>\n<td class=\"et2\">30,000 hours<\/td>\n<\/tr>\n<tr style=\"height: 16.50pt;\">\n<td class=\"et2\" style=\"height: 16.50pt;\" height=\"22\">Material:<\/td>\n<td class=\"et2\">Aluminium, Nylonpower<\/td>\n<\/tr>\n<tr style=\"height: 16.50pt;\">\n<td class=\"et2\" style=\"height: 16.50pt;\" height=\"22\">Lichtmodus:Lichtmodus:<\/td>\n<td class=\"et2\">100% brightness \/ 50% brightness \/ Off<\/td>\n<\/tr>\n<tr style=\"height: 16.50pt;\">\n<td class=\"et2\" style=\"height: 16.50pt;\" height=\"22\">Ladezeit:<\/td>\n<td class=\"et2\">3 Stunden<\/td>\n<\/tr>\n<tr style=\"height: 16.50pt;\">\n<td class=\"et2\" style=\"height: 16.50pt;\" height=\"22\">Entladezeit:<\/td>\n<td class=\"et2\">4 Stunden<\/td>\n<\/tr>\n<tr style=\"height: 16.50pt;\">\n<td class=\"et2\" style=\"height: 16.50pt;\" height=\"22\">Batteriekapazit\u00e4t:<\/td>\n<td class=\"et2\">4.4AH \/ 3.7V<\/td>\n<\/tr>\n<tr style=\"height: 16.50pt;\">\n<td class=\"et2\" style=\"height: 16.50pt;\" height=\"22\">Garantie:<\/td>\n<td class=\"et2\">2 Jahre<\/td>\n<\/tr>\n<\/tbody>\n<\/table>\n<p><img decoding=\"async\" class=\"size-full wp-image-17414\" src=\"https:\/\/www.zhgdled.com\/wp-content\/uploads\/2022\/10\/20221026093308.jpg\" alt=\"COB rechargeable work light\" width=\"1279\" height=\"850\" srcset=\"https:\/\/www.zhgdled.com\/wp-content\/uploads\/2022\/10\/20221026093308.jpg 1279w, https:\/\/www.zhgdled.com\/wp-content\/uploads\/2022\/10\/20221026093308-300x199.jpg 300w, https:\/\/www.zhgdled.com\/wp-content\/uploads\/2022\/10\/20221026093308-1024x681.jpg 1024w, https:\/\/www.zhgdled.com\/wp-content\/uploads\/2022\/10\/20221026093308-768x510.jpg 768w, https:\/\/www.zhgdled.com\/wp-content\/uploads\/2022\/10\/20221026093308-600x399.jpg 600w, https:\/\/www.zhgdled.com\/wp-content\/uploads\/2022\/10\/20221026093308-150x100.jpg 150w\" sizes=\"(max-width: 1279px) 100vw, 1279px\" \/><\/p>\n","protected":false},"excerpt":{"rendered":"<p>Die Vollsortiment-Arbeitsscheinwerfer von ZHL helfen dank ihres zuverl\u00e4ssigen Herstellungsverfahrens, in der D\u00e4mmerung und im Dunkeln schneller, pr\u00e4ziser und produktiver arbeiten zu k\u00f6nnen.<\/p>\n<ul>\n<li>Leistung: 10W<\/li>\n<li>Lichtquelle: COB<\/li>\n<li>Lichtstrom: 1000lm<\/li>\n<li>Ra &gt; 80, PF &gt; 0,9<\/li>\n<li>Abstrahlwinkel: 110\u00b0<\/li>\n<li>Spannung: 4,5 V Gleichstrom<\/li>\n<li>Farbtemperatur: 2700K-3200K \/ 4000K-4500K \/ 6000K-6500K<\/li>\n<\/ul>\n","protected":false},"featured_media":14922,"template":"","meta":[],"product_brand":[],"product_cat":[634],"product_tag":[],"class_list":{"0":"post-18998","1":"product","2":"type-product","3":"status-publish","4":"has-post-thumbnail","6":"product_cat-arbeitsscheinwerfer","8":"first","9":"instock","10":"shipping-taxable","11":"product-type-simple"},"yoast_head":"<!-- This site is optimized with the Yoast SEO plugin v27.4 - https:\/\/yoast.com\/product\/yoast-seo-wordpress\/ -->\n<title>Cob wiederaufladbare Arbeitsleuchte<\/title>\n<meta name=\"description\" content=\"Die Vollsortiment-Arbeitsscheinwerfer von ZHL helfen dank ihres zuverl\u00e4ssigen Herstellungsverfahrens, in der D\u00e4mmerung und im Dunkeln schneller, pr\u00e4ziser und produktiver arbeiten zu k\u00f6nnen.\" \/>\n<meta name=\"robots\" content=\"index, follow, max-snippet:-1, max-image-preview:large, max-video-preview:-1\" \/>\n<link rel=\"canonical\" href=\"https:\/\/www.zhgdled.com\/de\/cob-wiederaufladbare-arbeitsleuchte-10w.html\" \/>\n<meta property=\"og:locale\" content=\"de_DE\" \/>\n<meta property=\"og:type\" content=\"article\" \/>\n<meta property=\"og:title\" content=\"Cob wiederaufladbare Arbeitsleuchte\" \/>\n<meta property=\"og:description\" content=\"Die Vollsortiment-Arbeitsscheinwerfer von ZHL helfen dank ihres zuverl\u00e4ssigen Herstellungsverfahrens, in der D\u00e4mmerung und im Dunkeln schneller, pr\u00e4ziser und produktiver arbeiten zu k\u00f6nnen.\" \/>\n<meta property=\"og:url\" content=\"https:\/\/www.zhgdled.com\/de\/cob-wiederaufladbare-arbeitsleuchte-10w.html\" \/>\n<meta property=\"og:site_name\" content=\"ZHL Lichtgruppe\" \/>\n<meta property=\"article:publisher\" content=\"https:\/\/www.facebook.com\/zhllightinggroup\" \/>\n<meta property=\"article:modified_time\" content=\"2023-12-26T02:27:49+00:00\" \/>\n<meta property=\"og:image\" content=\"https:\/\/www.zhgdled.com\/wp-content\/uploads\/2022\/10\/COB_RECHARGEABLE_WORK_LIGHT.png\" \/>\n\t<meta property=\"og:image:width\" content=\"1600\" \/>\n\t<meta property=\"og:image:height\" content=\"1600\" \/>\n\t<meta property=\"og:image:type\" content=\"image\/png\" \/>\n<meta name=\"twitter:card\" content=\"summary_large_image\" \/>\n<meta name=\"twitter:site\" content=\"@zhl_lighting\" \/>\n<meta name=\"twitter:label1\" content=\"Gesch\u00e4tzte Lesezeit\" \/>\n\t<meta name=\"twitter:data1\" content=\"1\u00a0Minute\" \/>\n<script type=\"application\/ld+json\" class=\"yoast-schema-graph\">{\"@context\":\"https:\\\/\\\/schema.org\",\"@graph\":[{\"@type\":\"WebPage\",\"@id\":\"https:\\\/\\\/www.zhgdled.com\\\/de\\\/cob-wiederaufladbare-arbeitsleuchte-10w.html\",\"url\":\"https:\\\/\\\/www.zhgdled.com\\\/de\\\/cob-wiederaufladbare-arbeitsleuchte-10w.html\",\"name\":\"Cob wiederaufladbare Arbeitsleuchte\",\"isPartOf\":{\"@id\":\"https:\\\/\\\/www.zhgdled.com\\\/de\\\/#website\"},\"primaryImageOfPage\":{\"@id\":\"https:\\\/\\\/www.zhgdled.com\\\/de\\\/cob-wiederaufladbare-arbeitsleuchte-10w.html#primaryimage\"},\"image\":{\"@id\":\"https:\\\/\\\/www.zhgdled.com\\\/de\\\/cob-wiederaufladbare-arbeitsleuchte-10w.html#primaryimage\"},\"thumbnailUrl\":\"https:\\\/\\\/www.zhgdled.com\\\/wp-content\\\/uploads\\\/2022\\\/10\\\/COB_RECHARGEABLE_WORK_LIGHT.png\",\"datePublished\":\"2022-10-13T06:16:18+00:00\",\"dateModified\":\"2023-12-26T02:27:49+00:00\",\"description\":\"Die Vollsortiment-Arbeitsscheinwerfer von ZHL helfen dank ihres zuverl\u00e4ssigen Herstellungsverfahrens, in der D\u00e4mmerung und im Dunkeln schneller, pr\u00e4ziser und produktiver arbeiten zu k\u00f6nnen.\",\"breadcrumb\":{\"@id\":\"https:\\\/\\\/www.zhgdled.com\\\/de\\\/cob-wiederaufladbare-arbeitsleuchte-10w.html#breadcrumb\"},\"inLanguage\":\"de\",\"potentialAction\":[{\"@type\":\"ReadAction\",\"target\":[\"https:\\\/\\\/www.zhgdled.com\\\/de\\\/cob-wiederaufladbare-arbeitsleuchte-10w.html\"]}]},{\"@type\":\"ImageObject\",\"inLanguage\":\"de\",\"@id\":\"https:\\\/\\\/www.zhgdled.com\\\/de\\\/cob-wiederaufladbare-arbeitsleuchte-10w.html#primaryimage\",\"url\":\"https:\\\/\\\/www.zhgdled.com\\\/wp-content\\\/uploads\\\/2022\\\/10\\\/COB_RECHARGEABLE_WORK_LIGHT.png\",\"contentUrl\":\"https:\\\/\\\/www.zhgdled.com\\\/wp-content\\\/uploads\\\/2022\\\/10\\\/COB_RECHARGEABLE_WORK_LIGHT.png\",\"width\":1600,\"height\":1600,\"caption\":\"cob wiederaufladbare Arbeitsleuchte\"},{\"@type\":\"BreadcrumbList\",\"@id\":\"https:\\\/\\\/www.zhgdled.com\\\/de\\\/cob-wiederaufladbare-arbeitsleuchte-10w.html#breadcrumb\",\"itemListElement\":[{\"@type\":\"ListItem\",\"position\":1,\"name\":\"Home\",\"item\":\"https:\\\/\\\/www.zhgdled.com\\\/de\"},{\"@type\":\"ListItem\",\"position\":2,\"name\":\"PRODUCTS\",\"item\":\"https:\\\/\\\/www.zhgdled.com\\\/zhl-products.html\"},{\"@type\":\"ListItem\",\"position\":3,\"name\":\"COB WIEDERAUFLADBARE ARBEITSLEUCHTE 10W\"}]},{\"@type\":\"WebSite\",\"@id\":\"https:\\\/\\\/www.zhgdled.com\\\/de\\\/#website\",\"url\":\"https:\\\/\\\/www.zhgdled.com\\\/de\\\/\",\"name\":\"ZHL Lichtgruppe\",\"description\":\"Top ranking industrial lighting manufacturer and exporter\",\"publisher\":{\"@id\":\"https:\\\/\\\/www.zhgdled.com\\\/de\\\/#organization\"},\"potentialAction\":[{\"@type\":\"SearchAction\",\"target\":{\"@type\":\"EntryPoint\",\"urlTemplate\":\"https:\\\/\\\/www.zhgdled.com\\\/de\\\/?s={search_term_string}\"},\"query-input\":{\"@type\":\"PropertyValueSpecification\",\"valueRequired\":true,\"valueName\":\"search_term_string\"}}],\"inLanguage\":\"de\"},{\"@type\":\"Organization\",\"@id\":\"https:\\\/\\\/www.zhgdled.com\\\/de\\\/#organization\",\"name\":\"ZHL Lighting Group\",\"url\":\"https:\\\/\\\/www.zhgdled.com\\\/de\\\/\",\"logo\":{\"@type\":\"ImageObject\",\"inLanguage\":\"de\",\"@id\":\"https:\\\/\\\/www.zhgdled.com\\\/de\\\/#\\\/schema\\\/logo\\\/image\\\/\",\"url\":\"\",\"contentUrl\":\"\",\"caption\":\"ZHL Lighting Group\"},\"image\":{\"@id\":\"https:\\\/\\\/www.zhgdled.com\\\/de\\\/#\\\/schema\\\/logo\\\/image\\\/\"},\"sameAs\":[\"https:\\\/\\\/www.facebook.com\\\/zhllightinggroup\",\"https:\\\/\\\/x.com\\\/zhl_lighting\"]}]}<\/script>\n<!-- \/ Yoast SEO plugin. -->","yoast_head_json":{"title":"Cob wiederaufladbare Arbeitsleuchte","description":"Die Vollsortiment-Arbeitsscheinwerfer von ZHL helfen dank ihres zuverl\u00e4ssigen Herstellungsverfahrens, in der D\u00e4mmerung und im Dunkeln schneller, pr\u00e4ziser und produktiver arbeiten zu k\u00f6nnen.","robots":{"index":"index","follow":"follow","max-snippet":"max-snippet:-1","max-image-preview":"max-image-preview:large","max-video-preview":"max-video-preview:-1"},"canonical":"https:\/\/www.zhgdled.com\/de\/cob-wiederaufladbare-arbeitsleuchte-10w.html","og_locale":"de_DE","og_type":"article","og_title":"Cob wiederaufladbare Arbeitsleuchte","og_description":"Die Vollsortiment-Arbeitsscheinwerfer von ZHL helfen dank ihres zuverl\u00e4ssigen Herstellungsverfahrens, in der D\u00e4mmerung und im Dunkeln schneller, pr\u00e4ziser und produktiver arbeiten zu k\u00f6nnen.","og_url":"https:\/\/www.zhgdled.com\/de\/cob-wiederaufladbare-arbeitsleuchte-10w.html","og_site_name":"ZHL Lichtgruppe","article_publisher":"https:\/\/www.facebook.com\/zhllightinggroup","article_modified_time":"2023-12-26T02:27:49+00:00","og_image":[{"width":1600,"height":1600,"url":"https:\/\/www.zhgdled.com\/wp-content\/uploads\/2022\/10\/COB_RECHARGEABLE_WORK_LIGHT.png","type":"image\/png"}],"twitter_card":"summary_large_image","twitter_site":"@zhl_lighting","twitter_misc":{"Gesch\u00e4tzte Lesezeit":"1\u00a0Minute"},"schema":{"@context":"https:\/\/schema.org","@graph":[{"@type":"WebPage","@id":"https:\/\/www.zhgdled.com\/de\/cob-wiederaufladbare-arbeitsleuchte-10w.html","url":"https:\/\/www.zhgdled.com\/de\/cob-wiederaufladbare-arbeitsleuchte-10w.html","name":"Cob wiederaufladbare Arbeitsleuchte","isPartOf":{"@id":"https:\/\/www.zhgdled.com\/de\/#website"},"primaryImageOfPage":{"@id":"https:\/\/www.zhgdled.com\/de\/cob-wiederaufladbare-arbeitsleuchte-10w.html#primaryimage"},"image":{"@id":"https:\/\/www.zhgdled.com\/de\/cob-wiederaufladbare-arbeitsleuchte-10w.html#primaryimage"},"thumbnailUrl":"https:\/\/www.zhgdled.com\/wp-content\/uploads\/2022\/10\/COB_RECHARGEABLE_WORK_LIGHT.png","datePublished":"2022-10-13T06:16:18+00:00","dateModified":"2023-12-26T02:27:49+00:00","description":"Die Vollsortiment-Arbeitsscheinwerfer von ZHL helfen dank ihres zuverl\u00e4ssigen Herstellungsverfahrens, in der D\u00e4mmerung und im Dunkeln schneller, pr\u00e4ziser und produktiver arbeiten zu k\u00f6nnen.","breadcrumb":{"@id":"https:\/\/www.zhgdled.com\/de\/cob-wiederaufladbare-arbeitsleuchte-10w.html#breadcrumb"},"inLanguage":"de","potentialAction":[{"@type":"ReadAction","target":["https:\/\/www.zhgdled.com\/de\/cob-wiederaufladbare-arbeitsleuchte-10w.html"]}]},{"@type":"ImageObject","inLanguage":"de","@id":"https:\/\/www.zhgdled.com\/de\/cob-wiederaufladbare-arbeitsleuchte-10w.html#primaryimage","url":"https:\/\/www.zhgdled.com\/wp-content\/uploads\/2022\/10\/COB_RECHARGEABLE_WORK_LIGHT.png","contentUrl":"https:\/\/www.zhgdled.com\/wp-content\/uploads\/2022\/10\/COB_RECHARGEABLE_WORK_LIGHT.png","width":1600,"height":1600,"caption":"cob wiederaufladbare Arbeitsleuchte"},{"@type":"BreadcrumbList","@id":"https:\/\/www.zhgdled.com\/de\/cob-wiederaufladbare-arbeitsleuchte-10w.html#breadcrumb","itemListElement":[{"@type":"ListItem","position":1,"name":"Home","item":"https:\/\/www.zhgdled.com\/de"},{"@type":"ListItem","position":2,"name":"PRODUCTS","item":"https:\/\/www.zhgdled.com\/zhl-products.html"},{"@type":"ListItem","position":3,"name":"COB WIEDERAUFLADBARE ARBEITSLEUCHTE 10W"}]},{"@type":"WebSite","@id":"https:\/\/www.zhgdled.com\/de\/#website","url":"https:\/\/www.zhgdled.com\/de\/","name":"ZHL Lichtgruppe","description":"Top ranking industrial lighting manufacturer and exporter","publisher":{"@id":"https:\/\/www.zhgdled.com\/de\/#organization"},"potentialAction":[{"@type":"SearchAction","target":{"@type":"EntryPoint","urlTemplate":"https:\/\/www.zhgdled.com\/de\/?s={search_term_string}"},"query-input":{"@type":"PropertyValueSpecification","valueRequired":true,"valueName":"search_term_string"}}],"inLanguage":"de"},{"@type":"Organization","@id":"https:\/\/www.zhgdled.com\/de\/#organization","name":"ZHL Lighting Group","url":"https:\/\/www.zhgdled.com\/de\/","logo":{"@type":"ImageObject","inLanguage":"de","@id":"https:\/\/www.zhgdled.com\/de\/#\/schema\/logo\/image\/","url":"","contentUrl":"","caption":"ZHL Lighting Group"},"image":{"@id":"https:\/\/www.zhgdled.com\/de\/#\/schema\/logo\/image\/"},"sameAs":["https:\/\/www.facebook.com\/zhllightinggroup","https:\/\/x.com\/zhl_lighting"]}]}},"_links":{"self":[{"href":"https:\/\/www.zhgdled.com\/de\/wp-json\/wp\/v2\/product\/18998","targetHints":{"allow":["GET"]}}],"collection":[{"href":"https:\/\/www.zhgdled.com\/de\/wp-json\/wp\/v2\/product"}],"about":[{"href":"https:\/\/www.zhgdled.com\/de\/wp-json\/wp\/v2\/types\/product"}],"wp:featuredmedia":[{"embeddable":true,"href":"https:\/\/www.zhgdled.com\/de\/wp-json\/wp\/v2\/media\/14922"}],"wp:attachment":[{"href":"https:\/\/www.zhgdled.com\/de\/wp-json\/wp\/v2\/media?parent=18998"}],"wp:term":[{"taxonomy":"product_brand","embeddable":true,"href":"https:\/\/www.zhgdled.com\/de\/wp-json\/wp\/v2\/product_brand?post=18998"},{"taxonomy":"product_cat","embeddable":true,"href":"https:\/\/www.zhgdled.com\/de\/wp-json\/wp\/v2\/product_cat?post=18998"},{"taxonomy":"product_tag","embeddable":true,"href":"https:\/\/www.zhgdled.com\/de\/wp-json\/wp\/v2\/product_tag?post=18998"}],"curies":[{"name":"wp","href":"https:\/\/api.w.org\/{rel}","templated":true}]}}