{"id":19000,"date":"2023-06-12T11:55:16","date_gmt":"2022-10-13T03:55:16","guid":{"rendered":"https:\/\/www.zhgdled.com\/product\/archimedes-series-flood-light"},"modified":"2023-02-08T14:26:50","modified_gmt":"2023-02-08T06:26:50","slug":"anbieter-von-flutlicht","status":"publish","type":"product","link":"https:\/\/www.zhgdled.com\/de\/archimedes-serie-flutlicht.html","title":{"rendered":"FLUTLICHT DER ARCHIMEDES-REIHE"},"content":{"rendered":"<h2>INDUSTRIELLE HOCHFESTE LEUCHTE<\/h2>\n<ul>\n<li>Starke W\u00e4rmeableitungsleistung unter Beibehaltung der Schutzart IP65.<\/li>\n<li>Ausgestattet mit einem separaten 10-kV-\u00dcberspannungsschutzger\u00e4t.<\/li>\n<li>WLAN, Bluetooth, Mesh, Zigbee-kompatibel, CCT und Helligkeitssteuerung per App.<\/li>\n<li>Schutzgrad IP66, IK08, Widerstandsf\u00e4higkeit gegen starke Winde der Stufe 17 ohne Angst vor rauen Au\u00dfenumgebungen<\/li>\n<li>Abstrahlwinkel: S60\/S90\/S120\/TYPE3\/90*120, andere Abstrahlwinkelanforderungen k\u00f6nnen angepasst werden.<\/li>\n<li>Leistungsbereich der gesamten Serie: 30W-200W, jetzt 300W, 400W sind auch f\u00fcr professionelle Anwender verf\u00fcgbar.<\/li>\n<\/ul>\n<h2>SPEZIFIKATIONEN<\/h2>\n<blockquote><p>Katalog ben\u00f6tigt? <a href=\"https:\/\/www.zhgdled.com\/download\/archimedes-series-flood-light\">klicken Sie hier<\/a><\/p><\/blockquote>\n<table style=\"border-collapse: collapse; width: 269.27pt;\" border=\"0\" width=\"359\" cellspacing=\"0\" cellpadding=\"0\">\n<tbody>\n<tr style=\"height: 13.50pt;\">\n<td style=\"height: 13.50pt; width: 78.00pt;\" width=\"104\" height=\"18\">Leistung<\/td>\n<td style=\"width: 191.25pt;\" width=\"255\">50W\/100W\/150W\/200W\/300W\/400W<\/td>\n<\/tr>\n<tr style=\"height: 13.50pt;\">\n<td style=\"height: 13.50pt;\" height=\"18\">Chips<\/td>\n<td>SMD2835<\/td>\n<\/tr>\n<tr style=\"height: 13.50pt;\">\n<td style=\"height: 13.50pt;\" height=\"18\">Effizienz<\/td>\n<td>150lm\/w<\/td>\n<\/tr>\n<tr style=\"height: 13.50pt;\">\n<td style=\"height: 13.50pt;\" height=\"18\">Material<\/td>\n<td>Aluminium, optisches Glas<\/td>\n<\/tr>\n<tr style=\"height: 13.50pt;\">\n<td style=\"height: 13.50pt;\" height=\"18\">CCT<\/td>\n<td>2700K &#8211; 6500K<\/td>\n<\/tr>\n<tr style=\"height: 13.50pt;\">\n<td style=\"height: 13.50pt;\" height=\"18\">Stromspannung<\/td>\n<td>AC100-265V 50\/60HZ<\/td>\n<\/tr>\n<\/tbody>\n<\/table>\n<p><img decoding=\"async\" class=\"alignnone size-full wp-image-14803\" src=\"https:\/\/www.zhgdled.com\/wp-content\/uploads\/2022\/10\/10.png\" alt=\"\" width=\"750\" height=\"750\" srcset=\"https:\/\/www.zhgdled.com\/wp-content\/uploads\/2022\/10\/10.png 750w, https:\/\/www.zhgdled.com\/wp-content\/uploads\/2022\/10\/10-300x300.png 300w, https:\/\/www.zhgdled.com\/wp-content\/uploads\/2022\/10\/10-150x150.png 150w, https:\/\/www.zhgdled.com\/wp-content\/uploads\/2022\/10\/10-600x600.png 600w\" sizes=\"(max-width: 750px) 100vw, 750px\" \/><img decoding=\"async\" class=\"alignnone size-full wp-image-14812\" src=\"https:\/\/www.zhgdled.com\/wp-content\/uploads\/2022\/10\/Z-1.png\" alt=\"\" width=\"750\" height=\"974\" srcset=\"https:\/\/www.zhgdled.com\/wp-content\/uploads\/2022\/10\/Z-1.png 750w, https:\/\/www.zhgdled.com\/wp-content\/uploads\/2022\/10\/Z-1-231x300.png 231w, https:\/\/www.zhgdled.com\/wp-content\/uploads\/2022\/10\/Z-1-600x779.png 600w, https:\/\/www.zhgdled.com\/wp-content\/uploads\/2022\/10\/Z-1-150x195.png 150w\" sizes=\"(max-width: 750px) 100vw, 750px\" \/><img decoding=\"async\" class=\"alignnone size-full wp-image-14821\" src=\"https:\/\/www.zhgdled.com\/wp-content\/uploads\/2022\/10\/Z-2.png\" alt=\"\" width=\"750\" height=\"554\" srcset=\"https:\/\/www.zhgdled.com\/wp-content\/uploads\/2022\/10\/Z-2.png 750w, https:\/\/www.zhgdled.com\/wp-content\/uploads\/2022\/10\/Z-2-300x222.png 300w, https:\/\/www.zhgdled.com\/wp-content\/uploads\/2022\/10\/Z-2-600x443.png 600w, https:\/\/www.zhgdled.com\/wp-content\/uploads\/2022\/10\/Z-2-150x111.png 150w\" sizes=\"(max-width: 750px) 100vw, 750px\" \/><img decoding=\"async\" class=\"alignnone size-full wp-image-14830\" src=\"https:\/\/www.zhgdled.com\/wp-content\/uploads\/2022\/10\/Z-3.png\" alt=\"\" width=\"750\" height=\"1315\" srcset=\"https:\/\/www.zhgdled.com\/wp-content\/uploads\/2022\/10\/Z-3.png 750w, https:\/\/www.zhgdled.com\/wp-content\/uploads\/2022\/10\/Z-3-171x300.png 171w, https:\/\/www.zhgdled.com\/wp-content\/uploads\/2022\/10\/Z-3-584x1024.png 584w, https:\/\/www.zhgdled.com\/wp-content\/uploads\/2022\/10\/Z-3-600x1052.png 600w, https:\/\/www.zhgdled.com\/wp-content\/uploads\/2022\/10\/Z-3-150x263.png 150w\" sizes=\"(max-width: 750px) 100vw, 750px\" \/><\/p>\n","protected":false},"excerpt":{"rendered":"<p>Als professioneller Industriebeleuchtungslieferant bietet ZHL seit langem Dienstleistungen f\u00fcr einige Kunden an, die in Bezug auf Professionalit\u00e4t \u00e4u\u00dferst anspruchsvoll sind. Und dieses professionelle Flutlicht der ARCHIMEDES-Serie ist die bevorzugte L\u00f6sung f\u00fcr solche Kunden.<\/p>\n<ul>\n<li>Starke W\u00e4rmeableitungsleistung unter Beibehaltung der Schutzart IP65.<\/li>\n<li>Ausgestattet mit einem separaten 10-kV-\u00dcberspannungsschutzger\u00e4t.<\/li>\n<li>WLAN, Bluetooth, Mesh, Zigbee-kompatibel, CCT und Helligkeitssteuerung per App.<\/li>\n<li>Schutzgrad IP66, IK08, Widerstandsf\u00e4higkeit gegen starke Winde der Stufe 17 ohne Angst vor rauen Au\u00dfenumgebungen<\/li>\n<li>Abstrahlwinkel: S60\/S90\/S120\/TYPE3\/90*120, andere Abstrahlwinkelanforderungen k\u00f6nnen angepasst werden.<\/li>\n<li>Leistungsbereich der gesamten Serie: 30W-200W, jetzt 300W, 400W sind auch f\u00fcr professionelle Anwender verf\u00fcgbar.<\/li>\n<\/ul>\n","protected":false},"featured_media":14848,"template":"","meta":[],"product_brand":[],"product_cat":[612],"product_tag":[],"class_list":{"0":"post-19000","1":"product","2":"type-product","3":"status-publish","4":"has-post-thumbnail","6":"product_cat-led-flood-light-de","8":"first","9":"instock","10":"shipping-taxable","11":"product-type-simple"},"yoast_head":"<!-- This site is optimized with the Yoast SEO plugin v27.4 - https:\/\/yoast.com\/product\/yoast-seo-wordpress\/ -->\n<title>Anbieter von Flutlicht Archimedes-Reihe<\/title>\n<meta name=\"description\" content=\"Als professioneller Lieferant von Flutlicht f\u00fcr Industriebeleuchtung bietet ZHL seit langem Dienstleistungen f\u00fcr einige Kunden an, die in Bezug auf Professionalit\u00e4t \u00e4u\u00dferst anspruchsvoll sind.\" \/>\n<meta name=\"robots\" content=\"index, follow, max-snippet:-1, max-image-preview:large, max-video-preview:-1\" \/>\n<link rel=\"canonical\" href=\"https:\/\/www.zhgdled.com\/de\/archimedes-serie-flutlicht.html\" \/>\n<meta property=\"og:locale\" content=\"de_DE\" \/>\n<meta property=\"og:type\" content=\"article\" \/>\n<meta property=\"og:title\" content=\"Anbieter von Flutlicht Archimedes-Reihe\" \/>\n<meta property=\"og:description\" content=\"Als professioneller Lieferant von Flutlicht f\u00fcr Industriebeleuchtung bietet ZHL seit langem Dienstleistungen f\u00fcr einige Kunden an, die in Bezug auf Professionalit\u00e4t \u00e4u\u00dferst anspruchsvoll sind.\" \/>\n<meta property=\"og:url\" content=\"https:\/\/www.zhgdled.com\/de\/archimedes-serie-flutlicht.html\" \/>\n<meta property=\"og:site_name\" content=\"ZHL Lichtgruppe\" \/>\n<meta property=\"article:publisher\" content=\"https:\/\/www.facebook.com\/zhllightinggroup\" \/>\n<meta property=\"article:modified_time\" content=\"2023-02-08T06:26:50+00:00\" \/>\n<meta property=\"og:image\" content=\"https:\/\/www.zhgdled.com\/wp-content\/uploads\/2022\/10\/8-200w.png\" \/>\n\t<meta property=\"og:image:width\" content=\"1600\" \/>\n\t<meta property=\"og:image:height\" content=\"1600\" \/>\n\t<meta property=\"og:image:type\" content=\"image\/png\" \/>\n<meta name=\"twitter:card\" content=\"summary_large_image\" \/>\n<meta name=\"twitter:site\" content=\"@zhl_lighting\" \/>\n<meta name=\"twitter:label1\" content=\"Gesch\u00e4tzte Lesezeit\" \/>\n\t<meta name=\"twitter:data1\" content=\"2\u00a0Minuten\" \/>\n<script type=\"application\/ld+json\" class=\"yoast-schema-graph\">{\"@context\":\"https:\\\/\\\/schema.org\",\"@graph\":[{\"@type\":\"WebPage\",\"@id\":\"https:\\\/\\\/www.zhgdled.com\\\/de\\\/archimedes-serie-flutlicht.html\",\"url\":\"https:\\\/\\\/www.zhgdled.com\\\/de\\\/archimedes-serie-flutlicht.html\",\"name\":\"Anbieter von Flutlicht Archimedes-Reihe\",\"isPartOf\":{\"@id\":\"https:\\\/\\\/www.zhgdled.com\\\/de\\\/#website\"},\"primaryImageOfPage\":{\"@id\":\"https:\\\/\\\/www.zhgdled.com\\\/de\\\/archimedes-serie-flutlicht.html#primaryimage\"},\"image\":{\"@id\":\"https:\\\/\\\/www.zhgdled.com\\\/de\\\/archimedes-serie-flutlicht.html#primaryimage\"},\"thumbnailUrl\":\"https:\\\/\\\/www.zhgdled.com\\\/wp-content\\\/uploads\\\/2022\\\/10\\\/8-200w.png\",\"datePublished\":\"2022-10-13T03:55:16+00:00\",\"dateModified\":\"2023-02-08T06:26:50+00:00\",\"description\":\"Als professioneller Lieferant von Flutlicht f\u00fcr Industriebeleuchtung bietet ZHL seit langem Dienstleistungen f\u00fcr einige Kunden an, die in Bezug auf Professionalit\u00e4t \u00e4u\u00dferst anspruchsvoll sind.\",\"breadcrumb\":{\"@id\":\"https:\\\/\\\/www.zhgdled.com\\\/de\\\/archimedes-serie-flutlicht.html#breadcrumb\"},\"inLanguage\":\"de\",\"potentialAction\":[{\"@type\":\"ReadAction\",\"target\":[\"https:\\\/\\\/www.zhgdled.com\\\/de\\\/archimedes-serie-flutlicht.html\"]}]},{\"@type\":\"ImageObject\",\"inLanguage\":\"de\",\"@id\":\"https:\\\/\\\/www.zhgdled.com\\\/de\\\/archimedes-serie-flutlicht.html#primaryimage\",\"url\":\"https:\\\/\\\/www.zhgdled.com\\\/wp-content\\\/uploads\\\/2022\\\/10\\\/8-200w.png\",\"contentUrl\":\"https:\\\/\\\/www.zhgdled.com\\\/wp-content\\\/uploads\\\/2022\\\/10\\\/8-200w.png\",\"width\":1600,\"height\":1600,\"caption\":\"Anbieter von Flutlicht\"},{\"@type\":\"BreadcrumbList\",\"@id\":\"https:\\\/\\\/www.zhgdled.com\\\/de\\\/archimedes-serie-flutlicht.html#breadcrumb\",\"itemListElement\":[{\"@type\":\"ListItem\",\"position\":1,\"name\":\"Home\",\"item\":\"https:\\\/\\\/www.zhgdled.com\\\/de\"},{\"@type\":\"ListItem\",\"position\":2,\"name\":\"PRODUCTS\",\"item\":\"https:\\\/\\\/www.zhgdled.com\\\/zhl-products.html\"},{\"@type\":\"ListItem\",\"position\":3,\"name\":\"FLUTLICHT DER ARCHIMEDES-REIHE\"}]},{\"@type\":\"WebSite\",\"@id\":\"https:\\\/\\\/www.zhgdled.com\\\/de\\\/#website\",\"url\":\"https:\\\/\\\/www.zhgdled.com\\\/de\\\/\",\"name\":\"ZHL Lichtgruppe\",\"description\":\"Top ranking industrial lighting manufacturer and exporter\",\"publisher\":{\"@id\":\"https:\\\/\\\/www.zhgdled.com\\\/de\\\/#organization\"},\"potentialAction\":[{\"@type\":\"SearchAction\",\"target\":{\"@type\":\"EntryPoint\",\"urlTemplate\":\"https:\\\/\\\/www.zhgdled.com\\\/de\\\/?s={search_term_string}\"},\"query-input\":{\"@type\":\"PropertyValueSpecification\",\"valueRequired\":true,\"valueName\":\"search_term_string\"}}],\"inLanguage\":\"de\"},{\"@type\":\"Organization\",\"@id\":\"https:\\\/\\\/www.zhgdled.com\\\/de\\\/#organization\",\"name\":\"ZHL Lighting Group\",\"url\":\"https:\\\/\\\/www.zhgdled.com\\\/de\\\/\",\"logo\":{\"@type\":\"ImageObject\",\"inLanguage\":\"de\",\"@id\":\"https:\\\/\\\/www.zhgdled.com\\\/de\\\/#\\\/schema\\\/logo\\\/image\\\/\",\"url\":\"\",\"contentUrl\":\"\",\"caption\":\"ZHL Lighting Group\"},\"image\":{\"@id\":\"https:\\\/\\\/www.zhgdled.com\\\/de\\\/#\\\/schema\\\/logo\\\/image\\\/\"},\"sameAs\":[\"https:\\\/\\\/www.facebook.com\\\/zhllightinggroup\",\"https:\\\/\\\/x.com\\\/zhl_lighting\"]}]}<\/script>\n<!-- \/ Yoast SEO plugin. -->","yoast_head_json":{"title":"Anbieter von Flutlicht Archimedes-Reihe","description":"Als professioneller Lieferant von Flutlicht f\u00fcr Industriebeleuchtung bietet ZHL seit langem Dienstleistungen f\u00fcr einige Kunden an, die in Bezug auf Professionalit\u00e4t \u00e4u\u00dferst anspruchsvoll sind.","robots":{"index":"index","follow":"follow","max-snippet":"max-snippet:-1","max-image-preview":"max-image-preview:large","max-video-preview":"max-video-preview:-1"},"canonical":"https:\/\/www.zhgdled.com\/de\/archimedes-serie-flutlicht.html","og_locale":"de_DE","og_type":"article","og_title":"Anbieter von Flutlicht Archimedes-Reihe","og_description":"Als professioneller Lieferant von Flutlicht f\u00fcr Industriebeleuchtung bietet ZHL seit langem Dienstleistungen f\u00fcr einige Kunden an, die in Bezug auf Professionalit\u00e4t \u00e4u\u00dferst anspruchsvoll sind.","og_url":"https:\/\/www.zhgdled.com\/de\/archimedes-serie-flutlicht.html","og_site_name":"ZHL Lichtgruppe","article_publisher":"https:\/\/www.facebook.com\/zhllightinggroup","article_modified_time":"2023-02-08T06:26:50+00:00","og_image":[{"width":1600,"height":1600,"url":"https:\/\/www.zhgdled.com\/wp-content\/uploads\/2022\/10\/8-200w.png","type":"image\/png"}],"twitter_card":"summary_large_image","twitter_site":"@zhl_lighting","twitter_misc":{"Gesch\u00e4tzte Lesezeit":"2\u00a0Minuten"},"schema":{"@context":"https:\/\/schema.org","@graph":[{"@type":"WebPage","@id":"https:\/\/www.zhgdled.com\/de\/archimedes-serie-flutlicht.html","url":"https:\/\/www.zhgdled.com\/de\/archimedes-serie-flutlicht.html","name":"Anbieter von Flutlicht Archimedes-Reihe","isPartOf":{"@id":"https:\/\/www.zhgdled.com\/de\/#website"},"primaryImageOfPage":{"@id":"https:\/\/www.zhgdled.com\/de\/archimedes-serie-flutlicht.html#primaryimage"},"image":{"@id":"https:\/\/www.zhgdled.com\/de\/archimedes-serie-flutlicht.html#primaryimage"},"thumbnailUrl":"https:\/\/www.zhgdled.com\/wp-content\/uploads\/2022\/10\/8-200w.png","datePublished":"2022-10-13T03:55:16+00:00","dateModified":"2023-02-08T06:26:50+00:00","description":"Als professioneller Lieferant von Flutlicht f\u00fcr Industriebeleuchtung bietet ZHL seit langem Dienstleistungen f\u00fcr einige Kunden an, die in Bezug auf Professionalit\u00e4t \u00e4u\u00dferst anspruchsvoll sind.","breadcrumb":{"@id":"https:\/\/www.zhgdled.com\/de\/archimedes-serie-flutlicht.html#breadcrumb"},"inLanguage":"de","potentialAction":[{"@type":"ReadAction","target":["https:\/\/www.zhgdled.com\/de\/archimedes-serie-flutlicht.html"]}]},{"@type":"ImageObject","inLanguage":"de","@id":"https:\/\/www.zhgdled.com\/de\/archimedes-serie-flutlicht.html#primaryimage","url":"https:\/\/www.zhgdled.com\/wp-content\/uploads\/2022\/10\/8-200w.png","contentUrl":"https:\/\/www.zhgdled.com\/wp-content\/uploads\/2022\/10\/8-200w.png","width":1600,"height":1600,"caption":"Anbieter von Flutlicht"},{"@type":"BreadcrumbList","@id":"https:\/\/www.zhgdled.com\/de\/archimedes-serie-flutlicht.html#breadcrumb","itemListElement":[{"@type":"ListItem","position":1,"name":"Home","item":"https:\/\/www.zhgdled.com\/de"},{"@type":"ListItem","position":2,"name":"PRODUCTS","item":"https:\/\/www.zhgdled.com\/zhl-products.html"},{"@type":"ListItem","position":3,"name":"FLUTLICHT DER ARCHIMEDES-REIHE"}]},{"@type":"WebSite","@id":"https:\/\/www.zhgdled.com\/de\/#website","url":"https:\/\/www.zhgdled.com\/de\/","name":"ZHL Lichtgruppe","description":"Top ranking industrial lighting manufacturer and exporter","publisher":{"@id":"https:\/\/www.zhgdled.com\/de\/#organization"},"potentialAction":[{"@type":"SearchAction","target":{"@type":"EntryPoint","urlTemplate":"https:\/\/www.zhgdled.com\/de\/?s={search_term_string}"},"query-input":{"@type":"PropertyValueSpecification","valueRequired":true,"valueName":"search_term_string"}}],"inLanguage":"de"},{"@type":"Organization","@id":"https:\/\/www.zhgdled.com\/de\/#organization","name":"ZHL Lighting Group","url":"https:\/\/www.zhgdled.com\/de\/","logo":{"@type":"ImageObject","inLanguage":"de","@id":"https:\/\/www.zhgdled.com\/de\/#\/schema\/logo\/image\/","url":"","contentUrl":"","caption":"ZHL Lighting Group"},"image":{"@id":"https:\/\/www.zhgdled.com\/de\/#\/schema\/logo\/image\/"},"sameAs":["https:\/\/www.facebook.com\/zhllightinggroup","https:\/\/x.com\/zhl_lighting"]}]}},"_links":{"self":[{"href":"https:\/\/www.zhgdled.com\/de\/wp-json\/wp\/v2\/product\/19000","targetHints":{"allow":["GET"]}}],"collection":[{"href":"https:\/\/www.zhgdled.com\/de\/wp-json\/wp\/v2\/product"}],"about":[{"href":"https:\/\/www.zhgdled.com\/de\/wp-json\/wp\/v2\/types\/product"}],"wp:featuredmedia":[{"embeddable":true,"href":"https:\/\/www.zhgdled.com\/de\/wp-json\/wp\/v2\/media\/14848"}],"wp:attachment":[{"href":"https:\/\/www.zhgdled.com\/de\/wp-json\/wp\/v2\/media?parent=19000"}],"wp:term":[{"taxonomy":"product_brand","embeddable":true,"href":"https:\/\/www.zhgdled.com\/de\/wp-json\/wp\/v2\/product_brand?post=19000"},{"taxonomy":"product_cat","embeddable":true,"href":"https:\/\/www.zhgdled.com\/de\/wp-json\/wp\/v2\/product_cat?post=19000"},{"taxonomy":"product_tag","embeddable":true,"href":"https:\/\/www.zhgdled.com\/de\/wp-json\/wp\/v2\/product_tag?post=19000"}],"curies":[{"name":"wp","href":"https:\/\/api.w.org\/{rel}","templated":true}]}}