{"id":19004,"date":"2023-10-25T08:09:09","date_gmt":"2022-09-08T09:09:09","guid":{"rendered":"https:\/\/www.zhgdled.com\/product\/14251"},"modified":"2023-12-26T10:57:56","modified_gmt":"2023-12-26T02:57:56","slug":"solar-led-strassenlaterne-mit-sensor","status":"publish","type":"product","link":"https:\/\/www.zhgdled.com\/de\/solar-led-strasenlaterne-mit-sensor.html","title":{"rendered":"PRO SERIE Solar Strassenleuchte"},"content":{"rendered":"<h2>180LM\/W &amp; INTELLIGENTE STEUERUNG IST DAS SCHL\u00dcSSELDESIGN BEI DIESER NEUEN PRO-SERIE<\/h2>\n<p>Solarbetriebene Stra\u00dfenlaternen der PRO-Serie verwenden die neueste hocheffiziente LED-Stra\u00dfenlampe von ZHL, die eine hervorragende Lichtleistung, lang anhaltende Stabilit\u00e4t und eine hervorragende Sicht bietet. Solar-Stra\u00dfen-LED-Leuchte der PRO-Serie kombiniert mit Lithium-Batterie und Mono-Solarmodulen, um die lange Lebensdauer und hohe Effizienz des Solar-Stra\u00dfenbeleuchtungssystems zu gew\u00e4hrleisten. Bieten Sie 3 Jahre Garantie auf das gesamte Solarstra\u00dfenbeleuchtungssystem.<\/p>\n<p>&nbsp;<\/p>\n<h2>SPEZIFIKATIONEN<\/h2>\n<table border=\"0\" width=\"211\" cellspacing=\"0\" cellpadding=\"0\">\n<tbody>\n<tr>\n<td class=\"et2\" width=\"211\" height=\"22\"><img decoding=\"async\" class=\"alignnone wp-image-17484\" src=\"https:\/\/www.zhgdled.com\/wp-content\/uploads\/2022\/07\/zhl_download-logo.png\" sizes=\"(max-width: 26px) 100vw, 26px\" srcset=\"https:\/\/www.zhgdled.com\/wp-content\/uploads\/2022\/07\/zhl_download-logo.png 368w, https:\/\/www.zhgdled.com\/wp-content\/uploads\/2022\/07\/zhl_download-logo-300x300.png 300w, https:\/\/www.zhgdled.com\/wp-content\/uploads\/2022\/07\/zhl_download-logo-150x150.png 150w\" alt=\"\" width=\"26\" height=\"26\" \/><a href=\"https:\/\/www.zhgdled.com\/download\/pro-series-solar-street-light\">Katalog herunterladen<\/a><\/td>\n<\/tr>\n<\/tbody>\n<\/table>\n<p><img decoding=\"async\" class=\"alignnone size-full wp-image-14256\" src=\"https:\/\/www.zhgdled.com\/wp-content\/uploads\/2022\/09\/PROSERIESSPECIFICATION.png\" alt=\"\" width=\"945\" height=\"502\" srcset=\"https:\/\/www.zhgdled.com\/wp-content\/uploads\/2022\/09\/PROSERIESSPECIFICATION.png 945w, https:\/\/www.zhgdled.com\/wp-content\/uploads\/2022\/09\/PROSERIESSPECIFICATION-300x159.png 300w, https:\/\/www.zhgdled.com\/wp-content\/uploads\/2022\/09\/PROSERIESSPECIFICATION-768x408.png 768w, https:\/\/www.zhgdled.com\/wp-content\/uploads\/2022\/09\/PROSERIESSPECIFICATION-600x319.png 600w, https:\/\/www.zhgdled.com\/wp-content\/uploads\/2022\/09\/PROSERIESSPECIFICATION-150x80.png 150w\" sizes=\"(max-width: 945px) 100vw, 945px\" \/><\/p>\n<p><img decoding=\"async\" class=\"alignnone size-full wp-image-14265\" src=\"https:\/\/www.zhgdled.com\/wp-content\/uploads\/2022\/09\/Z-2.png\" alt=\"\" width=\"750\" height=\"610\" srcset=\"https:\/\/www.zhgdled.com\/wp-content\/uploads\/2022\/09\/Z-2.png 750w, https:\/\/www.zhgdled.com\/wp-content\/uploads\/2022\/09\/Z-2-300x244.png 300w, https:\/\/www.zhgdled.com\/wp-content\/uploads\/2022\/09\/Z-2-600x488.png 600w, https:\/\/www.zhgdled.com\/wp-content\/uploads\/2022\/09\/Z-2-150x122.png 150w\" sizes=\"(max-width: 750px) 100vw, 750px\" \/><img decoding=\"async\" class=\"alignnone size-full wp-image-14274\" src=\"https:\/\/www.zhgdled.com\/wp-content\/uploads\/2022\/09\/Z-3.png\" alt=\"\" width=\"750\" height=\"685\" srcset=\"https:\/\/www.zhgdled.com\/wp-content\/uploads\/2022\/09\/Z-3.png 750w, https:\/\/www.zhgdled.com\/wp-content\/uploads\/2022\/09\/Z-3-300x274.png 300w, https:\/\/www.zhgdled.com\/wp-content\/uploads\/2022\/09\/Z-3-600x548.png 600w, https:\/\/www.zhgdled.com\/wp-content\/uploads\/2022\/09\/Z-3-150x137.png 150w\" sizes=\"(max-width: 750px) 100vw, 750px\" \/><\/p>\n","protected":false},"excerpt":{"rendered":"<p>Solarbetriebene Stra\u00dfenlaternen der PRO-Serie verwenden die neueste hocheffiziente LED-Stra\u00dfenlampe von ZHL, die eine hervorragende Lichtleistung, lang anhaltende Stabilit\u00e4t und eine hervorragende Sicht bietet. Solar-Stra\u00dfen-LED-Leuchte der PRO-Serie kombiniert mit Lithium-Batterie und Mono-Solarmodulen, um die lange Lebensdauer und hohe Effizienz des Solar-Stra\u00dfenbeleuchtungssystems zu gew\u00e4hrleisten. Bieten Sie 3 Jahre Garantie auf das gesamte Solarstra\u00dfenbeleuchtungssystem.<\/p>\n","protected":false},"featured_media":20782,"template":"","meta":[],"product_brand":[],"product_cat":[637],"product_tag":[],"class_list":{"0":"post-19004","1":"product","2":"type-product","3":"status-publish","4":"has-post-thumbnail","6":"product_cat-strassenlichter","8":"first","9":"instock","10":"featured","11":"shipping-taxable","12":"product-type-simple"},"yoast_head":"<!-- This site is optimized with the Yoast SEO plugin v27.4 - https:\/\/yoast.com\/product\/yoast-seo-wordpress\/ -->\n<title>Solar-LED-Stra\u00dfenlaterne mit Sensor<\/title>\n<meta name=\"description\" content=\"Solar-LED-Stra\u00dfenlaternen der PRO-Serie mit Sensor verwenden die neueste hocheffiziente LED-Stra\u00dfenlampe von ZHL, die eine hervorragende Lumenleistung, lang anhaltende Stabilit\u00e4t und eine hervorragende Sicht bietet.\" \/>\n<meta name=\"robots\" content=\"index, follow, max-snippet:-1, max-image-preview:large, max-video-preview:-1\" \/>\n<link rel=\"canonical\" href=\"https:\/\/www.zhgdled.com\/de\/solar-led-strasenlaterne-mit-sensor.html\" \/>\n<meta property=\"og:locale\" content=\"de_DE\" \/>\n<meta property=\"og:type\" content=\"article\" \/>\n<meta property=\"og:title\" content=\"Solar-LED-Stra\u00dfenlaterne mit Sensor\" \/>\n<meta property=\"og:description\" content=\"Solar-LED-Stra\u00dfenlaternen der PRO-Serie mit Sensor verwenden die neueste hocheffiziente LED-Stra\u00dfenlampe von ZHL, die eine hervorragende Lumenleistung, lang anhaltende Stabilit\u00e4t und eine hervorragende Sicht bietet.\" \/>\n<meta property=\"og:url\" content=\"https:\/\/www.zhgdled.com\/de\/solar-led-strasenlaterne-mit-sensor.html\" \/>\n<meta property=\"og:site_name\" content=\"ZHL Lichtgruppe\" \/>\n<meta property=\"article:publisher\" content=\"https:\/\/www.facebook.com\/zhllightinggroup\" \/>\n<meta property=\"article:modified_time\" content=\"2023-12-26T02:57:56+00:00\" \/>\n<meta property=\"og:image\" content=\"https:\/\/www.zhgdled.com\/wp-content\/uploads\/2022\/09\/pro-series-street-lights.jpg\" \/>\n\t<meta property=\"og:image:width\" content=\"1600\" \/>\n\t<meta property=\"og:image:height\" content=\"1600\" \/>\n\t<meta property=\"og:image:type\" content=\"image\/jpeg\" \/>\n<meta name=\"twitter:card\" content=\"summary_large_image\" \/>\n<meta name=\"twitter:site\" content=\"@zhl_lighting\" \/>\n<meta name=\"twitter:label1\" content=\"Gesch\u00e4tzte Lesezeit\" \/>\n\t<meta name=\"twitter:data1\" content=\"2\u00a0Minuten\" \/>\n<script type=\"application\/ld+json\" class=\"yoast-schema-graph\">{\"@context\":\"https:\\\/\\\/schema.org\",\"@graph\":[{\"@type\":\"WebPage\",\"@id\":\"https:\\\/\\\/www.zhgdled.com\\\/de\\\/solar-led-strasenlaterne-mit-sensor.html\",\"url\":\"https:\\\/\\\/www.zhgdled.com\\\/de\\\/solar-led-strasenlaterne-mit-sensor.html\",\"name\":\"Solar-LED-Stra\u00dfenlaterne mit Sensor\",\"isPartOf\":{\"@id\":\"https:\\\/\\\/www.zhgdled.com\\\/de\\\/#website\"},\"primaryImageOfPage\":{\"@id\":\"https:\\\/\\\/www.zhgdled.com\\\/de\\\/solar-led-strasenlaterne-mit-sensor.html#primaryimage\"},\"image\":{\"@id\":\"https:\\\/\\\/www.zhgdled.com\\\/de\\\/solar-led-strasenlaterne-mit-sensor.html#primaryimage\"},\"thumbnailUrl\":\"https:\\\/\\\/www.zhgdled.com\\\/wp-content\\\/uploads\\\/2022\\\/09\\\/pro-series-street-lights.jpg\",\"datePublished\":\"2022-09-08T09:09:09+00:00\",\"dateModified\":\"2023-12-26T02:57:56+00:00\",\"description\":\"Solar-LED-Stra\u00dfenlaternen der PRO-Serie mit Sensor verwenden die neueste hocheffiziente LED-Stra\u00dfenlampe von ZHL, die eine hervorragende Lumenleistung, lang anhaltende Stabilit\u00e4t und eine hervorragende Sicht bietet.\",\"breadcrumb\":{\"@id\":\"https:\\\/\\\/www.zhgdled.com\\\/de\\\/solar-led-strasenlaterne-mit-sensor.html#breadcrumb\"},\"inLanguage\":\"de\",\"potentialAction\":[{\"@type\":\"ReadAction\",\"target\":[\"https:\\\/\\\/www.zhgdled.com\\\/de\\\/solar-led-strasenlaterne-mit-sensor.html\"]}]},{\"@type\":\"ImageObject\",\"inLanguage\":\"de\",\"@id\":\"https:\\\/\\\/www.zhgdled.com\\\/de\\\/solar-led-strasenlaterne-mit-sensor.html#primaryimage\",\"url\":\"https:\\\/\\\/www.zhgdled.com\\\/wp-content\\\/uploads\\\/2022\\\/09\\\/pro-series-street-lights.jpg\",\"contentUrl\":\"https:\\\/\\\/www.zhgdled.com\\\/wp-content\\\/uploads\\\/2022\\\/09\\\/pro-series-street-lights.jpg\",\"width\":1600,\"height\":1600,\"caption\":\"Pro series street lights\"},{\"@type\":\"BreadcrumbList\",\"@id\":\"https:\\\/\\\/www.zhgdled.com\\\/de\\\/solar-led-strasenlaterne-mit-sensor.html#breadcrumb\",\"itemListElement\":[{\"@type\":\"ListItem\",\"position\":1,\"name\":\"Home\",\"item\":\"https:\\\/\\\/www.zhgdled.com\\\/de\"},{\"@type\":\"ListItem\",\"position\":2,\"name\":\"PRODUCTS\",\"item\":\"https:\\\/\\\/www.zhgdled.com\\\/zhl-products.html\"},{\"@type\":\"ListItem\",\"position\":3,\"name\":\"PRO SERIE Solar Strassenleuchte\"}]},{\"@type\":\"WebSite\",\"@id\":\"https:\\\/\\\/www.zhgdled.com\\\/de\\\/#website\",\"url\":\"https:\\\/\\\/www.zhgdled.com\\\/de\\\/\",\"name\":\"ZHL Lichtgruppe\",\"description\":\"Top ranking industrial lighting manufacturer and exporter\",\"publisher\":{\"@id\":\"https:\\\/\\\/www.zhgdled.com\\\/de\\\/#organization\"},\"potentialAction\":[{\"@type\":\"SearchAction\",\"target\":{\"@type\":\"EntryPoint\",\"urlTemplate\":\"https:\\\/\\\/www.zhgdled.com\\\/de\\\/?s={search_term_string}\"},\"query-input\":{\"@type\":\"PropertyValueSpecification\",\"valueRequired\":true,\"valueName\":\"search_term_string\"}}],\"inLanguage\":\"de\"},{\"@type\":\"Organization\",\"@id\":\"https:\\\/\\\/www.zhgdled.com\\\/de\\\/#organization\",\"name\":\"ZHL Lighting Group\",\"url\":\"https:\\\/\\\/www.zhgdled.com\\\/de\\\/\",\"logo\":{\"@type\":\"ImageObject\",\"inLanguage\":\"de\",\"@id\":\"https:\\\/\\\/www.zhgdled.com\\\/de\\\/#\\\/schema\\\/logo\\\/image\\\/\",\"url\":\"\",\"contentUrl\":\"\",\"caption\":\"ZHL Lighting Group\"},\"image\":{\"@id\":\"https:\\\/\\\/www.zhgdled.com\\\/de\\\/#\\\/schema\\\/logo\\\/image\\\/\"},\"sameAs\":[\"https:\\\/\\\/www.facebook.com\\\/zhllightinggroup\",\"https:\\\/\\\/x.com\\\/zhl_lighting\"]}]}<\/script>\n<!-- \/ Yoast SEO plugin. -->","yoast_head_json":{"title":"Solar-LED-Stra\u00dfenlaterne mit Sensor","description":"Solar-LED-Stra\u00dfenlaternen der PRO-Serie mit Sensor verwenden die neueste hocheffiziente LED-Stra\u00dfenlampe von ZHL, die eine hervorragende Lumenleistung, lang anhaltende Stabilit\u00e4t und eine hervorragende Sicht bietet.","robots":{"index":"index","follow":"follow","max-snippet":"max-snippet:-1","max-image-preview":"max-image-preview:large","max-video-preview":"max-video-preview:-1"},"canonical":"https:\/\/www.zhgdled.com\/de\/solar-led-strasenlaterne-mit-sensor.html","og_locale":"de_DE","og_type":"article","og_title":"Solar-LED-Stra\u00dfenlaterne mit Sensor","og_description":"Solar-LED-Stra\u00dfenlaternen der PRO-Serie mit Sensor verwenden die neueste hocheffiziente LED-Stra\u00dfenlampe von ZHL, die eine hervorragende Lumenleistung, lang anhaltende Stabilit\u00e4t und eine hervorragende Sicht bietet.","og_url":"https:\/\/www.zhgdled.com\/de\/solar-led-strasenlaterne-mit-sensor.html","og_site_name":"ZHL Lichtgruppe","article_publisher":"https:\/\/www.facebook.com\/zhllightinggroup","article_modified_time":"2023-12-26T02:57:56+00:00","og_image":[{"width":1600,"height":1600,"url":"https:\/\/www.zhgdled.com\/wp-content\/uploads\/2022\/09\/pro-series-street-lights.jpg","type":"image\/jpeg"}],"twitter_card":"summary_large_image","twitter_site":"@zhl_lighting","twitter_misc":{"Gesch\u00e4tzte Lesezeit":"2\u00a0Minuten"},"schema":{"@context":"https:\/\/schema.org","@graph":[{"@type":"WebPage","@id":"https:\/\/www.zhgdled.com\/de\/solar-led-strasenlaterne-mit-sensor.html","url":"https:\/\/www.zhgdled.com\/de\/solar-led-strasenlaterne-mit-sensor.html","name":"Solar-LED-Stra\u00dfenlaterne mit Sensor","isPartOf":{"@id":"https:\/\/www.zhgdled.com\/de\/#website"},"primaryImageOfPage":{"@id":"https:\/\/www.zhgdled.com\/de\/solar-led-strasenlaterne-mit-sensor.html#primaryimage"},"image":{"@id":"https:\/\/www.zhgdled.com\/de\/solar-led-strasenlaterne-mit-sensor.html#primaryimage"},"thumbnailUrl":"https:\/\/www.zhgdled.com\/wp-content\/uploads\/2022\/09\/pro-series-street-lights.jpg","datePublished":"2022-09-08T09:09:09+00:00","dateModified":"2023-12-26T02:57:56+00:00","description":"Solar-LED-Stra\u00dfenlaternen der PRO-Serie mit Sensor verwenden die neueste hocheffiziente LED-Stra\u00dfenlampe von ZHL, die eine hervorragende Lumenleistung, lang anhaltende Stabilit\u00e4t und eine hervorragende Sicht bietet.","breadcrumb":{"@id":"https:\/\/www.zhgdled.com\/de\/solar-led-strasenlaterne-mit-sensor.html#breadcrumb"},"inLanguage":"de","potentialAction":[{"@type":"ReadAction","target":["https:\/\/www.zhgdled.com\/de\/solar-led-strasenlaterne-mit-sensor.html"]}]},{"@type":"ImageObject","inLanguage":"de","@id":"https:\/\/www.zhgdled.com\/de\/solar-led-strasenlaterne-mit-sensor.html#primaryimage","url":"https:\/\/www.zhgdled.com\/wp-content\/uploads\/2022\/09\/pro-series-street-lights.jpg","contentUrl":"https:\/\/www.zhgdled.com\/wp-content\/uploads\/2022\/09\/pro-series-street-lights.jpg","width":1600,"height":1600,"caption":"Pro series street lights"},{"@type":"BreadcrumbList","@id":"https:\/\/www.zhgdled.com\/de\/solar-led-strasenlaterne-mit-sensor.html#breadcrumb","itemListElement":[{"@type":"ListItem","position":1,"name":"Home","item":"https:\/\/www.zhgdled.com\/de"},{"@type":"ListItem","position":2,"name":"PRODUCTS","item":"https:\/\/www.zhgdled.com\/zhl-products.html"},{"@type":"ListItem","position":3,"name":"PRO SERIE Solar Strassenleuchte"}]},{"@type":"WebSite","@id":"https:\/\/www.zhgdled.com\/de\/#website","url":"https:\/\/www.zhgdled.com\/de\/","name":"ZHL Lichtgruppe","description":"Top ranking industrial lighting manufacturer and exporter","publisher":{"@id":"https:\/\/www.zhgdled.com\/de\/#organization"},"potentialAction":[{"@type":"SearchAction","target":{"@type":"EntryPoint","urlTemplate":"https:\/\/www.zhgdled.com\/de\/?s={search_term_string}"},"query-input":{"@type":"PropertyValueSpecification","valueRequired":true,"valueName":"search_term_string"}}],"inLanguage":"de"},{"@type":"Organization","@id":"https:\/\/www.zhgdled.com\/de\/#organization","name":"ZHL Lighting Group","url":"https:\/\/www.zhgdled.com\/de\/","logo":{"@type":"ImageObject","inLanguage":"de","@id":"https:\/\/www.zhgdled.com\/de\/#\/schema\/logo\/image\/","url":"","contentUrl":"","caption":"ZHL Lighting Group"},"image":{"@id":"https:\/\/www.zhgdled.com\/de\/#\/schema\/logo\/image\/"},"sameAs":["https:\/\/www.facebook.com\/zhllightinggroup","https:\/\/x.com\/zhl_lighting"]}]}},"_links":{"self":[{"href":"https:\/\/www.zhgdled.com\/de\/wp-json\/wp\/v2\/product\/19004","targetHints":{"allow":["GET"]}}],"collection":[{"href":"https:\/\/www.zhgdled.com\/de\/wp-json\/wp\/v2\/product"}],"about":[{"href":"https:\/\/www.zhgdled.com\/de\/wp-json\/wp\/v2\/types\/product"}],"wp:featuredmedia":[{"embeddable":true,"href":"https:\/\/www.zhgdled.com\/de\/wp-json\/wp\/v2\/media\/20782"}],"wp:attachment":[{"href":"https:\/\/www.zhgdled.com\/de\/wp-json\/wp\/v2\/media?parent=19004"}],"wp:term":[{"taxonomy":"product_brand","embeddable":true,"href":"https:\/\/www.zhgdled.com\/de\/wp-json\/wp\/v2\/product_brand?post=19004"},{"taxonomy":"product_cat","embeddable":true,"href":"https:\/\/www.zhgdled.com\/de\/wp-json\/wp\/v2\/product_cat?post=19004"},{"taxonomy":"product_tag","embeddable":true,"href":"https:\/\/www.zhgdled.com\/de\/wp-json\/wp\/v2\/product_tag?post=19004"}],"curies":[{"name":"wp","href":"https:\/\/api.w.org\/{rel}","templated":true}]}}