{"id":19007,"date":"2022-04-18T15:25:37","date_gmt":"2022-04-18T07:25:37","guid":{"rendered":"https:\/\/www.zhgdled.com\/product\/led-wallpack-light"},"modified":"2023-02-08T17:12:49","modified_gmt":"2023-02-08T09:12:49","slug":"led-wandleuchte","status":"publish","type":"product","link":"https:\/\/www.zhgdled.com\/de\/led-wallpack-licht.html","title":{"rendered":"LED-Wallpack-Licht"},"content":{"rendered":"<p>Diese Wandleuchte ist mit einer eingebauten Fotozellentechnologie f\u00fcr Au\u00dfenbeleuchtung von D\u00e4mmerung bis Morgengrauen ausgestattet, die gewerblichen Unternehmen und Hausbesitzern hilft, bis zu 75 % ihrer Energiekosten im Vergleich zu Halogen-Metalldampflampen zu sparen.<\/p>\n<p>Die kommerzielle Au\u00dfensicherheitsleuchte ist mit Fotozellentechnologie ausgestattet, was diese Leuchte zu einer Au\u00dfenleuchte von D\u00e4mmerung bis Morgengrauen macht. Der Fotozellensensor schaltet sich bei Sonnenuntergang automatisch ein und bei Sonnenaufgang aus.<\/p>\n<p>Die kommerzielle Wandbeleuchtung besteht sowohl aus Druckguss-Aluminium mit einem Powercoat-Bronze-Finish in handels\u00fcblicher Qualit\u00e4t, einer schlagfesten Linse aus geh\u00e4rtetem Glas als auch aus wartungsfreien LEDs und gew\u00e4hrleistet eine hohe Leistung von \u00fcber 50.000 Betriebsstunden<\/p>\n<p><img decoding=\"async\" class=\"alignnone size-full wp-image-11975\" src=\"https:\/\/www.zhgdled.com\/wp-content\/uploads\/2022\/04\/wall-1.png\" alt=\"\" width=\"979\" height=\"648\" srcset=\"https:\/\/www.zhgdled.com\/wp-content\/uploads\/2022\/04\/wall-1.png 979w, https:\/\/www.zhgdled.com\/wp-content\/uploads\/2022\/04\/wall-1-300x199.png 300w, https:\/\/www.zhgdled.com\/wp-content\/uploads\/2022\/04\/wall-1-768x508.png 768w, https:\/\/www.zhgdled.com\/wp-content\/uploads\/2022\/04\/wall-1-600x397.png 600w, https:\/\/www.zhgdled.com\/wp-content\/uploads\/2022\/04\/wall-1-150x99.png 150w\" sizes=\"(max-width: 979px) 100vw, 979px\" \/><img decoding=\"async\" class=\"alignnone size-full wp-image-11979\" src=\"https:\/\/www.zhgdled.com\/wp-content\/uploads\/2022\/04\/wall-2.png\" alt=\"\" width=\"1019\" height=\"594\" srcset=\"https:\/\/www.zhgdled.com\/wp-content\/uploads\/2022\/04\/wall-2.png 1019w, https:\/\/www.zhgdled.com\/wp-content\/uploads\/2022\/04\/wall-2-300x175.png 300w, https:\/\/www.zhgdled.com\/wp-content\/uploads\/2022\/04\/wall-2-768x448.png 768w, https:\/\/www.zhgdled.com\/wp-content\/uploads\/2022\/04\/wall-2-600x350.png 600w, https:\/\/www.zhgdled.com\/wp-content\/uploads\/2022\/04\/wall-2-150x87.png 150w\" sizes=\"(max-width: 1019px) 100vw, 1019px\" \/><\/p>\n","protected":false},"excerpt":{"rendered":"<p>Diese Wandleuchte ist mit einer eingebauten Fotozellentechnologie f\u00fcr Au\u00dfenbeleuchtung von D\u00e4mmerung bis Morgengrauen ausgestattet, die gewerblichen Unternehmen und Hausbesitzern hilft, bis zu 75 % ihrer Energiekosten im Vergleich zu Halogen-Metalldampflampen zu sparen.<\/p>\n","protected":false},"featured_media":13386,"template":"","meta":[],"product_brand":[],"product_cat":[612],"product_tag":[],"class_list":{"0":"post-19007","1":"product","2":"type-product","3":"status-publish","4":"has-post-thumbnail","6":"product_cat-led-flood-light-de","8":"first","9":"instock","10":"shipping-taxable","11":"product-type-simple"},"yoast_head":"<!-- This site is optimized with the Yoast SEO plugin v27.4 - https:\/\/yoast.com\/product\/yoast-seo-wordpress\/ -->\n<title>LED-Wandleuchte<\/title>\n<meta name=\"description\" content=\"ZHL Wall Pack LED-Licht 30W-150W LED-Wandleuchte geeignet f\u00fcr Au\u00dfenwand, Korridor, Garagen, Torhof.\" \/>\n<meta name=\"robots\" content=\"index, follow, max-snippet:-1, max-image-preview:large, max-video-preview:-1\" \/>\n<link rel=\"canonical\" href=\"https:\/\/www.zhgdled.com\/de\/led-wallpack-licht.html\" \/>\n<meta property=\"og:locale\" content=\"de_DE\" \/>\n<meta property=\"og:type\" content=\"article\" \/>\n<meta property=\"og:title\" content=\"LED-Wandleuchte\" \/>\n<meta property=\"og:description\" content=\"ZHL Wall Pack LED-Licht 30W-150W LED-Wandleuchte geeignet f\u00fcr Au\u00dfenwand, Korridor, Garagen, Torhof.\" \/>\n<meta property=\"og:url\" content=\"https:\/\/www.zhgdled.com\/de\/led-wallpack-licht.html\" \/>\n<meta property=\"og:site_name\" content=\"ZHL Lichtgruppe\" \/>\n<meta property=\"article:publisher\" content=\"https:\/\/www.facebook.com\/zhllightinggroup\" \/>\n<meta property=\"article:modified_time\" content=\"2023-02-08T09:12:49+00:00\" \/>\n<meta property=\"og:image\" content=\"https:\/\/www.zhgdled.com\/wp-content\/uploads\/2022\/04\/11-1.png\" \/>\n\t<meta property=\"og:image:width\" content=\"1600\" \/>\n\t<meta property=\"og:image:height\" content=\"1600\" \/>\n\t<meta property=\"og:image:type\" content=\"image\/png\" \/>\n<meta name=\"twitter:card\" content=\"summary_large_image\" \/>\n<meta name=\"twitter:site\" content=\"@zhl_lighting\" \/>\n<meta name=\"twitter:label1\" content=\"Gesch\u00e4tzte Lesezeit\" \/>\n\t<meta name=\"twitter:data1\" content=\"1\u00a0Minute\" \/>\n<script type=\"application\/ld+json\" class=\"yoast-schema-graph\">{\"@context\":\"https:\\\/\\\/schema.org\",\"@graph\":[{\"@type\":\"WebPage\",\"@id\":\"https:\\\/\\\/www.zhgdled.com\\\/de\\\/led-wallpack-licht.html\",\"url\":\"https:\\\/\\\/www.zhgdled.com\\\/de\\\/led-wallpack-licht.html\",\"name\":\"LED-Wandleuchte\",\"isPartOf\":{\"@id\":\"https:\\\/\\\/www.zhgdled.com\\\/de\\\/#website\"},\"primaryImageOfPage\":{\"@id\":\"https:\\\/\\\/www.zhgdled.com\\\/de\\\/led-wallpack-licht.html#primaryimage\"},\"image\":{\"@id\":\"https:\\\/\\\/www.zhgdled.com\\\/de\\\/led-wallpack-licht.html#primaryimage\"},\"thumbnailUrl\":\"https:\\\/\\\/www.zhgdled.com\\\/wp-content\\\/uploads\\\/2022\\\/04\\\/11-1.png\",\"datePublished\":\"2022-04-18T07:25:37+00:00\",\"dateModified\":\"2023-02-08T09:12:49+00:00\",\"description\":\"ZHL Wall Pack LED-Licht 30W-150W LED-Wandleuchte geeignet f\u00fcr Au\u00dfenwand, Korridor, Garagen, Torhof.\",\"breadcrumb\":{\"@id\":\"https:\\\/\\\/www.zhgdled.com\\\/de\\\/led-wallpack-licht.html#breadcrumb\"},\"inLanguage\":\"de\",\"potentialAction\":[{\"@type\":\"ReadAction\",\"target\":[\"https:\\\/\\\/www.zhgdled.com\\\/de\\\/led-wallpack-licht.html\"]}]},{\"@type\":\"ImageObject\",\"inLanguage\":\"de\",\"@id\":\"https:\\\/\\\/www.zhgdled.com\\\/de\\\/led-wallpack-licht.html#primaryimage\",\"url\":\"https:\\\/\\\/www.zhgdled.com\\\/wp-content\\\/uploads\\\/2022\\\/04\\\/11-1.png\",\"contentUrl\":\"https:\\\/\\\/www.zhgdled.com\\\/wp-content\\\/uploads\\\/2022\\\/04\\\/11-1.png\",\"width\":1600,\"height\":1600,\"caption\":\"LED-Wandleuchte\"},{\"@type\":\"BreadcrumbList\",\"@id\":\"https:\\\/\\\/www.zhgdled.com\\\/de\\\/led-wallpack-licht.html#breadcrumb\",\"itemListElement\":[{\"@type\":\"ListItem\",\"position\":1,\"name\":\"Home\",\"item\":\"https:\\\/\\\/www.zhgdled.com\\\/de\"},{\"@type\":\"ListItem\",\"position\":2,\"name\":\"PRODUCTS\",\"item\":\"https:\\\/\\\/www.zhgdled.com\\\/zhl-products.html\"},{\"@type\":\"ListItem\",\"position\":3,\"name\":\"LED-Wallpack-Licht\"}]},{\"@type\":\"WebSite\",\"@id\":\"https:\\\/\\\/www.zhgdled.com\\\/de\\\/#website\",\"url\":\"https:\\\/\\\/www.zhgdled.com\\\/de\\\/\",\"name\":\"ZHL Lichtgruppe\",\"description\":\"Top ranking industrial lighting manufacturer and exporter\",\"publisher\":{\"@id\":\"https:\\\/\\\/www.zhgdled.com\\\/de\\\/#organization\"},\"potentialAction\":[{\"@type\":\"SearchAction\",\"target\":{\"@type\":\"EntryPoint\",\"urlTemplate\":\"https:\\\/\\\/www.zhgdled.com\\\/de\\\/?s={search_term_string}\"},\"query-input\":{\"@type\":\"PropertyValueSpecification\",\"valueRequired\":true,\"valueName\":\"search_term_string\"}}],\"inLanguage\":\"de\"},{\"@type\":\"Organization\",\"@id\":\"https:\\\/\\\/www.zhgdled.com\\\/de\\\/#organization\",\"name\":\"ZHL Lighting Group\",\"url\":\"https:\\\/\\\/www.zhgdled.com\\\/de\\\/\",\"logo\":{\"@type\":\"ImageObject\",\"inLanguage\":\"de\",\"@id\":\"https:\\\/\\\/www.zhgdled.com\\\/de\\\/#\\\/schema\\\/logo\\\/image\\\/\",\"url\":\"\",\"contentUrl\":\"\",\"caption\":\"ZHL Lighting Group\"},\"image\":{\"@id\":\"https:\\\/\\\/www.zhgdled.com\\\/de\\\/#\\\/schema\\\/logo\\\/image\\\/\"},\"sameAs\":[\"https:\\\/\\\/www.facebook.com\\\/zhllightinggroup\",\"https:\\\/\\\/x.com\\\/zhl_lighting\"]}]}<\/script>\n<!-- \/ Yoast SEO plugin. -->","yoast_head_json":{"title":"LED-Wandleuchte","description":"ZHL Wall Pack LED-Licht 30W-150W LED-Wandleuchte geeignet f\u00fcr Au\u00dfenwand, Korridor, Garagen, Torhof.","robots":{"index":"index","follow":"follow","max-snippet":"max-snippet:-1","max-image-preview":"max-image-preview:large","max-video-preview":"max-video-preview:-1"},"canonical":"https:\/\/www.zhgdled.com\/de\/led-wallpack-licht.html","og_locale":"de_DE","og_type":"article","og_title":"LED-Wandleuchte","og_description":"ZHL Wall Pack LED-Licht 30W-150W LED-Wandleuchte geeignet f\u00fcr Au\u00dfenwand, Korridor, Garagen, Torhof.","og_url":"https:\/\/www.zhgdled.com\/de\/led-wallpack-licht.html","og_site_name":"ZHL Lichtgruppe","article_publisher":"https:\/\/www.facebook.com\/zhllightinggroup","article_modified_time":"2023-02-08T09:12:49+00:00","og_image":[{"width":1600,"height":1600,"url":"https:\/\/www.zhgdled.com\/wp-content\/uploads\/2022\/04\/11-1.png","type":"image\/png"}],"twitter_card":"summary_large_image","twitter_site":"@zhl_lighting","twitter_misc":{"Gesch\u00e4tzte Lesezeit":"1\u00a0Minute"},"schema":{"@context":"https:\/\/schema.org","@graph":[{"@type":"WebPage","@id":"https:\/\/www.zhgdled.com\/de\/led-wallpack-licht.html","url":"https:\/\/www.zhgdled.com\/de\/led-wallpack-licht.html","name":"LED-Wandleuchte","isPartOf":{"@id":"https:\/\/www.zhgdled.com\/de\/#website"},"primaryImageOfPage":{"@id":"https:\/\/www.zhgdled.com\/de\/led-wallpack-licht.html#primaryimage"},"image":{"@id":"https:\/\/www.zhgdled.com\/de\/led-wallpack-licht.html#primaryimage"},"thumbnailUrl":"https:\/\/www.zhgdled.com\/wp-content\/uploads\/2022\/04\/11-1.png","datePublished":"2022-04-18T07:25:37+00:00","dateModified":"2023-02-08T09:12:49+00:00","description":"ZHL Wall Pack LED-Licht 30W-150W LED-Wandleuchte geeignet f\u00fcr Au\u00dfenwand, Korridor, Garagen, Torhof.","breadcrumb":{"@id":"https:\/\/www.zhgdled.com\/de\/led-wallpack-licht.html#breadcrumb"},"inLanguage":"de","potentialAction":[{"@type":"ReadAction","target":["https:\/\/www.zhgdled.com\/de\/led-wallpack-licht.html"]}]},{"@type":"ImageObject","inLanguage":"de","@id":"https:\/\/www.zhgdled.com\/de\/led-wallpack-licht.html#primaryimage","url":"https:\/\/www.zhgdled.com\/wp-content\/uploads\/2022\/04\/11-1.png","contentUrl":"https:\/\/www.zhgdled.com\/wp-content\/uploads\/2022\/04\/11-1.png","width":1600,"height":1600,"caption":"LED-Wandleuchte"},{"@type":"BreadcrumbList","@id":"https:\/\/www.zhgdled.com\/de\/led-wallpack-licht.html#breadcrumb","itemListElement":[{"@type":"ListItem","position":1,"name":"Home","item":"https:\/\/www.zhgdled.com\/de"},{"@type":"ListItem","position":2,"name":"PRODUCTS","item":"https:\/\/www.zhgdled.com\/zhl-products.html"},{"@type":"ListItem","position":3,"name":"LED-Wallpack-Licht"}]},{"@type":"WebSite","@id":"https:\/\/www.zhgdled.com\/de\/#website","url":"https:\/\/www.zhgdled.com\/de\/","name":"ZHL Lichtgruppe","description":"Top ranking industrial lighting manufacturer and exporter","publisher":{"@id":"https:\/\/www.zhgdled.com\/de\/#organization"},"potentialAction":[{"@type":"SearchAction","target":{"@type":"EntryPoint","urlTemplate":"https:\/\/www.zhgdled.com\/de\/?s={search_term_string}"},"query-input":{"@type":"PropertyValueSpecification","valueRequired":true,"valueName":"search_term_string"}}],"inLanguage":"de"},{"@type":"Organization","@id":"https:\/\/www.zhgdled.com\/de\/#organization","name":"ZHL Lighting Group","url":"https:\/\/www.zhgdled.com\/de\/","logo":{"@type":"ImageObject","inLanguage":"de","@id":"https:\/\/www.zhgdled.com\/de\/#\/schema\/logo\/image\/","url":"","contentUrl":"","caption":"ZHL Lighting Group"},"image":{"@id":"https:\/\/www.zhgdled.com\/de\/#\/schema\/logo\/image\/"},"sameAs":["https:\/\/www.facebook.com\/zhllightinggroup","https:\/\/x.com\/zhl_lighting"]}]}},"_links":{"self":[{"href":"https:\/\/www.zhgdled.com\/de\/wp-json\/wp\/v2\/product\/19007","targetHints":{"allow":["GET"]}}],"collection":[{"href":"https:\/\/www.zhgdled.com\/de\/wp-json\/wp\/v2\/product"}],"about":[{"href":"https:\/\/www.zhgdled.com\/de\/wp-json\/wp\/v2\/types\/product"}],"wp:featuredmedia":[{"embeddable":true,"href":"https:\/\/www.zhgdled.com\/de\/wp-json\/wp\/v2\/media\/13386"}],"wp:attachment":[{"href":"https:\/\/www.zhgdled.com\/de\/wp-json\/wp\/v2\/media?parent=19007"}],"wp:term":[{"taxonomy":"product_brand","embeddable":true,"href":"https:\/\/www.zhgdled.com\/de\/wp-json\/wp\/v2\/product_brand?post=19007"},{"taxonomy":"product_cat","embeddable":true,"href":"https:\/\/www.zhgdled.com\/de\/wp-json\/wp\/v2\/product_cat?post=19007"},{"taxonomy":"product_tag","embeddable":true,"href":"https:\/\/www.zhgdled.com\/de\/wp-json\/wp\/v2\/product_tag?post=19007"}],"curies":[{"name":"wp","href":"https:\/\/api.w.org\/{rel}","templated":true}]}}