{"id":19008,"date":"2023-12-18T11:57:45","date_gmt":"2022-04-18T03:57:45","guid":{"rendered":"https:\/\/www.zhgdled.com\/product\/led-floodlight-shoebox-area-light"},"modified":"2023-02-08T17:23:31","modified_gmt":"2023-02-08T09:23:31","slug":"schuhkarton-fluter-100w-400w","status":"publish","type":"product","link":"https:\/\/www.zhgdled.com\/de\/led-fluter-schuhkarton-bereichslicht.html","title":{"rendered":"LED Flutlicht Schuhkarton Fl\u00e4chenlicht 100W-400W"},"content":{"rendered":"<p>In Nordamerika ist Schuhkarton-Flutlicht 100 W &#8211; 400 W in der Gemeinschaft der Ingenieure und Bauunternehmer am beliebtesten. Die I&amp;C-Leuchte im modernen und dennoch traditionellen Design verf\u00fcgt \u00fcber ein zweiteiliges Aluminiumgussgeh\u00e4use mit einer Linse aus geh\u00e4rtetem Glas, was sie zu den langlebigsten Au\u00dfenbeleuchtungsk\u00f6rpern macht.<\/p>\n<p><img decoding=\"async\" class=\"alignnone size-full wp-image-11942\" src=\"https:\/\/www.zhgdled.com\/wp-content\/uploads\/2022\/04\/Shoebox-1.png\" alt=\"\" width=\"1000\" height=\"500\" srcset=\"https:\/\/www.zhgdled.com\/wp-content\/uploads\/2022\/04\/Shoebox-1.png 1000w, https:\/\/www.zhgdled.com\/wp-content\/uploads\/2022\/04\/Shoebox-1-300x150.png 300w, https:\/\/www.zhgdled.com\/wp-content\/uploads\/2022\/04\/Shoebox-1-768x384.png 768w, https:\/\/www.zhgdled.com\/wp-content\/uploads\/2022\/04\/Shoebox-1-600x300.png 600w, https:\/\/www.zhgdled.com\/wp-content\/uploads\/2022\/04\/Shoebox-1-150x75.png 150w\" sizes=\"(max-width: 1000px) 100vw, 1000px\" \/><\/p>\n<p><img decoding=\"async\" class=\"alignnone size-full wp-image-11946\" src=\"https:\/\/www.zhgdled.com\/wp-content\/uploads\/2022\/04\/Shoebox-2.png\" alt=\"\" width=\"1000\" height=\"455\" srcset=\"https:\/\/www.zhgdled.com\/wp-content\/uploads\/2022\/04\/Shoebox-2.png 1000w, https:\/\/www.zhgdled.com\/wp-content\/uploads\/2022\/04\/Shoebox-2-300x137.png 300w, https:\/\/www.zhgdled.com\/wp-content\/uploads\/2022\/04\/Shoebox-2-768x349.png 768w, https:\/\/www.zhgdled.com\/wp-content\/uploads\/2022\/04\/Shoebox-2-600x273.png 600w, https:\/\/www.zhgdled.com\/wp-content\/uploads\/2022\/04\/Shoebox-2-150x68.png 150w\" sizes=\"(max-width: 1000px) 100vw, 1000px\" \/><\/p>\n","protected":false},"excerpt":{"rendered":"<p>In Nordamerika ist das Flutlicht der Schuhkartonserie in der Gemeinschaft der Ingenieure und Bauunternehmer am beliebtesten geworden. Die I&amp;C-Leuchte im modernen und dennoch traditionellen Design verf\u00fcgt \u00fcber ein zweiteiliges Aluminiumgussgeh\u00e4use mit einer Linse aus geh\u00e4rtetem Glas, was sie zu den langlebigsten Au\u00dfenbeleuchtungsk\u00f6rpern macht.<\/p>\n<ul>\n<li>Spannung: 100-277 V 50\/60 Hz<\/li>\n<li>Farbtemperatur: 3000K\/4000K\/5000K<\/li>\n<li>Leistung: 100 W\/150 W\/205 W\/240 W\/290 W\/330 W\/400 W<\/li>\n<li>Lebensdauer: 50.000 Stunden<\/li>\n<li>Lichtausbeute: 100lm\/w &#8211; 145lm\/w<\/li>\n<li>RA &gt; 80, PF &gt; 0,9<\/li>\n<li>0-10V dimm<\/li>\n<li>D\u00e4mmerungslichtschranke (Mikrowellensensor optional)<\/li>\n<li>Funktioniert dauerhaft an feuchten Orten.<\/li>\n<\/ul>\n","protected":false},"featured_media":13424,"template":"","meta":[],"product_brand":[],"product_cat":[612],"product_tag":[],"class_list":{"0":"post-19008","1":"product","2":"type-product","3":"status-publish","4":"has-post-thumbnail","6":"product_cat-led-flood-light-de","8":"first","9":"instock","10":"shipping-taxable","11":"product-type-simple"},"yoast_head":"<!-- This site is optimized with the Yoast SEO plugin v27.4 - https:\/\/yoast.com\/product\/yoast-seo-wordpress\/ -->\n<title>Schuhkarton Fluter 100w-400w<\/title>\n<meta name=\"description\" content=\"In Nordamerika ist Schuhkarton-Flutlicht 100 W - 400 W in der Gemeinschaft der Ingenieure und Bauunternehmer am beliebtesten.\" \/>\n<meta name=\"robots\" content=\"index, follow, max-snippet:-1, max-image-preview:large, max-video-preview:-1\" \/>\n<link rel=\"canonical\" href=\"https:\/\/www.zhgdled.com\/de\/led-fluter-schuhkarton-bereichslicht.html\" \/>\n<meta property=\"og:locale\" content=\"de_DE\" \/>\n<meta property=\"og:type\" content=\"article\" \/>\n<meta property=\"og:title\" content=\"Schuhkarton Fluter 100w-400w\" \/>\n<meta property=\"og:description\" content=\"In Nordamerika ist Schuhkarton-Flutlicht 100 W - 400 W in der Gemeinschaft der Ingenieure und Bauunternehmer am beliebtesten.\" \/>\n<meta property=\"og:url\" content=\"https:\/\/www.zhgdled.com\/de\/led-fluter-schuhkarton-bereichslicht.html\" \/>\n<meta property=\"og:site_name\" content=\"ZHL Lichtgruppe\" \/>\n<meta property=\"article:publisher\" content=\"https:\/\/www.facebook.com\/zhllightinggroup\" \/>\n<meta property=\"article:modified_time\" content=\"2023-02-08T09:23:31+00:00\" \/>\n<meta property=\"og:image\" content=\"https:\/\/www.zhgdled.com\/wp-content\/uploads\/2022\/04\/14.png\" \/>\n\t<meta property=\"og:image:width\" content=\"1600\" \/>\n\t<meta property=\"og:image:height\" content=\"1600\" \/>\n\t<meta property=\"og:image:type\" content=\"image\/png\" \/>\n<meta name=\"twitter:card\" content=\"summary_large_image\" \/>\n<meta name=\"twitter:site\" content=\"@zhl_lighting\" \/>\n<meta name=\"twitter:label1\" content=\"Gesch\u00e4tzte Lesezeit\" \/>\n\t<meta name=\"twitter:data1\" content=\"1\u00a0Minute\" \/>\n<script type=\"application\/ld+json\" class=\"yoast-schema-graph\">{\"@context\":\"https:\\\/\\\/schema.org\",\"@graph\":[{\"@type\":\"WebPage\",\"@id\":\"https:\\\/\\\/www.zhgdled.com\\\/de\\\/led-fluter-schuhkarton-bereichslicht.html\",\"url\":\"https:\\\/\\\/www.zhgdled.com\\\/de\\\/led-fluter-schuhkarton-bereichslicht.html\",\"name\":\"Schuhkarton Fluter 100w-400w\",\"isPartOf\":{\"@id\":\"https:\\\/\\\/www.zhgdled.com\\\/de\\\/#website\"},\"primaryImageOfPage\":{\"@id\":\"https:\\\/\\\/www.zhgdled.com\\\/de\\\/led-fluter-schuhkarton-bereichslicht.html#primaryimage\"},\"image\":{\"@id\":\"https:\\\/\\\/www.zhgdled.com\\\/de\\\/led-fluter-schuhkarton-bereichslicht.html#primaryimage\"},\"thumbnailUrl\":\"https:\\\/\\\/www.zhgdled.com\\\/wp-content\\\/uploads\\\/2022\\\/04\\\/14.png\",\"datePublished\":\"2022-04-18T03:57:45+00:00\",\"dateModified\":\"2023-02-08T09:23:31+00:00\",\"description\":\"In Nordamerika ist Schuhkarton-Flutlicht 100 W - 400 W in der Gemeinschaft der Ingenieure und Bauunternehmer am beliebtesten.\",\"breadcrumb\":{\"@id\":\"https:\\\/\\\/www.zhgdled.com\\\/de\\\/led-fluter-schuhkarton-bereichslicht.html#breadcrumb\"},\"inLanguage\":\"de\",\"potentialAction\":[{\"@type\":\"ReadAction\",\"target\":[\"https:\\\/\\\/www.zhgdled.com\\\/de\\\/led-fluter-schuhkarton-bereichslicht.html\"]}]},{\"@type\":\"ImageObject\",\"inLanguage\":\"de\",\"@id\":\"https:\\\/\\\/www.zhgdled.com\\\/de\\\/led-fluter-schuhkarton-bereichslicht.html#primaryimage\",\"url\":\"https:\\\/\\\/www.zhgdled.com\\\/wp-content\\\/uploads\\\/2022\\\/04\\\/14.png\",\"contentUrl\":\"https:\\\/\\\/www.zhgdled.com\\\/wp-content\\\/uploads\\\/2022\\\/04\\\/14.png\",\"width\":1600,\"height\":1600,\"caption\":\"Schuhkarton Fluter 100w-400w\"},{\"@type\":\"BreadcrumbList\",\"@id\":\"https:\\\/\\\/www.zhgdled.com\\\/de\\\/led-fluter-schuhkarton-bereichslicht.html#breadcrumb\",\"itemListElement\":[{\"@type\":\"ListItem\",\"position\":1,\"name\":\"Home\",\"item\":\"https:\\\/\\\/www.zhgdled.com\\\/de\"},{\"@type\":\"ListItem\",\"position\":2,\"name\":\"PRODUCTS\",\"item\":\"https:\\\/\\\/www.zhgdled.com\\\/zhl-products.html\"},{\"@type\":\"ListItem\",\"position\":3,\"name\":\"LED Flutlicht Schuhkarton Fl\u00e4chenlicht 100W-400W\"}]},{\"@type\":\"WebSite\",\"@id\":\"https:\\\/\\\/www.zhgdled.com\\\/de\\\/#website\",\"url\":\"https:\\\/\\\/www.zhgdled.com\\\/de\\\/\",\"name\":\"ZHL Lichtgruppe\",\"description\":\"Top ranking industrial lighting manufacturer and exporter\",\"publisher\":{\"@id\":\"https:\\\/\\\/www.zhgdled.com\\\/de\\\/#organization\"},\"potentialAction\":[{\"@type\":\"SearchAction\",\"target\":{\"@type\":\"EntryPoint\",\"urlTemplate\":\"https:\\\/\\\/www.zhgdled.com\\\/de\\\/?s={search_term_string}\"},\"query-input\":{\"@type\":\"PropertyValueSpecification\",\"valueRequired\":true,\"valueName\":\"search_term_string\"}}],\"inLanguage\":\"de\"},{\"@type\":\"Organization\",\"@id\":\"https:\\\/\\\/www.zhgdled.com\\\/de\\\/#organization\",\"name\":\"ZHL Lighting Group\",\"url\":\"https:\\\/\\\/www.zhgdled.com\\\/de\\\/\",\"logo\":{\"@type\":\"ImageObject\",\"inLanguage\":\"de\",\"@id\":\"https:\\\/\\\/www.zhgdled.com\\\/de\\\/#\\\/schema\\\/logo\\\/image\\\/\",\"url\":\"\",\"contentUrl\":\"\",\"caption\":\"ZHL Lighting Group\"},\"image\":{\"@id\":\"https:\\\/\\\/www.zhgdled.com\\\/de\\\/#\\\/schema\\\/logo\\\/image\\\/\"},\"sameAs\":[\"https:\\\/\\\/www.facebook.com\\\/zhllightinggroup\",\"https:\\\/\\\/x.com\\\/zhl_lighting\"]}]}<\/script>\n<!-- \/ Yoast SEO plugin. -->","yoast_head_json":{"title":"Schuhkarton Fluter 100w-400w","description":"In Nordamerika ist Schuhkarton-Flutlicht 100 W - 400 W in der Gemeinschaft der Ingenieure und Bauunternehmer am beliebtesten.","robots":{"index":"index","follow":"follow","max-snippet":"max-snippet:-1","max-image-preview":"max-image-preview:large","max-video-preview":"max-video-preview:-1"},"canonical":"https:\/\/www.zhgdled.com\/de\/led-fluter-schuhkarton-bereichslicht.html","og_locale":"de_DE","og_type":"article","og_title":"Schuhkarton Fluter 100w-400w","og_description":"In Nordamerika ist Schuhkarton-Flutlicht 100 W - 400 W in der Gemeinschaft der Ingenieure und Bauunternehmer am beliebtesten.","og_url":"https:\/\/www.zhgdled.com\/de\/led-fluter-schuhkarton-bereichslicht.html","og_site_name":"ZHL Lichtgruppe","article_publisher":"https:\/\/www.facebook.com\/zhllightinggroup","article_modified_time":"2023-02-08T09:23:31+00:00","og_image":[{"width":1600,"height":1600,"url":"https:\/\/www.zhgdled.com\/wp-content\/uploads\/2022\/04\/14.png","type":"image\/png"}],"twitter_card":"summary_large_image","twitter_site":"@zhl_lighting","twitter_misc":{"Gesch\u00e4tzte Lesezeit":"1\u00a0Minute"},"schema":{"@context":"https:\/\/schema.org","@graph":[{"@type":"WebPage","@id":"https:\/\/www.zhgdled.com\/de\/led-fluter-schuhkarton-bereichslicht.html","url":"https:\/\/www.zhgdled.com\/de\/led-fluter-schuhkarton-bereichslicht.html","name":"Schuhkarton Fluter 100w-400w","isPartOf":{"@id":"https:\/\/www.zhgdled.com\/de\/#website"},"primaryImageOfPage":{"@id":"https:\/\/www.zhgdled.com\/de\/led-fluter-schuhkarton-bereichslicht.html#primaryimage"},"image":{"@id":"https:\/\/www.zhgdled.com\/de\/led-fluter-schuhkarton-bereichslicht.html#primaryimage"},"thumbnailUrl":"https:\/\/www.zhgdled.com\/wp-content\/uploads\/2022\/04\/14.png","datePublished":"2022-04-18T03:57:45+00:00","dateModified":"2023-02-08T09:23:31+00:00","description":"In Nordamerika ist Schuhkarton-Flutlicht 100 W - 400 W in der Gemeinschaft der Ingenieure und Bauunternehmer am beliebtesten.","breadcrumb":{"@id":"https:\/\/www.zhgdled.com\/de\/led-fluter-schuhkarton-bereichslicht.html#breadcrumb"},"inLanguage":"de","potentialAction":[{"@type":"ReadAction","target":["https:\/\/www.zhgdled.com\/de\/led-fluter-schuhkarton-bereichslicht.html"]}]},{"@type":"ImageObject","inLanguage":"de","@id":"https:\/\/www.zhgdled.com\/de\/led-fluter-schuhkarton-bereichslicht.html#primaryimage","url":"https:\/\/www.zhgdled.com\/wp-content\/uploads\/2022\/04\/14.png","contentUrl":"https:\/\/www.zhgdled.com\/wp-content\/uploads\/2022\/04\/14.png","width":1600,"height":1600,"caption":"Schuhkarton Fluter 100w-400w"},{"@type":"BreadcrumbList","@id":"https:\/\/www.zhgdled.com\/de\/led-fluter-schuhkarton-bereichslicht.html#breadcrumb","itemListElement":[{"@type":"ListItem","position":1,"name":"Home","item":"https:\/\/www.zhgdled.com\/de"},{"@type":"ListItem","position":2,"name":"PRODUCTS","item":"https:\/\/www.zhgdled.com\/zhl-products.html"},{"@type":"ListItem","position":3,"name":"LED Flutlicht Schuhkarton Fl\u00e4chenlicht 100W-400W"}]},{"@type":"WebSite","@id":"https:\/\/www.zhgdled.com\/de\/#website","url":"https:\/\/www.zhgdled.com\/de\/","name":"ZHL Lichtgruppe","description":"Top ranking industrial lighting manufacturer and exporter","publisher":{"@id":"https:\/\/www.zhgdled.com\/de\/#organization"},"potentialAction":[{"@type":"SearchAction","target":{"@type":"EntryPoint","urlTemplate":"https:\/\/www.zhgdled.com\/de\/?s={search_term_string}"},"query-input":{"@type":"PropertyValueSpecification","valueRequired":true,"valueName":"search_term_string"}}],"inLanguage":"de"},{"@type":"Organization","@id":"https:\/\/www.zhgdled.com\/de\/#organization","name":"ZHL Lighting Group","url":"https:\/\/www.zhgdled.com\/de\/","logo":{"@type":"ImageObject","inLanguage":"de","@id":"https:\/\/www.zhgdled.com\/de\/#\/schema\/logo\/image\/","url":"","contentUrl":"","caption":"ZHL Lighting Group"},"image":{"@id":"https:\/\/www.zhgdled.com\/de\/#\/schema\/logo\/image\/"},"sameAs":["https:\/\/www.facebook.com\/zhllightinggroup","https:\/\/x.com\/zhl_lighting"]}]}},"_links":{"self":[{"href":"https:\/\/www.zhgdled.com\/de\/wp-json\/wp\/v2\/product\/19008","targetHints":{"allow":["GET"]}}],"collection":[{"href":"https:\/\/www.zhgdled.com\/de\/wp-json\/wp\/v2\/product"}],"about":[{"href":"https:\/\/www.zhgdled.com\/de\/wp-json\/wp\/v2\/types\/product"}],"wp:featuredmedia":[{"embeddable":true,"href":"https:\/\/www.zhgdled.com\/de\/wp-json\/wp\/v2\/media\/13424"}],"wp:attachment":[{"href":"https:\/\/www.zhgdled.com\/de\/wp-json\/wp\/v2\/media?parent=19008"}],"wp:term":[{"taxonomy":"product_brand","embeddable":true,"href":"https:\/\/www.zhgdled.com\/de\/wp-json\/wp\/v2\/product_brand?post=19008"},{"taxonomy":"product_cat","embeddable":true,"href":"https:\/\/www.zhgdled.com\/de\/wp-json\/wp\/v2\/product_cat?post=19008"},{"taxonomy":"product_tag","embeddable":true,"href":"https:\/\/www.zhgdled.com\/de\/wp-json\/wp\/v2\/product_tag?post=19008"}],"curies":[{"name":"wp","href":"https:\/\/api.w.org\/{rel}","templated":true}]}}