{"id":19059,"date":"2023-12-22T19:46:12","date_gmt":"2021-10-26T11:46:12","guid":{"rendered":"https:\/\/www.zhgdled.com\/product\/star-rgb-series"},"modified":"2023-02-11T17:07:48","modified_gmt":"2023-02-11T09:07:48","slug":"rgb-led-flutlicht","status":"publish","type":"product","link":"https:\/\/www.zhgdled.com\/de\/star-rgb-serie.html","title":{"rendered":"RGB-STRAHLER DER STAR-SERIE"},"content":{"rendered":"<h2>MACHEN SIE FARBKOMBINATIONEN MIT RGB-LED-STRAHLER DER STAR-SERIE<\/h2>\n<p>Das RGB-LED-Flutlicht der Star-Serie erm\u00f6glicht es, die Lichtfarbe zu wechseln, indem die Farben Rot, Gr\u00fcn und Blau kombiniert werden, was eine gro\u00dfe Farbpalette ergibt.<\/p>\n<p>Dazu geh\u00f6rt eine Fernbedienung, mit der der Benutzer sowohl die Farbe als auch die Lichtintensit\u00e4t steuern kann, die die Flutlichter abgeben sollen. Zus\u00e4tzlich haben sie Sequenzen von programmierten Farben.<\/p>\n<p>Die RGB-LED-Fluter der Star-Serie haben auch alle Merkmale gew\u00f6hnlicher LED-Fluter f\u00fcr den Au\u00dfenbereich, dh IP65-Schutz, Aluminiumkonstruktion usw. Dar\u00fcber hinaus bieten sie auch alle Vorteile der LED-Beleuchtung, wie z. B. Verbesserungen der Leistung von Produkten , was zu Einsparungen beim Energieverbrauch f\u00fchrt.<\/p>\n<h2>SPEZIFIKATIONEN<\/h2>\n<table width=\"583\">\n<tbody>\n<tr>\n<td width=\"257\">Schnelle Details<\/td>\n<td width=\"326\"><\/td>\n<\/tr>\n<tr>\n<td>Leistung<\/td>\n<td>10W 20W 30W 50W<\/td>\n<\/tr>\n<tr>\n<td>LED<\/td>\n<td>SMD 2835<\/td>\n<\/tr>\n<tr>\n<td>Farbtemperatur (CCT)<\/td>\n<td>RGB<\/td>\n<\/tr>\n<tr>\n<td>Lichtausbeute (lm\/w)<\/td>\n<td>80lm\/w<\/td>\n<\/tr>\n<tr>\n<td>Eingangsspannung (V)<\/td>\n<td>AC100-240V\/AC220-240V<\/td>\n<\/tr>\n<tr>\n<td>PF<\/td>\n<td>&gt;0.9<\/td>\n<\/tr>\n<tr>\n<td>CRI (Ra&gt;)<\/td>\n<td>80<\/td>\n<\/tr>\n<tr>\n<td>Abstrahlwinkel (\u00b0)<\/td>\n<td>120<\/td>\n<\/tr>\n<tr>\n<td>IP-Klasse<\/td>\n<td>IP65<\/td>\n<\/tr>\n<tr>\n<td>Material<\/td>\n<td>Aluminiumgeh\u00e4use + Abdeckung aus geh\u00e4rtetem Glas<\/td>\n<\/tr>\n<tr>\n<td>Betriebstemperatur (\u2103)<\/td>\n<td>-20-50<\/td>\n<\/tr>\n<tr>\n<td>Garantie (Jahr)<\/td>\n<td>2 Jahre\/3 Jahre<\/td>\n<\/tr>\n<tr>\n<td>Zertifizierung<\/td>\n<td>CE,ERP,RoHS<\/td>\n<\/tr>\n<tr>\n<td>Treiber<\/td>\n<td>\u00a0DOB<\/td>\n<\/tr>\n<\/tbody>\n<\/table>\n","protected":false},"excerpt":{"rendered":"<table width=\"583\">\n<tbody>\n<tr>\n<td width=\"257\"><\/td>\n<td width=\"326\"><\/td>\n<\/tr>\n<tr>\n<td><strong>Leistung<\/strong><\/td>\n<td><strong>10W 20W 30W 50W<\/strong><\/td>\n<\/tr>\n<tr>\n<td><strong>LED<\/strong><\/td>\n<td><strong>SMD 2835<\/strong><\/td>\n<\/tr>\n<tr>\n<td><strong>Farbtemperatur (CCT)<\/strong><\/td>\n<td><strong>RGB<\/strong><\/td>\n<\/tr>\n<tr>\n<td><strong>Lichtausbeute (lm\/w)<\/strong><\/td>\n<td><strong>80lm\/w<\/strong><\/td>\n<\/tr>\n<tr>\n<td><strong>Eingangsspannung (V)<\/strong><\/td>\n<td><strong>AC100-240V\/AC220-240V<\/strong><\/td>\n<\/tr>\n<tr>\n<td><strong>PF<\/strong><\/td>\n<td><strong>&gt;0.9<\/strong><\/td>\n<\/tr>\n<tr>\n<td><strong>CRI (Ra&gt;)<\/strong><\/td>\n<td><strong>80<\/strong><\/td>\n<\/tr>\n<tr>\n<td><strong>Abstrahlwinkel (\u00b0)<\/strong><\/td>\n<td><strong>120<\/strong><\/td>\n<\/tr>\n<tr>\n<td><strong>IP-Klasse<\/strong><\/td>\n<td><strong>IP65<\/strong><\/td>\n<\/tr>\n<tr>\n<td><strong>Material<\/strong><\/td>\n<td><strong>Aluminiumgeh\u00e4use + Abdeckung aus geh\u00e4rtetem Glas<\/strong><\/td>\n<\/tr>\n<tr>\n<td><strong>Betriebstemperatur (\u2103)<\/strong><\/td>\n<td><strong>-20-50<\/strong><\/td>\n<\/tr>\n<tr>\n<td><strong>Garantie (Jahr)<\/strong><\/td>\n<td><strong>2 Years\/3years<\/strong><\/td>\n<\/tr>\n<tr>\n<td><strong>Zertifizierung<\/strong><\/td>\n<td><strong>CE,ERP,RoHS<\/strong><\/td>\n<\/tr>\n<tr>\n<td><strong>Treiber<\/strong><\/td>\n<td><strong>\u00a0DOB\u00a0<\/strong><\/td>\n<\/tr>\n<\/tbody>\n<\/table>\n","protected":false},"featured_media":19752,"template":"","meta":[],"product_brand":[],"product_cat":[612],"product_tag":[],"class_list":{"0":"post-19059","1":"product","2":"type-product","3":"status-publish","4":"has-post-thumbnail","6":"product_cat-led-flood-light-de","8":"first","9":"instock","10":"shipping-taxable","11":"product-type-simple"},"yoast_head":"<!-- This site is optimized with the Yoast SEO plugin v27.4 - https:\/\/yoast.com\/product\/yoast-seo-wordpress\/ -->\n<title>RGB-LED-Flutlicht<\/title>\n<meta name=\"description\" content=\"RGB-LED-Flutlicht erm\u00f6glicht es, die Lichtfarbe zu wechseln, indem die Farben Rot, Gr\u00fcn und Blau kombiniert werden, was eine gro\u00dfe Farbpalette ergibt.\" \/>\n<meta name=\"robots\" content=\"index, follow, max-snippet:-1, max-image-preview:large, max-video-preview:-1\" \/>\n<link rel=\"canonical\" href=\"https:\/\/www.zhgdled.com\/de\/star-rgb-serie.html\" \/>\n<meta property=\"og:locale\" content=\"de_DE\" \/>\n<meta property=\"og:type\" content=\"article\" \/>\n<meta property=\"og:title\" content=\"RGB-LED-Flutlicht\" \/>\n<meta property=\"og:description\" content=\"RGB-LED-Flutlicht erm\u00f6glicht es, die Lichtfarbe zu wechseln, indem die Farben Rot, Gr\u00fcn und Blau kombiniert werden, was eine gro\u00dfe Farbpalette ergibt.\" \/>\n<meta property=\"og:url\" content=\"https:\/\/www.zhgdled.com\/de\/star-rgb-serie.html\" \/>\n<meta property=\"og:site_name\" content=\"ZHL Lichtgruppe\" \/>\n<meta property=\"article:publisher\" content=\"https:\/\/www.facebook.com\/zhllightinggroup\" \/>\n<meta property=\"article:modified_time\" content=\"2023-02-11T09:07:48+00:00\" \/>\n<meta property=\"og:image\" content=\"https:\/\/www.zhgdled.com\/wp-content\/uploads\/2021\/10\/STAR-SERIES-FLOODLIGHT-RGB.png\" \/>\n\t<meta property=\"og:image:width\" content=\"1600\" \/>\n\t<meta property=\"og:image:height\" content=\"1600\" \/>\n\t<meta property=\"og:image:type\" content=\"image\/png\" \/>\n<meta name=\"twitter:card\" content=\"summary_large_image\" \/>\n<meta name=\"twitter:site\" content=\"@zhl_lighting\" \/>\n<meta name=\"twitter:label1\" content=\"Gesch\u00e4tzte Lesezeit\" \/>\n\t<meta name=\"twitter:data1\" content=\"1\u00a0Minute\" \/>\n<script type=\"application\/ld+json\" class=\"yoast-schema-graph\">{\"@context\":\"https:\\\/\\\/schema.org\",\"@graph\":[{\"@type\":\"WebPage\",\"@id\":\"https:\\\/\\\/www.zhgdled.com\\\/de\\\/star-rgb-serie.html\",\"url\":\"https:\\\/\\\/www.zhgdled.com\\\/de\\\/star-rgb-serie.html\",\"name\":\"RGB-LED-Flutlicht\",\"isPartOf\":{\"@id\":\"https:\\\/\\\/www.zhgdled.com\\\/de\\\/#website\"},\"primaryImageOfPage\":{\"@id\":\"https:\\\/\\\/www.zhgdled.com\\\/de\\\/star-rgb-serie.html#primaryimage\"},\"image\":{\"@id\":\"https:\\\/\\\/www.zhgdled.com\\\/de\\\/star-rgb-serie.html#primaryimage\"},\"thumbnailUrl\":\"https:\\\/\\\/www.zhgdled.com\\\/wp-content\\\/uploads\\\/2021\\\/10\\\/STAR-SERIES-FLOODLIGHT-RGB.png\",\"datePublished\":\"2021-10-26T11:46:12+00:00\",\"dateModified\":\"2023-02-11T09:07:48+00:00\",\"description\":\"RGB-LED-Flutlicht erm\u00f6glicht es, die Lichtfarbe zu wechseln, indem die Farben Rot, Gr\u00fcn und Blau kombiniert werden, was eine gro\u00dfe Farbpalette ergibt.\",\"breadcrumb\":{\"@id\":\"https:\\\/\\\/www.zhgdled.com\\\/de\\\/star-rgb-serie.html#breadcrumb\"},\"inLanguage\":\"de\",\"potentialAction\":[{\"@type\":\"ReadAction\",\"target\":[\"https:\\\/\\\/www.zhgdled.com\\\/de\\\/star-rgb-serie.html\"]}]},{\"@type\":\"ImageObject\",\"inLanguage\":\"de\",\"@id\":\"https:\\\/\\\/www.zhgdled.com\\\/de\\\/star-rgb-serie.html#primaryimage\",\"url\":\"https:\\\/\\\/www.zhgdled.com\\\/wp-content\\\/uploads\\\/2021\\\/10\\\/STAR-SERIES-FLOODLIGHT-RGB.png\",\"contentUrl\":\"https:\\\/\\\/www.zhgdled.com\\\/wp-content\\\/uploads\\\/2021\\\/10\\\/STAR-SERIES-FLOODLIGHT-RGB.png\",\"width\":1600,\"height\":1600,\"caption\":\"RGB floodlight\"},{\"@type\":\"BreadcrumbList\",\"@id\":\"https:\\\/\\\/www.zhgdled.com\\\/de\\\/star-rgb-serie.html#breadcrumb\",\"itemListElement\":[{\"@type\":\"ListItem\",\"position\":1,\"name\":\"Home\",\"item\":\"https:\\\/\\\/www.zhgdled.com\\\/de\"},{\"@type\":\"ListItem\",\"position\":2,\"name\":\"PRODUCTS\",\"item\":\"https:\\\/\\\/www.zhgdled.com\\\/zhl-products.html\"},{\"@type\":\"ListItem\",\"position\":3,\"name\":\"RGB-STRAHLER DER STAR-SERIE\"}]},{\"@type\":\"WebSite\",\"@id\":\"https:\\\/\\\/www.zhgdled.com\\\/de\\\/#website\",\"url\":\"https:\\\/\\\/www.zhgdled.com\\\/de\\\/\",\"name\":\"ZHL Lichtgruppe\",\"description\":\"Top ranking industrial lighting manufacturer and exporter\",\"publisher\":{\"@id\":\"https:\\\/\\\/www.zhgdled.com\\\/de\\\/#organization\"},\"potentialAction\":[{\"@type\":\"SearchAction\",\"target\":{\"@type\":\"EntryPoint\",\"urlTemplate\":\"https:\\\/\\\/www.zhgdled.com\\\/de\\\/?s={search_term_string}\"},\"query-input\":{\"@type\":\"PropertyValueSpecification\",\"valueRequired\":true,\"valueName\":\"search_term_string\"}}],\"inLanguage\":\"de\"},{\"@type\":\"Organization\",\"@id\":\"https:\\\/\\\/www.zhgdled.com\\\/de\\\/#organization\",\"name\":\"ZHL Lighting Group\",\"url\":\"https:\\\/\\\/www.zhgdled.com\\\/de\\\/\",\"logo\":{\"@type\":\"ImageObject\",\"inLanguage\":\"de\",\"@id\":\"https:\\\/\\\/www.zhgdled.com\\\/de\\\/#\\\/schema\\\/logo\\\/image\\\/\",\"url\":\"\",\"contentUrl\":\"\",\"caption\":\"ZHL Lighting Group\"},\"image\":{\"@id\":\"https:\\\/\\\/www.zhgdled.com\\\/de\\\/#\\\/schema\\\/logo\\\/image\\\/\"},\"sameAs\":[\"https:\\\/\\\/www.facebook.com\\\/zhllightinggroup\",\"https:\\\/\\\/x.com\\\/zhl_lighting\"]}]}<\/script>\n<!-- \/ Yoast SEO plugin. -->","yoast_head_json":{"title":"RGB-LED-Flutlicht","description":"RGB-LED-Flutlicht erm\u00f6glicht es, die Lichtfarbe zu wechseln, indem die Farben Rot, Gr\u00fcn und Blau kombiniert werden, was eine gro\u00dfe Farbpalette ergibt.","robots":{"index":"index","follow":"follow","max-snippet":"max-snippet:-1","max-image-preview":"max-image-preview:large","max-video-preview":"max-video-preview:-1"},"canonical":"https:\/\/www.zhgdled.com\/de\/star-rgb-serie.html","og_locale":"de_DE","og_type":"article","og_title":"RGB-LED-Flutlicht","og_description":"RGB-LED-Flutlicht erm\u00f6glicht es, die Lichtfarbe zu wechseln, indem die Farben Rot, Gr\u00fcn und Blau kombiniert werden, was eine gro\u00dfe Farbpalette ergibt.","og_url":"https:\/\/www.zhgdled.com\/de\/star-rgb-serie.html","og_site_name":"ZHL Lichtgruppe","article_publisher":"https:\/\/www.facebook.com\/zhllightinggroup","article_modified_time":"2023-02-11T09:07:48+00:00","og_image":[{"width":1600,"height":1600,"url":"https:\/\/www.zhgdled.com\/wp-content\/uploads\/2021\/10\/STAR-SERIES-FLOODLIGHT-RGB.png","type":"image\/png"}],"twitter_card":"summary_large_image","twitter_site":"@zhl_lighting","twitter_misc":{"Gesch\u00e4tzte Lesezeit":"1\u00a0Minute"},"schema":{"@context":"https:\/\/schema.org","@graph":[{"@type":"WebPage","@id":"https:\/\/www.zhgdled.com\/de\/star-rgb-serie.html","url":"https:\/\/www.zhgdled.com\/de\/star-rgb-serie.html","name":"RGB-LED-Flutlicht","isPartOf":{"@id":"https:\/\/www.zhgdled.com\/de\/#website"},"primaryImageOfPage":{"@id":"https:\/\/www.zhgdled.com\/de\/star-rgb-serie.html#primaryimage"},"image":{"@id":"https:\/\/www.zhgdled.com\/de\/star-rgb-serie.html#primaryimage"},"thumbnailUrl":"https:\/\/www.zhgdled.com\/wp-content\/uploads\/2021\/10\/STAR-SERIES-FLOODLIGHT-RGB.png","datePublished":"2021-10-26T11:46:12+00:00","dateModified":"2023-02-11T09:07:48+00:00","description":"RGB-LED-Flutlicht erm\u00f6glicht es, die Lichtfarbe zu wechseln, indem die Farben Rot, Gr\u00fcn und Blau kombiniert werden, was eine gro\u00dfe Farbpalette ergibt.","breadcrumb":{"@id":"https:\/\/www.zhgdled.com\/de\/star-rgb-serie.html#breadcrumb"},"inLanguage":"de","potentialAction":[{"@type":"ReadAction","target":["https:\/\/www.zhgdled.com\/de\/star-rgb-serie.html"]}]},{"@type":"ImageObject","inLanguage":"de","@id":"https:\/\/www.zhgdled.com\/de\/star-rgb-serie.html#primaryimage","url":"https:\/\/www.zhgdled.com\/wp-content\/uploads\/2021\/10\/STAR-SERIES-FLOODLIGHT-RGB.png","contentUrl":"https:\/\/www.zhgdled.com\/wp-content\/uploads\/2021\/10\/STAR-SERIES-FLOODLIGHT-RGB.png","width":1600,"height":1600,"caption":"RGB floodlight"},{"@type":"BreadcrumbList","@id":"https:\/\/www.zhgdled.com\/de\/star-rgb-serie.html#breadcrumb","itemListElement":[{"@type":"ListItem","position":1,"name":"Home","item":"https:\/\/www.zhgdled.com\/de"},{"@type":"ListItem","position":2,"name":"PRODUCTS","item":"https:\/\/www.zhgdled.com\/zhl-products.html"},{"@type":"ListItem","position":3,"name":"RGB-STRAHLER DER STAR-SERIE"}]},{"@type":"WebSite","@id":"https:\/\/www.zhgdled.com\/de\/#website","url":"https:\/\/www.zhgdled.com\/de\/","name":"ZHL Lichtgruppe","description":"Top ranking industrial lighting manufacturer and exporter","publisher":{"@id":"https:\/\/www.zhgdled.com\/de\/#organization"},"potentialAction":[{"@type":"SearchAction","target":{"@type":"EntryPoint","urlTemplate":"https:\/\/www.zhgdled.com\/de\/?s={search_term_string}"},"query-input":{"@type":"PropertyValueSpecification","valueRequired":true,"valueName":"search_term_string"}}],"inLanguage":"de"},{"@type":"Organization","@id":"https:\/\/www.zhgdled.com\/de\/#organization","name":"ZHL Lighting Group","url":"https:\/\/www.zhgdled.com\/de\/","logo":{"@type":"ImageObject","inLanguage":"de","@id":"https:\/\/www.zhgdled.com\/de\/#\/schema\/logo\/image\/","url":"","contentUrl":"","caption":"ZHL Lighting Group"},"image":{"@id":"https:\/\/www.zhgdled.com\/de\/#\/schema\/logo\/image\/"},"sameAs":["https:\/\/www.facebook.com\/zhllightinggroup","https:\/\/x.com\/zhl_lighting"]}]}},"_links":{"self":[{"href":"https:\/\/www.zhgdled.com\/de\/wp-json\/wp\/v2\/product\/19059","targetHints":{"allow":["GET"]}}],"collection":[{"href":"https:\/\/www.zhgdled.com\/de\/wp-json\/wp\/v2\/product"}],"about":[{"href":"https:\/\/www.zhgdled.com\/de\/wp-json\/wp\/v2\/types\/product"}],"wp:featuredmedia":[{"embeddable":true,"href":"https:\/\/www.zhgdled.com\/de\/wp-json\/wp\/v2\/media\/19752"}],"wp:attachment":[{"href":"https:\/\/www.zhgdled.com\/de\/wp-json\/wp\/v2\/media?parent=19059"}],"wp:term":[{"taxonomy":"product_brand","embeddable":true,"href":"https:\/\/www.zhgdled.com\/de\/wp-json\/wp\/v2\/product_brand?post=19059"},{"taxonomy":"product_cat","embeddable":true,"href":"https:\/\/www.zhgdled.com\/de\/wp-json\/wp\/v2\/product_cat?post=19059"},{"taxonomy":"product_tag","embeddable":true,"href":"https:\/\/www.zhgdled.com\/de\/wp-json\/wp\/v2\/product_tag?post=19059"}],"curies":[{"name":"wp","href":"https:\/\/api.w.org\/{rel}","templated":true}]}}