{"id":19061,"date":"2023-12-22T20:02:05","date_gmt":"2021-10-26T12:02:05","guid":{"rendered":"https:\/\/www.zhgdled.com\/product\/star-series-with-tuya-wifi"},"modified":"2023-02-13T10:40:32","modified_gmt":"2023-02-13T02:40:32","slug":"intelligentes-flutlicht","status":"publish","type":"product","link":"https:\/\/www.zhgdled.com\/de\/star-serie-mit-tuya-wifi.html","title":{"rendered":"STAR SERIE SMART FLOODLIGHT mit TUYA WIFI"},"content":{"rendered":"<h2>LASSEN SIE DIE HARDWARE MIT SMART FLOODLIGHT SMART WERDEN!<\/h2>\n<p>STAR SERIES TUYA WIFI Smart Flutlicht ist ein Produkt der organischen Kombination von Hardware und Software. Mit dem Upgrade des TUYA-Moduls k\u00f6nnen Flutlichter der STAR-Serie jetzt problemlos eine gro\u00df angelegte zentralisierte Verwaltung Ihrer installierten Ger\u00e4te der STAR-Serie \u00fcber mobile Ger\u00e4te oder PC-Software erreichen.<\/p>\n<p>In der Zwischenzeit k\u00f6nnen Immobilienbesitzer nach der Vererbung des WLAN-Moduls ihre Beleuchtungsger\u00e4te in das Smart-Home-System einbinden. Verwirklichen Sie das intelligente Management des Beleuchtungssystems.<\/p>\n<h2>SPEZIFIKATION<\/h2>\n<table width=\"655\">\n<tbody>\n<tr>\n<td width=\"222\"><\/td>\n<td width=\"433\"><\/td>\n<\/tr>\n<tr>\n<td>Leistung<\/td>\n<td>10W 20W 30W 50W<\/td>\n<\/tr>\n<tr>\n<td>LED<\/td>\n<td>SMD 2835<\/td>\n<\/tr>\n<tr>\n<td>Farbtemperatur (CCT)<\/td>\n<td>RGBW\/CCT<\/td>\n<\/tr>\n<tr>\n<td>Lichtausbeute (lm\/w)<\/td>\n<td>80lm\/w<\/td>\n<\/tr>\n<tr>\n<td>Eingangsspannung (V)<\/td>\n<td>AC100-240V\/AC220-240V\/AC200-260V<\/td>\n<\/tr>\n<tr>\n<td>PF<\/td>\n<td>&gt;0.9<\/td>\n<\/tr>\n<tr>\n<td>CRI (Ra&gt;)<\/td>\n<td>80<\/td>\n<\/tr>\n<tr>\n<td>Abstrahlwinkel (\u00b0)<\/td>\n<td>120<\/td>\n<\/tr>\n<tr>\n<td>IP-Klasse<\/td>\n<td>IP65<\/td>\n<\/tr>\n<tr>\n<td>Material<\/td>\n<td>Aluminiumgeh\u00e4use + Abdeckung aus geh\u00e4rtetem Glas<\/td>\n<\/tr>\n<tr>\n<td>Betriebstemperatur (\u2103)<\/td>\n<td>-20-50<\/td>\n<\/tr>\n<tr>\n<td>Garantie (Jahr)<\/td>\n<td>2 Years<\/td>\n<\/tr>\n<tr>\n<td>Zertifizierung<\/td>\n<td>CE,ERP,RoHS<\/td>\n<\/tr>\n<tr>\n<td>Treiber<\/td>\n<td>\u00a0DOB<\/td>\n<\/tr>\n<\/tbody>\n<\/table>\n","protected":false},"excerpt":{"rendered":"<p>STAR SERIES TUYA WIFI Smart Flutlicht ist ein Produkt der organischen Kombination von Hardware und Software. Mit dem Upgrade des TUYA-Moduls k\u00f6nnen Flutlichter der STAR-Serie jetzt problemlos eine gro\u00df angelegte zentralisierte Verwaltung Ihrer installierten Ger\u00e4te der STAR-Serie \u00fcber mobile Ger\u00e4te oder PC-Software erreichen.<\/p>\n<ul>\n<li>10W \/ 20W \/ 30W \/ 50W<\/li>\n<li>SMD2835<\/li>\n<li>RGBW\/CCT einstellbar<\/li>\n<li>80 lm\/w<\/li>\n<li>Wechselstrom 100V-240V 50\/60Hz<\/li>\n<li>IP65<\/li>\n<li>CE CB ERP RoHS<\/li>\n<\/ul>\n","protected":false},"featured_media":19782,"template":"","meta":[],"product_brand":[],"product_cat":[612],"product_tag":[],"class_list":{"0":"post-19061","1":"product","2":"type-product","3":"status-publish","4":"has-post-thumbnail","6":"product_cat-led-flood-light-de","8":"first","9":"instock","10":"shipping-taxable","11":"product-type-simple"},"yoast_head":"<!-- This site is optimized with the Yoast SEO plugin v27.4 - https:\/\/yoast.com\/product\/yoast-seo-wordpress\/ -->\n<title>Intelligentes Flutlicht mit TUYA WIFI<\/title>\n<meta name=\"description\" content=\"STAR SERIES TUYA WIFI Smart Flutlicht ist ein Produkt der organischen Kombination von Hardware und Software. Mit dem Upgrade des TUYA-Moduls k\u00f6nnen Flutlichter der STAR-Serie jetzt problemlos eine gro\u00df angelegte zentralisierte Verwaltung Ihrer installierten Ger\u00e4te der STAR-Serie \u00fcber mobile Ger\u00e4te oder PC-Software erreichen.\" \/>\n<meta name=\"robots\" content=\"index, follow, max-snippet:-1, max-image-preview:large, max-video-preview:-1\" \/>\n<link rel=\"canonical\" href=\"https:\/\/www.zhgdled.com\/de\/star-serie-mit-tuya-wifi.html\" \/>\n<meta property=\"og:locale\" content=\"de_DE\" \/>\n<meta property=\"og:type\" content=\"article\" \/>\n<meta property=\"og:title\" content=\"Intelligentes Flutlicht mit TUYA WIFI\" \/>\n<meta property=\"og:description\" content=\"STAR SERIES TUYA WIFI Smart Flutlicht ist ein Produkt der organischen Kombination von Hardware und Software. Mit dem Upgrade des TUYA-Moduls k\u00f6nnen Flutlichter der STAR-Serie jetzt problemlos eine gro\u00df angelegte zentralisierte Verwaltung Ihrer installierten Ger\u00e4te der STAR-Serie \u00fcber mobile Ger\u00e4te oder PC-Software erreichen.\" \/>\n<meta property=\"og:url\" content=\"https:\/\/www.zhgdled.com\/de\/star-serie-mit-tuya-wifi.html\" \/>\n<meta property=\"og:site_name\" content=\"ZHL Lichtgruppe\" \/>\n<meta property=\"article:publisher\" content=\"https:\/\/www.facebook.com\/zhllightinggroup\" \/>\n<meta property=\"article:modified_time\" content=\"2023-02-13T02:40:32+00:00\" \/>\n<meta property=\"og:image\" content=\"https:\/\/www.zhgdled.com\/wp-content\/uploads\/2021\/10\/14.png\" \/>\n\t<meta property=\"og:image:width\" content=\"1600\" \/>\n\t<meta property=\"og:image:height\" content=\"1600\" \/>\n\t<meta property=\"og:image:type\" content=\"image\/png\" \/>\n<meta name=\"twitter:card\" content=\"summary_large_image\" \/>\n<meta name=\"twitter:site\" content=\"@zhl_lighting\" \/>\n<meta name=\"twitter:label1\" content=\"Gesch\u00e4tzte Lesezeit\" \/>\n\t<meta name=\"twitter:data1\" content=\"1\u00a0Minute\" \/>\n<script type=\"application\/ld+json\" class=\"yoast-schema-graph\">{\"@context\":\"https:\\\/\\\/schema.org\",\"@graph\":[{\"@type\":\"WebPage\",\"@id\":\"https:\\\/\\\/www.zhgdled.com\\\/de\\\/star-serie-mit-tuya-wifi.html\",\"url\":\"https:\\\/\\\/www.zhgdled.com\\\/de\\\/star-serie-mit-tuya-wifi.html\",\"name\":\"Intelligentes Flutlicht mit TUYA WIFI\",\"isPartOf\":{\"@id\":\"https:\\\/\\\/www.zhgdled.com\\\/de\\\/#website\"},\"primaryImageOfPage\":{\"@id\":\"https:\\\/\\\/www.zhgdled.com\\\/de\\\/star-serie-mit-tuya-wifi.html#primaryimage\"},\"image\":{\"@id\":\"https:\\\/\\\/www.zhgdled.com\\\/de\\\/star-serie-mit-tuya-wifi.html#primaryimage\"},\"thumbnailUrl\":\"https:\\\/\\\/www.zhgdled.com\\\/wp-content\\\/uploads\\\/2021\\\/10\\\/14.png\",\"datePublished\":\"2021-10-26T12:02:05+00:00\",\"dateModified\":\"2023-02-13T02:40:32+00:00\",\"description\":\"STAR SERIES TUYA WIFI Smart Flutlicht ist ein Produkt der organischen Kombination von Hardware und Software. Mit dem Upgrade des TUYA-Moduls k\u00f6nnen Flutlichter der STAR-Serie jetzt problemlos eine gro\u00df angelegte zentralisierte Verwaltung Ihrer installierten Ger\u00e4te der STAR-Serie \u00fcber mobile Ger\u00e4te oder PC-Software erreichen.\",\"breadcrumb\":{\"@id\":\"https:\\\/\\\/www.zhgdled.com\\\/de\\\/star-serie-mit-tuya-wifi.html#breadcrumb\"},\"inLanguage\":\"de\",\"potentialAction\":[{\"@type\":\"ReadAction\",\"target\":[\"https:\\\/\\\/www.zhgdled.com\\\/de\\\/star-serie-mit-tuya-wifi.html\"]}]},{\"@type\":\"ImageObject\",\"inLanguage\":\"de\",\"@id\":\"https:\\\/\\\/www.zhgdled.com\\\/de\\\/star-serie-mit-tuya-wifi.html#primaryimage\",\"url\":\"https:\\\/\\\/www.zhgdled.com\\\/wp-content\\\/uploads\\\/2021\\\/10\\\/14.png\",\"contentUrl\":\"https:\\\/\\\/www.zhgdled.com\\\/wp-content\\\/uploads\\\/2021\\\/10\\\/14.png\",\"width\":1600,\"height\":1600,\"caption\":\"tuya wifi floodlight\"},{\"@type\":\"BreadcrumbList\",\"@id\":\"https:\\\/\\\/www.zhgdled.com\\\/de\\\/star-serie-mit-tuya-wifi.html#breadcrumb\",\"itemListElement\":[{\"@type\":\"ListItem\",\"position\":1,\"name\":\"Home\",\"item\":\"https:\\\/\\\/www.zhgdled.com\\\/de\"},{\"@type\":\"ListItem\",\"position\":2,\"name\":\"PRODUCTS\",\"item\":\"https:\\\/\\\/www.zhgdled.com\\\/zhl-products.html\"},{\"@type\":\"ListItem\",\"position\":3,\"name\":\"STAR SERIE SMART FLOODLIGHT mit TUYA WIFI\"}]},{\"@type\":\"WebSite\",\"@id\":\"https:\\\/\\\/www.zhgdled.com\\\/de\\\/#website\",\"url\":\"https:\\\/\\\/www.zhgdled.com\\\/de\\\/\",\"name\":\"ZHL Lichtgruppe\",\"description\":\"Top ranking industrial lighting manufacturer and exporter\",\"publisher\":{\"@id\":\"https:\\\/\\\/www.zhgdled.com\\\/de\\\/#organization\"},\"potentialAction\":[{\"@type\":\"SearchAction\",\"target\":{\"@type\":\"EntryPoint\",\"urlTemplate\":\"https:\\\/\\\/www.zhgdled.com\\\/de\\\/?s={search_term_string}\"},\"query-input\":{\"@type\":\"PropertyValueSpecification\",\"valueRequired\":true,\"valueName\":\"search_term_string\"}}],\"inLanguage\":\"de\"},{\"@type\":\"Organization\",\"@id\":\"https:\\\/\\\/www.zhgdled.com\\\/de\\\/#organization\",\"name\":\"ZHL Lighting Group\",\"url\":\"https:\\\/\\\/www.zhgdled.com\\\/de\\\/\",\"logo\":{\"@type\":\"ImageObject\",\"inLanguage\":\"de\",\"@id\":\"https:\\\/\\\/www.zhgdled.com\\\/de\\\/#\\\/schema\\\/logo\\\/image\\\/\",\"url\":\"\",\"contentUrl\":\"\",\"caption\":\"ZHL Lighting Group\"},\"image\":{\"@id\":\"https:\\\/\\\/www.zhgdled.com\\\/de\\\/#\\\/schema\\\/logo\\\/image\\\/\"},\"sameAs\":[\"https:\\\/\\\/www.facebook.com\\\/zhllightinggroup\",\"https:\\\/\\\/x.com\\\/zhl_lighting\"]}]}<\/script>\n<!-- \/ Yoast SEO plugin. -->","yoast_head_json":{"title":"Intelligentes Flutlicht mit TUYA WIFI","description":"STAR SERIES TUYA WIFI Smart Flutlicht ist ein Produkt der organischen Kombination von Hardware und Software. Mit dem Upgrade des TUYA-Moduls k\u00f6nnen Flutlichter der STAR-Serie jetzt problemlos eine gro\u00df angelegte zentralisierte Verwaltung Ihrer installierten Ger\u00e4te der STAR-Serie \u00fcber mobile Ger\u00e4te oder PC-Software erreichen.","robots":{"index":"index","follow":"follow","max-snippet":"max-snippet:-1","max-image-preview":"max-image-preview:large","max-video-preview":"max-video-preview:-1"},"canonical":"https:\/\/www.zhgdled.com\/de\/star-serie-mit-tuya-wifi.html","og_locale":"de_DE","og_type":"article","og_title":"Intelligentes Flutlicht mit TUYA WIFI","og_description":"STAR SERIES TUYA WIFI Smart Flutlicht ist ein Produkt der organischen Kombination von Hardware und Software. Mit dem Upgrade des TUYA-Moduls k\u00f6nnen Flutlichter der STAR-Serie jetzt problemlos eine gro\u00df angelegte zentralisierte Verwaltung Ihrer installierten Ger\u00e4te der STAR-Serie \u00fcber mobile Ger\u00e4te oder PC-Software erreichen.","og_url":"https:\/\/www.zhgdled.com\/de\/star-serie-mit-tuya-wifi.html","og_site_name":"ZHL Lichtgruppe","article_publisher":"https:\/\/www.facebook.com\/zhllightinggroup","article_modified_time":"2023-02-13T02:40:32+00:00","og_image":[{"width":1600,"height":1600,"url":"https:\/\/www.zhgdled.com\/wp-content\/uploads\/2021\/10\/14.png","type":"image\/png"}],"twitter_card":"summary_large_image","twitter_site":"@zhl_lighting","twitter_misc":{"Gesch\u00e4tzte Lesezeit":"1\u00a0Minute"},"schema":{"@context":"https:\/\/schema.org","@graph":[{"@type":"WebPage","@id":"https:\/\/www.zhgdled.com\/de\/star-serie-mit-tuya-wifi.html","url":"https:\/\/www.zhgdled.com\/de\/star-serie-mit-tuya-wifi.html","name":"Intelligentes Flutlicht mit TUYA WIFI","isPartOf":{"@id":"https:\/\/www.zhgdled.com\/de\/#website"},"primaryImageOfPage":{"@id":"https:\/\/www.zhgdled.com\/de\/star-serie-mit-tuya-wifi.html#primaryimage"},"image":{"@id":"https:\/\/www.zhgdled.com\/de\/star-serie-mit-tuya-wifi.html#primaryimage"},"thumbnailUrl":"https:\/\/www.zhgdled.com\/wp-content\/uploads\/2021\/10\/14.png","datePublished":"2021-10-26T12:02:05+00:00","dateModified":"2023-02-13T02:40:32+00:00","description":"STAR SERIES TUYA WIFI Smart Flutlicht ist ein Produkt der organischen Kombination von Hardware und Software. Mit dem Upgrade des TUYA-Moduls k\u00f6nnen Flutlichter der STAR-Serie jetzt problemlos eine gro\u00df angelegte zentralisierte Verwaltung Ihrer installierten Ger\u00e4te der STAR-Serie \u00fcber mobile Ger\u00e4te oder PC-Software erreichen.","breadcrumb":{"@id":"https:\/\/www.zhgdled.com\/de\/star-serie-mit-tuya-wifi.html#breadcrumb"},"inLanguage":"de","potentialAction":[{"@type":"ReadAction","target":["https:\/\/www.zhgdled.com\/de\/star-serie-mit-tuya-wifi.html"]}]},{"@type":"ImageObject","inLanguage":"de","@id":"https:\/\/www.zhgdled.com\/de\/star-serie-mit-tuya-wifi.html#primaryimage","url":"https:\/\/www.zhgdled.com\/wp-content\/uploads\/2021\/10\/14.png","contentUrl":"https:\/\/www.zhgdled.com\/wp-content\/uploads\/2021\/10\/14.png","width":1600,"height":1600,"caption":"tuya wifi floodlight"},{"@type":"BreadcrumbList","@id":"https:\/\/www.zhgdled.com\/de\/star-serie-mit-tuya-wifi.html#breadcrumb","itemListElement":[{"@type":"ListItem","position":1,"name":"Home","item":"https:\/\/www.zhgdled.com\/de"},{"@type":"ListItem","position":2,"name":"PRODUCTS","item":"https:\/\/www.zhgdled.com\/zhl-products.html"},{"@type":"ListItem","position":3,"name":"STAR SERIE SMART FLOODLIGHT mit TUYA WIFI"}]},{"@type":"WebSite","@id":"https:\/\/www.zhgdled.com\/de\/#website","url":"https:\/\/www.zhgdled.com\/de\/","name":"ZHL Lichtgruppe","description":"Top ranking industrial lighting manufacturer and exporter","publisher":{"@id":"https:\/\/www.zhgdled.com\/de\/#organization"},"potentialAction":[{"@type":"SearchAction","target":{"@type":"EntryPoint","urlTemplate":"https:\/\/www.zhgdled.com\/de\/?s={search_term_string}"},"query-input":{"@type":"PropertyValueSpecification","valueRequired":true,"valueName":"search_term_string"}}],"inLanguage":"de"},{"@type":"Organization","@id":"https:\/\/www.zhgdled.com\/de\/#organization","name":"ZHL Lighting Group","url":"https:\/\/www.zhgdled.com\/de\/","logo":{"@type":"ImageObject","inLanguage":"de","@id":"https:\/\/www.zhgdled.com\/de\/#\/schema\/logo\/image\/","url":"","contentUrl":"","caption":"ZHL Lighting Group"},"image":{"@id":"https:\/\/www.zhgdled.com\/de\/#\/schema\/logo\/image\/"},"sameAs":["https:\/\/www.facebook.com\/zhllightinggroup","https:\/\/x.com\/zhl_lighting"]}]}},"_links":{"self":[{"href":"https:\/\/www.zhgdled.com\/de\/wp-json\/wp\/v2\/product\/19061","targetHints":{"allow":["GET"]}}],"collection":[{"href":"https:\/\/www.zhgdled.com\/de\/wp-json\/wp\/v2\/product"}],"about":[{"href":"https:\/\/www.zhgdled.com\/de\/wp-json\/wp\/v2\/types\/product"}],"wp:featuredmedia":[{"embeddable":true,"href":"https:\/\/www.zhgdled.com\/de\/wp-json\/wp\/v2\/media\/19782"}],"wp:attachment":[{"href":"https:\/\/www.zhgdled.com\/de\/wp-json\/wp\/v2\/media?parent=19061"}],"wp:term":[{"taxonomy":"product_brand","embeddable":true,"href":"https:\/\/www.zhgdled.com\/de\/wp-json\/wp\/v2\/product_brand?post=19061"},{"taxonomy":"product_cat","embeddable":true,"href":"https:\/\/www.zhgdled.com\/de\/wp-json\/wp\/v2\/product_cat?post=19061"},{"taxonomy":"product_tag","embeddable":true,"href":"https:\/\/www.zhgdled.com\/de\/wp-json\/wp\/v2\/product_tag?post=19061"}],"curies":[{"name":"wp","href":"https:\/\/api.w.org\/{rel}","templated":true}]}}