{"id":19065,"date":"2023-09-05T20:28:32","date_gmt":"2021-10-26T12:28:32","guid":{"rendered":"https:\/\/www.zhgdled.com\/product\/10w-200w-z-plus-series-floodlight"},"modified":"2023-02-13T11:09:57","modified_gmt":"2023-02-13T03:09:57","slug":"led-scheinwerfer","status":"publish","type":"product","link":"https:\/\/www.zhgdled.com\/de\/led-scheinwerfer.html","title":{"rendered":"10W-200W Z-PLUS SERIE SCHEINWERFER"},"content":{"rendered":"<h2>KLASSISCHES FLUTLICHT MIT STABILER QUALIT\u00c4T<\/h2>\n<p>Seit 2008 hat ZHL weltweit insgesamt 2 Millionen S\u00e4tze LED-Fluter der Z-PLUS-Serie ausgeliefert. Obwohl die Ingenieure viel Energie aufgewendet haben, um den Z-PLUS auf die dritte Generation zu aktualisieren und zu iterieren, sind die klassischen LED-Fluter der Z-PLUS-Serie immer noch die saubere und wirtschaftliche Beleuchtungsl\u00f6sung der Wahl f\u00fcr die Mehrheit der Ingenieure, Bauherren und Einzelh\u00e4ndler. Der Grund daf\u00fcr ist die stabile Leistung dieser Leuchte, geringe Lichtverschmutzung und niedrige Wartungskosten.<\/p>\n<p>&nbsp;<\/p>\n<h2>\nSPEZIFIKATION<\/h2>\n<blockquote><p><img decoding=\"async\" class=\"alignnone wp-image-17482\" src=\"https:\/\/www.zhgdled.com\/wp-content\/uploads\/2022\/07\/zhl_download-logo.png\" alt=\"\" width=\"28\" height=\"28\" srcset=\"https:\/\/www.zhgdled.com\/wp-content\/uploads\/2022\/07\/zhl_download-logo.png 368w, https:\/\/www.zhgdled.com\/wp-content\/uploads\/2022\/07\/zhl_download-logo-300x300.png 300w, https:\/\/www.zhgdled.com\/wp-content\/uploads\/2022\/07\/zhl_download-logo-150x150.png 150w\" sizes=\"(max-width: 28px) 100vw, 28px\" \/> <a href=\"https:\/\/www.zhgdled.com\/download\/z-plus-series-3rd-gen-solar-flood-light\">Katalog herunterladen<\/a><\/p><\/blockquote>\n<table style=\"border-collapse: collapse; width: 448.52pt;\" border=\"0\" width=\"598\" cellspacing=\"0\" cellpadding=\"0\">\n<tbody>\n<tr style=\"height: 20.00pt;\">\n<td class=\"et2\" style=\"height: 20.00pt; width: 132.00pt;\" width=\"176\" height=\"26\"><\/td>\n<td style=\"width: 316.50pt;\" width=\"422\"><\/td>\n<\/tr>\n<tr style=\"height: 20.00pt;\">\n<td class=\"et3\" style=\"height: 20.00pt;\" height=\"26\">Leistung<\/td>\n<td class=\"et3\">10W 20W 30W 50W 100W 150W 200W<\/td>\n<\/tr>\n<tr style=\"height: 20.00pt;\">\n<td class=\"et3\" style=\"height: 20.00pt;\" height=\"26\">LED<\/td>\n<td class=\"et3\">SMD 2835<\/td>\n<\/tr>\n<tr style=\"height: 20.00pt;\">\n<td class=\"et3\" style=\"height: 20.00pt;\" height=\"26\">Farbtemperatur (CCT)<\/td>\n<td class=\"et3\">2700-6500K<\/td>\n<\/tr>\n<tr style=\"height: 20.00pt;\">\n<td class=\"et3\" style=\"height: 20.00pt;\" height=\"26\">Lichtausbeute (lm\/w)<\/td>\n<td class=\"et3\">90lm\/w<\/td>\n<\/tr>\n<tr style=\"height: 20.00pt;\">\n<td class=\"et3\" style=\"height: 20.00pt;\" height=\"26\">Eingangsspannung (V)<\/td>\n<td class=\"et3\"><span class=\"font2\">AC110-130V&amp;AC220-265V<\/span><span class=\"font0\">\uff0c<\/span><span class=\"font2\">AC220-265V<\/span><\/td>\n<\/tr>\n<tr style=\"height: 20.00pt;\">\n<td class=\"et3\" style=\"height: 20.00pt;\" height=\"26\">PF<\/td>\n<td class=\"et3\">&gt;0.9<\/td>\n<\/tr>\n<tr style=\"height: 20.00pt;\">\n<td class=\"et3\" style=\"height: 20.00pt;\" height=\"26\">CRI (Ra&gt;)<\/td>\n<td class=\"et4\">80\/70<\/td>\n<\/tr>\n<tr style=\"height: 20.00pt;\">\n<td class=\"et3\" style=\"height: 20.00pt;\" height=\"26\">Abstrahlwinkel (\u00b0)<\/td>\n<td class=\"et4\">120<\/td>\n<\/tr>\n<tr style=\"height: 20.00pt;\">\n<td class=\"et3\" style=\"height: 20.00pt;\" height=\"26\">IP-Klasse<\/td>\n<td class=\"et4\">IP65<\/td>\n<\/tr>\n<tr style=\"height: 20.00pt;\">\n<td class=\"et3\" style=\"height: 20.00pt;\" height=\"26\">Material<\/td>\n<td class=\"et4\">Aluminiumgeh\u00e4use + Abdeckung aus geh\u00e4rtetem Glas<\/td>\n<\/tr>\n<tr style=\"height: 20.00pt;\">\n<td class=\"et3\" style=\"height: 20.00pt;\" height=\"26\">Betriebstemperatur (\u2103)<\/td>\n<td class=\"et4\">-20-50<\/td>\n<\/tr>\n<tr style=\"height: 20.00pt;\">\n<td class=\"et3\" style=\"height: 20.00pt;\" height=\"26\">Garantie (Jahr)<\/td>\n<td class=\"et4\">2 Jahre<\/td>\n<\/tr>\n<tr style=\"height: 20.00pt;\">\n<td class=\"et3\" style=\"height: 20.00pt;\" height=\"26\">Zertifizierung<\/td>\n<td class=\"et3\">CE<\/td>\n<\/tr>\n<tr style=\"height: 20.00pt;\">\n<td class=\"et3\" style=\"height: 20.00pt;\" height=\"26\">Treiber<\/td>\n<td class=\"et3\">DOB<\/td>\n<\/tr>\n<\/tbody>\n<\/table>\n","protected":false},"excerpt":{"rendered":"<p>Seit 2008 hat ZHL weltweit insgesamt 2 Millionen S\u00e4tze von Flutlichtern der Z-PLUS-Serie ausgeliefert. Obwohl die Ingenieure viel Energie aufgewendet haben, um den Z-PLUS auf die dritte Generation zu aktualisieren und zu iterieren, sind die klassischen Flutlichter der Z-PLUS-Serie immer noch die saubere und wirtschaftliche Beleuchtungsl\u00f6sung der Wahl f\u00fcr die Mehrheit der Ingenieure, Bauherren und Einzelh\u00e4ndler. Der Grund daf\u00fcr ist die stabile Leistung dieser Leuchte, geringe Lichtverschmutzung und niedrige Wartungskosten.<\/p>\n<ul>\n<li>Aluminium-Druckguss. Abdeckung aus geh\u00e4rtetem Glas<\/li>\n<li>10W &#8211; 200W<\/li>\n<li>IP65<\/li>\n<li>DOB-L\u00f6sung<\/li>\n<li>AC110-130V &amp; AC220-265V, AC220-265V<\/li>\n<\/ul>\n","protected":false},"featured_media":22455,"template":"","meta":[],"product_brand":[],"product_cat":[612],"product_tag":[],"class_list":{"0":"post-19065","1":"product","2":"type-product","3":"status-publish","4":"has-post-thumbnail","6":"product_cat-led-flood-light-de","8":"first","9":"instock","10":"shipping-taxable","11":"product-type-simple"},"yoast_head":"<!-- This site is optimized with the Yoast SEO plugin v27.5 - https:\/\/yoast.com\/product\/yoast-seo-wordpress\/ -->\n<title>LED-Scheinwerfer z plus-serie<\/title>\n<meta name=\"description\" content=\"ZHL hat weltweit insgesamt 2 Millionen LED-Scheinwerfer der Z-PLUS-Serie ausgeliefert. Die Flutlichter der klassischen Z-PLUS-Serie sind saubere und wirtschaftliche Beleuchtungsl\u00f6sungen f\u00fcr die Mehrheit der Ingenieure, Bauherren und Einzelh\u00e4ndler.\" \/>\n<meta name=\"robots\" content=\"index, follow, max-snippet:-1, max-image-preview:large, max-video-preview:-1\" \/>\n<link rel=\"canonical\" href=\"https:\/\/www.zhgdled.com\/de\/led-scheinwerfer.html\" \/>\n<meta property=\"og:locale\" content=\"de_DE\" \/>\n<meta property=\"og:type\" content=\"article\" \/>\n<meta property=\"og:title\" content=\"LED-Scheinwerfer z plus-serie\" \/>\n<meta property=\"og:description\" content=\"ZHL hat weltweit insgesamt 2 Millionen LED-Scheinwerfer der Z-PLUS-Serie ausgeliefert. Die Flutlichter der klassischen Z-PLUS-Serie sind saubere und wirtschaftliche Beleuchtungsl\u00f6sungen f\u00fcr die Mehrheit der Ingenieure, Bauherren und Einzelh\u00e4ndler.\" \/>\n<meta property=\"og:url\" content=\"https:\/\/www.zhgdled.com\/de\/led-scheinwerfer.html\" \/>\n<meta property=\"og:site_name\" content=\"ZHL Lichtgruppe\" \/>\n<meta property=\"article:publisher\" content=\"https:\/\/www.facebook.com\/zhllightinggroup\" \/>\n<meta property=\"article:modified_time\" content=\"2023-02-13T03:09:57+00:00\" \/>\n<meta property=\"og:image\" content=\"https:\/\/www.zhgdled.com\/wp-content\/uploads\/2021\/10\/23.png\" \/>\n\t<meta property=\"og:image:width\" content=\"1600\" \/>\n\t<meta property=\"og:image:height\" content=\"1600\" \/>\n\t<meta property=\"og:image:type\" content=\"image\/png\" \/>\n<meta name=\"twitter:card\" content=\"summary_large_image\" \/>\n<meta name=\"twitter:site\" content=\"@zhl_lighting\" \/>\n<meta name=\"twitter:label1\" content=\"Gesch\u00e4tzte Lesezeit\" \/>\n\t<meta name=\"twitter:data1\" content=\"1\u00a0Minute\" \/>\n<script type=\"application\/ld+json\" class=\"yoast-schema-graph\">{\"@context\":\"https:\\\/\\\/schema.org\",\"@graph\":[{\"@type\":\"WebPage\",\"@id\":\"https:\\\/\\\/www.zhgdled.com\\\/de\\\/led-scheinwerfer.html\",\"url\":\"https:\\\/\\\/www.zhgdled.com\\\/de\\\/led-scheinwerfer.html\",\"name\":\"LED-Scheinwerfer z plus-serie\",\"isPartOf\":{\"@id\":\"https:\\\/\\\/www.zhgdled.com\\\/de\\\/#website\"},\"primaryImageOfPage\":{\"@id\":\"https:\\\/\\\/www.zhgdled.com\\\/de\\\/led-scheinwerfer.html#primaryimage\"},\"image\":{\"@id\":\"https:\\\/\\\/www.zhgdled.com\\\/de\\\/led-scheinwerfer.html#primaryimage\"},\"thumbnailUrl\":\"https:\\\/\\\/www.zhgdled.com\\\/wp-content\\\/uploads\\\/2021\\\/10\\\/ZHL-00-100W.png\",\"datePublished\":\"2021-10-26T12:28:32+00:00\",\"dateModified\":\"2023-02-13T03:09:57+00:00\",\"description\":\"ZHL hat weltweit insgesamt 2 Millionen LED-Scheinwerfer der Z-PLUS-Serie ausgeliefert. Die Flutlichter der klassischen Z-PLUS-Serie sind saubere und wirtschaftliche Beleuchtungsl\u00f6sungen f\u00fcr die Mehrheit der Ingenieure, Bauherren und Einzelh\u00e4ndler.\",\"breadcrumb\":{\"@id\":\"https:\\\/\\\/www.zhgdled.com\\\/de\\\/led-scheinwerfer.html#breadcrumb\"},\"inLanguage\":\"de\",\"potentialAction\":[{\"@type\":\"ReadAction\",\"target\":[\"https:\\\/\\\/www.zhgdled.com\\\/de\\\/led-scheinwerfer.html\"]}]},{\"@type\":\"ImageObject\",\"inLanguage\":\"de\",\"@id\":\"https:\\\/\\\/www.zhgdled.com\\\/de\\\/led-scheinwerfer.html#primaryimage\",\"url\":\"https:\\\/\\\/www.zhgdled.com\\\/wp-content\\\/uploads\\\/2021\\\/10\\\/ZHL-00-100W.png\",\"contentUrl\":\"https:\\\/\\\/www.zhgdled.com\\\/wp-content\\\/uploads\\\/2021\\\/10\\\/ZHL-00-100W.png\",\"width\":1600,\"height\":1600,\"caption\":\"Z-PLUS Series floodlight\"},{\"@type\":\"BreadcrumbList\",\"@id\":\"https:\\\/\\\/www.zhgdled.com\\\/de\\\/led-scheinwerfer.html#breadcrumb\",\"itemListElement\":[{\"@type\":\"ListItem\",\"position\":1,\"name\":\"Home\",\"item\":\"https:\\\/\\\/www.zhgdled.com\\\/de\"},{\"@type\":\"ListItem\",\"position\":2,\"name\":\"PRODUCTS\",\"item\":\"https:\\\/\\\/www.zhgdled.com\\\/zhl-products.html\"},{\"@type\":\"ListItem\",\"position\":3,\"name\":\"10W-200W Z-PLUS SERIE SCHEINWERFER\"}]},{\"@type\":\"WebSite\",\"@id\":\"https:\\\/\\\/www.zhgdled.com\\\/de\\\/#website\",\"url\":\"https:\\\/\\\/www.zhgdled.com\\\/de\\\/\",\"name\":\"ZHL Lichtgruppe\",\"description\":\"Top ranking industrial lighting manufacturer and exporter\",\"publisher\":{\"@id\":\"https:\\\/\\\/www.zhgdled.com\\\/de\\\/#organization\"},\"potentialAction\":[{\"@type\":\"SearchAction\",\"target\":{\"@type\":\"EntryPoint\",\"urlTemplate\":\"https:\\\/\\\/www.zhgdled.com\\\/de\\\/?s={search_term_string}\"},\"query-input\":{\"@type\":\"PropertyValueSpecification\",\"valueRequired\":true,\"valueName\":\"search_term_string\"}}],\"inLanguage\":\"de\"},{\"@type\":\"Organization\",\"@id\":\"https:\\\/\\\/www.zhgdled.com\\\/de\\\/#organization\",\"name\":\"ZHL Lighting Group\",\"url\":\"https:\\\/\\\/www.zhgdled.com\\\/de\\\/\",\"logo\":{\"@type\":\"ImageObject\",\"inLanguage\":\"de\",\"@id\":\"https:\\\/\\\/www.zhgdled.com\\\/de\\\/#\\\/schema\\\/logo\\\/image\\\/\",\"url\":\"\",\"contentUrl\":\"\",\"caption\":\"ZHL Lighting Group\"},\"image\":{\"@id\":\"https:\\\/\\\/www.zhgdled.com\\\/de\\\/#\\\/schema\\\/logo\\\/image\\\/\"},\"sameAs\":[\"https:\\\/\\\/www.facebook.com\\\/zhllightinggroup\",\"https:\\\/\\\/x.com\\\/zhl_lighting\"]}]}<\/script>\n<!-- \/ Yoast SEO plugin. -->","yoast_head_json":{"title":"LED-Scheinwerfer z plus-serie","description":"ZHL hat weltweit insgesamt 2 Millionen LED-Scheinwerfer der Z-PLUS-Serie ausgeliefert. Die Flutlichter der klassischen Z-PLUS-Serie sind saubere und wirtschaftliche Beleuchtungsl\u00f6sungen f\u00fcr die Mehrheit der Ingenieure, Bauherren und Einzelh\u00e4ndler.","robots":{"index":"index","follow":"follow","max-snippet":"max-snippet:-1","max-image-preview":"max-image-preview:large","max-video-preview":"max-video-preview:-1"},"canonical":"https:\/\/www.zhgdled.com\/de\/led-scheinwerfer.html","og_locale":"de_DE","og_type":"article","og_title":"LED-Scheinwerfer z plus-serie","og_description":"ZHL hat weltweit insgesamt 2 Millionen LED-Scheinwerfer der Z-PLUS-Serie ausgeliefert. Die Flutlichter der klassischen Z-PLUS-Serie sind saubere und wirtschaftliche Beleuchtungsl\u00f6sungen f\u00fcr die Mehrheit der Ingenieure, Bauherren und Einzelh\u00e4ndler.","og_url":"https:\/\/www.zhgdled.com\/de\/led-scheinwerfer.html","og_site_name":"ZHL Lichtgruppe","article_publisher":"https:\/\/www.facebook.com\/zhllightinggroup","article_modified_time":"2023-02-13T03:09:57+00:00","og_image":[{"width":1600,"height":1600,"url":"https:\/\/www.zhgdled.com\/wp-content\/uploads\/2021\/10\/23.png","type":"image\/png"}],"twitter_card":"summary_large_image","twitter_site":"@zhl_lighting","twitter_misc":{"Gesch\u00e4tzte Lesezeit":"1\u00a0Minute"},"schema":{"@context":"https:\/\/schema.org","@graph":[{"@type":"WebPage","@id":"https:\/\/www.zhgdled.com\/de\/led-scheinwerfer.html","url":"https:\/\/www.zhgdled.com\/de\/led-scheinwerfer.html","name":"LED-Scheinwerfer z plus-serie","isPartOf":{"@id":"https:\/\/www.zhgdled.com\/de\/#website"},"primaryImageOfPage":{"@id":"https:\/\/www.zhgdled.com\/de\/led-scheinwerfer.html#primaryimage"},"image":{"@id":"https:\/\/www.zhgdled.com\/de\/led-scheinwerfer.html#primaryimage"},"thumbnailUrl":"https:\/\/www.zhgdled.com\/wp-content\/uploads\/2021\/10\/ZHL-00-100W.png","datePublished":"2021-10-26T12:28:32+00:00","dateModified":"2023-02-13T03:09:57+00:00","description":"ZHL hat weltweit insgesamt 2 Millionen LED-Scheinwerfer der Z-PLUS-Serie ausgeliefert. Die Flutlichter der klassischen Z-PLUS-Serie sind saubere und wirtschaftliche Beleuchtungsl\u00f6sungen f\u00fcr die Mehrheit der Ingenieure, Bauherren und Einzelh\u00e4ndler.","breadcrumb":{"@id":"https:\/\/www.zhgdled.com\/de\/led-scheinwerfer.html#breadcrumb"},"inLanguage":"de","potentialAction":[{"@type":"ReadAction","target":["https:\/\/www.zhgdled.com\/de\/led-scheinwerfer.html"]}]},{"@type":"ImageObject","inLanguage":"de","@id":"https:\/\/www.zhgdled.com\/de\/led-scheinwerfer.html#primaryimage","url":"https:\/\/www.zhgdled.com\/wp-content\/uploads\/2021\/10\/ZHL-00-100W.png","contentUrl":"https:\/\/www.zhgdled.com\/wp-content\/uploads\/2021\/10\/ZHL-00-100W.png","width":1600,"height":1600,"caption":"Z-PLUS Series floodlight"},{"@type":"BreadcrumbList","@id":"https:\/\/www.zhgdled.com\/de\/led-scheinwerfer.html#breadcrumb","itemListElement":[{"@type":"ListItem","position":1,"name":"Home","item":"https:\/\/www.zhgdled.com\/de"},{"@type":"ListItem","position":2,"name":"PRODUCTS","item":"https:\/\/www.zhgdled.com\/zhl-products.html"},{"@type":"ListItem","position":3,"name":"10W-200W Z-PLUS SERIE SCHEINWERFER"}]},{"@type":"WebSite","@id":"https:\/\/www.zhgdled.com\/de\/#website","url":"https:\/\/www.zhgdled.com\/de\/","name":"ZHL Lichtgruppe","description":"Top ranking industrial lighting manufacturer and exporter","publisher":{"@id":"https:\/\/www.zhgdled.com\/de\/#organization"},"potentialAction":[{"@type":"SearchAction","target":{"@type":"EntryPoint","urlTemplate":"https:\/\/www.zhgdled.com\/de\/?s={search_term_string}"},"query-input":{"@type":"PropertyValueSpecification","valueRequired":true,"valueName":"search_term_string"}}],"inLanguage":"de"},{"@type":"Organization","@id":"https:\/\/www.zhgdled.com\/de\/#organization","name":"ZHL Lighting Group","url":"https:\/\/www.zhgdled.com\/de\/","logo":{"@type":"ImageObject","inLanguage":"de","@id":"https:\/\/www.zhgdled.com\/de\/#\/schema\/logo\/image\/","url":"","contentUrl":"","caption":"ZHL Lighting Group"},"image":{"@id":"https:\/\/www.zhgdled.com\/de\/#\/schema\/logo\/image\/"},"sameAs":["https:\/\/www.facebook.com\/zhllightinggroup","https:\/\/x.com\/zhl_lighting"]}]}},"_links":{"self":[{"href":"https:\/\/www.zhgdled.com\/de\/wp-json\/wp\/v2\/product\/19065","targetHints":{"allow":["GET"]}}],"collection":[{"href":"https:\/\/www.zhgdled.com\/de\/wp-json\/wp\/v2\/product"}],"about":[{"href":"https:\/\/www.zhgdled.com\/de\/wp-json\/wp\/v2\/types\/product"}],"wp:featuredmedia":[{"embeddable":true,"href":"https:\/\/www.zhgdled.com\/de\/wp-json\/wp\/v2\/media\/22455"}],"wp:attachment":[{"href":"https:\/\/www.zhgdled.com\/de\/wp-json\/wp\/v2\/media?parent=19065"}],"wp:term":[{"taxonomy":"product_brand","embeddable":true,"href":"https:\/\/www.zhgdled.com\/de\/wp-json\/wp\/v2\/product_brand?post=19065"},{"taxonomy":"product_cat","embeddable":true,"href":"https:\/\/www.zhgdled.com\/de\/wp-json\/wp\/v2\/product_cat?post=19065"},{"taxonomy":"product_tag","embeddable":true,"href":"https:\/\/www.zhgdled.com\/de\/wp-json\/wp\/v2\/product_tag?post=19065"}],"curies":[{"name":"wp","href":"https:\/\/api.w.org\/{rel}","templated":true}]}}