{"id":21007,"date":"2023-08-01T14:16:40","date_gmt":"2023-08-01T06:16:40","guid":{"rendered":"https:\/\/www.zhgdled.com\/product\/eagle-series-led-street-lights"},"modified":"2023-12-26T11:03:29","modified_gmt":"2023-12-26T03:03:29","slug":"eagle-series-led-street-lights","status":"publish","type":"product","link":"https:\/\/www.zhgdled.com\/de\/eagle-series-led-street-lights.html","title":{"rendered":"LED Stra\u00dfenlaterne der EAGLE SERIE"},"content":{"rendered":"<h2>Merkmale der LED Stra\u00dfenlaterne der Eagle-Serie:<\/h2>\n<ul>\n<li>Bionisches Design, einzigartige Form und unverwechselbarer Stil;<\/li>\n<li>Mit Selbstreinigungsfunktion kann die Schale mit Hilfe von Wind und Regen gereinigt werden.<\/li>\n<li>Der Stromversorgungshohlraum und der Lichtquellenhohlraum sind separat versiegelt, um das Schutzniveau der gesamten Lampe zu erh\u00f6hen;<\/li>\n<li>Nehmen Sie Linse + optisches Design aus geh\u00e4rtetem Glas mit hoher Durchl\u00e4ssigkeit an, Linse ohne Verschmutzungssch\u00e4den, Lichtverteilung und Helligkeitsstabilit\u00e4t; eingebettete W\u00e4rmeableitung und die perfekte Formkombination;<\/li>\n<li>10KV Blitzschutz, Zuverl\u00e4ssigkeit im Freien ist st\u00e4rker, im Einklang mit der Installation von 40 ~ 60 mm Lichtmasten.<\/li>\n<li>Luxuri\u00f6s und preisg\u00fcnstig, ist es eine kosteng\u00fcnstige L\u00f6sung f\u00fcr Auftragnehmer und H\u00e4ndler.<\/li>\n<\/ul>\n<blockquote><p><a href=\"https:\/\/www.zhgdled.com\/download\/eagle-series-led-street-lights\">Laden Sie den Katalog der LED-Stra\u00dfenlaternen der EAGLE-SERIE herunter<\/a><\/p><\/blockquote>\n<h2>INDUSTRIESTANDARDS ANZEIGEN RE. SOLAR-STRASSENBELEUCHTUNG<\/h2>\n<table width=\"720\">\n<tbody>\n<tr>\n<td width=\"284\">UL<\/td>\n<td width=\"284\"><a href=\"https:\/\/www.ul.com\/services\/roadway-lighting\">Importance of roadway lighting testing in the marketplace<\/a><b><\/b><\/td>\n<\/tr>\n<tr>\n<td width=\"284\">CE<\/td>\n<td width=\"284\"><a href=\"https:\/\/ec.europa.eu\/environment\/gpp\/pdf\/criteria\/street_lighting.pdf\">EU GPP Criteria for Street Lighting &amp; Traffic SignalsLVD Directive 2014\/35\/EU<\/a><\/td>\n<\/tr>\n<\/tbody>\n<\/table>\n<p><img decoding=\"async\" class=\"alignnone size-full wp-image-17591\" src=\"https:\/\/www.zhgdled.com\/wp-content\/uploads\/2021\/10\/20221031090902.jpg\" alt=\"\" width=\"1056\" height=\"477\" srcset=\"https:\/\/www.zhgdled.com\/wp-content\/uploads\/2021\/10\/20221031090902.jpg 1056w, https:\/\/www.zhgdled.com\/wp-content\/uploads\/2021\/10\/20221031090902-300x136.jpg 300w, https:\/\/www.zhgdled.com\/wp-content\/uploads\/2021\/10\/20221031090902-1024x463.jpg 1024w, https:\/\/www.zhgdled.com\/wp-content\/uploads\/2021\/10\/20221031090902-768x347.jpg 768w, https:\/\/www.zhgdled.com\/wp-content\/uploads\/2021\/10\/20221031090902-600x271.jpg 600w, https:\/\/www.zhgdled.com\/wp-content\/uploads\/2021\/10\/20221031090902-150x68.jpg 150w\" sizes=\"(max-width: 1056px) 100vw, 1056px\" \/><img decoding=\"async\" class=\"alignnone size-full wp-image-17581\" src=\"https:\/\/www.zhgdled.com\/wp-content\/uploads\/2021\/10\/20221031090940.jpg\" alt=\"\" width=\"1036\" height=\"763\" srcset=\"https:\/\/www.zhgdled.com\/wp-content\/uploads\/2021\/10\/20221031090940.jpg 1036w, https:\/\/www.zhgdled.com\/wp-content\/uploads\/2021\/10\/20221031090940-300x221.jpg 300w, https:\/\/www.zhgdled.com\/wp-content\/uploads\/2021\/10\/20221031090940-1024x754.jpg 1024w, https:\/\/www.zhgdled.com\/wp-content\/uploads\/2021\/10\/20221031090940-768x566.jpg 768w, https:\/\/www.zhgdled.com\/wp-content\/uploads\/2021\/10\/20221031090940-600x442.jpg 600w, https:\/\/www.zhgdled.com\/wp-content\/uploads\/2021\/10\/20221031090940-150x110.jpg 150w\" sizes=\"(max-width: 1036px) 100vw, 1036px\" \/><img decoding=\"async\" class=\"alignnone size-full wp-image-17571\" src=\"https:\/\/www.zhgdled.com\/wp-content\/uploads\/2021\/10\/20221031090957.jpg\" alt=\"\" width=\"962\" height=\"767\" srcset=\"https:\/\/www.zhgdled.com\/wp-content\/uploads\/2021\/10\/20221031090957.jpg 962w, https:\/\/www.zhgdled.com\/wp-content\/uploads\/2021\/10\/20221031090957-300x239.jpg 300w, https:\/\/www.zhgdled.com\/wp-content\/uploads\/2021\/10\/20221031090957-768x612.jpg 768w, https:\/\/www.zhgdled.com\/wp-content\/uploads\/2021\/10\/20221031090957-600x478.jpg 600w, https:\/\/www.zhgdled.com\/wp-content\/uploads\/2021\/10\/20221031090957-150x120.jpg 150w\" sizes=\"(max-width: 962px) 100vw, 962px\" \/><\/p>\n","protected":false},"excerpt":{"rendered":"<ul>\n<li>Die LED-Stra\u00dfenlaterne der Eagle-Serie ist f\u00fcr Stadtstra\u00dfen unter schwierigen Bedingungen konzipiert. Die glatte R\u00fcckseite hat einen niedrigen Luftwiderstandsbeiwert und kann selbst gereinigt werden. Jede Lampenperle wurde rigoros getestet, um den Beleuchtungswinkel und die H\u00f6he von st\u00e4dtischen Stra\u00dfen zu erreichen.\n<ul>\n<li>Bionisches Design, einzigartige Form und unverwechselbarer Stil;<\/li>\n<li>Mit Selbstreinigungsfunktion kann die Schale mit Hilfe von Wind und Regen gereinigt werden.<\/li>\n<li>Der Stromversorgungshohlraum und der Lichtquellenhohlraum sind separat versiegelt, um das Schutzniveau der gesamten Lampe zu erh\u00f6hen;<\/li>\n<li>Nehmen Sie Linse + optisches Design aus geh\u00e4rtetem Glas mit hoher Durchl\u00e4ssigkeit an, Linse ohne Verschmutzungssch\u00e4den, Lichtverteilung und Helligkeitsstabilit\u00e4t; eingebettete W\u00e4rmeableitung und die perfekte Formkombination;<\/li>\n<li>10KV Blitzschutz, Zuverl\u00e4ssigkeit im Freien ist st\u00e4rker, im Einklang mit der Installation von 40 ~ 60 mm Lichtmasten.<\/li>\n<li>Luxuri\u00f6s und preisg\u00fcnstig, ist es eine kosteng\u00fcnstige L\u00f6sung f\u00fcr Auftragnehmer und H\u00e4ndler.<\/li>\n<\/ul>\n<\/li>\n<\/ul>\n","protected":false},"featured_media":13664,"template":"","meta":[],"product_brand":[],"product_cat":[637],"product_tag":[],"class_list":{"0":"post-21007","1":"product","2":"type-product","3":"status-publish","4":"has-post-thumbnail","6":"product_cat-strassenlichter","8":"first","9":"instock","10":"featured","11":"shipping-taxable","12":"product-type-simple"},"yoast_head":"<!-- This site is optimized with the Yoast SEO plugin v27.4 - https:\/\/yoast.com\/product\/yoast-seo-wordpress\/ -->\n<title>LED Stra\u00dfenlaterne der EAGLE SERIE &#8211; ZHL Lichtgruppe<\/title>\n<meta name=\"description\" content=\"Die LED Stra\u00dfenlaterne der Eagle-Serie zeichnet sich durch bionisches Design, einzigartige Form und unverwechselbaren Stil aus; Mit Selbstreinigungsfunktion kann die Schale mit Hilfe von Wind und Regen gereinigt werden. Der Stromversorgungshohlraum und der Lichtquellenhohlraum sind separat abgedichtet, um das Schutzniveau der gesamten Lampe zu erh\u00f6hen\" \/>\n<meta name=\"robots\" content=\"index, follow, max-snippet:-1, max-image-preview:large, max-video-preview:-1\" \/>\n<link rel=\"canonical\" href=\"https:\/\/www.zhgdled.com\/de\/eagle-series-led-street-lights.html\" \/>\n<meta property=\"og:locale\" content=\"de_DE\" \/>\n<meta property=\"og:type\" content=\"article\" \/>\n<meta property=\"og:title\" content=\"LED Stra\u00dfenlaterne der EAGLE SERIE &#8211; ZHL Lichtgruppe\" \/>\n<meta property=\"og:description\" content=\"Die LED Stra\u00dfenlaterne der Eagle-Serie zeichnet sich durch bionisches Design, einzigartige Form und unverwechselbaren Stil aus; Mit Selbstreinigungsfunktion kann die Schale mit Hilfe von Wind und Regen gereinigt werden. Der Stromversorgungshohlraum und der Lichtquellenhohlraum sind separat abgedichtet, um das Schutzniveau der gesamten Lampe zu erh\u00f6hen\" \/>\n<meta property=\"og:url\" content=\"https:\/\/www.zhgdled.com\/de\/eagle-series-led-street-lights.html\" \/>\n<meta property=\"og:site_name\" content=\"ZHL Lichtgruppe\" \/>\n<meta property=\"article:publisher\" content=\"https:\/\/www.facebook.com\/zhllightinggroup\" \/>\n<meta property=\"article:modified_time\" content=\"2023-12-26T03:03:29+00:00\" \/>\n<meta property=\"og:image\" content=\"https:\/\/www.zhgdled.com\/wp-content\/uploads\/2021\/10\/35-1.png\" \/>\n\t<meta property=\"og:image:width\" content=\"1600\" \/>\n\t<meta property=\"og:image:height\" content=\"1600\" \/>\n\t<meta property=\"og:image:type\" content=\"image\/png\" \/>\n<meta name=\"twitter:card\" content=\"summary_large_image\" \/>\n<meta name=\"twitter:site\" content=\"@zhl_lighting\" \/>\n<meta name=\"twitter:label1\" content=\"Gesch\u00e4tzte Lesezeit\" \/>\n\t<meta name=\"twitter:data1\" content=\"2\u00a0Minuten\" \/>\n<script type=\"application\/ld+json\" class=\"yoast-schema-graph\">{\"@context\":\"https:\\\/\\\/schema.org\",\"@graph\":[{\"@type\":\"WebPage\",\"@id\":\"https:\\\/\\\/www.zhgdled.com\\\/de\\\/eagle-series-led-street-lights.html\",\"url\":\"https:\\\/\\\/www.zhgdled.com\\\/de\\\/eagle-series-led-street-lights.html\",\"name\":\"LED Stra\u00dfenlaterne der EAGLE SERIE &#8211; ZHL Lichtgruppe\",\"isPartOf\":{\"@id\":\"https:\\\/\\\/www.zhgdled.com\\\/de\\\/#website\"},\"primaryImageOfPage\":{\"@id\":\"https:\\\/\\\/www.zhgdled.com\\\/de\\\/eagle-series-led-street-lights.html#primaryimage\"},\"image\":{\"@id\":\"https:\\\/\\\/www.zhgdled.com\\\/de\\\/eagle-series-led-street-lights.html#primaryimage\"},\"thumbnailUrl\":\"https:\\\/\\\/www.zhgdled.com\\\/wp-content\\\/uploads\\\/2021\\\/10\\\/35-1.png\",\"datePublished\":\"2023-08-01T06:16:40+00:00\",\"dateModified\":\"2023-12-26T03:03:29+00:00\",\"description\":\"Die LED Stra\u00dfenlaterne der Eagle-Serie zeichnet sich durch bionisches Design, einzigartige Form und unverwechselbaren Stil aus; Mit Selbstreinigungsfunktion kann die Schale mit Hilfe von Wind und Regen gereinigt werden. Der Stromversorgungshohlraum und der Lichtquellenhohlraum sind separat abgedichtet, um das Schutzniveau der gesamten Lampe zu erh\u00f6hen\",\"breadcrumb\":{\"@id\":\"https:\\\/\\\/www.zhgdled.com\\\/de\\\/eagle-series-led-street-lights.html#breadcrumb\"},\"inLanguage\":\"de\",\"potentialAction\":[{\"@type\":\"ReadAction\",\"target\":[\"https:\\\/\\\/www.zhgdled.com\\\/de\\\/eagle-series-led-street-lights.html\"]}]},{\"@type\":\"ImageObject\",\"inLanguage\":\"de\",\"@id\":\"https:\\\/\\\/www.zhgdled.com\\\/de\\\/eagle-series-led-street-lights.html#primaryimage\",\"url\":\"https:\\\/\\\/www.zhgdled.com\\\/wp-content\\\/uploads\\\/2021\\\/10\\\/35-1.png\",\"contentUrl\":\"https:\\\/\\\/www.zhgdled.com\\\/wp-content\\\/uploads\\\/2021\\\/10\\\/35-1.png\",\"width\":1600,\"height\":1600,\"caption\":\"Eagle Series LED street Light\"},{\"@type\":\"BreadcrumbList\",\"@id\":\"https:\\\/\\\/www.zhgdled.com\\\/de\\\/eagle-series-led-street-lights.html#breadcrumb\",\"itemListElement\":[{\"@type\":\"ListItem\",\"position\":1,\"name\":\"Home\",\"item\":\"https:\\\/\\\/www.zhgdled.com\\\/de\"},{\"@type\":\"ListItem\",\"position\":2,\"name\":\"PRODUCTS\",\"item\":\"https:\\\/\\\/www.zhgdled.com\\\/zhl-products.html\"},{\"@type\":\"ListItem\",\"position\":3,\"name\":\"LED Stra\u00dfenlaterne der EAGLE SERIE\"}]},{\"@type\":\"WebSite\",\"@id\":\"https:\\\/\\\/www.zhgdled.com\\\/de\\\/#website\",\"url\":\"https:\\\/\\\/www.zhgdled.com\\\/de\\\/\",\"name\":\"ZHL Lichtgruppe\",\"description\":\"Top ranking industrial lighting manufacturer and exporter\",\"publisher\":{\"@id\":\"https:\\\/\\\/www.zhgdled.com\\\/de\\\/#organization\"},\"potentialAction\":[{\"@type\":\"SearchAction\",\"target\":{\"@type\":\"EntryPoint\",\"urlTemplate\":\"https:\\\/\\\/www.zhgdled.com\\\/de\\\/?s={search_term_string}\"},\"query-input\":{\"@type\":\"PropertyValueSpecification\",\"valueRequired\":true,\"valueName\":\"search_term_string\"}}],\"inLanguage\":\"de\"},{\"@type\":\"Organization\",\"@id\":\"https:\\\/\\\/www.zhgdled.com\\\/de\\\/#organization\",\"name\":\"ZHL Lighting Group\",\"url\":\"https:\\\/\\\/www.zhgdled.com\\\/de\\\/\",\"logo\":{\"@type\":\"ImageObject\",\"inLanguage\":\"de\",\"@id\":\"https:\\\/\\\/www.zhgdled.com\\\/de\\\/#\\\/schema\\\/logo\\\/image\\\/\",\"url\":\"\",\"contentUrl\":\"\",\"caption\":\"ZHL Lighting Group\"},\"image\":{\"@id\":\"https:\\\/\\\/www.zhgdled.com\\\/de\\\/#\\\/schema\\\/logo\\\/image\\\/\"},\"sameAs\":[\"https:\\\/\\\/www.facebook.com\\\/zhllightinggroup\",\"https:\\\/\\\/x.com\\\/zhl_lighting\"]}]}<\/script>\n<!-- \/ Yoast SEO plugin. -->","yoast_head_json":{"title":"LED Stra\u00dfenlaterne der EAGLE SERIE &#8211; ZHL Lichtgruppe","description":"Die LED Stra\u00dfenlaterne der Eagle-Serie zeichnet sich durch bionisches Design, einzigartige Form und unverwechselbaren Stil aus; Mit Selbstreinigungsfunktion kann die Schale mit Hilfe von Wind und Regen gereinigt werden. Der Stromversorgungshohlraum und der Lichtquellenhohlraum sind separat abgedichtet, um das Schutzniveau der gesamten Lampe zu erh\u00f6hen","robots":{"index":"index","follow":"follow","max-snippet":"max-snippet:-1","max-image-preview":"max-image-preview:large","max-video-preview":"max-video-preview:-1"},"canonical":"https:\/\/www.zhgdled.com\/de\/eagle-series-led-street-lights.html","og_locale":"de_DE","og_type":"article","og_title":"LED Stra\u00dfenlaterne der EAGLE SERIE &#8211; ZHL Lichtgruppe","og_description":"Die LED Stra\u00dfenlaterne der Eagle-Serie zeichnet sich durch bionisches Design, einzigartige Form und unverwechselbaren Stil aus; Mit Selbstreinigungsfunktion kann die Schale mit Hilfe von Wind und Regen gereinigt werden. Der Stromversorgungshohlraum und der Lichtquellenhohlraum sind separat abgedichtet, um das Schutzniveau der gesamten Lampe zu erh\u00f6hen","og_url":"https:\/\/www.zhgdled.com\/de\/eagle-series-led-street-lights.html","og_site_name":"ZHL Lichtgruppe","article_publisher":"https:\/\/www.facebook.com\/zhllightinggroup","article_modified_time":"2023-12-26T03:03:29+00:00","og_image":[{"width":1600,"height":1600,"url":"https:\/\/www.zhgdled.com\/wp-content\/uploads\/2021\/10\/35-1.png","type":"image\/png"}],"twitter_card":"summary_large_image","twitter_site":"@zhl_lighting","twitter_misc":{"Gesch\u00e4tzte Lesezeit":"2\u00a0Minuten"},"schema":{"@context":"https:\/\/schema.org","@graph":[{"@type":"WebPage","@id":"https:\/\/www.zhgdled.com\/de\/eagle-series-led-street-lights.html","url":"https:\/\/www.zhgdled.com\/de\/eagle-series-led-street-lights.html","name":"LED Stra\u00dfenlaterne der EAGLE SERIE &#8211; ZHL Lichtgruppe","isPartOf":{"@id":"https:\/\/www.zhgdled.com\/de\/#website"},"primaryImageOfPage":{"@id":"https:\/\/www.zhgdled.com\/de\/eagle-series-led-street-lights.html#primaryimage"},"image":{"@id":"https:\/\/www.zhgdled.com\/de\/eagle-series-led-street-lights.html#primaryimage"},"thumbnailUrl":"https:\/\/www.zhgdled.com\/wp-content\/uploads\/2021\/10\/35-1.png","datePublished":"2023-08-01T06:16:40+00:00","dateModified":"2023-12-26T03:03:29+00:00","description":"Die LED Stra\u00dfenlaterne der Eagle-Serie zeichnet sich durch bionisches Design, einzigartige Form und unverwechselbaren Stil aus; Mit Selbstreinigungsfunktion kann die Schale mit Hilfe von Wind und Regen gereinigt werden. Der Stromversorgungshohlraum und der Lichtquellenhohlraum sind separat abgedichtet, um das Schutzniveau der gesamten Lampe zu erh\u00f6hen","breadcrumb":{"@id":"https:\/\/www.zhgdled.com\/de\/eagle-series-led-street-lights.html#breadcrumb"},"inLanguage":"de","potentialAction":[{"@type":"ReadAction","target":["https:\/\/www.zhgdled.com\/de\/eagle-series-led-street-lights.html"]}]},{"@type":"ImageObject","inLanguage":"de","@id":"https:\/\/www.zhgdled.com\/de\/eagle-series-led-street-lights.html#primaryimage","url":"https:\/\/www.zhgdled.com\/wp-content\/uploads\/2021\/10\/35-1.png","contentUrl":"https:\/\/www.zhgdled.com\/wp-content\/uploads\/2021\/10\/35-1.png","width":1600,"height":1600,"caption":"Eagle Series LED street Light"},{"@type":"BreadcrumbList","@id":"https:\/\/www.zhgdled.com\/de\/eagle-series-led-street-lights.html#breadcrumb","itemListElement":[{"@type":"ListItem","position":1,"name":"Home","item":"https:\/\/www.zhgdled.com\/de"},{"@type":"ListItem","position":2,"name":"PRODUCTS","item":"https:\/\/www.zhgdled.com\/zhl-products.html"},{"@type":"ListItem","position":3,"name":"LED Stra\u00dfenlaterne der EAGLE SERIE"}]},{"@type":"WebSite","@id":"https:\/\/www.zhgdled.com\/de\/#website","url":"https:\/\/www.zhgdled.com\/de\/","name":"ZHL Lichtgruppe","description":"Top ranking industrial lighting manufacturer and exporter","publisher":{"@id":"https:\/\/www.zhgdled.com\/de\/#organization"},"potentialAction":[{"@type":"SearchAction","target":{"@type":"EntryPoint","urlTemplate":"https:\/\/www.zhgdled.com\/de\/?s={search_term_string}"},"query-input":{"@type":"PropertyValueSpecification","valueRequired":true,"valueName":"search_term_string"}}],"inLanguage":"de"},{"@type":"Organization","@id":"https:\/\/www.zhgdled.com\/de\/#organization","name":"ZHL Lighting Group","url":"https:\/\/www.zhgdled.com\/de\/","logo":{"@type":"ImageObject","inLanguage":"de","@id":"https:\/\/www.zhgdled.com\/de\/#\/schema\/logo\/image\/","url":"","contentUrl":"","caption":"ZHL Lighting Group"},"image":{"@id":"https:\/\/www.zhgdled.com\/de\/#\/schema\/logo\/image\/"},"sameAs":["https:\/\/www.facebook.com\/zhllightinggroup","https:\/\/x.com\/zhl_lighting"]}]}},"_links":{"self":[{"href":"https:\/\/www.zhgdled.com\/de\/wp-json\/wp\/v2\/product\/21007","targetHints":{"allow":["GET"]}}],"collection":[{"href":"https:\/\/www.zhgdled.com\/de\/wp-json\/wp\/v2\/product"}],"about":[{"href":"https:\/\/www.zhgdled.com\/de\/wp-json\/wp\/v2\/types\/product"}],"wp:featuredmedia":[{"embeddable":true,"href":"https:\/\/www.zhgdled.com\/de\/wp-json\/wp\/v2\/media\/13664"}],"wp:attachment":[{"href":"https:\/\/www.zhgdled.com\/de\/wp-json\/wp\/v2\/media?parent=21007"}],"wp:term":[{"taxonomy":"product_brand","embeddable":true,"href":"https:\/\/www.zhgdled.com\/de\/wp-json\/wp\/v2\/product_brand?post=21007"},{"taxonomy":"product_cat","embeddable":true,"href":"https:\/\/www.zhgdled.com\/de\/wp-json\/wp\/v2\/product_cat?post=21007"},{"taxonomy":"product_tag","embeddable":true,"href":"https:\/\/www.zhgdled.com\/de\/wp-json\/wp\/v2\/product_tag?post=21007"}],"curies":[{"name":"wp","href":"https:\/\/api.w.org\/{rel}","templated":true}]}}