{"id":21232,"date":"2023-08-09T08:57:44","date_gmt":"2023-08-09T00:57:44","guid":{"rendered":"https:\/\/www.zhgdled.com\/product\/moon-series-industrial-led-high-bay-light"},"modified":"2023-12-26T10:47:56","modified_gmt":"2023-12-26T02:47:56","slug":"moon-series-industrial-led-high-bay-light","status":"publish","type":"product","link":"https:\/\/www.zhgdled.com\/de\/moon-series-industrial-led-high-bay-light.html","title":{"rendered":"Industrielle LED-Hochregalleuchte der Moon-Serie"},"content":{"rendered":"<h2>Hallenleuchte UFO \u2013 MASSGESCHNEIDERTES DESIGN F\u00dcR DEN INDUSTRIELLEN EINSATZ<\/h2>\n<ul>\n<li>Die UFO-Hochregalleuchte der Moon-Serie erreicht au\u00dfergew\u00f6hnlich einen hohen CRI (&gt;80), um die echte Farbe in Gesch\u00e4ften, Ausstellungshallen, Arenen, Konferenzr\u00e4umen usw. wiederherzustellen.<\/li>\n<li>IEC62471-konform \u2013 Die Moon-Serie erzeugt niemals UV-Strahlung, die sowohl bei herk\u00f6mmlichen HID- als auch bei Fluoreszenzlichtquellen \u00fcblich ist. UV auf traditionellem Leminare entf\u00e4rbt Objekte.<\/li>\n<li>Der K\u00fchlk\u00f6rper und andere Zubeh\u00f6rteile sind pulverbeschichtet, was zu einer besseren Haftung und Korrosionsbest\u00e4ndigkeit in rauen Umgebungen f\u00fchrt.<\/li>\n<li>Kosteng\u00fcnstig, wartungsfrei, \u00fcber 50.000 Stunden Lebensdauer.<\/li>\n<\/ul>\n<h4>Technische Daten herunterladen:<\/h4>\n<p><a title=\"https:\/\/www.zhgdled.com\/download\/moon-series-high-bay-light\" href=\"https:\/\/www.zhgdled.com\/download\/moon-series-high-bay-light\">Moon Series UFO High Bay light<\/a><\/p>\n<p>&nbsp;<\/p>\n<h2>SPEZIFIKATION<\/h2>\n<table width=\"825\">\n<tbody>\n<tr>\n<td width=\"182\">Wattzahl<\/td>\n<td width=\"178\">100W<\/td>\n<td width=\"163\">150W<\/td>\n<td width=\"243\">200W<\/td>\n<\/tr>\n<tr>\n<td width=\"182\">Abmessungen<\/td>\n<td width=\"178\">\u03a6206mm * H119mm<\/td>\n<td width=\"163\">\u03a6250mm * H125mm<\/td>\n<td width=\"243\">\u03a6294mm * H141mm<\/td>\n<\/tr>\n<tr>\n<td width=\"182\">Lumen<\/td>\n<td width=\"178\">13500LM<\/td>\n<td width=\"163\">20250LM<\/td>\n<td width=\"243\">27000LM<\/td>\n<\/tr>\n<tr>\n<td width=\"182\">LED<\/td>\n<td colspan=\"3\" width=\"584\">SMD 2835<\/td>\n<\/tr>\n<tr>\n<td width=\"182\">Farbtemperatur (CCT)<\/td>\n<td colspan=\"3\" width=\"584\">2700-6500K<\/td>\n<\/tr>\n<tr>\n<td width=\"182\">Lichteffizienz (lm\/w)<\/td>\n<td colspan=\"3\" width=\"584\">135Lm\/w<\/td>\n<\/tr>\n<tr>\n<td width=\"182\">Eingangsspannung (V)<\/td>\n<td colspan=\"3\" width=\"584\">AC100-277V\/AC220-240V<\/td>\n<\/tr>\n<tr>\n<td width=\"182\">PF<\/td>\n<td colspan=\"3\" width=\"584\">&gt;0.95<\/td>\n<\/tr>\n<tr>\n<td width=\"182\">CRI (Ra)<\/td>\n<td colspan=\"3\" width=\"584\">&gt;80<\/td>\n<\/tr>\n<tr>\n<td width=\"182\">Abstrahlwinkel (\u00b0)<\/td>\n<td colspan=\"3\" width=\"584\">60\/90\/120<\/td>\n<\/tr>\n<tr>\n<td width=\"182\">IP Grade<\/td>\n<td colspan=\"3\" width=\"584\">IP65<\/td>\n<\/tr>\n<tr>\n<td width=\"182\">Material<\/td>\n<td colspan=\"3\" width=\"584\">Aluminiumgeh\u00e4use + PC-Abdeckung<\/td>\n<\/tr>\n<tr>\n<td width=\"182\">Arbeitstemperatur (\u2103)<\/td>\n<td colspan=\"3\" width=\"584\">-20-+50<\/td>\n<\/tr>\n<tr>\n<td width=\"182\">Garantie (Jahr)<\/td>\n<td colspan=\"3\" width=\"584\">2\/3\/5 Years<\/td>\n<\/tr>\n<tr>\n<td width=\"182\">Zertifizierung<\/td>\n<td colspan=\"3\" width=\"584\">CE,\u00a0ERP,\u00a0RoHS, UL, CB<\/td>\n<\/tr>\n<tr>\n<td width=\"182\">HID-\u00c4quivalent<\/td>\n<td width=\"178\">250W<\/td>\n<td width=\"163\">400W<\/td>\n<td width=\"243\">450W<\/td>\n<\/tr>\n<\/tbody>\n<\/table>\n<p>&nbsp;<\/p>\n<p><img decoding=\"async\" class=\"size-full wp-image-21043\" src=\"https:\/\/www.zhgdled.com\/wp-content\/uploads\/2023\/08\/20230809084140.jpg\" alt=\"High bay specification\" width=\"747\" height=\"1032\" srcset=\"https:\/\/www.zhgdled.com\/wp-content\/uploads\/2023\/08\/20230809084140.jpg 747w, https:\/\/www.zhgdled.com\/wp-content\/uploads\/2023\/08\/20230809084140-217x300.jpg 217w, https:\/\/www.zhgdled.com\/wp-content\/uploads\/2023\/08\/20230809084140-741x1024.jpg 741w, https:\/\/www.zhgdled.com\/wp-content\/uploads\/2023\/08\/20230809084140-600x829.jpg 600w, https:\/\/www.zhgdled.com\/wp-content\/uploads\/2023\/08\/20230809084140-150x207.jpg 150w\" sizes=\"(max-width: 747px) 100vw, 747px\" \/><\/p>\n<div id=\"attachment_21053\" style=\"width: 784px\" class=\"wp-caption alignnone\"><img decoding=\"async\" aria-describedby=\"caption-attachment-21053\" class=\"size-full wp-image-21053\" src=\"https:\/\/www.zhgdled.com\/wp-content\/uploads\/2023\/08\/20230809084327.jpg\" alt=\"High bay specification 1\" width=\"774\" height=\"1053\" srcset=\"https:\/\/www.zhgdled.com\/wp-content\/uploads\/2023\/08\/20230809084327.jpg 774w, https:\/\/www.zhgdled.com\/wp-content\/uploads\/2023\/08\/20230809084327-221x300.jpg 221w, https:\/\/www.zhgdled.com\/wp-content\/uploads\/2023\/08\/20230809084327-753x1024.jpg 753w, https:\/\/www.zhgdled.com\/wp-content\/uploads\/2023\/08\/20230809084327-768x1045.jpg 768w, https:\/\/www.zhgdled.com\/wp-content\/uploads\/2023\/08\/20230809084327-600x816.jpg 600w, https:\/\/www.zhgdled.com\/wp-content\/uploads\/2023\/08\/20230809084327-150x204.jpg 150w\" sizes=\"(max-width: 774px) 100vw, 774px\" \/><p id=\"caption-attachment-21053\" class=\"wp-caption-text\">High bay specification 1<\/p><\/div>\n","protected":false},"excerpt":{"rendered":"<p>Das UFO High Bay Light der Moon-Serie erreicht ausnahmsweise einen hohen CRI (&gt;80), um echte Farben f\u00fcr Gesch\u00e4fte, Ausstellungshallen, Arenen, Konferenzs\u00e4le usw. wiederherzustellen. Entspricht IEC62471 \u2013 Die Moon-Serie erzeugt niemals UV-Strahlung, was sowohl bei herk\u00f6mmlichen HID- als auch bei HID-Lampen \u00fcblich ist fluoreszierende Lichtquellen. UV auf traditionellem Leminare entf\u00e4rbt Objekte.<\/p>\n<p>Der K\u00fchlk\u00f6rper und andere Zubeh\u00f6rteile sind pulverbeschichtet, was zu einer erh\u00f6hten Haftung und Korrosionsbest\u00e4ndigkeit f\u00fcr raue Umgebungen f\u00fchrt.<\/p>\n<ul>\n<li>100W \/ 150W \/ 200W<\/li>\n<li>13.500lm \u2013 27.000lm<\/li>\n<li>2700 K \u2013 6500 K<\/li>\n<li>Effizienz: 135lm\/W<\/li>\n<li>Eingang: AC100-277V\/AC220-240V<\/li>\n<li>CE,\u00a0ERP,\u00a0RoHS, UL, CB<\/li>\n<\/ul>\n","protected":false},"featured_media":13634,"template":"","meta":[],"product_brand":[],"product_cat":[636],"product_tag":[],"class_list":{"0":"post-21232","1":"product","2":"type-product","3":"status-publish","4":"has-post-thumbnail","6":"product_cat-hochregal-leuchten","8":"first","9":"instock","10":"featured","11":"shipping-taxable","12":"product-type-simple"},"yoast_head":"<!-- This site is optimized with the Yoast SEO plugin v27.4 - https:\/\/yoast.com\/product\/yoast-seo-wordpress\/ -->\n<title>Industrielle LED-Hochregalleuchte der Moon-Serie &#8211; ZHL Lichtgruppe<\/title>\n<meta name=\"description\" content=\"Die UFO-Hochregalleuchte der Moon-Serie erreicht einen au\u00dfergew\u00f6hnlich hohen CRI (&gt;80), um die echte Farbe in Gesch\u00e4ften, Ausstellungshallen, Arenen und Konferenzr\u00e4umen wiederherzustellen.\" \/>\n<meta name=\"robots\" content=\"index, follow, max-snippet:-1, max-image-preview:large, max-video-preview:-1\" \/>\n<link rel=\"canonical\" href=\"https:\/\/www.zhgdled.com\/de\/moon-series-industrial-led-high-bay-light.html\" \/>\n<meta property=\"og:locale\" content=\"de_DE\" \/>\n<meta property=\"og:type\" content=\"article\" \/>\n<meta property=\"og:title\" content=\"Industrielle LED-Hochregalleuchte der Moon-Serie &#8211; ZHL Lichtgruppe\" \/>\n<meta property=\"og:description\" content=\"Die UFO-Hochregalleuchte der Moon-Serie erreicht einen au\u00dfergew\u00f6hnlich hohen CRI (&gt;80), um die echte Farbe in Gesch\u00e4ften, Ausstellungshallen, Arenen und Konferenzr\u00e4umen wiederherzustellen.\" \/>\n<meta property=\"og:url\" content=\"https:\/\/www.zhgdled.com\/de\/moon-series-industrial-led-high-bay-light.html\" \/>\n<meta property=\"og:site_name\" content=\"ZHL Lichtgruppe\" \/>\n<meta property=\"article:publisher\" content=\"https:\/\/www.facebook.com\/zhllightinggroup\" \/>\n<meta property=\"article:modified_time\" content=\"2023-12-26T02:47:56+00:00\" \/>\n<meta property=\"og:image\" content=\"https:\/\/www.zhgdled.com\/wp-content\/uploads\/2021\/10\/33.png\" \/>\n\t<meta property=\"og:image:width\" content=\"1600\" \/>\n\t<meta property=\"og:image:height\" content=\"1600\" \/>\n\t<meta property=\"og:image:type\" content=\"image\/png\" \/>\n<meta name=\"twitter:card\" content=\"summary_large_image\" \/>\n<meta name=\"twitter:site\" content=\"@zhl_lighting\" \/>\n<meta name=\"twitter:label1\" content=\"Gesch\u00e4tzte Lesezeit\" \/>\n\t<meta name=\"twitter:data1\" content=\"2\u00a0Minuten\" \/>\n<script type=\"application\/ld+json\" class=\"yoast-schema-graph\">{\"@context\":\"https:\\\/\\\/schema.org\",\"@graph\":[{\"@type\":\"WebPage\",\"@id\":\"https:\\\/\\\/www.zhgdled.com\\\/de\\\/moon-series-industrial-led-high-bay-light.html\",\"url\":\"https:\\\/\\\/www.zhgdled.com\\\/de\\\/moon-series-industrial-led-high-bay-light.html\",\"name\":\"Industrielle LED-Hochregalleuchte der Moon-Serie &#8211; ZHL Lichtgruppe\",\"isPartOf\":{\"@id\":\"https:\\\/\\\/www.zhgdled.com\\\/de\\\/#website\"},\"primaryImageOfPage\":{\"@id\":\"https:\\\/\\\/www.zhgdled.com\\\/de\\\/moon-series-industrial-led-high-bay-light.html#primaryimage\"},\"image\":{\"@id\":\"https:\\\/\\\/www.zhgdled.com\\\/de\\\/moon-series-industrial-led-high-bay-light.html#primaryimage\"},\"thumbnailUrl\":\"https:\\\/\\\/www.zhgdled.com\\\/wp-content\\\/uploads\\\/2021\\\/10\\\/33.png\",\"datePublished\":\"2023-08-09T00:57:44+00:00\",\"dateModified\":\"2023-12-26T02:47:56+00:00\",\"description\":\"Die UFO-Hochregalleuchte der Moon-Serie erreicht einen au\u00dfergew\u00f6hnlich hohen CRI (>80), um die echte Farbe in Gesch\u00e4ften, Ausstellungshallen, Arenen und Konferenzr\u00e4umen wiederherzustellen.\",\"breadcrumb\":{\"@id\":\"https:\\\/\\\/www.zhgdled.com\\\/de\\\/moon-series-industrial-led-high-bay-light.html#breadcrumb\"},\"inLanguage\":\"de\",\"potentialAction\":[{\"@type\":\"ReadAction\",\"target\":[\"https:\\\/\\\/www.zhgdled.com\\\/de\\\/moon-series-industrial-led-high-bay-light.html\"]}]},{\"@type\":\"ImageObject\",\"inLanguage\":\"de\",\"@id\":\"https:\\\/\\\/www.zhgdled.com\\\/de\\\/moon-series-industrial-led-high-bay-light.html#primaryimage\",\"url\":\"https:\\\/\\\/www.zhgdled.com\\\/wp-content\\\/uploads\\\/2021\\\/10\\\/33.png\",\"contentUrl\":\"https:\\\/\\\/www.zhgdled.com\\\/wp-content\\\/uploads\\\/2021\\\/10\\\/33.png\",\"width\":1600,\"height\":1600,\"caption\":\"Moon Series High Bay light\"},{\"@type\":\"BreadcrumbList\",\"@id\":\"https:\\\/\\\/www.zhgdled.com\\\/de\\\/moon-series-industrial-led-high-bay-light.html#breadcrumb\",\"itemListElement\":[{\"@type\":\"ListItem\",\"position\":1,\"name\":\"Home\",\"item\":\"https:\\\/\\\/www.zhgdled.com\\\/de\"},{\"@type\":\"ListItem\",\"position\":2,\"name\":\"PRODUCTS\",\"item\":\"https:\\\/\\\/www.zhgdled.com\\\/zhl-products.html\"},{\"@type\":\"ListItem\",\"position\":3,\"name\":\"Industrielle LED-Hochregalleuchte der Moon-Serie\"}]},{\"@type\":\"WebSite\",\"@id\":\"https:\\\/\\\/www.zhgdled.com\\\/de\\\/#website\",\"url\":\"https:\\\/\\\/www.zhgdled.com\\\/de\\\/\",\"name\":\"ZHL Lichtgruppe\",\"description\":\"Top ranking industrial lighting manufacturer and exporter\",\"publisher\":{\"@id\":\"https:\\\/\\\/www.zhgdled.com\\\/de\\\/#organization\"},\"potentialAction\":[{\"@type\":\"SearchAction\",\"target\":{\"@type\":\"EntryPoint\",\"urlTemplate\":\"https:\\\/\\\/www.zhgdled.com\\\/de\\\/?s={search_term_string}\"},\"query-input\":{\"@type\":\"PropertyValueSpecification\",\"valueRequired\":true,\"valueName\":\"search_term_string\"}}],\"inLanguage\":\"de\"},{\"@type\":\"Organization\",\"@id\":\"https:\\\/\\\/www.zhgdled.com\\\/de\\\/#organization\",\"name\":\"ZHL Lighting Group\",\"url\":\"https:\\\/\\\/www.zhgdled.com\\\/de\\\/\",\"logo\":{\"@type\":\"ImageObject\",\"inLanguage\":\"de\",\"@id\":\"https:\\\/\\\/www.zhgdled.com\\\/de\\\/#\\\/schema\\\/logo\\\/image\\\/\",\"url\":\"\",\"contentUrl\":\"\",\"caption\":\"ZHL Lighting Group\"},\"image\":{\"@id\":\"https:\\\/\\\/www.zhgdled.com\\\/de\\\/#\\\/schema\\\/logo\\\/image\\\/\"},\"sameAs\":[\"https:\\\/\\\/www.facebook.com\\\/zhllightinggroup\",\"https:\\\/\\\/x.com\\\/zhl_lighting\"]}]}<\/script>\n<!-- \/ Yoast SEO plugin. -->","yoast_head_json":{"title":"Industrielle LED-Hochregalleuchte der Moon-Serie &#8211; ZHL Lichtgruppe","description":"Die UFO-Hochregalleuchte der Moon-Serie erreicht einen au\u00dfergew\u00f6hnlich hohen CRI (>80), um die echte Farbe in Gesch\u00e4ften, Ausstellungshallen, Arenen und Konferenzr\u00e4umen wiederherzustellen.","robots":{"index":"index","follow":"follow","max-snippet":"max-snippet:-1","max-image-preview":"max-image-preview:large","max-video-preview":"max-video-preview:-1"},"canonical":"https:\/\/www.zhgdled.com\/de\/moon-series-industrial-led-high-bay-light.html","og_locale":"de_DE","og_type":"article","og_title":"Industrielle LED-Hochregalleuchte der Moon-Serie &#8211; ZHL Lichtgruppe","og_description":"Die UFO-Hochregalleuchte der Moon-Serie erreicht einen au\u00dfergew\u00f6hnlich hohen CRI (>80), um die echte Farbe in Gesch\u00e4ften, Ausstellungshallen, Arenen und Konferenzr\u00e4umen wiederherzustellen.","og_url":"https:\/\/www.zhgdled.com\/de\/moon-series-industrial-led-high-bay-light.html","og_site_name":"ZHL Lichtgruppe","article_publisher":"https:\/\/www.facebook.com\/zhllightinggroup","article_modified_time":"2023-12-26T02:47:56+00:00","og_image":[{"width":1600,"height":1600,"url":"https:\/\/www.zhgdled.com\/wp-content\/uploads\/2021\/10\/33.png","type":"image\/png"}],"twitter_card":"summary_large_image","twitter_site":"@zhl_lighting","twitter_misc":{"Gesch\u00e4tzte Lesezeit":"2\u00a0Minuten"},"schema":{"@context":"https:\/\/schema.org","@graph":[{"@type":"WebPage","@id":"https:\/\/www.zhgdled.com\/de\/moon-series-industrial-led-high-bay-light.html","url":"https:\/\/www.zhgdled.com\/de\/moon-series-industrial-led-high-bay-light.html","name":"Industrielle LED-Hochregalleuchte der Moon-Serie &#8211; ZHL Lichtgruppe","isPartOf":{"@id":"https:\/\/www.zhgdled.com\/de\/#website"},"primaryImageOfPage":{"@id":"https:\/\/www.zhgdled.com\/de\/moon-series-industrial-led-high-bay-light.html#primaryimage"},"image":{"@id":"https:\/\/www.zhgdled.com\/de\/moon-series-industrial-led-high-bay-light.html#primaryimage"},"thumbnailUrl":"https:\/\/www.zhgdled.com\/wp-content\/uploads\/2021\/10\/33.png","datePublished":"2023-08-09T00:57:44+00:00","dateModified":"2023-12-26T02:47:56+00:00","description":"Die UFO-Hochregalleuchte der Moon-Serie erreicht einen au\u00dfergew\u00f6hnlich hohen CRI (>80), um die echte Farbe in Gesch\u00e4ften, Ausstellungshallen, Arenen und Konferenzr\u00e4umen wiederherzustellen.","breadcrumb":{"@id":"https:\/\/www.zhgdled.com\/de\/moon-series-industrial-led-high-bay-light.html#breadcrumb"},"inLanguage":"de","potentialAction":[{"@type":"ReadAction","target":["https:\/\/www.zhgdled.com\/de\/moon-series-industrial-led-high-bay-light.html"]}]},{"@type":"ImageObject","inLanguage":"de","@id":"https:\/\/www.zhgdled.com\/de\/moon-series-industrial-led-high-bay-light.html#primaryimage","url":"https:\/\/www.zhgdled.com\/wp-content\/uploads\/2021\/10\/33.png","contentUrl":"https:\/\/www.zhgdled.com\/wp-content\/uploads\/2021\/10\/33.png","width":1600,"height":1600,"caption":"Moon Series High Bay light"},{"@type":"BreadcrumbList","@id":"https:\/\/www.zhgdled.com\/de\/moon-series-industrial-led-high-bay-light.html#breadcrumb","itemListElement":[{"@type":"ListItem","position":1,"name":"Home","item":"https:\/\/www.zhgdled.com\/de"},{"@type":"ListItem","position":2,"name":"PRODUCTS","item":"https:\/\/www.zhgdled.com\/zhl-products.html"},{"@type":"ListItem","position":3,"name":"Industrielle LED-Hochregalleuchte der Moon-Serie"}]},{"@type":"WebSite","@id":"https:\/\/www.zhgdled.com\/de\/#website","url":"https:\/\/www.zhgdled.com\/de\/","name":"ZHL Lichtgruppe","description":"Top ranking industrial lighting manufacturer and exporter","publisher":{"@id":"https:\/\/www.zhgdled.com\/de\/#organization"},"potentialAction":[{"@type":"SearchAction","target":{"@type":"EntryPoint","urlTemplate":"https:\/\/www.zhgdled.com\/de\/?s={search_term_string}"},"query-input":{"@type":"PropertyValueSpecification","valueRequired":true,"valueName":"search_term_string"}}],"inLanguage":"de"},{"@type":"Organization","@id":"https:\/\/www.zhgdled.com\/de\/#organization","name":"ZHL Lighting Group","url":"https:\/\/www.zhgdled.com\/de\/","logo":{"@type":"ImageObject","inLanguage":"de","@id":"https:\/\/www.zhgdled.com\/de\/#\/schema\/logo\/image\/","url":"","contentUrl":"","caption":"ZHL Lighting Group"},"image":{"@id":"https:\/\/www.zhgdled.com\/de\/#\/schema\/logo\/image\/"},"sameAs":["https:\/\/www.facebook.com\/zhllightinggroup","https:\/\/x.com\/zhl_lighting"]}]}},"_links":{"self":[{"href":"https:\/\/www.zhgdled.com\/de\/wp-json\/wp\/v2\/product\/21232","targetHints":{"allow":["GET"]}}],"collection":[{"href":"https:\/\/www.zhgdled.com\/de\/wp-json\/wp\/v2\/product"}],"about":[{"href":"https:\/\/www.zhgdled.com\/de\/wp-json\/wp\/v2\/types\/product"}],"wp:featuredmedia":[{"embeddable":true,"href":"https:\/\/www.zhgdled.com\/de\/wp-json\/wp\/v2\/media\/13634"}],"wp:attachment":[{"href":"https:\/\/www.zhgdled.com\/de\/wp-json\/wp\/v2\/media?parent=21232"}],"wp:term":[{"taxonomy":"product_brand","embeddable":true,"href":"https:\/\/www.zhgdled.com\/de\/wp-json\/wp\/v2\/product_brand?post=21232"},{"taxonomy":"product_cat","embeddable":true,"href":"https:\/\/www.zhgdled.com\/de\/wp-json\/wp\/v2\/product_cat?post=21232"},{"taxonomy":"product_tag","embeddable":true,"href":"https:\/\/www.zhgdled.com\/de\/wp-json\/wp\/v2\/product_tag?post=21232"}],"curies":[{"name":"wp","href":"https:\/\/api.w.org\/{rel}","templated":true}]}}