{"id":21703,"date":"2024-03-26T09:52:15","date_gmt":"2023-08-21T01:52:15","guid":{"rendered":"https:\/\/www.zhgdled.com\/product\/spring-series-led-industrial-flood-light"},"modified":"2024-03-26T14:08:21","modified_gmt":"2024-03-26T06:08:21","slug":"spring-series-led-industrial-flood-light","status":"publish","type":"product","link":"https:\/\/www.zhgdled.com\/de\/spring-series-led-industrial-flood-light.html","title":{"rendered":"SPRING Serie Flutlicht 10W &#8211; 400W"},"content":{"rendered":"<h2><span style=\"color: #ff6600;\"><strong>Beleuchten Sie Ihren Raum mit den vielseitigen Flutlichtern der Spring Series<\/strong><\/span><\/h2>\n<p>Wenn es darum geht, Au\u00dfenbereiche mit Effizienz, Haltbarkeit und Vielseitigkeit zu beleuchten, zeichnen sich die Flutlichter der Spring-Serie als strahlendes Beispiel f\u00fcr Innovation aus. Entwickelt, um den vielf\u00e4ltigen Beleuchtungsanforderungen im Freien gerecht zu werden, bieten diese Flutlichter eine Auswahl an Leistungsoptionen von 10 bis 400 Watt und sorgen so daf\u00fcr, dass jede Ecke in perfektem Licht erstrahlt.<\/p>\n<h3>Leistung und Effizienz<\/h3>\n<p>Die Flutlichter der Spring-Serie sind in verschiedenen Leistungsstufen erh\u00e4ltlich, von bescheidenen 10 Watt bis zu leistungsstarken 400 Watt. Unabh\u00e4ngig von der Leistungsvariante verf\u00fcgt jede Einheit \u00fcber eine beeindruckende Leuchtdichte von 120 Lumen pro Watt, sodass jede Watt Leistung in helles, energieeffizientes Licht umgesetzt wird. Ob es sich um einen kleinen Garten oder eine ausgedehnte Au\u00dfenanlage handelt, diese Flutlichter sind f\u00fcr alles ger\u00fcstet.<\/p>\n<h3>Modernste LED-Technologie<\/h3>\n<p>Angetrieben von SMD 2835 LEDs liefern die Flutlichter der Spring-Serie eine konstante und hochwertige Lichtausbeute. Diese LEDs sind f\u00fcr ihre Zuverl\u00e4ssigkeit, Langlebigkeit und hervorragende Leistung bekannt und sorgen daf\u00fcr, dass Ihre Au\u00dfenbereiche viele Jahre lang gut beleuchtet sind.<\/p>\n<h3>Einstellbare Farbtemperatur und Strahlungswinkel<\/h3>\n<p>Mit einem Farbtemperaturbereich von 2700K bis 6500K erm\u00f6glichen Ihnen diese Flutlichter, die Atmosph\u00e4re Ihrer Au\u00dfenbereiche nach Ihren W\u00fcnschen anzupassen. Dar\u00fcber hinaus erm\u00f6glichen Ihnen die vielseitigen Strahlungswinkeloptionen von 60 bis 160 Grad, die Ausbreitung und Fokussierung des Lichts pr\u00e4zise zu steuern und problemlos auf verschiedene Beleuchtungsanforderungen einzugehen.<\/p>\n<h3>Robuste Konstruktion<\/h3>\n<p>Entwickelt mit Blick auf Langlebigkeit, verf\u00fcgen die Flutlichter der Spring-Serie \u00fcber einen Aluminiumk\u00f6rper, eine PC-Linse und eine geh\u00e4rtete Glasabdeckung. Diese robuste Konstruktion bietet Schutz vor widrigen Witterungsbedingungen, Korrosion und St\u00f6\u00dfen und macht sie zu einer idealen Wahl f\u00fcr Au\u00dfenumgebungen, in denen Zuverl\u00e4ssigkeit oberste Priorit\u00e4t hat.<\/p>\n<h3>Hohe Leistungs- und Sicherheitsstandards<\/h3>\n<p>Mit einem Leistungsfaktor von mehr als 0,9 und einem hohen Farbwiedergabeindex (CRI) von 80\/70 bieten diese Flutlichter nicht nur eine au\u00dfergew\u00f6hnliche Leistung, sondern auch eine genaue Farbwiedergabe. Dar\u00fcber hinaus sind sie mit einer IP65-Bewertung staubdicht und wasserdicht und gew\u00e4hrleisten auch unter herausfordernden Au\u00dfenbedingungen eine zuverl\u00e4ssige Funktion.<\/p>\n<h3>Einfache Installation und Wartung<\/h3>\n<p>Die Flutlichter der Spring-Serie sind mit ZHL- oder Meanwell-Treibern ausgestattet, die f\u00fcr ihre Zuverl\u00e4ssigkeit und Effizienz bekannt sind. In Kombination mit ihrem leichten Design und dem einfachen Installationsprozess stellen sie eine problemlose Beleuchtungsl\u00f6sung dar. Dar\u00fcber hinaus sind sie mit einer Garantie von bis zu 5 Jahren versehen und bieten Ihnen die Gewissheit, dass Ihre Investition gesch\u00fctzt ist.<\/p>\n<h3>Umweltfreundlich und zertifiziert<\/h3>\n<p>Im Einklang mit dem Engagement f\u00fcr Nachhaltigkeit sind die Flutlichter der Spring-Serie CE-, ERP- und RoHS-zertifiziert und entsprechen strengen Umwelt- und Sicherheitsstandards. Durch die Wahl dieser Flutlichter reduzieren Sie nicht nur Ihren CO2-Fu\u00dfabdruck, sondern tragen auch zu einer gr\u00fcneren Zukunft bei.<\/p>\n<p><img decoding=\"async\" class=\"alignnone size-full wp-image-14639\" style=\"color: #1b1919; font-size: 24px;\" src=\"https:\/\/www.zhgdled.com\/wp-content\/uploads\/2021\/10\/1665197698153.jpg\" alt=\"ZHL Spring Series flood light\" width=\"750\" height=\"806\" srcset=\"https:\/\/www.zhgdled.com\/wp-content\/uploads\/2021\/10\/1665197698153.jpg 750w, https:\/\/www.zhgdled.com\/wp-content\/uploads\/2021\/10\/1665197698153-279x300.jpg 279w, https:\/\/www.zhgdled.com\/wp-content\/uploads\/2021\/10\/1665197698153-600x645.jpg 600w, https:\/\/www.zhgdled.com\/wp-content\/uploads\/2021\/10\/1665197698153-150x161.jpg 150w\" sizes=\"(max-width: 750px) 100vw, 750px\" \/><\/p>\n<h2>SPEZIFIKATIONEN<\/h2>\n<blockquote><p><img decoding=\"async\" class=\"alignnone wp-image-17482\" src=\"https:\/\/www.zhgdled.com\/wp-content\/uploads\/2022\/07\/zhl_download-logo.png\" alt=\"\" width=\"28\" height=\"28\" srcset=\"https:\/\/www.zhgdled.com\/wp-content\/uploads\/2022\/07\/zhl_download-logo.png 368w, https:\/\/www.zhgdled.com\/wp-content\/uploads\/2022\/07\/zhl_download-logo-300x300.png 300w, https:\/\/www.zhgdled.com\/wp-content\/uploads\/2022\/07\/zhl_download-logo-150x150.png 150w\" sizes=\"(max-width: 28px) 100vw, 28px\" \/><a href=\"https:\/\/www.zhgdled.com\/download\/spring-series-flood-light\">Katalog herunterladen<\/a> f\u00fcr Industriescheinwerfer der Spring-Serie<\/p><\/blockquote>\n<table>\n<tbody>\n<tr>\n<td>Leistung<\/td>\n<td>10W 20W 30W 50W 100W 150W 200W 240W 300W 400W<\/td>\n<\/tr>\n<tr>\n<td>LED<\/td>\n<td>SMD 2835<\/td>\n<\/tr>\n<tr>\n<td>Farbtemperatur (CCT)<\/td>\n<td>2700-6500K<\/td>\n<\/tr>\n<tr>\n<td>Lichtausbeute (lm\/w)<\/td>\n<td>120lm\/w<\/td>\n<\/tr>\n<tr>\n<td>Eingangsspannung (V)<\/td>\n<td width=\"470\">AC220-240V\/ AC100-240V<\/td>\n<\/tr>\n<tr>\n<td>PF<\/td>\n<td>&gt;0.9<\/td>\n<\/tr>\n<tr>\n<td>CRI (Ra&gt;)<\/td>\n<td>80\/70<\/td>\n<\/tr>\n<tr>\n<td>Eingangsspannung (V)<\/td>\n<td width=\"470\">60\/90\/120\/60*145\uff08T2-M\uff09\/80*145\uff08T2-L\uff09<br \/>\n90*155\uff08TYPE-1\uff0945*157\uff08T3-M\uff09100*160\uff08T3-M\uff09<br \/>\n160\uff08T5-M\uff09<\/td>\n<\/tr>\n<tr>\n<td>IP-Klasse<\/td>\n<td>IP65<\/td>\n<\/tr>\n<tr>\n<td>Material<\/td>\n<td>Aluminiumgeh\u00e4use + PC-Linse + Abdeckung aus geh\u00e4rtetem Glas<\/td>\n<\/tr>\n<tr>\n<td>Betriebstemperatur (\u2103)<\/td>\n<td>-20-50<\/td>\n<\/tr>\n<tr>\n<td>Garantie (Jahr)<\/td>\n<td>3 Jahre \/ 5 Jahre<\/td>\n<\/tr>\n<tr>\n<td>Zertifizierung<\/td>\n<td>CE,\u00a0ERP, RoHS<\/td>\n<\/tr>\n<tr>\n<td>Treiber<\/td>\n<td>Marke ZHL \/ Meanwell<\/td>\n<\/tr>\n<\/tbody>\n<\/table>\n<h2><img decoding=\"async\" class=\"alignnone size-full wp-image-21529\" style=\"color: #333333; font-size: 16px;\" src=\"https:\/\/www.zhgdled.com\/wp-content\/uploads\/2023\/08\/IEC-report12.jpg\" alt=\"\" width=\"705\" height=\"684\" srcset=\"https:\/\/www.zhgdled.com\/wp-content\/uploads\/2023\/08\/IEC-report12.jpg 705w, https:\/\/www.zhgdled.com\/wp-content\/uploads\/2023\/08\/IEC-report12-300x291.jpg 300w, https:\/\/www.zhgdled.com\/wp-content\/uploads\/2023\/08\/IEC-report12-600x582.jpg 600w, https:\/\/www.zhgdled.com\/wp-content\/uploads\/2023\/08\/IEC-report12-150x146.jpg 150w\" sizes=\"(max-width: 705px) 100vw, 705px\" \/><\/h2>\n","protected":false},"excerpt":{"rendered":"<p>Flutlichter der Spring-Serie modernste Technologie, robuste Konstruktion und vielseitige Funktionen, um Au\u00dfenbereiche mit un\u00fcbertroffener Effizienz und Zuverl\u00e4ssigkeit zu beleuchten. Ob zur Verbesserung der Sicherheit Ihrer R\u00e4umlichkeiten, zur Hervorhebung architektonischer Elemente oder zur Schaffung einladender Au\u00dfenumgebungen, diese Flutlichter sind die perfekte Beleuchtungsl\u00f6sung f\u00fcr alle Outdoor-Anwendungen.<\/p>\n<ul>\n<li>Leistung: 10 W\/20 W\/30 W\/50 W\/100 W\/150 W\/200 W\/240 W\/300 W\/400 W<\/li>\n<li>SMD2835<\/li>\n<li>120lm\/w<\/li>\n<li>AC220-240V\/AC100-240V<\/li>\n<li>PF&gt;0,9<\/li>\n<li>CRI &gt;80<\/li>\n<li>Abstrahlwinkel: 60\/90\/120\/60*145 (T2-M)\/80*145 (T2-L) 90*155 (TYP-1) 45*157 (T3-M) 100*160 (T3-M) 160 (T5-M)<\/li>\n<\/ul>\n","protected":false},"featured_media":13527,"template":"","meta":[],"product_brand":[],"product_cat":[612],"product_tag":[],"class_list":{"0":"post-21703","1":"product","2":"type-product","3":"status-publish","4":"has-post-thumbnail","6":"product_cat-led-flood-light-de","8":"first","9":"instock","10":"featured","11":"shipping-taxable","12":"product-type-simple"},"yoast_head":"<!-- This site is optimized with the Yoast SEO plugin v27.5 - https:\/\/yoast.com\/product\/yoast-seo-wordpress\/ -->\n<title>SPRING Serie Flutlicht 10W - 400W &#8211; ZHL Lichtgruppe<\/title>\n<meta name=\"description\" content=\"Flutlichter der Spring-Serie modernste Technologie, robuste Konstruktion und vielseitige Funktionen, um Au\u00dfenbereiche mit un\u00fcbertroffener Effizienz und Zuverl\u00e4ssigkeit zu beleuchten.\" \/>\n<meta name=\"robots\" content=\"index, follow, max-snippet:-1, max-image-preview:large, max-video-preview:-1\" \/>\n<link rel=\"canonical\" href=\"https:\/\/www.zhgdled.com\/de\/spring-series-led-industrial-flood-light.html\" \/>\n<meta property=\"og:locale\" content=\"de_DE\" \/>\n<meta property=\"og:type\" content=\"article\" \/>\n<meta property=\"og:title\" content=\"SPRING Serie Flutlicht 10W - 400W &#8211; ZHL Lichtgruppe\" \/>\n<meta property=\"og:description\" content=\"Flutlichter der Spring-Serie modernste Technologie, robuste Konstruktion und vielseitige Funktionen, um Au\u00dfenbereiche mit un\u00fcbertroffener Effizienz und Zuverl\u00e4ssigkeit zu beleuchten.\" \/>\n<meta property=\"og:url\" content=\"https:\/\/www.zhgdled.com\/de\/spring-series-led-industrial-flood-light.html\" \/>\n<meta property=\"og:site_name\" content=\"ZHL Lichtgruppe\" \/>\n<meta property=\"article:publisher\" content=\"https:\/\/www.facebook.com\/zhllightinggroup\" \/>\n<meta property=\"article:modified_time\" content=\"2024-03-26T06:08:21+00:00\" \/>\n<meta property=\"og:image\" content=\"https:\/\/www.zhgdled.com\/wp-content\/uploads\/2021\/10\/26.png\" \/>\n\t<meta property=\"og:image:width\" content=\"1600\" \/>\n\t<meta property=\"og:image:height\" content=\"1600\" \/>\n\t<meta property=\"og:image:type\" content=\"image\/png\" \/>\n<meta name=\"twitter:card\" content=\"summary_large_image\" \/>\n<meta name=\"twitter:site\" content=\"@zhl_lighting\" \/>\n<meta name=\"twitter:label1\" content=\"Gesch\u00e4tzte Lesezeit\" \/>\n\t<meta name=\"twitter:data1\" content=\"4\u00a0Minuten\" \/>\n<script type=\"application\/ld+json\" class=\"yoast-schema-graph\">{\"@context\":\"https:\\\/\\\/schema.org\",\"@graph\":[{\"@type\":\"WebPage\",\"@id\":\"https:\\\/\\\/www.zhgdled.com\\\/de\\\/spring-series-led-industrial-flood-light.html\",\"url\":\"https:\\\/\\\/www.zhgdled.com\\\/de\\\/spring-series-led-industrial-flood-light.html\",\"name\":\"SPRING Serie Flutlicht 10W - 400W &#8211; ZHL Lichtgruppe\",\"isPartOf\":{\"@id\":\"https:\\\/\\\/www.zhgdled.com\\\/de\\\/#website\"},\"primaryImageOfPage\":{\"@id\":\"https:\\\/\\\/www.zhgdled.com\\\/de\\\/spring-series-led-industrial-flood-light.html#primaryimage\"},\"image\":{\"@id\":\"https:\\\/\\\/www.zhgdled.com\\\/de\\\/spring-series-led-industrial-flood-light.html#primaryimage\"},\"thumbnailUrl\":\"https:\\\/\\\/www.zhgdled.com\\\/wp-content\\\/uploads\\\/2021\\\/10\\\/26.png\",\"datePublished\":\"2023-08-21T01:52:15+00:00\",\"dateModified\":\"2024-03-26T06:08:21+00:00\",\"description\":\"Flutlichter der Spring-Serie modernste Technologie, robuste Konstruktion und vielseitige Funktionen, um Au\u00dfenbereiche mit un\u00fcbertroffener Effizienz und Zuverl\u00e4ssigkeit zu beleuchten.\",\"breadcrumb\":{\"@id\":\"https:\\\/\\\/www.zhgdled.com\\\/de\\\/spring-series-led-industrial-flood-light.html#breadcrumb\"},\"inLanguage\":\"de\",\"potentialAction\":[{\"@type\":\"ReadAction\",\"target\":[\"https:\\\/\\\/www.zhgdled.com\\\/de\\\/spring-series-led-industrial-flood-light.html\"]}]},{\"@type\":\"ImageObject\",\"inLanguage\":\"de\",\"@id\":\"https:\\\/\\\/www.zhgdled.com\\\/de\\\/spring-series-led-industrial-flood-light.html#primaryimage\",\"url\":\"https:\\\/\\\/www.zhgdled.com\\\/wp-content\\\/uploads\\\/2021\\\/10\\\/26.png\",\"contentUrl\":\"https:\\\/\\\/www.zhgdled.com\\\/wp-content\\\/uploads\\\/2021\\\/10\\\/26.png\",\"width\":1600,\"height\":1600,\"caption\":\"Industrielle Scheinwerfer\"},{\"@type\":\"BreadcrumbList\",\"@id\":\"https:\\\/\\\/www.zhgdled.com\\\/de\\\/spring-series-led-industrial-flood-light.html#breadcrumb\",\"itemListElement\":[{\"@type\":\"ListItem\",\"position\":1,\"name\":\"Home\",\"item\":\"https:\\\/\\\/www.zhgdled.com\\\/de\"},{\"@type\":\"ListItem\",\"position\":2,\"name\":\"PRODUCTS\",\"item\":\"https:\\\/\\\/www.zhgdled.com\\\/zhl-products.html\"},{\"@type\":\"ListItem\",\"position\":3,\"name\":\"SPRING Serie Flutlicht 10W &#8211; 400W\"}]},{\"@type\":\"WebSite\",\"@id\":\"https:\\\/\\\/www.zhgdled.com\\\/de\\\/#website\",\"url\":\"https:\\\/\\\/www.zhgdled.com\\\/de\\\/\",\"name\":\"ZHL Lichtgruppe\",\"description\":\"Top ranking industrial lighting manufacturer and exporter\",\"publisher\":{\"@id\":\"https:\\\/\\\/www.zhgdled.com\\\/de\\\/#organization\"},\"potentialAction\":[{\"@type\":\"SearchAction\",\"target\":{\"@type\":\"EntryPoint\",\"urlTemplate\":\"https:\\\/\\\/www.zhgdled.com\\\/de\\\/?s={search_term_string}\"},\"query-input\":{\"@type\":\"PropertyValueSpecification\",\"valueRequired\":true,\"valueName\":\"search_term_string\"}}],\"inLanguage\":\"de\"},{\"@type\":\"Organization\",\"@id\":\"https:\\\/\\\/www.zhgdled.com\\\/de\\\/#organization\",\"name\":\"ZHL Lighting Group\",\"url\":\"https:\\\/\\\/www.zhgdled.com\\\/de\\\/\",\"logo\":{\"@type\":\"ImageObject\",\"inLanguage\":\"de\",\"@id\":\"https:\\\/\\\/www.zhgdled.com\\\/de\\\/#\\\/schema\\\/logo\\\/image\\\/\",\"url\":\"\",\"contentUrl\":\"\",\"caption\":\"ZHL Lighting Group\"},\"image\":{\"@id\":\"https:\\\/\\\/www.zhgdled.com\\\/de\\\/#\\\/schema\\\/logo\\\/image\\\/\"},\"sameAs\":[\"https:\\\/\\\/www.facebook.com\\\/zhllightinggroup\",\"https:\\\/\\\/x.com\\\/zhl_lighting\"]}]}<\/script>\n<!-- \/ Yoast SEO plugin. -->","yoast_head_json":{"title":"SPRING Serie Flutlicht 10W - 400W &#8211; ZHL Lichtgruppe","description":"Flutlichter der Spring-Serie modernste Technologie, robuste Konstruktion und vielseitige Funktionen, um Au\u00dfenbereiche mit un\u00fcbertroffener Effizienz und Zuverl\u00e4ssigkeit zu beleuchten.","robots":{"index":"index","follow":"follow","max-snippet":"max-snippet:-1","max-image-preview":"max-image-preview:large","max-video-preview":"max-video-preview:-1"},"canonical":"https:\/\/www.zhgdled.com\/de\/spring-series-led-industrial-flood-light.html","og_locale":"de_DE","og_type":"article","og_title":"SPRING Serie Flutlicht 10W - 400W &#8211; ZHL Lichtgruppe","og_description":"Flutlichter der Spring-Serie modernste Technologie, robuste Konstruktion und vielseitige Funktionen, um Au\u00dfenbereiche mit un\u00fcbertroffener Effizienz und Zuverl\u00e4ssigkeit zu beleuchten.","og_url":"https:\/\/www.zhgdled.com\/de\/spring-series-led-industrial-flood-light.html","og_site_name":"ZHL Lichtgruppe","article_publisher":"https:\/\/www.facebook.com\/zhllightinggroup","article_modified_time":"2024-03-26T06:08:21+00:00","og_image":[{"width":1600,"height":1600,"url":"https:\/\/www.zhgdled.com\/wp-content\/uploads\/2021\/10\/26.png","type":"image\/png"}],"twitter_card":"summary_large_image","twitter_site":"@zhl_lighting","twitter_misc":{"Gesch\u00e4tzte Lesezeit":"4\u00a0Minuten"},"schema":{"@context":"https:\/\/schema.org","@graph":[{"@type":"WebPage","@id":"https:\/\/www.zhgdled.com\/de\/spring-series-led-industrial-flood-light.html","url":"https:\/\/www.zhgdled.com\/de\/spring-series-led-industrial-flood-light.html","name":"SPRING Serie Flutlicht 10W - 400W &#8211; ZHL Lichtgruppe","isPartOf":{"@id":"https:\/\/www.zhgdled.com\/de\/#website"},"primaryImageOfPage":{"@id":"https:\/\/www.zhgdled.com\/de\/spring-series-led-industrial-flood-light.html#primaryimage"},"image":{"@id":"https:\/\/www.zhgdled.com\/de\/spring-series-led-industrial-flood-light.html#primaryimage"},"thumbnailUrl":"https:\/\/www.zhgdled.com\/wp-content\/uploads\/2021\/10\/26.png","datePublished":"2023-08-21T01:52:15+00:00","dateModified":"2024-03-26T06:08:21+00:00","description":"Flutlichter der Spring-Serie modernste Technologie, robuste Konstruktion und vielseitige Funktionen, um Au\u00dfenbereiche mit un\u00fcbertroffener Effizienz und Zuverl\u00e4ssigkeit zu beleuchten.","breadcrumb":{"@id":"https:\/\/www.zhgdled.com\/de\/spring-series-led-industrial-flood-light.html#breadcrumb"},"inLanguage":"de","potentialAction":[{"@type":"ReadAction","target":["https:\/\/www.zhgdled.com\/de\/spring-series-led-industrial-flood-light.html"]}]},{"@type":"ImageObject","inLanguage":"de","@id":"https:\/\/www.zhgdled.com\/de\/spring-series-led-industrial-flood-light.html#primaryimage","url":"https:\/\/www.zhgdled.com\/wp-content\/uploads\/2021\/10\/26.png","contentUrl":"https:\/\/www.zhgdled.com\/wp-content\/uploads\/2021\/10\/26.png","width":1600,"height":1600,"caption":"Industrielle Scheinwerfer"},{"@type":"BreadcrumbList","@id":"https:\/\/www.zhgdled.com\/de\/spring-series-led-industrial-flood-light.html#breadcrumb","itemListElement":[{"@type":"ListItem","position":1,"name":"Home","item":"https:\/\/www.zhgdled.com\/de"},{"@type":"ListItem","position":2,"name":"PRODUCTS","item":"https:\/\/www.zhgdled.com\/zhl-products.html"},{"@type":"ListItem","position":3,"name":"SPRING Serie Flutlicht 10W &#8211; 400W"}]},{"@type":"WebSite","@id":"https:\/\/www.zhgdled.com\/de\/#website","url":"https:\/\/www.zhgdled.com\/de\/","name":"ZHL Lichtgruppe","description":"Top ranking industrial lighting manufacturer and exporter","publisher":{"@id":"https:\/\/www.zhgdled.com\/de\/#organization"},"potentialAction":[{"@type":"SearchAction","target":{"@type":"EntryPoint","urlTemplate":"https:\/\/www.zhgdled.com\/de\/?s={search_term_string}"},"query-input":{"@type":"PropertyValueSpecification","valueRequired":true,"valueName":"search_term_string"}}],"inLanguage":"de"},{"@type":"Organization","@id":"https:\/\/www.zhgdled.com\/de\/#organization","name":"ZHL Lighting Group","url":"https:\/\/www.zhgdled.com\/de\/","logo":{"@type":"ImageObject","inLanguage":"de","@id":"https:\/\/www.zhgdled.com\/de\/#\/schema\/logo\/image\/","url":"","contentUrl":"","caption":"ZHL Lighting Group"},"image":{"@id":"https:\/\/www.zhgdled.com\/de\/#\/schema\/logo\/image\/"},"sameAs":["https:\/\/www.facebook.com\/zhllightinggroup","https:\/\/x.com\/zhl_lighting"]}]}},"_links":{"self":[{"href":"https:\/\/www.zhgdled.com\/de\/wp-json\/wp\/v2\/product\/21703","targetHints":{"allow":["GET"]}}],"collection":[{"href":"https:\/\/www.zhgdled.com\/de\/wp-json\/wp\/v2\/product"}],"about":[{"href":"https:\/\/www.zhgdled.com\/de\/wp-json\/wp\/v2\/types\/product"}],"wp:featuredmedia":[{"embeddable":true,"href":"https:\/\/www.zhgdled.com\/de\/wp-json\/wp\/v2\/media\/13527"}],"wp:attachment":[{"href":"https:\/\/www.zhgdled.com\/de\/wp-json\/wp\/v2\/media?parent=21703"}],"wp:term":[{"taxonomy":"product_brand","embeddable":true,"href":"https:\/\/www.zhgdled.com\/de\/wp-json\/wp\/v2\/product_brand?post=21703"},{"taxonomy":"product_cat","embeddable":true,"href":"https:\/\/www.zhgdled.com\/de\/wp-json\/wp\/v2\/product_cat?post=21703"},{"taxonomy":"product_tag","embeddable":true,"href":"https:\/\/www.zhgdled.com\/de\/wp-json\/wp\/v2\/product_tag?post=21703"}],"curies":[{"name":"wp","href":"https:\/\/api.w.org\/{rel}","templated":true}]}}