{"id":22380,"date":"2023-10-24T07:21:44","date_gmt":"2023-08-27T23:21:44","guid":{"rendered":"https:\/\/www.zhgdled.com\/product\/superb-series-solar-flood-light"},"modified":"2023-12-26T10:36:40","modified_gmt":"2023-12-26T02:36:40","slug":"superb-series-solar-flood-light","status":"publish","type":"product","link":"https:\/\/www.zhgdled.com\/de\/apollo-series-solar-flood-light.html","title":{"rendered":"APOLLO SERIE LED Solar Flutlicht"},"content":{"rendered":"<h2><img decoding=\"async\" class=\"alignnone size-full wp-image-22363\" src=\"https:\/\/www.zhgdled.com\/wp-content\/uploads\/2023\/08\/20230829110548-1.jpg\" alt=\"\" width=\"1105\" height=\"511\" srcset=\"https:\/\/www.zhgdled.com\/wp-content\/uploads\/2023\/08\/20230829110548-1.jpg 1105w, https:\/\/www.zhgdled.com\/wp-content\/uploads\/2023\/08\/20230829110548-1-300x139.jpg 300w, https:\/\/www.zhgdled.com\/wp-content\/uploads\/2023\/08\/20230829110548-1-1024x474.jpg 1024w, https:\/\/www.zhgdled.com\/wp-content\/uploads\/2023\/08\/20230829110548-1-768x355.jpg 768w, https:\/\/www.zhgdled.com\/wp-content\/uploads\/2023\/08\/20230829110548-1-600x277.jpg 600w, https:\/\/www.zhgdled.com\/wp-content\/uploads\/2023\/08\/20230829110548-1-150x69.jpg 150w\" sizes=\"(max-width: 1105px) 100vw, 1105px\" \/><\/h2>\n<h2>SOLARFLUTLICHTER DER APOLLO-SERIE F\u00dcR DEN AUSSENBEREICH VERF\u00dcGEN \u00dcBER HOHE LICHTEFFIZIENZ UND LADESTATUSANZEIGE<\/h2>\n<ul>\n<li class=\"a-spacing-mini\">Superhelle Beleuchtung: Die APOLLO-Serie verf\u00fcgt \u00fcber eine hochwertige LED mit bis zu 300 W, die atemberaubende 2000 Lumen 6500.000 tageslichtwei\u00dfes Licht liefert und eine Fl\u00e4che von \u00fcber 250 Quadratmetern beleuchtet, was sie ideal f\u00fcr gro\u00dfe Au\u00dfenbereiche macht.<\/li>\n<li class=\"a-spacing-mini\">Kosteng\u00fcnstig und umweltfreundlich: Da keine Stromkosten anfallen, wird dieser Solarfluter vollst\u00e4ndig von der Sonne gespeist und erm\u00f6glicht eine kabellose Installation, sodass Sie Energiekosten sparen und gleichzeitig Ihren CO2-Fu\u00dfabdruck reduzieren k\u00f6nnen.<\/li>\n<li class=\"a-spacing-mini\">Das Solarflutlicht f\u00fcr den Au\u00dfenbereich der APOLLO-Serie besteht aus einer Aluminiumlegierung und geh\u00e4rtetem Glas und ist langlebig. Solar-Flutlichter f\u00fcr den Au\u00dfenbereich sind mit 5 V 12 Watt Solar-Photovoltaik-Modulen ausgestattet. 256 LED-Perlen mit optischer Linse und 6500 K wei\u00dfe Lichter k\u00f6nnen den gro\u00dfen offenen Bereich beleuchten. Im Lieferumfang ist eine Fernbedienung zur Steuerung der Helligkeit und zum Ein-\/Ausschalten enthalten.<\/li>\n<\/ul>\n<h2>Das universelle Hochleistungs-Solar-Flutlicht f\u00fcr gewerbliche Zwecke liefert eine helle, langlebige und zuverl\u00e4ssige Beleuchtung und ist ideal f\u00fcr die Aufrechterhaltung der Alltags- oder Notbeleuchtung in Wohn- und Gesch\u00e4ftsr\u00e4umen.<\/h2>\n<ul>\n<li>Zu den Wohnanwendungen geh\u00f6ren das Haus, die Garage, der Garten, Veranden, Terrassen, Balkone und Veranden, Seiten- und Hinterhofg\u00e4nge, Auffahrten, Treppen, Eingangsbereiche, Wege, Z\u00e4une usw.<\/li>\n<li>Die kommerzielle Anwendung ist nicht auf Industrie- und Gesch\u00e4ftsr\u00e4ume beschr\u00e4nkt, einschlie\u00dflich Lagerhallen, Parkpl\u00e4tze, Caf\u00e9s, Hotels, Kohle- und Eisenerzminen, landwirtschaftliche Felder, Bau- und Baustellen, Stra\u00dfenarbeiten usw.<\/li>\n<li>Anwendbar zur Beleuchtung \u00f6ffentlicher Bereiche wie Parks, Parkpl\u00e4tze, Stra\u00dfen, Wege, Spielpl\u00e4tze usw.<\/li>\n<\/ul>\n<h2>Hauptmerkmale<\/h2>\n<p>1. Verschiedene Abstrahlwinkel verf\u00fcgbar: 30\u00b0\/60\u00b0\/90\u00b0\/120\u00b0\/ 60\u00b0*145\u00b0 (T2-M)<br \/>\n2. Hauptkomponenten schnell austauschbar: Batterie, PCBA, Linse<br \/>\n3. Lichtsteuerung + Zeitsteuerung + automatische Energiesparfunktion<br \/>\n4. Das Display kann das Ladeverh\u00e4ltnis in Echtzeit anzeigen<br \/>\n5. 13 Stunden Dauerbeleuchtung, 1-2 Regentage<br \/>\n6. Robuster Druckguss-K\u00fchlk\u00f6rper, doppelschichtiges, UV-best\u00e4ndiges und wasserdichtes Design aus Linse und geh\u00e4rtetem Glas.<\/p>\n<blockquote><p>&nbsp;<\/p><\/blockquote>\n<h2>SPEZIFIKATION<\/h2>\n<table width=\"768\">\n<tbody>\n<tr>\n<td width=\"164\">Wattzahl<\/td>\n<td width=\"214\">50W 100W 200W 300W<\/td>\n<td width=\"145\"><\/td>\n<\/tr>\n<tr>\n<td width=\"164\">Lichtstrom<\/td>\n<td width=\"214\">600lm, 960lm, 1560lm, 2040lm<\/td>\n<td width=\"145\"><\/td>\n<\/tr>\n<tr>\n<td width=\"164\"><strong>Chip<\/strong><\/td>\n<td colspan=\"2\" width=\"360\">Osram 2835<\/td>\n<\/tr>\n<tr>\n<td width=\"164\">Farbtemperatur (CCT)<\/td>\n<td colspan=\"2\" width=\"360\">2700-3200K 4000-4500K 6000-7000K<\/td>\n<\/tr>\n<tr>\n<td width=\"164\"><strong>CRI<\/strong><\/td>\n<td colspan=\"2\" width=\"360\">\u226580<\/td>\n<\/tr>\n<tr>\n<td width=\"164\">Beleuchtungsbereich<\/td>\n<td colspan=\"2\" width=\"360\">30\u33a1-250\u33a1<\/td>\n<\/tr>\n<tr>\n<td width=\"164\">Sonnenkollektor<\/td>\n<td colspan=\"2\" width=\"360\">Polysilicon 6V\/6W-80W<\/td>\n<\/tr>\n<tr>\n<td width=\"164\">Batterie<\/td>\n<td colspan=\"2\" width=\"360\">32700 Lithium iron phosphate battery 5AH-25AH\/3.7V<\/td>\n<\/tr>\n<\/tbody>\n<\/table>\n<p><a href=\"https:\/\/solartown.com\/learning\/solar-lights-and-garden\/usage-tips-for-outdoor-solar-lights\/\" target=\"_blank\" rel=\"nofollow noopener\">Usage tips for outdoor solar lights &gt;&gt;<\/a><\/p>\n<p>&nbsp;<\/p>\n<p><img decoding=\"async\" class=\"alignnone size-full wp-image-22318\" src=\"https:\/\/www.zhgdled.com\/wp-content\/uploads\/2023\/08\/20230829110352.png\" alt=\"\" width=\"1305\" height=\"247\" srcset=\"https:\/\/www.zhgdled.com\/wp-content\/uploads\/2023\/08\/20230829110352.png 1305w, https:\/\/www.zhgdled.com\/wp-content\/uploads\/2023\/08\/20230829110352-300x57.png 300w, https:\/\/www.zhgdled.com\/wp-content\/uploads\/2023\/08\/20230829110352-1024x194.png 1024w, https:\/\/www.zhgdled.com\/wp-content\/uploads\/2023\/08\/20230829110352-768x145.png 768w, https:\/\/www.zhgdled.com\/wp-content\/uploads\/2023\/08\/20230829110352-600x114.png 600w, https:\/\/www.zhgdled.com\/wp-content\/uploads\/2023\/08\/20230829110352-150x28.png 150w\" sizes=\"(max-width: 1305px) 100vw, 1305px\" \/><\/p>\n","protected":false},"excerpt":{"rendered":"<p>Die APOLLO-Serie verf\u00fcgt \u00fcber eine hochwertige LED mit bis zu 300 W, die atemberaubende 2000 Lumen 6500k tageslichtwei\u00dfes Licht liefert und eine Fl\u00e4che von \u00fcber 250 Quadratmetern beleuchtet, was sie ideal f\u00fcr gro\u00dfe Au\u00dfenbereiche macht. Kosteng\u00fcnstig und umweltfreundlich: Da keine Stromkosten anfallen, wird dieser Solarfluter vollst\u00e4ndig von der Sonne gespeist und erm\u00f6glicht eine kabellose Installation, sodass Sie Energiekosten sparen und gleichzeitig Ihren CO2-Fu\u00dfabdruck reduzieren k\u00f6nnen. Das Solarflutlicht f\u00fcr den Au\u00dfenbereich der APOLLO-Serie besteht aus einer Aluminiumlegierung und geh\u00e4rtetem Glas und ist langlebig. Solar-Flutlichter f\u00fcr den Au\u00dfenbereich sind mit 5 V 12 Watt Solar-Photovoltaik-Modulen ausgestattet, 256 LED-Perlen mit optischer Linse und 6500 K wei\u00dfen Lichtern k\u00f6nnen den Bereich mit bis zu 3600 Lumen beleuchten.<\/p>\n<p>&nbsp;<\/p>\n<p>50W\/100W\/200W\/300W<br \/>\n600lm &#8211; 2040lm<br \/>\nOsram 2835<br \/>\nFarbtemperatur: 2700\u20133200 K, 4000\u20134500 K, 6000\u20137000 K<br \/>\nBeleuchtungsbereich: 30\u33a1-250\u33a1<\/p>\n","protected":false},"featured_media":24254,"template":"","meta":[],"product_brand":[],"product_cat":[635],"product_tag":[449],"class_list":{"0":"post-22380","1":"product","2":"type-product","3":"status-publish","4":"has-post-thumbnail","6":"product_cat-solarflutlichter","7":"product_tag-led-solar-flood-light-de","9":"first","10":"instock","11":"featured","12":"shipping-taxable","13":"product-type-simple"},"yoast_head":"<!-- This site is optimized with the Yoast SEO plugin v27.4 - https:\/\/yoast.com\/product\/yoast-seo-wordpress\/ -->\n<title>SOLAR FLOOD LIGHT OUTDOOR &#8211; ZHL Lichtgruppe<\/title>\n<meta name=\"description\" content=\"Die APOLLO-Serie verf\u00fcgt \u00fcber eine hochwertige LED mit bis zu 300 W, die atemberaubende 3.600 Lumen 6.500.000 tageslichtwei\u00dfes Licht liefert und eine Fl\u00e4che von \u00fcber 250 Quadratmetern beleuchtet, was sie ideal f\u00fcr gro\u00dfe Au\u00dfenbereiche macht.\" \/>\n<meta name=\"robots\" content=\"index, follow, max-snippet:-1, max-image-preview:large, max-video-preview:-1\" \/>\n<link rel=\"canonical\" href=\"https:\/\/www.zhgdled.com\/de\/apollo-series-solar-flood-light.html\" \/>\n<meta property=\"og:locale\" content=\"de_DE\" \/>\n<meta property=\"og:type\" content=\"article\" \/>\n<meta property=\"og:title\" content=\"SOLAR FLOOD LIGHT OUTDOOR &#8211; ZHL Lichtgruppe\" \/>\n<meta property=\"og:description\" content=\"Die APOLLO-Serie verf\u00fcgt \u00fcber eine hochwertige LED mit bis zu 300 W, die atemberaubende 3.600 Lumen 6.500.000 tageslichtwei\u00dfes Licht liefert und eine Fl\u00e4che von \u00fcber 250 Quadratmetern beleuchtet, was sie ideal f\u00fcr gro\u00dfe Au\u00dfenbereiche macht.\" \/>\n<meta property=\"og:url\" content=\"https:\/\/www.zhgdled.com\/de\/apollo-series-solar-flood-light.html\" \/>\n<meta property=\"og:site_name\" content=\"ZHL Lichtgruppe\" \/>\n<meta property=\"article:publisher\" content=\"https:\/\/www.facebook.com\/zhllightinggroup\" \/>\n<meta property=\"article:modified_time\" content=\"2023-12-26T02:36:40+00:00\" \/>\n<meta property=\"og:image\" content=\"https:\/\/www.zhgdled.com\/wp-content\/uploads\/2023\/08\/20230829092856_1.jpg\" \/>\n\t<meta property=\"og:image:width\" content=\"1600\" \/>\n\t<meta property=\"og:image:height\" content=\"1600\" \/>\n\t<meta property=\"og:image:type\" content=\"image\/jpeg\" \/>\n<meta name=\"twitter:card\" content=\"summary_large_image\" \/>\n<meta name=\"twitter:site\" content=\"@zhl_lighting\" \/>\n<meta name=\"twitter:label1\" content=\"Gesch\u00e4tzte Lesezeit\" \/>\n\t<meta name=\"twitter:data1\" content=\"3\u00a0Minuten\" \/>\n<script type=\"application\/ld+json\" class=\"yoast-schema-graph\">{\"@context\":\"https:\\\/\\\/schema.org\",\"@graph\":[{\"@type\":\"WebPage\",\"@id\":\"https:\\\/\\\/www.zhgdled.com\\\/de\\\/apollo-series-solar-flood-light.html\",\"url\":\"https:\\\/\\\/www.zhgdled.com\\\/de\\\/apollo-series-solar-flood-light.html\",\"name\":\"SOLAR FLOOD LIGHT OUTDOOR &#8211; ZHL Lichtgruppe\",\"isPartOf\":{\"@id\":\"https:\\\/\\\/www.zhgdled.com\\\/de\\\/#website\"},\"primaryImageOfPage\":{\"@id\":\"https:\\\/\\\/www.zhgdled.com\\\/de\\\/apollo-series-solar-flood-light.html#primaryimage\"},\"image\":{\"@id\":\"https:\\\/\\\/www.zhgdled.com\\\/de\\\/apollo-series-solar-flood-light.html#primaryimage\"},\"thumbnailUrl\":\"https:\\\/\\\/www.zhgdled.com\\\/wp-content\\\/uploads\\\/2023\\\/10\\\/01.jpg\",\"datePublished\":\"2023-08-27T23:21:44+00:00\",\"dateModified\":\"2023-12-26T02:36:40+00:00\",\"description\":\"Die APOLLO-Serie verf\u00fcgt \u00fcber eine hochwertige LED mit bis zu 300 W, die atemberaubende 3.600 Lumen 6.500.000 tageslichtwei\u00dfes Licht liefert und eine Fl\u00e4che von \u00fcber 250 Quadratmetern beleuchtet, was sie ideal f\u00fcr gro\u00dfe Au\u00dfenbereiche macht.\",\"breadcrumb\":{\"@id\":\"https:\\\/\\\/www.zhgdled.com\\\/de\\\/apollo-series-solar-flood-light.html#breadcrumb\"},\"inLanguage\":\"de\",\"potentialAction\":[{\"@type\":\"ReadAction\",\"target\":[\"https:\\\/\\\/www.zhgdled.com\\\/de\\\/apollo-series-solar-flood-light.html\"]}]},{\"@type\":\"ImageObject\",\"inLanguage\":\"de\",\"@id\":\"https:\\\/\\\/www.zhgdled.com\\\/de\\\/apollo-series-solar-flood-light.html#primaryimage\",\"url\":\"https:\\\/\\\/www.zhgdled.com\\\/wp-content\\\/uploads\\\/2023\\\/10\\\/01.jpg\",\"contentUrl\":\"https:\\\/\\\/www.zhgdled.com\\\/wp-content\\\/uploads\\\/2023\\\/10\\\/01.jpg\",\"width\":1600,\"height\":1600,\"caption\":\"solar floodlight\"},{\"@type\":\"BreadcrumbList\",\"@id\":\"https:\\\/\\\/www.zhgdled.com\\\/de\\\/apollo-series-solar-flood-light.html#breadcrumb\",\"itemListElement\":[{\"@type\":\"ListItem\",\"position\":1,\"name\":\"Home\",\"item\":\"https:\\\/\\\/www.zhgdled.com\\\/de\"},{\"@type\":\"ListItem\",\"position\":2,\"name\":\"PRODUCTS\",\"item\":\"https:\\\/\\\/www.zhgdled.com\\\/zhl-products.html\"},{\"@type\":\"ListItem\",\"position\":3,\"name\":\"APOLLO SERIE LED Solar Flutlicht\"}]},{\"@type\":\"WebSite\",\"@id\":\"https:\\\/\\\/www.zhgdled.com\\\/de\\\/#website\",\"url\":\"https:\\\/\\\/www.zhgdled.com\\\/de\\\/\",\"name\":\"ZHL Lichtgruppe\",\"description\":\"Top ranking industrial lighting manufacturer and exporter\",\"publisher\":{\"@id\":\"https:\\\/\\\/www.zhgdled.com\\\/de\\\/#organization\"},\"potentialAction\":[{\"@type\":\"SearchAction\",\"target\":{\"@type\":\"EntryPoint\",\"urlTemplate\":\"https:\\\/\\\/www.zhgdled.com\\\/de\\\/?s={search_term_string}\"},\"query-input\":{\"@type\":\"PropertyValueSpecification\",\"valueRequired\":true,\"valueName\":\"search_term_string\"}}],\"inLanguage\":\"de\"},{\"@type\":\"Organization\",\"@id\":\"https:\\\/\\\/www.zhgdled.com\\\/de\\\/#organization\",\"name\":\"ZHL Lighting Group\",\"url\":\"https:\\\/\\\/www.zhgdled.com\\\/de\\\/\",\"logo\":{\"@type\":\"ImageObject\",\"inLanguage\":\"de\",\"@id\":\"https:\\\/\\\/www.zhgdled.com\\\/de\\\/#\\\/schema\\\/logo\\\/image\\\/\",\"url\":\"\",\"contentUrl\":\"\",\"caption\":\"ZHL Lighting Group\"},\"image\":{\"@id\":\"https:\\\/\\\/www.zhgdled.com\\\/de\\\/#\\\/schema\\\/logo\\\/image\\\/\"},\"sameAs\":[\"https:\\\/\\\/www.facebook.com\\\/zhllightinggroup\",\"https:\\\/\\\/x.com\\\/zhl_lighting\"]}]}<\/script>\n<!-- \/ Yoast SEO plugin. -->","yoast_head_json":{"title":"SOLAR FLOOD LIGHT OUTDOOR &#8211; ZHL Lichtgruppe","description":"Die APOLLO-Serie verf\u00fcgt \u00fcber eine hochwertige LED mit bis zu 300 W, die atemberaubende 3.600 Lumen 6.500.000 tageslichtwei\u00dfes Licht liefert und eine Fl\u00e4che von \u00fcber 250 Quadratmetern beleuchtet, was sie ideal f\u00fcr gro\u00dfe Au\u00dfenbereiche macht.","robots":{"index":"index","follow":"follow","max-snippet":"max-snippet:-1","max-image-preview":"max-image-preview:large","max-video-preview":"max-video-preview:-1"},"canonical":"https:\/\/www.zhgdled.com\/de\/apollo-series-solar-flood-light.html","og_locale":"de_DE","og_type":"article","og_title":"SOLAR FLOOD LIGHT OUTDOOR &#8211; ZHL Lichtgruppe","og_description":"Die APOLLO-Serie verf\u00fcgt \u00fcber eine hochwertige LED mit bis zu 300 W, die atemberaubende 3.600 Lumen 6.500.000 tageslichtwei\u00dfes Licht liefert und eine Fl\u00e4che von \u00fcber 250 Quadratmetern beleuchtet, was sie ideal f\u00fcr gro\u00dfe Au\u00dfenbereiche macht.","og_url":"https:\/\/www.zhgdled.com\/de\/apollo-series-solar-flood-light.html","og_site_name":"ZHL Lichtgruppe","article_publisher":"https:\/\/www.facebook.com\/zhllightinggroup","article_modified_time":"2023-12-26T02:36:40+00:00","og_image":[{"width":1600,"height":1600,"url":"https:\/\/www.zhgdled.com\/wp-content\/uploads\/2023\/08\/20230829092856_1.jpg","type":"image\/jpeg"}],"twitter_card":"summary_large_image","twitter_site":"@zhl_lighting","twitter_misc":{"Gesch\u00e4tzte Lesezeit":"3\u00a0Minuten"},"schema":{"@context":"https:\/\/schema.org","@graph":[{"@type":"WebPage","@id":"https:\/\/www.zhgdled.com\/de\/apollo-series-solar-flood-light.html","url":"https:\/\/www.zhgdled.com\/de\/apollo-series-solar-flood-light.html","name":"SOLAR FLOOD LIGHT OUTDOOR &#8211; ZHL Lichtgruppe","isPartOf":{"@id":"https:\/\/www.zhgdled.com\/de\/#website"},"primaryImageOfPage":{"@id":"https:\/\/www.zhgdled.com\/de\/apollo-series-solar-flood-light.html#primaryimage"},"image":{"@id":"https:\/\/www.zhgdled.com\/de\/apollo-series-solar-flood-light.html#primaryimage"},"thumbnailUrl":"https:\/\/www.zhgdled.com\/wp-content\/uploads\/2023\/10\/01.jpg","datePublished":"2023-08-27T23:21:44+00:00","dateModified":"2023-12-26T02:36:40+00:00","description":"Die APOLLO-Serie verf\u00fcgt \u00fcber eine hochwertige LED mit bis zu 300 W, die atemberaubende 3.600 Lumen 6.500.000 tageslichtwei\u00dfes Licht liefert und eine Fl\u00e4che von \u00fcber 250 Quadratmetern beleuchtet, was sie ideal f\u00fcr gro\u00dfe Au\u00dfenbereiche macht.","breadcrumb":{"@id":"https:\/\/www.zhgdled.com\/de\/apollo-series-solar-flood-light.html#breadcrumb"},"inLanguage":"de","potentialAction":[{"@type":"ReadAction","target":["https:\/\/www.zhgdled.com\/de\/apollo-series-solar-flood-light.html"]}]},{"@type":"ImageObject","inLanguage":"de","@id":"https:\/\/www.zhgdled.com\/de\/apollo-series-solar-flood-light.html#primaryimage","url":"https:\/\/www.zhgdled.com\/wp-content\/uploads\/2023\/10\/01.jpg","contentUrl":"https:\/\/www.zhgdled.com\/wp-content\/uploads\/2023\/10\/01.jpg","width":1600,"height":1600,"caption":"solar floodlight"},{"@type":"BreadcrumbList","@id":"https:\/\/www.zhgdled.com\/de\/apollo-series-solar-flood-light.html#breadcrumb","itemListElement":[{"@type":"ListItem","position":1,"name":"Home","item":"https:\/\/www.zhgdled.com\/de"},{"@type":"ListItem","position":2,"name":"PRODUCTS","item":"https:\/\/www.zhgdled.com\/zhl-products.html"},{"@type":"ListItem","position":3,"name":"APOLLO SERIE LED Solar Flutlicht"}]},{"@type":"WebSite","@id":"https:\/\/www.zhgdled.com\/de\/#website","url":"https:\/\/www.zhgdled.com\/de\/","name":"ZHL Lichtgruppe","description":"Top ranking industrial lighting manufacturer and exporter","publisher":{"@id":"https:\/\/www.zhgdled.com\/de\/#organization"},"potentialAction":[{"@type":"SearchAction","target":{"@type":"EntryPoint","urlTemplate":"https:\/\/www.zhgdled.com\/de\/?s={search_term_string}"},"query-input":{"@type":"PropertyValueSpecification","valueRequired":true,"valueName":"search_term_string"}}],"inLanguage":"de"},{"@type":"Organization","@id":"https:\/\/www.zhgdled.com\/de\/#organization","name":"ZHL Lighting Group","url":"https:\/\/www.zhgdled.com\/de\/","logo":{"@type":"ImageObject","inLanguage":"de","@id":"https:\/\/www.zhgdled.com\/de\/#\/schema\/logo\/image\/","url":"","contentUrl":"","caption":"ZHL Lighting Group"},"image":{"@id":"https:\/\/www.zhgdled.com\/de\/#\/schema\/logo\/image\/"},"sameAs":["https:\/\/www.facebook.com\/zhllightinggroup","https:\/\/x.com\/zhl_lighting"]}]}},"_links":{"self":[{"href":"https:\/\/www.zhgdled.com\/de\/wp-json\/wp\/v2\/product\/22380","targetHints":{"allow":["GET"]}}],"collection":[{"href":"https:\/\/www.zhgdled.com\/de\/wp-json\/wp\/v2\/product"}],"about":[{"href":"https:\/\/www.zhgdled.com\/de\/wp-json\/wp\/v2\/types\/product"}],"wp:featuredmedia":[{"embeddable":true,"href":"https:\/\/www.zhgdled.com\/de\/wp-json\/wp\/v2\/media\/24254"}],"wp:attachment":[{"href":"https:\/\/www.zhgdled.com\/de\/wp-json\/wp\/v2\/media?parent=22380"}],"wp:term":[{"taxonomy":"product_brand","embeddable":true,"href":"https:\/\/www.zhgdled.com\/de\/wp-json\/wp\/v2\/product_brand?post=22380"},{"taxonomy":"product_cat","embeddable":true,"href":"https:\/\/www.zhgdled.com\/de\/wp-json\/wp\/v2\/product_cat?post=22380"},{"taxonomy":"product_tag","embeddable":true,"href":"https:\/\/www.zhgdled.com\/de\/wp-json\/wp\/v2\/product_tag?post=22380"}],"curies":[{"name":"wp","href":"https:\/\/api.w.org\/{rel}","templated":true}]}}