{"id":22624,"date":"2024-03-23T14:03:04","date_gmt":"2023-09-05T06:03:04","guid":{"rendered":"https:\/\/www.zhgdled.com\/product\/led-solar-garden-post-top-lights"},"modified":"2023-09-09T08:37:35","modified_gmt":"2023-09-09T00:37:35","slug":"led-solar-garden-post-top-lights","status":"publish","type":"product","link":"https:\/\/www.zhgdled.com\/de\/led-solar-garden-post-top-lights.html","title":{"rendered":"LED Solar Gartenmastleuchten"},"content":{"rendered":"<blockquote>\n<h2>Gehen Sie bei Solarleuchten f\u00fcr den Au\u00dfenbereich mit intelligenter Steuerung noch einen Schritt weiter!<\/h2>\n<\/blockquote>\n<table style=\"border-collapse: collapse; width: 955px; height: 351px;\" border=\"0\" width=\"177\" cellspacing=\"0\" cellpadding=\"0\">\n<tbody>\n<tr style=\"height: 23.10pt;\">\n<td class=\"et4\" style=\"height: 23.10pt; width: 79.40pt;\" align=\"right\" width=\"105\" height=\"30\">\n<h2 style=\"text-align: left;\">H\u00f6hepunkte<\/h2>\n<ul style=\"text-align: left;\">\n<li>Korrosionsbest\u00e4ndiges, robustes Geh\u00e4use aus Aluminiumdruckguss<\/li>\n<li>Ein neues polykristallines Silizium-Solarpanel ist in einem wasserdichten Lampenk\u00f6rper untergebracht.<\/li>\n<li>80+ CRI<\/li>\n<li>2700K &#8211; 65000K Farbtemperatur<\/li>\n<li>UL- und CUL-gelistet f\u00fcr Nassbereiche<\/li>\n<li>50\u201380 % Energieeinsparung<\/li>\n<li>5 Jahre Garantie<\/li>\n<li>Sowohl Sensoren als auch Fernbedienung sind verf\u00fcgbar.<\/li>\n<\/ul>\n<\/td>\n<td style=\"width: 54pt; text-align: left;\" align=\"right\" width=\"72\">\n<h2>Geh\u00e4use<\/h2>\n<ul>\n<li>Robustes Druckgussgeh\u00e4use mit integriertem K\u00fchlk\u00f6rper<\/li>\n<li>UV-best\u00e4ndige, mehrschichtige Architekturfarbe mit bronzefarbener Pulverbeschichtung<\/li>\n<li>Fotozelle anpassbar<\/li>\n<li>Abnehmbare Stangenhalterung f\u00fcr einfachen Kabelzugang<\/li>\n<li>Spritzgegossene UV-Polycarbonatlinse<\/li>\n<li>2-3\/8&#8243; Pfostenaufs\u00e4tze oder Zapfen-Slipfits<\/li>\n<li>Integriertes wasserdichtes Solarpanel auf der Oberseite<\/li>\n<\/ul>\n<\/td>\n<\/tr>\n<\/tbody>\n<\/table>\n<div class=\"J_module\">\n<div class=\"grid__item one-third tab-one-half palm-one-whole\"><\/div>\n<\/div>\n<table style=\"height: 958px;\" width=\"954\">\n<tbody>\n<tr>\n<td width=\"284\">\n<h3>Technische Spezifikationen<\/h3>\n<ul>\n<li id=\"ali-anchor-AliMagic-s5qei7\" class=\"magic-0\" data-section=\"AliMagic-s5qei7\" data-section-title=\"Product Description\" data-spm-anchor-id=\"a2700.details.0.i20.2d8a1a34X1y9Gb\">IP 66, CE ERC ETL CB zertifiziert.<\/li>\n<li class=\"magic-0\" data-section=\"AliMagic-s5qei7\" data-section-title=\"Product Description\" data-spm-anchor-id=\"a2700.details.0.i20.2d8a1a34X1y9Gb\">Leistung: 20W<\/li>\n<li class=\"magic-0\" data-section=\"AliMagic-s5qei7\" data-section-title=\"Product Description\" data-spm-anchor-id=\"a2700.details.0.i20.2d8a1a34X1y9Gb\">Lichtquelle: SMD2835 \/ SMD3030<\/li>\n<li class=\"magic-0\" data-section=\"AliMagic-s5qei7\" data-section-title=\"Product Description\" data-spm-anchor-id=\"a2700.details.0.i20.2d8a1a34X1y9Gb\">Lichtausbeute: 170Lm\/W<\/li>\n<li class=\"magic-0\" data-section=\"AliMagic-s5qei7\" data-section-title=\"Product Description\" data-spm-anchor-id=\"a2700.details.0.i20.2d8a1a34X1y9Gb\">Abstrahlwinkel: 60\u00b0, 90\u00b0, 120\u00b0<\/li>\n<li class=\"magic-0\" data-section=\"AliMagic-s5qei7\" data-section-title=\"Product Description\" data-spm-anchor-id=\"a2700.details.0.i20.2d8a1a34X1y9Gb\">Lebensdauer: &gt; 50000 Stunden<\/li>\n<li class=\"magic-0\" data-section=\"AliMagic-s5qei7\" data-section-title=\"Product Description\" data-spm-anchor-id=\"a2700.details.0.i20.2d8a1a34X1y9Gb\">Installationsh\u00f6he: 3-6m<\/li>\n<li class=\"magic-0\" data-section=\"AliMagic-s5qei7\" data-section-title=\"Product Description\" data-spm-anchor-id=\"a2700.details.0.i20.2d8a1a34X1y9Gb\">CCT: 3000\u20135000 K<\/li>\n<li class=\"magic-0\" data-section=\"AliMagic-s5qei7\" data-section-title=\"Product Description\" data-spm-anchor-id=\"a2700.details.0.i20.2d8a1a34X1y9Gb\">Material: Aluminiumgeh\u00e4use, PC-Linse<\/li>\n<\/ul>\n<\/td>\n<td width=\"284\"><img decoding=\"async\" class=\" wp-image-20645\" src=\"https:\/\/www.zhgdled.com\/wp-content\/uploads\/2023\/06\/20230613134637.jpg\" alt=\"solar post top light 1\" width=\"529\" height=\"491\" srcset=\"https:\/\/www.zhgdled.com\/wp-content\/uploads\/2023\/06\/20230613134637.jpg 688w, https:\/\/www.zhgdled.com\/wp-content\/uploads\/2023\/06\/20230613134637-300x279.jpg 300w, https:\/\/www.zhgdled.com\/wp-content\/uploads\/2023\/06\/20230613134637-600x557.jpg 600w, https:\/\/www.zhgdled.com\/wp-content\/uploads\/2023\/06\/20230613134637-150x139.jpg 150w\" sizes=\"(max-width: 529px) 100vw, 529px\" \/><\/td>\n<\/tr>\n<tr>\n<td width=\"284\">\n<h3>MERKMALE<\/h3>\n<ul>\n<li>Verschiedene Formen, klassisch und elegant, bequeme Installation und Wartung;<\/li>\n<li>Angemessene Struktur, niedrige Betriebs- und Wartungskosten.<\/li>\n<li>Bis zu 170 Lm\/W, kompatibel mit intelligentem Steuerungssystem, geeignet f\u00fcr Wohngebiete, malerische Gebiete, Parks, Stadtpl\u00e4tze, private G\u00e4rten, Innenh\u00f6fe, Korridore und andere \u00f6ffentliche Orte.<\/li>\n<\/ul>\n<\/td>\n<td width=\"284\"><img decoding=\"async\" class=\"alignnone size-full wp-image-20655\" src=\"https:\/\/www.zhgdled.com\/wp-content\/uploads\/2023\/06\/20230613135110.jpg\" alt=\"solar post top light 2\" width=\"715\" height=\"681\" srcset=\"https:\/\/www.zhgdled.com\/wp-content\/uploads\/2023\/06\/20230613135110.jpg 715w, https:\/\/www.zhgdled.com\/wp-content\/uploads\/2023\/06\/20230613135110-300x286.jpg 300w, https:\/\/www.zhgdled.com\/wp-content\/uploads\/2023\/06\/20230613135110-600x571.jpg 600w, https:\/\/www.zhgdled.com\/wp-content\/uploads\/2023\/06\/20230613135110-150x143.jpg 150w\" sizes=\"(max-width: 715px) 100vw, 715px\" \/><\/td>\n<\/tr>\n<\/tbody>\n<\/table>\n<h3>Download specs<\/h3>\n<p><a href=\"https:\/\/www.zhgdled.com\/download\/garden-post-top-light\">POST TOP LIGHT 2022\/10\/11<\/a><\/p>\n","protected":false},"excerpt":{"rendered":"<p>Wir haben einst der Gartenleuchte der ersten Generation ein modernistisches Aussehen verliehen, was sie zu einem hochakzeptierten industriellen Beleuchtungsprodukt auf dem Markt machte. Heute f\u00fcgen wir basierend auf TOP LIGHT wiederverwendbare Energieger\u00e4te und intelligente KI-Module hinzu, um h\u00f6here Energieeffizienzstandards und intelligente Anforderungen zu erf\u00fcllen.<\/p>\n<p>IP 66, CE ERC ETL CB zertifiziert.<br \/>\nLeistung: 20W<br \/>\nLichtquelle: SMD2835 \/ SMD3030<br \/>\nLichtausbeute: 170Lm\/W<br \/>\nAbstrahlwinkel: 60\u00b0, 90\u00b0, 120\u00b0<br \/>\nLebensdauer: &gt; 50000 Stunden<br \/>\nInstallationsh\u00f6he: 3-6m<br \/>\nCCT: 3000\u20135000 K<br \/>\nMaterial: Aluminiumgeh\u00e4use, PC-Linse<\/p>\n","protected":false},"featured_media":23923,"template":"","meta":[],"product_brand":[],"product_cat":[372],"product_tag":[],"class_list":{"0":"post-22624","1":"product","2":"type-product","3":"status-publish","4":"has-post-thumbnail","6":"product_cat-gartenlichter","8":"first","9":"instock","10":"featured","11":"shipping-taxable","12":"product-type-simple"},"yoast_head":"<!-- This site is optimized with the Yoast SEO plugin v27.4 - https:\/\/yoast.com\/product\/yoast-seo-wordpress\/ -->\n<title>LED Solar Gartenmastleuchten &#8211; ZHL Lichtgruppe<\/title>\n<meta name=\"description\" content=\"Solare Gartenbeleuchtung umfasst wiederverwendbare Energieger\u00e4te und intelligente Module f\u00fcr k\u00fcnstliche Intelligenz, um h\u00f6here Energieeffizienzstandards und intelligente Anforderungen zu erf\u00fcllen. Die solarbetriebene L\u00f6sung macht diese Leuchte wirklich kabellos und intelligent.\" \/>\n<meta name=\"robots\" content=\"index, follow, max-snippet:-1, max-image-preview:large, max-video-preview:-1\" \/>\n<link rel=\"canonical\" href=\"https:\/\/www.zhgdled.com\/de\/led-solar-garden-post-top-lights.html\" \/>\n<meta property=\"og:locale\" content=\"de_DE\" \/>\n<meta property=\"og:type\" content=\"article\" \/>\n<meta property=\"og:title\" content=\"LED Solar Gartenmastleuchten &#8211; ZHL Lichtgruppe\" \/>\n<meta property=\"og:description\" content=\"Solare Gartenbeleuchtung umfasst wiederverwendbare Energieger\u00e4te und intelligente Module f\u00fcr k\u00fcnstliche Intelligenz, um h\u00f6here Energieeffizienzstandards und intelligente Anforderungen zu erf\u00fcllen. Die solarbetriebene L\u00f6sung macht diese Leuchte wirklich kabellos und intelligent.\" \/>\n<meta property=\"og:url\" content=\"https:\/\/www.zhgdled.com\/de\/led-solar-garden-post-top-lights.html\" \/>\n<meta property=\"og:site_name\" content=\"ZHL Lichtgruppe\" \/>\n<meta property=\"article:publisher\" content=\"https:\/\/www.facebook.com\/zhllightinggroup\" \/>\n<meta property=\"article:modified_time\" content=\"2023-09-09T00:37:35+00:00\" \/>\n<meta property=\"og:image\" content=\"https:\/\/www.zhgdled.com\/wp-content\/uploads\/2023\/09\/04.png\" \/>\n\t<meta property=\"og:image:width\" content=\"1600\" \/>\n\t<meta property=\"og:image:height\" content=\"1600\" \/>\n\t<meta property=\"og:image:type\" content=\"image\/png\" \/>\n<meta name=\"twitter:card\" content=\"summary_large_image\" \/>\n<meta name=\"twitter:site\" content=\"@zhl_lighting\" \/>\n<meta name=\"twitter:label1\" content=\"Gesch\u00e4tzte Lesezeit\" \/>\n\t<meta name=\"twitter:data1\" content=\"2\u00a0Minuten\" \/>\n<script type=\"application\/ld+json\" class=\"yoast-schema-graph\">{\"@context\":\"https:\\\/\\\/schema.org\",\"@graph\":[{\"@type\":\"WebPage\",\"@id\":\"https:\\\/\\\/www.zhgdled.com\\\/de\\\/led-solar-garden-post-top-lights.html\",\"url\":\"https:\\\/\\\/www.zhgdled.com\\\/de\\\/led-solar-garden-post-top-lights.html\",\"name\":\"LED Solar Gartenmastleuchten &#8211; ZHL Lichtgruppe\",\"isPartOf\":{\"@id\":\"https:\\\/\\\/www.zhgdled.com\\\/de\\\/#website\"},\"primaryImageOfPage\":{\"@id\":\"https:\\\/\\\/www.zhgdled.com\\\/de\\\/led-solar-garden-post-top-lights.html#primaryimage\"},\"image\":{\"@id\":\"https:\\\/\\\/www.zhgdled.com\\\/de\\\/led-solar-garden-post-top-lights.html#primaryimage\"},\"thumbnailUrl\":\"https:\\\/\\\/www.zhgdled.com\\\/wp-content\\\/uploads\\\/2023\\\/09\\\/Luna-series-solar-garden-light-1.png\",\"datePublished\":\"2023-09-05T06:03:04+00:00\",\"dateModified\":\"2023-09-09T00:37:35+00:00\",\"description\":\"Solare Gartenbeleuchtung umfasst wiederverwendbare Energieger\u00e4te und intelligente Module f\u00fcr k\u00fcnstliche Intelligenz, um h\u00f6here Energieeffizienzstandards und intelligente Anforderungen zu erf\u00fcllen. Die solarbetriebene L\u00f6sung macht diese Leuchte wirklich kabellos und intelligent.\",\"breadcrumb\":{\"@id\":\"https:\\\/\\\/www.zhgdled.com\\\/de\\\/led-solar-garden-post-top-lights.html#breadcrumb\"},\"inLanguage\":\"de\",\"potentialAction\":[{\"@type\":\"ReadAction\",\"target\":[\"https:\\\/\\\/www.zhgdled.com\\\/de\\\/led-solar-garden-post-top-lights.html\"]}]},{\"@type\":\"ImageObject\",\"inLanguage\":\"de\",\"@id\":\"https:\\\/\\\/www.zhgdled.com\\\/de\\\/led-solar-garden-post-top-lights.html#primaryimage\",\"url\":\"https:\\\/\\\/www.zhgdled.com\\\/wp-content\\\/uploads\\\/2023\\\/09\\\/Luna-series-solar-garden-light-1.png\",\"contentUrl\":\"https:\\\/\\\/www.zhgdled.com\\\/wp-content\\\/uploads\\\/2023\\\/09\\\/Luna-series-solar-garden-light-1.png\",\"width\":1500,\"height\":1500,\"caption\":\"Luna series solar garden light\"},{\"@type\":\"BreadcrumbList\",\"@id\":\"https:\\\/\\\/www.zhgdled.com\\\/de\\\/led-solar-garden-post-top-lights.html#breadcrumb\",\"itemListElement\":[{\"@type\":\"ListItem\",\"position\":1,\"name\":\"Home\",\"item\":\"https:\\\/\\\/www.zhgdled.com\\\/de\"},{\"@type\":\"ListItem\",\"position\":2,\"name\":\"PRODUCTS\",\"item\":\"https:\\\/\\\/www.zhgdled.com\\\/zhl-products.html\"},{\"@type\":\"ListItem\",\"position\":3,\"name\":\"LED Solar Gartenmastleuchten\"}]},{\"@type\":\"WebSite\",\"@id\":\"https:\\\/\\\/www.zhgdled.com\\\/de\\\/#website\",\"url\":\"https:\\\/\\\/www.zhgdled.com\\\/de\\\/\",\"name\":\"ZHL Lichtgruppe\",\"description\":\"Top ranking industrial lighting manufacturer and exporter\",\"publisher\":{\"@id\":\"https:\\\/\\\/www.zhgdled.com\\\/de\\\/#organization\"},\"potentialAction\":[{\"@type\":\"SearchAction\",\"target\":{\"@type\":\"EntryPoint\",\"urlTemplate\":\"https:\\\/\\\/www.zhgdled.com\\\/de\\\/?s={search_term_string}\"},\"query-input\":{\"@type\":\"PropertyValueSpecification\",\"valueRequired\":true,\"valueName\":\"search_term_string\"}}],\"inLanguage\":\"de\"},{\"@type\":\"Organization\",\"@id\":\"https:\\\/\\\/www.zhgdled.com\\\/de\\\/#organization\",\"name\":\"ZHL Lighting Group\",\"url\":\"https:\\\/\\\/www.zhgdled.com\\\/de\\\/\",\"logo\":{\"@type\":\"ImageObject\",\"inLanguage\":\"de\",\"@id\":\"https:\\\/\\\/www.zhgdled.com\\\/de\\\/#\\\/schema\\\/logo\\\/image\\\/\",\"url\":\"\",\"contentUrl\":\"\",\"caption\":\"ZHL Lighting Group\"},\"image\":{\"@id\":\"https:\\\/\\\/www.zhgdled.com\\\/de\\\/#\\\/schema\\\/logo\\\/image\\\/\"},\"sameAs\":[\"https:\\\/\\\/www.facebook.com\\\/zhllightinggroup\",\"https:\\\/\\\/x.com\\\/zhl_lighting\"]}]}<\/script>\n<!-- \/ Yoast SEO plugin. -->","yoast_head_json":{"title":"LED Solar Gartenmastleuchten &#8211; ZHL Lichtgruppe","description":"Solare Gartenbeleuchtung umfasst wiederverwendbare Energieger\u00e4te und intelligente Module f\u00fcr k\u00fcnstliche Intelligenz, um h\u00f6here Energieeffizienzstandards und intelligente Anforderungen zu erf\u00fcllen. Die solarbetriebene L\u00f6sung macht diese Leuchte wirklich kabellos und intelligent.","robots":{"index":"index","follow":"follow","max-snippet":"max-snippet:-1","max-image-preview":"max-image-preview:large","max-video-preview":"max-video-preview:-1"},"canonical":"https:\/\/www.zhgdled.com\/de\/led-solar-garden-post-top-lights.html","og_locale":"de_DE","og_type":"article","og_title":"LED Solar Gartenmastleuchten &#8211; ZHL Lichtgruppe","og_description":"Solare Gartenbeleuchtung umfasst wiederverwendbare Energieger\u00e4te und intelligente Module f\u00fcr k\u00fcnstliche Intelligenz, um h\u00f6here Energieeffizienzstandards und intelligente Anforderungen zu erf\u00fcllen. Die solarbetriebene L\u00f6sung macht diese Leuchte wirklich kabellos und intelligent.","og_url":"https:\/\/www.zhgdled.com\/de\/led-solar-garden-post-top-lights.html","og_site_name":"ZHL Lichtgruppe","article_publisher":"https:\/\/www.facebook.com\/zhllightinggroup","article_modified_time":"2023-09-09T00:37:35+00:00","og_image":[{"width":1600,"height":1600,"url":"https:\/\/www.zhgdled.com\/wp-content\/uploads\/2023\/09\/04.png","type":"image\/png"}],"twitter_card":"summary_large_image","twitter_site":"@zhl_lighting","twitter_misc":{"Gesch\u00e4tzte Lesezeit":"2\u00a0Minuten"},"schema":{"@context":"https:\/\/schema.org","@graph":[{"@type":"WebPage","@id":"https:\/\/www.zhgdled.com\/de\/led-solar-garden-post-top-lights.html","url":"https:\/\/www.zhgdled.com\/de\/led-solar-garden-post-top-lights.html","name":"LED Solar Gartenmastleuchten &#8211; ZHL Lichtgruppe","isPartOf":{"@id":"https:\/\/www.zhgdled.com\/de\/#website"},"primaryImageOfPage":{"@id":"https:\/\/www.zhgdled.com\/de\/led-solar-garden-post-top-lights.html#primaryimage"},"image":{"@id":"https:\/\/www.zhgdled.com\/de\/led-solar-garden-post-top-lights.html#primaryimage"},"thumbnailUrl":"https:\/\/www.zhgdled.com\/wp-content\/uploads\/2023\/09\/Luna-series-solar-garden-light-1.png","datePublished":"2023-09-05T06:03:04+00:00","dateModified":"2023-09-09T00:37:35+00:00","description":"Solare Gartenbeleuchtung umfasst wiederverwendbare Energieger\u00e4te und intelligente Module f\u00fcr k\u00fcnstliche Intelligenz, um h\u00f6here Energieeffizienzstandards und intelligente Anforderungen zu erf\u00fcllen. Die solarbetriebene L\u00f6sung macht diese Leuchte wirklich kabellos und intelligent.","breadcrumb":{"@id":"https:\/\/www.zhgdled.com\/de\/led-solar-garden-post-top-lights.html#breadcrumb"},"inLanguage":"de","potentialAction":[{"@type":"ReadAction","target":["https:\/\/www.zhgdled.com\/de\/led-solar-garden-post-top-lights.html"]}]},{"@type":"ImageObject","inLanguage":"de","@id":"https:\/\/www.zhgdled.com\/de\/led-solar-garden-post-top-lights.html#primaryimage","url":"https:\/\/www.zhgdled.com\/wp-content\/uploads\/2023\/09\/Luna-series-solar-garden-light-1.png","contentUrl":"https:\/\/www.zhgdled.com\/wp-content\/uploads\/2023\/09\/Luna-series-solar-garden-light-1.png","width":1500,"height":1500,"caption":"Luna series solar garden light"},{"@type":"BreadcrumbList","@id":"https:\/\/www.zhgdled.com\/de\/led-solar-garden-post-top-lights.html#breadcrumb","itemListElement":[{"@type":"ListItem","position":1,"name":"Home","item":"https:\/\/www.zhgdled.com\/de"},{"@type":"ListItem","position":2,"name":"PRODUCTS","item":"https:\/\/www.zhgdled.com\/zhl-products.html"},{"@type":"ListItem","position":3,"name":"LED Solar Gartenmastleuchten"}]},{"@type":"WebSite","@id":"https:\/\/www.zhgdled.com\/de\/#website","url":"https:\/\/www.zhgdled.com\/de\/","name":"ZHL Lichtgruppe","description":"Top ranking industrial lighting manufacturer and exporter","publisher":{"@id":"https:\/\/www.zhgdled.com\/de\/#organization"},"potentialAction":[{"@type":"SearchAction","target":{"@type":"EntryPoint","urlTemplate":"https:\/\/www.zhgdled.com\/de\/?s={search_term_string}"},"query-input":{"@type":"PropertyValueSpecification","valueRequired":true,"valueName":"search_term_string"}}],"inLanguage":"de"},{"@type":"Organization","@id":"https:\/\/www.zhgdled.com\/de\/#organization","name":"ZHL Lighting Group","url":"https:\/\/www.zhgdled.com\/de\/","logo":{"@type":"ImageObject","inLanguage":"de","@id":"https:\/\/www.zhgdled.com\/de\/#\/schema\/logo\/image\/","url":"","contentUrl":"","caption":"ZHL Lighting Group"},"image":{"@id":"https:\/\/www.zhgdled.com\/de\/#\/schema\/logo\/image\/"},"sameAs":["https:\/\/www.facebook.com\/zhllightinggroup","https:\/\/x.com\/zhl_lighting"]}]}},"_links":{"self":[{"href":"https:\/\/www.zhgdled.com\/de\/wp-json\/wp\/v2\/product\/22624","targetHints":{"allow":["GET"]}}],"collection":[{"href":"https:\/\/www.zhgdled.com\/de\/wp-json\/wp\/v2\/product"}],"about":[{"href":"https:\/\/www.zhgdled.com\/de\/wp-json\/wp\/v2\/types\/product"}],"wp:featuredmedia":[{"embeddable":true,"href":"https:\/\/www.zhgdled.com\/de\/wp-json\/wp\/v2\/media\/23923"}],"wp:attachment":[{"href":"https:\/\/www.zhgdled.com\/de\/wp-json\/wp\/v2\/media?parent=22624"}],"wp:term":[{"taxonomy":"product_brand","embeddable":true,"href":"https:\/\/www.zhgdled.com\/de\/wp-json\/wp\/v2\/product_brand?post=22624"},{"taxonomy":"product_cat","embeddable":true,"href":"https:\/\/www.zhgdled.com\/de\/wp-json\/wp\/v2\/product_cat?post=22624"},{"taxonomy":"product_tag","embeddable":true,"href":"https:\/\/www.zhgdled.com\/de\/wp-json\/wp\/v2\/product_tag?post=22624"}],"curies":[{"name":"wp","href":"https:\/\/api.w.org\/{rel}","templated":true}]}}