{"id":13991,"date":"2023-12-22T19:46:12","date_gmt":"2021-10-26T11:46:12","guid":{"rendered":"https:\/\/www.zhgdled.com\/product\/star-rgb-series"},"modified":"2022-11-02T09:48:13","modified_gmt":"2022-11-02T01:48:13","slug":"star-rgb-series","status":"publish","type":"product","link":"https:\/\/www.zhgdled.com\/es\/star-rgb-series.html","title":{"rendered":"Luz de inundaci\u00f3n RGB de la Serie Star"},"content":{"rendered":"<h2>HAGA COMBINACIONES DE COLORES CON LA LUZ DE PROYECCI\u00d3N RGB DE LA SERIE STAR<\/h2>\n<ul>\n<li>Los Luz de inundaci\u00f3n RGB Serie Star, permiten alternar el color de la luz combinando los colores Rojo, Verde y Azul, lo que da una amplia gama de colores.<\/li>\n<li>Esto incluye un control remoto que permite al usuario controlar tanto el color como la intensidad de la luz que se pretende que emitan las luces de inundaci\u00f3n. Adicionalmente, cuentan con secuencias de colores programadas.<\/li>\n<li>Las luces de inundaci\u00f3n LED RGB de la serie Star tambi\u00e9n tienen todas las caracter\u00edsticas de las luces de inundaci\u00f3n LED ordinarias para exteriores, es decir, protecci\u00f3n IP65, construcci\u00f3n de aluminio, etc. Adem\u00e1s, tambi\u00e9n brindan todas las ventajas de la iluminaci\u00f3n LED, como mejoras en el rendimiento de los productos. , lo que se traduce en un ahorro en el consumo energ\u00e9tico.<\/li>\n<\/ul>\n<h2>ESPECIFICACIONES<\/h2>\n<table width=\"583\">\n<tbody>\n<tr>\n<td width=\"257\"><\/td>\n<td width=\"326\"><\/td>\n<\/tr>\n<tr>\n<td>Potencia<\/td>\n<td>10W 20W 30W 50W<\/td>\n<\/tr>\n<tr>\n<td>LED<\/td>\n<td>SMD 2835<\/td>\n<\/tr>\n<tr>\n<td>Temperatura de color (CCT)<\/td>\n<td>RGB<\/td>\n<\/tr>\n<tr>\n<td>Eficiencia luminosa (lm\/w)<\/td>\n<td>80lm\/w<\/td>\n<\/tr>\n<tr>\n<td>Voltaje de entrada (V)<\/td>\n<td>AC100-240V\/AC220-240V<\/td>\n<\/tr>\n<tr>\n<td>PF<\/td>\n<td>&gt;0.9<\/td>\n<\/tr>\n<tr>\n<td>CRI (Ra&gt;)<\/td>\n<td>80<\/td>\n<\/tr>\n<tr>\n<td>\u00c1ngulo de haz (\u00b0)<\/td>\n<td>120<\/td>\n<\/tr>\n<tr>\n<td>Grado IP<\/td>\n<td>IP65<\/td>\n<\/tr>\n<tr>\n<td>Material<\/td>\n<td>Cuerpo de aluminio + cubierta de vidrio templado<\/td>\n<\/tr>\n<tr>\n<td>Temperatura de trabajo (\u2103)<\/td>\n<td>-20-50<\/td>\n<\/tr>\n<tr>\n<td>Garant\u00eda (a\u00f1o)<\/td>\n<td>2 a\u00f1os \/ 3 a\u00f1os<\/td>\n<\/tr>\n<tr>\n<td>Certificaci\u00f3n<\/td>\n<td>CE,ERP,RoHS<\/td>\n<\/tr>\n<tr>\n<td>Driver<\/td>\n<td>\u00a0DOB<\/td>\n<\/tr>\n<\/tbody>\n<\/table>\n","protected":false},"excerpt":{"rendered":"<table width=\"583\">\n<tbody>\n<tr>\n<td width=\"257\"><\/td>\n<td width=\"326\"><\/td>\n<\/tr>\n<tr>\n<td>Potencia<\/td>\n<td>10W 20W 30W 50W<\/td>\n<\/tr>\n<tr>\n<td>LED<\/td>\n<td>SMD 2835<\/td>\n<\/tr>\n<tr>\n<td>Temperatura de color (CCT)<\/td>\n<td>RGB<\/td>\n<\/tr>\n<tr>\n<td>Eficiencia luminosa (lm\/w)<\/td>\n<td>80lm\/w<\/td>\n<\/tr>\n<tr>\n<td>Voltaje de entrada (V)<\/td>\n<td>AC100-240V\/AC220-240V<\/td>\n<\/tr>\n<tr>\n<td>PF<\/td>\n<td>&gt;0.9<\/td>\n<\/tr>\n<tr>\n<td>CRI (Ra&gt;)<\/td>\n<td>80<\/td>\n<\/tr>\n<tr>\n<td>\u00c1ngulo de haz (\u00b0)<\/td>\n<td>120<\/td>\n<\/tr>\n<tr>\n<td>Grado IP<\/td>\n<td>IP65<\/td>\n<\/tr>\n<tr>\n<td>Material<\/td>\n<td>Cuerpo de aluminio + cubierta de vidrio templado<\/td>\n<\/tr>\n<tr>\n<td>Temperatura de trabajo (\u2103)<\/td>\n<td>-20-50<\/td>\n<\/tr>\n<tr>\n<td>Garant\u00eda (a\u00f1o)<\/td>\n<td>2 a\u00f1os \/ 3 a\u00f1os<\/td>\n<\/tr>\n<tr>\n<td>Certificaci\u00f3n<\/td>\n<td>CE,ERP,RoHS<\/td>\n<\/tr>\n<tr>\n<td>Driver<\/td>\n<td>\u00a0DOB<\/td>\n<\/tr>\n<\/tbody>\n<\/table>\n","protected":false},"featured_media":19756,"template":"","meta":[],"product_brand":[],"product_cat":[611],"product_tag":[],"class_list":{"0":"post-13991","1":"product","2":"type-product","3":"status-publish","4":"has-post-thumbnail","6":"product_cat-led-flood-light-es","8":"first","9":"instock","10":"shipping-taxable","11":"product-type-simple"},"yoast_head":"<!-- This site is optimized with the Yoast SEO plugin v27.4 - https:\/\/yoast.com\/product\/yoast-seo-wordpress\/ -->\n<title>Luz de inundaci\u00f3n RGB de la Serie Star &#8211; Grupo de iluminaci\u00f3n ZHL<\/title>\n<meta name=\"description\" content=\"Los Luz de inundaci\u00f3n RGB Serie Star, permiten alternar el color de la luz combinando los colores Rojo, Verde y Azul, lo que da una amplia gama de colores.Esto incluye un control remoto que permite al usuario controlar tanto el color como la intensidad de la luz que se pretende que emitan las luces de inundaci\u00f3n. Adicionalmente, cuentan con secuencias de colores programadas.\" \/>\n<meta name=\"robots\" content=\"index, follow, max-snippet:-1, max-image-preview:large, max-video-preview:-1\" \/>\n<link rel=\"canonical\" href=\"https:\/\/www.zhgdled.com\/es\/star-rgb-series.html\" \/>\n<meta property=\"og:locale\" content=\"es_ES\" \/>\n<meta property=\"og:type\" content=\"article\" \/>\n<meta property=\"og:title\" content=\"Luz de inundaci\u00f3n RGB de la Serie Star &#8211; Grupo de iluminaci\u00f3n ZHL\" \/>\n<meta property=\"og:description\" content=\"Los Luz de inundaci\u00f3n RGB Serie Star, permiten alternar el color de la luz combinando los colores Rojo, Verde y Azul, lo que da una amplia gama de colores.Esto incluye un control remoto que permite al usuario controlar tanto el color como la intensidad de la luz que se pretende que emitan las luces de inundaci\u00f3n. Adicionalmente, cuentan con secuencias de colores programadas.\" \/>\n<meta property=\"og:url\" content=\"https:\/\/www.zhgdled.com\/es\/star-rgb-series.html\" \/>\n<meta property=\"og:site_name\" content=\"Grupo de iluminaci\u00f3n ZHL\" \/>\n<meta property=\"article:publisher\" content=\"https:\/\/www.facebook.com\/zhllightinggroup\" \/>\n<meta property=\"article:modified_time\" content=\"2022-11-02T01:48:13+00:00\" \/>\n<meta property=\"og:image\" content=\"https:\/\/www.zhgdled.com\/wp-content\/uploads\/2021\/10\/STAR-SERIES-FLOODLIGHT-RGB.png\" \/>\n\t<meta property=\"og:image:width\" content=\"1600\" \/>\n\t<meta property=\"og:image:height\" content=\"1600\" \/>\n\t<meta property=\"og:image:type\" content=\"image\/png\" \/>\n<meta name=\"twitter:card\" content=\"summary_large_image\" \/>\n<meta name=\"twitter:site\" content=\"@zhl_lighting\" \/>\n<meta name=\"twitter:label1\" content=\"Tiempo de lectura\" \/>\n\t<meta name=\"twitter:data1\" content=\"2 minutos\" \/>\n<script type=\"application\/ld+json\" class=\"yoast-schema-graph\">{\"@context\":\"https:\\\/\\\/schema.org\",\"@graph\":[{\"@type\":\"WebPage\",\"@id\":\"https:\\\/\\\/www.zhgdled.com\\\/es\\\/star-rgb-series.html\",\"url\":\"https:\\\/\\\/www.zhgdled.com\\\/es\\\/star-rgb-series.html\",\"name\":\"Luz de inundaci\u00f3n RGB de la Serie Star &#8211; Grupo de iluminaci\u00f3n ZHL\",\"isPartOf\":{\"@id\":\"https:\\\/\\\/www.zhgdled.com\\\/es\\\/#website\"},\"primaryImageOfPage\":{\"@id\":\"https:\\\/\\\/www.zhgdled.com\\\/es\\\/star-rgb-series.html#primaryimage\"},\"image\":{\"@id\":\"https:\\\/\\\/www.zhgdled.com\\\/es\\\/star-rgb-series.html#primaryimage\"},\"thumbnailUrl\":\"https:\\\/\\\/www.zhgdled.com\\\/wp-content\\\/uploads\\\/2021\\\/10\\\/STAR-SERIES-FLOODLIGHT-RGB.png\",\"datePublished\":\"2021-10-26T11:46:12+00:00\",\"dateModified\":\"2022-11-02T01:48:13+00:00\",\"description\":\"Los Luz de inundaci\u00f3n RGB Serie Star, permiten alternar el color de la luz combinando los colores Rojo, Verde y Azul, lo que da una amplia gama de colores.Esto incluye un control remoto que permite al usuario controlar tanto el color como la intensidad de la luz que se pretende que emitan las luces de inundaci\u00f3n. Adicionalmente, cuentan con secuencias de colores programadas.\",\"breadcrumb\":{\"@id\":\"https:\\\/\\\/www.zhgdled.com\\\/es\\\/star-rgb-series.html#breadcrumb\"},\"inLanguage\":\"es\",\"potentialAction\":[{\"@type\":\"ReadAction\",\"target\":[\"https:\\\/\\\/www.zhgdled.com\\\/es\\\/star-rgb-series.html\"]}]},{\"@type\":\"ImageObject\",\"inLanguage\":\"es\",\"@id\":\"https:\\\/\\\/www.zhgdled.com\\\/es\\\/star-rgb-series.html#primaryimage\",\"url\":\"https:\\\/\\\/www.zhgdled.com\\\/wp-content\\\/uploads\\\/2021\\\/10\\\/STAR-SERIES-FLOODLIGHT-RGB.png\",\"contentUrl\":\"https:\\\/\\\/www.zhgdled.com\\\/wp-content\\\/uploads\\\/2021\\\/10\\\/STAR-SERIES-FLOODLIGHT-RGB.png\",\"width\":1600,\"height\":1600,\"caption\":\"RGB floodlight\"},{\"@type\":\"BreadcrumbList\",\"@id\":\"https:\\\/\\\/www.zhgdled.com\\\/es\\\/star-rgb-series.html#breadcrumb\",\"itemListElement\":[{\"@type\":\"ListItem\",\"position\":1,\"name\":\"Home\",\"item\":\"https:\\\/\\\/www.zhgdled.com\\\/es\"},{\"@type\":\"ListItem\",\"position\":2,\"name\":\"PRODUCTS\",\"item\":\"https:\\\/\\\/www.zhgdled.com\\\/zhl-products.html\"},{\"@type\":\"ListItem\",\"position\":3,\"name\":\"Luz de inundaci\u00f3n RGB de la Serie Star\"}]},{\"@type\":\"WebSite\",\"@id\":\"https:\\\/\\\/www.zhgdled.com\\\/es\\\/#website\",\"url\":\"https:\\\/\\\/www.zhgdled.com\\\/es\\\/\",\"name\":\"Grupo de iluminaci\u00f3n ZHL\",\"description\":\"Top ranking industrial lighting manufacturer and exporter\",\"publisher\":{\"@id\":\"https:\\\/\\\/www.zhgdled.com\\\/es\\\/#organization\"},\"potentialAction\":[{\"@type\":\"SearchAction\",\"target\":{\"@type\":\"EntryPoint\",\"urlTemplate\":\"https:\\\/\\\/www.zhgdled.com\\\/es\\\/?s={search_term_string}\"},\"query-input\":{\"@type\":\"PropertyValueSpecification\",\"valueRequired\":true,\"valueName\":\"search_term_string\"}}],\"inLanguage\":\"es\"},{\"@type\":\"Organization\",\"@id\":\"https:\\\/\\\/www.zhgdled.com\\\/es\\\/#organization\",\"name\":\"ZHL Lighting Group\",\"url\":\"https:\\\/\\\/www.zhgdled.com\\\/es\\\/\",\"logo\":{\"@type\":\"ImageObject\",\"inLanguage\":\"es\",\"@id\":\"https:\\\/\\\/www.zhgdled.com\\\/es\\\/#\\\/schema\\\/logo\\\/image\\\/\",\"url\":\"\",\"contentUrl\":\"\",\"caption\":\"ZHL Lighting Group\"},\"image\":{\"@id\":\"https:\\\/\\\/www.zhgdled.com\\\/es\\\/#\\\/schema\\\/logo\\\/image\\\/\"},\"sameAs\":[\"https:\\\/\\\/www.facebook.com\\\/zhllightinggroup\",\"https:\\\/\\\/x.com\\\/zhl_lighting\"]}]}<\/script>\n<!-- \/ Yoast SEO plugin. -->","yoast_head_json":{"title":"Luz de inundaci\u00f3n RGB de la Serie Star &#8211; Grupo de iluminaci\u00f3n ZHL","description":"Los Luz de inundaci\u00f3n RGB Serie Star, permiten alternar el color de la luz combinando los colores Rojo, Verde y Azul, lo que da una amplia gama de colores.Esto incluye un control remoto que permite al usuario controlar tanto el color como la intensidad de la luz que se pretende que emitan las luces de inundaci\u00f3n. Adicionalmente, cuentan con secuencias de colores programadas.","robots":{"index":"index","follow":"follow","max-snippet":"max-snippet:-1","max-image-preview":"max-image-preview:large","max-video-preview":"max-video-preview:-1"},"canonical":"https:\/\/www.zhgdled.com\/es\/star-rgb-series.html","og_locale":"es_ES","og_type":"article","og_title":"Luz de inundaci\u00f3n RGB de la Serie Star &#8211; Grupo de iluminaci\u00f3n ZHL","og_description":"Los Luz de inundaci\u00f3n RGB Serie Star, permiten alternar el color de la luz combinando los colores Rojo, Verde y Azul, lo que da una amplia gama de colores.Esto incluye un control remoto que permite al usuario controlar tanto el color como la intensidad de la luz que se pretende que emitan las luces de inundaci\u00f3n. Adicionalmente, cuentan con secuencias de colores programadas.","og_url":"https:\/\/www.zhgdled.com\/es\/star-rgb-series.html","og_site_name":"Grupo de iluminaci\u00f3n ZHL","article_publisher":"https:\/\/www.facebook.com\/zhllightinggroup","article_modified_time":"2022-11-02T01:48:13+00:00","og_image":[{"width":1600,"height":1600,"url":"https:\/\/www.zhgdled.com\/wp-content\/uploads\/2021\/10\/STAR-SERIES-FLOODLIGHT-RGB.png","type":"image\/png"}],"twitter_card":"summary_large_image","twitter_site":"@zhl_lighting","twitter_misc":{"Tiempo de lectura":"2 minutos"},"schema":{"@context":"https:\/\/schema.org","@graph":[{"@type":"WebPage","@id":"https:\/\/www.zhgdled.com\/es\/star-rgb-series.html","url":"https:\/\/www.zhgdled.com\/es\/star-rgb-series.html","name":"Luz de inundaci\u00f3n RGB de la Serie Star &#8211; Grupo de iluminaci\u00f3n ZHL","isPartOf":{"@id":"https:\/\/www.zhgdled.com\/es\/#website"},"primaryImageOfPage":{"@id":"https:\/\/www.zhgdled.com\/es\/star-rgb-series.html#primaryimage"},"image":{"@id":"https:\/\/www.zhgdled.com\/es\/star-rgb-series.html#primaryimage"},"thumbnailUrl":"https:\/\/www.zhgdled.com\/wp-content\/uploads\/2021\/10\/STAR-SERIES-FLOODLIGHT-RGB.png","datePublished":"2021-10-26T11:46:12+00:00","dateModified":"2022-11-02T01:48:13+00:00","description":"Los Luz de inundaci\u00f3n RGB Serie Star, permiten alternar el color de la luz combinando los colores Rojo, Verde y Azul, lo que da una amplia gama de colores.Esto incluye un control remoto que permite al usuario controlar tanto el color como la intensidad de la luz que se pretende que emitan las luces de inundaci\u00f3n. Adicionalmente, cuentan con secuencias de colores programadas.","breadcrumb":{"@id":"https:\/\/www.zhgdled.com\/es\/star-rgb-series.html#breadcrumb"},"inLanguage":"es","potentialAction":[{"@type":"ReadAction","target":["https:\/\/www.zhgdled.com\/es\/star-rgb-series.html"]}]},{"@type":"ImageObject","inLanguage":"es","@id":"https:\/\/www.zhgdled.com\/es\/star-rgb-series.html#primaryimage","url":"https:\/\/www.zhgdled.com\/wp-content\/uploads\/2021\/10\/STAR-SERIES-FLOODLIGHT-RGB.png","contentUrl":"https:\/\/www.zhgdled.com\/wp-content\/uploads\/2021\/10\/STAR-SERIES-FLOODLIGHT-RGB.png","width":1600,"height":1600,"caption":"RGB floodlight"},{"@type":"BreadcrumbList","@id":"https:\/\/www.zhgdled.com\/es\/star-rgb-series.html#breadcrumb","itemListElement":[{"@type":"ListItem","position":1,"name":"Home","item":"https:\/\/www.zhgdled.com\/es"},{"@type":"ListItem","position":2,"name":"PRODUCTS","item":"https:\/\/www.zhgdled.com\/zhl-products.html"},{"@type":"ListItem","position":3,"name":"Luz de inundaci\u00f3n RGB de la Serie Star"}]},{"@type":"WebSite","@id":"https:\/\/www.zhgdled.com\/es\/#website","url":"https:\/\/www.zhgdled.com\/es\/","name":"Grupo de iluminaci\u00f3n ZHL","description":"Top ranking industrial lighting manufacturer and exporter","publisher":{"@id":"https:\/\/www.zhgdled.com\/es\/#organization"},"potentialAction":[{"@type":"SearchAction","target":{"@type":"EntryPoint","urlTemplate":"https:\/\/www.zhgdled.com\/es\/?s={search_term_string}"},"query-input":{"@type":"PropertyValueSpecification","valueRequired":true,"valueName":"search_term_string"}}],"inLanguage":"es"},{"@type":"Organization","@id":"https:\/\/www.zhgdled.com\/es\/#organization","name":"ZHL Lighting Group","url":"https:\/\/www.zhgdled.com\/es\/","logo":{"@type":"ImageObject","inLanguage":"es","@id":"https:\/\/www.zhgdled.com\/es\/#\/schema\/logo\/image\/","url":"","contentUrl":"","caption":"ZHL Lighting Group"},"image":{"@id":"https:\/\/www.zhgdled.com\/es\/#\/schema\/logo\/image\/"},"sameAs":["https:\/\/www.facebook.com\/zhllightinggroup","https:\/\/x.com\/zhl_lighting"]}]}},"_links":{"self":[{"href":"https:\/\/www.zhgdled.com\/es\/wp-json\/wp\/v2\/product\/13991","targetHints":{"allow":["GET"]}}],"collection":[{"href":"https:\/\/www.zhgdled.com\/es\/wp-json\/wp\/v2\/product"}],"about":[{"href":"https:\/\/www.zhgdled.com\/es\/wp-json\/wp\/v2\/types\/product"}],"wp:featuredmedia":[{"embeddable":true,"href":"https:\/\/www.zhgdled.com\/es\/wp-json\/wp\/v2\/media\/19756"}],"wp:attachment":[{"href":"https:\/\/www.zhgdled.com\/es\/wp-json\/wp\/v2\/media?parent=13991"}],"wp:term":[{"taxonomy":"product_brand","embeddable":true,"href":"https:\/\/www.zhgdled.com\/es\/wp-json\/wp\/v2\/product_brand?post=13991"},{"taxonomy":"product_cat","embeddable":true,"href":"https:\/\/www.zhgdled.com\/es\/wp-json\/wp\/v2\/product_cat?post=13991"},{"taxonomy":"product_tag","embeddable":true,"href":"https:\/\/www.zhgdled.com\/es\/wp-json\/wp\/v2\/product_tag?post=13991"}],"curies":[{"name":"wp","href":"https:\/\/api.w.org\/{rel}","templated":true}]}}