{"id":14557,"date":"2022-08-10T14:01:36","date_gmt":"2022-08-10T06:01:36","guid":{"rendered":"https:\/\/www.zhgdled.com\/product\/max-series-solar-flood-light"},"modified":"2023-12-27T15:09:13","modified_gmt":"2023-12-27T07:09:13","slug":"max-series-luz-de-inundacion-solar","status":"publish","type":"product","link":"https:\/\/www.zhgdled.com\/es\/max-series-luz-de-inundacion-solar.html","title":{"rendered":"MAX SERIES LUZ DE INUNDACI\u00d3N SOLAR"},"content":{"rendered":"<h2>DISE\u00d1O DE CUERPO DIVIDIDO, BAJO CONSUMO DE ENERG\u00cdA, \u00c1NGULO DE HAZ M\u00c1XIMO PARA DIFERENTES OCASIONES<\/h2>\n<ul>\n<li>Ajuste multi\u00e1ngulo, adecuado para la instalaci\u00f3n en muchas ocasiones.<\/li>\n<li>Bater\u00eda de litio 18650, 3,7 V\/2 AH<\/li>\n<li>Disponible para los requisitos de instalaci\u00f3n de diferentes latitudes<\/li>\n<li>Dise\u00f1o impermeable profesional<\/li>\n<li>Configure un sensor PIR sensible y estable<\/li>\n<\/ul>\n<h2><\/h2>\n<h2>ESPECIFICACI\u00d3N<\/h2>\n<table>\n<tbody>\n<tr>\n<td width=\"207\"><strong>Potencia<\/strong><\/td>\n<td width=\"381\"><strong><b>3W<\/b><\/strong><\/td>\n<\/tr>\n<tr>\n<td width=\"207\"><strong>Temperatura de color (CCT)<\/strong><\/td>\n<td width=\"381\"><strong>3000K\/4000K\/6500K<\/strong><\/td>\n<\/tr>\n<tr>\n<td width=\"207\"><strong>Eficiencia luminosa (lm\/w)<\/strong><\/td>\n<td width=\"381\"><strong>125Lm\/W<\/strong><\/td>\n<\/tr>\n<tr>\n<td width=\"207\"><strong>Voltaje de entrada (V)<\/strong><\/td>\n<td width=\"381\"><strong>DC3.7V<\/strong><\/td>\n<\/tr>\n<tr>\n<td width=\"207\"><strong>PF<\/strong><\/td>\n<td width=\"381\"><strong>&gt;0.9<\/strong><\/td>\n<\/tr>\n<tr>\n<td width=\"207\"><strong>CRI (Ra)<\/strong><\/td>\n<td width=\"381\"><strong>&gt;80<\/strong><\/td>\n<\/tr>\n<tr>\n<td width=\"207\"><strong>\u00c1ngulo de haz (\u00b0)<\/strong><\/td>\n<td width=\"381\"><strong>120<\/strong><\/td>\n<\/tr>\n<tr>\n<td width=\"207\"><strong>Grado IP<\/strong><\/td>\n<td width=\"381\"><strong>IP<\/strong><strong>44<\/strong><\/td>\n<\/tr>\n<tr>\n<td width=\"207\"><strong>Material<\/strong><\/td>\n<td width=\"381\"><strong>Aluminum Body + <\/strong><strong>PC<\/strong><strong>\u00a0Cover<\/strong><\/td>\n<\/tr>\n<tr>\n<td width=\"207\"><strong>Temperatura de trabajo (\u2103)<\/strong><\/td>\n<td width=\"381\"><strong>-20-<\/strong><strong>+<\/strong><strong>50<\/strong><\/td>\n<\/tr>\n<tr>\n<td width=\"207\"><strong>M\u00e1x. Distancia de iluminaci\u00f3n:<\/strong><\/td>\n<td width=\"381\"><strong>8M<\/strong><\/td>\n<\/tr>\n<tr>\n<td width=\"207\"><strong>Certificaci\u00f3n<\/strong><\/td>\n<td width=\"381\"><strong>ETL, DLC, FCC, CB<\/strong><\/td>\n<\/tr>\n<\/tbody>\n<\/table>\n","protected":false},"excerpt":{"rendered":"<p>La luz de inundaci\u00f3n solar LED de la serie Max es un dispositivo de iluminaci\u00f3n exterior de bajo consumo de energ\u00eda y dise\u00f1o de cuerpo dividido. Cuenta con un \u00e1ngulo de haz m\u00e1ximo para diferentes ocasiones. Aplicar a domicilio. sitios comerciales e industriales como puertas de enlace, estacionamientos, decoraci\u00f3n de paredes, escuelas, centros comerciales, etc.<\/p>\n<p>&nbsp;<\/p>\n<ul>\n<li>3 vatios<\/li>\n<li>Temperatura de color: 3000K\/4000K\/6500K<\/li>\n<li>Eficiencia: 125lm\/w<\/li>\n<li>Entrada: fuente de alimentaci\u00f3n solar DC3.7V<\/li>\n<li>FP: &gt;0,9<\/li>\n<li>CRI: &gt;80<\/li>\n<li>\u00c1ngulo de haz: 120 grados<\/li>\n<li>Material: Cuerpo de aluminio, cubierta de PC<\/li>\n<\/ul>\n","protected":false},"featured_media":13943,"template":"","meta":[],"product_brand":[],"product_cat":[662],"product_tag":[438],"class_list":{"0":"post-14557","1":"product","2":"type-product","3":"status-publish","4":"has-post-thumbnail","6":"product_cat-proyectores-solares","7":"product_tag-solar-flood-light-es","9":"first","10":"instock","11":"shipping-taxable","12":"product-type-simple"},"yoast_head":"<!-- This site is optimized with the Yoast SEO plugin v27.4 - https:\/\/yoast.com\/product\/yoast-seo-wordpress\/ -->\n<title>MAX SERIES LUZ DE INUNDACI\u00d3N SOLAR &#8211; Grupo de iluminaci\u00f3n ZHL<\/title>\n<meta name=\"description\" content=\"La luz de inundaci\u00f3n solar LED de la serie Max es un dispositivo de iluminaci\u00f3n exterior de bajo consumo de energ\u00eda y dise\u00f1o de cuerpo dividido. Cuenta con un \u00e1ngulo de haz m\u00e1ximo para diferentes ocasiones.\" \/>\n<meta name=\"robots\" content=\"index, follow, max-snippet:-1, max-image-preview:large, max-video-preview:-1\" \/>\n<link rel=\"canonical\" href=\"https:\/\/www.zhgdled.com\/es\/max-series-luz-de-inundacion-solar.html\" \/>\n<meta property=\"og:locale\" content=\"es_ES\" \/>\n<meta property=\"og:type\" content=\"article\" \/>\n<meta property=\"og:title\" content=\"MAX SERIES LUZ DE INUNDACI\u00d3N SOLAR &#8211; Grupo de iluminaci\u00f3n ZHL\" \/>\n<meta property=\"og:description\" content=\"La luz de inundaci\u00f3n solar LED de la serie Max es un dispositivo de iluminaci\u00f3n exterior de bajo consumo de energ\u00eda y dise\u00f1o de cuerpo dividido. Cuenta con un \u00e1ngulo de haz m\u00e1ximo para diferentes ocasiones.\" \/>\n<meta property=\"og:url\" content=\"https:\/\/www.zhgdled.com\/es\/max-series-luz-de-inundacion-solar.html\" \/>\n<meta property=\"og:site_name\" content=\"Grupo de iluminaci\u00f3n ZHL\" \/>\n<meta property=\"article:publisher\" content=\"https:\/\/www.facebook.com\/zhllightinggroup\" \/>\n<meta property=\"article:modified_time\" content=\"2023-12-27T07:09:13+00:00\" \/>\n<meta property=\"og:image\" content=\"https:\/\/www.zhgdled.com\/wp-content\/uploads\/2022\/08\/0.png\" \/>\n\t<meta property=\"og:image:width\" content=\"1600\" \/>\n\t<meta property=\"og:image:height\" content=\"1600\" \/>\n\t<meta property=\"og:image:type\" content=\"image\/png\" \/>\n<meta name=\"twitter:card\" content=\"summary_large_image\" \/>\n<meta name=\"twitter:site\" content=\"@zhl_lighting\" \/>\n<meta name=\"twitter:label1\" content=\"Tiempo de lectura\" \/>\n\t<meta name=\"twitter:data1\" content=\"1 minuto\" \/>\n<script type=\"application\/ld+json\" class=\"yoast-schema-graph\">{\"@context\":\"https:\\\/\\\/schema.org\",\"@graph\":[{\"@type\":\"WebPage\",\"@id\":\"https:\\\/\\\/www.zhgdled.com\\\/es\\\/max-series-luz-de-inundacion-solar.html\",\"url\":\"https:\\\/\\\/www.zhgdled.com\\\/es\\\/max-series-luz-de-inundacion-solar.html\",\"name\":\"MAX SERIES LUZ DE INUNDACI\u00d3N SOLAR &#8211; Grupo de iluminaci\u00f3n ZHL\",\"isPartOf\":{\"@id\":\"https:\\\/\\\/www.zhgdled.com\\\/es\\\/#website\"},\"primaryImageOfPage\":{\"@id\":\"https:\\\/\\\/www.zhgdled.com\\\/es\\\/max-series-luz-de-inundacion-solar.html#primaryimage\"},\"image\":{\"@id\":\"https:\\\/\\\/www.zhgdled.com\\\/es\\\/max-series-luz-de-inundacion-solar.html#primaryimage\"},\"thumbnailUrl\":\"https:\\\/\\\/www.zhgdled.com\\\/wp-content\\\/uploads\\\/2022\\\/08\\\/0.png\",\"datePublished\":\"2022-08-10T06:01:36+00:00\",\"dateModified\":\"2023-12-27T07:09:13+00:00\",\"description\":\"La luz de inundaci\u00f3n solar LED de la serie Max es un dispositivo de iluminaci\u00f3n exterior de bajo consumo de energ\u00eda y dise\u00f1o de cuerpo dividido. Cuenta con un \u00e1ngulo de haz m\u00e1ximo para diferentes ocasiones.\",\"breadcrumb\":{\"@id\":\"https:\\\/\\\/www.zhgdled.com\\\/es\\\/max-series-luz-de-inundacion-solar.html#breadcrumb\"},\"inLanguage\":\"es\",\"potentialAction\":[{\"@type\":\"ReadAction\",\"target\":[\"https:\\\/\\\/www.zhgdled.com\\\/es\\\/max-series-luz-de-inundacion-solar.html\"]}]},{\"@type\":\"ImageObject\",\"inLanguage\":\"es\",\"@id\":\"https:\\\/\\\/www.zhgdled.com\\\/es\\\/max-series-luz-de-inundacion-solar.html#primaryimage\",\"url\":\"https:\\\/\\\/www.zhgdled.com\\\/wp-content\\\/uploads\\\/2022\\\/08\\\/0.png\",\"contentUrl\":\"https:\\\/\\\/www.zhgdled.com\\\/wp-content\\\/uploads\\\/2022\\\/08\\\/0.png\",\"width\":1600,\"height\":1600,\"caption\":\"luz de inunda\u00e7\u00e3o solar da s\u00e9rie max\"},{\"@type\":\"BreadcrumbList\",\"@id\":\"https:\\\/\\\/www.zhgdled.com\\\/es\\\/max-series-luz-de-inundacion-solar.html#breadcrumb\",\"itemListElement\":[{\"@type\":\"ListItem\",\"position\":1,\"name\":\"Home\",\"item\":\"https:\\\/\\\/www.zhgdled.com\\\/es\"},{\"@type\":\"ListItem\",\"position\":2,\"name\":\"PRODUCTS\",\"item\":\"https:\\\/\\\/www.zhgdled.com\\\/zhl-products.html\"},{\"@type\":\"ListItem\",\"position\":3,\"name\":\"MAX SERIES LUZ DE INUNDACI\u00d3N SOLAR\"}]},{\"@type\":\"WebSite\",\"@id\":\"https:\\\/\\\/www.zhgdled.com\\\/es\\\/#website\",\"url\":\"https:\\\/\\\/www.zhgdled.com\\\/es\\\/\",\"name\":\"Grupo de iluminaci\u00f3n ZHL\",\"description\":\"Top ranking industrial lighting manufacturer and exporter\",\"publisher\":{\"@id\":\"https:\\\/\\\/www.zhgdled.com\\\/es\\\/#organization\"},\"potentialAction\":[{\"@type\":\"SearchAction\",\"target\":{\"@type\":\"EntryPoint\",\"urlTemplate\":\"https:\\\/\\\/www.zhgdled.com\\\/es\\\/?s={search_term_string}\"},\"query-input\":{\"@type\":\"PropertyValueSpecification\",\"valueRequired\":true,\"valueName\":\"search_term_string\"}}],\"inLanguage\":\"es\"},{\"@type\":\"Organization\",\"@id\":\"https:\\\/\\\/www.zhgdled.com\\\/es\\\/#organization\",\"name\":\"ZHL Lighting Group\",\"url\":\"https:\\\/\\\/www.zhgdled.com\\\/es\\\/\",\"logo\":{\"@type\":\"ImageObject\",\"inLanguage\":\"es\",\"@id\":\"https:\\\/\\\/www.zhgdled.com\\\/es\\\/#\\\/schema\\\/logo\\\/image\\\/\",\"url\":\"\",\"contentUrl\":\"\",\"caption\":\"ZHL Lighting Group\"},\"image\":{\"@id\":\"https:\\\/\\\/www.zhgdled.com\\\/es\\\/#\\\/schema\\\/logo\\\/image\\\/\"},\"sameAs\":[\"https:\\\/\\\/www.facebook.com\\\/zhllightinggroup\",\"https:\\\/\\\/x.com\\\/zhl_lighting\"]}]}<\/script>\n<!-- \/ Yoast SEO plugin. -->","yoast_head_json":{"title":"MAX SERIES LUZ DE INUNDACI\u00d3N SOLAR &#8211; Grupo de iluminaci\u00f3n ZHL","description":"La luz de inundaci\u00f3n solar LED de la serie Max es un dispositivo de iluminaci\u00f3n exterior de bajo consumo de energ\u00eda y dise\u00f1o de cuerpo dividido. Cuenta con un \u00e1ngulo de haz m\u00e1ximo para diferentes ocasiones.","robots":{"index":"index","follow":"follow","max-snippet":"max-snippet:-1","max-image-preview":"max-image-preview:large","max-video-preview":"max-video-preview:-1"},"canonical":"https:\/\/www.zhgdled.com\/es\/max-series-luz-de-inundacion-solar.html","og_locale":"es_ES","og_type":"article","og_title":"MAX SERIES LUZ DE INUNDACI\u00d3N SOLAR &#8211; Grupo de iluminaci\u00f3n ZHL","og_description":"La luz de inundaci\u00f3n solar LED de la serie Max es un dispositivo de iluminaci\u00f3n exterior de bajo consumo de energ\u00eda y dise\u00f1o de cuerpo dividido. Cuenta con un \u00e1ngulo de haz m\u00e1ximo para diferentes ocasiones.","og_url":"https:\/\/www.zhgdled.com\/es\/max-series-luz-de-inundacion-solar.html","og_site_name":"Grupo de iluminaci\u00f3n ZHL","article_publisher":"https:\/\/www.facebook.com\/zhllightinggroup","article_modified_time":"2023-12-27T07:09:13+00:00","og_image":[{"width":1600,"height":1600,"url":"https:\/\/www.zhgdled.com\/wp-content\/uploads\/2022\/08\/0.png","type":"image\/png"}],"twitter_card":"summary_large_image","twitter_site":"@zhl_lighting","twitter_misc":{"Tiempo de lectura":"1 minuto"},"schema":{"@context":"https:\/\/schema.org","@graph":[{"@type":"WebPage","@id":"https:\/\/www.zhgdled.com\/es\/max-series-luz-de-inundacion-solar.html","url":"https:\/\/www.zhgdled.com\/es\/max-series-luz-de-inundacion-solar.html","name":"MAX SERIES LUZ DE INUNDACI\u00d3N SOLAR &#8211; Grupo de iluminaci\u00f3n ZHL","isPartOf":{"@id":"https:\/\/www.zhgdled.com\/es\/#website"},"primaryImageOfPage":{"@id":"https:\/\/www.zhgdled.com\/es\/max-series-luz-de-inundacion-solar.html#primaryimage"},"image":{"@id":"https:\/\/www.zhgdled.com\/es\/max-series-luz-de-inundacion-solar.html#primaryimage"},"thumbnailUrl":"https:\/\/www.zhgdled.com\/wp-content\/uploads\/2022\/08\/0.png","datePublished":"2022-08-10T06:01:36+00:00","dateModified":"2023-12-27T07:09:13+00:00","description":"La luz de inundaci\u00f3n solar LED de la serie Max es un dispositivo de iluminaci\u00f3n exterior de bajo consumo de energ\u00eda y dise\u00f1o de cuerpo dividido. Cuenta con un \u00e1ngulo de haz m\u00e1ximo para diferentes ocasiones.","breadcrumb":{"@id":"https:\/\/www.zhgdled.com\/es\/max-series-luz-de-inundacion-solar.html#breadcrumb"},"inLanguage":"es","potentialAction":[{"@type":"ReadAction","target":["https:\/\/www.zhgdled.com\/es\/max-series-luz-de-inundacion-solar.html"]}]},{"@type":"ImageObject","inLanguage":"es","@id":"https:\/\/www.zhgdled.com\/es\/max-series-luz-de-inundacion-solar.html#primaryimage","url":"https:\/\/www.zhgdled.com\/wp-content\/uploads\/2022\/08\/0.png","contentUrl":"https:\/\/www.zhgdled.com\/wp-content\/uploads\/2022\/08\/0.png","width":1600,"height":1600,"caption":"luz de inunda\u00e7\u00e3o solar da s\u00e9rie max"},{"@type":"BreadcrumbList","@id":"https:\/\/www.zhgdled.com\/es\/max-series-luz-de-inundacion-solar.html#breadcrumb","itemListElement":[{"@type":"ListItem","position":1,"name":"Home","item":"https:\/\/www.zhgdled.com\/es"},{"@type":"ListItem","position":2,"name":"PRODUCTS","item":"https:\/\/www.zhgdled.com\/zhl-products.html"},{"@type":"ListItem","position":3,"name":"MAX SERIES LUZ DE INUNDACI\u00d3N SOLAR"}]},{"@type":"WebSite","@id":"https:\/\/www.zhgdled.com\/es\/#website","url":"https:\/\/www.zhgdled.com\/es\/","name":"Grupo de iluminaci\u00f3n ZHL","description":"Top ranking industrial lighting manufacturer and exporter","publisher":{"@id":"https:\/\/www.zhgdled.com\/es\/#organization"},"potentialAction":[{"@type":"SearchAction","target":{"@type":"EntryPoint","urlTemplate":"https:\/\/www.zhgdled.com\/es\/?s={search_term_string}"},"query-input":{"@type":"PropertyValueSpecification","valueRequired":true,"valueName":"search_term_string"}}],"inLanguage":"es"},{"@type":"Organization","@id":"https:\/\/www.zhgdled.com\/es\/#organization","name":"ZHL Lighting Group","url":"https:\/\/www.zhgdled.com\/es\/","logo":{"@type":"ImageObject","inLanguage":"es","@id":"https:\/\/www.zhgdled.com\/es\/#\/schema\/logo\/image\/","url":"","contentUrl":"","caption":"ZHL Lighting Group"},"image":{"@id":"https:\/\/www.zhgdled.com\/es\/#\/schema\/logo\/image\/"},"sameAs":["https:\/\/www.facebook.com\/zhllightinggroup","https:\/\/x.com\/zhl_lighting"]}]}},"_links":{"self":[{"href":"https:\/\/www.zhgdled.com\/es\/wp-json\/wp\/v2\/product\/14557","targetHints":{"allow":["GET"]}}],"collection":[{"href":"https:\/\/www.zhgdled.com\/es\/wp-json\/wp\/v2\/product"}],"about":[{"href":"https:\/\/www.zhgdled.com\/es\/wp-json\/wp\/v2\/types\/product"}],"wp:featuredmedia":[{"embeddable":true,"href":"https:\/\/www.zhgdled.com\/es\/wp-json\/wp\/v2\/media\/13943"}],"wp:attachment":[{"href":"https:\/\/www.zhgdled.com\/es\/wp-json\/wp\/v2\/media?parent=14557"}],"wp:term":[{"taxonomy":"product_brand","embeddable":true,"href":"https:\/\/www.zhgdled.com\/es\/wp-json\/wp\/v2\/product_brand?post=14557"},{"taxonomy":"product_cat","embeddable":true,"href":"https:\/\/www.zhgdled.com\/es\/wp-json\/wp\/v2\/product_cat?post=14557"},{"taxonomy":"product_tag","embeddable":true,"href":"https:\/\/www.zhgdled.com\/es\/wp-json\/wp\/v2\/product_tag?post=14557"}],"curies":[{"name":"wp","href":"https:\/\/api.w.org\/{rel}","templated":true}]}}