{"id":17743,"date":"2023-09-05T20:28:32","date_gmt":"2021-10-26T12:28:32","guid":{"rendered":"https:\/\/www.zhgdled.com\/product\/10w-200w-z-plus-series-floodlight"},"modified":"2022-11-15T14:40:30","modified_gmt":"2022-11-15T06:40:30","slug":"10w-200w-z-plus-series-floodlight","status":"publish","type":"product","link":"https:\/\/www.zhgdled.com\/es\/luz-de-inundacion-serie-zplus.html","title":{"rendered":"LUZ DE INUNDACI\u00d3N SERIE Z-PLUS 10W-200W"},"content":{"rendered":"<h2>LUZ DE INUNDACI\u00d3N CL\u00c1SICO DE CALIDAD ESTABLE<\/h2>\n<p>Desde 2008, ZHL ha enviado en total 2 millones de juegos de luces de inundaci\u00f3n de la serie Z-PLUS en todo el mundo. Aunque los ingenieros gastaron mucha energ\u00eda para actualizar e iterar el Z-PLUS a la tercera generaci\u00f3n, los reflectores cl\u00e1sicos de la serie Z-PLUS siguen siendo la soluci\u00f3n de iluminaci\u00f3n limpia y econ\u00f3mica elegida por la mayor\u00eda de los ingenieros, constructores y minoristas. La raz\u00f3n de esto es el rendimiento estable de esta luminaria, la baja contaminaci\u00f3n lum\u00ednica y los bajos costos de mantenimiento.<\/p>\n<p>&nbsp;<\/p>\n<h2>ESPECIFICACI\u00d3N<\/h2>\n<table style=\"border-collapse: collapse; width: 448.52pt;\" border=\"0\" width=\"598\" cellspacing=\"0\" cellpadding=\"0\">\n<tbody>\n<tr style=\"height: 20.00pt;\">\n<td class=\"et2\" style=\"height: 20.00pt; width: 132.00pt;\" width=\"176\" height=\"26\"><\/td>\n<td style=\"width: 316.50pt;\" width=\"422\"><\/td>\n<\/tr>\n<tr style=\"height: 20.00pt;\">\n<td class=\"et3\" style=\"height: 20.00pt;\" height=\"26\"><strong>Potencia<\/strong><\/td>\n<td class=\"et3\"><strong>10W 20W 30W 50W 100W 150W 200W<\/strong><\/td>\n<\/tr>\n<tr style=\"height: 20.00pt;\">\n<td class=\"et3\" style=\"height: 20.00pt;\" height=\"26\"><strong>LED<\/strong><\/td>\n<td class=\"et3\"><strong>SMD 2835<\/strong><\/td>\n<\/tr>\n<tr style=\"height: 20.00pt;\">\n<td class=\"et3\" style=\"height: 20.00pt;\" height=\"26\"><strong>Temperatura de color (CCT)<\/strong><\/td>\n<td class=\"et3\"><strong>2700-6500K<\/strong><\/td>\n<\/tr>\n<tr style=\"height: 20.00pt;\">\n<td class=\"et3\" style=\"height: 20.00pt;\" height=\"26\"><strong>Eficiencia luminosa (lm\/w)<\/strong><\/td>\n<td class=\"et3\"><strong>90lm\/w<\/strong><\/td>\n<\/tr>\n<tr style=\"height: 20.00pt;\">\n<td class=\"et3\" style=\"height: 20.00pt;\" height=\"26\"><strong>Voltaje de entrada (V)<\/strong><\/td>\n<td class=\"et3\"><strong><span class=\"font2\">AC110-130V&amp;AC220-265V<\/span><span class=\"font0\">\uff0c<\/span><span class=\"font2\">AC220-265V<\/span><\/strong><\/td>\n<\/tr>\n<tr style=\"height: 20.00pt;\">\n<td class=\"et3\" style=\"height: 20.00pt;\" height=\"26\"><strong>PF<\/strong><\/td>\n<td class=\"et3\"><strong>&gt;0.9<\/strong><\/td>\n<\/tr>\n<tr style=\"height: 20.00pt;\">\n<td class=\"et3\" style=\"height: 20.00pt;\" height=\"26\"><strong>CRI (Ra&gt;)<\/strong><\/td>\n<td class=\"et4\"><strong>80\/70<\/strong><\/td>\n<\/tr>\n<tr style=\"height: 20.00pt;\">\n<td class=\"et3\" style=\"height: 20.00pt;\" height=\"26\"><strong>Beam Angle(\u00b0)<\/strong><\/td>\n<td class=\"et4\"><strong>120<\/strong><\/td>\n<\/tr>\n<tr style=\"height: 20.00pt;\">\n<td class=\"et3\" style=\"height: 20.00pt;\" height=\"26\"><strong>IP Grade<\/strong><\/td>\n<td class=\"et4\"><strong>IP65<\/strong><\/td>\n<\/tr>\n<tr style=\"height: 20.00pt;\">\n<td class=\"et3\" style=\"height: 20.00pt;\" height=\"26\"><strong>Material<\/strong><\/td>\n<td class=\"et4\"><strong>Cuerpo de aluminio + cubierta de vidrio templado<\/strong><\/td>\n<\/tr>\n<tr style=\"height: 20.00pt;\">\n<td class=\"et3\" style=\"height: 20.00pt;\" height=\"26\"><strong>Temperatura de trabajo (\u2103)<\/strong><\/td>\n<td class=\"et4\"><strong>-20-50<\/strong><\/td>\n<\/tr>\n<tr style=\"height: 20.00pt;\">\n<td class=\"et3\" style=\"height: 20.00pt;\" height=\"26\"><strong>Warranty(Year)<\/strong><\/td>\n<td class=\"et4\"><strong>2 Years<\/strong><\/td>\n<\/tr>\n<tr style=\"height: 20.00pt;\">\n<td class=\"et3\" style=\"height: 20.00pt;\" height=\"26\"><strong>Certification<\/strong><\/td>\n<td class=\"et3\"><strong>CE<\/strong><\/td>\n<\/tr>\n<tr style=\"height: 20.00pt;\">\n<td class=\"et3\" style=\"height: 20.00pt;\" height=\"26\"><strong>Driver<\/strong><\/td>\n<td class=\"et3\"><strong>DOB<\/strong><\/td>\n<\/tr>\n<\/tbody>\n<\/table>\n","protected":false},"excerpt":{"rendered":"<p>Desde 2008, ZHL ha enviado en total 2 millones de juegos de luces de inundaci\u00f3n de la serie Z-PLUS en todo el mundo. Aunque los ingenieros gastaron mucha energ\u00eda para actualizar e iterar el Z-PLUS a la tercera generaci\u00f3n, los reflectores cl\u00e1sicos de la serie Z-PLUS siguen siendo la soluci\u00f3n de iluminaci\u00f3n limpia y econ\u00f3mica elegida por la mayor\u00eda de los ingenieros, constructores y minoristas. La raz\u00f3n de esto es el rendimiento estable de esta luminaria, la baja contaminaci\u00f3n lum\u00ednica y los bajos costos de mantenimiento.<\/p>\n<ul>\n<li>Aluminio fundido a presi\u00f3n. Cubierta de vidrio templado<\/li>\n<li>10W &#8211; 200W<\/li>\n<li>IP65<\/li>\n<li>soluci\u00f3n DOB<\/li>\n<li>CA110-130V y CA220-265V, CA220-265V<\/li>\n<\/ul>\n","protected":false},"featured_media":22459,"template":"","meta":[],"product_brand":[],"product_cat":[611],"product_tag":[],"class_list":{"0":"post-17743","1":"product","2":"type-product","3":"status-publish","4":"has-post-thumbnail","6":"product_cat-led-flood-light-es","8":"first","9":"instock","10":"shipping-taxable","11":"product-type-simple"},"yoast_head":"<!-- This site is optimized with the Yoast SEO plugin v27.4 - https:\/\/yoast.com\/product\/yoast-seo-wordpress\/ -->\n<title>LUZ DE INUNDACI\u00d3N SERIE Z-PLUS 10W-200W &#8211; Grupo de iluminaci\u00f3n ZHL<\/title>\n<meta name=\"description\" content=\"Desde 2008, ZHL ha enviado en total 2 millones de juegos de luces de inundaci\u00f3n de la serie Z-PLUS en todo el mundo. Aunque los ingenieros gastaron mucha energ\u00eda para actualizar e iterar el Z-PLUS a la tercera generaci\u00f3n, los reflectores cl\u00e1sicos de la serie Z-PLUS siguen siendo la soluci\u00f3n de iluminaci\u00f3n limpia y econ\u00f3mica elegida por la mayor\u00eda de los ingenieros, constructores y minoristas.\" \/>\n<meta name=\"robots\" content=\"index, follow, max-snippet:-1, max-image-preview:large, max-video-preview:-1\" \/>\n<link rel=\"canonical\" href=\"https:\/\/www.zhgdled.com\/es\/luz-de-inundacion-serie-zplus.html\" \/>\n<meta property=\"og:locale\" content=\"es_ES\" \/>\n<meta property=\"og:type\" content=\"article\" \/>\n<meta property=\"og:title\" content=\"LUZ DE INUNDACI\u00d3N SERIE Z-PLUS 10W-200W &#8211; Grupo de iluminaci\u00f3n ZHL\" \/>\n<meta property=\"og:description\" content=\"Desde 2008, ZHL ha enviado en total 2 millones de juegos de luces de inundaci\u00f3n de la serie Z-PLUS en todo el mundo. Aunque los ingenieros gastaron mucha energ\u00eda para actualizar e iterar el Z-PLUS a la tercera generaci\u00f3n, los reflectores cl\u00e1sicos de la serie Z-PLUS siguen siendo la soluci\u00f3n de iluminaci\u00f3n limpia y econ\u00f3mica elegida por la mayor\u00eda de los ingenieros, constructores y minoristas.\" \/>\n<meta property=\"og:url\" content=\"https:\/\/www.zhgdled.com\/es\/luz-de-inundacion-serie-zplus.html\" \/>\n<meta property=\"og:site_name\" content=\"Grupo de iluminaci\u00f3n ZHL\" \/>\n<meta property=\"article:publisher\" content=\"https:\/\/www.facebook.com\/zhllightinggroup\" \/>\n<meta property=\"article:modified_time\" content=\"2022-11-15T06:40:30+00:00\" \/>\n<meta property=\"og:image\" content=\"https:\/\/www.zhgdled.com\/wp-content\/uploads\/2021\/10\/23.png\" \/>\n\t<meta property=\"og:image:width\" content=\"1600\" \/>\n\t<meta property=\"og:image:height\" content=\"1600\" \/>\n\t<meta property=\"og:image:type\" content=\"image\/png\" \/>\n<meta name=\"twitter:card\" content=\"summary_large_image\" \/>\n<meta name=\"twitter:site\" content=\"@zhl_lighting\" \/>\n<meta name=\"twitter:label1\" content=\"Tiempo de lectura\" \/>\n\t<meta name=\"twitter:data1\" content=\"1 minuto\" \/>\n<script type=\"application\/ld+json\" class=\"yoast-schema-graph\">{\"@context\":\"https:\\\/\\\/schema.org\",\"@graph\":[{\"@type\":\"WebPage\",\"@id\":\"https:\\\/\\\/www.zhgdled.com\\\/es\\\/luz-de-inundacion-serie-zplus.html\",\"url\":\"https:\\\/\\\/www.zhgdled.com\\\/es\\\/luz-de-inundacion-serie-zplus.html\",\"name\":\"LUZ DE INUNDACI\u00d3N SERIE Z-PLUS 10W-200W &#8211; Grupo de iluminaci\u00f3n ZHL\",\"isPartOf\":{\"@id\":\"https:\\\/\\\/www.zhgdled.com\\\/es\\\/#website\"},\"primaryImageOfPage\":{\"@id\":\"https:\\\/\\\/www.zhgdled.com\\\/es\\\/luz-de-inundacion-serie-zplus.html#primaryimage\"},\"image\":{\"@id\":\"https:\\\/\\\/www.zhgdled.com\\\/es\\\/luz-de-inundacion-serie-zplus.html#primaryimage\"},\"thumbnailUrl\":\"https:\\\/\\\/www.zhgdled.com\\\/wp-content\\\/uploads\\\/2021\\\/10\\\/ZHL-00-100W.png\",\"datePublished\":\"2021-10-26T12:28:32+00:00\",\"dateModified\":\"2022-11-15T06:40:30+00:00\",\"description\":\"Desde 2008, ZHL ha enviado en total 2 millones de juegos de luces de inundaci\u00f3n de la serie Z-PLUS en todo el mundo. Aunque los ingenieros gastaron mucha energ\u00eda para actualizar e iterar el Z-PLUS a la tercera generaci\u00f3n, los reflectores cl\u00e1sicos de la serie Z-PLUS siguen siendo la soluci\u00f3n de iluminaci\u00f3n limpia y econ\u00f3mica elegida por la mayor\u00eda de los ingenieros, constructores y minoristas.\",\"breadcrumb\":{\"@id\":\"https:\\\/\\\/www.zhgdled.com\\\/es\\\/luz-de-inundacion-serie-zplus.html#breadcrumb\"},\"inLanguage\":\"es\",\"potentialAction\":[{\"@type\":\"ReadAction\",\"target\":[\"https:\\\/\\\/www.zhgdled.com\\\/es\\\/luz-de-inundacion-serie-zplus.html\"]}]},{\"@type\":\"ImageObject\",\"inLanguage\":\"es\",\"@id\":\"https:\\\/\\\/www.zhgdled.com\\\/es\\\/luz-de-inundacion-serie-zplus.html#primaryimage\",\"url\":\"https:\\\/\\\/www.zhgdled.com\\\/wp-content\\\/uploads\\\/2021\\\/10\\\/ZHL-00-100W.png\",\"contentUrl\":\"https:\\\/\\\/www.zhgdled.com\\\/wp-content\\\/uploads\\\/2021\\\/10\\\/ZHL-00-100W.png\",\"width\":1600,\"height\":1600,\"caption\":\"Z-PLUS Series floodlight\"},{\"@type\":\"BreadcrumbList\",\"@id\":\"https:\\\/\\\/www.zhgdled.com\\\/es\\\/luz-de-inundacion-serie-zplus.html#breadcrumb\",\"itemListElement\":[{\"@type\":\"ListItem\",\"position\":1,\"name\":\"Home\",\"item\":\"https:\\\/\\\/www.zhgdled.com\\\/es\"},{\"@type\":\"ListItem\",\"position\":2,\"name\":\"PRODUCTS\",\"item\":\"https:\\\/\\\/www.zhgdled.com\\\/zhl-products.html\"},{\"@type\":\"ListItem\",\"position\":3,\"name\":\"LUZ DE INUNDACI\u00d3N SERIE Z-PLUS 10W-200W\"}]},{\"@type\":\"WebSite\",\"@id\":\"https:\\\/\\\/www.zhgdled.com\\\/es\\\/#website\",\"url\":\"https:\\\/\\\/www.zhgdled.com\\\/es\\\/\",\"name\":\"Grupo de iluminaci\u00f3n ZHL\",\"description\":\"Top ranking industrial lighting manufacturer and exporter\",\"publisher\":{\"@id\":\"https:\\\/\\\/www.zhgdled.com\\\/es\\\/#organization\"},\"potentialAction\":[{\"@type\":\"SearchAction\",\"target\":{\"@type\":\"EntryPoint\",\"urlTemplate\":\"https:\\\/\\\/www.zhgdled.com\\\/es\\\/?s={search_term_string}\"},\"query-input\":{\"@type\":\"PropertyValueSpecification\",\"valueRequired\":true,\"valueName\":\"search_term_string\"}}],\"inLanguage\":\"es\"},{\"@type\":\"Organization\",\"@id\":\"https:\\\/\\\/www.zhgdled.com\\\/es\\\/#organization\",\"name\":\"ZHL Lighting Group\",\"url\":\"https:\\\/\\\/www.zhgdled.com\\\/es\\\/\",\"logo\":{\"@type\":\"ImageObject\",\"inLanguage\":\"es\",\"@id\":\"https:\\\/\\\/www.zhgdled.com\\\/es\\\/#\\\/schema\\\/logo\\\/image\\\/\",\"url\":\"\",\"contentUrl\":\"\",\"caption\":\"ZHL Lighting Group\"},\"image\":{\"@id\":\"https:\\\/\\\/www.zhgdled.com\\\/es\\\/#\\\/schema\\\/logo\\\/image\\\/\"},\"sameAs\":[\"https:\\\/\\\/www.facebook.com\\\/zhllightinggroup\",\"https:\\\/\\\/x.com\\\/zhl_lighting\"]}]}<\/script>\n<!-- \/ Yoast SEO plugin. -->","yoast_head_json":{"title":"LUZ DE INUNDACI\u00d3N SERIE Z-PLUS 10W-200W &#8211; Grupo de iluminaci\u00f3n ZHL","description":"Desde 2008, ZHL ha enviado en total 2 millones de juegos de luces de inundaci\u00f3n de la serie Z-PLUS en todo el mundo. Aunque los ingenieros gastaron mucha energ\u00eda para actualizar e iterar el Z-PLUS a la tercera generaci\u00f3n, los reflectores cl\u00e1sicos de la serie Z-PLUS siguen siendo la soluci\u00f3n de iluminaci\u00f3n limpia y econ\u00f3mica elegida por la mayor\u00eda de los ingenieros, constructores y minoristas.","robots":{"index":"index","follow":"follow","max-snippet":"max-snippet:-1","max-image-preview":"max-image-preview:large","max-video-preview":"max-video-preview:-1"},"canonical":"https:\/\/www.zhgdled.com\/es\/luz-de-inundacion-serie-zplus.html","og_locale":"es_ES","og_type":"article","og_title":"LUZ DE INUNDACI\u00d3N SERIE Z-PLUS 10W-200W &#8211; Grupo de iluminaci\u00f3n ZHL","og_description":"Desde 2008, ZHL ha enviado en total 2 millones de juegos de luces de inundaci\u00f3n de la serie Z-PLUS en todo el mundo. Aunque los ingenieros gastaron mucha energ\u00eda para actualizar e iterar el Z-PLUS a la tercera generaci\u00f3n, los reflectores cl\u00e1sicos de la serie Z-PLUS siguen siendo la soluci\u00f3n de iluminaci\u00f3n limpia y econ\u00f3mica elegida por la mayor\u00eda de los ingenieros, constructores y minoristas.","og_url":"https:\/\/www.zhgdled.com\/es\/luz-de-inundacion-serie-zplus.html","og_site_name":"Grupo de iluminaci\u00f3n ZHL","article_publisher":"https:\/\/www.facebook.com\/zhllightinggroup","article_modified_time":"2022-11-15T06:40:30+00:00","og_image":[{"width":1600,"height":1600,"url":"https:\/\/www.zhgdled.com\/wp-content\/uploads\/2021\/10\/23.png","type":"image\/png"}],"twitter_card":"summary_large_image","twitter_site":"@zhl_lighting","twitter_misc":{"Tiempo de lectura":"1 minuto"},"schema":{"@context":"https:\/\/schema.org","@graph":[{"@type":"WebPage","@id":"https:\/\/www.zhgdled.com\/es\/luz-de-inundacion-serie-zplus.html","url":"https:\/\/www.zhgdled.com\/es\/luz-de-inundacion-serie-zplus.html","name":"LUZ DE INUNDACI\u00d3N SERIE Z-PLUS 10W-200W &#8211; Grupo de iluminaci\u00f3n ZHL","isPartOf":{"@id":"https:\/\/www.zhgdled.com\/es\/#website"},"primaryImageOfPage":{"@id":"https:\/\/www.zhgdled.com\/es\/luz-de-inundacion-serie-zplus.html#primaryimage"},"image":{"@id":"https:\/\/www.zhgdled.com\/es\/luz-de-inundacion-serie-zplus.html#primaryimage"},"thumbnailUrl":"https:\/\/www.zhgdled.com\/wp-content\/uploads\/2021\/10\/ZHL-00-100W.png","datePublished":"2021-10-26T12:28:32+00:00","dateModified":"2022-11-15T06:40:30+00:00","description":"Desde 2008, ZHL ha enviado en total 2 millones de juegos de luces de inundaci\u00f3n de la serie Z-PLUS en todo el mundo. Aunque los ingenieros gastaron mucha energ\u00eda para actualizar e iterar el Z-PLUS a la tercera generaci\u00f3n, los reflectores cl\u00e1sicos de la serie Z-PLUS siguen siendo la soluci\u00f3n de iluminaci\u00f3n limpia y econ\u00f3mica elegida por la mayor\u00eda de los ingenieros, constructores y minoristas.","breadcrumb":{"@id":"https:\/\/www.zhgdled.com\/es\/luz-de-inundacion-serie-zplus.html#breadcrumb"},"inLanguage":"es","potentialAction":[{"@type":"ReadAction","target":["https:\/\/www.zhgdled.com\/es\/luz-de-inundacion-serie-zplus.html"]}]},{"@type":"ImageObject","inLanguage":"es","@id":"https:\/\/www.zhgdled.com\/es\/luz-de-inundacion-serie-zplus.html#primaryimage","url":"https:\/\/www.zhgdled.com\/wp-content\/uploads\/2021\/10\/ZHL-00-100W.png","contentUrl":"https:\/\/www.zhgdled.com\/wp-content\/uploads\/2021\/10\/ZHL-00-100W.png","width":1600,"height":1600,"caption":"Z-PLUS Series floodlight"},{"@type":"BreadcrumbList","@id":"https:\/\/www.zhgdled.com\/es\/luz-de-inundacion-serie-zplus.html#breadcrumb","itemListElement":[{"@type":"ListItem","position":1,"name":"Home","item":"https:\/\/www.zhgdled.com\/es"},{"@type":"ListItem","position":2,"name":"PRODUCTS","item":"https:\/\/www.zhgdled.com\/zhl-products.html"},{"@type":"ListItem","position":3,"name":"LUZ DE INUNDACI\u00d3N SERIE Z-PLUS 10W-200W"}]},{"@type":"WebSite","@id":"https:\/\/www.zhgdled.com\/es\/#website","url":"https:\/\/www.zhgdled.com\/es\/","name":"Grupo de iluminaci\u00f3n ZHL","description":"Top ranking industrial lighting manufacturer and exporter","publisher":{"@id":"https:\/\/www.zhgdled.com\/es\/#organization"},"potentialAction":[{"@type":"SearchAction","target":{"@type":"EntryPoint","urlTemplate":"https:\/\/www.zhgdled.com\/es\/?s={search_term_string}"},"query-input":{"@type":"PropertyValueSpecification","valueRequired":true,"valueName":"search_term_string"}}],"inLanguage":"es"},{"@type":"Organization","@id":"https:\/\/www.zhgdled.com\/es\/#organization","name":"ZHL Lighting Group","url":"https:\/\/www.zhgdled.com\/es\/","logo":{"@type":"ImageObject","inLanguage":"es","@id":"https:\/\/www.zhgdled.com\/es\/#\/schema\/logo\/image\/","url":"","contentUrl":"","caption":"ZHL Lighting Group"},"image":{"@id":"https:\/\/www.zhgdled.com\/es\/#\/schema\/logo\/image\/"},"sameAs":["https:\/\/www.facebook.com\/zhllightinggroup","https:\/\/x.com\/zhl_lighting"]}]}},"_links":{"self":[{"href":"https:\/\/www.zhgdled.com\/es\/wp-json\/wp\/v2\/product\/17743","targetHints":{"allow":["GET"]}}],"collection":[{"href":"https:\/\/www.zhgdled.com\/es\/wp-json\/wp\/v2\/product"}],"about":[{"href":"https:\/\/www.zhgdled.com\/es\/wp-json\/wp\/v2\/types\/product"}],"wp:featuredmedia":[{"embeddable":true,"href":"https:\/\/www.zhgdled.com\/es\/wp-json\/wp\/v2\/media\/22459"}],"wp:attachment":[{"href":"https:\/\/www.zhgdled.com\/es\/wp-json\/wp\/v2\/media?parent=17743"}],"wp:term":[{"taxonomy":"product_brand","embeddable":true,"href":"https:\/\/www.zhgdled.com\/es\/wp-json\/wp\/v2\/product_brand?post=17743"},{"taxonomy":"product_cat","embeddable":true,"href":"https:\/\/www.zhgdled.com\/es\/wp-json\/wp\/v2\/product_cat?post=17743"},{"taxonomy":"product_tag","embeddable":true,"href":"https:\/\/www.zhgdled.com\/es\/wp-json\/wp\/v2\/product_tag?post=17743"}],"curies":[{"name":"wp","href":"https:\/\/api.w.org\/{rel}","templated":true}]}}