{"id":17850,"date":"2023-08-07T18:03:14","date_gmt":"2022-11-22T10:03:14","guid":{"rendered":"https:\/\/www.zhgdled.com\/product\/comte-series-high-bay-light-w-zhaga-base"},"modified":"2023-12-27T14:44:46","modified_gmt":"2023-12-27T06:44:46","slug":"comte-series-high-bay-light-w-zhaga-base","status":"publish","type":"product","link":"https:\/\/www.zhgdled.com\/es\/serie-comte-luces-de-bahia-alta-con-zhaga.html","title":{"rendered":"SERIE COMTE LUCES DE BAH\u00cdA ALTA CON CONTROLADOR ZHAGA"},"content":{"rendered":"<h2>Luces de bah\u00eda alta que pueden cumplir con los requisitos de integraci\u00f3n a gran escala gracias al m\u00f3dulo ZHAGA<\/h2>\n<ul>\n<li>Este highbay es un nuevo producto de dise\u00f1o que tiene un dise\u00f1o de estilo de fregadero de conductor en la construcci\u00f3n, brinda una soluci\u00f3n perfecta a la influencia de la disipaci\u00f3n de calor \u00f3ptica, mec\u00e1nica y el\u00e9ctrica, lo que garantiza un rendimiento m\u00e1s estable y una larga vida \u00fatil.<\/li>\n<li>Se agrega el m\u00f3dulo de detecci\u00f3n inteligente Plug and Play, que puede realizar detecci\u00f3n de microondas o infrarrojos y control remoto a trav\u00e9s de la aplicaci\u00f3n de tel\u00e9fono m\u00f3vil.<\/li>\n<li>La estructura del controlador est\u00e1 dise\u00f1ada por separado de las piezas de iluminaci\u00f3n, que pueden ser compatibles con los controladores de varias marcas, como MOSO, LIFUD, SOSEN, MEANWELL.<\/li>\n<li>Adopta un dise\u00f1o de aletas de aluminio de alta densidad y est\u00e1 fundido a presi\u00f3n integrado, con una disipaci\u00f3n de calor r\u00e1pida, alta resistencia y buena resistencia al impacto.<\/li>\n<li>M\u00faltiples m\u00e9todos de instalaci\u00f3n opcionales, como instalaci\u00f3n de cadena, instalaci\u00f3n de varilla roscada e instalaci\u00f3n de pared.<\/li>\n<\/ul>\n<p>&nbsp;<\/p>\n<table style=\"border-collapse: collapse; width: 447px; height: 158px;\" border=\"0\" width=\"274\" cellspacing=\"0\" cellpadding=\"0\">\n<tbody>\n<tr style=\"height: 13.50pt;\">\n<td style=\"height: 13.50pt; width: 89.25pt;\" width=\"119\" height=\"18\"><img decoding=\"async\" class=\"wp-image-17482 alignright\" src=\"https:\/\/www.zhgdled.com\/wp-content\/uploads\/2022\/07\/zhl_download-logo.png\" alt=\"\" width=\"22\" height=\"22\" srcset=\"https:\/\/www.zhgdled.com\/wp-content\/uploads\/2022\/07\/zhl_download-logo.png 368w, https:\/\/www.zhgdled.com\/wp-content\/uploads\/2022\/07\/zhl_download-logo-300x300.png 300w, https:\/\/www.zhgdled.com\/wp-content\/uploads\/2022\/07\/zhl_download-logo-150x150.png 150w\" sizes=\"(max-width: 22px) 100vw, 22px\" \/><\/td>\n<td style=\"width: 116.25pt;\" width=\"155\"><a href=\"https:\/\/www.zhgdled.com\/download\/comte-series-high-bay-light\">Download Specs<\/a><\/td>\n<\/tr>\n<tr style=\"height: 13.50pt;\">\n<td style=\"height: 13.50pt;\" colspan=\"2\" height=\"18\">View Industry Standards<\/td>\n<\/tr>\n<tr style=\"height: 13.50pt;\">\n<td style=\"height: 13.50pt;\" height=\"18\">UL<\/td>\n<td><a href=\"https:\/\/www.ul.com\/industries\/products-and-components\/lighting\"><strong><b>UL Solutions\u2019 lighting services<\/b><\/strong><\/a><\/td>\n<\/tr>\n<tr style=\"height: 13.50pt;\">\n<td style=\"height: 13.50pt;\" height=\"18\">CE<\/td>\n<td><a href=\"https:\/\/eur-lex.europa.eu\/legal-content\/EN\/TXT\/PDF\/?uri=CELEX:32014L0035&amp;from=HU\"><strong><b>LVD Directive 2014\/35\/EU<\/b><\/strong><\/a><\/td>\n<\/tr>\n<\/tbody>\n<\/table>\n<p>&nbsp;<\/p>\n<p><img decoding=\"async\" class=\"alignnone size-full wp-image-17776\" src=\"https:\/\/www.zhgdled.com\/wp-content\/uploads\/2022\/11\/20221122175854.jpg\" alt=\"\" width=\"697\" height=\"720\" srcset=\"https:\/\/www.zhgdled.com\/wp-content\/uploads\/2022\/11\/20221122175854.jpg 697w, https:\/\/www.zhgdled.com\/wp-content\/uploads\/2022\/11\/20221122175854-290x300.jpg 290w, https:\/\/www.zhgdled.com\/wp-content\/uploads\/2022\/11\/20221122175854-600x620.jpg 600w, https:\/\/www.zhgdled.com\/wp-content\/uploads\/2022\/11\/20221122175854-150x155.jpg 150w\" sizes=\"(max-width: 697px) 100vw, 697px\" \/><\/p>\n","protected":false},"excerpt":{"rendered":"<p>El dise\u00f1o ultrafino reduce la altura de toda la l\u00e1mpara y ahorra el costo de los costos de embalaje y los gastos de transporte. Con LED de alta eficiencia luminosa, la eficiencia de iluminaci\u00f3n de toda la l\u00e1mpara es \u2265 160 lm\/w, lo que mejora en gran medida la calidad de la iluminaci\u00f3n en el espacio y aumenta la eficiencia del trabajo.<\/p>\n","protected":false},"featured_media":17786,"template":"","meta":[],"product_brand":[],"product_cat":[660],"product_tag":[661],"class_list":{"0":"post-17850","1":"product","2":"type-product","3":"status-publish","4":"has-post-thumbnail","6":"product_cat-campanas-led","7":"product_tag-campanas-led","9":"first","10":"instock","11":"shipping-taxable","12":"product-type-simple"},"yoast_head":"<!-- This site is optimized with the Yoast SEO plugin v27.4 - https:\/\/yoast.com\/product\/yoast-seo-wordpress\/ -->\n<title>SERIE COMTE LUCES DE BAH\u00cdA ALTA CON CONTROLADOR ZHAGA &#8211; Grupo de iluminaci\u00f3n ZHL<\/title>\n<meta name=\"description\" content=\"El dise\u00f1o ultrafino reduce la altura de toda la l\u00e1mpara y ahorra el costo de los costos de embalaje y los gastos de transporte. Con LED de alta eficiencia luminosa, la eficiencia de iluminaci\u00f3n de toda la l\u00e1mpara es \u2265 160 lm\/w, lo que mejora en gran medida la calidad de la iluminaci\u00f3n en el espacio y aumenta la eficiencia del trabajo.\" \/>\n<meta name=\"robots\" content=\"index, follow, max-snippet:-1, max-image-preview:large, max-video-preview:-1\" \/>\n<link rel=\"canonical\" href=\"https:\/\/www.zhgdled.com\/es\/serie-comte-luces-de-bahia-alta-con-zhaga.html\" \/>\n<meta property=\"og:locale\" content=\"es_ES\" \/>\n<meta property=\"og:type\" content=\"article\" \/>\n<meta property=\"og:title\" content=\"SERIE COMTE LUCES DE BAH\u00cdA ALTA CON CONTROLADOR ZHAGA &#8211; Grupo de iluminaci\u00f3n ZHL\" \/>\n<meta property=\"og:description\" content=\"El dise\u00f1o ultrafino reduce la altura de toda la l\u00e1mpara y ahorra el costo de los costos de embalaje y los gastos de transporte. Con LED de alta eficiencia luminosa, la eficiencia de iluminaci\u00f3n de toda la l\u00e1mpara es \u2265 160 lm\/w, lo que mejora en gran medida la calidad de la iluminaci\u00f3n en el espacio y aumenta la eficiencia del trabajo.\" \/>\n<meta property=\"og:url\" content=\"https:\/\/www.zhgdled.com\/es\/serie-comte-luces-de-bahia-alta-con-zhaga.html\" \/>\n<meta property=\"og:site_name\" content=\"Grupo de iluminaci\u00f3n ZHL\" \/>\n<meta property=\"article:publisher\" content=\"https:\/\/www.facebook.com\/zhllightinggroup\" \/>\n<meta property=\"article:modified_time\" content=\"2023-12-27T06:44:46+00:00\" \/>\n<meta property=\"og:image\" content=\"https:\/\/www.zhgdled.com\/wp-content\/uploads\/2022\/11\/COUNT-SERIES-HIGH-BAY.jpg\" \/>\n\t<meta property=\"og:image:width\" content=\"1600\" \/>\n\t<meta property=\"og:image:height\" content=\"1600\" \/>\n\t<meta property=\"og:image:type\" content=\"image\/jpeg\" \/>\n<meta name=\"twitter:card\" content=\"summary_large_image\" \/>\n<meta name=\"twitter:site\" content=\"@zhl_lighting\" \/>\n<meta name=\"twitter:label1\" content=\"Tiempo de lectura\" \/>\n\t<meta name=\"twitter:data1\" content=\"1 minuto\" \/>\n<script type=\"application\/ld+json\" class=\"yoast-schema-graph\">{\"@context\":\"https:\\\/\\\/schema.org\",\"@graph\":[{\"@type\":\"WebPage\",\"@id\":\"https:\\\/\\\/www.zhgdled.com\\\/es\\\/serie-comte-luces-de-bahia-alta-con-zhaga.html\",\"url\":\"https:\\\/\\\/www.zhgdled.com\\\/es\\\/serie-comte-luces-de-bahia-alta-con-zhaga.html\",\"name\":\"SERIE COMTE LUCES DE BAH\u00cdA ALTA CON CONTROLADOR ZHAGA &#8211; Grupo de iluminaci\u00f3n ZHL\",\"isPartOf\":{\"@id\":\"https:\\\/\\\/www.zhgdled.com\\\/es\\\/#website\"},\"primaryImageOfPage\":{\"@id\":\"https:\\\/\\\/www.zhgdled.com\\\/es\\\/serie-comte-luces-de-bahia-alta-con-zhaga.html#primaryimage\"},\"image\":{\"@id\":\"https:\\\/\\\/www.zhgdled.com\\\/es\\\/serie-comte-luces-de-bahia-alta-con-zhaga.html#primaryimage\"},\"thumbnailUrl\":\"https:\\\/\\\/www.zhgdled.com\\\/wp-content\\\/uploads\\\/2022\\\/11\\\/COUNT-SERIES-HIGH-BAY.jpg\",\"datePublished\":\"2022-11-22T10:03:14+00:00\",\"dateModified\":\"2023-12-27T06:44:46+00:00\",\"description\":\"El dise\u00f1o ultrafino reduce la altura de toda la l\u00e1mpara y ahorra el costo de los costos de embalaje y los gastos de transporte. Con LED de alta eficiencia luminosa, la eficiencia de iluminaci\u00f3n de toda la l\u00e1mpara es \u2265 160 lm\\\/w, lo que mejora en gran medida la calidad de la iluminaci\u00f3n en el espacio y aumenta la eficiencia del trabajo.\",\"breadcrumb\":{\"@id\":\"https:\\\/\\\/www.zhgdled.com\\\/es\\\/serie-comte-luces-de-bahia-alta-con-zhaga.html#breadcrumb\"},\"inLanguage\":\"es\",\"potentialAction\":[{\"@type\":\"ReadAction\",\"target\":[\"https:\\\/\\\/www.zhgdled.com\\\/es\\\/serie-comte-luces-de-bahia-alta-con-zhaga.html\"]}]},{\"@type\":\"ImageObject\",\"inLanguage\":\"es\",\"@id\":\"https:\\\/\\\/www.zhgdled.com\\\/es\\\/serie-comte-luces-de-bahia-alta-con-zhaga.html#primaryimage\",\"url\":\"https:\\\/\\\/www.zhgdled.com\\\/wp-content\\\/uploads\\\/2022\\\/11\\\/COUNT-SERIES-HIGH-BAY.jpg\",\"contentUrl\":\"https:\\\/\\\/www.zhgdled.com\\\/wp-content\\\/uploads\\\/2022\\\/11\\\/COUNT-SERIES-HIGH-BAY.jpg\",\"width\":1600,\"height\":1600,\"caption\":\"count series high bay light\"},{\"@type\":\"BreadcrumbList\",\"@id\":\"https:\\\/\\\/www.zhgdled.com\\\/es\\\/serie-comte-luces-de-bahia-alta-con-zhaga.html#breadcrumb\",\"itemListElement\":[{\"@type\":\"ListItem\",\"position\":1,\"name\":\"Home\",\"item\":\"https:\\\/\\\/www.zhgdled.com\\\/es\"},{\"@type\":\"ListItem\",\"position\":2,\"name\":\"PRODUCTS\",\"item\":\"https:\\\/\\\/www.zhgdled.com\\\/zhl-products.html\"},{\"@type\":\"ListItem\",\"position\":3,\"name\":\"SERIE COMTE LUCES DE BAH\u00cdA ALTA CON CONTROLADOR ZHAGA\"}]},{\"@type\":\"WebSite\",\"@id\":\"https:\\\/\\\/www.zhgdled.com\\\/es\\\/#website\",\"url\":\"https:\\\/\\\/www.zhgdled.com\\\/es\\\/\",\"name\":\"Grupo de iluminaci\u00f3n ZHL\",\"description\":\"Top ranking industrial lighting manufacturer and exporter\",\"publisher\":{\"@id\":\"https:\\\/\\\/www.zhgdled.com\\\/es\\\/#organization\"},\"potentialAction\":[{\"@type\":\"SearchAction\",\"target\":{\"@type\":\"EntryPoint\",\"urlTemplate\":\"https:\\\/\\\/www.zhgdled.com\\\/es\\\/?s={search_term_string}\"},\"query-input\":{\"@type\":\"PropertyValueSpecification\",\"valueRequired\":true,\"valueName\":\"search_term_string\"}}],\"inLanguage\":\"es\"},{\"@type\":\"Organization\",\"@id\":\"https:\\\/\\\/www.zhgdled.com\\\/es\\\/#organization\",\"name\":\"ZHL Lighting Group\",\"url\":\"https:\\\/\\\/www.zhgdled.com\\\/es\\\/\",\"logo\":{\"@type\":\"ImageObject\",\"inLanguage\":\"es\",\"@id\":\"https:\\\/\\\/www.zhgdled.com\\\/es\\\/#\\\/schema\\\/logo\\\/image\\\/\",\"url\":\"\",\"contentUrl\":\"\",\"caption\":\"ZHL Lighting Group\"},\"image\":{\"@id\":\"https:\\\/\\\/www.zhgdled.com\\\/es\\\/#\\\/schema\\\/logo\\\/image\\\/\"},\"sameAs\":[\"https:\\\/\\\/www.facebook.com\\\/zhllightinggroup\",\"https:\\\/\\\/x.com\\\/zhl_lighting\"]}]}<\/script>\n<!-- \/ Yoast SEO plugin. -->","yoast_head_json":{"title":"SERIE COMTE LUCES DE BAH\u00cdA ALTA CON CONTROLADOR ZHAGA &#8211; Grupo de iluminaci\u00f3n ZHL","description":"El dise\u00f1o ultrafino reduce la altura de toda la l\u00e1mpara y ahorra el costo de los costos de embalaje y los gastos de transporte. Con LED de alta eficiencia luminosa, la eficiencia de iluminaci\u00f3n de toda la l\u00e1mpara es \u2265 160 lm\/w, lo que mejora en gran medida la calidad de la iluminaci\u00f3n en el espacio y aumenta la eficiencia del trabajo.","robots":{"index":"index","follow":"follow","max-snippet":"max-snippet:-1","max-image-preview":"max-image-preview:large","max-video-preview":"max-video-preview:-1"},"canonical":"https:\/\/www.zhgdled.com\/es\/serie-comte-luces-de-bahia-alta-con-zhaga.html","og_locale":"es_ES","og_type":"article","og_title":"SERIE COMTE LUCES DE BAH\u00cdA ALTA CON CONTROLADOR ZHAGA &#8211; Grupo de iluminaci\u00f3n ZHL","og_description":"El dise\u00f1o ultrafino reduce la altura de toda la l\u00e1mpara y ahorra el costo de los costos de embalaje y los gastos de transporte. Con LED de alta eficiencia luminosa, la eficiencia de iluminaci\u00f3n de toda la l\u00e1mpara es \u2265 160 lm\/w, lo que mejora en gran medida la calidad de la iluminaci\u00f3n en el espacio y aumenta la eficiencia del trabajo.","og_url":"https:\/\/www.zhgdled.com\/es\/serie-comte-luces-de-bahia-alta-con-zhaga.html","og_site_name":"Grupo de iluminaci\u00f3n ZHL","article_publisher":"https:\/\/www.facebook.com\/zhllightinggroup","article_modified_time":"2023-12-27T06:44:46+00:00","og_image":[{"width":1600,"height":1600,"url":"https:\/\/www.zhgdled.com\/wp-content\/uploads\/2022\/11\/COUNT-SERIES-HIGH-BAY.jpg","type":"image\/jpeg"}],"twitter_card":"summary_large_image","twitter_site":"@zhl_lighting","twitter_misc":{"Tiempo de lectura":"1 minuto"},"schema":{"@context":"https:\/\/schema.org","@graph":[{"@type":"WebPage","@id":"https:\/\/www.zhgdled.com\/es\/serie-comte-luces-de-bahia-alta-con-zhaga.html","url":"https:\/\/www.zhgdled.com\/es\/serie-comte-luces-de-bahia-alta-con-zhaga.html","name":"SERIE COMTE LUCES DE BAH\u00cdA ALTA CON CONTROLADOR ZHAGA &#8211; Grupo de iluminaci\u00f3n ZHL","isPartOf":{"@id":"https:\/\/www.zhgdled.com\/es\/#website"},"primaryImageOfPage":{"@id":"https:\/\/www.zhgdled.com\/es\/serie-comte-luces-de-bahia-alta-con-zhaga.html#primaryimage"},"image":{"@id":"https:\/\/www.zhgdled.com\/es\/serie-comte-luces-de-bahia-alta-con-zhaga.html#primaryimage"},"thumbnailUrl":"https:\/\/www.zhgdled.com\/wp-content\/uploads\/2022\/11\/COUNT-SERIES-HIGH-BAY.jpg","datePublished":"2022-11-22T10:03:14+00:00","dateModified":"2023-12-27T06:44:46+00:00","description":"El dise\u00f1o ultrafino reduce la altura de toda la l\u00e1mpara y ahorra el costo de los costos de embalaje y los gastos de transporte. Con LED de alta eficiencia luminosa, la eficiencia de iluminaci\u00f3n de toda la l\u00e1mpara es \u2265 160 lm\/w, lo que mejora en gran medida la calidad de la iluminaci\u00f3n en el espacio y aumenta la eficiencia del trabajo.","breadcrumb":{"@id":"https:\/\/www.zhgdled.com\/es\/serie-comte-luces-de-bahia-alta-con-zhaga.html#breadcrumb"},"inLanguage":"es","potentialAction":[{"@type":"ReadAction","target":["https:\/\/www.zhgdled.com\/es\/serie-comte-luces-de-bahia-alta-con-zhaga.html"]}]},{"@type":"ImageObject","inLanguage":"es","@id":"https:\/\/www.zhgdled.com\/es\/serie-comte-luces-de-bahia-alta-con-zhaga.html#primaryimage","url":"https:\/\/www.zhgdled.com\/wp-content\/uploads\/2022\/11\/COUNT-SERIES-HIGH-BAY.jpg","contentUrl":"https:\/\/www.zhgdled.com\/wp-content\/uploads\/2022\/11\/COUNT-SERIES-HIGH-BAY.jpg","width":1600,"height":1600,"caption":"count series high bay light"},{"@type":"BreadcrumbList","@id":"https:\/\/www.zhgdled.com\/es\/serie-comte-luces-de-bahia-alta-con-zhaga.html#breadcrumb","itemListElement":[{"@type":"ListItem","position":1,"name":"Home","item":"https:\/\/www.zhgdled.com\/es"},{"@type":"ListItem","position":2,"name":"PRODUCTS","item":"https:\/\/www.zhgdled.com\/zhl-products.html"},{"@type":"ListItem","position":3,"name":"SERIE COMTE LUCES DE BAH\u00cdA ALTA CON CONTROLADOR ZHAGA"}]},{"@type":"WebSite","@id":"https:\/\/www.zhgdled.com\/es\/#website","url":"https:\/\/www.zhgdled.com\/es\/","name":"Grupo de iluminaci\u00f3n ZHL","description":"Top ranking industrial lighting manufacturer and exporter","publisher":{"@id":"https:\/\/www.zhgdled.com\/es\/#organization"},"potentialAction":[{"@type":"SearchAction","target":{"@type":"EntryPoint","urlTemplate":"https:\/\/www.zhgdled.com\/es\/?s={search_term_string}"},"query-input":{"@type":"PropertyValueSpecification","valueRequired":true,"valueName":"search_term_string"}}],"inLanguage":"es"},{"@type":"Organization","@id":"https:\/\/www.zhgdled.com\/es\/#organization","name":"ZHL Lighting Group","url":"https:\/\/www.zhgdled.com\/es\/","logo":{"@type":"ImageObject","inLanguage":"es","@id":"https:\/\/www.zhgdled.com\/es\/#\/schema\/logo\/image\/","url":"","contentUrl":"","caption":"ZHL Lighting Group"},"image":{"@id":"https:\/\/www.zhgdled.com\/es\/#\/schema\/logo\/image\/"},"sameAs":["https:\/\/www.facebook.com\/zhllightinggroup","https:\/\/x.com\/zhl_lighting"]}]}},"_links":{"self":[{"href":"https:\/\/www.zhgdled.com\/es\/wp-json\/wp\/v2\/product\/17850","targetHints":{"allow":["GET"]}}],"collection":[{"href":"https:\/\/www.zhgdled.com\/es\/wp-json\/wp\/v2\/product"}],"about":[{"href":"https:\/\/www.zhgdled.com\/es\/wp-json\/wp\/v2\/types\/product"}],"wp:featuredmedia":[{"embeddable":true,"href":"https:\/\/www.zhgdled.com\/es\/wp-json\/wp\/v2\/media\/17786"}],"wp:attachment":[{"href":"https:\/\/www.zhgdled.com\/es\/wp-json\/wp\/v2\/media?parent=17850"}],"wp:term":[{"taxonomy":"product_brand","embeddable":true,"href":"https:\/\/www.zhgdled.com\/es\/wp-json\/wp\/v2\/product_brand?post=17850"},{"taxonomy":"product_cat","embeddable":true,"href":"https:\/\/www.zhgdled.com\/es\/wp-json\/wp\/v2\/product_cat?post=17850"},{"taxonomy":"product_tag","embeddable":true,"href":"https:\/\/www.zhgdled.com\/es\/wp-json\/wp\/v2\/product_tag?post=17850"}],"curies":[{"name":"wp","href":"https:\/\/api.w.org\/{rel}","templated":true}]}}