{"id":18271,"date":"2023-06-12T11:23:45","date_gmt":"2022-12-21T03:23:45","guid":{"rendered":"https:\/\/www.zhgdled.com\/product\/3-head-series-led-rechargeable-work-light"},"modified":"2023-02-18T10:50:17","modified_gmt":"2023-02-18T02:50:17","slug":"3-head-series-led-rechargeable-work-light","status":"publish","type":"product","link":"https:\/\/www.zhgdled.com\/es\/luz-de-trabajo-led-recargable-serie-de-3-cabezas.html","title":{"rendered":"LUZ DE TRABAJO LED RECARGABLE SERIE DE 3 CABEZAS"},"content":{"rendered":"<h2>Luz de trabajo LED recargable profesional y duradera para condiciones adversas<\/h2>\n<p>3-Head Series rechargeable LED work light is an all-weather plug-and-play professional work light. It comes with alarming orange colour tripod which can be adjusted height and angles. Left lamp and right lamp are rechargeable and the middle lamp is 220V mains power supply. When pluged in, the left and right lamp will charge automatically, with indicator on.<\/p>\n<p>All 3 lamp heads are detatchable and can be adjusted in different angles.\u00a0 IP54 protection grade &#8211; grade 5 dust-proof (dust intrusion will not affect normal operation of lamp), grade 4 water-proof (preventing splashed water from invading).<\/p>\n<p>&nbsp;<\/p>\n<h2>SPECIFICATION<\/h2>\n<table style=\"border-collapse: collapse; width: 587px; height: 288px;\" border=\"0\" width=\"257\" cellspacing=\"0\" cellpadding=\"0\">\n<tbody>\n<tr style=\"height: 14.25pt;\">\n<td class=\"et2\" style=\"height: 14.25pt; width: 192.90pt;\" width=\"257\" height=\"19\">Power: 30W + 2*5W, TOTAL 40W<\/td>\n<\/tr>\n<tr style=\"height: 14.25pt;\">\n<td class=\"et2\" style=\"height: 14.25pt;\" height=\"19\">Light Efficiency: 90lm\/w<\/td>\n<\/tr>\n<tr style=\"height: 14.25pt;\">\n<td class=\"et2\" style=\"height: 14.25pt;\" height=\"19\">Light source: SMD<\/td>\n<\/tr>\n<tr style=\"height: 14.25pt;\">\n<td class=\"et2\" style=\"height: 14.25pt;\" height=\"19\">Ra&gt;80<\/td>\n<\/tr>\n<tr style=\"height: 14.25pt;\">\n<td class=\"et2\" style=\"height: 14.25pt;\" height=\"19\">Beam angle: 110\u00b0<\/td>\n<\/tr>\n<tr style=\"height: 14.25pt;\">\n<td class=\"et2\" style=\"height: 14.25pt;\" height=\"19\">IP Grade: IP54<\/td>\n<\/tr>\n<tr style=\"height: 14.25pt;\">\n<td class=\"et2\" style=\"height: 14.25pt;\" height=\"19\">Certification: CE ErP<\/td>\n<\/tr>\n<tr style=\"height: 14.25pt;\">\n<td class=\"et2\" style=\"height: 14.25pt;\" height=\"19\">Life Span: 30,000 hours<\/td>\n<\/tr>\n<tr style=\"height: 14.25pt;\">\n<td class=\"et2\" style=\"height: 14.25pt;\" height=\"19\">18650 rechargeable lithium battery<\/td>\n<\/tr>\n<tr style=\"height: 14.25pt;\">\n<td class=\"et2\" style=\"height: 14.25pt;\" height=\"19\">Charge 4 hours \/ discharge 2 hours<\/td>\n<\/tr>\n<tr style=\"height: 14.25pt;\">\n<td class=\"et2\" style=\"height: 14.25pt;\" height=\"19\">Warranty: 2 years<\/td>\n<\/tr>\n<\/tbody>\n<\/table>\n<p><img decoding=\"async\" class=\"alignnone size-full wp-image-18052\" src=\"https:\/\/www.zhgdled.com\/wp-content\/uploads\/2022\/12\/20221221111704.jpg\" alt=\"\" width=\"1281\" height=\"807\" srcset=\"https:\/\/www.zhgdled.com\/wp-content\/uploads\/2022\/12\/20221221111704.jpg 1281w, https:\/\/www.zhgdled.com\/wp-content\/uploads\/2022\/12\/20221221111704-300x189.jpg 300w, https:\/\/www.zhgdled.com\/wp-content\/uploads\/2022\/12\/20221221111704-1024x645.jpg 1024w, https:\/\/www.zhgdled.com\/wp-content\/uploads\/2022\/12\/20221221111704-768x484.jpg 768w, https:\/\/www.zhgdled.com\/wp-content\/uploads\/2022\/12\/20221221111704-600x378.jpg 600w, https:\/\/www.zhgdled.com\/wp-content\/uploads\/2022\/12\/20221221111704-150x94.jpg 150w\" sizes=\"(max-width: 1281px) 100vw, 1281px\" \/><\/p>\n","protected":false},"excerpt":{"rendered":"<p>La luz de trabajo LED recargable de la serie 3-Head es una luz de trabajo profesional plug-and-play para todo tipo de clima. Viene con un alarmante tr\u00edpode de color naranja que se puede ajustar en altura y \u00e1ngulos. La l\u00e1mpara izquierda y la l\u00e1mpara derecha son recargables y la l\u00e1mpara del medio es fuente de alimentaci\u00f3n de red de 220V. Cuando est\u00e1 enchufado, la l\u00e1mpara izquierda y derecha se cargar\u00e1n autom\u00e1ticamente, con el indicador encendido.<\/p>\n<p>Los 3 cabezales de l\u00e1mpara son desmontables y se pueden ajustar en diferentes \u00e1ngulos.<\/p>\n","protected":false},"featured_media":18032,"template":"","meta":[],"product_brand":[],"product_cat":[606],"product_tag":[607],"class_list":{"0":"post-18271","1":"product","2":"type-product","3":"status-publish","4":"has-post-thumbnail","6":"product_cat-work-lights-es","7":"product_tag-work-lights-es","9":"first","10":"instock","11":"shipping-taxable","12":"product-type-simple"},"yoast_head":"<!-- This site is optimized with the Yoast SEO plugin v27.4 - https:\/\/yoast.com\/product\/yoast-seo-wordpress\/ -->\n<title>RECHARGEABLE LED WORK LIGHT &#8211; Grupo de iluminaci\u00f3n ZHL<\/title>\n<meta name=\"description\" content=\"La luz de trabajo LED recargable de la serie 3-Head es una luz de trabajo profesional plug-and-play para todo tipo de clima. Viene con un alarmante tr\u00edpode de color naranja que se puede ajustar en altura y \u00e1ngulos.\" \/>\n<meta name=\"robots\" content=\"index, follow, max-snippet:-1, max-image-preview:large, max-video-preview:-1\" \/>\n<link rel=\"canonical\" href=\"https:\/\/www.zhgdled.com\/es\/luz-de-trabajo-led-recargable-serie-de-3-cabezas.html\" \/>\n<meta property=\"og:locale\" content=\"es_ES\" \/>\n<meta property=\"og:type\" content=\"article\" \/>\n<meta property=\"og:title\" content=\"RECHARGEABLE LED WORK LIGHT &#8211; Grupo de iluminaci\u00f3n ZHL\" \/>\n<meta property=\"og:description\" content=\"La luz de trabajo LED recargable de la serie 3-Head es una luz de trabajo profesional plug-and-play para todo tipo de clima. Viene con un alarmante tr\u00edpode de color naranja que se puede ajustar en altura y \u00e1ngulos.\" \/>\n<meta property=\"og:url\" content=\"https:\/\/www.zhgdled.com\/es\/luz-de-trabajo-led-recargable-serie-de-3-cabezas.html\" \/>\n<meta property=\"og:site_name\" content=\"Grupo de iluminaci\u00f3n ZHL\" \/>\n<meta property=\"article:publisher\" content=\"https:\/\/www.facebook.com\/zhllightinggroup\" \/>\n<meta property=\"article:modified_time\" content=\"2023-02-18T02:50:17+00:00\" \/>\n<meta property=\"og:image\" content=\"https:\/\/www.zhgdled.com\/wp-content\/uploads\/2022\/12\/3-HEAD-SERIES-WORK-LIGHT.jpg\" \/>\n\t<meta property=\"og:image:width\" content=\"736\" \/>\n\t<meta property=\"og:image:height\" content=\"736\" \/>\n\t<meta property=\"og:image:type\" content=\"image\/jpeg\" \/>\n<meta name=\"twitter:card\" content=\"summary_large_image\" \/>\n<meta name=\"twitter:site\" content=\"@zhl_lighting\" \/>\n<meta name=\"twitter:label1\" content=\"Tiempo de lectura\" \/>\n\t<meta name=\"twitter:data1\" content=\"1 minuto\" \/>\n<script type=\"application\/ld+json\" class=\"yoast-schema-graph\">{\"@context\":\"https:\\\/\\\/schema.org\",\"@graph\":[{\"@type\":\"WebPage\",\"@id\":\"https:\\\/\\\/www.zhgdled.com\\\/es\\\/luz-de-trabajo-led-recargable-serie-de-3-cabezas.html\",\"url\":\"https:\\\/\\\/www.zhgdled.com\\\/es\\\/luz-de-trabajo-led-recargable-serie-de-3-cabezas.html\",\"name\":\"RECHARGEABLE LED WORK LIGHT &#8211; Grupo de iluminaci\u00f3n ZHL\",\"isPartOf\":{\"@id\":\"https:\\\/\\\/www.zhgdled.com\\\/es\\\/#website\"},\"primaryImageOfPage\":{\"@id\":\"https:\\\/\\\/www.zhgdled.com\\\/es\\\/luz-de-trabajo-led-recargable-serie-de-3-cabezas.html#primaryimage\"},\"image\":{\"@id\":\"https:\\\/\\\/www.zhgdled.com\\\/es\\\/luz-de-trabajo-led-recargable-serie-de-3-cabezas.html#primaryimage\"},\"thumbnailUrl\":\"https:\\\/\\\/www.zhgdled.com\\\/wp-content\\\/uploads\\\/2022\\\/12\\\/3-HEAD-SERIES-WORK-LIGHT.jpg\",\"datePublished\":\"2022-12-21T03:23:45+00:00\",\"dateModified\":\"2023-02-18T02:50:17+00:00\",\"description\":\"La luz de trabajo LED recargable de la serie 3-Head es una luz de trabajo profesional plug-and-play para todo tipo de clima. Viene con un alarmante tr\u00edpode de color naranja que se puede ajustar en altura y \u00e1ngulos.\",\"breadcrumb\":{\"@id\":\"https:\\\/\\\/www.zhgdled.com\\\/es\\\/luz-de-trabajo-led-recargable-serie-de-3-cabezas.html#breadcrumb\"},\"inLanguage\":\"es\",\"potentialAction\":[{\"@type\":\"ReadAction\",\"target\":[\"https:\\\/\\\/www.zhgdled.com\\\/es\\\/luz-de-trabajo-led-recargable-serie-de-3-cabezas.html\"]}]},{\"@type\":\"ImageObject\",\"inLanguage\":\"es\",\"@id\":\"https:\\\/\\\/www.zhgdled.com\\\/es\\\/luz-de-trabajo-led-recargable-serie-de-3-cabezas.html#primaryimage\",\"url\":\"https:\\\/\\\/www.zhgdled.com\\\/wp-content\\\/uploads\\\/2022\\\/12\\\/3-HEAD-SERIES-WORK-LIGHT.jpg\",\"contentUrl\":\"https:\\\/\\\/www.zhgdled.com\\\/wp-content\\\/uploads\\\/2022\\\/12\\\/3-HEAD-SERIES-WORK-LIGHT.jpg\",\"width\":736,\"height\":736,\"caption\":\"3-HEAD SERIES WORK LIGHT\"},{\"@type\":\"BreadcrumbList\",\"@id\":\"https:\\\/\\\/www.zhgdled.com\\\/es\\\/luz-de-trabajo-led-recargable-serie-de-3-cabezas.html#breadcrumb\",\"itemListElement\":[{\"@type\":\"ListItem\",\"position\":1,\"name\":\"Home\",\"item\":\"https:\\\/\\\/www.zhgdled.com\\\/es\"},{\"@type\":\"ListItem\",\"position\":2,\"name\":\"PRODUCTS\",\"item\":\"https:\\\/\\\/www.zhgdled.com\\\/zhl-products.html\"},{\"@type\":\"ListItem\",\"position\":3,\"name\":\"LUZ DE TRABAJO LED RECARGABLE SERIE DE 3 CABEZAS\"}]},{\"@type\":\"WebSite\",\"@id\":\"https:\\\/\\\/www.zhgdled.com\\\/es\\\/#website\",\"url\":\"https:\\\/\\\/www.zhgdled.com\\\/es\\\/\",\"name\":\"Grupo de iluminaci\u00f3n ZHL\",\"description\":\"Top ranking industrial lighting manufacturer and exporter\",\"publisher\":{\"@id\":\"https:\\\/\\\/www.zhgdled.com\\\/es\\\/#organization\"},\"potentialAction\":[{\"@type\":\"SearchAction\",\"target\":{\"@type\":\"EntryPoint\",\"urlTemplate\":\"https:\\\/\\\/www.zhgdled.com\\\/es\\\/?s={search_term_string}\"},\"query-input\":{\"@type\":\"PropertyValueSpecification\",\"valueRequired\":true,\"valueName\":\"search_term_string\"}}],\"inLanguage\":\"es\"},{\"@type\":\"Organization\",\"@id\":\"https:\\\/\\\/www.zhgdled.com\\\/es\\\/#organization\",\"name\":\"ZHL Lighting Group\",\"url\":\"https:\\\/\\\/www.zhgdled.com\\\/es\\\/\",\"logo\":{\"@type\":\"ImageObject\",\"inLanguage\":\"es\",\"@id\":\"https:\\\/\\\/www.zhgdled.com\\\/es\\\/#\\\/schema\\\/logo\\\/image\\\/\",\"url\":\"\",\"contentUrl\":\"\",\"caption\":\"ZHL Lighting Group\"},\"image\":{\"@id\":\"https:\\\/\\\/www.zhgdled.com\\\/es\\\/#\\\/schema\\\/logo\\\/image\\\/\"},\"sameAs\":[\"https:\\\/\\\/www.facebook.com\\\/zhllightinggroup\",\"https:\\\/\\\/x.com\\\/zhl_lighting\"]}]}<\/script>\n<!-- \/ Yoast SEO plugin. -->","yoast_head_json":{"title":"RECHARGEABLE LED WORK LIGHT &#8211; Grupo de iluminaci\u00f3n ZHL","description":"La luz de trabajo LED recargable de la serie 3-Head es una luz de trabajo profesional plug-and-play para todo tipo de clima. Viene con un alarmante tr\u00edpode de color naranja que se puede ajustar en altura y \u00e1ngulos.","robots":{"index":"index","follow":"follow","max-snippet":"max-snippet:-1","max-image-preview":"max-image-preview:large","max-video-preview":"max-video-preview:-1"},"canonical":"https:\/\/www.zhgdled.com\/es\/luz-de-trabajo-led-recargable-serie-de-3-cabezas.html","og_locale":"es_ES","og_type":"article","og_title":"RECHARGEABLE LED WORK LIGHT &#8211; Grupo de iluminaci\u00f3n ZHL","og_description":"La luz de trabajo LED recargable de la serie 3-Head es una luz de trabajo profesional plug-and-play para todo tipo de clima. Viene con un alarmante tr\u00edpode de color naranja que se puede ajustar en altura y \u00e1ngulos.","og_url":"https:\/\/www.zhgdled.com\/es\/luz-de-trabajo-led-recargable-serie-de-3-cabezas.html","og_site_name":"Grupo de iluminaci\u00f3n ZHL","article_publisher":"https:\/\/www.facebook.com\/zhllightinggroup","article_modified_time":"2023-02-18T02:50:17+00:00","og_image":[{"width":736,"height":736,"url":"https:\/\/www.zhgdled.com\/wp-content\/uploads\/2022\/12\/3-HEAD-SERIES-WORK-LIGHT.jpg","type":"image\/jpeg"}],"twitter_card":"summary_large_image","twitter_site":"@zhl_lighting","twitter_misc":{"Tiempo de lectura":"1 minuto"},"schema":{"@context":"https:\/\/schema.org","@graph":[{"@type":"WebPage","@id":"https:\/\/www.zhgdled.com\/es\/luz-de-trabajo-led-recargable-serie-de-3-cabezas.html","url":"https:\/\/www.zhgdled.com\/es\/luz-de-trabajo-led-recargable-serie-de-3-cabezas.html","name":"RECHARGEABLE LED WORK LIGHT &#8211; Grupo de iluminaci\u00f3n ZHL","isPartOf":{"@id":"https:\/\/www.zhgdled.com\/es\/#website"},"primaryImageOfPage":{"@id":"https:\/\/www.zhgdled.com\/es\/luz-de-trabajo-led-recargable-serie-de-3-cabezas.html#primaryimage"},"image":{"@id":"https:\/\/www.zhgdled.com\/es\/luz-de-trabajo-led-recargable-serie-de-3-cabezas.html#primaryimage"},"thumbnailUrl":"https:\/\/www.zhgdled.com\/wp-content\/uploads\/2022\/12\/3-HEAD-SERIES-WORK-LIGHT.jpg","datePublished":"2022-12-21T03:23:45+00:00","dateModified":"2023-02-18T02:50:17+00:00","description":"La luz de trabajo LED recargable de la serie 3-Head es una luz de trabajo profesional plug-and-play para todo tipo de clima. Viene con un alarmante tr\u00edpode de color naranja que se puede ajustar en altura y \u00e1ngulos.","breadcrumb":{"@id":"https:\/\/www.zhgdled.com\/es\/luz-de-trabajo-led-recargable-serie-de-3-cabezas.html#breadcrumb"},"inLanguage":"es","potentialAction":[{"@type":"ReadAction","target":["https:\/\/www.zhgdled.com\/es\/luz-de-trabajo-led-recargable-serie-de-3-cabezas.html"]}]},{"@type":"ImageObject","inLanguage":"es","@id":"https:\/\/www.zhgdled.com\/es\/luz-de-trabajo-led-recargable-serie-de-3-cabezas.html#primaryimage","url":"https:\/\/www.zhgdled.com\/wp-content\/uploads\/2022\/12\/3-HEAD-SERIES-WORK-LIGHT.jpg","contentUrl":"https:\/\/www.zhgdled.com\/wp-content\/uploads\/2022\/12\/3-HEAD-SERIES-WORK-LIGHT.jpg","width":736,"height":736,"caption":"3-HEAD SERIES WORK LIGHT"},{"@type":"BreadcrumbList","@id":"https:\/\/www.zhgdled.com\/es\/luz-de-trabajo-led-recargable-serie-de-3-cabezas.html#breadcrumb","itemListElement":[{"@type":"ListItem","position":1,"name":"Home","item":"https:\/\/www.zhgdled.com\/es"},{"@type":"ListItem","position":2,"name":"PRODUCTS","item":"https:\/\/www.zhgdled.com\/zhl-products.html"},{"@type":"ListItem","position":3,"name":"LUZ DE TRABAJO LED RECARGABLE SERIE DE 3 CABEZAS"}]},{"@type":"WebSite","@id":"https:\/\/www.zhgdled.com\/es\/#website","url":"https:\/\/www.zhgdled.com\/es\/","name":"Grupo de iluminaci\u00f3n ZHL","description":"Top ranking industrial lighting manufacturer and exporter","publisher":{"@id":"https:\/\/www.zhgdled.com\/es\/#organization"},"potentialAction":[{"@type":"SearchAction","target":{"@type":"EntryPoint","urlTemplate":"https:\/\/www.zhgdled.com\/es\/?s={search_term_string}"},"query-input":{"@type":"PropertyValueSpecification","valueRequired":true,"valueName":"search_term_string"}}],"inLanguage":"es"},{"@type":"Organization","@id":"https:\/\/www.zhgdled.com\/es\/#organization","name":"ZHL Lighting Group","url":"https:\/\/www.zhgdled.com\/es\/","logo":{"@type":"ImageObject","inLanguage":"es","@id":"https:\/\/www.zhgdled.com\/es\/#\/schema\/logo\/image\/","url":"","contentUrl":"","caption":"ZHL Lighting Group"},"image":{"@id":"https:\/\/www.zhgdled.com\/es\/#\/schema\/logo\/image\/"},"sameAs":["https:\/\/www.facebook.com\/zhllightinggroup","https:\/\/x.com\/zhl_lighting"]}]}},"_links":{"self":[{"href":"https:\/\/www.zhgdled.com\/es\/wp-json\/wp\/v2\/product\/18271","targetHints":{"allow":["GET"]}}],"collection":[{"href":"https:\/\/www.zhgdled.com\/es\/wp-json\/wp\/v2\/product"}],"about":[{"href":"https:\/\/www.zhgdled.com\/es\/wp-json\/wp\/v2\/types\/product"}],"wp:featuredmedia":[{"embeddable":true,"href":"https:\/\/www.zhgdled.com\/es\/wp-json\/wp\/v2\/media\/18032"}],"wp:attachment":[{"href":"https:\/\/www.zhgdled.com\/es\/wp-json\/wp\/v2\/media?parent=18271"}],"wp:term":[{"taxonomy":"product_brand","embeddable":true,"href":"https:\/\/www.zhgdled.com\/es\/wp-json\/wp\/v2\/product_brand?post=18271"},{"taxonomy":"product_cat","embeddable":true,"href":"https:\/\/www.zhgdled.com\/es\/wp-json\/wp\/v2\/product_cat?post=18271"},{"taxonomy":"product_tag","embeddable":true,"href":"https:\/\/www.zhgdled.com\/es\/wp-json\/wp\/v2\/product_tag?post=18271"}],"curies":[{"name":"wp","href":"https:\/\/api.w.org\/{rel}","templated":true}]}}