{"id":19157,"date":"2023-12-18T11:57:45","date_gmt":"2022-04-18T03:57:45","guid":{"rendered":"https:\/\/www.zhgdled.com\/product\/led-floodlight-shoebox-area-light"},"modified":"2023-02-18T10:53:59","modified_gmt":"2023-02-18T02:53:59","slug":"proyector-de-caja-de-zapatos","status":"publish","type":"product","link":"https:\/\/www.zhgdled.com\/es\/led-reflector-zapato-area-luz.html","title":{"rendered":"Proyector LED Shoebox Area Light 100W-400W"},"content":{"rendered":"<p>En Am\u00e9rica del Norte, la luz de inundaci\u00f3n de caja de zapatos de 100w &#8211; 400w se ha vuelto m\u00e1s popular en la comunidad de ingenieros y contratistas. La luminaria I&amp;C de dise\u00f1o moderno pero tradicional presenta una carcasa de aluminio fundido de 2 piezas con lentes de vidrio templado que la convierten en la luminaria para exteriores m\u00e1s duradera.<\/p>\n<p><img decoding=\"async\" class=\"alignnone size-full wp-image-6683\" src=\"https:\/\/www.zhgdled.com\/wp-content\/uploads\/2022\/04\/Shoebox-1.png\" alt=\"\" width=\"1000\" height=\"500\" srcset=\"https:\/\/www.zhgdled.com\/wp-content\/uploads\/2022\/04\/Shoebox-1.png 1000w, https:\/\/www.zhgdled.com\/wp-content\/uploads\/2022\/04\/Shoebox-1-300x150.png 300w, https:\/\/www.zhgdled.com\/wp-content\/uploads\/2022\/04\/Shoebox-1-768x384.png 768w, https:\/\/www.zhgdled.com\/wp-content\/uploads\/2022\/04\/Shoebox-1-600x300.png 600w, https:\/\/www.zhgdled.com\/wp-content\/uploads\/2022\/04\/Shoebox-1-150x75.png 150w\" sizes=\"(max-width: 1000px) 100vw, 1000px\" \/><\/p>\n<p><img decoding=\"async\" class=\"alignnone size-full wp-image-6688\" src=\"https:\/\/www.zhgdled.com\/wp-content\/uploads\/2022\/04\/Shoebox-2.png\" alt=\"\" width=\"1000\" height=\"455\" srcset=\"https:\/\/www.zhgdled.com\/wp-content\/uploads\/2022\/04\/Shoebox-2.png 1000w, https:\/\/www.zhgdled.com\/wp-content\/uploads\/2022\/04\/Shoebox-2-300x137.png 300w, https:\/\/www.zhgdled.com\/wp-content\/uploads\/2022\/04\/Shoebox-2-768x349.png 768w, https:\/\/www.zhgdled.com\/wp-content\/uploads\/2022\/04\/Shoebox-2-600x273.png 600w, https:\/\/www.zhgdled.com\/wp-content\/uploads\/2022\/04\/Shoebox-2-150x68.png 150w\" sizes=\"(max-width: 1000px) 100vw, 1000px\" \/><\/p>\n","protected":false},"excerpt":{"rendered":"<p>En Am\u00e9rica del Norte, la luz de inundaci\u00f3n de la serie de cajas de zapatos se ha vuelto m\u00e1s popular en la comunidad de ingenieros y contratistas. La luminaria I&amp;C de dise\u00f1o moderno pero tradicional presenta una carcasa de aluminio fundido de 2 piezas con lentes de vidrio templado que la convierten en la luminaria para exteriores m\u00e1s duradera.<\/p>\n<ul>\n<li>Voltaje: 100-277V 50\/60Hz<\/li>\n<li>CCT: 3000K\/4000K\/5000K<\/li>\n<li>Potencia: 100W\/150W\/205W\/240W\/290W\/330W\/400W<\/li>\n<li>Vida \u00fatil: 50.000 horas<\/li>\n<li>Eficiencia luminosa: 100lm\/w &#8211; 145lm\/w<\/li>\n<li>AR&gt;80, FP&gt;0,9<\/li>\n<li>0-10V tenue<\/li>\n<li>Fotoc\u00e9lula del amanecer al anochecer (sensor de microondas opcional)<\/li>\n<li>Funciona de forma duradera en lugares h\u00famedos.<\/li>\n<\/ul>\n","protected":false},"featured_media":13427,"template":"","meta":[],"product_brand":[],"product_cat":[611],"product_tag":[],"class_list":{"0":"post-19157","1":"product","2":"type-product","3":"status-publish","4":"has-post-thumbnail","6":"product_cat-led-flood-light-es","8":"first","9":"instock","10":"shipping-taxable","11":"product-type-simple"},"yoast_head":"<!-- This site is optimized with the Yoast SEO plugin v27.4 - https:\/\/yoast.com\/product\/yoast-seo-wordpress\/ -->\n<title>proyector de caja de zapatos<\/title>\n<meta name=\"description\" content=\"En Am\u00e9rica del Norte, la luz de inundaci\u00f3n de caja de zapatos de 100w - 400w se ha vuelto m\u00e1s popular en la comunidad de ingenieros y contratistas.\" \/>\n<meta name=\"robots\" content=\"index, follow, max-snippet:-1, max-image-preview:large, max-video-preview:-1\" \/>\n<link rel=\"canonical\" href=\"https:\/\/www.zhgdled.com\/es\/led-reflector-zapato-area-luz.html\" \/>\n<meta property=\"og:locale\" content=\"es_ES\" \/>\n<meta property=\"og:type\" content=\"article\" \/>\n<meta property=\"og:title\" content=\"proyector de caja de zapatos\" \/>\n<meta property=\"og:description\" content=\"En Am\u00e9rica del Norte, la luz de inundaci\u00f3n de caja de zapatos de 100w - 400w se ha vuelto m\u00e1s popular en la comunidad de ingenieros y contratistas.\" \/>\n<meta property=\"og:url\" content=\"https:\/\/www.zhgdled.com\/es\/led-reflector-zapato-area-luz.html\" \/>\n<meta property=\"og:site_name\" content=\"Grupo de iluminaci\u00f3n ZHL\" \/>\n<meta property=\"article:publisher\" content=\"https:\/\/www.facebook.com\/zhllightinggroup\" \/>\n<meta property=\"article:modified_time\" content=\"2023-02-18T02:53:59+00:00\" \/>\n<meta property=\"og:image\" content=\"https:\/\/www.zhgdled.com\/wp-content\/uploads\/2022\/04\/14.png\" \/>\n\t<meta property=\"og:image:width\" content=\"1600\" \/>\n\t<meta property=\"og:image:height\" content=\"1600\" \/>\n\t<meta property=\"og:image:type\" content=\"image\/png\" \/>\n<meta name=\"twitter:card\" content=\"summary_large_image\" \/>\n<meta name=\"twitter:site\" content=\"@zhl_lighting\" \/>\n<meta name=\"twitter:label1\" content=\"Tiempo de lectura\" \/>\n\t<meta name=\"twitter:data1\" content=\"1 minuto\" \/>\n<script type=\"application\/ld+json\" class=\"yoast-schema-graph\">{\"@context\":\"https:\\\/\\\/schema.org\",\"@graph\":[{\"@type\":\"WebPage\",\"@id\":\"https:\\\/\\\/www.zhgdled.com\\\/es\\\/led-reflector-zapato-area-luz.html\",\"url\":\"https:\\\/\\\/www.zhgdled.com\\\/es\\\/led-reflector-zapato-area-luz.html\",\"name\":\"proyector de caja de zapatos\",\"isPartOf\":{\"@id\":\"https:\\\/\\\/www.zhgdled.com\\\/es\\\/#website\"},\"primaryImageOfPage\":{\"@id\":\"https:\\\/\\\/www.zhgdled.com\\\/es\\\/led-reflector-zapato-area-luz.html#primaryimage\"},\"image\":{\"@id\":\"https:\\\/\\\/www.zhgdled.com\\\/es\\\/led-reflector-zapato-area-luz.html#primaryimage\"},\"thumbnailUrl\":\"https:\\\/\\\/www.zhgdled.com\\\/wp-content\\\/uploads\\\/2022\\\/04\\\/14.png\",\"datePublished\":\"2022-04-18T03:57:45+00:00\",\"dateModified\":\"2023-02-18T02:53:59+00:00\",\"description\":\"En Am\u00e9rica del Norte, la luz de inundaci\u00f3n de caja de zapatos de 100w - 400w se ha vuelto m\u00e1s popular en la comunidad de ingenieros y contratistas.\",\"breadcrumb\":{\"@id\":\"https:\\\/\\\/www.zhgdled.com\\\/es\\\/led-reflector-zapato-area-luz.html#breadcrumb\"},\"inLanguage\":\"es\",\"potentialAction\":[{\"@type\":\"ReadAction\",\"target\":[\"https:\\\/\\\/www.zhgdled.com\\\/es\\\/led-reflector-zapato-area-luz.html\"]}]},{\"@type\":\"ImageObject\",\"inLanguage\":\"es\",\"@id\":\"https:\\\/\\\/www.zhgdled.com\\\/es\\\/led-reflector-zapato-area-luz.html#primaryimage\",\"url\":\"https:\\\/\\\/www.zhgdled.com\\\/wp-content\\\/uploads\\\/2022\\\/04\\\/14.png\",\"contentUrl\":\"https:\\\/\\\/www.zhgdled.com\\\/wp-content\\\/uploads\\\/2022\\\/04\\\/14.png\",\"width\":1600,\"height\":1600,\"caption\":\"proyector de caja de zapatos\"},{\"@type\":\"BreadcrumbList\",\"@id\":\"https:\\\/\\\/www.zhgdled.com\\\/es\\\/led-reflector-zapato-area-luz.html#breadcrumb\",\"itemListElement\":[{\"@type\":\"ListItem\",\"position\":1,\"name\":\"Home\",\"item\":\"https:\\\/\\\/www.zhgdled.com\\\/es\"},{\"@type\":\"ListItem\",\"position\":2,\"name\":\"PRODUCTS\",\"item\":\"https:\\\/\\\/www.zhgdled.com\\\/zhl-products.html\"},{\"@type\":\"ListItem\",\"position\":3,\"name\":\"Proyector LED Shoebox Area Light 100W-400W\"}]},{\"@type\":\"WebSite\",\"@id\":\"https:\\\/\\\/www.zhgdled.com\\\/es\\\/#website\",\"url\":\"https:\\\/\\\/www.zhgdled.com\\\/es\\\/\",\"name\":\"Grupo de iluminaci\u00f3n ZHL\",\"description\":\"Top ranking industrial lighting manufacturer and exporter\",\"publisher\":{\"@id\":\"https:\\\/\\\/www.zhgdled.com\\\/es\\\/#organization\"},\"potentialAction\":[{\"@type\":\"SearchAction\",\"target\":{\"@type\":\"EntryPoint\",\"urlTemplate\":\"https:\\\/\\\/www.zhgdled.com\\\/es\\\/?s={search_term_string}\"},\"query-input\":{\"@type\":\"PropertyValueSpecification\",\"valueRequired\":true,\"valueName\":\"search_term_string\"}}],\"inLanguage\":\"es\"},{\"@type\":\"Organization\",\"@id\":\"https:\\\/\\\/www.zhgdled.com\\\/es\\\/#organization\",\"name\":\"ZHL Lighting Group\",\"url\":\"https:\\\/\\\/www.zhgdled.com\\\/es\\\/\",\"logo\":{\"@type\":\"ImageObject\",\"inLanguage\":\"es\",\"@id\":\"https:\\\/\\\/www.zhgdled.com\\\/es\\\/#\\\/schema\\\/logo\\\/image\\\/\",\"url\":\"\",\"contentUrl\":\"\",\"caption\":\"ZHL Lighting Group\"},\"image\":{\"@id\":\"https:\\\/\\\/www.zhgdled.com\\\/es\\\/#\\\/schema\\\/logo\\\/image\\\/\"},\"sameAs\":[\"https:\\\/\\\/www.facebook.com\\\/zhllightinggroup\",\"https:\\\/\\\/x.com\\\/zhl_lighting\"]}]}<\/script>\n<!-- \/ Yoast SEO plugin. -->","yoast_head_json":{"title":"proyector de caja de zapatos","description":"En Am\u00e9rica del Norte, la luz de inundaci\u00f3n de caja de zapatos de 100w - 400w se ha vuelto m\u00e1s popular en la comunidad de ingenieros y contratistas.","robots":{"index":"index","follow":"follow","max-snippet":"max-snippet:-1","max-image-preview":"max-image-preview:large","max-video-preview":"max-video-preview:-1"},"canonical":"https:\/\/www.zhgdled.com\/es\/led-reflector-zapato-area-luz.html","og_locale":"es_ES","og_type":"article","og_title":"proyector de caja de zapatos","og_description":"En Am\u00e9rica del Norte, la luz de inundaci\u00f3n de caja de zapatos de 100w - 400w se ha vuelto m\u00e1s popular en la comunidad de ingenieros y contratistas.","og_url":"https:\/\/www.zhgdled.com\/es\/led-reflector-zapato-area-luz.html","og_site_name":"Grupo de iluminaci\u00f3n ZHL","article_publisher":"https:\/\/www.facebook.com\/zhllightinggroup","article_modified_time":"2023-02-18T02:53:59+00:00","og_image":[{"width":1600,"height":1600,"url":"https:\/\/www.zhgdled.com\/wp-content\/uploads\/2022\/04\/14.png","type":"image\/png"}],"twitter_card":"summary_large_image","twitter_site":"@zhl_lighting","twitter_misc":{"Tiempo de lectura":"1 minuto"},"schema":{"@context":"https:\/\/schema.org","@graph":[{"@type":"WebPage","@id":"https:\/\/www.zhgdled.com\/es\/led-reflector-zapato-area-luz.html","url":"https:\/\/www.zhgdled.com\/es\/led-reflector-zapato-area-luz.html","name":"proyector de caja de zapatos","isPartOf":{"@id":"https:\/\/www.zhgdled.com\/es\/#website"},"primaryImageOfPage":{"@id":"https:\/\/www.zhgdled.com\/es\/led-reflector-zapato-area-luz.html#primaryimage"},"image":{"@id":"https:\/\/www.zhgdled.com\/es\/led-reflector-zapato-area-luz.html#primaryimage"},"thumbnailUrl":"https:\/\/www.zhgdled.com\/wp-content\/uploads\/2022\/04\/14.png","datePublished":"2022-04-18T03:57:45+00:00","dateModified":"2023-02-18T02:53:59+00:00","description":"En Am\u00e9rica del Norte, la luz de inundaci\u00f3n de caja de zapatos de 100w - 400w se ha vuelto m\u00e1s popular en la comunidad de ingenieros y contratistas.","breadcrumb":{"@id":"https:\/\/www.zhgdled.com\/es\/led-reflector-zapato-area-luz.html#breadcrumb"},"inLanguage":"es","potentialAction":[{"@type":"ReadAction","target":["https:\/\/www.zhgdled.com\/es\/led-reflector-zapato-area-luz.html"]}]},{"@type":"ImageObject","inLanguage":"es","@id":"https:\/\/www.zhgdled.com\/es\/led-reflector-zapato-area-luz.html#primaryimage","url":"https:\/\/www.zhgdled.com\/wp-content\/uploads\/2022\/04\/14.png","contentUrl":"https:\/\/www.zhgdled.com\/wp-content\/uploads\/2022\/04\/14.png","width":1600,"height":1600,"caption":"proyector de caja de zapatos"},{"@type":"BreadcrumbList","@id":"https:\/\/www.zhgdled.com\/es\/led-reflector-zapato-area-luz.html#breadcrumb","itemListElement":[{"@type":"ListItem","position":1,"name":"Home","item":"https:\/\/www.zhgdled.com\/es"},{"@type":"ListItem","position":2,"name":"PRODUCTS","item":"https:\/\/www.zhgdled.com\/zhl-products.html"},{"@type":"ListItem","position":3,"name":"Proyector LED Shoebox Area Light 100W-400W"}]},{"@type":"WebSite","@id":"https:\/\/www.zhgdled.com\/es\/#website","url":"https:\/\/www.zhgdled.com\/es\/","name":"Grupo de iluminaci\u00f3n ZHL","description":"Top ranking industrial lighting manufacturer and exporter","publisher":{"@id":"https:\/\/www.zhgdled.com\/es\/#organization"},"potentialAction":[{"@type":"SearchAction","target":{"@type":"EntryPoint","urlTemplate":"https:\/\/www.zhgdled.com\/es\/?s={search_term_string}"},"query-input":{"@type":"PropertyValueSpecification","valueRequired":true,"valueName":"search_term_string"}}],"inLanguage":"es"},{"@type":"Organization","@id":"https:\/\/www.zhgdled.com\/es\/#organization","name":"ZHL Lighting Group","url":"https:\/\/www.zhgdled.com\/es\/","logo":{"@type":"ImageObject","inLanguage":"es","@id":"https:\/\/www.zhgdled.com\/es\/#\/schema\/logo\/image\/","url":"","contentUrl":"","caption":"ZHL Lighting Group"},"image":{"@id":"https:\/\/www.zhgdled.com\/es\/#\/schema\/logo\/image\/"},"sameAs":["https:\/\/www.facebook.com\/zhllightinggroup","https:\/\/x.com\/zhl_lighting"]}]}},"_links":{"self":[{"href":"https:\/\/www.zhgdled.com\/es\/wp-json\/wp\/v2\/product\/19157","targetHints":{"allow":["GET"]}}],"collection":[{"href":"https:\/\/www.zhgdled.com\/es\/wp-json\/wp\/v2\/product"}],"about":[{"href":"https:\/\/www.zhgdled.com\/es\/wp-json\/wp\/v2\/types\/product"}],"wp:featuredmedia":[{"embeddable":true,"href":"https:\/\/www.zhgdled.com\/es\/wp-json\/wp\/v2\/media\/13427"}],"wp:attachment":[{"href":"https:\/\/www.zhgdled.com\/es\/wp-json\/wp\/v2\/media?parent=19157"}],"wp:term":[{"taxonomy":"product_brand","embeddable":true,"href":"https:\/\/www.zhgdled.com\/es\/wp-json\/wp\/v2\/product_brand?post=19157"},{"taxonomy":"product_cat","embeddable":true,"href":"https:\/\/www.zhgdled.com\/es\/wp-json\/wp\/v2\/product_cat?post=19157"},{"taxonomy":"product_tag","embeddable":true,"href":"https:\/\/www.zhgdled.com\/es\/wp-json\/wp\/v2\/product_tag?post=19157"}],"curies":[{"name":"wp","href":"https:\/\/api.w.org\/{rel}","templated":true}]}}