{"id":19159,"date":"2022-12-08T16:38:27","date_gmt":"2022-12-08T08:38:27","guid":{"rendered":"https:\/\/www.zhgdled.com\/product\/yoga-series-solar-led-wall-flood-light"},"modified":"2023-12-27T15:09:11","modified_gmt":"2023-12-27T07:09:11","slug":"lampara-de-pared-solar","status":"publish","type":"product","link":"https:\/\/www.zhgdled.com\/es\/yoga-serie-solar-led-pared-inundador-luz.html","title":{"rendered":"LUZ DE INUNDACI\u00d3N DE PARED LED SOLAR SERIE YOGA"},"content":{"rendered":"<h2>L\u00c1MPARAS INTELIGENTES QUE SE ALIMENTAN TOTALMENTE CON ENERG\u00cdA SOLAR<\/h2>\n<p>La luz de inundaci\u00f3n de pared solar YOGA SERIES es una l\u00e1mpara de pared solar ensamblada todo en uno para propietarios de viviendas. El sensor regulable y PIR es la caracter\u00edstica clave que lo hace m\u00e1s inteligente.<\/p>\n<p>&nbsp;<\/p>\n<h2>\nESPECIFICACI\u00d3N<\/h2>\n<table style=\"border-collapse: collapse; width: 886.52pt;\" border=\"0\" width=\"1182\" cellspacing=\"0\" cellpadding=\"0\">\n<tbody>\n<tr style=\"height: 15.00pt;\">\n<td class=\"et2\" style=\"height: 15.00pt; width: 54.00pt;\" width=\"72\" height=\"20\">Potencia (W)<\/td>\n<td class=\"et2\" style=\"width: 54.00pt;\" width=\"72\">CCT<\/td>\n<td class=\"et2\" style=\"width: 54.00pt;\" width=\"72\">CRI<\/td>\n<td class=\"et2\" style=\"width: 109.50pt;\" width=\"146\">Eficiencia (lm\/w)<\/td>\n<td class=\"et2\" style=\"width: 114.00pt;\" width=\"152\">Flujo luminoso (lm)<\/td>\n<td class=\"et2\" style=\"width: 105.00pt;\" width=\"140\">Posici\u00f3n de la bater\u00eda<\/td>\n<td class=\"et2\" style=\"width: 54.00pt;\" width=\"72\">Garant\u00eda<\/td>\n<td class=\"et2\" style=\"width: 78.75pt;\" width=\"105\">Tipo de Bater\u00eda<\/td>\n<td class=\"et2\" style=\"width: 67.50pt;\" width=\"90\">Tipo de panel<\/td>\n<td class=\"et2\" style=\"width: 72.75pt;\" width=\"97\">Modo de trabajo<\/td>\n<td class=\"et2\" style=\"width: 123.00pt;\" width=\"164\">Temperatura ambiente<\/td>\n<\/tr>\n<tr style=\"height: 15.00pt;\">\n<td class=\"et2\" style=\"height: 15.00pt;\" height=\"20\">3W<\/td>\n<td class=\"et2\">5700K<\/td>\n<td class=\"et2\">&gt;80<\/td>\n<td class=\"et2\">130LM\/W<\/td>\n<td class=\"et2\">390LM<\/td>\n<td class=\"et2\">Incorporado<\/td>\n<td class=\"et2\">2 a\u00f1os<\/td>\n<td class=\"et2\">Bater\u00eda de Litio<\/td>\n<td class=\"et2\">policristalino<\/td>\n<td class=\"et2\">Sensor de movimiento infrarrojo<\/td>\n<td class=\"et2\">-10\u2103-45\u2103<\/td>\n<\/tr>\n<tr style=\"height: 15.00pt;\">\n<td class=\"et2\" style=\"height: 15.00pt;\" height=\"20\">12W<\/td>\n<td class=\"et2\">5700K<\/td>\n<td class=\"et2\">&gt;80<\/td>\n<td class=\"et2\">130LM\/W<\/td>\n<td class=\"et2\">1560LM<\/td>\n<td class=\"et2\">Incorporado<\/td>\n<td class=\"et2\">2 a\u00f1os<\/td>\n<td class=\"et2\">Bater\u00eda de Litio<\/td>\n<td class=\"et2\">policristalino<\/td>\n<td class=\"et2\">Sensor de movimiento infrarrojo<\/td>\n<td class=\"et2\">-10\u2103-45\u2103<\/td>\n<\/tr>\n<\/tbody>\n<\/table>\n","protected":false},"excerpt":{"rendered":"<p>La luz de inundaci\u00f3n de pared solar YOGA SERIES es una l\u00e1mpara de pared solar ensamblada todo en uno para propietarios de viviendas. El sensor regulable y PIR es la caracter\u00edstica clave que lo hace m\u00e1s inteligente.<\/p>\n","protected":false},"featured_media":17968,"template":"","meta":[],"product_brand":[],"product_cat":[662],"product_tag":[],"class_list":{"0":"post-19159","1":"product","2":"type-product","3":"status-publish","4":"has-post-thumbnail","6":"product_cat-proyectores-solares","8":"first","9":"instock","10":"featured","11":"shipping-taxable","12":"product-type-simple"},"yoast_head":"<!-- This site is optimized with the Yoast SEO plugin v27.4 - https:\/\/yoast.com\/product\/yoast-seo-wordpress\/ -->\n<title>L\u00e1mpara de pared solar serie de yoga<\/title>\n<meta name=\"description\" content=\"La luz de inundaci\u00f3n de pared solar YOGA SERIES es una l\u00e1mpara de pared solar ensamblada todo en uno para propietarios de viviendas.\" \/>\n<meta name=\"robots\" content=\"index, follow, max-snippet:-1, max-image-preview:large, max-video-preview:-1\" \/>\n<link rel=\"canonical\" href=\"https:\/\/www.zhgdled.com\/es\/yoga-serie-solar-led-pared-inundador-luz.html\" \/>\n<meta property=\"og:locale\" content=\"es_ES\" \/>\n<meta property=\"og:type\" content=\"article\" \/>\n<meta property=\"og:title\" content=\"L\u00e1mpara de pared solar serie de yoga\" \/>\n<meta property=\"og:description\" content=\"La luz de inundaci\u00f3n de pared solar YOGA SERIES es una l\u00e1mpara de pared solar ensamblada todo en uno para propietarios de viviendas.\" \/>\n<meta property=\"og:url\" content=\"https:\/\/www.zhgdled.com\/es\/yoga-serie-solar-led-pared-inundador-luz.html\" \/>\n<meta property=\"og:site_name\" content=\"Grupo de iluminaci\u00f3n ZHL\" \/>\n<meta property=\"article:publisher\" content=\"https:\/\/www.facebook.com\/zhllightinggroup\" \/>\n<meta property=\"article:modified_time\" content=\"2023-12-27T07:09:11+00:00\" \/>\n<meta property=\"og:image\" content=\"https:\/\/www.zhgdled.com\/wp-content\/uploads\/2022\/12\/yoga-series-solar-wall-lamp.jpg\" \/>\n\t<meta property=\"og:image:width\" content=\"750\" \/>\n\t<meta property=\"og:image:height\" content=\"750\" \/>\n\t<meta property=\"og:image:type\" content=\"image\/jpeg\" \/>\n<meta name=\"twitter:card\" content=\"summary_large_image\" \/>\n<meta name=\"twitter:site\" content=\"@zhl_lighting\" \/>\n<meta name=\"twitter:label1\" content=\"Tiempo de lectura\" \/>\n\t<meta name=\"twitter:data1\" content=\"1 minuto\" \/>\n<script type=\"application\/ld+json\" class=\"yoast-schema-graph\">{\"@context\":\"https:\\\/\\\/schema.org\",\"@graph\":[{\"@type\":\"WebPage\",\"@id\":\"https:\\\/\\\/www.zhgdled.com\\\/es\\\/yoga-serie-solar-led-pared-inundador-luz.html\",\"url\":\"https:\\\/\\\/www.zhgdled.com\\\/es\\\/yoga-serie-solar-led-pared-inundador-luz.html\",\"name\":\"L\u00e1mpara de pared solar serie de yoga\",\"isPartOf\":{\"@id\":\"https:\\\/\\\/www.zhgdled.com\\\/es\\\/#website\"},\"primaryImageOfPage\":{\"@id\":\"https:\\\/\\\/www.zhgdled.com\\\/es\\\/yoga-serie-solar-led-pared-inundador-luz.html#primaryimage\"},\"image\":{\"@id\":\"https:\\\/\\\/www.zhgdled.com\\\/es\\\/yoga-serie-solar-led-pared-inundador-luz.html#primaryimage\"},\"thumbnailUrl\":\"https:\\\/\\\/www.zhgdled.com\\\/wp-content\\\/uploads\\\/2022\\\/12\\\/yoga-series-solar-wall-lamp.jpg\",\"datePublished\":\"2022-12-08T08:38:27+00:00\",\"dateModified\":\"2023-12-27T07:09:11+00:00\",\"description\":\"La luz de inundaci\u00f3n de pared solar YOGA SERIES es una l\u00e1mpara de pared solar ensamblada todo en uno para propietarios de viviendas.\",\"breadcrumb\":{\"@id\":\"https:\\\/\\\/www.zhgdled.com\\\/es\\\/yoga-serie-solar-led-pared-inundador-luz.html#breadcrumb\"},\"inLanguage\":\"es\",\"potentialAction\":[{\"@type\":\"ReadAction\",\"target\":[\"https:\\\/\\\/www.zhgdled.com\\\/es\\\/yoga-serie-solar-led-pared-inundador-luz.html\"]}]},{\"@type\":\"ImageObject\",\"inLanguage\":\"es\",\"@id\":\"https:\\\/\\\/www.zhgdled.com\\\/es\\\/yoga-serie-solar-led-pared-inundador-luz.html#primaryimage\",\"url\":\"https:\\\/\\\/www.zhgdled.com\\\/wp-content\\\/uploads\\\/2022\\\/12\\\/yoga-series-solar-wall-lamp.jpg\",\"contentUrl\":\"https:\\\/\\\/www.zhgdled.com\\\/wp-content\\\/uploads\\\/2022\\\/12\\\/yoga-series-solar-wall-lamp.jpg\",\"width\":750,\"height\":750,\"caption\":\"L\u00e1mpara de pared solar\"},{\"@type\":\"BreadcrumbList\",\"@id\":\"https:\\\/\\\/www.zhgdled.com\\\/es\\\/yoga-serie-solar-led-pared-inundador-luz.html#breadcrumb\",\"itemListElement\":[{\"@type\":\"ListItem\",\"position\":1,\"name\":\"Home\",\"item\":\"https:\\\/\\\/www.zhgdled.com\\\/es\"},{\"@type\":\"ListItem\",\"position\":2,\"name\":\"PRODUCTS\",\"item\":\"https:\\\/\\\/www.zhgdled.com\\\/zhl-products.html\"},{\"@type\":\"ListItem\",\"position\":3,\"name\":\"LUZ DE INUNDACI\u00d3N DE PARED LED SOLAR SERIE YOGA\"}]},{\"@type\":\"WebSite\",\"@id\":\"https:\\\/\\\/www.zhgdled.com\\\/es\\\/#website\",\"url\":\"https:\\\/\\\/www.zhgdled.com\\\/es\\\/\",\"name\":\"Grupo de iluminaci\u00f3n ZHL\",\"description\":\"Top ranking industrial lighting manufacturer and exporter\",\"publisher\":{\"@id\":\"https:\\\/\\\/www.zhgdled.com\\\/es\\\/#organization\"},\"potentialAction\":[{\"@type\":\"SearchAction\",\"target\":{\"@type\":\"EntryPoint\",\"urlTemplate\":\"https:\\\/\\\/www.zhgdled.com\\\/es\\\/?s={search_term_string}\"},\"query-input\":{\"@type\":\"PropertyValueSpecification\",\"valueRequired\":true,\"valueName\":\"search_term_string\"}}],\"inLanguage\":\"es\"},{\"@type\":\"Organization\",\"@id\":\"https:\\\/\\\/www.zhgdled.com\\\/es\\\/#organization\",\"name\":\"ZHL Lighting Group\",\"url\":\"https:\\\/\\\/www.zhgdled.com\\\/es\\\/\",\"logo\":{\"@type\":\"ImageObject\",\"inLanguage\":\"es\",\"@id\":\"https:\\\/\\\/www.zhgdled.com\\\/es\\\/#\\\/schema\\\/logo\\\/image\\\/\",\"url\":\"\",\"contentUrl\":\"\",\"caption\":\"ZHL Lighting Group\"},\"image\":{\"@id\":\"https:\\\/\\\/www.zhgdled.com\\\/es\\\/#\\\/schema\\\/logo\\\/image\\\/\"},\"sameAs\":[\"https:\\\/\\\/www.facebook.com\\\/zhllightinggroup\",\"https:\\\/\\\/x.com\\\/zhl_lighting\"]}]}<\/script>\n<!-- \/ Yoast SEO plugin. -->","yoast_head_json":{"title":"L\u00e1mpara de pared solar serie de yoga","description":"La luz de inundaci\u00f3n de pared solar YOGA SERIES es una l\u00e1mpara de pared solar ensamblada todo en uno para propietarios de viviendas.","robots":{"index":"index","follow":"follow","max-snippet":"max-snippet:-1","max-image-preview":"max-image-preview:large","max-video-preview":"max-video-preview:-1"},"canonical":"https:\/\/www.zhgdled.com\/es\/yoga-serie-solar-led-pared-inundador-luz.html","og_locale":"es_ES","og_type":"article","og_title":"L\u00e1mpara de pared solar serie de yoga","og_description":"La luz de inundaci\u00f3n de pared solar YOGA SERIES es una l\u00e1mpara de pared solar ensamblada todo en uno para propietarios de viviendas.","og_url":"https:\/\/www.zhgdled.com\/es\/yoga-serie-solar-led-pared-inundador-luz.html","og_site_name":"Grupo de iluminaci\u00f3n ZHL","article_publisher":"https:\/\/www.facebook.com\/zhllightinggroup","article_modified_time":"2023-12-27T07:09:11+00:00","og_image":[{"width":750,"height":750,"url":"https:\/\/www.zhgdled.com\/wp-content\/uploads\/2022\/12\/yoga-series-solar-wall-lamp.jpg","type":"image\/jpeg"}],"twitter_card":"summary_large_image","twitter_site":"@zhl_lighting","twitter_misc":{"Tiempo de lectura":"1 minuto"},"schema":{"@context":"https:\/\/schema.org","@graph":[{"@type":"WebPage","@id":"https:\/\/www.zhgdled.com\/es\/yoga-serie-solar-led-pared-inundador-luz.html","url":"https:\/\/www.zhgdled.com\/es\/yoga-serie-solar-led-pared-inundador-luz.html","name":"L\u00e1mpara de pared solar serie de yoga","isPartOf":{"@id":"https:\/\/www.zhgdled.com\/es\/#website"},"primaryImageOfPage":{"@id":"https:\/\/www.zhgdled.com\/es\/yoga-serie-solar-led-pared-inundador-luz.html#primaryimage"},"image":{"@id":"https:\/\/www.zhgdled.com\/es\/yoga-serie-solar-led-pared-inundador-luz.html#primaryimage"},"thumbnailUrl":"https:\/\/www.zhgdled.com\/wp-content\/uploads\/2022\/12\/yoga-series-solar-wall-lamp.jpg","datePublished":"2022-12-08T08:38:27+00:00","dateModified":"2023-12-27T07:09:11+00:00","description":"La luz de inundaci\u00f3n de pared solar YOGA SERIES es una l\u00e1mpara de pared solar ensamblada todo en uno para propietarios de viviendas.","breadcrumb":{"@id":"https:\/\/www.zhgdled.com\/es\/yoga-serie-solar-led-pared-inundador-luz.html#breadcrumb"},"inLanguage":"es","potentialAction":[{"@type":"ReadAction","target":["https:\/\/www.zhgdled.com\/es\/yoga-serie-solar-led-pared-inundador-luz.html"]}]},{"@type":"ImageObject","inLanguage":"es","@id":"https:\/\/www.zhgdled.com\/es\/yoga-serie-solar-led-pared-inundador-luz.html#primaryimage","url":"https:\/\/www.zhgdled.com\/wp-content\/uploads\/2022\/12\/yoga-series-solar-wall-lamp.jpg","contentUrl":"https:\/\/www.zhgdled.com\/wp-content\/uploads\/2022\/12\/yoga-series-solar-wall-lamp.jpg","width":750,"height":750,"caption":"L\u00e1mpara de pared solar"},{"@type":"BreadcrumbList","@id":"https:\/\/www.zhgdled.com\/es\/yoga-serie-solar-led-pared-inundador-luz.html#breadcrumb","itemListElement":[{"@type":"ListItem","position":1,"name":"Home","item":"https:\/\/www.zhgdled.com\/es"},{"@type":"ListItem","position":2,"name":"PRODUCTS","item":"https:\/\/www.zhgdled.com\/zhl-products.html"},{"@type":"ListItem","position":3,"name":"LUZ DE INUNDACI\u00d3N DE PARED LED SOLAR SERIE YOGA"}]},{"@type":"WebSite","@id":"https:\/\/www.zhgdled.com\/es\/#website","url":"https:\/\/www.zhgdled.com\/es\/","name":"Grupo de iluminaci\u00f3n ZHL","description":"Top ranking industrial lighting manufacturer and exporter","publisher":{"@id":"https:\/\/www.zhgdled.com\/es\/#organization"},"potentialAction":[{"@type":"SearchAction","target":{"@type":"EntryPoint","urlTemplate":"https:\/\/www.zhgdled.com\/es\/?s={search_term_string}"},"query-input":{"@type":"PropertyValueSpecification","valueRequired":true,"valueName":"search_term_string"}}],"inLanguage":"es"},{"@type":"Organization","@id":"https:\/\/www.zhgdled.com\/es\/#organization","name":"ZHL Lighting Group","url":"https:\/\/www.zhgdled.com\/es\/","logo":{"@type":"ImageObject","inLanguage":"es","@id":"https:\/\/www.zhgdled.com\/es\/#\/schema\/logo\/image\/","url":"","contentUrl":"","caption":"ZHL Lighting Group"},"image":{"@id":"https:\/\/www.zhgdled.com\/es\/#\/schema\/logo\/image\/"},"sameAs":["https:\/\/www.facebook.com\/zhllightinggroup","https:\/\/x.com\/zhl_lighting"]}]}},"_links":{"self":[{"href":"https:\/\/www.zhgdled.com\/es\/wp-json\/wp\/v2\/product\/19159","targetHints":{"allow":["GET"]}}],"collection":[{"href":"https:\/\/www.zhgdled.com\/es\/wp-json\/wp\/v2\/product"}],"about":[{"href":"https:\/\/www.zhgdled.com\/es\/wp-json\/wp\/v2\/types\/product"}],"wp:featuredmedia":[{"embeddable":true,"href":"https:\/\/www.zhgdled.com\/es\/wp-json\/wp\/v2\/media\/17968"}],"wp:attachment":[{"href":"https:\/\/www.zhgdled.com\/es\/wp-json\/wp\/v2\/media?parent=19159"}],"wp:term":[{"taxonomy":"product_brand","embeddable":true,"href":"https:\/\/www.zhgdled.com\/es\/wp-json\/wp\/v2\/product_brand?post=19159"},{"taxonomy":"product_cat","embeddable":true,"href":"https:\/\/www.zhgdled.com\/es\/wp-json\/wp\/v2\/product_cat?post=19159"},{"taxonomy":"product_tag","embeddable":true,"href":"https:\/\/www.zhgdled.com\/es\/wp-json\/wp\/v2\/product_tag?post=19159"}],"curies":[{"name":"wp","href":"https:\/\/api.w.org\/{rel}","templated":true}]}}