{"id":19163,"date":"2023-06-12T14:16:18","date_gmt":"2022-10-13T06:16:18","guid":{"rendered":"https:\/\/www.zhgdled.com\/product\/cob-rechargeable-work-light-10w"},"modified":"2023-02-18T10:50:18","modified_gmt":"2023-02-18T02:50:18","slug":"luz-de-trabajo-led-10w","status":"publish","type":"product","link":"https:\/\/www.zhgdled.com\/es\/cob-recargable-luz-de-trabajo-10w.html","title":{"rendered":"LUZ DE TRABAJO COB RECARGABLE 10W"},"content":{"rendered":"<h2>Para uso en interiores y al aire libre<\/h2>\n<p>Para cualquier aplicaci\u00f3n, las condiciones de luz c\u00f3modas y profesionales son vitales para poder trabajar m\u00e1s r\u00e1pido, con mayor precisi\u00f3n y productividad al anochecer y en la oscuridad. Los faros de trabajo de gama completa de ZHL se encargan de esto gracias a su procedimiento de fabricaci\u00f3n fiable. ZHL ofrece la seguridad de un producto de marca confiable. ZHL\u00a0se establece como un OEM global para todos los principales fabricantes de iluminaci\u00f3n internacionales, ya que ponemos \u00e9nfasis en la m\u00e1s alta calidad en todas las \u00e1reas. Por ejemplo, todos los faros de trabajo se someten a pruebas de estr\u00e9s extremo durante el desarrollo y la producci\u00f3n. Puede encontrar m\u00e1s informaci\u00f3n sobre nuestras pruebas de calidad en las p\u00e1ginas &#8220;Caso&#8221; e &#8220;Investigaci\u00f3n&#8221;.<\/p>\n<p>La tecnolog\u00eda LED es mucho m\u00e1s exigente que las luces hal\u00f3genas y de xen\u00f3n convencionales. Es por eso que las diferencias de calidad son particularmente evidentes en estos dispositivos. ZHL se ha dedicado al mercado de las luces LED durante a\u00f1os.<\/p>\n<blockquote><p>necesito un catalogo? <a href=\"https:\/\/www.zhgdled.com\/download\/cob-rechargeable-work-light\">Descargar cat\u00e1logo de luz de trabajo<\/a> &#8211; <a href=\"https:\/\/www.zhgdled.com\/download\/2022-zhl-product-catalogue\">Descargar cat\u00e1logo de todos los productos ZHL<\/a><\/p><\/blockquote>\n<h2>ESPECIFICACI\u00d3N<\/h2>\n<table style=\"border-collapse: collapse; width: 370.52pt;\" border=\"0\" width=\"494\" cellspacing=\"0\" cellpadding=\"0\">\n<tbody>\n<tr style=\"height: 16.50pt;\">\n<td class=\"et2\" style=\"height: 16.50pt; width: 120.75pt;\" width=\"161\" height=\"22\">Fuerza:<\/td>\n<td class=\"et2\" style=\"width: 249.75pt;\" width=\"333\">10W<\/td>\n<\/tr>\n<tr style=\"height: 16.50pt;\">\n<td class=\"et2\" style=\"height: 16.50pt;\" height=\"22\">Fuente de luz:<\/td>\n<td class=\"et2\">COB<\/td>\n<\/tr>\n<tr style=\"height: 16.50pt;\">\n<td class=\"et2\" style=\"height: 16.50pt;\" height=\"22\">Flujo luminoso:<\/td>\n<td class=\"et2\">1000lm<\/td>\n<\/tr>\n<tr style=\"height: 16.50pt;\">\n<td class=\"et2\" style=\"height: 16.50pt;\" height=\"22\">CRI<\/td>\n<td class=\"et2\">&gt;80<\/td>\n<\/tr>\n<tr style=\"height: 16.50pt;\">\n<td class=\"et2\" style=\"height: 16.50pt;\" height=\"22\">Factor de potencia<\/td>\n<td class=\"et2\">&gt;0.9<\/td>\n<\/tr>\n<tr style=\"height: 16.50pt;\">\n<td class=\"et2\" style=\"height: 16.50pt;\" height=\"22\">\u00c1ngulo de haz:<\/td>\n<td class=\"et2\">110\u00b0<\/td>\n<\/tr>\n<tr style=\"height: 16.50pt;\">\n<td class=\"et2\" style=\"height: 16.50pt;\" height=\"22\">Voltaje:<\/td>\n<td class=\"et2\">4.5V DC<\/td>\n<\/tr>\n<tr style=\"height: 16.50pt;\">\n<td class=\"et2\" style=\"height: 16.50pt;\" height=\"22\">CCT:<\/td>\n<td class=\"et2\">2700K-3200K \/ 4000K-4500K \/ 6000K-6500K<\/td>\n<\/tr>\n<tr style=\"height: 16.50pt;\">\n<td class=\"et2\" style=\"height: 16.50pt;\" height=\"22\">Clasificaci\u00f3n impermeable:<\/td>\n<td class=\"et2\">IP54<\/td>\n<\/tr>\n<tr style=\"height: 16.50pt;\">\n<td class=\"et2\" style=\"height: 16.50pt;\" height=\"22\">Esperanza de vida:<\/td>\n<td class=\"et2\">30,000 hours<\/td>\n<\/tr>\n<tr style=\"height: 16.50pt;\">\n<td class=\"et2\" style=\"height: 16.50pt;\" height=\"22\">Material:<\/td>\n<td class=\"et2\">Aluminio, Nylonpower<\/td>\n<\/tr>\n<tr style=\"height: 16.50pt;\">\n<td class=\"et2\" style=\"height: 16.50pt;\" height=\"22\">Modo de luz:<\/td>\n<td class=\"et2\">100 % de brillo \/ 50 % de brillo \/ Apagado<\/td>\n<\/tr>\n<tr style=\"height: 16.50pt;\">\n<td class=\"et2\" style=\"height: 16.50pt;\" height=\"22\">Tiempo de carga:<\/td>\n<td class=\"et2\">3 horas.<\/td>\n<\/tr>\n<tr style=\"height: 16.50pt;\">\n<td class=\"et2\" style=\"height: 16.50pt;\" height=\"22\">Tiempo de descarga:<\/td>\n<td class=\"et2\">4 horas<\/td>\n<\/tr>\n<tr style=\"height: 16.50pt;\">\n<td class=\"et2\" style=\"height: 16.50pt;\" height=\"22\">Capacidad de la bater\u00eda:<\/td>\n<td class=\"et2\">4.4AH \/ 3.7V<\/td>\n<\/tr>\n<tr style=\"height: 16.50pt;\">\n<td class=\"et2\" style=\"height: 16.50pt;\" height=\"22\">Garant\u00eda:<\/td>\n<td class=\"et2\">2 a\u00f1os<\/td>\n<\/tr>\n<\/tbody>\n<\/table>\n<p><img decoding=\"async\" class=\"size-full wp-image-17418\" src=\"https:\/\/www.zhgdled.com\/wp-content\/uploads\/2022\/10\/20221026093308.jpg\" alt=\"COB rechargeable work light\" width=\"1279\" height=\"850\" srcset=\"https:\/\/www.zhgdled.com\/wp-content\/uploads\/2022\/10\/20221026093308.jpg 1279w, https:\/\/www.zhgdled.com\/wp-content\/uploads\/2022\/10\/20221026093308-300x199.jpg 300w, https:\/\/www.zhgdled.com\/wp-content\/uploads\/2022\/10\/20221026093308-1024x681.jpg 1024w, https:\/\/www.zhgdled.com\/wp-content\/uploads\/2022\/10\/20221026093308-768x510.jpg 768w, https:\/\/www.zhgdled.com\/wp-content\/uploads\/2022\/10\/20221026093308-600x399.jpg 600w, https:\/\/www.zhgdled.com\/wp-content\/uploads\/2022\/10\/20221026093308-150x100.jpg 150w\" sizes=\"(max-width: 1279px) 100vw, 1279px\" \/><\/p>\n","protected":false},"excerpt":{"rendered":"<p>La gama completa de luces de trabajo de ZHL ayuda a poder trabajar m\u00e1s r\u00e1pido, con mayor precisi\u00f3n y productividad al anochecer y en la oscuridad gracias a su procedimiento de fabricaci\u00f3n confiable.<\/p>\n<ul>\n<li>Potencia: 10W<\/li>\n<li>Fuente de luz: COB<\/li>\n<li>Flujo luminoso: 1000lm<\/li>\n<li>Ra&gt;80, FP&gt;0,9<\/li>\n<li>\u00c1ngulo de haz: 110\u00b0<\/li>\n<li>Voltaje: 4,5 V CC<\/li>\n<li>TCC: 2700K-3200K \/ 4000K-4500K \/ 6000K-6500K<\/li>\n<\/ul>\n","protected":false},"featured_media":14925,"template":"","meta":[],"product_brand":[],"product_cat":[606],"product_tag":[607],"class_list":{"0":"post-19163","1":"product","2":"type-product","3":"status-publish","4":"has-post-thumbnail","6":"product_cat-work-lights-es","7":"product_tag-work-lights-es","9":"first","10":"instock","11":"shipping-taxable","12":"product-type-simple"},"yoast_head":"<!-- This site is optimized with the Yoast SEO plugin v27.4 - https:\/\/yoast.com\/product\/yoast-seo-wordpress\/ -->\n<title>LUZ DE TRABAJO LED 10W<\/title>\n<meta name=\"description\" content=\"La gama completa de luces de trabajo de ZHL ayuda a poder trabajar m\u00e1s r\u00e1pido, con mayor precisi\u00f3n y productividad al anochecer y en la oscuridad gracias\" \/>\n<meta name=\"robots\" content=\"index, follow, max-snippet:-1, max-image-preview:large, max-video-preview:-1\" \/>\n<link rel=\"canonical\" href=\"https:\/\/www.zhgdled.com\/es\/cob-recargable-luz-de-trabajo-10w.html\" \/>\n<meta property=\"og:locale\" content=\"es_ES\" \/>\n<meta property=\"og:type\" content=\"article\" \/>\n<meta property=\"og:title\" content=\"LUZ DE TRABAJO LED 10W\" \/>\n<meta property=\"og:description\" content=\"La gama completa de luces de trabajo de ZHL ayuda a poder trabajar m\u00e1s r\u00e1pido, con mayor precisi\u00f3n y productividad al anochecer y en la oscuridad gracias\" \/>\n<meta property=\"og:url\" content=\"https:\/\/www.zhgdled.com\/es\/cob-recargable-luz-de-trabajo-10w.html\" \/>\n<meta property=\"og:site_name\" content=\"Grupo de iluminaci\u00f3n ZHL\" \/>\n<meta property=\"article:publisher\" content=\"https:\/\/www.facebook.com\/zhllightinggroup\" \/>\n<meta property=\"article:modified_time\" content=\"2023-02-18T02:50:18+00:00\" \/>\n<meta property=\"og:image\" content=\"https:\/\/www.zhgdled.com\/wp-content\/uploads\/2022\/10\/COB_RECHARGEABLE_WORK_LIGHT.png\" \/>\n\t<meta property=\"og:image:width\" content=\"1600\" \/>\n\t<meta property=\"og:image:height\" content=\"1600\" \/>\n\t<meta property=\"og:image:type\" content=\"image\/png\" \/>\n<meta name=\"twitter:card\" content=\"summary_large_image\" \/>\n<meta name=\"twitter:site\" content=\"@zhl_lighting\" \/>\n<meta name=\"twitter:label1\" content=\"Tiempo de lectura\" \/>\n\t<meta name=\"twitter:data1\" content=\"2 minutos\" \/>\n<script type=\"application\/ld+json\" class=\"yoast-schema-graph\">{\"@context\":\"https:\\\/\\\/schema.org\",\"@graph\":[{\"@type\":\"WebPage\",\"@id\":\"https:\\\/\\\/www.zhgdled.com\\\/es\\\/cob-recargable-luz-de-trabajo-10w.html\",\"url\":\"https:\\\/\\\/www.zhgdled.com\\\/es\\\/cob-recargable-luz-de-trabajo-10w.html\",\"name\":\"LUZ DE TRABAJO LED 10W\",\"isPartOf\":{\"@id\":\"https:\\\/\\\/www.zhgdled.com\\\/es\\\/#website\"},\"primaryImageOfPage\":{\"@id\":\"https:\\\/\\\/www.zhgdled.com\\\/es\\\/cob-recargable-luz-de-trabajo-10w.html#primaryimage\"},\"image\":{\"@id\":\"https:\\\/\\\/www.zhgdled.com\\\/es\\\/cob-recargable-luz-de-trabajo-10w.html#primaryimage\"},\"thumbnailUrl\":\"https:\\\/\\\/www.zhgdled.com\\\/wp-content\\\/uploads\\\/2022\\\/10\\\/COB_RECHARGEABLE_WORK_LIGHT.png\",\"datePublished\":\"2022-10-13T06:16:18+00:00\",\"dateModified\":\"2023-02-18T02:50:18+00:00\",\"description\":\"La gama completa de luces de trabajo de ZHL ayuda a poder trabajar m\u00e1s r\u00e1pido, con mayor precisi\u00f3n y productividad al anochecer y en la oscuridad gracias\",\"breadcrumb\":{\"@id\":\"https:\\\/\\\/www.zhgdled.com\\\/es\\\/cob-recargable-luz-de-trabajo-10w.html#breadcrumb\"},\"inLanguage\":\"es\",\"potentialAction\":[{\"@type\":\"ReadAction\",\"target\":[\"https:\\\/\\\/www.zhgdled.com\\\/es\\\/cob-recargable-luz-de-trabajo-10w.html\"]}]},{\"@type\":\"ImageObject\",\"inLanguage\":\"es\",\"@id\":\"https:\\\/\\\/www.zhgdled.com\\\/es\\\/cob-recargable-luz-de-trabajo-10w.html#primaryimage\",\"url\":\"https:\\\/\\\/www.zhgdled.com\\\/wp-content\\\/uploads\\\/2022\\\/10\\\/COB_RECHARGEABLE_WORK_LIGHT.png\",\"contentUrl\":\"https:\\\/\\\/www.zhgdled.com\\\/wp-content\\\/uploads\\\/2022\\\/10\\\/COB_RECHARGEABLE_WORK_LIGHT.png\",\"width\":1600,\"height\":1600,\"caption\":\"LUZ DE TRABAJO LED 10W\"},{\"@type\":\"BreadcrumbList\",\"@id\":\"https:\\\/\\\/www.zhgdled.com\\\/es\\\/cob-recargable-luz-de-trabajo-10w.html#breadcrumb\",\"itemListElement\":[{\"@type\":\"ListItem\",\"position\":1,\"name\":\"Home\",\"item\":\"https:\\\/\\\/www.zhgdled.com\\\/es\"},{\"@type\":\"ListItem\",\"position\":2,\"name\":\"PRODUCTS\",\"item\":\"https:\\\/\\\/www.zhgdled.com\\\/zhl-products.html\"},{\"@type\":\"ListItem\",\"position\":3,\"name\":\"LUZ DE TRABAJO COB RECARGABLE 10W\"}]},{\"@type\":\"WebSite\",\"@id\":\"https:\\\/\\\/www.zhgdled.com\\\/es\\\/#website\",\"url\":\"https:\\\/\\\/www.zhgdled.com\\\/es\\\/\",\"name\":\"Grupo de iluminaci\u00f3n ZHL\",\"description\":\"Top ranking industrial lighting manufacturer and exporter\",\"publisher\":{\"@id\":\"https:\\\/\\\/www.zhgdled.com\\\/es\\\/#organization\"},\"potentialAction\":[{\"@type\":\"SearchAction\",\"target\":{\"@type\":\"EntryPoint\",\"urlTemplate\":\"https:\\\/\\\/www.zhgdled.com\\\/es\\\/?s={search_term_string}\"},\"query-input\":{\"@type\":\"PropertyValueSpecification\",\"valueRequired\":true,\"valueName\":\"search_term_string\"}}],\"inLanguage\":\"es\"},{\"@type\":\"Organization\",\"@id\":\"https:\\\/\\\/www.zhgdled.com\\\/es\\\/#organization\",\"name\":\"ZHL Lighting Group\",\"url\":\"https:\\\/\\\/www.zhgdled.com\\\/es\\\/\",\"logo\":{\"@type\":\"ImageObject\",\"inLanguage\":\"es\",\"@id\":\"https:\\\/\\\/www.zhgdled.com\\\/es\\\/#\\\/schema\\\/logo\\\/image\\\/\",\"url\":\"\",\"contentUrl\":\"\",\"caption\":\"ZHL Lighting Group\"},\"image\":{\"@id\":\"https:\\\/\\\/www.zhgdled.com\\\/es\\\/#\\\/schema\\\/logo\\\/image\\\/\"},\"sameAs\":[\"https:\\\/\\\/www.facebook.com\\\/zhllightinggroup\",\"https:\\\/\\\/x.com\\\/zhl_lighting\"]}]}<\/script>\n<!-- \/ Yoast SEO plugin. -->","yoast_head_json":{"title":"LUZ DE TRABAJO LED 10W","description":"La gama completa de luces de trabajo de ZHL ayuda a poder trabajar m\u00e1s r\u00e1pido, con mayor precisi\u00f3n y productividad al anochecer y en la oscuridad gracias","robots":{"index":"index","follow":"follow","max-snippet":"max-snippet:-1","max-image-preview":"max-image-preview:large","max-video-preview":"max-video-preview:-1"},"canonical":"https:\/\/www.zhgdled.com\/es\/cob-recargable-luz-de-trabajo-10w.html","og_locale":"es_ES","og_type":"article","og_title":"LUZ DE TRABAJO LED 10W","og_description":"La gama completa de luces de trabajo de ZHL ayuda a poder trabajar m\u00e1s r\u00e1pido, con mayor precisi\u00f3n y productividad al anochecer y en la oscuridad gracias","og_url":"https:\/\/www.zhgdled.com\/es\/cob-recargable-luz-de-trabajo-10w.html","og_site_name":"Grupo de iluminaci\u00f3n ZHL","article_publisher":"https:\/\/www.facebook.com\/zhllightinggroup","article_modified_time":"2023-02-18T02:50:18+00:00","og_image":[{"width":1600,"height":1600,"url":"https:\/\/www.zhgdled.com\/wp-content\/uploads\/2022\/10\/COB_RECHARGEABLE_WORK_LIGHT.png","type":"image\/png"}],"twitter_card":"summary_large_image","twitter_site":"@zhl_lighting","twitter_misc":{"Tiempo de lectura":"2 minutos"},"schema":{"@context":"https:\/\/schema.org","@graph":[{"@type":"WebPage","@id":"https:\/\/www.zhgdled.com\/es\/cob-recargable-luz-de-trabajo-10w.html","url":"https:\/\/www.zhgdled.com\/es\/cob-recargable-luz-de-trabajo-10w.html","name":"LUZ DE TRABAJO LED 10W","isPartOf":{"@id":"https:\/\/www.zhgdled.com\/es\/#website"},"primaryImageOfPage":{"@id":"https:\/\/www.zhgdled.com\/es\/cob-recargable-luz-de-trabajo-10w.html#primaryimage"},"image":{"@id":"https:\/\/www.zhgdled.com\/es\/cob-recargable-luz-de-trabajo-10w.html#primaryimage"},"thumbnailUrl":"https:\/\/www.zhgdled.com\/wp-content\/uploads\/2022\/10\/COB_RECHARGEABLE_WORK_LIGHT.png","datePublished":"2022-10-13T06:16:18+00:00","dateModified":"2023-02-18T02:50:18+00:00","description":"La gama completa de luces de trabajo de ZHL ayuda a poder trabajar m\u00e1s r\u00e1pido, con mayor precisi\u00f3n y productividad al anochecer y en la oscuridad gracias","breadcrumb":{"@id":"https:\/\/www.zhgdled.com\/es\/cob-recargable-luz-de-trabajo-10w.html#breadcrumb"},"inLanguage":"es","potentialAction":[{"@type":"ReadAction","target":["https:\/\/www.zhgdled.com\/es\/cob-recargable-luz-de-trabajo-10w.html"]}]},{"@type":"ImageObject","inLanguage":"es","@id":"https:\/\/www.zhgdled.com\/es\/cob-recargable-luz-de-trabajo-10w.html#primaryimage","url":"https:\/\/www.zhgdled.com\/wp-content\/uploads\/2022\/10\/COB_RECHARGEABLE_WORK_LIGHT.png","contentUrl":"https:\/\/www.zhgdled.com\/wp-content\/uploads\/2022\/10\/COB_RECHARGEABLE_WORK_LIGHT.png","width":1600,"height":1600,"caption":"LUZ DE TRABAJO LED 10W"},{"@type":"BreadcrumbList","@id":"https:\/\/www.zhgdled.com\/es\/cob-recargable-luz-de-trabajo-10w.html#breadcrumb","itemListElement":[{"@type":"ListItem","position":1,"name":"Home","item":"https:\/\/www.zhgdled.com\/es"},{"@type":"ListItem","position":2,"name":"PRODUCTS","item":"https:\/\/www.zhgdled.com\/zhl-products.html"},{"@type":"ListItem","position":3,"name":"LUZ DE TRABAJO COB RECARGABLE 10W"}]},{"@type":"WebSite","@id":"https:\/\/www.zhgdled.com\/es\/#website","url":"https:\/\/www.zhgdled.com\/es\/","name":"Grupo de iluminaci\u00f3n ZHL","description":"Top ranking industrial lighting manufacturer and exporter","publisher":{"@id":"https:\/\/www.zhgdled.com\/es\/#organization"},"potentialAction":[{"@type":"SearchAction","target":{"@type":"EntryPoint","urlTemplate":"https:\/\/www.zhgdled.com\/es\/?s={search_term_string}"},"query-input":{"@type":"PropertyValueSpecification","valueRequired":true,"valueName":"search_term_string"}}],"inLanguage":"es"},{"@type":"Organization","@id":"https:\/\/www.zhgdled.com\/es\/#organization","name":"ZHL Lighting Group","url":"https:\/\/www.zhgdled.com\/es\/","logo":{"@type":"ImageObject","inLanguage":"es","@id":"https:\/\/www.zhgdled.com\/es\/#\/schema\/logo\/image\/","url":"","contentUrl":"","caption":"ZHL Lighting Group"},"image":{"@id":"https:\/\/www.zhgdled.com\/es\/#\/schema\/logo\/image\/"},"sameAs":["https:\/\/www.facebook.com\/zhllightinggroup","https:\/\/x.com\/zhl_lighting"]}]}},"_links":{"self":[{"href":"https:\/\/www.zhgdled.com\/es\/wp-json\/wp\/v2\/product\/19163","targetHints":{"allow":["GET"]}}],"collection":[{"href":"https:\/\/www.zhgdled.com\/es\/wp-json\/wp\/v2\/product"}],"about":[{"href":"https:\/\/www.zhgdled.com\/es\/wp-json\/wp\/v2\/types\/product"}],"wp:featuredmedia":[{"embeddable":true,"href":"https:\/\/www.zhgdled.com\/es\/wp-json\/wp\/v2\/media\/14925"}],"wp:attachment":[{"href":"https:\/\/www.zhgdled.com\/es\/wp-json\/wp\/v2\/media?parent=19163"}],"wp:term":[{"taxonomy":"product_brand","embeddable":true,"href":"https:\/\/www.zhgdled.com\/es\/wp-json\/wp\/v2\/product_brand?post=19163"},{"taxonomy":"product_cat","embeddable":true,"href":"https:\/\/www.zhgdled.com\/es\/wp-json\/wp\/v2\/product_cat?post=19163"},{"taxonomy":"product_tag","embeddable":true,"href":"https:\/\/www.zhgdled.com\/es\/wp-json\/wp\/v2\/product_tag?post=19163"}],"curies":[{"name":"wp","href":"https:\/\/api.w.org\/{rel}","templated":true}]}}