{"id":19174,"date":"2023-12-22T20:02:05","date_gmt":"2021-10-26T12:02:05","guid":{"rendered":"https:\/\/www.zhgdled.com\/product\/star-series-with-tuya-wifi"},"modified":"2023-02-18T10:54:00","modified_gmt":"2023-02-18T02:54:00","slug":"proyector-inteligente","status":"publish","type":"product","link":"https:\/\/www.zhgdled.com\/es\/star-series-con-tuya-wifi.html","title":{"rendered":"PROYECTOR INTELIGENTE SERIE STAR con TUYA WIFI"},"content":{"rendered":"<h2>\u00a1DEJE QUE EL HARDWARE SE VUELVA INTELIGENTE CON SMART FLOODLIGHT!<\/h2>\n<p>El proyector inteligente STAR SERIES TUYA WIFI es un producto de una combinaci\u00f3n org\u00e1nica de hardware y software. Ahora, con la actualizaci\u00f3n del m\u00f3dulo TUYA, los reflectores de la serie STAR pueden lograr f\u00e1cilmente una gesti\u00f3n centralizada a gran escala de su equipo de la serie STAR instalado mediante dispositivos m\u00f3viles o software de PC.<\/p>\n<p>Mientras tanto, despu\u00e9s de heredar el m\u00f3dulo WIFI, los propietarios ahora pueden incorporar sus equipos de iluminaci\u00f3n al sistema de hogar inteligente. Darse cuenta de la gesti\u00f3n inteligente del sistema de iluminaci\u00f3n.<\/p>\n<h2>ESPECIFICACI\u00d3N<\/h2>\n<table width=\"655\">\n<tbody>\n<tr>\n<td width=\"222\"><\/td>\n<td width=\"433\"><\/td>\n<\/tr>\n<tr>\n<td>Fuerza<\/td>\n<td>10W 20W 30W 50W<\/td>\n<\/tr>\n<tr>\n<td>LED<\/td>\n<td>SMD 2835<\/td>\n<\/tr>\n<tr>\n<td>Temperatura de color (CCT)<\/td>\n<td>RGBW\/CCT<\/td>\n<\/tr>\n<tr>\n<td>Eficiencia luminosa (lm\/w)<\/td>\n<td>80lm\/w<\/td>\n<\/tr>\n<tr>\n<td>Voltaje de entrada (V)<\/td>\n<td>AC100-240V\/AC220-240V\/AC200-260V<\/td>\n<\/tr>\n<tr>\n<td>PF<\/td>\n<td>&gt;0.9<\/td>\n<\/tr>\n<tr>\n<td>CRI (Ra&gt;)<\/td>\n<td>80<\/td>\n<\/tr>\n<tr>\n<td>\u00c1ngulo de haz (\u00b0)<\/td>\n<td>120<\/td>\n<\/tr>\n<tr>\n<td>Grado IP<\/td>\n<td>IP65<\/td>\n<\/tr>\n<tr>\n<td>Material<\/td>\n<td>Cuerpo de aluminio + cubierta de vidrio templado<\/td>\n<\/tr>\n<tr>\n<td>Temperatura de trabajo (\u2103)<\/td>\n<td>-20-50<\/td>\n<\/tr>\n<tr>\n<td>Garant\u00eda (a\u00f1o)<\/td>\n<td>2 a\u00f1os<\/td>\n<\/tr>\n<tr>\n<td>Certificaci\u00f3n<\/td>\n<td>CE,ERP,RoHS<\/td>\n<\/tr>\n<tr>\n<td>Conductor<\/td>\n<td>\u00a0DOB<\/td>\n<\/tr>\n<\/tbody>\n<\/table>\n","protected":false},"excerpt":{"rendered":"<p>El proyector inteligente STAR SERIES TUYA WIFI es un producto de una combinaci\u00f3n org\u00e1nica de hardware y software. Ahora, con la actualizaci\u00f3n del m\u00f3dulo TUYA, los reflectores de la serie STAR pueden lograr f\u00e1cilmente una gesti\u00f3n centralizada a gran escala de su equipo de la serie STAR instalado mediante dispositivos m\u00f3viles o software de PC.<\/p>\n<ul>\n<li>10W \/ 20W \/ 30W \/ 50W<\/li>\n<li>SMD2835<\/li>\n<li>RGBW\/CCT ajustable<\/li>\n<li>80 lm\/w<\/li>\n<li>CA 100 V-240 V 50\/60 Hz<\/li>\n<li>IP65<\/li>\n<li>CE CB ERP RoHS<\/li>\n<\/ul>\n","protected":false},"featured_media":19786,"template":"","meta":[],"product_brand":[],"product_cat":[611],"product_tag":[],"class_list":{"0":"post-19174","1":"product","2":"type-product","3":"status-publish","4":"has-post-thumbnail","6":"product_cat-led-flood-light-es","8":"first","9":"instock","10":"shipping-taxable","11":"product-type-simple"},"yoast_head":"<!-- This site is optimized with the Yoast SEO plugin v27.5 - https:\/\/yoast.com\/product\/yoast-seo-wordpress\/ -->\n<title>proyector inteligente con TUYA WIF<\/title>\n<meta name=\"description\" content=\"El proyector inteligente STAR SERIES TUYA WIFI es un producto de una combinaci\u00f3n org\u00e1nica de hardware y software. Ahora, con la actualizaci\u00f3n del m\u00f3dulo\" \/>\n<meta name=\"robots\" content=\"index, follow, max-snippet:-1, max-image-preview:large, max-video-preview:-1\" \/>\n<link rel=\"canonical\" href=\"https:\/\/www.zhgdled.com\/es\/star-series-con-tuya-wifi.html\" \/>\n<meta property=\"og:locale\" content=\"es_ES\" \/>\n<meta property=\"og:type\" content=\"article\" \/>\n<meta property=\"og:title\" content=\"proyector inteligente con TUYA WIF\" \/>\n<meta property=\"og:description\" content=\"El proyector inteligente STAR SERIES TUYA WIFI es un producto de una combinaci\u00f3n org\u00e1nica de hardware y software. Ahora, con la actualizaci\u00f3n del m\u00f3dulo\" \/>\n<meta property=\"og:url\" content=\"https:\/\/www.zhgdled.com\/es\/star-series-con-tuya-wifi.html\" \/>\n<meta property=\"og:site_name\" content=\"Grupo de iluminaci\u00f3n ZHL\" \/>\n<meta property=\"article:publisher\" content=\"https:\/\/www.facebook.com\/zhllightinggroup\" \/>\n<meta property=\"article:modified_time\" content=\"2023-02-18T02:54:00+00:00\" \/>\n<meta property=\"og:image\" content=\"https:\/\/www.zhgdled.com\/wp-content\/uploads\/2021\/10\/14.png\" \/>\n\t<meta property=\"og:image:width\" content=\"1600\" \/>\n\t<meta property=\"og:image:height\" content=\"1600\" \/>\n\t<meta property=\"og:image:type\" content=\"image\/png\" \/>\n<meta name=\"twitter:card\" content=\"summary_large_image\" \/>\n<meta name=\"twitter:site\" content=\"@zhl_lighting\" \/>\n<meta name=\"twitter:label1\" content=\"Tiempo de lectura\" \/>\n\t<meta name=\"twitter:data1\" content=\"1 minuto\" \/>\n<script type=\"application\/ld+json\" class=\"yoast-schema-graph\">{\"@context\":\"https:\\\/\\\/schema.org\",\"@graph\":[{\"@type\":\"WebPage\",\"@id\":\"https:\\\/\\\/www.zhgdled.com\\\/es\\\/star-series-con-tuya-wifi.html\",\"url\":\"https:\\\/\\\/www.zhgdled.com\\\/es\\\/star-series-con-tuya-wifi.html\",\"name\":\"proyector inteligente con TUYA WIF\",\"isPartOf\":{\"@id\":\"https:\\\/\\\/www.zhgdled.com\\\/es\\\/#website\"},\"primaryImageOfPage\":{\"@id\":\"https:\\\/\\\/www.zhgdled.com\\\/es\\\/star-series-con-tuya-wifi.html#primaryimage\"},\"image\":{\"@id\":\"https:\\\/\\\/www.zhgdled.com\\\/es\\\/star-series-con-tuya-wifi.html#primaryimage\"},\"thumbnailUrl\":\"https:\\\/\\\/www.zhgdled.com\\\/wp-content\\\/uploads\\\/2021\\\/10\\\/14.png\",\"datePublished\":\"2021-10-26T12:02:05+00:00\",\"dateModified\":\"2023-02-18T02:54:00+00:00\",\"description\":\"El proyector inteligente STAR SERIES TUYA WIFI es un producto de una combinaci\u00f3n org\u00e1nica de hardware y software. Ahora, con la actualizaci\u00f3n del m\u00f3dulo\",\"breadcrumb\":{\"@id\":\"https:\\\/\\\/www.zhgdled.com\\\/es\\\/star-series-con-tuya-wifi.html#breadcrumb\"},\"inLanguage\":\"es\",\"potentialAction\":[{\"@type\":\"ReadAction\",\"target\":[\"https:\\\/\\\/www.zhgdled.com\\\/es\\\/star-series-con-tuya-wifi.html\"]}]},{\"@type\":\"ImageObject\",\"inLanguage\":\"es\",\"@id\":\"https:\\\/\\\/www.zhgdled.com\\\/es\\\/star-series-con-tuya-wifi.html#primaryimage\",\"url\":\"https:\\\/\\\/www.zhgdled.com\\\/wp-content\\\/uploads\\\/2021\\\/10\\\/14.png\",\"contentUrl\":\"https:\\\/\\\/www.zhgdled.com\\\/wp-content\\\/uploads\\\/2021\\\/10\\\/14.png\",\"width\":1600,\"height\":1600,\"caption\":\"tuya wifi floodlight\"},{\"@type\":\"BreadcrumbList\",\"@id\":\"https:\\\/\\\/www.zhgdled.com\\\/es\\\/star-series-con-tuya-wifi.html#breadcrumb\",\"itemListElement\":[{\"@type\":\"ListItem\",\"position\":1,\"name\":\"Home\",\"item\":\"https:\\\/\\\/www.zhgdled.com\\\/es\"},{\"@type\":\"ListItem\",\"position\":2,\"name\":\"PRODUCTS\",\"item\":\"https:\\\/\\\/www.zhgdled.com\\\/zhl-products.html\"},{\"@type\":\"ListItem\",\"position\":3,\"name\":\"PROYECTOR INTELIGENTE SERIE STAR con TUYA WIFI\"}]},{\"@type\":\"WebSite\",\"@id\":\"https:\\\/\\\/www.zhgdled.com\\\/es\\\/#website\",\"url\":\"https:\\\/\\\/www.zhgdled.com\\\/es\\\/\",\"name\":\"Grupo de iluminaci\u00f3n ZHL\",\"description\":\"Top ranking industrial lighting manufacturer and exporter\",\"publisher\":{\"@id\":\"https:\\\/\\\/www.zhgdled.com\\\/es\\\/#organization\"},\"potentialAction\":[{\"@type\":\"SearchAction\",\"target\":{\"@type\":\"EntryPoint\",\"urlTemplate\":\"https:\\\/\\\/www.zhgdled.com\\\/es\\\/?s={search_term_string}\"},\"query-input\":{\"@type\":\"PropertyValueSpecification\",\"valueRequired\":true,\"valueName\":\"search_term_string\"}}],\"inLanguage\":\"es\"},{\"@type\":\"Organization\",\"@id\":\"https:\\\/\\\/www.zhgdled.com\\\/es\\\/#organization\",\"name\":\"ZHL Lighting Group\",\"url\":\"https:\\\/\\\/www.zhgdled.com\\\/es\\\/\",\"logo\":{\"@type\":\"ImageObject\",\"inLanguage\":\"es\",\"@id\":\"https:\\\/\\\/www.zhgdled.com\\\/es\\\/#\\\/schema\\\/logo\\\/image\\\/\",\"url\":\"\",\"contentUrl\":\"\",\"caption\":\"ZHL Lighting Group\"},\"image\":{\"@id\":\"https:\\\/\\\/www.zhgdled.com\\\/es\\\/#\\\/schema\\\/logo\\\/image\\\/\"},\"sameAs\":[\"https:\\\/\\\/www.facebook.com\\\/zhllightinggroup\",\"https:\\\/\\\/x.com\\\/zhl_lighting\"]}]}<\/script>\n<!-- \/ Yoast SEO plugin. -->","yoast_head_json":{"title":"proyector inteligente con TUYA WIF","description":"El proyector inteligente STAR SERIES TUYA WIFI es un producto de una combinaci\u00f3n org\u00e1nica de hardware y software. Ahora, con la actualizaci\u00f3n del m\u00f3dulo","robots":{"index":"index","follow":"follow","max-snippet":"max-snippet:-1","max-image-preview":"max-image-preview:large","max-video-preview":"max-video-preview:-1"},"canonical":"https:\/\/www.zhgdled.com\/es\/star-series-con-tuya-wifi.html","og_locale":"es_ES","og_type":"article","og_title":"proyector inteligente con TUYA WIF","og_description":"El proyector inteligente STAR SERIES TUYA WIFI es un producto de una combinaci\u00f3n org\u00e1nica de hardware y software. Ahora, con la actualizaci\u00f3n del m\u00f3dulo","og_url":"https:\/\/www.zhgdled.com\/es\/star-series-con-tuya-wifi.html","og_site_name":"Grupo de iluminaci\u00f3n ZHL","article_publisher":"https:\/\/www.facebook.com\/zhllightinggroup","article_modified_time":"2023-02-18T02:54:00+00:00","og_image":[{"width":1600,"height":1600,"url":"https:\/\/www.zhgdled.com\/wp-content\/uploads\/2021\/10\/14.png","type":"image\/png"}],"twitter_card":"summary_large_image","twitter_site":"@zhl_lighting","twitter_misc":{"Tiempo de lectura":"1 minuto"},"schema":{"@context":"https:\/\/schema.org","@graph":[{"@type":"WebPage","@id":"https:\/\/www.zhgdled.com\/es\/star-series-con-tuya-wifi.html","url":"https:\/\/www.zhgdled.com\/es\/star-series-con-tuya-wifi.html","name":"proyector inteligente con TUYA WIF","isPartOf":{"@id":"https:\/\/www.zhgdled.com\/es\/#website"},"primaryImageOfPage":{"@id":"https:\/\/www.zhgdled.com\/es\/star-series-con-tuya-wifi.html#primaryimage"},"image":{"@id":"https:\/\/www.zhgdled.com\/es\/star-series-con-tuya-wifi.html#primaryimage"},"thumbnailUrl":"https:\/\/www.zhgdled.com\/wp-content\/uploads\/2021\/10\/14.png","datePublished":"2021-10-26T12:02:05+00:00","dateModified":"2023-02-18T02:54:00+00:00","description":"El proyector inteligente STAR SERIES TUYA WIFI es un producto de una combinaci\u00f3n org\u00e1nica de hardware y software. Ahora, con la actualizaci\u00f3n del m\u00f3dulo","breadcrumb":{"@id":"https:\/\/www.zhgdled.com\/es\/star-series-con-tuya-wifi.html#breadcrumb"},"inLanguage":"es","potentialAction":[{"@type":"ReadAction","target":["https:\/\/www.zhgdled.com\/es\/star-series-con-tuya-wifi.html"]}]},{"@type":"ImageObject","inLanguage":"es","@id":"https:\/\/www.zhgdled.com\/es\/star-series-con-tuya-wifi.html#primaryimage","url":"https:\/\/www.zhgdled.com\/wp-content\/uploads\/2021\/10\/14.png","contentUrl":"https:\/\/www.zhgdled.com\/wp-content\/uploads\/2021\/10\/14.png","width":1600,"height":1600,"caption":"tuya wifi floodlight"},{"@type":"BreadcrumbList","@id":"https:\/\/www.zhgdled.com\/es\/star-series-con-tuya-wifi.html#breadcrumb","itemListElement":[{"@type":"ListItem","position":1,"name":"Home","item":"https:\/\/www.zhgdled.com\/es"},{"@type":"ListItem","position":2,"name":"PRODUCTS","item":"https:\/\/www.zhgdled.com\/zhl-products.html"},{"@type":"ListItem","position":3,"name":"PROYECTOR INTELIGENTE SERIE STAR con TUYA WIFI"}]},{"@type":"WebSite","@id":"https:\/\/www.zhgdled.com\/es\/#website","url":"https:\/\/www.zhgdled.com\/es\/","name":"Grupo de iluminaci\u00f3n ZHL","description":"Top ranking industrial lighting manufacturer and exporter","publisher":{"@id":"https:\/\/www.zhgdled.com\/es\/#organization"},"potentialAction":[{"@type":"SearchAction","target":{"@type":"EntryPoint","urlTemplate":"https:\/\/www.zhgdled.com\/es\/?s={search_term_string}"},"query-input":{"@type":"PropertyValueSpecification","valueRequired":true,"valueName":"search_term_string"}}],"inLanguage":"es"},{"@type":"Organization","@id":"https:\/\/www.zhgdled.com\/es\/#organization","name":"ZHL Lighting Group","url":"https:\/\/www.zhgdled.com\/es\/","logo":{"@type":"ImageObject","inLanguage":"es","@id":"https:\/\/www.zhgdled.com\/es\/#\/schema\/logo\/image\/","url":"","contentUrl":"","caption":"ZHL Lighting Group"},"image":{"@id":"https:\/\/www.zhgdled.com\/es\/#\/schema\/logo\/image\/"},"sameAs":["https:\/\/www.facebook.com\/zhllightinggroup","https:\/\/x.com\/zhl_lighting"]}]}},"_links":{"self":[{"href":"https:\/\/www.zhgdled.com\/es\/wp-json\/wp\/v2\/product\/19174","targetHints":{"allow":["GET"]}}],"collection":[{"href":"https:\/\/www.zhgdled.com\/es\/wp-json\/wp\/v2\/product"}],"about":[{"href":"https:\/\/www.zhgdled.com\/es\/wp-json\/wp\/v2\/types\/product"}],"wp:featuredmedia":[{"embeddable":true,"href":"https:\/\/www.zhgdled.com\/es\/wp-json\/wp\/v2\/media\/19786"}],"wp:attachment":[{"href":"https:\/\/www.zhgdled.com\/es\/wp-json\/wp\/v2\/media?parent=19174"}],"wp:term":[{"taxonomy":"product_brand","embeddable":true,"href":"https:\/\/www.zhgdled.com\/es\/wp-json\/wp\/v2\/product_brand?post=19174"},{"taxonomy":"product_cat","embeddable":true,"href":"https:\/\/www.zhgdled.com\/es\/wp-json\/wp\/v2\/product_cat?post=19174"},{"taxonomy":"product_tag","embeddable":true,"href":"https:\/\/www.zhgdled.com\/es\/wp-json\/wp\/v2\/product_tag?post=19174"}],"curies":[{"name":"wp","href":"https:\/\/api.w.org\/{rel}","templated":true}]}}