{"id":21012,"date":"2023-08-01T14:16:40","date_gmt":"2023-08-01T06:16:40","guid":{"rendered":"https:\/\/www.zhgdled.com\/product\/eagle-series-led-street-lights"},"modified":"2023-08-04T09:10:11","modified_gmt":"2023-08-04T01:10:11","slug":"eagle-series-led-street-lights","status":"publish","type":"product","link":"https:\/\/www.zhgdled.com\/es\/eagle-series-led-street-lights.html","title":{"rendered":"L\u00e1mpara de calle LED serie Eagle"},"content":{"rendered":"<p>Caracter\u00edsticas de la farola LED Serie Eagle:<\/p>\n<ul>\n<li>La l\u00e1mpara de calle LED Eagle Series presenta un dise\u00f1o bi\u00f3nico, una forma \u00fanica y un estilo distintivo;<\/li>\n<li>Con la funci\u00f3n de autolimpieza, la carcasa se puede limpiar con la ayuda del viento y la lluvia.<\/li>\n<li>La cavidad de la fuente de alimentaci\u00f3n y la cavidad de la fuente de luz est\u00e1n selladas por separado para aumentar el nivel de protecci\u00f3n de toda la l\u00e1mpara;<\/li>\n<li>Adopte lentes + dise\u00f1o \u00f3ptico de vidrio templado de alta transmitancia, lentes sin da\u00f1os por contaminaci\u00f3n, distribuci\u00f3n de la luz y estabilidad del brillo; disipaci\u00f3n de calor integrada y la combinaci\u00f3n de forma perfecta;<\/li>\n<li>Protecci\u00f3n contra rayos de 10KV, la confiabilidad al aire libre es m\u00e1s fuerte, consistente con la instalaci\u00f3n de postes de luz de 40 ~ 60 mm.<\/li>\n<li>De lujo y con un precio competitivo, es una soluci\u00f3n rentable para contratistas y distribuidores.<\/li>\n<\/ul>\n<blockquote><p><a href=\"https:\/\/www.zhgdled.com\/download\/eagle-series-led-street-lights\">Download catalog of EAGLE SERIES LED street light<\/a><\/p><\/blockquote>\n<h2>VIEW INDUSTRY STANDARDS RE. SOLAR STREET LIGHTS<\/h2>\n<table width=\"720\">\n<tbody>\n<tr>\n<td width=\"284\">UL<\/td>\n<td width=\"284\"><a href=\"https:\/\/www.ul.com\/services\/roadway-lighting\">Importance of roadway lighting testing in the marketplace<\/a><b><\/b><\/td>\n<\/tr>\n<tr>\n<td width=\"284\">CE<\/td>\n<td width=\"284\"><a href=\"https:\/\/ec.europa.eu\/environment\/gpp\/pdf\/criteria\/street_lighting.pdf\">EU GPP Criteria for Street Lighting &amp; Traffic SignalsLVD Directive 2014\/35\/EU<\/a><\/td>\n<\/tr>\n<\/tbody>\n<\/table>\n<p><img decoding=\"async\" class=\"alignnone size-full wp-image-17595\" src=\"https:\/\/www.zhgdled.com\/wp-content\/uploads\/2021\/10\/20221031090902.jpg\" sizes=\"(max-width: 1056px) 100vw, 1056px\" srcset=\"https:\/\/www.zhgdled.com\/wp-content\/uploads\/2021\/10\/20221031090902.jpg 1056w, https:\/\/www.zhgdled.com\/wp-content\/uploads\/2021\/10\/20221031090902-300x136.jpg 300w, https:\/\/www.zhgdled.com\/wp-content\/uploads\/2021\/10\/20221031090902-1024x463.jpg 1024w, https:\/\/www.zhgdled.com\/wp-content\/uploads\/2021\/10\/20221031090902-768x347.jpg 768w, https:\/\/www.zhgdled.com\/wp-content\/uploads\/2021\/10\/20221031090902-600x271.jpg 600w, https:\/\/www.zhgdled.com\/wp-content\/uploads\/2021\/10\/20221031090902-150x68.jpg 150w\" alt=\"\" width=\"1056\" height=\"477\" \/><img decoding=\"async\" class=\"alignnone size-full wp-image-17585\" src=\"https:\/\/www.zhgdled.com\/wp-content\/uploads\/2021\/10\/20221031090940.jpg\" sizes=\"(max-width: 1036px) 100vw, 1036px\" srcset=\"https:\/\/www.zhgdled.com\/wp-content\/uploads\/2021\/10\/20221031090940.jpg 1036w, https:\/\/www.zhgdled.com\/wp-content\/uploads\/2021\/10\/20221031090940-300x221.jpg 300w, https:\/\/www.zhgdled.com\/wp-content\/uploads\/2021\/10\/20221031090940-1024x754.jpg 1024w, https:\/\/www.zhgdled.com\/wp-content\/uploads\/2021\/10\/20221031090940-768x566.jpg 768w, https:\/\/www.zhgdled.com\/wp-content\/uploads\/2021\/10\/20221031090940-600x442.jpg 600w, https:\/\/www.zhgdled.com\/wp-content\/uploads\/2021\/10\/20221031090940-150x110.jpg 150w\" alt=\"\" width=\"1036\" height=\"763\" \/><img decoding=\"async\" class=\"alignnone size-full wp-image-17575\" src=\"https:\/\/www.zhgdled.com\/wp-content\/uploads\/2021\/10\/20221031090957.jpg\" sizes=\"(max-width: 962px) 100vw, 962px\" srcset=\"https:\/\/www.zhgdled.com\/wp-content\/uploads\/2021\/10\/20221031090957.jpg 962w, https:\/\/www.zhgdled.com\/wp-content\/uploads\/2021\/10\/20221031090957-300x239.jpg 300w, https:\/\/www.zhgdled.com\/wp-content\/uploads\/2021\/10\/20221031090957-768x612.jpg 768w, https:\/\/www.zhgdled.com\/wp-content\/uploads\/2021\/10\/20221031090957-600x478.jpg 600w, https:\/\/www.zhgdled.com\/wp-content\/uploads\/2021\/10\/20221031090957-150x120.jpg 150w\" alt=\"\" width=\"962\" height=\"767\" \/><\/p>\n","protected":false},"excerpt":{"rendered":"<ul>\n<li>La l\u00e1mpara de calle LED Eagle Series presenta un dise\u00f1o bi\u00f3nico, una forma \u00fanica y un estilo distintivo;<\/li>\n<li>Con la funci\u00f3n de autolimpieza, la carcasa se puede limpiar con la ayuda del viento y la lluvia.<\/li>\n<li>La cavidad de la fuente de alimentaci\u00f3n y la cavidad de la fuente de luz est\u00e1n selladas por separado para aumentar el nivel de protecci\u00f3n de toda la l\u00e1mpara;<\/li>\n<li>Adopte lentes + dise\u00f1o \u00f3ptico de vidrio templado de alta transmitancia, lentes sin da\u00f1os por contaminaci\u00f3n, distribuci\u00f3n de la luz y estabilidad del brillo; disipaci\u00f3n de calor integrada y la combinaci\u00f3n de forma perfecta;<\/li>\n<li>Protecci\u00f3n contra rayos de 10KV, la confiabilidad al aire libre es m\u00e1s fuerte, consistente con la instalaci\u00f3n de postes de luz de 40 ~ 60 mm.<\/li>\n<li>De lujo y con un precio competitivo, es una soluci\u00f3n rentable para contratistas y distribuidores.<\/li>\n<li><\/li>\n<\/ul>\n","protected":false},"featured_media":13667,"template":"","meta":[],"product_brand":[],"product_cat":[616],"product_tag":[],"class_list":{"0":"post-21012","1":"product","2":"type-product","3":"status-publish","4":"has-post-thumbnail","6":"product_cat-led-street-lights-es","8":"first","9":"instock","10":"featured","11":"shipping-taxable","12":"product-type-simple"},"yoast_head":"<!-- This site is optimized with the Yoast SEO plugin v27.5 - https:\/\/yoast.com\/product\/yoast-seo-wordpress\/ -->\n<title>L\u00e1mpara de calle LED serie Eagle &#8211; Grupo de iluminaci\u00f3n ZHL<\/title>\n<meta name=\"description\" content=\"La l\u00e1mpara de calle LED Eagle Series presenta un dise\u00f1o bi\u00f3nico, una forma \u00fanica y un estilo distintivo;Con la funci\u00f3n de autolimpieza, la carcasa se puede limpiar con la ayuda del viento y la lluvia.La cavidad de la fuente de alimentaci\u00f3n y la cavidad de la fuente de luz est\u00e1n selladas por separado para aumentar el nivel de protecci\u00f3n de toda la l\u00e1mpara\" \/>\n<meta name=\"robots\" content=\"index, follow, max-snippet:-1, max-image-preview:large, max-video-preview:-1\" \/>\n<link rel=\"canonical\" href=\"https:\/\/www.zhgdled.com\/es\/eagle-series-led-street-lights.html\" \/>\n<meta property=\"og:locale\" content=\"es_ES\" \/>\n<meta property=\"og:type\" content=\"article\" \/>\n<meta property=\"og:title\" content=\"L\u00e1mpara de calle LED serie Eagle &#8211; Grupo de iluminaci\u00f3n ZHL\" \/>\n<meta property=\"og:description\" content=\"La l\u00e1mpara de calle LED Eagle Series presenta un dise\u00f1o bi\u00f3nico, una forma \u00fanica y un estilo distintivo;Con la funci\u00f3n de autolimpieza, la carcasa se puede limpiar con la ayuda del viento y la lluvia.La cavidad de la fuente de alimentaci\u00f3n y la cavidad de la fuente de luz est\u00e1n selladas por separado para aumentar el nivel de protecci\u00f3n de toda la l\u00e1mpara\" \/>\n<meta property=\"og:url\" content=\"https:\/\/www.zhgdled.com\/es\/eagle-series-led-street-lights.html\" \/>\n<meta property=\"og:site_name\" content=\"Grupo de iluminaci\u00f3n ZHL\" \/>\n<meta property=\"article:publisher\" content=\"https:\/\/www.facebook.com\/zhllightinggroup\" \/>\n<meta property=\"article:modified_time\" content=\"2023-08-04T01:10:11+00:00\" \/>\n<meta property=\"og:image\" content=\"https:\/\/www.zhgdled.com\/wp-content\/uploads\/2021\/10\/35-1.png\" \/>\n\t<meta property=\"og:image:width\" content=\"1600\" \/>\n\t<meta property=\"og:image:height\" content=\"1600\" \/>\n\t<meta property=\"og:image:type\" content=\"image\/png\" \/>\n<meta name=\"twitter:card\" content=\"summary_large_image\" \/>\n<meta name=\"twitter:site\" content=\"@zhl_lighting\" \/>\n<meta name=\"twitter:label1\" content=\"Tiempo de lectura\" \/>\n\t<meta name=\"twitter:data1\" content=\"2 minutos\" \/>\n<script type=\"application\/ld+json\" class=\"yoast-schema-graph\">{\"@context\":\"https:\\\/\\\/schema.org\",\"@graph\":[{\"@type\":\"WebPage\",\"@id\":\"https:\\\/\\\/www.zhgdled.com\\\/es\\\/eagle-series-led-street-lights.html\",\"url\":\"https:\\\/\\\/www.zhgdled.com\\\/es\\\/eagle-series-led-street-lights.html\",\"name\":\"L\u00e1mpara de calle LED serie Eagle &#8211; Grupo de iluminaci\u00f3n ZHL\",\"isPartOf\":{\"@id\":\"https:\\\/\\\/www.zhgdled.com\\\/es\\\/#website\"},\"primaryImageOfPage\":{\"@id\":\"https:\\\/\\\/www.zhgdled.com\\\/es\\\/eagle-series-led-street-lights.html#primaryimage\"},\"image\":{\"@id\":\"https:\\\/\\\/www.zhgdled.com\\\/es\\\/eagle-series-led-street-lights.html#primaryimage\"},\"thumbnailUrl\":\"https:\\\/\\\/www.zhgdled.com\\\/wp-content\\\/uploads\\\/2021\\\/10\\\/35-1.png\",\"datePublished\":\"2023-08-01T06:16:40+00:00\",\"dateModified\":\"2023-08-04T01:10:11+00:00\",\"description\":\"La l\u00e1mpara de calle LED Eagle Series presenta un dise\u00f1o bi\u00f3nico, una forma \u00fanica y un estilo distintivo;Con la funci\u00f3n de autolimpieza, la carcasa se puede limpiar con la ayuda del viento y la lluvia.La cavidad de la fuente de alimentaci\u00f3n y la cavidad de la fuente de luz est\u00e1n selladas por separado para aumentar el nivel de protecci\u00f3n de toda la l\u00e1mpara\",\"breadcrumb\":{\"@id\":\"https:\\\/\\\/www.zhgdled.com\\\/es\\\/eagle-series-led-street-lights.html#breadcrumb\"},\"inLanguage\":\"es\",\"potentialAction\":[{\"@type\":\"ReadAction\",\"target\":[\"https:\\\/\\\/www.zhgdled.com\\\/es\\\/eagle-series-led-street-lights.html\"]}]},{\"@type\":\"ImageObject\",\"inLanguage\":\"es\",\"@id\":\"https:\\\/\\\/www.zhgdled.com\\\/es\\\/eagle-series-led-street-lights.html#primaryimage\",\"url\":\"https:\\\/\\\/www.zhgdled.com\\\/wp-content\\\/uploads\\\/2021\\\/10\\\/35-1.png\",\"contentUrl\":\"https:\\\/\\\/www.zhgdled.com\\\/wp-content\\\/uploads\\\/2021\\\/10\\\/35-1.png\",\"width\":1600,\"height\":1600,\"caption\":\"Eagle Series LED street Light\"},{\"@type\":\"BreadcrumbList\",\"@id\":\"https:\\\/\\\/www.zhgdled.com\\\/es\\\/eagle-series-led-street-lights.html#breadcrumb\",\"itemListElement\":[{\"@type\":\"ListItem\",\"position\":1,\"name\":\"Home\",\"item\":\"https:\\\/\\\/www.zhgdled.com\\\/es\"},{\"@type\":\"ListItem\",\"position\":2,\"name\":\"PRODUCTS\",\"item\":\"https:\\\/\\\/www.zhgdled.com\\\/zhl-products.html\"},{\"@type\":\"ListItem\",\"position\":3,\"name\":\"L\u00e1mpara de calle LED serie Eagle\"}]},{\"@type\":\"WebSite\",\"@id\":\"https:\\\/\\\/www.zhgdled.com\\\/es\\\/#website\",\"url\":\"https:\\\/\\\/www.zhgdled.com\\\/es\\\/\",\"name\":\"Grupo de iluminaci\u00f3n ZHL\",\"description\":\"Top ranking industrial lighting manufacturer and exporter\",\"publisher\":{\"@id\":\"https:\\\/\\\/www.zhgdled.com\\\/es\\\/#organization\"},\"potentialAction\":[{\"@type\":\"SearchAction\",\"target\":{\"@type\":\"EntryPoint\",\"urlTemplate\":\"https:\\\/\\\/www.zhgdled.com\\\/es\\\/?s={search_term_string}\"},\"query-input\":{\"@type\":\"PropertyValueSpecification\",\"valueRequired\":true,\"valueName\":\"search_term_string\"}}],\"inLanguage\":\"es\"},{\"@type\":\"Organization\",\"@id\":\"https:\\\/\\\/www.zhgdled.com\\\/es\\\/#organization\",\"name\":\"ZHL Lighting Group\",\"url\":\"https:\\\/\\\/www.zhgdled.com\\\/es\\\/\",\"logo\":{\"@type\":\"ImageObject\",\"inLanguage\":\"es\",\"@id\":\"https:\\\/\\\/www.zhgdled.com\\\/es\\\/#\\\/schema\\\/logo\\\/image\\\/\",\"url\":\"\",\"contentUrl\":\"\",\"caption\":\"ZHL Lighting Group\"},\"image\":{\"@id\":\"https:\\\/\\\/www.zhgdled.com\\\/es\\\/#\\\/schema\\\/logo\\\/image\\\/\"},\"sameAs\":[\"https:\\\/\\\/www.facebook.com\\\/zhllightinggroup\",\"https:\\\/\\\/x.com\\\/zhl_lighting\"]}]}<\/script>\n<!-- \/ Yoast SEO plugin. -->","yoast_head_json":{"title":"L\u00e1mpara de calle LED serie Eagle &#8211; Grupo de iluminaci\u00f3n ZHL","description":"La l\u00e1mpara de calle LED Eagle Series presenta un dise\u00f1o bi\u00f3nico, una forma \u00fanica y un estilo distintivo;Con la funci\u00f3n de autolimpieza, la carcasa se puede limpiar con la ayuda del viento y la lluvia.La cavidad de la fuente de alimentaci\u00f3n y la cavidad de la fuente de luz est\u00e1n selladas por separado para aumentar el nivel de protecci\u00f3n de toda la l\u00e1mpara","robots":{"index":"index","follow":"follow","max-snippet":"max-snippet:-1","max-image-preview":"max-image-preview:large","max-video-preview":"max-video-preview:-1"},"canonical":"https:\/\/www.zhgdled.com\/es\/eagle-series-led-street-lights.html","og_locale":"es_ES","og_type":"article","og_title":"L\u00e1mpara de calle LED serie Eagle &#8211; Grupo de iluminaci\u00f3n ZHL","og_description":"La l\u00e1mpara de calle LED Eagle Series presenta un dise\u00f1o bi\u00f3nico, una forma \u00fanica y un estilo distintivo;Con la funci\u00f3n de autolimpieza, la carcasa se puede limpiar con la ayuda del viento y la lluvia.La cavidad de la fuente de alimentaci\u00f3n y la cavidad de la fuente de luz est\u00e1n selladas por separado para aumentar el nivel de protecci\u00f3n de toda la l\u00e1mpara","og_url":"https:\/\/www.zhgdled.com\/es\/eagle-series-led-street-lights.html","og_site_name":"Grupo de iluminaci\u00f3n ZHL","article_publisher":"https:\/\/www.facebook.com\/zhllightinggroup","article_modified_time":"2023-08-04T01:10:11+00:00","og_image":[{"width":1600,"height":1600,"url":"https:\/\/www.zhgdled.com\/wp-content\/uploads\/2021\/10\/35-1.png","type":"image\/png"}],"twitter_card":"summary_large_image","twitter_site":"@zhl_lighting","twitter_misc":{"Tiempo de lectura":"2 minutos"},"schema":{"@context":"https:\/\/schema.org","@graph":[{"@type":"WebPage","@id":"https:\/\/www.zhgdled.com\/es\/eagle-series-led-street-lights.html","url":"https:\/\/www.zhgdled.com\/es\/eagle-series-led-street-lights.html","name":"L\u00e1mpara de calle LED serie Eagle &#8211; Grupo de iluminaci\u00f3n ZHL","isPartOf":{"@id":"https:\/\/www.zhgdled.com\/es\/#website"},"primaryImageOfPage":{"@id":"https:\/\/www.zhgdled.com\/es\/eagle-series-led-street-lights.html#primaryimage"},"image":{"@id":"https:\/\/www.zhgdled.com\/es\/eagle-series-led-street-lights.html#primaryimage"},"thumbnailUrl":"https:\/\/www.zhgdled.com\/wp-content\/uploads\/2021\/10\/35-1.png","datePublished":"2023-08-01T06:16:40+00:00","dateModified":"2023-08-04T01:10:11+00:00","description":"La l\u00e1mpara de calle LED Eagle Series presenta un dise\u00f1o bi\u00f3nico, una forma \u00fanica y un estilo distintivo;Con la funci\u00f3n de autolimpieza, la carcasa se puede limpiar con la ayuda del viento y la lluvia.La cavidad de la fuente de alimentaci\u00f3n y la cavidad de la fuente de luz est\u00e1n selladas por separado para aumentar el nivel de protecci\u00f3n de toda la l\u00e1mpara","breadcrumb":{"@id":"https:\/\/www.zhgdled.com\/es\/eagle-series-led-street-lights.html#breadcrumb"},"inLanguage":"es","potentialAction":[{"@type":"ReadAction","target":["https:\/\/www.zhgdled.com\/es\/eagle-series-led-street-lights.html"]}]},{"@type":"ImageObject","inLanguage":"es","@id":"https:\/\/www.zhgdled.com\/es\/eagle-series-led-street-lights.html#primaryimage","url":"https:\/\/www.zhgdled.com\/wp-content\/uploads\/2021\/10\/35-1.png","contentUrl":"https:\/\/www.zhgdled.com\/wp-content\/uploads\/2021\/10\/35-1.png","width":1600,"height":1600,"caption":"Eagle Series LED street Light"},{"@type":"BreadcrumbList","@id":"https:\/\/www.zhgdled.com\/es\/eagle-series-led-street-lights.html#breadcrumb","itemListElement":[{"@type":"ListItem","position":1,"name":"Home","item":"https:\/\/www.zhgdled.com\/es"},{"@type":"ListItem","position":2,"name":"PRODUCTS","item":"https:\/\/www.zhgdled.com\/zhl-products.html"},{"@type":"ListItem","position":3,"name":"L\u00e1mpara de calle LED serie Eagle"}]},{"@type":"WebSite","@id":"https:\/\/www.zhgdled.com\/es\/#website","url":"https:\/\/www.zhgdled.com\/es\/","name":"Grupo de iluminaci\u00f3n ZHL","description":"Top ranking industrial lighting manufacturer and exporter","publisher":{"@id":"https:\/\/www.zhgdled.com\/es\/#organization"},"potentialAction":[{"@type":"SearchAction","target":{"@type":"EntryPoint","urlTemplate":"https:\/\/www.zhgdled.com\/es\/?s={search_term_string}"},"query-input":{"@type":"PropertyValueSpecification","valueRequired":true,"valueName":"search_term_string"}}],"inLanguage":"es"},{"@type":"Organization","@id":"https:\/\/www.zhgdled.com\/es\/#organization","name":"ZHL Lighting Group","url":"https:\/\/www.zhgdled.com\/es\/","logo":{"@type":"ImageObject","inLanguage":"es","@id":"https:\/\/www.zhgdled.com\/es\/#\/schema\/logo\/image\/","url":"","contentUrl":"","caption":"ZHL Lighting Group"},"image":{"@id":"https:\/\/www.zhgdled.com\/es\/#\/schema\/logo\/image\/"},"sameAs":["https:\/\/www.facebook.com\/zhllightinggroup","https:\/\/x.com\/zhl_lighting"]}]}},"_links":{"self":[{"href":"https:\/\/www.zhgdled.com\/es\/wp-json\/wp\/v2\/product\/21012","targetHints":{"allow":["GET"]}}],"collection":[{"href":"https:\/\/www.zhgdled.com\/es\/wp-json\/wp\/v2\/product"}],"about":[{"href":"https:\/\/www.zhgdled.com\/es\/wp-json\/wp\/v2\/types\/product"}],"wp:featuredmedia":[{"embeddable":true,"href":"https:\/\/www.zhgdled.com\/es\/wp-json\/wp\/v2\/media\/13667"}],"wp:attachment":[{"href":"https:\/\/www.zhgdled.com\/es\/wp-json\/wp\/v2\/media?parent=21012"}],"wp:term":[{"taxonomy":"product_brand","embeddable":true,"href":"https:\/\/www.zhgdled.com\/es\/wp-json\/wp\/v2\/product_brand?post=21012"},{"taxonomy":"product_cat","embeddable":true,"href":"https:\/\/www.zhgdled.com\/es\/wp-json\/wp\/v2\/product_cat?post=21012"},{"taxonomy":"product_tag","embeddable":true,"href":"https:\/\/www.zhgdled.com\/es\/wp-json\/wp\/v2\/product_tag?post=21012"}],"curies":[{"name":"wp","href":"https:\/\/api.w.org\/{rel}","templated":true}]}}