{"id":21467,"date":"2023-08-21T08:44:20","date_gmt":"2023-07-01T08:44:20","guid":{"rendered":"https:\/\/www.zhgdled.com\/product\/aurora-series-300w-1000w-stadium-sports-light-2"},"modified":"2023-08-16T16:13:10","modified_gmt":"2023-08-16T08:13:10","slug":"aurora-series-300w-1000w-stadium-sports-light-2","status":"publish","type":"product","link":"https:\/\/www.zhgdled.com\/es\/aurora-series-300w-1000w-stadium-sports-light-2.html","title":{"rendered":"AURORA Serie 300W-1000W Proyector deportivo para estadios"},"content":{"rendered":"<h3 class=\"fusion-responsive-typography-calculated\" data-fontsize=\"16\" data-lineheight=\"24px\">Caracter\u00edsticas de la luz de inundaci\u00f3n del estadio LED<\/h3>\n<ul>\n<li>Sin mercurio, arranque instant\u00e1neo, sin parpadeo<\/li>\n<li>S\u00faper brillante, alta eficacia lum\u00ednica de 140 lm\/w, que ahorra costos entre un 60 % y un 80 %<\/li>\n<li>\u00c1ngulo de haz de luz estrecho, soluci\u00f3n rentable de iluminaci\u00f3n de m\u00e1stil alto<\/li>\n<li>Campana de iluminaci\u00f3n antideslumbrante, cielo oscuro certificado sin causar contaminaci\u00f3n lum\u00ednica a otra \u00e1rea<\/li>\n<li>Luz de posici\u00f3n de punter\u00eda disponible para una iluminaci\u00f3n precisa del \u00e1rea deportiva<\/li>\n<li>Varios soportes de montaje de instalaci\u00f3n, como adaptador deslizante, soporte giratorio y soporte de yugo disponibles.<\/li>\n<\/ul>\n<h3 class=\"fusion-responsive-typography-calculated\" data-fontsize=\"16\" data-lineheight=\"24px\"><strong>Equivalente de luces de estadio LED <\/strong><\/h3>\n<ul>\n<li>300W LED = 900W-1200W MH HPS<\/li>\n<li>400W LED = 1200W-1500W MH HPS<\/li>\n<li>500W LED = 1500W-2000W MH HPS<\/li>\n<li>600W LED = 2000W-2500W MH HPS<\/li>\n<li>700W LED = 2500W -2800W MH HPS<\/li>\n<li>1000W LED = 3500W- 4000W MH HPS<\/li>\n<\/ul>\n<h3 class=\"fusion-responsive-typography-calculated\" data-fontsize=\"16\" data-lineheight=\"24px\">Especificaci\u00f3n<\/h3>\n<p><a href=\"https:\/\/www.zhgdled.com\/download\/aurora-series-stadium-sports-light\"><img decoding=\"async\" class=\"alignnone wp-image-17482\" src=\"https:\/\/www.zhgdled.com\/wp-content\/uploads\/2022\/07\/zhl_download-logo.png\" alt=\"\" width=\"26\" height=\"26\" srcset=\"https:\/\/www.zhgdled.com\/wp-content\/uploads\/2022\/07\/zhl_download-logo.png 368w, https:\/\/www.zhgdled.com\/wp-content\/uploads\/2022\/07\/zhl_download-logo-300x300.png 300w, https:\/\/www.zhgdled.com\/wp-content\/uploads\/2022\/07\/zhl_download-logo-150x150.png 150w\" sizes=\"(max-width: 26px) 100vw, 26px\" \/>Descargar especificaciones<\/a><\/p>\n<table width=\"649\">\n<tbody>\n<tr>\n<td width=\"186\"><\/td>\n<td width=\"463\"><\/td>\n<\/tr>\n<tr>\n<td>Potencia<\/td>\n<td>300W 600W 800W 1000W<\/td>\n<\/tr>\n<tr>\n<td>LED<\/td>\n<td>OSRAM5050<\/td>\n<\/tr>\n<tr>\n<td>Temperatura del color (CCT)<\/td>\n<td>2700-6500K<\/td>\n<\/tr>\n<tr>\n<td>Eficacia luminosa(lm\/w)<\/td>\n<td>140lm\/w<\/td>\n<\/tr>\n<tr>\n<td>Voltaje de entrada(V)<\/td>\n<td width=\"463\">90-305VAC\/50-60Hz<\/td>\n<\/tr>\n<tr>\n<td>PF<\/td>\n<td>&gt;0.9<\/td>\n<\/tr>\n<tr>\n<td>CRI (Ra&gt;)<\/td>\n<td>70<\/td>\n<\/tr>\n<tr>\n<td>\u00c1ngulo de haz(\u00b0)<\/td>\n<td>25\u00b0\/40\u00b0*60\u00b0<\/td>\n<\/tr>\n<tr>\n<td>Grado IP<\/td>\n<td>IP65<\/td>\n<\/tr>\n<tr>\n<td>Material<\/td>\n<td>Cuerpo de aluminio + cubierta de vidrio templado<\/td>\n<\/tr>\n<tr>\n<td>Temperatura de trabajo (\u2103)<\/td>\n<td>-20-50<\/td>\n<\/tr>\n<tr>\n<td>Garant\u00eda (a\u00f1o)<\/td>\n<td>5 a\u00f1os<\/td>\n<\/tr>\n<tr>\n<td>Certificaci\u00f3n<\/td>\n<td>CE,ERP<\/td>\n<\/tr>\n<tr>\n<td>Driver<\/td>\n<td>SOSEN \/Mean well 0-10W Dimmable\u00a0\u00a0 driver<\/td>\n<\/tr>\n<\/tbody>\n<\/table>\n<p>&nbsp;<\/p>\n<div id=\"attachment_12808\" style=\"width: 934px\" class=\"wp-caption alignnone\"><img decoding=\"async\" aria-describedby=\"caption-attachment-12808\" class=\" wp-image-12808\" src=\"https:\/\/www.zhgdled.com\/wp-content\/uploads\/2021\/10\/1-1.png\" alt=\"\" width=\"924\" height=\"716\" srcset=\"https:\/\/www.zhgdled.com\/wp-content\/uploads\/2021\/10\/1-1.png 1127w, https:\/\/www.zhgdled.com\/wp-content\/uploads\/2021\/10\/1-1-300x232.png 300w, https:\/\/www.zhgdled.com\/wp-content\/uploads\/2021\/10\/1-1-1024x793.png 1024w, https:\/\/www.zhgdled.com\/wp-content\/uploads\/2021\/10\/1-1-768x595.png 768w, https:\/\/www.zhgdled.com\/wp-content\/uploads\/2021\/10\/1-1-600x465.png 600w, https:\/\/www.zhgdled.com\/wp-content\/uploads\/2021\/10\/1-1-150x116.png 150w\" sizes=\"(max-width: 924px) 100vw, 924px\" \/><p id=\"caption-attachment-12808\" class=\"wp-caption-text\">ZHL sports light range from 300W to 1000W.<\/p><\/div>\n","protected":false},"excerpt":{"rendered":"<p>Dise\u00f1ado para instalaciones m\u00e1s altas por encima de 25 pies (7,5 m) y un m\u00e1ximo de 165 pies (50 m). Gracias a la almohadilla de luz certificada de 140 lm\/w, las luces de estadio de la serie Aurora env\u00edan m\u00e1s luz al suelo. \u00c1ngulo de haz de 25 a 60 grados para diferentes alturas de instalaci\u00f3n. Disponible en 300 watts a 1000 watts, dise\u00f1ado para reemplazar los 2000 watts de halogenuros met\u00e1licos y ahorrar energ\u00eda hasta en un 60 %. 150.000 horas de vida \u00fatil, 5 a\u00f1os de garant\u00eda.<\/p>\n<table width=\"649\">\n<tbody>\n<tr>\n<td width=\"250\">Potencia<\/td>\n<td>300W 600W 800W 1000W<\/td>\n<\/tr>\n<tr>\n<td width=\"250\">LED<\/td>\n<td>OSRAM5050<\/td>\n<\/tr>\n<tr>\n<td width=\"250\">Temperatura del color (CCT)<\/td>\n<td>2700-6500K<\/td>\n<\/tr>\n<tr>\n<td width=\"250\">Eficacia luminosa(lm\/w)<\/td>\n<td>140lm\/w<\/td>\n<\/tr>\n<tr>\n<td width=\"250\">Voltaje de entrada(V)<\/td>\n<td width=\"463\">90-305VAC\/50-60Hz<\/td>\n<\/tr>\n<tr>\n<td width=\"250\">PF<\/td>\n<td>&gt;0.9<\/td>\n<\/tr>\n<tr>\n<td width=\"250\">CRI (Ra&gt;)<\/td>\n<td>70<\/td>\n<\/tr>\n<tr>\n<td width=\"250\">\u00c1ngulo de haz(\u00b0)<\/td>\n<td>25\u00b0\/40\u00b0*60\u00b0<\/td>\n<\/tr>\n<\/tbody>\n<\/table>\n","protected":false},"featured_media":21643,"template":"","meta":[],"product_brand":[],"product_cat":[611],"product_tag":[],"class_list":{"0":"post-21467","1":"product","2":"type-product","3":"status-publish","4":"has-post-thumbnail","6":"product_cat-led-flood-light-es","8":"first","9":"instock","10":"featured","11":"shipping-taxable","12":"product-type-simple"},"yoast_head":"<!-- This site is optimized with the Yoast SEO plugin v27.5 - https:\/\/yoast.com\/product\/yoast-seo-wordpress\/ -->\n<title>AURORA Serie 300W-1000W Proyector deportivo para estadios &#8211; Grupo de iluminaci\u00f3n ZHL<\/title>\n<meta name=\"description\" content=\"La luz de inundaci\u00f3n deportiva de la serie Aurora no contiene mercurio, es de inicio instant\u00e1neo, sin parpadeo, s\u00faper brillante, alta eficacia lum\u00ednica de 140 lm\/w, lo que ahorra costos entre un 60 % y un 80 %.\" \/>\n<meta name=\"robots\" content=\"index, follow, max-snippet:-1, max-image-preview:large, max-video-preview:-1\" \/>\n<link rel=\"canonical\" href=\"https:\/\/www.zhgdled.com\/es\/aurora-series-300w-1000w-stadium-sports-light-2.html\" \/>\n<meta property=\"og:locale\" content=\"es_ES\" \/>\n<meta property=\"og:type\" content=\"article\" \/>\n<meta property=\"og:title\" content=\"AURORA Serie 300W-1000W Proyector deportivo para estadios &#8211; Grupo de iluminaci\u00f3n ZHL\" \/>\n<meta property=\"og:description\" content=\"La luz de inundaci\u00f3n deportiva de la serie Aurora no contiene mercurio, es de inicio instant\u00e1neo, sin parpadeo, s\u00faper brillante, alta eficacia lum\u00ednica de 140 lm\/w, lo que ahorra costos entre un 60 % y un 80 %.\" \/>\n<meta property=\"og:url\" content=\"https:\/\/www.zhgdled.com\/es\/aurora-series-300w-1000w-stadium-sports-light-2.html\" \/>\n<meta property=\"og:site_name\" content=\"Grupo de iluminaci\u00f3n ZHL\" \/>\n<meta property=\"article:publisher\" content=\"https:\/\/www.facebook.com\/zhllightinggroup\" \/>\n<meta property=\"article:modified_time\" content=\"2023-08-16T08:13:10+00:00\" \/>\n<meta property=\"og:image\" content=\"https:\/\/www.zhgdled.com\/wp-content\/uploads\/2021\/10\/29.png\" \/>\n\t<meta property=\"og:image:width\" content=\"1600\" \/>\n\t<meta property=\"og:image:height\" content=\"1600\" \/>\n\t<meta property=\"og:image:type\" content=\"image\/png\" \/>\n<meta name=\"twitter:card\" content=\"summary_large_image\" \/>\n<meta name=\"twitter:site\" content=\"@zhl_lighting\" \/>\n<meta name=\"twitter:label1\" content=\"Tiempo de lectura\" \/>\n\t<meta name=\"twitter:data1\" content=\"2 minutos\" \/>\n<script type=\"application\/ld+json\" class=\"yoast-schema-graph\">{\"@context\":\"https:\\\/\\\/schema.org\",\"@graph\":[{\"@type\":\"WebPage\",\"@id\":\"https:\\\/\\\/www.zhgdled.com\\\/es\\\/aurora-series-300w-1000w-stadium-sports-light-2.html\",\"url\":\"https:\\\/\\\/www.zhgdled.com\\\/es\\\/aurora-series-300w-1000w-stadium-sports-light-2.html\",\"name\":\"AURORA Serie 300W-1000W Proyector deportivo para estadios &#8211; Grupo de iluminaci\u00f3n ZHL\",\"isPartOf\":{\"@id\":\"https:\\\/\\\/www.zhgdled.com\\\/es\\\/#website\"},\"primaryImageOfPage\":{\"@id\":\"https:\\\/\\\/www.zhgdled.com\\\/es\\\/aurora-series-300w-1000w-stadium-sports-light-2.html#primaryimage\"},\"image\":{\"@id\":\"https:\\\/\\\/www.zhgdled.com\\\/es\\\/aurora-series-300w-1000w-stadium-sports-light-2.html#primaryimage\"},\"thumbnailUrl\":\"https:\\\/\\\/www.zhgdled.com\\\/wp-content\\\/uploads\\\/2023\\\/08\\\/29.png\",\"datePublished\":\"2023-07-01T08:44:20+00:00\",\"dateModified\":\"2023-08-16T08:13:10+00:00\",\"description\":\"La luz de inundaci\u00f3n deportiva de la serie Aurora no contiene mercurio, es de inicio instant\u00e1neo, sin parpadeo, s\u00faper brillante, alta eficacia lum\u00ednica de 140 lm\\\/w, lo que ahorra costos entre un 60 % y un 80 %.\",\"breadcrumb\":{\"@id\":\"https:\\\/\\\/www.zhgdled.com\\\/es\\\/aurora-series-300w-1000w-stadium-sports-light-2.html#breadcrumb\"},\"inLanguage\":\"es\",\"potentialAction\":[{\"@type\":\"ReadAction\",\"target\":[\"https:\\\/\\\/www.zhgdled.com\\\/es\\\/aurora-series-300w-1000w-stadium-sports-light-2.html\"]}]},{\"@type\":\"ImageObject\",\"inLanguage\":\"es\",\"@id\":\"https:\\\/\\\/www.zhgdled.com\\\/es\\\/aurora-series-300w-1000w-stadium-sports-light-2.html#primaryimage\",\"url\":\"https:\\\/\\\/www.zhgdled.com\\\/wp-content\\\/uploads\\\/2023\\\/08\\\/29.png\",\"contentUrl\":\"https:\\\/\\\/www.zhgdled.com\\\/wp-content\\\/uploads\\\/2023\\\/08\\\/29.png\",\"width\":1600,\"height\":1600,\"caption\":\"Aurora series sports stadium lights\"},{\"@type\":\"BreadcrumbList\",\"@id\":\"https:\\\/\\\/www.zhgdled.com\\\/es\\\/aurora-series-300w-1000w-stadium-sports-light-2.html#breadcrumb\",\"itemListElement\":[{\"@type\":\"ListItem\",\"position\":1,\"name\":\"Home\",\"item\":\"https:\\\/\\\/www.zhgdled.com\\\/es\"},{\"@type\":\"ListItem\",\"position\":2,\"name\":\"PRODUCTS\",\"item\":\"https:\\\/\\\/www.zhgdled.com\\\/zhl-products.html\"},{\"@type\":\"ListItem\",\"position\":3,\"name\":\"AURORA Serie 300W-1000W Proyector deportivo para estadios\"}]},{\"@type\":\"WebSite\",\"@id\":\"https:\\\/\\\/www.zhgdled.com\\\/es\\\/#website\",\"url\":\"https:\\\/\\\/www.zhgdled.com\\\/es\\\/\",\"name\":\"Grupo de iluminaci\u00f3n ZHL\",\"description\":\"Top ranking industrial lighting manufacturer and exporter\",\"publisher\":{\"@id\":\"https:\\\/\\\/www.zhgdled.com\\\/es\\\/#organization\"},\"potentialAction\":[{\"@type\":\"SearchAction\",\"target\":{\"@type\":\"EntryPoint\",\"urlTemplate\":\"https:\\\/\\\/www.zhgdled.com\\\/es\\\/?s={search_term_string}\"},\"query-input\":{\"@type\":\"PropertyValueSpecification\",\"valueRequired\":true,\"valueName\":\"search_term_string\"}}],\"inLanguage\":\"es\"},{\"@type\":\"Organization\",\"@id\":\"https:\\\/\\\/www.zhgdled.com\\\/es\\\/#organization\",\"name\":\"ZHL Lighting Group\",\"url\":\"https:\\\/\\\/www.zhgdled.com\\\/es\\\/\",\"logo\":{\"@type\":\"ImageObject\",\"inLanguage\":\"es\",\"@id\":\"https:\\\/\\\/www.zhgdled.com\\\/es\\\/#\\\/schema\\\/logo\\\/image\\\/\",\"url\":\"\",\"contentUrl\":\"\",\"caption\":\"ZHL Lighting Group\"},\"image\":{\"@id\":\"https:\\\/\\\/www.zhgdled.com\\\/es\\\/#\\\/schema\\\/logo\\\/image\\\/\"},\"sameAs\":[\"https:\\\/\\\/www.facebook.com\\\/zhllightinggroup\",\"https:\\\/\\\/x.com\\\/zhl_lighting\"]}]}<\/script>\n<!-- \/ Yoast SEO plugin. -->","yoast_head_json":{"title":"AURORA Serie 300W-1000W Proyector deportivo para estadios &#8211; Grupo de iluminaci\u00f3n ZHL","description":"La luz de inundaci\u00f3n deportiva de la serie Aurora no contiene mercurio, es de inicio instant\u00e1neo, sin parpadeo, s\u00faper brillante, alta eficacia lum\u00ednica de 140 lm\/w, lo que ahorra costos entre un 60 % y un 80 %.","robots":{"index":"index","follow":"follow","max-snippet":"max-snippet:-1","max-image-preview":"max-image-preview:large","max-video-preview":"max-video-preview:-1"},"canonical":"https:\/\/www.zhgdled.com\/es\/aurora-series-300w-1000w-stadium-sports-light-2.html","og_locale":"es_ES","og_type":"article","og_title":"AURORA Serie 300W-1000W Proyector deportivo para estadios &#8211; Grupo de iluminaci\u00f3n ZHL","og_description":"La luz de inundaci\u00f3n deportiva de la serie Aurora no contiene mercurio, es de inicio instant\u00e1neo, sin parpadeo, s\u00faper brillante, alta eficacia lum\u00ednica de 140 lm\/w, lo que ahorra costos entre un 60 % y un 80 %.","og_url":"https:\/\/www.zhgdled.com\/es\/aurora-series-300w-1000w-stadium-sports-light-2.html","og_site_name":"Grupo de iluminaci\u00f3n ZHL","article_publisher":"https:\/\/www.facebook.com\/zhllightinggroup","article_modified_time":"2023-08-16T08:13:10+00:00","og_image":[{"width":1600,"height":1600,"url":"https:\/\/www.zhgdled.com\/wp-content\/uploads\/2021\/10\/29.png","type":"image\/png"}],"twitter_card":"summary_large_image","twitter_site":"@zhl_lighting","twitter_misc":{"Tiempo de lectura":"2 minutos"},"schema":{"@context":"https:\/\/schema.org","@graph":[{"@type":"WebPage","@id":"https:\/\/www.zhgdled.com\/es\/aurora-series-300w-1000w-stadium-sports-light-2.html","url":"https:\/\/www.zhgdled.com\/es\/aurora-series-300w-1000w-stadium-sports-light-2.html","name":"AURORA Serie 300W-1000W Proyector deportivo para estadios &#8211; Grupo de iluminaci\u00f3n ZHL","isPartOf":{"@id":"https:\/\/www.zhgdled.com\/es\/#website"},"primaryImageOfPage":{"@id":"https:\/\/www.zhgdled.com\/es\/aurora-series-300w-1000w-stadium-sports-light-2.html#primaryimage"},"image":{"@id":"https:\/\/www.zhgdled.com\/es\/aurora-series-300w-1000w-stadium-sports-light-2.html#primaryimage"},"thumbnailUrl":"https:\/\/www.zhgdled.com\/wp-content\/uploads\/2023\/08\/29.png","datePublished":"2023-07-01T08:44:20+00:00","dateModified":"2023-08-16T08:13:10+00:00","description":"La luz de inundaci\u00f3n deportiva de la serie Aurora no contiene mercurio, es de inicio instant\u00e1neo, sin parpadeo, s\u00faper brillante, alta eficacia lum\u00ednica de 140 lm\/w, lo que ahorra costos entre un 60 % y un 80 %.","breadcrumb":{"@id":"https:\/\/www.zhgdled.com\/es\/aurora-series-300w-1000w-stadium-sports-light-2.html#breadcrumb"},"inLanguage":"es","potentialAction":[{"@type":"ReadAction","target":["https:\/\/www.zhgdled.com\/es\/aurora-series-300w-1000w-stadium-sports-light-2.html"]}]},{"@type":"ImageObject","inLanguage":"es","@id":"https:\/\/www.zhgdled.com\/es\/aurora-series-300w-1000w-stadium-sports-light-2.html#primaryimage","url":"https:\/\/www.zhgdled.com\/wp-content\/uploads\/2023\/08\/29.png","contentUrl":"https:\/\/www.zhgdled.com\/wp-content\/uploads\/2023\/08\/29.png","width":1600,"height":1600,"caption":"Aurora series sports stadium lights"},{"@type":"BreadcrumbList","@id":"https:\/\/www.zhgdled.com\/es\/aurora-series-300w-1000w-stadium-sports-light-2.html#breadcrumb","itemListElement":[{"@type":"ListItem","position":1,"name":"Home","item":"https:\/\/www.zhgdled.com\/es"},{"@type":"ListItem","position":2,"name":"PRODUCTS","item":"https:\/\/www.zhgdled.com\/zhl-products.html"},{"@type":"ListItem","position":3,"name":"AURORA Serie 300W-1000W Proyector deportivo para estadios"}]},{"@type":"WebSite","@id":"https:\/\/www.zhgdled.com\/es\/#website","url":"https:\/\/www.zhgdled.com\/es\/","name":"Grupo de iluminaci\u00f3n ZHL","description":"Top ranking industrial lighting manufacturer and exporter","publisher":{"@id":"https:\/\/www.zhgdled.com\/es\/#organization"},"potentialAction":[{"@type":"SearchAction","target":{"@type":"EntryPoint","urlTemplate":"https:\/\/www.zhgdled.com\/es\/?s={search_term_string}"},"query-input":{"@type":"PropertyValueSpecification","valueRequired":true,"valueName":"search_term_string"}}],"inLanguage":"es"},{"@type":"Organization","@id":"https:\/\/www.zhgdled.com\/es\/#organization","name":"ZHL Lighting Group","url":"https:\/\/www.zhgdled.com\/es\/","logo":{"@type":"ImageObject","inLanguage":"es","@id":"https:\/\/www.zhgdled.com\/es\/#\/schema\/logo\/image\/","url":"","contentUrl":"","caption":"ZHL Lighting Group"},"image":{"@id":"https:\/\/www.zhgdled.com\/es\/#\/schema\/logo\/image\/"},"sameAs":["https:\/\/www.facebook.com\/zhllightinggroup","https:\/\/x.com\/zhl_lighting"]}]}},"_links":{"self":[{"href":"https:\/\/www.zhgdled.com\/es\/wp-json\/wp\/v2\/product\/21467","targetHints":{"allow":["GET"]}}],"collection":[{"href":"https:\/\/www.zhgdled.com\/es\/wp-json\/wp\/v2\/product"}],"about":[{"href":"https:\/\/www.zhgdled.com\/es\/wp-json\/wp\/v2\/types\/product"}],"wp:featuredmedia":[{"embeddable":true,"href":"https:\/\/www.zhgdled.com\/es\/wp-json\/wp\/v2\/media\/21643"}],"wp:attachment":[{"href":"https:\/\/www.zhgdled.com\/es\/wp-json\/wp\/v2\/media?parent=21467"}],"wp:term":[{"taxonomy":"product_brand","embeddable":true,"href":"https:\/\/www.zhgdled.com\/es\/wp-json\/wp\/v2\/product_brand?post=21467"},{"taxonomy":"product_cat","embeddable":true,"href":"https:\/\/www.zhgdled.com\/es\/wp-json\/wp\/v2\/product_cat?post=21467"},{"taxonomy":"product_tag","embeddable":true,"href":"https:\/\/www.zhgdled.com\/es\/wp-json\/wp\/v2\/product_tag?post=21467"}],"curies":[{"name":"wp","href":"https:\/\/api.w.org\/{rel}","templated":true}]}}