{"id":22402,"date":"2023-10-24T07:21:44","date_gmt":"2023-08-27T23:21:44","guid":{"rendered":"https:\/\/www.zhgdled.com\/product\/superb-series-solar-flood-light"},"modified":"2023-12-27T15:09:09","modified_gmt":"2023-12-27T07:09:09","slug":"superb-series-solar-flood-light","status":"publish","type":"product","link":"https:\/\/www.zhgdled.com\/es\/apollo-series-solar-flood-light.html","title":{"rendered":"Proyector solar LED SERIE APOLLO"},"content":{"rendered":"<h2><img decoding=\"async\" class=\"alignnone size-full wp-image-22363\" src=\"https:\/\/www.zhgdled.com\/wp-content\/uploads\/2023\/08\/20230829110548-1.jpg\" alt=\"\" width=\"1105\" height=\"511\" srcset=\"https:\/\/www.zhgdled.com\/wp-content\/uploads\/2023\/08\/20230829110548-1.jpg 1105w, https:\/\/www.zhgdled.com\/wp-content\/uploads\/2023\/08\/20230829110548-1-300x139.jpg 300w, https:\/\/www.zhgdled.com\/wp-content\/uploads\/2023\/08\/20230829110548-1-1024x474.jpg 1024w, https:\/\/www.zhgdled.com\/wp-content\/uploads\/2023\/08\/20230829110548-1-768x355.jpg 768w, https:\/\/www.zhgdled.com\/wp-content\/uploads\/2023\/08\/20230829110548-1-600x277.jpg 600w, https:\/\/www.zhgdled.com\/wp-content\/uploads\/2023\/08\/20230829110548-1-150x69.jpg 150w\" sizes=\"(max-width: 1105px) 100vw, 1105px\" \/><\/h2>\n<h2>PROYECTORES SOLAR DE LA SERIE APOLLO CARACTER\u00cdSTICAS PARA EXTERIORES ALTA EFICIENCIA LUMINOSA Y PANTALLA DE ESTADO DE CARGA<\/h2>\n<ul>\n<li class=\"a-spacing-mini\">Iluminaci\u00f3n s\u00faper brillante: la serie APOLLO cuenta con un LED de alta calidad de hasta 300 W que ofrece impresionantes 2000 l\u00famenes de luz blanca diurna de 6500 k, iluminando un \u00e1rea de m\u00e1s de 250 metros cuadrados, lo que la hace ideal para grandes espacios al aire libre.<\/li>\n<li class=\"a-spacing-mini\">Rentable y ecol\u00f3gico: sin costo de electricidad, este reflector solar funciona completamente con energ\u00eda solar y proporciona instalaci\u00f3n inal\u00e1mbrica, lo que lo ayuda a ahorrar en costos de energ\u00eda y al mismo tiempo reducir su huella de carbono.<\/li>\n<li class=\"a-spacing-mini\">Hecho de aleaci\u00f3n de aluminio y vidrio templado, el reflector solar para exteriores de la serie APOLLO es duradero para su uso. Los reflectores solares para exteriores est\u00e1n equipados con paneles solares fotovoltaicos de 5 V y 12 vatios, 256 cuentas LED con lentes \u00f3pticas y luces blancas de 6500 K pueden iluminar la gran \u00e1rea abierta. Se incluye un control remoto para controlar el brillo y el encendido\/apagado.<\/li>\n<\/ul>\n<h2>El reflector solar universal de alta potencia y grado comercial brinda una iluminaci\u00f3n brillante, duradera y confiable y es ideal para mantener la iluminaci\u00f3n informal o de emergencia en instalaciones residenciales y comerciales.<\/h2>\n<ul>\n<li>La aplicaci\u00f3n residencial incluye la casa, garaje, jard\u00edn, porches, patios, balcones y terrazas, pasillos laterales y traseros, entradas de veh\u00edculos, escaleras, entradas, caminos, cercas, etc.<\/li>\n<li>La aplicaci\u00f3n comercial no se limita a locales industriales y comerciales, incluidos almacenes, estacionamientos, cafeter\u00edas, hoteles, minas de carb\u00f3n y mineral de hierro, campos agr\u00edcolas, sitios de construcci\u00f3n y edificios, obras viales, etc.<\/li>\n<li>Aplicable para iluminar \u00e1reas p\u00fablicas, incluidos parques, estacionamientos, carreteras, calles, senderos, parques infantiles, etc.<\/li>\n<\/ul>\n<h2>Caracter\u00edsticas principales<\/h2>\n<p>1. Varios \u00e1ngulos de haz disponibles: 30\u00b0\/60\u00b0\/90\u00b0\/120\u00b0\/ 60\u00b0*145\u00b0 (T2-M)<br \/>\n2. Componentes principales r\u00e1pidamente reemplazables: bater\u00eda, PCBA, lente<br \/>\n3. Control de luz + control de tiempo + funci\u00f3n autom\u00e1tica de ahorro de energ\u00eda<br \/>\n4. La pantalla puede mostrar la relaci\u00f3n de carga en tiempo real<br \/>\n5. 13 horas de iluminaci\u00f3n continua, 1-2 d\u00edas de lluvia<br \/>\n6. Robusto disipador de calor de fundici\u00f3n a presi\u00f3n, lente + vidrio templado de doble capa, dise\u00f1o anti-UV e impermeable.<\/p>\n<blockquote><p>&nbsp;<\/p><\/blockquote>\n<h2>ESPECIFICACI\u00d3N<\/h2>\n<table width=\"768\">\n<tbody>\n<tr>\n<td width=\"164\">Potencia<\/td>\n<td width=\"214\">50W 100W 200W 300W<\/td>\n<td width=\"145\"><\/td>\n<\/tr>\n<tr>\n<td width=\"164\">Flujo luminoso<\/td>\n<td width=\"214\">600lm, 960lm, 1560lm, 2040lm<\/td>\n<td width=\"145\"><\/td>\n<\/tr>\n<tr>\n<td width=\"164\">chips LED<\/td>\n<td colspan=\"2\" width=\"360\">Osram 2835<\/td>\n<\/tr>\n<tr>\n<td width=\"164\">Temperatura de color (CCT)<\/td>\n<td colspan=\"2\" width=\"360\">2700-3200K 4000-4500K 6000-7000K<\/td>\n<\/tr>\n<tr>\n<td width=\"164\">IRC<\/td>\n<td colspan=\"2\" width=\"360\">\u226580<\/td>\n<\/tr>\n<tr>\n<td width=\"164\">\u00c1rea de iluminaci\u00f3n<\/td>\n<td colspan=\"2\" width=\"360\">30\u33a1-250\u33a1<\/td>\n<\/tr>\n<tr>\n<td width=\"164\">Panel solar<\/td>\n<td colspan=\"2\" width=\"360\">Polysilicon 6V\/6W-80W<\/td>\n<\/tr>\n<tr>\n<td width=\"164\">Bater\u00eda<\/td>\n<td colspan=\"2\" width=\"360\">32700 Lithium iron phosphate battery 5AH-25AH\/3.7V<\/td>\n<\/tr>\n<\/tbody>\n<\/table>\n<p><a href=\"https:\/\/solartown.com\/learning\/solar-lights-and-garden\/usage-tips-for-outdoor-solar-lights\/\" target=\"_blank\" rel=\"nofollow noopener\">Usage tips for outdoor solar lights &gt;&gt;<\/a><\/p>\n<p>&nbsp;<\/p>\n<p><img decoding=\"async\" class=\"alignnone size-full wp-image-22318\" src=\"https:\/\/www.zhgdled.com\/wp-content\/uploads\/2023\/08\/20230829110352.png\" alt=\"\" width=\"1305\" height=\"247\" srcset=\"https:\/\/www.zhgdled.com\/wp-content\/uploads\/2023\/08\/20230829110352.png 1305w, https:\/\/www.zhgdled.com\/wp-content\/uploads\/2023\/08\/20230829110352-300x57.png 300w, https:\/\/www.zhgdled.com\/wp-content\/uploads\/2023\/08\/20230829110352-1024x194.png 1024w, https:\/\/www.zhgdled.com\/wp-content\/uploads\/2023\/08\/20230829110352-768x145.png 768w, https:\/\/www.zhgdled.com\/wp-content\/uploads\/2023\/08\/20230829110352-600x114.png 600w, https:\/\/www.zhgdled.com\/wp-content\/uploads\/2023\/08\/20230829110352-150x28.png 150w\" sizes=\"(max-width: 1305px) 100vw, 1305px\" \/><\/p>\n","protected":false},"excerpt":{"rendered":"<p>La serie APOLLO cuenta con un LED de alta calidad de hasta 300 W que ofrece impresionantes 2000 l\u00famenes de luz blanca diurna de 6500 K, iluminando un \u00e1rea de m\u00e1s de 250 metros cuadrados, lo que la hace ideal para grandes espacios al aire libre. Rentable y ecol\u00f3gico: sin costo de electricidad, este reflector solar funciona completamente con energ\u00eda solar y proporciona instalaci\u00f3n inal\u00e1mbrica, lo que lo ayuda a ahorrar en costos de energ\u00eda y al mismo tiempo reducir su huella de carbono. Hecho de aleaci\u00f3n de aluminio y vidrio templado, el reflector solar para exteriores de la serie APOLLO es duradero para su uso. Los reflectores solares para exteriores est\u00e1n equipados con paneles solares fotovoltaicos de 5 V y 12 vatios, 256 cuentas LED con lentes \u00f3pticas y luces blancas de 6500 K pueden iluminar el \u00e1rea hasta 3600 l\u00famenes.<\/p>\n<p>&nbsp;<\/p>\n<p>50W\/100W\/200W\/300W<br \/>\n600 lm &#8211; 2040 lm<br \/>\nOsram 2835<br \/>\nCCT: 2700-3200K 4000-4500K 6000-7000K<br \/>\n\u00c1rea de iluminaci\u00f3n: 30\u33a1-250\u33a1<\/p>\n","protected":false},"featured_media":24258,"template":"","meta":[],"product_brand":[],"product_cat":[662],"product_tag":[450],"class_list":{"0":"post-22402","1":"product","2":"type-product","3":"status-publish","4":"has-post-thumbnail","6":"product_cat-proyectores-solares","7":"product_tag-led-solar-flood-light-es","9":"first","10":"instock","11":"featured","12":"shipping-taxable","13":"product-type-simple"},"yoast_head":"<!-- This site is optimized with the Yoast SEO plugin v27.4 - https:\/\/yoast.com\/product\/yoast-seo-wordpress\/ -->\n<title>SOLAR FLOOD LIGHT OUTDOOR &#8211; Grupo de iluminaci\u00f3n ZHL<\/title>\n<meta name=\"description\" content=\"La serie APOLLO cuenta con un LED de alta calidad de hasta 300 W que ofrece impresionantes 3600 l\u00famenes de luz blanca diurna de 6500 K, iluminando un \u00e1rea de m\u00e1s de 250 metros cuadrados, lo que la hace ideal para grandes espacios al aire libre.\" \/>\n<meta name=\"robots\" content=\"index, follow, max-snippet:-1, max-image-preview:large, max-video-preview:-1\" \/>\n<link rel=\"canonical\" href=\"https:\/\/www.zhgdled.com\/es\/apollo-series-solar-flood-light.html\" \/>\n<meta property=\"og:locale\" content=\"es_ES\" \/>\n<meta property=\"og:type\" content=\"article\" \/>\n<meta property=\"og:title\" content=\"SOLAR FLOOD LIGHT OUTDOOR &#8211; Grupo de iluminaci\u00f3n ZHL\" \/>\n<meta property=\"og:description\" content=\"La serie APOLLO cuenta con un LED de alta calidad de hasta 300 W que ofrece impresionantes 3600 l\u00famenes de luz blanca diurna de 6500 K, iluminando un \u00e1rea de m\u00e1s de 250 metros cuadrados, lo que la hace ideal para grandes espacios al aire libre.\" \/>\n<meta property=\"og:url\" content=\"https:\/\/www.zhgdled.com\/es\/apollo-series-solar-flood-light.html\" \/>\n<meta property=\"og:site_name\" content=\"Grupo de iluminaci\u00f3n ZHL\" \/>\n<meta property=\"article:publisher\" content=\"https:\/\/www.facebook.com\/zhllightinggroup\" \/>\n<meta property=\"article:modified_time\" content=\"2023-12-27T07:09:09+00:00\" \/>\n<meta property=\"og:image\" content=\"https:\/\/www.zhgdled.com\/wp-content\/uploads\/2023\/08\/20230829092856_1.jpg\" \/>\n\t<meta property=\"og:image:width\" content=\"1600\" \/>\n\t<meta property=\"og:image:height\" content=\"1600\" \/>\n\t<meta property=\"og:image:type\" content=\"image\/jpeg\" \/>\n<meta name=\"twitter:card\" content=\"summary_large_image\" \/>\n<meta name=\"twitter:site\" content=\"@zhl_lighting\" \/>\n<meta name=\"twitter:label1\" content=\"Tiempo de lectura\" \/>\n\t<meta name=\"twitter:data1\" content=\"3 minutos\" \/>\n<script type=\"application\/ld+json\" class=\"yoast-schema-graph\">{\"@context\":\"https:\\\/\\\/schema.org\",\"@graph\":[{\"@type\":\"WebPage\",\"@id\":\"https:\\\/\\\/www.zhgdled.com\\\/es\\\/apollo-series-solar-flood-light.html\",\"url\":\"https:\\\/\\\/www.zhgdled.com\\\/es\\\/apollo-series-solar-flood-light.html\",\"name\":\"SOLAR FLOOD LIGHT OUTDOOR &#8211; Grupo de iluminaci\u00f3n ZHL\",\"isPartOf\":{\"@id\":\"https:\\\/\\\/www.zhgdled.com\\\/es\\\/#website\"},\"primaryImageOfPage\":{\"@id\":\"https:\\\/\\\/www.zhgdled.com\\\/es\\\/apollo-series-solar-flood-light.html#primaryimage\"},\"image\":{\"@id\":\"https:\\\/\\\/www.zhgdled.com\\\/es\\\/apollo-series-solar-flood-light.html#primaryimage\"},\"thumbnailUrl\":\"https:\\\/\\\/www.zhgdled.com\\\/wp-content\\\/uploads\\\/2023\\\/10\\\/01.jpg\",\"datePublished\":\"2023-08-27T23:21:44+00:00\",\"dateModified\":\"2023-12-27T07:09:09+00:00\",\"description\":\"La serie APOLLO cuenta con un LED de alta calidad de hasta 300 W que ofrece impresionantes 3600 l\u00famenes de luz blanca diurna de 6500 K, iluminando un \u00e1rea de m\u00e1s de 250 metros cuadrados, lo que la hace ideal para grandes espacios al aire libre.\",\"breadcrumb\":{\"@id\":\"https:\\\/\\\/www.zhgdled.com\\\/es\\\/apollo-series-solar-flood-light.html#breadcrumb\"},\"inLanguage\":\"es\",\"potentialAction\":[{\"@type\":\"ReadAction\",\"target\":[\"https:\\\/\\\/www.zhgdled.com\\\/es\\\/apollo-series-solar-flood-light.html\"]}]},{\"@type\":\"ImageObject\",\"inLanguage\":\"es\",\"@id\":\"https:\\\/\\\/www.zhgdled.com\\\/es\\\/apollo-series-solar-flood-light.html#primaryimage\",\"url\":\"https:\\\/\\\/www.zhgdled.com\\\/wp-content\\\/uploads\\\/2023\\\/10\\\/01.jpg\",\"contentUrl\":\"https:\\\/\\\/www.zhgdled.com\\\/wp-content\\\/uploads\\\/2023\\\/10\\\/01.jpg\",\"width\":1600,\"height\":1600,\"caption\":\"solar floodlight\"},{\"@type\":\"BreadcrumbList\",\"@id\":\"https:\\\/\\\/www.zhgdled.com\\\/es\\\/apollo-series-solar-flood-light.html#breadcrumb\",\"itemListElement\":[{\"@type\":\"ListItem\",\"position\":1,\"name\":\"Home\",\"item\":\"https:\\\/\\\/www.zhgdled.com\\\/es\"},{\"@type\":\"ListItem\",\"position\":2,\"name\":\"PRODUCTS\",\"item\":\"https:\\\/\\\/www.zhgdled.com\\\/zhl-products.html\"},{\"@type\":\"ListItem\",\"position\":3,\"name\":\"Proyector solar LED SERIE APOLLO\"}]},{\"@type\":\"WebSite\",\"@id\":\"https:\\\/\\\/www.zhgdled.com\\\/es\\\/#website\",\"url\":\"https:\\\/\\\/www.zhgdled.com\\\/es\\\/\",\"name\":\"Grupo de iluminaci\u00f3n ZHL\",\"description\":\"Top ranking industrial lighting manufacturer and exporter\",\"publisher\":{\"@id\":\"https:\\\/\\\/www.zhgdled.com\\\/es\\\/#organization\"},\"potentialAction\":[{\"@type\":\"SearchAction\",\"target\":{\"@type\":\"EntryPoint\",\"urlTemplate\":\"https:\\\/\\\/www.zhgdled.com\\\/es\\\/?s={search_term_string}\"},\"query-input\":{\"@type\":\"PropertyValueSpecification\",\"valueRequired\":true,\"valueName\":\"search_term_string\"}}],\"inLanguage\":\"es\"},{\"@type\":\"Organization\",\"@id\":\"https:\\\/\\\/www.zhgdled.com\\\/es\\\/#organization\",\"name\":\"ZHL Lighting Group\",\"url\":\"https:\\\/\\\/www.zhgdled.com\\\/es\\\/\",\"logo\":{\"@type\":\"ImageObject\",\"inLanguage\":\"es\",\"@id\":\"https:\\\/\\\/www.zhgdled.com\\\/es\\\/#\\\/schema\\\/logo\\\/image\\\/\",\"url\":\"\",\"contentUrl\":\"\",\"caption\":\"ZHL Lighting Group\"},\"image\":{\"@id\":\"https:\\\/\\\/www.zhgdled.com\\\/es\\\/#\\\/schema\\\/logo\\\/image\\\/\"},\"sameAs\":[\"https:\\\/\\\/www.facebook.com\\\/zhllightinggroup\",\"https:\\\/\\\/x.com\\\/zhl_lighting\"]}]}<\/script>\n<!-- \/ Yoast SEO plugin. -->","yoast_head_json":{"title":"SOLAR FLOOD LIGHT OUTDOOR &#8211; Grupo de iluminaci\u00f3n ZHL","description":"La serie APOLLO cuenta con un LED de alta calidad de hasta 300 W que ofrece impresionantes 3600 l\u00famenes de luz blanca diurna de 6500 K, iluminando un \u00e1rea de m\u00e1s de 250 metros cuadrados, lo que la hace ideal para grandes espacios al aire libre.","robots":{"index":"index","follow":"follow","max-snippet":"max-snippet:-1","max-image-preview":"max-image-preview:large","max-video-preview":"max-video-preview:-1"},"canonical":"https:\/\/www.zhgdled.com\/es\/apollo-series-solar-flood-light.html","og_locale":"es_ES","og_type":"article","og_title":"SOLAR FLOOD LIGHT OUTDOOR &#8211; Grupo de iluminaci\u00f3n ZHL","og_description":"La serie APOLLO cuenta con un LED de alta calidad de hasta 300 W que ofrece impresionantes 3600 l\u00famenes de luz blanca diurna de 6500 K, iluminando un \u00e1rea de m\u00e1s de 250 metros cuadrados, lo que la hace ideal para grandes espacios al aire libre.","og_url":"https:\/\/www.zhgdled.com\/es\/apollo-series-solar-flood-light.html","og_site_name":"Grupo de iluminaci\u00f3n ZHL","article_publisher":"https:\/\/www.facebook.com\/zhllightinggroup","article_modified_time":"2023-12-27T07:09:09+00:00","og_image":[{"width":1600,"height":1600,"url":"https:\/\/www.zhgdled.com\/wp-content\/uploads\/2023\/08\/20230829092856_1.jpg","type":"image\/jpeg"}],"twitter_card":"summary_large_image","twitter_site":"@zhl_lighting","twitter_misc":{"Tiempo de lectura":"3 minutos"},"schema":{"@context":"https:\/\/schema.org","@graph":[{"@type":"WebPage","@id":"https:\/\/www.zhgdled.com\/es\/apollo-series-solar-flood-light.html","url":"https:\/\/www.zhgdled.com\/es\/apollo-series-solar-flood-light.html","name":"SOLAR FLOOD LIGHT OUTDOOR &#8211; Grupo de iluminaci\u00f3n ZHL","isPartOf":{"@id":"https:\/\/www.zhgdled.com\/es\/#website"},"primaryImageOfPage":{"@id":"https:\/\/www.zhgdled.com\/es\/apollo-series-solar-flood-light.html#primaryimage"},"image":{"@id":"https:\/\/www.zhgdled.com\/es\/apollo-series-solar-flood-light.html#primaryimage"},"thumbnailUrl":"https:\/\/www.zhgdled.com\/wp-content\/uploads\/2023\/10\/01.jpg","datePublished":"2023-08-27T23:21:44+00:00","dateModified":"2023-12-27T07:09:09+00:00","description":"La serie APOLLO cuenta con un LED de alta calidad de hasta 300 W que ofrece impresionantes 3600 l\u00famenes de luz blanca diurna de 6500 K, iluminando un \u00e1rea de m\u00e1s de 250 metros cuadrados, lo que la hace ideal para grandes espacios al aire libre.","breadcrumb":{"@id":"https:\/\/www.zhgdled.com\/es\/apollo-series-solar-flood-light.html#breadcrumb"},"inLanguage":"es","potentialAction":[{"@type":"ReadAction","target":["https:\/\/www.zhgdled.com\/es\/apollo-series-solar-flood-light.html"]}]},{"@type":"ImageObject","inLanguage":"es","@id":"https:\/\/www.zhgdled.com\/es\/apollo-series-solar-flood-light.html#primaryimage","url":"https:\/\/www.zhgdled.com\/wp-content\/uploads\/2023\/10\/01.jpg","contentUrl":"https:\/\/www.zhgdled.com\/wp-content\/uploads\/2023\/10\/01.jpg","width":1600,"height":1600,"caption":"solar floodlight"},{"@type":"BreadcrumbList","@id":"https:\/\/www.zhgdled.com\/es\/apollo-series-solar-flood-light.html#breadcrumb","itemListElement":[{"@type":"ListItem","position":1,"name":"Home","item":"https:\/\/www.zhgdled.com\/es"},{"@type":"ListItem","position":2,"name":"PRODUCTS","item":"https:\/\/www.zhgdled.com\/zhl-products.html"},{"@type":"ListItem","position":3,"name":"Proyector solar LED SERIE APOLLO"}]},{"@type":"WebSite","@id":"https:\/\/www.zhgdled.com\/es\/#website","url":"https:\/\/www.zhgdled.com\/es\/","name":"Grupo de iluminaci\u00f3n ZHL","description":"Top ranking industrial lighting manufacturer and exporter","publisher":{"@id":"https:\/\/www.zhgdled.com\/es\/#organization"},"potentialAction":[{"@type":"SearchAction","target":{"@type":"EntryPoint","urlTemplate":"https:\/\/www.zhgdled.com\/es\/?s={search_term_string}"},"query-input":{"@type":"PropertyValueSpecification","valueRequired":true,"valueName":"search_term_string"}}],"inLanguage":"es"},{"@type":"Organization","@id":"https:\/\/www.zhgdled.com\/es\/#organization","name":"ZHL Lighting Group","url":"https:\/\/www.zhgdled.com\/es\/","logo":{"@type":"ImageObject","inLanguage":"es","@id":"https:\/\/www.zhgdled.com\/es\/#\/schema\/logo\/image\/","url":"","contentUrl":"","caption":"ZHL Lighting Group"},"image":{"@id":"https:\/\/www.zhgdled.com\/es\/#\/schema\/logo\/image\/"},"sameAs":["https:\/\/www.facebook.com\/zhllightinggroup","https:\/\/x.com\/zhl_lighting"]}]}},"_links":{"self":[{"href":"https:\/\/www.zhgdled.com\/es\/wp-json\/wp\/v2\/product\/22402","targetHints":{"allow":["GET"]}}],"collection":[{"href":"https:\/\/www.zhgdled.com\/es\/wp-json\/wp\/v2\/product"}],"about":[{"href":"https:\/\/www.zhgdled.com\/es\/wp-json\/wp\/v2\/types\/product"}],"wp:featuredmedia":[{"embeddable":true,"href":"https:\/\/www.zhgdled.com\/es\/wp-json\/wp\/v2\/media\/24258"}],"wp:attachment":[{"href":"https:\/\/www.zhgdled.com\/es\/wp-json\/wp\/v2\/media?parent=22402"}],"wp:term":[{"taxonomy":"product_brand","embeddable":true,"href":"https:\/\/www.zhgdled.com\/es\/wp-json\/wp\/v2\/product_brand?post=22402"},{"taxonomy":"product_cat","embeddable":true,"href":"https:\/\/www.zhgdled.com\/es\/wp-json\/wp\/v2\/product_cat?post=22402"},{"taxonomy":"product_tag","embeddable":true,"href":"https:\/\/www.zhgdled.com\/es\/wp-json\/wp\/v2\/product_tag?post=22402"}],"curies":[{"name":"wp","href":"https:\/\/api.w.org\/{rel}","templated":true}]}}