{"id":22630,"date":"2024-03-23T14:03:04","date_gmt":"2023-09-05T06:03:04","guid":{"rendered":"https:\/\/www.zhgdled.com\/product\/led-solar-garden-post-top-lights"},"modified":"2023-09-11T14:59:03","modified_gmt":"2023-09-11T06:59:03","slug":"led-solar-garden-post-top-lights","status":"publish","type":"product","link":"https:\/\/www.zhgdled.com\/es\/led-solar-garden-post-top-lights.html","title":{"rendered":"Luces LED solares para poste de jard\u00edn"},"content":{"rendered":"<blockquote>\n<h2>\u00a1Un paso m\u00e1s all\u00e1 en las luces solares para exteriores con control inteligente!<\/h2>\n<\/blockquote>\n<table style=\"border-collapse: collapse; width: 955px; height: 351px;\" border=\"0\" width=\"177\" cellspacing=\"0\" cellpadding=\"0\">\n<tbody>\n<tr style=\"height: 23.10pt;\">\n<td class=\"et4\" style=\"height: 23.10pt; width: 79.40pt;\" align=\"right\" width=\"105\" height=\"30\">\n<h2 style=\"text-align: left;\">Reflejos<\/h2>\n<ul style=\"text-align: left;\">\n<li>Carcasa de aluminio fundido a presi\u00f3n resistente a la corrosi\u00f3n<br \/>\nUn nuevo panel solar de silicio policristalino est\u00e1 integrado en el cuerpo de una l\u00e1mpara resistente al agua.<br \/>\nIRC de 80+<br \/>\nTemperatura de color de 2700K &#8211; 65000K<br \/>\nListado CE UL y CUL para ubicaciones h\u00famedas<br \/>\n50-80% de ahorro de energ\u00eda<br \/>\nGarant\u00eda de 5 a\u00f1os<br \/>\nAmbos sensores y control remoto disponibles.<\/li>\n<\/ul>\n<\/td>\n<td style=\"width: 54pt; text-align: left;\" align=\"right\" width=\"72\">\n<h2>Alojamiento<\/h2>\n<ul>\n<li>Carcasa de fundici\u00f3n a presi\u00f3n de alta resistencia con disipador de calor integral<\/li>\n<li>Resistente a los rayos UV, multicapa, color arquitect\u00f3nico, acabado en polvo bronce<\/li>\n<li>Fotoc\u00e9lula adaptable<\/li>\n<li>Parte superior de montaje en poste extra\u00edble para facilitar el acceso a los cables<\/li>\n<li>Lente de policarbonato UV moldeada por inyecci\u00f3n<\/li>\n<li>Slipfits para puntas o espigas de postes de 2-3\/8&#8243;<\/li>\n<\/ul>\n<\/td>\n<\/tr>\n<\/tbody>\n<\/table>\n<div class=\"J_module\">\n<div class=\"grid__item one-third tab-one-half palm-one-whole\"><\/div>\n<\/div>\n<table style=\"height: 894px;\" width=\"949\">\n<tbody>\n<tr>\n<td width=\"284\">\n<h3>ESPECIFICACIONES T\u00c9CNICAS<\/h3>\n<ul>\n<li id=\"ali-anchor-AliMagic-s5qei7\" class=\"magic-0\" data-section=\"AliMagic-s5qei7\" data-section-title=\"Product Description\" data-spm-anchor-id=\"a2700.details.0.i20.2d8a1a34X1y9Gb\">IP 66, certificaci\u00f3n CE ERC ETL CB.<\/li>\n<li class=\"magic-0\" data-section=\"AliMagic-s5qei7\" data-section-title=\"Product Description\" data-spm-anchor-id=\"a2700.details.0.i20.2d8a1a34X1y9Gb\">Potencia: 20W<\/li>\n<li class=\"magic-0\" data-section=\"AliMagic-s5qei7\" data-section-title=\"Product Description\" data-spm-anchor-id=\"a2700.details.0.i20.2d8a1a34X1y9Gb\">Fuente de luz: SMD2835 \/ SMD3030<\/li>\n<li class=\"magic-0\" data-section=\"AliMagic-s5qei7\" data-section-title=\"Product Description\" data-spm-anchor-id=\"a2700.details.0.i20.2d8a1a34X1y9Gb\">Eficiencia luminosa: 170Lm\/w<\/li>\n<li class=\"magic-0\" data-section=\"AliMagic-s5qei7\" data-section-title=\"Product Description\" data-spm-anchor-id=\"a2700.details.0.i20.2d8a1a34X1y9Gb\">\u00c1ngulo de haz: 60\u00b0, 90\u00b0, 120\u00b0<\/li>\n<li class=\"magic-0\" data-section=\"AliMagic-s5qei7\" data-section-title=\"Product Description\" data-spm-anchor-id=\"a2700.details.0.i20.2d8a1a34X1y9Gb\">Vida \u00fatil: &gt;50000h<\/li>\n<li class=\"magic-0\" data-section=\"AliMagic-s5qei7\" data-section-title=\"Product Description\" data-spm-anchor-id=\"a2700.details.0.i20.2d8a1a34X1y9Gb\">Altura de instalaci\u00f3n: 3-6m<\/li>\n<li class=\"magic-0\" data-section=\"AliMagic-s5qei7\" data-section-title=\"Product Description\" data-spm-anchor-id=\"a2700.details.0.i20.2d8a1a34X1y9Gb\">CCT: 3000-5000K<\/li>\n<li class=\"magic-0\" data-section=\"AliMagic-s5qei7\" data-section-title=\"Product Description\" data-spm-anchor-id=\"a2700.details.0.i20.2d8a1a34X1y9Gb\">Material: cuerpo de aluminio, lente de PC<\/li>\n<\/ul>\n<\/td>\n<td width=\"284\"><img decoding=\"async\" class=\" wp-image-20645\" src=\"https:\/\/www.zhgdled.com\/wp-content\/uploads\/2023\/06\/20230613134637.jpg\" alt=\"solar post top light 1\" width=\"529\" height=\"491\" srcset=\"https:\/\/www.zhgdled.com\/wp-content\/uploads\/2023\/06\/20230613134637.jpg 688w, https:\/\/www.zhgdled.com\/wp-content\/uploads\/2023\/06\/20230613134637-300x279.jpg 300w, https:\/\/www.zhgdled.com\/wp-content\/uploads\/2023\/06\/20230613134637-600x557.jpg 600w, https:\/\/www.zhgdled.com\/wp-content\/uploads\/2023\/06\/20230613134637-150x139.jpg 150w\" sizes=\"(max-width: 529px) 100vw, 529px\" \/><\/td>\n<\/tr>\n<tr>\n<td width=\"284\">\n<h3>CARACTER\u00cdSTICAS<\/h3>\n<ul>\n<li>Varias formas, cl\u00e1sicas y elegantes, instalaci\u00f3n y mantenimiento convenientes;<\/li>\n<li>Estructura razonable, bajo costo de operaci\u00f3n y mantenimiento.<\/li>\n<li>Hasta 170Lm\/w, cumple con el sistema de control inteligente, adecuado para \u00e1reas residenciales, lugares pintorescos, parques, plazas urbanas, jardines privados, patios, pasillos y otros lugares p\u00fablicos.<\/li>\n<\/ul>\n<\/td>\n<td width=\"284\"><img decoding=\"async\" class=\"alignnone size-full wp-image-20655\" src=\"https:\/\/www.zhgdled.com\/wp-content\/uploads\/2023\/06\/20230613135110.jpg\" alt=\"solar post top light 2\" width=\"715\" height=\"681\" srcset=\"https:\/\/www.zhgdled.com\/wp-content\/uploads\/2023\/06\/20230613135110.jpg 715w, https:\/\/www.zhgdled.com\/wp-content\/uploads\/2023\/06\/20230613135110-300x286.jpg 300w, https:\/\/www.zhgdled.com\/wp-content\/uploads\/2023\/06\/20230613135110-600x571.jpg 600w, https:\/\/www.zhgdled.com\/wp-content\/uploads\/2023\/06\/20230613135110-150x143.jpg 150w\" sizes=\"(max-width: 715px) 100vw, 715px\" \/><\/td>\n<\/tr>\n<\/tbody>\n<\/table>\n<h3>Download specs<\/h3>\n<p><a href=\"https:\/\/www.zhgdled.com\/download\/garden-post-top-light\">POST TOP LIGHT 2022\/10\/11<\/a><\/p>\n","protected":false},"excerpt":{"rendered":"<p>Una vez dise\u00f1amos una apariencia modernista y estilizada en la l\u00e1mpara de jard\u00edn de primera generaci\u00f3n, convirti\u00e9ndola en un producto de iluminaci\u00f3n industrial de gran prestigio en el mercado. Hoy, sobre la base de TOP LIGHT, agregamos dispositivos de energ\u00eda reutilizables y m\u00f3dulos inteligentes de IA para cumplir con est\u00e1ndares m\u00e1s altos de eficiencia energ\u00e9tica y requisitos inteligentes.<\/p>\n<p>IP 66, certificaci\u00f3n CE ERC ETL CB.<br \/>\nPotencia: 20W<br \/>\nFuente de luz: SMD2835 \/ SMD3030<br \/>\nEficiencia luminosa: 170Lm\/w<br \/>\n\u00c1ngulo de haz: 60\u00b0, 90\u00b0, 120\u00b0<br \/>\nVida \u00fatil: &gt;50000h<br \/>\nAltura de instalaci\u00f3n: 3-6m<br \/>\nCCT: 3000-5000K<br \/>\nMaterial: cuerpo de aluminio, lente de PC<\/p>\n","protected":false},"featured_media":23927,"template":"","meta":[],"product_brand":[],"product_cat":[327],"product_tag":[],"class_list":{"0":"post-22630","1":"product","2":"type-product","3":"status-publish","4":"has-post-thumbnail","6":"product_cat-luces-de-jardin","8":"first","9":"instock","10":"featured","11":"shipping-taxable","12":"product-type-simple"},"yoast_head":"<!-- This site is optimized with the Yoast SEO plugin v27.4 - https:\/\/yoast.com\/product\/yoast-seo-wordpress\/ -->\n<title>Luces LED solares para poste de jard\u00edn &#8211; Grupo de iluminaci\u00f3n ZHL<\/title>\n<meta name=\"description\" content=\"La luz solar para jard\u00edn utiliza dispositivos de energ\u00eda reutilizables y m\u00f3dulos inteligentes de IA para cumplir con est\u00e1ndares m\u00e1s altos de eficiencia energ\u00e9tica y requisitos inteligentes. La soluci\u00f3n alimentada por energ\u00eda solar hace que esta luz sea verdaderamente inal\u00e1mbrica e inteligente.\" \/>\n<meta name=\"robots\" content=\"index, follow, max-snippet:-1, max-image-preview:large, max-video-preview:-1\" \/>\n<link rel=\"canonical\" href=\"https:\/\/www.zhgdled.com\/es\/led-solar-garden-post-top-lights.html\" \/>\n<meta property=\"og:locale\" content=\"es_ES\" \/>\n<meta property=\"og:type\" content=\"article\" \/>\n<meta property=\"og:title\" content=\"Luces LED solares para poste de jard\u00edn &#8211; Grupo de iluminaci\u00f3n ZHL\" \/>\n<meta property=\"og:description\" content=\"La luz solar para jard\u00edn utiliza dispositivos de energ\u00eda reutilizables y m\u00f3dulos inteligentes de IA para cumplir con est\u00e1ndares m\u00e1s altos de eficiencia energ\u00e9tica y requisitos inteligentes. La soluci\u00f3n alimentada por energ\u00eda solar hace que esta luz sea verdaderamente inal\u00e1mbrica e inteligente.\" \/>\n<meta property=\"og:url\" content=\"https:\/\/www.zhgdled.com\/es\/led-solar-garden-post-top-lights.html\" \/>\n<meta property=\"og:site_name\" content=\"Grupo de iluminaci\u00f3n ZHL\" \/>\n<meta property=\"article:publisher\" content=\"https:\/\/www.facebook.com\/zhllightinggroup\" \/>\n<meta property=\"article:modified_time\" content=\"2023-09-11T06:59:03+00:00\" \/>\n<meta property=\"og:image\" content=\"https:\/\/www.zhgdled.com\/wp-content\/uploads\/2023\/09\/04.png\" \/>\n\t<meta property=\"og:image:width\" content=\"1600\" \/>\n\t<meta property=\"og:image:height\" content=\"1600\" \/>\n\t<meta property=\"og:image:type\" content=\"image\/png\" \/>\n<meta name=\"twitter:card\" content=\"summary_large_image\" \/>\n<meta name=\"twitter:site\" content=\"@zhl_lighting\" \/>\n<meta name=\"twitter:label1\" content=\"Tiempo de lectura\" \/>\n\t<meta name=\"twitter:data1\" content=\"2 minutos\" \/>\n<script type=\"application\/ld+json\" class=\"yoast-schema-graph\">{\"@context\":\"https:\\\/\\\/schema.org\",\"@graph\":[{\"@type\":\"WebPage\",\"@id\":\"https:\\\/\\\/www.zhgdled.com\\\/es\\\/led-solar-garden-post-top-lights.html\",\"url\":\"https:\\\/\\\/www.zhgdled.com\\\/es\\\/led-solar-garden-post-top-lights.html\",\"name\":\"Luces LED solares para poste de jard\u00edn &#8211; Grupo de iluminaci\u00f3n ZHL\",\"isPartOf\":{\"@id\":\"https:\\\/\\\/www.zhgdled.com\\\/es\\\/#website\"},\"primaryImageOfPage\":{\"@id\":\"https:\\\/\\\/www.zhgdled.com\\\/es\\\/led-solar-garden-post-top-lights.html#primaryimage\"},\"image\":{\"@id\":\"https:\\\/\\\/www.zhgdled.com\\\/es\\\/led-solar-garden-post-top-lights.html#primaryimage\"},\"thumbnailUrl\":\"https:\\\/\\\/www.zhgdled.com\\\/wp-content\\\/uploads\\\/2023\\\/09\\\/Luna-series-solar-garden-light-1.png\",\"datePublished\":\"2023-09-05T06:03:04+00:00\",\"dateModified\":\"2023-09-11T06:59:03+00:00\",\"description\":\"La luz solar para jard\u00edn utiliza dispositivos de energ\u00eda reutilizables y m\u00f3dulos inteligentes de IA para cumplir con est\u00e1ndares m\u00e1s altos de eficiencia energ\u00e9tica y requisitos inteligentes. La soluci\u00f3n alimentada por energ\u00eda solar hace que esta luz sea verdaderamente inal\u00e1mbrica e inteligente.\",\"breadcrumb\":{\"@id\":\"https:\\\/\\\/www.zhgdled.com\\\/es\\\/led-solar-garden-post-top-lights.html#breadcrumb\"},\"inLanguage\":\"es\",\"potentialAction\":[{\"@type\":\"ReadAction\",\"target\":[\"https:\\\/\\\/www.zhgdled.com\\\/es\\\/led-solar-garden-post-top-lights.html\"]}]},{\"@type\":\"ImageObject\",\"inLanguage\":\"es\",\"@id\":\"https:\\\/\\\/www.zhgdled.com\\\/es\\\/led-solar-garden-post-top-lights.html#primaryimage\",\"url\":\"https:\\\/\\\/www.zhgdled.com\\\/wp-content\\\/uploads\\\/2023\\\/09\\\/Luna-series-solar-garden-light-1.png\",\"contentUrl\":\"https:\\\/\\\/www.zhgdled.com\\\/wp-content\\\/uploads\\\/2023\\\/09\\\/Luna-series-solar-garden-light-1.png\",\"width\":1500,\"height\":1500,\"caption\":\"Luna series solar garden light\"},{\"@type\":\"BreadcrumbList\",\"@id\":\"https:\\\/\\\/www.zhgdled.com\\\/es\\\/led-solar-garden-post-top-lights.html#breadcrumb\",\"itemListElement\":[{\"@type\":\"ListItem\",\"position\":1,\"name\":\"Home\",\"item\":\"https:\\\/\\\/www.zhgdled.com\\\/es\"},{\"@type\":\"ListItem\",\"position\":2,\"name\":\"PRODUCTS\",\"item\":\"https:\\\/\\\/www.zhgdled.com\\\/zhl-products.html\"},{\"@type\":\"ListItem\",\"position\":3,\"name\":\"Luces LED solares para poste de jard\u00edn\"}]},{\"@type\":\"WebSite\",\"@id\":\"https:\\\/\\\/www.zhgdled.com\\\/es\\\/#website\",\"url\":\"https:\\\/\\\/www.zhgdled.com\\\/es\\\/\",\"name\":\"Grupo de iluminaci\u00f3n ZHL\",\"description\":\"Top ranking industrial lighting manufacturer and exporter\",\"publisher\":{\"@id\":\"https:\\\/\\\/www.zhgdled.com\\\/es\\\/#organization\"},\"potentialAction\":[{\"@type\":\"SearchAction\",\"target\":{\"@type\":\"EntryPoint\",\"urlTemplate\":\"https:\\\/\\\/www.zhgdled.com\\\/es\\\/?s={search_term_string}\"},\"query-input\":{\"@type\":\"PropertyValueSpecification\",\"valueRequired\":true,\"valueName\":\"search_term_string\"}}],\"inLanguage\":\"es\"},{\"@type\":\"Organization\",\"@id\":\"https:\\\/\\\/www.zhgdled.com\\\/es\\\/#organization\",\"name\":\"ZHL Lighting Group\",\"url\":\"https:\\\/\\\/www.zhgdled.com\\\/es\\\/\",\"logo\":{\"@type\":\"ImageObject\",\"inLanguage\":\"es\",\"@id\":\"https:\\\/\\\/www.zhgdled.com\\\/es\\\/#\\\/schema\\\/logo\\\/image\\\/\",\"url\":\"\",\"contentUrl\":\"\",\"caption\":\"ZHL Lighting Group\"},\"image\":{\"@id\":\"https:\\\/\\\/www.zhgdled.com\\\/es\\\/#\\\/schema\\\/logo\\\/image\\\/\"},\"sameAs\":[\"https:\\\/\\\/www.facebook.com\\\/zhllightinggroup\",\"https:\\\/\\\/x.com\\\/zhl_lighting\"]}]}<\/script>\n<!-- \/ Yoast SEO plugin. -->","yoast_head_json":{"title":"Luces LED solares para poste de jard\u00edn &#8211; Grupo de iluminaci\u00f3n ZHL","description":"La luz solar para jard\u00edn utiliza dispositivos de energ\u00eda reutilizables y m\u00f3dulos inteligentes de IA para cumplir con est\u00e1ndares m\u00e1s altos de eficiencia energ\u00e9tica y requisitos inteligentes. La soluci\u00f3n alimentada por energ\u00eda solar hace que esta luz sea verdaderamente inal\u00e1mbrica e inteligente.","robots":{"index":"index","follow":"follow","max-snippet":"max-snippet:-1","max-image-preview":"max-image-preview:large","max-video-preview":"max-video-preview:-1"},"canonical":"https:\/\/www.zhgdled.com\/es\/led-solar-garden-post-top-lights.html","og_locale":"es_ES","og_type":"article","og_title":"Luces LED solares para poste de jard\u00edn &#8211; Grupo de iluminaci\u00f3n ZHL","og_description":"La luz solar para jard\u00edn utiliza dispositivos de energ\u00eda reutilizables y m\u00f3dulos inteligentes de IA para cumplir con est\u00e1ndares m\u00e1s altos de eficiencia energ\u00e9tica y requisitos inteligentes. La soluci\u00f3n alimentada por energ\u00eda solar hace que esta luz sea verdaderamente inal\u00e1mbrica e inteligente.","og_url":"https:\/\/www.zhgdled.com\/es\/led-solar-garden-post-top-lights.html","og_site_name":"Grupo de iluminaci\u00f3n ZHL","article_publisher":"https:\/\/www.facebook.com\/zhllightinggroup","article_modified_time":"2023-09-11T06:59:03+00:00","og_image":[{"width":1600,"height":1600,"url":"https:\/\/www.zhgdled.com\/wp-content\/uploads\/2023\/09\/04.png","type":"image\/png"}],"twitter_card":"summary_large_image","twitter_site":"@zhl_lighting","twitter_misc":{"Tiempo de lectura":"2 minutos"},"schema":{"@context":"https:\/\/schema.org","@graph":[{"@type":"WebPage","@id":"https:\/\/www.zhgdled.com\/es\/led-solar-garden-post-top-lights.html","url":"https:\/\/www.zhgdled.com\/es\/led-solar-garden-post-top-lights.html","name":"Luces LED solares para poste de jard\u00edn &#8211; Grupo de iluminaci\u00f3n ZHL","isPartOf":{"@id":"https:\/\/www.zhgdled.com\/es\/#website"},"primaryImageOfPage":{"@id":"https:\/\/www.zhgdled.com\/es\/led-solar-garden-post-top-lights.html#primaryimage"},"image":{"@id":"https:\/\/www.zhgdled.com\/es\/led-solar-garden-post-top-lights.html#primaryimage"},"thumbnailUrl":"https:\/\/www.zhgdled.com\/wp-content\/uploads\/2023\/09\/Luna-series-solar-garden-light-1.png","datePublished":"2023-09-05T06:03:04+00:00","dateModified":"2023-09-11T06:59:03+00:00","description":"La luz solar para jard\u00edn utiliza dispositivos de energ\u00eda reutilizables y m\u00f3dulos inteligentes de IA para cumplir con est\u00e1ndares m\u00e1s altos de eficiencia energ\u00e9tica y requisitos inteligentes. La soluci\u00f3n alimentada por energ\u00eda solar hace que esta luz sea verdaderamente inal\u00e1mbrica e inteligente.","breadcrumb":{"@id":"https:\/\/www.zhgdled.com\/es\/led-solar-garden-post-top-lights.html#breadcrumb"},"inLanguage":"es","potentialAction":[{"@type":"ReadAction","target":["https:\/\/www.zhgdled.com\/es\/led-solar-garden-post-top-lights.html"]}]},{"@type":"ImageObject","inLanguage":"es","@id":"https:\/\/www.zhgdled.com\/es\/led-solar-garden-post-top-lights.html#primaryimage","url":"https:\/\/www.zhgdled.com\/wp-content\/uploads\/2023\/09\/Luna-series-solar-garden-light-1.png","contentUrl":"https:\/\/www.zhgdled.com\/wp-content\/uploads\/2023\/09\/Luna-series-solar-garden-light-1.png","width":1500,"height":1500,"caption":"Luna series solar garden light"},{"@type":"BreadcrumbList","@id":"https:\/\/www.zhgdled.com\/es\/led-solar-garden-post-top-lights.html#breadcrumb","itemListElement":[{"@type":"ListItem","position":1,"name":"Home","item":"https:\/\/www.zhgdled.com\/es"},{"@type":"ListItem","position":2,"name":"PRODUCTS","item":"https:\/\/www.zhgdled.com\/zhl-products.html"},{"@type":"ListItem","position":3,"name":"Luces LED solares para poste de jard\u00edn"}]},{"@type":"WebSite","@id":"https:\/\/www.zhgdled.com\/es\/#website","url":"https:\/\/www.zhgdled.com\/es\/","name":"Grupo de iluminaci\u00f3n ZHL","description":"Top ranking industrial lighting manufacturer and exporter","publisher":{"@id":"https:\/\/www.zhgdled.com\/es\/#organization"},"potentialAction":[{"@type":"SearchAction","target":{"@type":"EntryPoint","urlTemplate":"https:\/\/www.zhgdled.com\/es\/?s={search_term_string}"},"query-input":{"@type":"PropertyValueSpecification","valueRequired":true,"valueName":"search_term_string"}}],"inLanguage":"es"},{"@type":"Organization","@id":"https:\/\/www.zhgdled.com\/es\/#organization","name":"ZHL Lighting Group","url":"https:\/\/www.zhgdled.com\/es\/","logo":{"@type":"ImageObject","inLanguage":"es","@id":"https:\/\/www.zhgdled.com\/es\/#\/schema\/logo\/image\/","url":"","contentUrl":"","caption":"ZHL Lighting Group"},"image":{"@id":"https:\/\/www.zhgdled.com\/es\/#\/schema\/logo\/image\/"},"sameAs":["https:\/\/www.facebook.com\/zhllightinggroup","https:\/\/x.com\/zhl_lighting"]}]}},"_links":{"self":[{"href":"https:\/\/www.zhgdled.com\/es\/wp-json\/wp\/v2\/product\/22630","targetHints":{"allow":["GET"]}}],"collection":[{"href":"https:\/\/www.zhgdled.com\/es\/wp-json\/wp\/v2\/product"}],"about":[{"href":"https:\/\/www.zhgdled.com\/es\/wp-json\/wp\/v2\/types\/product"}],"wp:featuredmedia":[{"embeddable":true,"href":"https:\/\/www.zhgdled.com\/es\/wp-json\/wp\/v2\/media\/23927"}],"wp:attachment":[{"href":"https:\/\/www.zhgdled.com\/es\/wp-json\/wp\/v2\/media?parent=22630"}],"wp:term":[{"taxonomy":"product_brand","embeddable":true,"href":"https:\/\/www.zhgdled.com\/es\/wp-json\/wp\/v2\/product_brand?post=22630"},{"taxonomy":"product_cat","embeddable":true,"href":"https:\/\/www.zhgdled.com\/es\/wp-json\/wp\/v2\/product_cat?post=22630"},{"taxonomy":"product_tag","embeddable":true,"href":"https:\/\/www.zhgdled.com\/es\/wp-json\/wp\/v2\/product_tag?post=22630"}],"curies":[{"name":"wp","href":"https:\/\/api.w.org\/{rel}","templated":true}]}}