{"id":23114,"date":"2023-11-03T10:18:23","date_gmt":"2023-11-03T02:18:23","guid":{"rendered":"https:\/\/www.zhgdled.com\/product\/hi-power-series-320w-960w-stadium-floodlight"},"modified":"2023-11-04T09:04:49","modified_gmt":"2023-11-04T01:04:49","slug":"hi-power-series-320w-960w-stadium-floodlight","status":"publish","type":"product","link":"https:\/\/www.zhgdled.com\/es\/hi-power-series-320w-960w-stadium-floodlight.html","title":{"rendered":"Proyector para estadio HI-POWER serie 600W-1400W"},"content":{"rendered":"<h2><span style=\"color: #ff6600;\">L\u00c1MPARA PROFESIONAL DE GRAN ESCALA DISE\u00d1ADA PARA ESTADIOS Y PLAZAS<\/span><\/h2>\n<p>Dise\u00f1ado para lugares profesionales a gran escala, este reflector para estadios de la serie Hi-Power emite hasta 210 000 l\u00famenes de iluminaci\u00f3n de luz diurna simulada.<\/p>\n<p>Este reflector para estadios de la serie HI-POWER es aplicable a los requisitos de aplicaci\u00f3n de iluminaci\u00f3n de instalaciones deportivas interiores o exteriores. Probado para ubicaciones de instalaci\u00f3n de m\u00e1s de 150 m de altura con \u00e1ngulos de 40\u00b0 a 120\u00b0, tipo II-M, tipo II-L, se puede seleccionar una variedad de distribuci\u00f3n de luz y \u00e1ngulos, lo que brinda una gran comodidad para las aplicaciones de iluminaci\u00f3n.<\/p>\n<p>El nuevo reflector para estadios de la serie HI-POWER es compatible con DAL, 1-10V, DMX512 y otros sistemas de control para lograr los requisitos de control de iluminaci\u00f3n funcional, iluminaci\u00f3n de entretenimiento o iluminaci\u00f3n auxiliar. El soporte de dise\u00f1o especial puede remitir diferentes \u00e1ngulos de iluminaci\u00f3n seg\u00fan sus necesidades.<\/p>\n<p>Adopta un cuerpo de l\u00e1mpara de fundici\u00f3n a presi\u00f3n de aleaci\u00f3n de aluminio, que es duradero y de rendimiento estable.<\/p>\n<p>Este reflector para estadios de la serie HI-POWER es confiable y de calidad estable, tiene una garant\u00eda de 5 a\u00f1os y una vida \u00fatil de 50000 horas.<\/p>\n<p>Cumpla con los requisitos de iluminaci\u00f3n del est\u00e1ndar de luz ambiental de TV HD.<\/p>\n<h2><img decoding=\"async\" class=\"alignnone size-full wp-image-22913\" src=\"https:\/\/www.zhgdled.com\/wp-content\/uploads\/2023\/05\/Hi-power-series-311.png\" alt=\"\" width=\"1209\" height=\"806\" srcset=\"https:\/\/www.zhgdled.com\/wp-content\/uploads\/2023\/05\/Hi-power-series-311.png 1209w, https:\/\/www.zhgdled.com\/wp-content\/uploads\/2023\/05\/Hi-power-series-311-300x200.png 300w, https:\/\/www.zhgdled.com\/wp-content\/uploads\/2023\/05\/Hi-power-series-311-1024x683.png 1024w, https:\/\/www.zhgdled.com\/wp-content\/uploads\/2023\/05\/Hi-power-series-311-768x512.png 768w, https:\/\/www.zhgdled.com\/wp-content\/uploads\/2023\/05\/Hi-power-series-311-600x400.png 600w, https:\/\/www.zhgdled.com\/wp-content\/uploads\/2023\/05\/Hi-power-series-311-150x100.png 150w\" sizes=\"(max-width: 1209px) 100vw, 1209px\" \/><\/h2>\n<h2><span style=\"color: #ff6600;\">ESPECIFICACI\u00d3N<\/span><\/h2>\n<p>&nbsp;<\/p>\n<table width=\"1021\">\n<tbody>\n<tr>\n<td width=\"72\">POWER<\/td>\n<td width=\"72\">CCT<\/td>\n<td width=\"59\">CRI<\/td>\n<td width=\"119\">Efficiency (lm\/w)<\/td>\n<td width=\"127\">Luminous Flux (lm)<\/td>\n<td width=\"183\">Beam Angle<\/td>\n<td width=\"72\">IP\/IK<\/td>\n<td width=\"129\">Ambient temperature<\/td>\n<td width=\"89\">Life Span<\/td>\n<td width=\"99\">LED<\/td>\n<\/tr>\n<tr>\n<td>600W<\/td>\n<td>3000K-6000K<\/td>\n<td>Ra80<\/td>\n<td>150lm\/w<\/td>\n<td>90000<\/td>\n<td rowspan=\"6\" width=\"183\">Symmetrical light distribution: 20\u00b0\/30\u00b0\/60\u00b0\/90\u00b0\/120\u00b0\u00a0\u00a0\u00a0\u00a0\u00a0\u00a0\u00a0 Asymmetrical light distribution: 40*90 bias 30, 60*120 bias 50, type II-M, Type II-L<\/td>\n<td>IP66\/IK08<\/td>\n<td>-20\u2103-50\u2103<\/td>\n<td rowspan=\"6\" width=\"89\">100,000h\u00a0\u00a0\u00a0\u00a0\u00a0 L70N50\u00a0\u00a0\u00a0\u00a0\u00a0\u00a0\u00a0\u00a0\u00a0\u00a0\u00a0\u00a0\u00a0 5 Years<\/td>\n<td>SMD2835\/3030<\/td>\n<\/tr>\n<tr>\n<td>700W<\/td>\n<td>3000K-6000K<\/td>\n<td>Ra80<\/td>\n<td>150lm\/w<\/td>\n<td>105000<\/td>\n<td>IP66\/IK08<\/td>\n<td>-20\u2103-50\u2103<\/td>\n<td>SMD2835\/3030<\/td>\n<\/tr>\n<tr>\n<td>1200W<\/td>\n<td>3000K-6000K<\/td>\n<td>Ra80<\/td>\n<td>150lm\/w<\/td>\n<td>180000<\/td>\n<td>IP66\/IK08<\/td>\n<td>-20\u2103-50\u2103<\/td>\n<td>SMD2835\/3030<\/td>\n<\/tr>\n<tr>\n<td>1400W<\/td>\n<td>3000K-6000K<\/td>\n<td>Ra80<\/td>\n<td>150lm\/w<\/td>\n<td>210000<\/td>\n<td>IP66\/IK08<\/td>\n<td>-20\u2103-50\u2103<\/td>\n<td>SMD2835\/3030<\/td>\n<\/tr>\n<\/tbody>\n<\/table>\n","protected":false},"excerpt":{"rendered":"<p>Dise\u00f1ada para lugares profesionales a gran escala, esta serie Hi-Power emite hasta 210.000 l\u00famenes de iluminaci\u00f3n de luz diurna simulada.<\/p>\n<p>Este reflector para estadios de la serie HI-POWER es aplicable a los requisitos de aplicaci\u00f3n de iluminaci\u00f3n de instalaciones deportivas interiores o exteriores. Probado para ubicaciones de instalaci\u00f3n de m\u00e1s de 150 m de altura con \u00e1ngulos de 40\u00b0 a 120\u00b0, tipo II-M, tipo II-L, se puede seleccionar una variedad de distribuci\u00f3n de luz y \u00e1ngulos, lo que brinda una gran comodidad para las aplicaciones de iluminaci\u00f3n.<\/p>\n<p>El nuevo reflector para estadios de la serie HI-POWER es compatible con DAL, 1-10V, DMX512 y otros sistemas de control para lograr los requisitos de control de iluminaci\u00f3n funcional, iluminaci\u00f3n de entretenimiento o iluminaci\u00f3n auxiliar. El soporte de dise\u00f1o especial puede remitir diferentes \u00e1ngulos de iluminaci\u00f3n seg\u00fan sus necesidades.<\/p>\n","protected":false},"featured_media":22932,"template":"","meta":[],"product_brand":[],"product_cat":[611],"product_tag":[],"class_list":{"0":"post-23114","1":"product","2":"type-product","3":"status-publish","4":"has-post-thumbnail","6":"product_cat-led-flood-light-es","8":"first","9":"instock","10":"shipping-taxable","11":"product-type-simple"},"yoast_head":"<!-- This site is optimized with the Yoast SEO plugin v27.4 - https:\/\/yoast.com\/product\/yoast-seo-wordpress\/ -->\n<title>Proyector para estadio HI-POWER serie 600W-1400W &#8211; Grupo de iluminaci\u00f3n ZHL<\/title>\n<meta name=\"description\" content=\"Este reflector para estadios de la serie HI-POWER es aplicable a los requisitos de aplicaci\u00f3n de iluminaci\u00f3n de instalaciones deportivas interiores o exteriores.\" \/>\n<meta name=\"robots\" content=\"index, follow, max-snippet:-1, max-image-preview:large, max-video-preview:-1\" \/>\n<link rel=\"canonical\" href=\"https:\/\/www.zhgdled.com\/es\/hi-power-series-320w-960w-stadium-floodlight.html\" \/>\n<meta property=\"og:locale\" content=\"es_ES\" \/>\n<meta property=\"og:type\" content=\"article\" \/>\n<meta property=\"og:title\" content=\"Proyector para estadio HI-POWER serie 600W-1400W &#8211; Grupo de iluminaci\u00f3n ZHL\" \/>\n<meta property=\"og:description\" content=\"Este reflector para estadios de la serie HI-POWER es aplicable a los requisitos de aplicaci\u00f3n de iluminaci\u00f3n de instalaciones deportivas interiores o exteriores.\" \/>\n<meta property=\"og:url\" content=\"https:\/\/www.zhgdled.com\/es\/hi-power-series-320w-960w-stadium-floodlight.html\" \/>\n<meta property=\"og:site_name\" content=\"Grupo de iluminaci\u00f3n ZHL\" \/>\n<meta property=\"article:publisher\" content=\"https:\/\/www.facebook.com\/zhllightinggroup\" \/>\n<meta property=\"article:modified_time\" content=\"2023-11-04T01:04:49+00:00\" \/>\n<meta property=\"og:image\" content=\"https:\/\/www.zhgdled.com\/wp-content\/uploads\/2023\/05\/Hi-Power-Series-Stadium-Floodlight.jpg\" \/>\n\t<meta property=\"og:image:width\" content=\"1600\" \/>\n\t<meta property=\"og:image:height\" content=\"1600\" \/>\n\t<meta property=\"og:image:type\" content=\"image\/jpeg\" \/>\n<meta name=\"twitter:card\" content=\"summary_large_image\" \/>\n<meta name=\"twitter:site\" content=\"@zhl_lighting\" \/>\n<meta name=\"twitter:label1\" content=\"Tiempo de lectura\" \/>\n\t<meta name=\"twitter:data1\" content=\"2 minutos\" \/>\n<script type=\"application\/ld+json\" class=\"yoast-schema-graph\">{\"@context\":\"https:\\\/\\\/schema.org\",\"@graph\":[{\"@type\":\"WebPage\",\"@id\":\"https:\\\/\\\/www.zhgdled.com\\\/es\\\/hi-power-series-320w-960w-stadium-floodlight.html\",\"url\":\"https:\\\/\\\/www.zhgdled.com\\\/es\\\/hi-power-series-320w-960w-stadium-floodlight.html\",\"name\":\"Proyector para estadio HI-POWER serie 600W-1400W &#8211; Grupo de iluminaci\u00f3n ZHL\",\"isPartOf\":{\"@id\":\"https:\\\/\\\/www.zhgdled.com\\\/es\\\/#website\"},\"primaryImageOfPage\":{\"@id\":\"https:\\\/\\\/www.zhgdled.com\\\/es\\\/hi-power-series-320w-960w-stadium-floodlight.html#primaryimage\"},\"image\":{\"@id\":\"https:\\\/\\\/www.zhgdled.com\\\/es\\\/hi-power-series-320w-960w-stadium-floodlight.html#primaryimage\"},\"thumbnailUrl\":\"https:\\\/\\\/www.zhgdled.com\\\/wp-content\\\/uploads\\\/2023\\\/05\\\/Hi-Power-Series-Stadium-Floodlight.jpg\",\"datePublished\":\"2023-11-03T02:18:23+00:00\",\"dateModified\":\"2023-11-04T01:04:49+00:00\",\"description\":\"Este reflector para estadios de la serie HI-POWER es aplicable a los requisitos de aplicaci\u00f3n de iluminaci\u00f3n de instalaciones deportivas interiores o exteriores.\",\"breadcrumb\":{\"@id\":\"https:\\\/\\\/www.zhgdled.com\\\/es\\\/hi-power-series-320w-960w-stadium-floodlight.html#breadcrumb\"},\"inLanguage\":\"es\",\"potentialAction\":[{\"@type\":\"ReadAction\",\"target\":[\"https:\\\/\\\/www.zhgdled.com\\\/es\\\/hi-power-series-320w-960w-stadium-floodlight.html\"]}]},{\"@type\":\"ImageObject\",\"inLanguage\":\"es\",\"@id\":\"https:\\\/\\\/www.zhgdled.com\\\/es\\\/hi-power-series-320w-960w-stadium-floodlight.html#primaryimage\",\"url\":\"https:\\\/\\\/www.zhgdled.com\\\/wp-content\\\/uploads\\\/2023\\\/05\\\/Hi-Power-Series-Stadium-Floodlight.jpg\",\"contentUrl\":\"https:\\\/\\\/www.zhgdled.com\\\/wp-content\\\/uploads\\\/2023\\\/05\\\/Hi-Power-Series-Stadium-Floodlight.jpg\",\"width\":1600,\"height\":1600,\"caption\":\"reflector del estadio\"},{\"@type\":\"BreadcrumbList\",\"@id\":\"https:\\\/\\\/www.zhgdled.com\\\/es\\\/hi-power-series-320w-960w-stadium-floodlight.html#breadcrumb\",\"itemListElement\":[{\"@type\":\"ListItem\",\"position\":1,\"name\":\"Home\",\"item\":\"https:\\\/\\\/www.zhgdled.com\\\/es\"},{\"@type\":\"ListItem\",\"position\":2,\"name\":\"PRODUCTS\",\"item\":\"https:\\\/\\\/www.zhgdled.com\\\/zhl-products.html\"},{\"@type\":\"ListItem\",\"position\":3,\"name\":\"Proyector para estadio HI-POWER serie 600W-1400W\"}]},{\"@type\":\"WebSite\",\"@id\":\"https:\\\/\\\/www.zhgdled.com\\\/es\\\/#website\",\"url\":\"https:\\\/\\\/www.zhgdled.com\\\/es\\\/\",\"name\":\"Grupo de iluminaci\u00f3n ZHL\",\"description\":\"Top ranking industrial lighting manufacturer and exporter\",\"publisher\":{\"@id\":\"https:\\\/\\\/www.zhgdled.com\\\/es\\\/#organization\"},\"potentialAction\":[{\"@type\":\"SearchAction\",\"target\":{\"@type\":\"EntryPoint\",\"urlTemplate\":\"https:\\\/\\\/www.zhgdled.com\\\/es\\\/?s={search_term_string}\"},\"query-input\":{\"@type\":\"PropertyValueSpecification\",\"valueRequired\":true,\"valueName\":\"search_term_string\"}}],\"inLanguage\":\"es\"},{\"@type\":\"Organization\",\"@id\":\"https:\\\/\\\/www.zhgdled.com\\\/es\\\/#organization\",\"name\":\"ZHL Lighting Group\",\"url\":\"https:\\\/\\\/www.zhgdled.com\\\/es\\\/\",\"logo\":{\"@type\":\"ImageObject\",\"inLanguage\":\"es\",\"@id\":\"https:\\\/\\\/www.zhgdled.com\\\/es\\\/#\\\/schema\\\/logo\\\/image\\\/\",\"url\":\"\",\"contentUrl\":\"\",\"caption\":\"ZHL Lighting Group\"},\"image\":{\"@id\":\"https:\\\/\\\/www.zhgdled.com\\\/es\\\/#\\\/schema\\\/logo\\\/image\\\/\"},\"sameAs\":[\"https:\\\/\\\/www.facebook.com\\\/zhllightinggroup\",\"https:\\\/\\\/x.com\\\/zhl_lighting\"]}]}<\/script>\n<!-- \/ Yoast SEO plugin. -->","yoast_head_json":{"title":"Proyector para estadio HI-POWER serie 600W-1400W &#8211; Grupo de iluminaci\u00f3n ZHL","description":"Este reflector para estadios de la serie HI-POWER es aplicable a los requisitos de aplicaci\u00f3n de iluminaci\u00f3n de instalaciones deportivas interiores o exteriores.","robots":{"index":"index","follow":"follow","max-snippet":"max-snippet:-1","max-image-preview":"max-image-preview:large","max-video-preview":"max-video-preview:-1"},"canonical":"https:\/\/www.zhgdled.com\/es\/hi-power-series-320w-960w-stadium-floodlight.html","og_locale":"es_ES","og_type":"article","og_title":"Proyector para estadio HI-POWER serie 600W-1400W &#8211; Grupo de iluminaci\u00f3n ZHL","og_description":"Este reflector para estadios de la serie HI-POWER es aplicable a los requisitos de aplicaci\u00f3n de iluminaci\u00f3n de instalaciones deportivas interiores o exteriores.","og_url":"https:\/\/www.zhgdled.com\/es\/hi-power-series-320w-960w-stadium-floodlight.html","og_site_name":"Grupo de iluminaci\u00f3n ZHL","article_publisher":"https:\/\/www.facebook.com\/zhllightinggroup","article_modified_time":"2023-11-04T01:04:49+00:00","og_image":[{"width":1600,"height":1600,"url":"https:\/\/www.zhgdled.com\/wp-content\/uploads\/2023\/05\/Hi-Power-Series-Stadium-Floodlight.jpg","type":"image\/jpeg"}],"twitter_card":"summary_large_image","twitter_site":"@zhl_lighting","twitter_misc":{"Tiempo de lectura":"2 minutos"},"schema":{"@context":"https:\/\/schema.org","@graph":[{"@type":"WebPage","@id":"https:\/\/www.zhgdled.com\/es\/hi-power-series-320w-960w-stadium-floodlight.html","url":"https:\/\/www.zhgdled.com\/es\/hi-power-series-320w-960w-stadium-floodlight.html","name":"Proyector para estadio HI-POWER serie 600W-1400W &#8211; Grupo de iluminaci\u00f3n ZHL","isPartOf":{"@id":"https:\/\/www.zhgdled.com\/es\/#website"},"primaryImageOfPage":{"@id":"https:\/\/www.zhgdled.com\/es\/hi-power-series-320w-960w-stadium-floodlight.html#primaryimage"},"image":{"@id":"https:\/\/www.zhgdled.com\/es\/hi-power-series-320w-960w-stadium-floodlight.html#primaryimage"},"thumbnailUrl":"https:\/\/www.zhgdled.com\/wp-content\/uploads\/2023\/05\/Hi-Power-Series-Stadium-Floodlight.jpg","datePublished":"2023-11-03T02:18:23+00:00","dateModified":"2023-11-04T01:04:49+00:00","description":"Este reflector para estadios de la serie HI-POWER es aplicable a los requisitos de aplicaci\u00f3n de iluminaci\u00f3n de instalaciones deportivas interiores o exteriores.","breadcrumb":{"@id":"https:\/\/www.zhgdled.com\/es\/hi-power-series-320w-960w-stadium-floodlight.html#breadcrumb"},"inLanguage":"es","potentialAction":[{"@type":"ReadAction","target":["https:\/\/www.zhgdled.com\/es\/hi-power-series-320w-960w-stadium-floodlight.html"]}]},{"@type":"ImageObject","inLanguage":"es","@id":"https:\/\/www.zhgdled.com\/es\/hi-power-series-320w-960w-stadium-floodlight.html#primaryimage","url":"https:\/\/www.zhgdled.com\/wp-content\/uploads\/2023\/05\/Hi-Power-Series-Stadium-Floodlight.jpg","contentUrl":"https:\/\/www.zhgdled.com\/wp-content\/uploads\/2023\/05\/Hi-Power-Series-Stadium-Floodlight.jpg","width":1600,"height":1600,"caption":"reflector del estadio"},{"@type":"BreadcrumbList","@id":"https:\/\/www.zhgdled.com\/es\/hi-power-series-320w-960w-stadium-floodlight.html#breadcrumb","itemListElement":[{"@type":"ListItem","position":1,"name":"Home","item":"https:\/\/www.zhgdled.com\/es"},{"@type":"ListItem","position":2,"name":"PRODUCTS","item":"https:\/\/www.zhgdled.com\/zhl-products.html"},{"@type":"ListItem","position":3,"name":"Proyector para estadio HI-POWER serie 600W-1400W"}]},{"@type":"WebSite","@id":"https:\/\/www.zhgdled.com\/es\/#website","url":"https:\/\/www.zhgdled.com\/es\/","name":"Grupo de iluminaci\u00f3n ZHL","description":"Top ranking industrial lighting manufacturer and exporter","publisher":{"@id":"https:\/\/www.zhgdled.com\/es\/#organization"},"potentialAction":[{"@type":"SearchAction","target":{"@type":"EntryPoint","urlTemplate":"https:\/\/www.zhgdled.com\/es\/?s={search_term_string}"},"query-input":{"@type":"PropertyValueSpecification","valueRequired":true,"valueName":"search_term_string"}}],"inLanguage":"es"},{"@type":"Organization","@id":"https:\/\/www.zhgdled.com\/es\/#organization","name":"ZHL Lighting Group","url":"https:\/\/www.zhgdled.com\/es\/","logo":{"@type":"ImageObject","inLanguage":"es","@id":"https:\/\/www.zhgdled.com\/es\/#\/schema\/logo\/image\/","url":"","contentUrl":"","caption":"ZHL Lighting Group"},"image":{"@id":"https:\/\/www.zhgdled.com\/es\/#\/schema\/logo\/image\/"},"sameAs":["https:\/\/www.facebook.com\/zhllightinggroup","https:\/\/x.com\/zhl_lighting"]}]}},"_links":{"self":[{"href":"https:\/\/www.zhgdled.com\/es\/wp-json\/wp\/v2\/product\/23114","targetHints":{"allow":["GET"]}}],"collection":[{"href":"https:\/\/www.zhgdled.com\/es\/wp-json\/wp\/v2\/product"}],"about":[{"href":"https:\/\/www.zhgdled.com\/es\/wp-json\/wp\/v2\/types\/product"}],"wp:featuredmedia":[{"embeddable":true,"href":"https:\/\/www.zhgdled.com\/es\/wp-json\/wp\/v2\/media\/22932"}],"wp:attachment":[{"href":"https:\/\/www.zhgdled.com\/es\/wp-json\/wp\/v2\/media?parent=23114"}],"wp:term":[{"taxonomy":"product_brand","embeddable":true,"href":"https:\/\/www.zhgdled.com\/es\/wp-json\/wp\/v2\/product_brand?post=23114"},{"taxonomy":"product_cat","embeddable":true,"href":"https:\/\/www.zhgdled.com\/es\/wp-json\/wp\/v2\/product_cat?post=23114"},{"taxonomy":"product_tag","embeddable":true,"href":"https:\/\/www.zhgdled.com\/es\/wp-json\/wp\/v2\/product_tag?post=23114"}],"curies":[{"name":"wp","href":"https:\/\/api.w.org\/{rel}","templated":true}]}}