{"id":5267,"date":"2023-04-26T19:58:11","date_gmt":"2024-01-02T11:58:11","guid":{"rendered":"https:\/\/www.zhgdled.com\/?post_type=product&#038;p=5267"},"modified":"2024-01-04T08:57:39","modified_gmt":"2024-01-04T00:57:39","slug":"test-55","status":"publish","type":"product","link":"https:\/\/www.zhgdled.com\/es\/proyector-led-de-la-serie-wise-de-10w-300w.html","title":{"rendered":"Proyector LED de La Serie Wise de 10W-300W"},"content":{"rendered":"<h2>LUMINARIA TOTALMENTE FUNCIONAL PARA TODO CLIMA PARA RESIDENCIAL E INDUSTRIAL<\/h2>\n<p>La serie WISE de reflectores LED es un nuevo tipo de equipo de iluminaci\u00f3n industrial LED lanzado por ZHL. Los usuarios pueden elegir un rango de potencia de 10W a 300W y un rango de temperatura de color de 3000K a 6500K para adaptarse a diferentes escenarios. El excelente dise\u00f1o a prueba de agua y polvo permite que la l\u00e1mpara proporcione de manera suave y continua condiciones de luz de alta calidad en ambientes hostiles.<\/p>\n<p>El reflector LED de la serie Wise cuenta con una nervadura de rediaci\u00f3n convectiva para realizar una mejor disipaci\u00f3n del calor.<br \/>\nCRI&gt;80, esta es una fuente de luz mejor y m\u00e1s natural para el lugar de trabajo y al mismo tiempo ahorra m\u00e1s energ\u00eda (PF&gt;0,95)<br \/>\nLos ingenieros reservan una caja de terminales de bricolaje en la parte posterior que permite a los usuarios agregar controladores o sensores a la l\u00e1mpara.<\/p>\n<p>&nbsp;<\/p>\n<h2>SPECIFICATION<\/h2>\n<blockquote><p><img decoding=\"async\" class=\"alignnone wp-image-17482\" src=\"https:\/\/www.zhgdled.com\/wp-content\/uploads\/2022\/07\/zhl_download-logo.png\" sizes=\"(max-width: 24px) 100vw, 24px\" srcset=\"https:\/\/www.zhgdled.com\/wp-content\/uploads\/2022\/07\/zhl_download-logo.png 368w, https:\/\/www.zhgdled.com\/wp-content\/uploads\/2022\/07\/zhl_download-logo-300x300.png 300w, https:\/\/www.zhgdled.com\/wp-content\/uploads\/2022\/07\/zhl_download-logo-150x150.png 150w\" alt=\"\" width=\"24\" height=\"24\" \/><a href=\"https:\/\/www.zhgdled.com\/download\/download-catalog-of-wise-series-led-flood-light\">Download Specs<\/a><\/p><\/blockquote>\n<table border=\"0\" width=\"649\" cellspacing=\"0\" cellpadding=\"0\">\n<tbody>\n<tr>\n<td class=\"et2\" width=\"186\" height=\"40\"><\/td>\n<td width=\"463\"><\/td>\n<\/tr>\n<tr>\n<td class=\"et3\" height=\"34\">Power<\/td>\n<td class=\"et3\">10W 20W 30W 50W 100W 150W 200W 300W<\/td>\n<\/tr>\n<tr>\n<td class=\"et3\" height=\"36\">LED<\/td>\n<td class=\"et3\">SMD 2835<\/td>\n<\/tr>\n<tr>\n<td class=\"et3\" height=\"38\">Color Temperature(CCT)<\/td>\n<td class=\"et3\">2700-6500K<\/td>\n<\/tr>\n<tr>\n<td class=\"et3\" height=\"33\">Luminous Efficiency(lm\/w)<\/td>\n<td class=\"et3\">90lm\/w<\/td>\n<\/tr>\n<tr>\n<td class=\"et3\" height=\"36\">Input Voltage(V)<\/td>\n<td class=\"et3\">AC220-240V<\/td>\n<\/tr>\n<tr>\n<td class=\"et3\" height=\"36\">PF<\/td>\n<td class=\"et3\">&gt;0.95.<\/td>\n<\/tr>\n<tr>\n<td class=\"et3\" height=\"32\">CRI (Ra&gt;)<\/td>\n<td class=\"et4\">80<\/td>\n<\/tr>\n<tr>\n<td class=\"et3\" height=\"32\">Beam Angle(\u00b0)<\/td>\n<td class=\"et4\">120<\/td>\n<\/tr>\n<tr>\n<td class=\"et3\" height=\"32\">IP Grade<\/td>\n<td class=\"et4\">IP65<\/td>\n<\/tr>\n<tr>\n<td class=\"et3\" height=\"30\">Material<\/td>\n<td class=\"et4\">Aluminum Body + Tempered Glass Cover<\/td>\n<\/tr>\n<tr>\n<td class=\"et3\" height=\"28\"><span class=\"font3\">Working Temperature(<\/span><span class=\"font0\">\u2103<\/span><span class=\"font3\">)<\/span><\/td>\n<td class=\"et4\">-20-50<\/td>\n<\/tr>\n<tr>\n<td class=\"et3\" height=\"32\">Warranty(Year)<\/td>\n<td class=\"et4\">2 Years<\/td>\n<\/tr>\n<tr>\n<td class=\"et3\" height=\"26\">Certification<\/td>\n<td class=\"et3\">CE,ERP, RoHS<\/td>\n<\/tr>\n<tr>\n<td class=\"et3\" height=\"32\">Driver<\/td>\n<td class=\"et3\">DOB<\/td>\n<\/tr>\n<\/tbody>\n<\/table>\n","protected":false},"excerpt":{"rendered":"<p>La serie WISE de reflectores LED es un nuevo tipo de equipo de iluminaci\u00f3n industrial LED lanzado por ZHL. Los usuarios pueden elegir un rango de potencia de 10W a 300W y un rango de temperatura de color de 3000K a 6500K para adaptarse a diferentes escenarios. El excelente dise\u00f1o a prueba de agua y polvo permite que la l\u00e1mpara proporcione de manera suave y continua condiciones de luz de alta calidad en ambientes hostiles.<\/p>\n<table border=\"0\" width=\"649\" cellspacing=\"0\" cellpadding=\"0\">\n<tbody>\n<tr>\n<td class=\"et3\" height=\"34\">Potencia<\/td>\n<td class=\"et3\">10W 20W 30W 50W 100W 150W 200W 300W<\/td>\n<\/tr>\n<tr>\n<td class=\"et3\" height=\"36\">LED<\/td>\n<td class=\"et3\">SMD 2835<\/td>\n<\/tr>\n<tr>\n<td class=\"et3\" height=\"38\">Temperatura de color (CCT)<\/td>\n<td class=\"et3\">2700-6500K<\/td>\n<\/tr>\n<tr>\n<td class=\"et3\" height=\"33\">Eficiencia luminosa (lm\/w)<\/td>\n<td class=\"et3\">90lm\/w<\/td>\n<\/tr>\n<tr>\n<td class=\"et3\" height=\"36\">Voltaje de entrada (V)<\/td>\n<td class=\"et3\">AC220-240V<\/td>\n<\/tr>\n<tr>\n<td class=\"et3\" height=\"36\">PF<\/td>\n<td class=\"et3\">&gt;0.95.<\/td>\n<\/tr>\n<tr>\n<td class=\"et3\" height=\"32\">CRI (Ra&gt;)<\/td>\n<td class=\"et4\">80<\/td>\n<\/tr>\n<tr>\n<td class=\"et3\" height=\"32\">\u00c1ngulo de haz (\u00b0)<\/td>\n<td class=\"et4\">60, 90, 120<\/td>\n<\/tr>\n<tr>\n<td class=\"et3\" height=\"32\">Grado IP<\/td>\n<td class=\"et4\">IP65<\/td>\n<\/tr>\n<tr>\n<td class=\"et3\" height=\"30\">Material<\/td>\n<td class=\"et4\">Cuerpo de aluminio + cubierta de vidrio templado<\/td>\n<\/tr>\n<\/tbody>\n<\/table>\n","protected":false},"featured_media":22198,"template":"","meta":[],"product_brand":[],"product_cat":[611],"product_tag":[],"class_list":{"0":"post-5267","1":"product","2":"type-product","3":"status-publish","4":"has-post-thumbnail","6":"product_cat-led-flood-light-es","8":"first","9":"instock","10":"shipping-taxable","11":"product-type-simple"},"yoast_head":"<!-- This site is optimized with the Yoast SEO plugin v27.4 - https:\/\/yoast.com\/product\/yoast-seo-wordpress\/ -->\n<title>Proyector LED de La Serie Wise de 10W-300W &#8211; Grupo de iluminaci\u00f3n ZHL<\/title>\n<meta name=\"description\" content=\"La serie WISE de reflectores LED es un nuevo tipo de equipo de iluminaci\u00f3n industrial LED lanzado por ZHL.\" \/>\n<meta name=\"robots\" content=\"index, follow, max-snippet:-1, max-image-preview:large, max-video-preview:-1\" \/>\n<link rel=\"canonical\" href=\"https:\/\/www.zhgdled.com\/es\/proyector-led-de-la-serie-wise-de-10w-300w.html\" \/>\n<meta property=\"og:locale\" content=\"es_ES\" \/>\n<meta property=\"og:type\" content=\"article\" \/>\n<meta property=\"og:title\" content=\"Proyector LED de La Serie Wise de 10W-300W &#8211; Grupo de iluminaci\u00f3n ZHL\" \/>\n<meta property=\"og:description\" content=\"La serie WISE de reflectores LED es un nuevo tipo de equipo de iluminaci\u00f3n industrial LED lanzado por ZHL.\" \/>\n<meta property=\"og:url\" content=\"https:\/\/www.zhgdled.com\/es\/proyector-led-de-la-serie-wise-de-10w-300w.html\" \/>\n<meta property=\"og:site_name\" content=\"Grupo de iluminaci\u00f3n ZHL\" \/>\n<meta property=\"article:publisher\" content=\"https:\/\/www.facebook.com\/zhllightinggroup\" \/>\n<meta property=\"article:modified_time\" content=\"2024-01-04T00:57:39+00:00\" \/>\n<meta property=\"og:image\" content=\"https:\/\/www.zhgdled.com\/wp-content\/uploads\/2023\/04\/wise-series-200W.png\" \/>\n\t<meta property=\"og:image:width\" content=\"1600\" \/>\n\t<meta property=\"og:image:height\" content=\"1600\" \/>\n\t<meta property=\"og:image:type\" content=\"image\/png\" \/>\n<meta name=\"twitter:card\" content=\"summary_large_image\" \/>\n<meta name=\"twitter:site\" content=\"@zhl_lighting\" \/>\n<meta name=\"twitter:label1\" content=\"Tiempo de lectura\" \/>\n\t<meta name=\"twitter:data1\" content=\"2 minutos\" \/>\n<script type=\"application\/ld+json\" class=\"yoast-schema-graph\">{\"@context\":\"https:\\\/\\\/schema.org\",\"@graph\":[{\"@type\":\"WebPage\",\"@id\":\"https:\\\/\\\/www.zhgdled.com\\\/es\\\/proyector-led-de-la-serie-wise-de-10w-300w.html\",\"url\":\"https:\\\/\\\/www.zhgdled.com\\\/es\\\/proyector-led-de-la-serie-wise-de-10w-300w.html\",\"name\":\"Proyector LED de La Serie Wise de 10W-300W &#8211; Grupo de iluminaci\u00f3n ZHL\",\"isPartOf\":{\"@id\":\"https:\\\/\\\/www.zhgdled.com\\\/es\\\/#website\"},\"primaryImageOfPage\":{\"@id\":\"https:\\\/\\\/www.zhgdled.com\\\/es\\\/proyector-led-de-la-serie-wise-de-10w-300w.html#primaryimage\"},\"image\":{\"@id\":\"https:\\\/\\\/www.zhgdled.com\\\/es\\\/proyector-led-de-la-serie-wise-de-10w-300w.html#primaryimage\"},\"thumbnailUrl\":\"https:\\\/\\\/www.zhgdled.com\\\/wp-content\\\/uploads\\\/2023\\\/04\\\/wise-series-200W.png\",\"datePublished\":\"2024-01-02T11:58:11+00:00\",\"dateModified\":\"2024-01-04T00:57:39+00:00\",\"description\":\"La serie WISE de reflectores LED es un nuevo tipo de equipo de iluminaci\u00f3n industrial LED lanzado por ZHL.\",\"breadcrumb\":{\"@id\":\"https:\\\/\\\/www.zhgdled.com\\\/es\\\/proyector-led-de-la-serie-wise-de-10w-300w.html#breadcrumb\"},\"inLanguage\":\"es\",\"potentialAction\":[{\"@type\":\"ReadAction\",\"target\":[\"https:\\\/\\\/www.zhgdled.com\\\/es\\\/proyector-led-de-la-serie-wise-de-10w-300w.html\"]}]},{\"@type\":\"ImageObject\",\"inLanguage\":\"es\",\"@id\":\"https:\\\/\\\/www.zhgdled.com\\\/es\\\/proyector-led-de-la-serie-wise-de-10w-300w.html#primaryimage\",\"url\":\"https:\\\/\\\/www.zhgdled.com\\\/wp-content\\\/uploads\\\/2023\\\/04\\\/wise-series-200W.png\",\"contentUrl\":\"https:\\\/\\\/www.zhgdled.com\\\/wp-content\\\/uploads\\\/2023\\\/04\\\/wise-series-200W.png\",\"width\":1600,\"height\":1600,\"caption\":\"wise series floodlights 200w\"},{\"@type\":\"BreadcrumbList\",\"@id\":\"https:\\\/\\\/www.zhgdled.com\\\/es\\\/proyector-led-de-la-serie-wise-de-10w-300w.html#breadcrumb\",\"itemListElement\":[{\"@type\":\"ListItem\",\"position\":1,\"name\":\"Home\",\"item\":\"https:\\\/\\\/www.zhgdled.com\\\/es\"},{\"@type\":\"ListItem\",\"position\":2,\"name\":\"PRODUCTS\",\"item\":\"https:\\\/\\\/www.zhgdled.com\\\/zhl-products.html\"},{\"@type\":\"ListItem\",\"position\":3,\"name\":\"Proyector LED de La Serie Wise de 10W-300W\"}]},{\"@type\":\"WebSite\",\"@id\":\"https:\\\/\\\/www.zhgdled.com\\\/es\\\/#website\",\"url\":\"https:\\\/\\\/www.zhgdled.com\\\/es\\\/\",\"name\":\"Grupo de iluminaci\u00f3n ZHL\",\"description\":\"Top ranking industrial lighting manufacturer and exporter\",\"publisher\":{\"@id\":\"https:\\\/\\\/www.zhgdled.com\\\/es\\\/#organization\"},\"potentialAction\":[{\"@type\":\"SearchAction\",\"target\":{\"@type\":\"EntryPoint\",\"urlTemplate\":\"https:\\\/\\\/www.zhgdled.com\\\/es\\\/?s={search_term_string}\"},\"query-input\":{\"@type\":\"PropertyValueSpecification\",\"valueRequired\":true,\"valueName\":\"search_term_string\"}}],\"inLanguage\":\"es\"},{\"@type\":\"Organization\",\"@id\":\"https:\\\/\\\/www.zhgdled.com\\\/es\\\/#organization\",\"name\":\"ZHL Lighting Group\",\"url\":\"https:\\\/\\\/www.zhgdled.com\\\/es\\\/\",\"logo\":{\"@type\":\"ImageObject\",\"inLanguage\":\"es\",\"@id\":\"https:\\\/\\\/www.zhgdled.com\\\/es\\\/#\\\/schema\\\/logo\\\/image\\\/\",\"url\":\"\",\"contentUrl\":\"\",\"caption\":\"ZHL Lighting Group\"},\"image\":{\"@id\":\"https:\\\/\\\/www.zhgdled.com\\\/es\\\/#\\\/schema\\\/logo\\\/image\\\/\"},\"sameAs\":[\"https:\\\/\\\/www.facebook.com\\\/zhllightinggroup\",\"https:\\\/\\\/x.com\\\/zhl_lighting\"]}]}<\/script>\n<!-- \/ Yoast SEO plugin. -->","yoast_head_json":{"title":"Proyector LED de La Serie Wise de 10W-300W &#8211; Grupo de iluminaci\u00f3n ZHL","description":"La serie WISE de reflectores LED es un nuevo tipo de equipo de iluminaci\u00f3n industrial LED lanzado por ZHL.","robots":{"index":"index","follow":"follow","max-snippet":"max-snippet:-1","max-image-preview":"max-image-preview:large","max-video-preview":"max-video-preview:-1"},"canonical":"https:\/\/www.zhgdled.com\/es\/proyector-led-de-la-serie-wise-de-10w-300w.html","og_locale":"es_ES","og_type":"article","og_title":"Proyector LED de La Serie Wise de 10W-300W &#8211; Grupo de iluminaci\u00f3n ZHL","og_description":"La serie WISE de reflectores LED es un nuevo tipo de equipo de iluminaci\u00f3n industrial LED lanzado por ZHL.","og_url":"https:\/\/www.zhgdled.com\/es\/proyector-led-de-la-serie-wise-de-10w-300w.html","og_site_name":"Grupo de iluminaci\u00f3n ZHL","article_publisher":"https:\/\/www.facebook.com\/zhllightinggroup","article_modified_time":"2024-01-04T00:57:39+00:00","og_image":[{"width":1600,"height":1600,"url":"https:\/\/www.zhgdled.com\/wp-content\/uploads\/2023\/04\/wise-series-200W.png","type":"image\/png"}],"twitter_card":"summary_large_image","twitter_site":"@zhl_lighting","twitter_misc":{"Tiempo de lectura":"2 minutos"},"schema":{"@context":"https:\/\/schema.org","@graph":[{"@type":"WebPage","@id":"https:\/\/www.zhgdled.com\/es\/proyector-led-de-la-serie-wise-de-10w-300w.html","url":"https:\/\/www.zhgdled.com\/es\/proyector-led-de-la-serie-wise-de-10w-300w.html","name":"Proyector LED de La Serie Wise de 10W-300W &#8211; Grupo de iluminaci\u00f3n ZHL","isPartOf":{"@id":"https:\/\/www.zhgdled.com\/es\/#website"},"primaryImageOfPage":{"@id":"https:\/\/www.zhgdled.com\/es\/proyector-led-de-la-serie-wise-de-10w-300w.html#primaryimage"},"image":{"@id":"https:\/\/www.zhgdled.com\/es\/proyector-led-de-la-serie-wise-de-10w-300w.html#primaryimage"},"thumbnailUrl":"https:\/\/www.zhgdled.com\/wp-content\/uploads\/2023\/04\/wise-series-200W.png","datePublished":"2024-01-02T11:58:11+00:00","dateModified":"2024-01-04T00:57:39+00:00","description":"La serie WISE de reflectores LED es un nuevo tipo de equipo de iluminaci\u00f3n industrial LED lanzado por ZHL.","breadcrumb":{"@id":"https:\/\/www.zhgdled.com\/es\/proyector-led-de-la-serie-wise-de-10w-300w.html#breadcrumb"},"inLanguage":"es","potentialAction":[{"@type":"ReadAction","target":["https:\/\/www.zhgdled.com\/es\/proyector-led-de-la-serie-wise-de-10w-300w.html"]}]},{"@type":"ImageObject","inLanguage":"es","@id":"https:\/\/www.zhgdled.com\/es\/proyector-led-de-la-serie-wise-de-10w-300w.html#primaryimage","url":"https:\/\/www.zhgdled.com\/wp-content\/uploads\/2023\/04\/wise-series-200W.png","contentUrl":"https:\/\/www.zhgdled.com\/wp-content\/uploads\/2023\/04\/wise-series-200W.png","width":1600,"height":1600,"caption":"wise series floodlights 200w"},{"@type":"BreadcrumbList","@id":"https:\/\/www.zhgdled.com\/es\/proyector-led-de-la-serie-wise-de-10w-300w.html#breadcrumb","itemListElement":[{"@type":"ListItem","position":1,"name":"Home","item":"https:\/\/www.zhgdled.com\/es"},{"@type":"ListItem","position":2,"name":"PRODUCTS","item":"https:\/\/www.zhgdled.com\/zhl-products.html"},{"@type":"ListItem","position":3,"name":"Proyector LED de La Serie Wise de 10W-300W"}]},{"@type":"WebSite","@id":"https:\/\/www.zhgdled.com\/es\/#website","url":"https:\/\/www.zhgdled.com\/es\/","name":"Grupo de iluminaci\u00f3n ZHL","description":"Top ranking industrial lighting manufacturer and exporter","publisher":{"@id":"https:\/\/www.zhgdled.com\/es\/#organization"},"potentialAction":[{"@type":"SearchAction","target":{"@type":"EntryPoint","urlTemplate":"https:\/\/www.zhgdled.com\/es\/?s={search_term_string}"},"query-input":{"@type":"PropertyValueSpecification","valueRequired":true,"valueName":"search_term_string"}}],"inLanguage":"es"},{"@type":"Organization","@id":"https:\/\/www.zhgdled.com\/es\/#organization","name":"ZHL Lighting Group","url":"https:\/\/www.zhgdled.com\/es\/","logo":{"@type":"ImageObject","inLanguage":"es","@id":"https:\/\/www.zhgdled.com\/es\/#\/schema\/logo\/image\/","url":"","contentUrl":"","caption":"ZHL Lighting Group"},"image":{"@id":"https:\/\/www.zhgdled.com\/es\/#\/schema\/logo\/image\/"},"sameAs":["https:\/\/www.facebook.com\/zhllightinggroup","https:\/\/x.com\/zhl_lighting"]}]}},"_links":{"self":[{"href":"https:\/\/www.zhgdled.com\/es\/wp-json\/wp\/v2\/product\/5267","targetHints":{"allow":["GET"]}}],"collection":[{"href":"https:\/\/www.zhgdled.com\/es\/wp-json\/wp\/v2\/product"}],"about":[{"href":"https:\/\/www.zhgdled.com\/es\/wp-json\/wp\/v2\/types\/product"}],"wp:featuredmedia":[{"embeddable":true,"href":"https:\/\/www.zhgdled.com\/es\/wp-json\/wp\/v2\/media\/22198"}],"wp:attachment":[{"href":"https:\/\/www.zhgdled.com\/es\/wp-json\/wp\/v2\/media?parent=5267"}],"wp:term":[{"taxonomy":"product_brand","embeddable":true,"href":"https:\/\/www.zhgdled.com\/es\/wp-json\/wp\/v2\/product_brand?post=5267"},{"taxonomy":"product_cat","embeddable":true,"href":"https:\/\/www.zhgdled.com\/es\/wp-json\/wp\/v2\/product_cat?post=5267"},{"taxonomy":"product_tag","embeddable":true,"href":"https:\/\/www.zhgdled.com\/es\/wp-json\/wp\/v2\/product_tag?post=5267"}],"curies":[{"name":"wp","href":"https:\/\/api.w.org\/{rel}","templated":true}]}}