{"id":6983,"date":"2024-04-19T09:25:57","date_gmt":"2022-06-23T01:25:57","guid":{"rendered":"https:\/\/www.zhgdled.com\/product\/eco-serries-flood-light"},"modified":"2022-10-28T09:00:05","modified_gmt":"2022-10-28T01:00:05","slug":"eco-luz-de-inundacion","status":"publish","type":"product","link":"https:\/\/www.zhgdled.com\/es\/eco-luz-de-inundacion.html","title":{"rendered":"Serie ECO LED LUZ DE INUNDACI\u00d3N 10W &#8211; 50W"},"content":{"rendered":"<h2>REFLEXI\u00d3N DIFUSA, \u00c1NGULO DE ILUMINACI\u00d3N COMPLETO<\/h2>\n<p>La luminaria de la serie ECO ofrece un rendimiento excepcional en un dise\u00f1o elegante de bajo perfil con varias opciones de distribuci\u00f3n \u00f3ptica y de l\u00famenes. El uso previsto de este producto es para \u00e1reas de edificios, estacionamientos, concesionarios de autom\u00f3viles, carreteras, aceras, caminos para peatones e iluminaci\u00f3n de seguridad.<\/p>\n<p>Haga clic para descargar la especificaci\u00f3n de la luz de inundaci\u00f3n ECO:<\/p>\n<p><a href=\"https:\/\/www.zhgdled.com\/es\/eco-luz-de-inundacion.html\">ECO-Floodlight.pdf<\/a><\/p>\n<p>&nbsp;<\/p>\n<h2>ESPECIFICACI\u00d3N<\/h2>\n<table>\n<tbody>\n<tr>\n<td><strong>Potencia<\/strong><\/td>\n<td><strong>10W 20W 30W 50W<\/strong><\/td>\n<\/tr>\n<tr>\n<td><strong>LED<\/strong><\/td>\n<td><strong>SMD 2835<\/strong><\/td>\n<\/tr>\n<tr>\n<td><strong>Temperatura de color (CCT)<\/strong><\/td>\n<td><strong>2700-7000K<\/strong><\/td>\n<\/tr>\n<tr>\n<td><strong>Eficiencia luminosa (lm\/w)<\/strong><\/td>\n<td><strong>90lm\/w<\/strong><\/td>\n<\/tr>\n<tr>\n<td><strong>Voltaje de entrada (V)<\/strong><\/td>\n<td width=\"470\"><strong>AC220-240V\/ AC100-240V<\/strong><\/td>\n<\/tr>\n<tr>\n<td><strong>PF<\/strong><\/td>\n<td><strong>&gt;0.9<\/strong><\/td>\n<\/tr>\n<tr>\n<td><strong>CRI (Ra&gt;)<\/strong><\/td>\n<td><strong>80<\/strong><\/td>\n<\/tr>\n<tr>\n<td><strong>\u00c1ngulo de haz (\u00b0)<\/strong><\/td>\n<td width=\"470\"><strong>60\/90\/120<\/strong><\/td>\n<\/tr>\n<tr>\n<td><strong>Grado IP<\/strong><\/td>\n<td><strong>IP65<\/strong><\/td>\n<\/tr>\n<tr>\n<td><strong>Material<\/strong><\/td>\n<td><strong>Cuerpo de aluminio + Lente de PC + Cubierta de vidrio templado<\/strong><\/td>\n<\/tr>\n<tr>\n<td><strong>Temperatura de trabajo (\u2103)<\/strong><\/td>\n<td><strong>-20-50<\/strong><\/td>\n<\/tr>\n<tr>\n<td><strong>Garant\u00eda (a\u00f1o)<\/strong><\/td>\n<td><strong>3 a\u00f1os \/ 5 a\u00f1os<\/strong><\/td>\n<\/tr>\n<tr>\n<td><strong>Certificaci\u00f3n<\/strong><\/td>\n<td><strong>CE,\u00a0ERP, RoHS<\/strong><\/td>\n<\/tr>\n<tr>\n<td><strong>Driver<\/strong><\/td>\n<td><strong>High Voltage Linear IC<\/strong><\/td>\n<\/tr>\n<\/tbody>\n<\/table>\n<h2>View industry standard of exterior lighting<\/h2>\n<table width=\"580\">\n<tbody>\n<tr>\n<td width=\"284\">UL<\/td>\n<td width=\"284\"><a href=\"https:\/\/www.ul.com\/industries\/products-and-components\/lighting\"><strong><b>UL Solutions\u2019 lighting services<\/b><\/strong><\/a><\/td>\n<\/tr>\n<tr>\n<td width=\"284\">CE<\/td>\n<td width=\"284\"><a href=\"https:\/\/eur-lex.europa.eu\/legal-content\/EN\/TXT\/PDF\/?uri=CELEX:32014L0035&amp;from=HU\"><strong><b>LVD Directive 2014\/35\/EU<\/b><\/strong><\/a><\/td>\n<\/tr>\n<\/tbody>\n<\/table>\n","protected":false},"excerpt":{"rendered":"<p>La luminaria de la serie ECO ofrece un rendimiento excepcional en un dise\u00f1o elegante de bajo perfil con varias opciones de distribuci\u00f3n \u00f3ptica y de l\u00famenes. El uso previsto de este producto es para \u00e1reas de edificios, estacionamientos, concesionarios de autom\u00f3viles, carreteras, aceras, caminos para peatones e iluminaci\u00f3n de seguridad.<\/p>\n<ul>\n<li>Luz de inundaci\u00f3n 10W &#8211; 50W<\/li>\n<li>2700K -7000K<\/li>\n<li>Eficiencia luminosa 90LM\/W<\/li>\n<li>AC220-240V\/ AC100-240V<\/li>\n<li>3 a\u00f1os \/ 5 a\u00f1os de garant\u00eda<\/li>\n<\/ul>\n","protected":false},"featured_media":13268,"template":"","meta":[],"product_brand":[],"product_cat":[611],"product_tag":[],"class_list":{"0":"post-6983","1":"product","2":"type-product","3":"status-publish","4":"has-post-thumbnail","6":"product_cat-led-flood-light-es","8":"first","9":"instock","10":"shipping-taxable","11":"product-type-simple"},"yoast_head":"<!-- This site is optimized with the Yoast SEO plugin v27.5 - https:\/\/yoast.com\/product\/yoast-seo-wordpress\/ -->\n<title>Serie ECO LED LUZ DE INUNDACI\u00d3N 10W - 50W &#8211; Grupo de iluminaci\u00f3n ZHL<\/title>\n<meta name=\"description\" content=\"La luminaria de la serie ECO ofrece un rendimiento excepcional en un dise\u00f1o elegante de bajo perfil con varias opciones de distribuci\u00f3n \u00f3ptica y de l\u00famenes. El uso previsto de este Luz de inundaci\u00f3n 50W es para \u00e1reas de edificios, estacionamientos, concesionarios de autom\u00f3viles, carreteras, aceras, caminos para peatones e iluminaci\u00f3n de seguridad.\" \/>\n<meta name=\"robots\" content=\"index, follow, max-snippet:-1, max-image-preview:large, max-video-preview:-1\" \/>\n<link rel=\"canonical\" href=\"https:\/\/www.zhgdled.com\/es\/eco-luz-de-inundacion.html\" \/>\n<meta property=\"og:locale\" content=\"es_ES\" \/>\n<meta property=\"og:type\" content=\"article\" \/>\n<meta property=\"og:title\" content=\"Serie ECO LED LUZ DE INUNDACI\u00d3N 10W - 50W &#8211; Grupo de iluminaci\u00f3n ZHL\" \/>\n<meta property=\"og:description\" content=\"La luminaria de la serie ECO ofrece un rendimiento excepcional en un dise\u00f1o elegante de bajo perfil con varias opciones de distribuci\u00f3n \u00f3ptica y de l\u00famenes. El uso previsto de este Luz de inundaci\u00f3n 50W es para \u00e1reas de edificios, estacionamientos, concesionarios de autom\u00f3viles, carreteras, aceras, caminos para peatones e iluminaci\u00f3n de seguridad.\" \/>\n<meta property=\"og:url\" content=\"https:\/\/www.zhgdled.com\/es\/eco-luz-de-inundacion.html\" \/>\n<meta property=\"og:site_name\" content=\"Grupo de iluminaci\u00f3n ZHL\" \/>\n<meta property=\"article:publisher\" content=\"https:\/\/www.facebook.com\/zhllightinggroup\" \/>\n<meta property=\"article:modified_time\" content=\"2022-10-28T01:00:05+00:00\" \/>\n<meta property=\"og:image\" content=\"https:\/\/www.zhgdled.com\/wp-content\/uploads\/2022\/06\/5-1.png\" \/>\n\t<meta property=\"og:image:width\" content=\"1600\" \/>\n\t<meta property=\"og:image:height\" content=\"1600\" \/>\n\t<meta property=\"og:image:type\" content=\"image\/png\" \/>\n<meta name=\"twitter:card\" content=\"summary_large_image\" \/>\n<meta name=\"twitter:site\" content=\"@zhl_lighting\" \/>\n<meta name=\"twitter:label1\" content=\"Tiempo de lectura\" \/>\n\t<meta name=\"twitter:data1\" content=\"1 minuto\" \/>\n<script type=\"application\/ld+json\" class=\"yoast-schema-graph\">{\"@context\":\"https:\\\/\\\/schema.org\",\"@graph\":[{\"@type\":\"WebPage\",\"@id\":\"https:\\\/\\\/www.zhgdled.com\\\/es\\\/eco-luz-de-inundacion.html\",\"url\":\"https:\\\/\\\/www.zhgdled.com\\\/es\\\/eco-luz-de-inundacion.html\",\"name\":\"Serie ECO LED LUZ DE INUNDACI\u00d3N 10W - 50W &#8211; Grupo de iluminaci\u00f3n ZHL\",\"isPartOf\":{\"@id\":\"https:\\\/\\\/www.zhgdled.com\\\/es\\\/#website\"},\"primaryImageOfPage\":{\"@id\":\"https:\\\/\\\/www.zhgdled.com\\\/es\\\/eco-luz-de-inundacion.html#primaryimage\"},\"image\":{\"@id\":\"https:\\\/\\\/www.zhgdled.com\\\/es\\\/eco-luz-de-inundacion.html#primaryimage\"},\"thumbnailUrl\":\"https:\\\/\\\/www.zhgdled.com\\\/wp-content\\\/uploads\\\/2022\\\/06\\\/5-1.png\",\"datePublished\":\"2022-06-23T01:25:57+00:00\",\"dateModified\":\"2022-10-28T01:00:05+00:00\",\"description\":\"La luminaria de la serie ECO ofrece un rendimiento excepcional en un dise\u00f1o elegante de bajo perfil con varias opciones de distribuci\u00f3n \u00f3ptica y de l\u00famenes. El uso previsto de este Luz de inundaci\u00f3n 50W es para \u00e1reas de edificios, estacionamientos, concesionarios de autom\u00f3viles, carreteras, aceras, caminos para peatones e iluminaci\u00f3n de seguridad.\",\"breadcrumb\":{\"@id\":\"https:\\\/\\\/www.zhgdled.com\\\/es\\\/eco-luz-de-inundacion.html#breadcrumb\"},\"inLanguage\":\"es\",\"potentialAction\":[{\"@type\":\"ReadAction\",\"target\":[\"https:\\\/\\\/www.zhgdled.com\\\/es\\\/eco-luz-de-inundacion.html\"]}]},{\"@type\":\"ImageObject\",\"inLanguage\":\"es\",\"@id\":\"https:\\\/\\\/www.zhgdled.com\\\/es\\\/eco-luz-de-inundacion.html#primaryimage\",\"url\":\"https:\\\/\\\/www.zhgdled.com\\\/wp-content\\\/uploads\\\/2022\\\/06\\\/5-1.png\",\"contentUrl\":\"https:\\\/\\\/www.zhgdled.com\\\/wp-content\\\/uploads\\\/2022\\\/06\\\/5-1.png\",\"width\":1600,\"height\":1600,\"caption\":\"ECO Series LED FloodLight fixture\"},{\"@type\":\"BreadcrumbList\",\"@id\":\"https:\\\/\\\/www.zhgdled.com\\\/es\\\/eco-luz-de-inundacion.html#breadcrumb\",\"itemListElement\":[{\"@type\":\"ListItem\",\"position\":1,\"name\":\"Home\",\"item\":\"https:\\\/\\\/www.zhgdled.com\\\/es\"},{\"@type\":\"ListItem\",\"position\":2,\"name\":\"PRODUCTS\",\"item\":\"https:\\\/\\\/www.zhgdled.com\\\/zhl-products.html\"},{\"@type\":\"ListItem\",\"position\":3,\"name\":\"Serie ECO LED LUZ DE INUNDACI\u00d3N 10W &#8211; 50W\"}]},{\"@type\":\"WebSite\",\"@id\":\"https:\\\/\\\/www.zhgdled.com\\\/es\\\/#website\",\"url\":\"https:\\\/\\\/www.zhgdled.com\\\/es\\\/\",\"name\":\"Grupo de iluminaci\u00f3n ZHL\",\"description\":\"Top ranking industrial lighting manufacturer and exporter\",\"publisher\":{\"@id\":\"https:\\\/\\\/www.zhgdled.com\\\/es\\\/#organization\"},\"potentialAction\":[{\"@type\":\"SearchAction\",\"target\":{\"@type\":\"EntryPoint\",\"urlTemplate\":\"https:\\\/\\\/www.zhgdled.com\\\/es\\\/?s={search_term_string}\"},\"query-input\":{\"@type\":\"PropertyValueSpecification\",\"valueRequired\":true,\"valueName\":\"search_term_string\"}}],\"inLanguage\":\"es\"},{\"@type\":\"Organization\",\"@id\":\"https:\\\/\\\/www.zhgdled.com\\\/es\\\/#organization\",\"name\":\"ZHL Lighting Group\",\"url\":\"https:\\\/\\\/www.zhgdled.com\\\/es\\\/\",\"logo\":{\"@type\":\"ImageObject\",\"inLanguage\":\"es\",\"@id\":\"https:\\\/\\\/www.zhgdled.com\\\/es\\\/#\\\/schema\\\/logo\\\/image\\\/\",\"url\":\"\",\"contentUrl\":\"\",\"caption\":\"ZHL Lighting Group\"},\"image\":{\"@id\":\"https:\\\/\\\/www.zhgdled.com\\\/es\\\/#\\\/schema\\\/logo\\\/image\\\/\"},\"sameAs\":[\"https:\\\/\\\/www.facebook.com\\\/zhllightinggroup\",\"https:\\\/\\\/x.com\\\/zhl_lighting\"]}]}<\/script>\n<!-- \/ Yoast SEO plugin. -->","yoast_head_json":{"title":"Serie ECO LED LUZ DE INUNDACI\u00d3N 10W - 50W &#8211; Grupo de iluminaci\u00f3n ZHL","description":"La luminaria de la serie ECO ofrece un rendimiento excepcional en un dise\u00f1o elegante de bajo perfil con varias opciones de distribuci\u00f3n \u00f3ptica y de l\u00famenes. El uso previsto de este Luz de inundaci\u00f3n 50W es para \u00e1reas de edificios, estacionamientos, concesionarios de autom\u00f3viles, carreteras, aceras, caminos para peatones e iluminaci\u00f3n de seguridad.","robots":{"index":"index","follow":"follow","max-snippet":"max-snippet:-1","max-image-preview":"max-image-preview:large","max-video-preview":"max-video-preview:-1"},"canonical":"https:\/\/www.zhgdled.com\/es\/eco-luz-de-inundacion.html","og_locale":"es_ES","og_type":"article","og_title":"Serie ECO LED LUZ DE INUNDACI\u00d3N 10W - 50W &#8211; Grupo de iluminaci\u00f3n ZHL","og_description":"La luminaria de la serie ECO ofrece un rendimiento excepcional en un dise\u00f1o elegante de bajo perfil con varias opciones de distribuci\u00f3n \u00f3ptica y de l\u00famenes. El uso previsto de este Luz de inundaci\u00f3n 50W es para \u00e1reas de edificios, estacionamientos, concesionarios de autom\u00f3viles, carreteras, aceras, caminos para peatones e iluminaci\u00f3n de seguridad.","og_url":"https:\/\/www.zhgdled.com\/es\/eco-luz-de-inundacion.html","og_site_name":"Grupo de iluminaci\u00f3n ZHL","article_publisher":"https:\/\/www.facebook.com\/zhllightinggroup","article_modified_time":"2022-10-28T01:00:05+00:00","og_image":[{"width":1600,"height":1600,"url":"https:\/\/www.zhgdled.com\/wp-content\/uploads\/2022\/06\/5-1.png","type":"image\/png"}],"twitter_card":"summary_large_image","twitter_site":"@zhl_lighting","twitter_misc":{"Tiempo de lectura":"1 minuto"},"schema":{"@context":"https:\/\/schema.org","@graph":[{"@type":"WebPage","@id":"https:\/\/www.zhgdled.com\/es\/eco-luz-de-inundacion.html","url":"https:\/\/www.zhgdled.com\/es\/eco-luz-de-inundacion.html","name":"Serie ECO LED LUZ DE INUNDACI\u00d3N 10W - 50W &#8211; Grupo de iluminaci\u00f3n ZHL","isPartOf":{"@id":"https:\/\/www.zhgdled.com\/es\/#website"},"primaryImageOfPage":{"@id":"https:\/\/www.zhgdled.com\/es\/eco-luz-de-inundacion.html#primaryimage"},"image":{"@id":"https:\/\/www.zhgdled.com\/es\/eco-luz-de-inundacion.html#primaryimage"},"thumbnailUrl":"https:\/\/www.zhgdled.com\/wp-content\/uploads\/2022\/06\/5-1.png","datePublished":"2022-06-23T01:25:57+00:00","dateModified":"2022-10-28T01:00:05+00:00","description":"La luminaria de la serie ECO ofrece un rendimiento excepcional en un dise\u00f1o elegante de bajo perfil con varias opciones de distribuci\u00f3n \u00f3ptica y de l\u00famenes. El uso previsto de este Luz de inundaci\u00f3n 50W es para \u00e1reas de edificios, estacionamientos, concesionarios de autom\u00f3viles, carreteras, aceras, caminos para peatones e iluminaci\u00f3n de seguridad.","breadcrumb":{"@id":"https:\/\/www.zhgdled.com\/es\/eco-luz-de-inundacion.html#breadcrumb"},"inLanguage":"es","potentialAction":[{"@type":"ReadAction","target":["https:\/\/www.zhgdled.com\/es\/eco-luz-de-inundacion.html"]}]},{"@type":"ImageObject","inLanguage":"es","@id":"https:\/\/www.zhgdled.com\/es\/eco-luz-de-inundacion.html#primaryimage","url":"https:\/\/www.zhgdled.com\/wp-content\/uploads\/2022\/06\/5-1.png","contentUrl":"https:\/\/www.zhgdled.com\/wp-content\/uploads\/2022\/06\/5-1.png","width":1600,"height":1600,"caption":"ECO Series LED FloodLight fixture"},{"@type":"BreadcrumbList","@id":"https:\/\/www.zhgdled.com\/es\/eco-luz-de-inundacion.html#breadcrumb","itemListElement":[{"@type":"ListItem","position":1,"name":"Home","item":"https:\/\/www.zhgdled.com\/es"},{"@type":"ListItem","position":2,"name":"PRODUCTS","item":"https:\/\/www.zhgdled.com\/zhl-products.html"},{"@type":"ListItem","position":3,"name":"Serie ECO LED LUZ DE INUNDACI\u00d3N 10W &#8211; 50W"}]},{"@type":"WebSite","@id":"https:\/\/www.zhgdled.com\/es\/#website","url":"https:\/\/www.zhgdled.com\/es\/","name":"Grupo de iluminaci\u00f3n ZHL","description":"Top ranking industrial lighting manufacturer and exporter","publisher":{"@id":"https:\/\/www.zhgdled.com\/es\/#organization"},"potentialAction":[{"@type":"SearchAction","target":{"@type":"EntryPoint","urlTemplate":"https:\/\/www.zhgdled.com\/es\/?s={search_term_string}"},"query-input":{"@type":"PropertyValueSpecification","valueRequired":true,"valueName":"search_term_string"}}],"inLanguage":"es"},{"@type":"Organization","@id":"https:\/\/www.zhgdled.com\/es\/#organization","name":"ZHL Lighting Group","url":"https:\/\/www.zhgdled.com\/es\/","logo":{"@type":"ImageObject","inLanguage":"es","@id":"https:\/\/www.zhgdled.com\/es\/#\/schema\/logo\/image\/","url":"","contentUrl":"","caption":"ZHL Lighting Group"},"image":{"@id":"https:\/\/www.zhgdled.com\/es\/#\/schema\/logo\/image\/"},"sameAs":["https:\/\/www.facebook.com\/zhllightinggroup","https:\/\/x.com\/zhl_lighting"]}]}},"_links":{"self":[{"href":"https:\/\/www.zhgdled.com\/es\/wp-json\/wp\/v2\/product\/6983","targetHints":{"allow":["GET"]}}],"collection":[{"href":"https:\/\/www.zhgdled.com\/es\/wp-json\/wp\/v2\/product"}],"about":[{"href":"https:\/\/www.zhgdled.com\/es\/wp-json\/wp\/v2\/types\/product"}],"wp:featuredmedia":[{"embeddable":true,"href":"https:\/\/www.zhgdled.com\/es\/wp-json\/wp\/v2\/media\/13268"}],"wp:attachment":[{"href":"https:\/\/www.zhgdled.com\/es\/wp-json\/wp\/v2\/media?parent=6983"}],"wp:term":[{"taxonomy":"product_brand","embeddable":true,"href":"https:\/\/www.zhgdled.com\/es\/wp-json\/wp\/v2\/product_brand?post=6983"},{"taxonomy":"product_cat","embeddable":true,"href":"https:\/\/www.zhgdled.com\/es\/wp-json\/wp\/v2\/product_cat?post=6983"},{"taxonomy":"product_tag","embeddable":true,"href":"https:\/\/www.zhgdled.com\/es\/wp-json\/wp\/v2\/product_tag?post=6983"}],"curies":[{"name":"wp","href":"https:\/\/api.w.org\/{rel}","templated":true}]}}