{"id":7055,"date":"2023-10-24T15:02:14","date_gmt":"2022-06-30T07:02:14","guid":{"rendered":"https:\/\/www.zhgdled.com\/product\/hi-ufo-series-led-high-bay-light"},"modified":"2023-12-27T14:44:44","modified_gmt":"2023-12-27T06:44:44","slug":"hi-ufo-series-led-high-bay-light","status":"publish","type":"product","link":"https:\/\/www.zhgdled.com\/es\/hi-ufo-series-led-high-bay-light.html","title":{"rendered":"LUCES DE BAH\u00cdA ALTA SERIE HI-UFO 200LM\/W"},"content":{"rendered":"<h2>ALTA POTENCIA, ALTO EFECTO LUMINOSO LUMINACI\u00d3N COMERCIAL<\/h2>\n<ul>\n<li>La serie Hi-UFO es una luminaria de gran altura con un dise\u00f1o pesado, que est\u00e1 en l\u00ednea con la est\u00e9tica de los pa\u00edses europeos y americanos. El dise\u00f1o de la apariencia adopta el principio de la mec\u00e1nica de fluidos, con una alta eficiencia t\u00e9rmica y una apariencia hermosa.<\/li>\n<li>\u00a1ZHL ha mejorado la eficiencia luminosa a 200 lm\/w con la \u00faltima serie Hi-UFO que satisfizo las necesidades m\u00e1s amplias de la industria!<\/li>\n<li>Una variedad de m\u00e9todos de instalaci\u00f3n convenientes disponibles como montaje en tuber\u00eda, elevaci\u00f3n, juntas roscadas y soportes angulares. Fundici\u00f3n a presi\u00f3n integral con aluminio de alta densidad, con suficiente resistencia y buen rendimiento antiexplosi\u00f3n. doble protecci\u00f3n con pegamento y fijaci\u00f3n con hebilla. Funci\u00f3n de atenuaci\u00f3n disponible a trav\u00e9s del sensor de microondas inteligente, que es m\u00e1s f\u00e1cil de usar y ahorra m\u00e1s energ\u00eda. Reflector de aluminio de alta pureza plata mate opcional, apariencia simple, estructura fuerte y confiable, con funci\u00f3n antideslumbrante.<\/li>\n<li>El lujo y los precios competitivos son los factores subyacentes para lograr altos vol\u00famenes de producci\u00f3n.<\/li>\n<\/ul>\n<h2>ESPECIFICACI\u00d3N<\/h2>\n<blockquote><p>\u00bfNecesita un cat\u00e1logo? <a href=\"https:\/\/www.zhgdled.com\/es\/download\/hi-ufo-high-bay-lights\">Haga clic aqu\u00ed<\/a>.<\/p><\/blockquote>\n<table width=\"649\">\n<tbody>\n<tr>\n<td><strong>Potencia<\/strong><\/td>\n<td><strong>100W 150W 200W\u00a0<\/strong><\/td>\n<\/tr>\n<tr>\n<td><strong>LED<\/strong><\/td>\n<td><strong>Samsung 2835<\/strong><\/td>\n<\/tr>\n<tr>\n<td><strong>Temperatura de color (CCT)<\/strong><\/td>\n<td><strong>2700-6500K<\/strong><\/td>\n<\/tr>\n<tr>\n<td><strong>Eficiencia luminosa (lm\/w)<\/strong><\/td>\n<td><strong>200lm\/w +-10%<\/strong><\/td>\n<\/tr>\n<tr>\n<td><strong>Voltaje de entrada (V)<\/strong><\/td>\n<td width=\"463\"><strong>100-240VAC\/50-60Hz<\/strong><\/td>\n<\/tr>\n<tr>\n<td><strong>PF<\/strong><\/td>\n<td><strong>&gt;0.9<\/strong><\/td>\n<\/tr>\n<tr>\n<td><strong>CRI (Ra&gt;)<\/strong><\/td>\n<td><strong>80<\/strong><\/td>\n<\/tr>\n<tr>\n<td><strong>\u00c1ngulo de haz (\u00b0)<\/strong><\/td>\n<td><strong>60\u00b0\/90\u00b0*120\u00b0<\/strong><\/td>\n<\/tr>\n<tr>\n<td><strong>Grado IP<\/strong><\/td>\n<td><strong>IP65<\/strong><\/td>\n<\/tr>\n<tr>\n<td><strong>Material<\/strong><\/td>\n<td><strong>Cuerpo de aluminio + cubierta de vidrio templado<\/strong><\/td>\n<\/tr>\n<tr>\n<td><strong>Temperatura de trabajo (\u2103)<\/strong><\/td>\n<td><strong>-20-50<\/strong><\/td>\n<\/tr>\n<tr>\n<td><strong>Garant\u00eda (a\u00f1o)<\/strong><\/td>\n<td><strong>5 Years<\/strong><\/td>\n<\/tr>\n<tr>\n<td><strong>Certificaci\u00f3n<\/strong><\/td>\n<td><strong>CE,ERP<\/strong><\/td>\n<\/tr>\n<tr>\n<td><strong>Controlador de potencia<\/strong><\/td>\n<td><strong>MOSO Dimmable driver( 0-10V Dimmable+12V Auxiliary source<\/strong><\/td>\n<\/tr>\n<\/tbody>\n<\/table>\n<p>&nbsp;<\/p>\n<h2>VER LOS EST\u00c1NDARES DE LA INDUSTRIA CON RESPECTO A LAS LUCES PARA EXTERIORES<\/h2>\n<table width=\"580\">\n<tbody>\n<tr>\n<td width=\"284\">UL<\/td>\n<td width=\"284\"><a href=\"https:\/\/www.ul.com\/industries\/products-and-components\/lighting\"><strong><b>UL Solutions\u2019 lighting services<\/b><\/strong><\/a><\/td>\n<\/tr>\n<tr>\n<td width=\"284\">CE<\/td>\n<td width=\"284\"><a href=\"https:\/\/eur-lex.europa.eu\/legal-content\/EN\/TXT\/PDF\/?uri=CELEX:32014L0035&amp;from=HU\"><strong><b>LVD Directive 2014\/35\/EU<\/b><\/strong><\/a><\/td>\n<\/tr>\n<\/tbody>\n<\/table>\n<p>&nbsp;<\/p>\n<p>&nbsp;<\/p>\n<p><img decoding=\"async\" src=\"https:\/\/www.zhgdled.com\/wp-content\/uploads\/2022\/06\/20220716085323HUFO.png\" \/><\/p>\n<p>&nbsp;<\/p>\n","protected":false},"excerpt":{"rendered":"<p>La serie Hi-UFO es una luminaria de gran altura con un dise\u00f1o pesado, que est\u00e1 en l\u00ednea con la est\u00e9tica de los pa\u00edses europeos y americanos. El dise\u00f1o de la apariencia adopta el principio de la mec\u00e1nica de fluidos, con una alta eficiencia t\u00e9rmica y una apariencia hermosa.<\/p>\n<p>\u00a1ZHL ha mejorado la eficiencia luminosa a 200 lm\/w con la \u00faltima serie Hi-UFO que satisfizo las necesidades m\u00e1s amplias de la industria! Y, por primera vez, la serie Hi-UFO alcanza el mismo consumo de energ\u00eda, pero brinda una luz m\u00e1s brillante y una vida \u00fatil m\u00e1s larga despu\u00e9s de su actualizaci\u00f3n en junio de 2022.<\/p>\n<ul>\n<li>Potencia: 100W 150W 200W<\/li>\n<li>LED: Samsung 2835<\/li>\n<li>Temperatura de color (CCT): 2700-6500K<\/li>\n<li>Eficiencia luminosa (lm\/w): 200lm\/w +-10%<\/li>\n<li>Voltaje de entrada (V): 100-240 VCA\/50-60 Hz<\/li>\n<li>FP&gt;0,9<\/li>\n<li>IRC (Ra&gt;)80<\/li>\n<li>\u00c1ngulo de haz (\u00b0): 60\u00b0\/90\u00b0*120\u00b0<\/li>\n<li>Grado IP: IP65<\/li>\n<li>Certificaci\u00f3n: CE,ERP<\/li>\n<\/ul>\n","protected":false},"featured_media":13247,"template":"","meta":[],"product_brand":[],"product_cat":[660],"product_tag":[272],"class_list":{"0":"post-7055","1":"product","2":"type-product","3":"status-publish","4":"has-post-thumbnail","6":"product_cat-campanas-led","7":"product_tag-highbay-light-es","9":"first","10":"instock","11":"featured","12":"shipping-taxable","13":"product-type-simple"},"yoast_head":"<!-- This site is optimized with the Yoast SEO plugin v27.5 - https:\/\/yoast.com\/product\/yoast-seo-wordpress\/ -->\n<title>LUCES DE BAH\u00cdA ALTA SERIE HI-UFO 200LM\/W &#8211; Grupo de iluminaci\u00f3n ZHL<\/title>\n<meta name=\"description\" content=\"La serie Hi-UFO es una UFO Luces de bah\u00eda alta con un dise\u00f1o pesado, que est\u00e1 en l\u00ednea con la est\u00e9tica de los pa\u00edses europeos y americanos. El dise\u00f1o de la apariencia adopta el principio de la mec\u00e1nica de fluidos, con alta eficiencia t\u00e9rmica y una apariencia hermosa.\" \/>\n<meta name=\"robots\" content=\"index, follow, max-snippet:-1, max-image-preview:large, max-video-preview:-1\" \/>\n<link rel=\"canonical\" href=\"https:\/\/www.zhgdled.com\/es\/hi-ufo-series-led-high-bay-light.html\" \/>\n<meta property=\"og:locale\" content=\"es_ES\" \/>\n<meta property=\"og:type\" content=\"article\" \/>\n<meta property=\"og:title\" content=\"LUCES DE BAH\u00cdA ALTA SERIE HI-UFO 200LM\/W &#8211; Grupo de iluminaci\u00f3n ZHL\" \/>\n<meta property=\"og:description\" content=\"La serie Hi-UFO es una UFO Luces de bah\u00eda alta con un dise\u00f1o pesado, que est\u00e1 en l\u00ednea con la est\u00e9tica de los pa\u00edses europeos y americanos. El dise\u00f1o de la apariencia adopta el principio de la mec\u00e1nica de fluidos, con alta eficiencia t\u00e9rmica y una apariencia hermosa.\" \/>\n<meta property=\"og:url\" content=\"https:\/\/www.zhgdled.com\/es\/hi-ufo-series-led-high-bay-light.html\" \/>\n<meta property=\"og:site_name\" content=\"Grupo de iluminaci\u00f3n ZHL\" \/>\n<meta property=\"article:publisher\" content=\"https:\/\/www.facebook.com\/zhllightinggroup\" \/>\n<meta property=\"article:modified_time\" content=\"2023-12-27T06:44:44+00:00\" \/>\n<meta property=\"og:image\" content=\"https:\/\/www.zhgdled.com\/wp-content\/uploads\/2022\/06\/4-4.png\" \/>\n\t<meta property=\"og:image:width\" content=\"1600\" \/>\n\t<meta property=\"og:image:height\" content=\"1600\" \/>\n\t<meta property=\"og:image:type\" content=\"image\/png\" \/>\n<meta name=\"twitter:card\" content=\"summary_large_image\" \/>\n<meta name=\"twitter:site\" content=\"@zhl_lighting\" \/>\n<meta name=\"twitter:label1\" content=\"Tiempo de lectura\" \/>\n\t<meta name=\"twitter:data1\" content=\"2 minutos\" \/>\n<script type=\"application\/ld+json\" class=\"yoast-schema-graph\">{\"@context\":\"https:\\\/\\\/schema.org\",\"@graph\":[{\"@type\":\"WebPage\",\"@id\":\"https:\\\/\\\/www.zhgdled.com\\\/es\\\/hi-ufo-series-led-high-bay-light.html\",\"url\":\"https:\\\/\\\/www.zhgdled.com\\\/es\\\/hi-ufo-series-led-high-bay-light.html\",\"name\":\"LUCES DE BAH\u00cdA ALTA SERIE HI-UFO 200LM\\\/W &#8211; Grupo de iluminaci\u00f3n ZHL\",\"isPartOf\":{\"@id\":\"https:\\\/\\\/www.zhgdled.com\\\/es\\\/#website\"},\"primaryImageOfPage\":{\"@id\":\"https:\\\/\\\/www.zhgdled.com\\\/es\\\/hi-ufo-series-led-high-bay-light.html#primaryimage\"},\"image\":{\"@id\":\"https:\\\/\\\/www.zhgdled.com\\\/es\\\/hi-ufo-series-led-high-bay-light.html#primaryimage\"},\"thumbnailUrl\":\"https:\\\/\\\/www.zhgdled.com\\\/wp-content\\\/uploads\\\/2022\\\/06\\\/4-4.png\",\"datePublished\":\"2022-06-30T07:02:14+00:00\",\"dateModified\":\"2023-12-27T06:44:44+00:00\",\"description\":\"La serie Hi-UFO es una UFO Luces de bah\u00eda alta con un dise\u00f1o pesado, que est\u00e1 en l\u00ednea con la est\u00e9tica de los pa\u00edses europeos y americanos. El dise\u00f1o de la apariencia adopta el principio de la mec\u00e1nica de fluidos, con alta eficiencia t\u00e9rmica y una apariencia hermosa.\",\"breadcrumb\":{\"@id\":\"https:\\\/\\\/www.zhgdled.com\\\/es\\\/hi-ufo-series-led-high-bay-light.html#breadcrumb\"},\"inLanguage\":\"es\",\"potentialAction\":[{\"@type\":\"ReadAction\",\"target\":[\"https:\\\/\\\/www.zhgdled.com\\\/es\\\/hi-ufo-series-led-high-bay-light.html\"]}]},{\"@type\":\"ImageObject\",\"inLanguage\":\"es\",\"@id\":\"https:\\\/\\\/www.zhgdled.com\\\/es\\\/hi-ufo-series-led-high-bay-light.html#primaryimage\",\"url\":\"https:\\\/\\\/www.zhgdled.com\\\/wp-content\\\/uploads\\\/2022\\\/06\\\/4-4.png\",\"contentUrl\":\"https:\\\/\\\/www.zhgdled.com\\\/wp-content\\\/uploads\\\/2022\\\/06\\\/4-4.png\",\"width\":1600,\"height\":1600,\"caption\":\"hi-ufo serisi y\u00fcksek tavan lambas\u0131\"},{\"@type\":\"BreadcrumbList\",\"@id\":\"https:\\\/\\\/www.zhgdled.com\\\/es\\\/hi-ufo-series-led-high-bay-light.html#breadcrumb\",\"itemListElement\":[{\"@type\":\"ListItem\",\"position\":1,\"name\":\"Home\",\"item\":\"https:\\\/\\\/www.zhgdled.com\\\/es\"},{\"@type\":\"ListItem\",\"position\":2,\"name\":\"PRODUCTS\",\"item\":\"https:\\\/\\\/www.zhgdled.com\\\/zhl-products.html\"},{\"@type\":\"ListItem\",\"position\":3,\"name\":\"LUCES DE BAH\u00cdA ALTA SERIE HI-UFO 200LM\\\/W\"}]},{\"@type\":\"WebSite\",\"@id\":\"https:\\\/\\\/www.zhgdled.com\\\/es\\\/#website\",\"url\":\"https:\\\/\\\/www.zhgdled.com\\\/es\\\/\",\"name\":\"Grupo de iluminaci\u00f3n ZHL\",\"description\":\"Top ranking industrial lighting manufacturer and exporter\",\"publisher\":{\"@id\":\"https:\\\/\\\/www.zhgdled.com\\\/es\\\/#organization\"},\"potentialAction\":[{\"@type\":\"SearchAction\",\"target\":{\"@type\":\"EntryPoint\",\"urlTemplate\":\"https:\\\/\\\/www.zhgdled.com\\\/es\\\/?s={search_term_string}\"},\"query-input\":{\"@type\":\"PropertyValueSpecification\",\"valueRequired\":true,\"valueName\":\"search_term_string\"}}],\"inLanguage\":\"es\"},{\"@type\":\"Organization\",\"@id\":\"https:\\\/\\\/www.zhgdled.com\\\/es\\\/#organization\",\"name\":\"ZHL Lighting Group\",\"url\":\"https:\\\/\\\/www.zhgdled.com\\\/es\\\/\",\"logo\":{\"@type\":\"ImageObject\",\"inLanguage\":\"es\",\"@id\":\"https:\\\/\\\/www.zhgdled.com\\\/es\\\/#\\\/schema\\\/logo\\\/image\\\/\",\"url\":\"\",\"contentUrl\":\"\",\"caption\":\"ZHL Lighting Group\"},\"image\":{\"@id\":\"https:\\\/\\\/www.zhgdled.com\\\/es\\\/#\\\/schema\\\/logo\\\/image\\\/\"},\"sameAs\":[\"https:\\\/\\\/www.facebook.com\\\/zhllightinggroup\",\"https:\\\/\\\/x.com\\\/zhl_lighting\"]}]}<\/script>\n<!-- \/ Yoast SEO plugin. -->","yoast_head_json":{"title":"LUCES DE BAH\u00cdA ALTA SERIE HI-UFO 200LM\/W &#8211; Grupo de iluminaci\u00f3n ZHL","description":"La serie Hi-UFO es una UFO Luces de bah\u00eda alta con un dise\u00f1o pesado, que est\u00e1 en l\u00ednea con la est\u00e9tica de los pa\u00edses europeos y americanos. El dise\u00f1o de la apariencia adopta el principio de la mec\u00e1nica de fluidos, con alta eficiencia t\u00e9rmica y una apariencia hermosa.","robots":{"index":"index","follow":"follow","max-snippet":"max-snippet:-1","max-image-preview":"max-image-preview:large","max-video-preview":"max-video-preview:-1"},"canonical":"https:\/\/www.zhgdled.com\/es\/hi-ufo-series-led-high-bay-light.html","og_locale":"es_ES","og_type":"article","og_title":"LUCES DE BAH\u00cdA ALTA SERIE HI-UFO 200LM\/W &#8211; Grupo de iluminaci\u00f3n ZHL","og_description":"La serie Hi-UFO es una UFO Luces de bah\u00eda alta con un dise\u00f1o pesado, que est\u00e1 en l\u00ednea con la est\u00e9tica de los pa\u00edses europeos y americanos. El dise\u00f1o de la apariencia adopta el principio de la mec\u00e1nica de fluidos, con alta eficiencia t\u00e9rmica y una apariencia hermosa.","og_url":"https:\/\/www.zhgdled.com\/es\/hi-ufo-series-led-high-bay-light.html","og_site_name":"Grupo de iluminaci\u00f3n ZHL","article_publisher":"https:\/\/www.facebook.com\/zhllightinggroup","article_modified_time":"2023-12-27T06:44:44+00:00","og_image":[{"width":1600,"height":1600,"url":"https:\/\/www.zhgdled.com\/wp-content\/uploads\/2022\/06\/4-4.png","type":"image\/png"}],"twitter_card":"summary_large_image","twitter_site":"@zhl_lighting","twitter_misc":{"Tiempo de lectura":"2 minutos"},"schema":{"@context":"https:\/\/schema.org","@graph":[{"@type":"WebPage","@id":"https:\/\/www.zhgdled.com\/es\/hi-ufo-series-led-high-bay-light.html","url":"https:\/\/www.zhgdled.com\/es\/hi-ufo-series-led-high-bay-light.html","name":"LUCES DE BAH\u00cdA ALTA SERIE HI-UFO 200LM\/W &#8211; Grupo de iluminaci\u00f3n ZHL","isPartOf":{"@id":"https:\/\/www.zhgdled.com\/es\/#website"},"primaryImageOfPage":{"@id":"https:\/\/www.zhgdled.com\/es\/hi-ufo-series-led-high-bay-light.html#primaryimage"},"image":{"@id":"https:\/\/www.zhgdled.com\/es\/hi-ufo-series-led-high-bay-light.html#primaryimage"},"thumbnailUrl":"https:\/\/www.zhgdled.com\/wp-content\/uploads\/2022\/06\/4-4.png","datePublished":"2022-06-30T07:02:14+00:00","dateModified":"2023-12-27T06:44:44+00:00","description":"La serie Hi-UFO es una UFO Luces de bah\u00eda alta con un dise\u00f1o pesado, que est\u00e1 en l\u00ednea con la est\u00e9tica de los pa\u00edses europeos y americanos. El dise\u00f1o de la apariencia adopta el principio de la mec\u00e1nica de fluidos, con alta eficiencia t\u00e9rmica y una apariencia hermosa.","breadcrumb":{"@id":"https:\/\/www.zhgdled.com\/es\/hi-ufo-series-led-high-bay-light.html#breadcrumb"},"inLanguage":"es","potentialAction":[{"@type":"ReadAction","target":["https:\/\/www.zhgdled.com\/es\/hi-ufo-series-led-high-bay-light.html"]}]},{"@type":"ImageObject","inLanguage":"es","@id":"https:\/\/www.zhgdled.com\/es\/hi-ufo-series-led-high-bay-light.html#primaryimage","url":"https:\/\/www.zhgdled.com\/wp-content\/uploads\/2022\/06\/4-4.png","contentUrl":"https:\/\/www.zhgdled.com\/wp-content\/uploads\/2022\/06\/4-4.png","width":1600,"height":1600,"caption":"hi-ufo serisi y\u00fcksek tavan lambas\u0131"},{"@type":"BreadcrumbList","@id":"https:\/\/www.zhgdled.com\/es\/hi-ufo-series-led-high-bay-light.html#breadcrumb","itemListElement":[{"@type":"ListItem","position":1,"name":"Home","item":"https:\/\/www.zhgdled.com\/es"},{"@type":"ListItem","position":2,"name":"PRODUCTS","item":"https:\/\/www.zhgdled.com\/zhl-products.html"},{"@type":"ListItem","position":3,"name":"LUCES DE BAH\u00cdA ALTA SERIE HI-UFO 200LM\/W"}]},{"@type":"WebSite","@id":"https:\/\/www.zhgdled.com\/es\/#website","url":"https:\/\/www.zhgdled.com\/es\/","name":"Grupo de iluminaci\u00f3n ZHL","description":"Top ranking industrial lighting manufacturer and exporter","publisher":{"@id":"https:\/\/www.zhgdled.com\/es\/#organization"},"potentialAction":[{"@type":"SearchAction","target":{"@type":"EntryPoint","urlTemplate":"https:\/\/www.zhgdled.com\/es\/?s={search_term_string}"},"query-input":{"@type":"PropertyValueSpecification","valueRequired":true,"valueName":"search_term_string"}}],"inLanguage":"es"},{"@type":"Organization","@id":"https:\/\/www.zhgdled.com\/es\/#organization","name":"ZHL Lighting Group","url":"https:\/\/www.zhgdled.com\/es\/","logo":{"@type":"ImageObject","inLanguage":"es","@id":"https:\/\/www.zhgdled.com\/es\/#\/schema\/logo\/image\/","url":"","contentUrl":"","caption":"ZHL Lighting Group"},"image":{"@id":"https:\/\/www.zhgdled.com\/es\/#\/schema\/logo\/image\/"},"sameAs":["https:\/\/www.facebook.com\/zhllightinggroup","https:\/\/x.com\/zhl_lighting"]}]}},"_links":{"self":[{"href":"https:\/\/www.zhgdled.com\/es\/wp-json\/wp\/v2\/product\/7055","targetHints":{"allow":["GET"]}}],"collection":[{"href":"https:\/\/www.zhgdled.com\/es\/wp-json\/wp\/v2\/product"}],"about":[{"href":"https:\/\/www.zhgdled.com\/es\/wp-json\/wp\/v2\/types\/product"}],"wp:featuredmedia":[{"embeddable":true,"href":"https:\/\/www.zhgdled.com\/es\/wp-json\/wp\/v2\/media\/13247"}],"wp:attachment":[{"href":"https:\/\/www.zhgdled.com\/es\/wp-json\/wp\/v2\/media?parent=7055"}],"wp:term":[{"taxonomy":"product_brand","embeddable":true,"href":"https:\/\/www.zhgdled.com\/es\/wp-json\/wp\/v2\/product_brand?post=7055"},{"taxonomy":"product_cat","embeddable":true,"href":"https:\/\/www.zhgdled.com\/es\/wp-json\/wp\/v2\/product_cat?post=7055"},{"taxonomy":"product_tag","embeddable":true,"href":"https:\/\/www.zhgdled.com\/es\/wp-json\/wp\/v2\/product_tag?post=7055"}],"curies":[{"name":"wp","href":"https:\/\/api.w.org\/{rel}","templated":true}]}}