{"id":7080,"date":"2023-08-21T09:25:02","date_gmt":"2023-07-05T03:38:02","guid":{"rendered":"https:\/\/www.zhgdled.com\/product\/z-plus-series-3rd-gen-led-flood-light"},"modified":"2023-07-06T08:11:55","modified_gmt":"2023-07-06T00:11:55","slug":"z-plus-series-3rd-gen-led-flood-light","status":"publish","type":"product","link":"https:\/\/www.zhgdled.com\/es\/z-plus-series-3rd-gen-led-flood-light.html","title":{"rendered":"Proyectores LED SERIE Z-PLUS LUZ (GENERACI\u00d3N 3.0)"},"content":{"rendered":"<h2>PLAN DE ILUMINACI\u00d3N EXTERIOR RENTABLE PARA USUARIOS RESIDENCIALES, COMERCIALES O INDUSTRIALES<\/h2>\n<ul>\n<li>Cuerpo ligero aerodin\u00e1mico, apariencia simple y atmosf\u00e9rica.<\/li>\n<li>30W-200W varias opciones de potencia (luces de inundaci\u00f3n similares).<\/li>\n<li>Reflector de alta calidad con material nano de alta reflexi\u00f3n difusa, mayor reflectividad y mejor efecto antideslumbrante.<\/li>\n<li>Excelente aluminio fundido a presi\u00f3n ADC12 combinado con un dise\u00f1o industrial cient\u00edfico para una mejor disipaci\u00f3n del calor.<\/li>\n<li>El lujo y los precios competitivos son los factores subyacentes para lograr altos vol\u00famenes de producci\u00f3n.<\/li>\n<\/ul>\n<p>VER EST\u00c1NDARES DE LA INDUSTRIA RE. LUCES DE INUNDACI\u00d3N<\/p>\n<table width=\"580\">\n<tbody>\n<tr>\n<td width=\"284\">UL<\/td>\n<td width=\"284\"><a href=\"https:\/\/www.ul.com\/industries\/products-and-components\/lighting\"><strong><b>UL Solutions\u2019 lighting services<\/b><\/strong><\/a><\/td>\n<\/tr>\n<tr>\n<td width=\"284\">CE<\/td>\n<td width=\"284\"><a href=\"https:\/\/eur-lex.europa.eu\/legal-content\/EN\/TXT\/PDF\/?uri=CELEX:32014L0035&amp;from=HU\"><strong><b>LVD Directive 2014\/35\/EU<\/b><\/strong><\/a><\/td>\n<\/tr>\n<\/tbody>\n<\/table>\n<blockquote><p>\u00bfNecesita un cat\u00e1logo? <a href=\"https:\/\/www.zhgdled.com\/es\/download\/z-plus-series-3rd-gen-solar-flood-light\">haga clic aqu\u00ed<\/a><\/p><\/blockquote>\n<h2>ESPECIFICACI\u00d3N<\/h2>\n<table width=\"862\">\n<tbody>\n<tr>\n<td width=\"161\">Potencia<\/td>\n<td width=\"140\">30W<\/td>\n<td width=\"140\">50W<\/td>\n<td width=\"140\">100W<\/td>\n<td width=\"140\">150W<\/td>\n<td width=\"140\">200W<\/td>\n<\/tr>\n<tr>\n<td>Dimensi\u00f3n<\/td>\n<td>221*165*27mm<\/td>\n<td>221*165*27mm<\/td>\n<td>279*221*28mm<\/td>\n<td>380*294*38mm<\/td>\n<td>380*294*38mm<\/td>\n<\/tr>\n<tr>\n<td>Eficiencia lum\u00ednica<\/td>\n<td colspan=\"5\">90LM\/W<\/td>\n<\/tr>\n<tr>\n<td>Lumen<\/td>\n<td>3,000lm\u00b110%<\/td>\n<td>5,000lm\u00b110%<\/td>\n<td>10,000lm\u00b110%<\/td>\n<td>15,000lm\u00b110%<\/td>\n<td>20,000lm\u00b110%<\/td>\n<\/tr>\n<tr>\n<td>Chip<\/td>\n<td colspan=\"5\">Chinese brand SMD 2835\/or other brands<\/td>\n<\/tr>\n<tr>\n<td>PF<\/td>\n<td colspan=\"5\">\u22650.5<\/td>\n<\/tr>\n<tr>\n<td>CRI<\/td>\n<td colspan=\"5\">\u226580<\/td>\n<\/tr>\n<tr>\n<td>CCT<\/td>\n<td colspan=\"5\">2700-6500K for option<\/td>\n<\/tr>\n<tr>\n<td>\u00c1ngulo de haz<\/td>\n<td colspan=\"5\">60\u00b0,90\u00b0, 120\u00b0 for option<\/td>\n<\/tr>\n<tr>\n<td>IP degree<\/td>\n<td colspan=\"5\">IP66<\/td>\n<\/tr>\n<tr>\n<td>Driver<\/td>\n<td colspan=\"5\">DOB<\/td>\n<\/tr>\n<tr>\n<td>Protecci\u00f3n contra sobretensiones<\/td>\n<td colspan=\"5\">1KV\/2KV<\/td>\n<\/tr>\n<tr>\n<td>Garant\u00eda<\/td>\n<td colspan=\"5\">2 A\u00f1os<\/td>\n<\/tr>\n<tr>\n<td>Temperatura de trabajo<\/td>\n<td colspan=\"5\">-20\u00b0C ~ +50\u00b0C<\/td>\n<\/tr>\n<tr>\n<td>Esperanza de vida<\/td>\n<td colspan=\"5\">35,000hrs\/50,000hrs<\/td>\n<\/tr>\n<tr>\n<td>Voltaje de entrada<\/td>\n<td colspan=\"5\">AC 220V-240V, 50\/60Hz<\/td>\n<\/tr>\n<tr>\n<td>Materiales<\/td>\n<td colspan=\"5\">Aluminio+vidrio \u00f3ptico<\/td>\n<\/tr>\n<\/tbody>\n<\/table>\n","protected":false},"excerpt":{"rendered":"<p>En 2022, se lanz\u00f3 el proyectores LED de 3.\u00aa generaci\u00f3n de la serie Z-Plus en el contexto de la crisis energ\u00e9tica europea. Las proyectores LED serie Z-Plus buscan reemplazar los haluros met\u00e1licos de 250W, reduciendo el consumo de energ\u00eda en un 60%. Estas luces tienen una salida de 3000 a 20 000 l\u00famenes, lo que proporciona una cantidad de iluminaci\u00f3n equivalente a las alternativas que consumen mucha energ\u00eda, al tiempo que utilizan una rentable 100 lm\/w.<\/p>\n<ul>\n<li>Potencia: 30W\/50W\/100W\/150W\/200W<\/li>\n<li>3000 lm (30 W), 5000 lm (50 W), 10 000 lm (100 W), 15 000 lm (150 W), 20 000 lm (200 W)<\/li>\n<li>Eficiencia: 100lm\/w\u00b110%<\/li>\n<li>2700-6500K opcional<\/li>\n<li>\u00c1ngulo de haz de 60\u00b0, 90\u00b0, 120\u00b0 opcional<\/li>\n<li>CA 220 V-240 V, 50\/60 Hz \/ CA 100 V-240 V, 50\/60 Hz<\/li>\n<\/ul>\n","protected":false},"featured_media":21525,"template":"","meta":[],"product_brand":[],"product_cat":[611],"product_tag":[280,281],"class_list":{"0":"post-7080","1":"product","2":"type-product","3":"status-publish","4":"has-post-thumbnail","6":"product_cat-led-flood-light-es","7":"product_tag-flood-light-es","8":"product_tag-anti-glare-es","10":"first","11":"instock","12":"featured","13":"shipping-taxable","14":"product-type-simple"},"yoast_head":"<!-- This site is optimized with the Yoast SEO plugin v27.4 - https:\/\/yoast.com\/product\/yoast-seo-wordpress\/ -->\n<title>Proyectores LED SERIE Z-PLUS LUZ (GENERACI\u00d3N 3.0) &#8211; Grupo de iluminaci\u00f3n ZHL<\/title>\n<meta name=\"description\" content=\"Se lanz\u00f3 el Proyectores LED de 3.\u00aa generaci\u00f3n de la serie Z-Plus en el contexto de la crisis energ\u00e9tica europea. Las luces de inundaci\u00f3n Z-Plus buscan reemplazar los haluros met\u00e1licos de 250 W, reduciendo el consumo de energ\u00eda en un 60 %. Estas luces tienen una salida de 3000 a 20 000 l\u00famenes, lo que proporciona una cantidad de iluminaci\u00f3n equivalente a las alternativas que consumen mucha energ\u00eda, al tiempo que utilizan una rentable 100 lm\/w.\" \/>\n<meta name=\"robots\" content=\"index, follow, max-snippet:-1, max-image-preview:large, max-video-preview:-1\" \/>\n<link rel=\"canonical\" href=\"https:\/\/www.zhgdled.com\/es\/z-plus-series-3rd-gen-led-flood-light.html\" \/>\n<meta property=\"og:locale\" content=\"es_ES\" \/>\n<meta property=\"og:type\" content=\"article\" \/>\n<meta property=\"og:title\" content=\"Proyectores LED SERIE Z-PLUS LUZ (GENERACI\u00d3N 3.0) &#8211; Grupo de iluminaci\u00f3n ZHL\" \/>\n<meta property=\"og:description\" content=\"Se lanz\u00f3 el Proyectores LED de 3.\u00aa generaci\u00f3n de la serie Z-Plus en el contexto de la crisis energ\u00e9tica europea. Las luces de inundaci\u00f3n Z-Plus buscan reemplazar los haluros met\u00e1licos de 250 W, reduciendo el consumo de energ\u00eda en un 60 %. Estas luces tienen una salida de 3000 a 20 000 l\u00famenes, lo que proporciona una cantidad de iluminaci\u00f3n equivalente a las alternativas que consumen mucha energ\u00eda, al tiempo que utilizan una rentable 100 lm\/w.\" \/>\n<meta property=\"og:url\" content=\"https:\/\/www.zhgdled.com\/es\/z-plus-series-3rd-gen-led-flood-light.html\" \/>\n<meta property=\"og:site_name\" content=\"Grupo de iluminaci\u00f3n ZHL\" \/>\n<meta property=\"article:publisher\" content=\"https:\/\/www.facebook.com\/zhllightinggroup\" \/>\n<meta property=\"article:modified_time\" content=\"2023-07-06T00:11:55+00:00\" \/>\n<meta property=\"og:image\" content=\"https:\/\/www.zhgdled.com\/wp-content\/uploads\/2022\/07\/3.png\" \/>\n\t<meta property=\"og:image:width\" content=\"1600\" \/>\n\t<meta property=\"og:image:height\" content=\"1600\" \/>\n\t<meta property=\"og:image:type\" content=\"image\/png\" \/>\n<meta name=\"twitter:card\" content=\"summary_large_image\" \/>\n<meta name=\"twitter:site\" content=\"@zhl_lighting\" \/>\n<meta name=\"twitter:label1\" content=\"Tiempo de lectura\" \/>\n\t<meta name=\"twitter:data1\" content=\"1 minuto\" \/>\n<script type=\"application\/ld+json\" class=\"yoast-schema-graph\">{\"@context\":\"https:\\\/\\\/schema.org\",\"@graph\":[{\"@type\":\"WebPage\",\"@id\":\"https:\\\/\\\/www.zhgdled.com\\\/es\\\/z-plus-series-3rd-gen-led-flood-light.html\",\"url\":\"https:\\\/\\\/www.zhgdled.com\\\/es\\\/z-plus-series-3rd-gen-led-flood-light.html\",\"name\":\"Proyectores LED SERIE Z-PLUS LUZ (GENERACI\u00d3N 3.0) &#8211; Grupo de iluminaci\u00f3n ZHL\",\"isPartOf\":{\"@id\":\"https:\\\/\\\/www.zhgdled.com\\\/es\\\/#website\"},\"primaryImageOfPage\":{\"@id\":\"https:\\\/\\\/www.zhgdled.com\\\/es\\\/z-plus-series-3rd-gen-led-flood-light.html#primaryimage\"},\"image\":{\"@id\":\"https:\\\/\\\/www.zhgdled.com\\\/es\\\/z-plus-series-3rd-gen-led-flood-light.html#primaryimage\"},\"thumbnailUrl\":\"https:\\\/\\\/www.zhgdled.com\\\/wp-content\\\/uploads\\\/2023\\\/06\\\/Z-PLUS-3-MAIN.png\",\"datePublished\":\"2023-07-05T03:38:02+00:00\",\"dateModified\":\"2023-07-06T00:11:55+00:00\",\"description\":\"Se lanz\u00f3 el Proyectores LED de 3.\u00aa generaci\u00f3n de la serie Z-Plus en el contexto de la crisis energ\u00e9tica europea. Las luces de inundaci\u00f3n Z-Plus buscan reemplazar los haluros met\u00e1licos de 250 W, reduciendo el consumo de energ\u00eda en un 60 %. Estas luces tienen una salida de 3000 a 20 000 l\u00famenes, lo que proporciona una cantidad de iluminaci\u00f3n equivalente a las alternativas que consumen mucha energ\u00eda, al tiempo que utilizan una rentable 100 lm\\\/w.\",\"breadcrumb\":{\"@id\":\"https:\\\/\\\/www.zhgdled.com\\\/es\\\/z-plus-series-3rd-gen-led-flood-light.html#breadcrumb\"},\"inLanguage\":\"es\",\"potentialAction\":[{\"@type\":\"ReadAction\",\"target\":[\"https:\\\/\\\/www.zhgdled.com\\\/es\\\/z-plus-series-3rd-gen-led-flood-light.html\"]}]},{\"@type\":\"ImageObject\",\"inLanguage\":\"es\",\"@id\":\"https:\\\/\\\/www.zhgdled.com\\\/es\\\/z-plus-series-3rd-gen-led-flood-light.html#primaryimage\",\"url\":\"https:\\\/\\\/www.zhgdled.com\\\/wp-content\\\/uploads\\\/2023\\\/06\\\/Z-PLUS-3-MAIN.png\",\"contentUrl\":\"https:\\\/\\\/www.zhgdled.com\\\/wp-content\\\/uploads\\\/2023\\\/06\\\/Z-PLUS-3-MAIN.png\",\"width\":1600,\"height\":1600,\"caption\":\"Z-PLUS series floodlights by ZHL\"},{\"@type\":\"BreadcrumbList\",\"@id\":\"https:\\\/\\\/www.zhgdled.com\\\/es\\\/z-plus-series-3rd-gen-led-flood-light.html#breadcrumb\",\"itemListElement\":[{\"@type\":\"ListItem\",\"position\":1,\"name\":\"Home\",\"item\":\"https:\\\/\\\/www.zhgdled.com\\\/es\"},{\"@type\":\"ListItem\",\"position\":2,\"name\":\"PRODUCTS\",\"item\":\"https:\\\/\\\/www.zhgdled.com\\\/zhl-products.html\"},{\"@type\":\"ListItem\",\"position\":3,\"name\":\"Proyectores LED SERIE Z-PLUS LUZ (GENERACI\u00d3N 3.0)\"}]},{\"@type\":\"WebSite\",\"@id\":\"https:\\\/\\\/www.zhgdled.com\\\/es\\\/#website\",\"url\":\"https:\\\/\\\/www.zhgdled.com\\\/es\\\/\",\"name\":\"Grupo de iluminaci\u00f3n ZHL\",\"description\":\"Top ranking industrial lighting manufacturer and exporter\",\"publisher\":{\"@id\":\"https:\\\/\\\/www.zhgdled.com\\\/es\\\/#organization\"},\"potentialAction\":[{\"@type\":\"SearchAction\",\"target\":{\"@type\":\"EntryPoint\",\"urlTemplate\":\"https:\\\/\\\/www.zhgdled.com\\\/es\\\/?s={search_term_string}\"},\"query-input\":{\"@type\":\"PropertyValueSpecification\",\"valueRequired\":true,\"valueName\":\"search_term_string\"}}],\"inLanguage\":\"es\"},{\"@type\":\"Organization\",\"@id\":\"https:\\\/\\\/www.zhgdled.com\\\/es\\\/#organization\",\"name\":\"ZHL Lighting Group\",\"url\":\"https:\\\/\\\/www.zhgdled.com\\\/es\\\/\",\"logo\":{\"@type\":\"ImageObject\",\"inLanguage\":\"es\",\"@id\":\"https:\\\/\\\/www.zhgdled.com\\\/es\\\/#\\\/schema\\\/logo\\\/image\\\/\",\"url\":\"\",\"contentUrl\":\"\",\"caption\":\"ZHL Lighting Group\"},\"image\":{\"@id\":\"https:\\\/\\\/www.zhgdled.com\\\/es\\\/#\\\/schema\\\/logo\\\/image\\\/\"},\"sameAs\":[\"https:\\\/\\\/www.facebook.com\\\/zhllightinggroup\",\"https:\\\/\\\/x.com\\\/zhl_lighting\"]}]}<\/script>\n<!-- \/ Yoast SEO plugin. -->","yoast_head_json":{"title":"Proyectores LED SERIE Z-PLUS LUZ (GENERACI\u00d3N 3.0) &#8211; Grupo de iluminaci\u00f3n ZHL","description":"Se lanz\u00f3 el Proyectores LED de 3.\u00aa generaci\u00f3n de la serie Z-Plus en el contexto de la crisis energ\u00e9tica europea. Las luces de inundaci\u00f3n Z-Plus buscan reemplazar los haluros met\u00e1licos de 250 W, reduciendo el consumo de energ\u00eda en un 60 %. Estas luces tienen una salida de 3000 a 20 000 l\u00famenes, lo que proporciona una cantidad de iluminaci\u00f3n equivalente a las alternativas que consumen mucha energ\u00eda, al tiempo que utilizan una rentable 100 lm\/w.","robots":{"index":"index","follow":"follow","max-snippet":"max-snippet:-1","max-image-preview":"max-image-preview:large","max-video-preview":"max-video-preview:-1"},"canonical":"https:\/\/www.zhgdled.com\/es\/z-plus-series-3rd-gen-led-flood-light.html","og_locale":"es_ES","og_type":"article","og_title":"Proyectores LED SERIE Z-PLUS LUZ (GENERACI\u00d3N 3.0) &#8211; Grupo de iluminaci\u00f3n ZHL","og_description":"Se lanz\u00f3 el Proyectores LED de 3.\u00aa generaci\u00f3n de la serie Z-Plus en el contexto de la crisis energ\u00e9tica europea. Las luces de inundaci\u00f3n Z-Plus buscan reemplazar los haluros met\u00e1licos de 250 W, reduciendo el consumo de energ\u00eda en un 60 %. Estas luces tienen una salida de 3000 a 20 000 l\u00famenes, lo que proporciona una cantidad de iluminaci\u00f3n equivalente a las alternativas que consumen mucha energ\u00eda, al tiempo que utilizan una rentable 100 lm\/w.","og_url":"https:\/\/www.zhgdled.com\/es\/z-plus-series-3rd-gen-led-flood-light.html","og_site_name":"Grupo de iluminaci\u00f3n ZHL","article_publisher":"https:\/\/www.facebook.com\/zhllightinggroup","article_modified_time":"2023-07-06T00:11:55+00:00","og_image":[{"width":1600,"height":1600,"url":"https:\/\/www.zhgdled.com\/wp-content\/uploads\/2022\/07\/3.png","type":"image\/png"}],"twitter_card":"summary_large_image","twitter_site":"@zhl_lighting","twitter_misc":{"Tiempo de lectura":"1 minuto"},"schema":{"@context":"https:\/\/schema.org","@graph":[{"@type":"WebPage","@id":"https:\/\/www.zhgdled.com\/es\/z-plus-series-3rd-gen-led-flood-light.html","url":"https:\/\/www.zhgdled.com\/es\/z-plus-series-3rd-gen-led-flood-light.html","name":"Proyectores LED SERIE Z-PLUS LUZ (GENERACI\u00d3N 3.0) &#8211; Grupo de iluminaci\u00f3n ZHL","isPartOf":{"@id":"https:\/\/www.zhgdled.com\/es\/#website"},"primaryImageOfPage":{"@id":"https:\/\/www.zhgdled.com\/es\/z-plus-series-3rd-gen-led-flood-light.html#primaryimage"},"image":{"@id":"https:\/\/www.zhgdled.com\/es\/z-plus-series-3rd-gen-led-flood-light.html#primaryimage"},"thumbnailUrl":"https:\/\/www.zhgdled.com\/wp-content\/uploads\/2023\/06\/Z-PLUS-3-MAIN.png","datePublished":"2023-07-05T03:38:02+00:00","dateModified":"2023-07-06T00:11:55+00:00","description":"Se lanz\u00f3 el Proyectores LED de 3.\u00aa generaci\u00f3n de la serie Z-Plus en el contexto de la crisis energ\u00e9tica europea. Las luces de inundaci\u00f3n Z-Plus buscan reemplazar los haluros met\u00e1licos de 250 W, reduciendo el consumo de energ\u00eda en un 60 %. Estas luces tienen una salida de 3000 a 20 000 l\u00famenes, lo que proporciona una cantidad de iluminaci\u00f3n equivalente a las alternativas que consumen mucha energ\u00eda, al tiempo que utilizan una rentable 100 lm\/w.","breadcrumb":{"@id":"https:\/\/www.zhgdled.com\/es\/z-plus-series-3rd-gen-led-flood-light.html#breadcrumb"},"inLanguage":"es","potentialAction":[{"@type":"ReadAction","target":["https:\/\/www.zhgdled.com\/es\/z-plus-series-3rd-gen-led-flood-light.html"]}]},{"@type":"ImageObject","inLanguage":"es","@id":"https:\/\/www.zhgdled.com\/es\/z-plus-series-3rd-gen-led-flood-light.html#primaryimage","url":"https:\/\/www.zhgdled.com\/wp-content\/uploads\/2023\/06\/Z-PLUS-3-MAIN.png","contentUrl":"https:\/\/www.zhgdled.com\/wp-content\/uploads\/2023\/06\/Z-PLUS-3-MAIN.png","width":1600,"height":1600,"caption":"Z-PLUS series floodlights by ZHL"},{"@type":"BreadcrumbList","@id":"https:\/\/www.zhgdled.com\/es\/z-plus-series-3rd-gen-led-flood-light.html#breadcrumb","itemListElement":[{"@type":"ListItem","position":1,"name":"Home","item":"https:\/\/www.zhgdled.com\/es"},{"@type":"ListItem","position":2,"name":"PRODUCTS","item":"https:\/\/www.zhgdled.com\/zhl-products.html"},{"@type":"ListItem","position":3,"name":"Proyectores LED SERIE Z-PLUS LUZ (GENERACI\u00d3N 3.0)"}]},{"@type":"WebSite","@id":"https:\/\/www.zhgdled.com\/es\/#website","url":"https:\/\/www.zhgdled.com\/es\/","name":"Grupo de iluminaci\u00f3n ZHL","description":"Top ranking industrial lighting manufacturer and exporter","publisher":{"@id":"https:\/\/www.zhgdled.com\/es\/#organization"},"potentialAction":[{"@type":"SearchAction","target":{"@type":"EntryPoint","urlTemplate":"https:\/\/www.zhgdled.com\/es\/?s={search_term_string}"},"query-input":{"@type":"PropertyValueSpecification","valueRequired":true,"valueName":"search_term_string"}}],"inLanguage":"es"},{"@type":"Organization","@id":"https:\/\/www.zhgdled.com\/es\/#organization","name":"ZHL Lighting Group","url":"https:\/\/www.zhgdled.com\/es\/","logo":{"@type":"ImageObject","inLanguage":"es","@id":"https:\/\/www.zhgdled.com\/es\/#\/schema\/logo\/image\/","url":"","contentUrl":"","caption":"ZHL Lighting Group"},"image":{"@id":"https:\/\/www.zhgdled.com\/es\/#\/schema\/logo\/image\/"},"sameAs":["https:\/\/www.facebook.com\/zhllightinggroup","https:\/\/x.com\/zhl_lighting"]}]}},"_links":{"self":[{"href":"https:\/\/www.zhgdled.com\/es\/wp-json\/wp\/v2\/product\/7080","targetHints":{"allow":["GET"]}}],"collection":[{"href":"https:\/\/www.zhgdled.com\/es\/wp-json\/wp\/v2\/product"}],"about":[{"href":"https:\/\/www.zhgdled.com\/es\/wp-json\/wp\/v2\/types\/product"}],"wp:featuredmedia":[{"embeddable":true,"href":"https:\/\/www.zhgdled.com\/es\/wp-json\/wp\/v2\/media\/21525"}],"wp:attachment":[{"href":"https:\/\/www.zhgdled.com\/es\/wp-json\/wp\/v2\/media?parent=7080"}],"wp:term":[{"taxonomy":"product_brand","embeddable":true,"href":"https:\/\/www.zhgdled.com\/es\/wp-json\/wp\/v2\/product_brand?post=7080"},{"taxonomy":"product_cat","embeddable":true,"href":"https:\/\/www.zhgdled.com\/es\/wp-json\/wp\/v2\/product_cat?post=7080"},{"taxonomy":"product_tag","embeddable":true,"href":"https:\/\/www.zhgdled.com\/es\/wp-json\/wp\/v2\/product_tag?post=7080"}],"curies":[{"name":"wp","href":"https:\/\/api.w.org\/{rel}","templated":true}]}}