{"id":7264,"date":"2023-06-13T01:56:54","date_gmt":"2021-10-14T05:56:54","guid":{"rendered":"https:\/\/www.zhgdled.com\/product\/top-light"},"modified":"2022-10-27T10:55:32","modified_gmt":"2022-10-27T02:55:32","slug":"proveedor-de-luz-de-jardin","status":"publish","type":"product","link":"https:\/\/www.zhgdled.com\/es\/proveedor-de-luz-de-jardin.html","title":{"rendered":"POSTE DE LUZ SUPERIOR DE JARD\u00cdN Y PASILLO"},"content":{"rendered":"<blockquote>\n<h2>\u00a1La versi\u00f3n actualizada del estilo tradicional poste de luz superior!<\/h2>\n<\/blockquote>\n<table style=\"height: 324px;\" border=\"0\" width=\"830\" cellspacing=\"0\" cellpadding=\"0\">\n<tbody>\n<tr>\n<td class=\"et4\" align=\"right\" width=\"105\" height=\"30\">\n<h2 style=\"text-align: left;\">Reflejos<\/h2>\n<ul>\n<li style=\"text-align: left;\">Carcasa de aluminio fundido resistente a la corrosi\u00f3n para trabajo pesado<\/li>\n<li style=\"text-align: left;\">Pasar la prueba de vibraci\u00f3n 3G<\/li>\n<li style=\"text-align: left;\">IRC de 80+<\/li>\n<li style=\"text-align: left;\">2700K \u2013 65000K temperatura de color<\/li>\n<li style=\"text-align: left;\">Listado por UL y CUL para ubicaciones h\u00famedas<\/li>\n<li style=\"text-align: left;\">50-80% de ahorro de energ\u00eda<\/li>\n<li style=\"text-align: left;\">Garant\u00eda de 5 a\u00f1os<\/li>\n<li style=\"text-align: left;\">Personalizaciones y opciones disponibles bajo pedido<\/li>\n<\/ul>\n<\/td>\n<td style=\"text-align: left;\" align=\"right\" width=\"72\">\n<h2>Alojamiento<\/h2>\n<ul>\n<li>Carcasa de fundici\u00f3n a presi\u00f3n de servicio pesado con disipador de calor integral<\/li>\n<li>Acabado de pintura en polvo color bronce, multicapa, resistente a los rayos UV<\/li>\n<li>Fotoc\u00e9lula adaptable<\/li>\n<li>Parte superior de montaje en poste extra\u00edble para facilitar el acceso a los cables<\/li>\n<li>Lente de policarbonato UV moldeado por inyecci\u00f3n<\/li>\n<li>Se adapta a puntas de postes o espigas de 2-3\/8\u2033<\/li>\n<\/ul>\n<\/td>\n<\/tr>\n<\/tbody>\n<\/table>\n<div class=\"J_module\">\n<div class=\"grid__item one-third tab-one-half palm-one-whole\"><\/div>\n<\/div>\n<table style=\"height: 652px;\" width=\"865\">\n<tbody>\n<tr>\n<td width=\"284\">\n<h3>ESPECIFICACIONES T\u00c9CNICAS<\/h3>\n<ul>\n<li id=\"ali-anchor-AliMagic-s5qei7\" class=\"magic-0\" data-section=\"AliMagic-s5qei7\" data-section-title=\"Product Description\" data-spm-anchor-id=\"a2700.details.0.i20.2d8a1a34X1y9Gb\">IP 65, certificado CE ERC ETL CB.<\/li>\n<li class=\"magic-0\" data-section=\"AliMagic-s5qei7\" data-section-title=\"Product Description\" data-spm-anchor-id=\"a2700.details.0.i20.2d8a1a34X1y9Gb\">Potencia: 30W 50w 80w 100w<\/li>\n<li class=\"magic-0\" data-section=\"AliMagic-s5qei7\" data-section-title=\"Product Description\" data-spm-anchor-id=\"a2700.details.0.i20.2d8a1a34X1y9Gb\">Voltaje: 100v-277v CA 50\/60Hz<\/li>\n<li class=\"magic-0\" data-section=\"AliMagic-s5qei7\" data-section-title=\"Product Description\" data-spm-anchor-id=\"a2700.details.0.i20.2d8a1a34X1y9Gb\">Eficiencia luminosa: 130Lm\/w<\/li>\n<li class=\"magic-0\" data-section=\"AliMagic-s5qei7\" data-section-title=\"Product Description\" data-spm-anchor-id=\"a2700.details.0.i20.2d8a1a34X1y9Gb\">\u00c1ngulo de haz: 60\u00b0, 90\u00b0, 120\u00b0<\/li>\n<li class=\"magic-0\" data-section=\"AliMagic-s5qei7\" data-section-title=\"Product Description\" data-spm-anchor-id=\"a2700.details.0.i20.2d8a1a34X1y9Gb\">Vida \u00fatil: &gt;50000h<\/li>\n<li class=\"magic-0\" data-section=\"AliMagic-s5qei7\" data-section-title=\"Product Description\" data-spm-anchor-id=\"a2700.details.0.i20.2d8a1a34X1y9Gb\">Altura de instalaci\u00f3n: 3-6m<\/li>\n<li class=\"magic-0\" data-section=\"AliMagic-s5qei7\" data-section-title=\"Product Description\" data-spm-anchor-id=\"a2700.details.0.i20.2d8a1a34X1y9Gb\">Factor de potencia: &gt;0.9<\/li>\n<\/ul>\n<\/td>\n<td width=\"284\"><img decoding=\"async\" class=\"alignnone size-full wp-image-14694\" src=\"https:\/\/www.zhgdled.com\/wp-content\/uploads\/2021\/10\/post_top_light11.jpg\" sizes=\"(max-width: 622px) 100vw, 622px\" srcset=\"https:\/\/www.zhgdled.com\/wp-content\/uploads\/2021\/10\/post_top_light11.jpg 622w, https:\/\/www.zhgdled.com\/wp-content\/uploads\/2021\/10\/post_top_light11-300x270.jpg 300w, https:\/\/www.zhgdled.com\/wp-content\/uploads\/2021\/10\/post_top_light11-600x540.jpg 600w, https:\/\/www.zhgdled.com\/wp-content\/uploads\/2021\/10\/post_top_light11-150x135.jpg 150w\" alt=\"\" width=\"622\" height=\"560\" \/><\/td>\n<\/tr>\n<tr>\n<td width=\"284\">\n<h3>CARACTERISTICAS<\/h3>\n<ul>\n<li>Varias formas, cl\u00e1sicas y elegantes, instalaci\u00f3n y mantenimiento convenientes;<\/li>\n<li>Estructura razonable, bajo costo de operaci\u00f3n y mantenimiento.<\/li>\n<li>Hasta 130 lm\/w, cumple con el sistema de control inteligente, adecuado para \u00e1reas residenciales, lugares pintorescos, parques, plazas urbanas, jardines privados, patios, pasillos y otros lugares p\u00fablicos.<\/li>\n<\/ul>\n<\/td>\n<td width=\"284\"><img decoding=\"async\" class=\"alignnone size-full wp-image-14703\" src=\"https:\/\/www.zhgdled.com\/wp-content\/uploads\/2021\/10\/20221011154725.jpg\" sizes=\"(max-width: 680px) 100vw, 680px\" srcset=\"https:\/\/www.zhgdled.com\/wp-content\/uploads\/2021\/10\/20221011154725.jpg 680w, https:\/\/www.zhgdled.com\/wp-content\/uploads\/2021\/10\/20221011154725-300x164.jpg 300w, https:\/\/www.zhgdled.com\/wp-content\/uploads\/2021\/10\/20221011154725-600x327.jpg 600w, https:\/\/www.zhgdled.com\/wp-content\/uploads\/2021\/10\/20221011154725-150x82.jpg 150w\" alt=\"\" width=\"680\" height=\"371\" \/><\/td>\n<\/tr>\n<\/tbody>\n<\/table>\n<h2>Ver est\u00e1ndar de la industria de iluminaci\u00f3n exterior<\/h2>\n<table width=\"580\">\n<tbody>\n<tr>\n<td width=\"284\">UL<\/td>\n<td width=\"284\"><a href=\"https:\/\/www.ul.com\/industries\/products-and-components\/lighting\"><strong><b>UL Solutions\u2019 lighting services<\/b><\/strong><\/a><\/td>\n<\/tr>\n<tr>\n<td width=\"284\">CE<\/td>\n<td width=\"284\"><a href=\"https:\/\/eur-lex.europa.eu\/legal-content\/EN\/TXT\/PDF\/?uri=CELEX:32014L0035&amp;from=HU\"><strong><b>LVD Directive 2014\/35\/EU<\/b><\/strong><\/a><\/td>\n<\/tr>\n<\/tbody>\n<\/table>\n<h3>Descargar especificaciones<\/h3>\n<p><a href=\"https:\/\/www.zhgdled.com\/download\/garden-post-top-light\">POST TOP LIGHT 2022\/10\/11<\/a><\/p>\n","protected":false},"excerpt":{"rendered":"<p>La poste de luz superior ZHL es un accesorio de iluminaci\u00f3n exterior moderno y excepcional para el hogar que permite un dise\u00f1o vers\u00e1til de espacios habitables y paisaj\u00edsticos. Es una excelente manera de iluminar un jard\u00edn, entradas o caminos, o cualquier otra idea de iluminaci\u00f3n exterior.<\/p>\n<ul>\n<li>IP 65, certificado CE ERC ETL CB.<\/li>\n<li>Potencia: 50w 80w 100w<\/li>\n<li>Voltaje: 100v-270v CA 50\/60Hz<\/li>\n<li>Eficiencia luminosa: 130Lm\/w<\/li>\n<li>\u00c1ngulo de haz: 60\u00b0, 90\u00b0, 120\u00b0<\/li>\n<li>Vida \u00fatil: &gt;50000h<\/li>\n<li>Altura de instalaci\u00f3n: 3-6m<\/li>\n<li>Factor de potencia: &gt;0.9<\/li>\n<\/ul>\n","protected":false},"featured_media":13647,"template":"","meta":[],"product_brand":[],"product_cat":[327],"product_tag":[328],"class_list":{"0":"post-7264","1":"product","2":"type-product","3":"status-publish","4":"has-post-thumbnail","6":"product_cat-luces-de-jardin","7":"product_tag-garden-light-es","9":"first","10":"instock","11":"shipping-taxable","12":"product-type-simple"},"yoast_head":"<!-- This site is optimized with the Yoast SEO plugin v27.4 - https:\/\/yoast.com\/product\/yoast-seo-wordpress\/ -->\n<title>POSTE DE LUZ SUPERIOR DE JARD\u00cdN Y PASILLO &#8211; Grupo de iluminaci\u00f3n ZHL<\/title>\n<meta name=\"description\" content=\"Poste de luz superior Varias formas, cl\u00e1sicas y elegantes, instalaci\u00f3n y mantenimiento convenientes;Estructura razonable, bajo costo de operaci\u00f3n y mantenimiento.Hasta 130 lm\/w, cumple con el sistema de control inteligente, adecuado para \u00e1reas residenciales, lugares pintorescos, parques, plazas urbanas, jardines privados, patios, pasillos y otros lugares p\u00fablicos.\" \/>\n<meta name=\"robots\" content=\"index, follow, max-snippet:-1, max-image-preview:large, max-video-preview:-1\" \/>\n<link rel=\"canonical\" href=\"https:\/\/www.zhgdled.com\/es\/proveedor-de-luz-de-jardin.html\" \/>\n<meta property=\"og:locale\" content=\"es_ES\" \/>\n<meta property=\"og:type\" content=\"article\" \/>\n<meta property=\"og:title\" content=\"POSTE DE LUZ SUPERIOR DE JARD\u00cdN Y PASILLO &#8211; Grupo de iluminaci\u00f3n ZHL\" \/>\n<meta property=\"og:description\" content=\"Poste de luz superior Varias formas, cl\u00e1sicas y elegantes, instalaci\u00f3n y mantenimiento convenientes;Estructura razonable, bajo costo de operaci\u00f3n y mantenimiento.Hasta 130 lm\/w, cumple con el sistema de control inteligente, adecuado para \u00e1reas residenciales, lugares pintorescos, parques, plazas urbanas, jardines privados, patios, pasillos y otros lugares p\u00fablicos.\" \/>\n<meta property=\"og:url\" content=\"https:\/\/www.zhgdled.com\/es\/proveedor-de-luz-de-jardin.html\" \/>\n<meta property=\"og:site_name\" content=\"Grupo de iluminaci\u00f3n ZHL\" \/>\n<meta property=\"article:publisher\" content=\"https:\/\/www.facebook.com\/zhllightinggroup\" \/>\n<meta property=\"article:modified_time\" content=\"2022-10-27T02:55:32+00:00\" \/>\n<meta property=\"og:image\" content=\"https:\/\/www.zhgdled.com\/wp-content\/uploads\/2021\/10\/34.png\" \/>\n\t<meta property=\"og:image:width\" content=\"1600\" \/>\n\t<meta property=\"og:image:height\" content=\"1600\" \/>\n\t<meta property=\"og:image:type\" content=\"image\/png\" \/>\n<meta name=\"twitter:card\" content=\"summary_large_image\" \/>\n<meta name=\"twitter:site\" content=\"@zhl_lighting\" \/>\n<meta name=\"twitter:label1\" content=\"Tiempo de lectura\" \/>\n\t<meta name=\"twitter:data1\" content=\"2 minutos\" \/>\n<script type=\"application\/ld+json\" class=\"yoast-schema-graph\">{\"@context\":\"https:\\\/\\\/schema.org\",\"@graph\":[{\"@type\":\"WebPage\",\"@id\":\"https:\\\/\\\/www.zhgdled.com\\\/es\\\/proveedor-de-luz-de-jardin.html\",\"url\":\"https:\\\/\\\/www.zhgdled.com\\\/es\\\/proveedor-de-luz-de-jardin.html\",\"name\":\"POSTE DE LUZ SUPERIOR DE JARD\u00cdN Y PASILLO &#8211; Grupo de iluminaci\u00f3n ZHL\",\"isPartOf\":{\"@id\":\"https:\\\/\\\/www.zhgdled.com\\\/es\\\/#website\"},\"primaryImageOfPage\":{\"@id\":\"https:\\\/\\\/www.zhgdled.com\\\/es\\\/proveedor-de-luz-de-jardin.html#primaryimage\"},\"image\":{\"@id\":\"https:\\\/\\\/www.zhgdled.com\\\/es\\\/proveedor-de-luz-de-jardin.html#primaryimage\"},\"thumbnailUrl\":\"https:\\\/\\\/www.zhgdled.com\\\/wp-content\\\/uploads\\\/2021\\\/10\\\/34.png\",\"datePublished\":\"2021-10-14T05:56:54+00:00\",\"dateModified\":\"2022-10-27T02:55:32+00:00\",\"description\":\"Poste de luz superior Varias formas, cl\u00e1sicas y elegantes, instalaci\u00f3n y mantenimiento convenientes;Estructura razonable, bajo costo de operaci\u00f3n y mantenimiento.Hasta 130 lm\\\/w, cumple con el sistema de control inteligente, adecuado para \u00e1reas residenciales, lugares pintorescos, parques, plazas urbanas, jardines privados, patios, pasillos y otros lugares p\u00fablicos.\",\"breadcrumb\":{\"@id\":\"https:\\\/\\\/www.zhgdled.com\\\/es\\\/proveedor-de-luz-de-jardin.html#breadcrumb\"},\"inLanguage\":\"es\",\"potentialAction\":[{\"@type\":\"ReadAction\",\"target\":[\"https:\\\/\\\/www.zhgdled.com\\\/es\\\/proveedor-de-luz-de-jardin.html\"]}]},{\"@type\":\"ImageObject\",\"inLanguage\":\"es\",\"@id\":\"https:\\\/\\\/www.zhgdled.com\\\/es\\\/proveedor-de-luz-de-jardin.html#primaryimage\",\"url\":\"https:\\\/\\\/www.zhgdled.com\\\/wp-content\\\/uploads\\\/2021\\\/10\\\/34.png\",\"contentUrl\":\"https:\\\/\\\/www.zhgdled.com\\\/wp-content\\\/uploads\\\/2021\\\/10\\\/34.png\",\"width\":1600,\"height\":1600,\"caption\":\"garden post top light\"},{\"@type\":\"BreadcrumbList\",\"@id\":\"https:\\\/\\\/www.zhgdled.com\\\/es\\\/proveedor-de-luz-de-jardin.html#breadcrumb\",\"itemListElement\":[{\"@type\":\"ListItem\",\"position\":1,\"name\":\"Home\",\"item\":\"https:\\\/\\\/www.zhgdled.com\\\/es\"},{\"@type\":\"ListItem\",\"position\":2,\"name\":\"PRODUCTS\",\"item\":\"https:\\\/\\\/www.zhgdled.com\\\/zhl-products.html\"},{\"@type\":\"ListItem\",\"position\":3,\"name\":\"POSTE DE LUZ SUPERIOR DE JARD\u00cdN Y PASILLO\"}]},{\"@type\":\"WebSite\",\"@id\":\"https:\\\/\\\/www.zhgdled.com\\\/es\\\/#website\",\"url\":\"https:\\\/\\\/www.zhgdled.com\\\/es\\\/\",\"name\":\"Grupo de iluminaci\u00f3n ZHL\",\"description\":\"Top ranking industrial lighting manufacturer and exporter\",\"publisher\":{\"@id\":\"https:\\\/\\\/www.zhgdled.com\\\/es\\\/#organization\"},\"potentialAction\":[{\"@type\":\"SearchAction\",\"target\":{\"@type\":\"EntryPoint\",\"urlTemplate\":\"https:\\\/\\\/www.zhgdled.com\\\/es\\\/?s={search_term_string}\"},\"query-input\":{\"@type\":\"PropertyValueSpecification\",\"valueRequired\":true,\"valueName\":\"search_term_string\"}}],\"inLanguage\":\"es\"},{\"@type\":\"Organization\",\"@id\":\"https:\\\/\\\/www.zhgdled.com\\\/es\\\/#organization\",\"name\":\"ZHL Lighting Group\",\"url\":\"https:\\\/\\\/www.zhgdled.com\\\/es\\\/\",\"logo\":{\"@type\":\"ImageObject\",\"inLanguage\":\"es\",\"@id\":\"https:\\\/\\\/www.zhgdled.com\\\/es\\\/#\\\/schema\\\/logo\\\/image\\\/\",\"url\":\"\",\"contentUrl\":\"\",\"caption\":\"ZHL Lighting Group\"},\"image\":{\"@id\":\"https:\\\/\\\/www.zhgdled.com\\\/es\\\/#\\\/schema\\\/logo\\\/image\\\/\"},\"sameAs\":[\"https:\\\/\\\/www.facebook.com\\\/zhllightinggroup\",\"https:\\\/\\\/x.com\\\/zhl_lighting\"]}]}<\/script>\n<!-- \/ Yoast SEO plugin. -->","yoast_head_json":{"title":"POSTE DE LUZ SUPERIOR DE JARD\u00cdN Y PASILLO &#8211; Grupo de iluminaci\u00f3n ZHL","description":"Poste de luz superior Varias formas, cl\u00e1sicas y elegantes, instalaci\u00f3n y mantenimiento convenientes;Estructura razonable, bajo costo de operaci\u00f3n y mantenimiento.Hasta 130 lm\/w, cumple con el sistema de control inteligente, adecuado para \u00e1reas residenciales, lugares pintorescos, parques, plazas urbanas, jardines privados, patios, pasillos y otros lugares p\u00fablicos.","robots":{"index":"index","follow":"follow","max-snippet":"max-snippet:-1","max-image-preview":"max-image-preview:large","max-video-preview":"max-video-preview:-1"},"canonical":"https:\/\/www.zhgdled.com\/es\/proveedor-de-luz-de-jardin.html","og_locale":"es_ES","og_type":"article","og_title":"POSTE DE LUZ SUPERIOR DE JARD\u00cdN Y PASILLO &#8211; Grupo de iluminaci\u00f3n ZHL","og_description":"Poste de luz superior Varias formas, cl\u00e1sicas y elegantes, instalaci\u00f3n y mantenimiento convenientes;Estructura razonable, bajo costo de operaci\u00f3n y mantenimiento.Hasta 130 lm\/w, cumple con el sistema de control inteligente, adecuado para \u00e1reas residenciales, lugares pintorescos, parques, plazas urbanas, jardines privados, patios, pasillos y otros lugares p\u00fablicos.","og_url":"https:\/\/www.zhgdled.com\/es\/proveedor-de-luz-de-jardin.html","og_site_name":"Grupo de iluminaci\u00f3n ZHL","article_publisher":"https:\/\/www.facebook.com\/zhllightinggroup","article_modified_time":"2022-10-27T02:55:32+00:00","og_image":[{"width":1600,"height":1600,"url":"https:\/\/www.zhgdled.com\/wp-content\/uploads\/2021\/10\/34.png","type":"image\/png"}],"twitter_card":"summary_large_image","twitter_site":"@zhl_lighting","twitter_misc":{"Tiempo de lectura":"2 minutos"},"schema":{"@context":"https:\/\/schema.org","@graph":[{"@type":"WebPage","@id":"https:\/\/www.zhgdled.com\/es\/proveedor-de-luz-de-jardin.html","url":"https:\/\/www.zhgdled.com\/es\/proveedor-de-luz-de-jardin.html","name":"POSTE DE LUZ SUPERIOR DE JARD\u00cdN Y PASILLO &#8211; Grupo de iluminaci\u00f3n ZHL","isPartOf":{"@id":"https:\/\/www.zhgdled.com\/es\/#website"},"primaryImageOfPage":{"@id":"https:\/\/www.zhgdled.com\/es\/proveedor-de-luz-de-jardin.html#primaryimage"},"image":{"@id":"https:\/\/www.zhgdled.com\/es\/proveedor-de-luz-de-jardin.html#primaryimage"},"thumbnailUrl":"https:\/\/www.zhgdled.com\/wp-content\/uploads\/2021\/10\/34.png","datePublished":"2021-10-14T05:56:54+00:00","dateModified":"2022-10-27T02:55:32+00:00","description":"Poste de luz superior Varias formas, cl\u00e1sicas y elegantes, instalaci\u00f3n y mantenimiento convenientes;Estructura razonable, bajo costo de operaci\u00f3n y mantenimiento.Hasta 130 lm\/w, cumple con el sistema de control inteligente, adecuado para \u00e1reas residenciales, lugares pintorescos, parques, plazas urbanas, jardines privados, patios, pasillos y otros lugares p\u00fablicos.","breadcrumb":{"@id":"https:\/\/www.zhgdled.com\/es\/proveedor-de-luz-de-jardin.html#breadcrumb"},"inLanguage":"es","potentialAction":[{"@type":"ReadAction","target":["https:\/\/www.zhgdled.com\/es\/proveedor-de-luz-de-jardin.html"]}]},{"@type":"ImageObject","inLanguage":"es","@id":"https:\/\/www.zhgdled.com\/es\/proveedor-de-luz-de-jardin.html#primaryimage","url":"https:\/\/www.zhgdled.com\/wp-content\/uploads\/2021\/10\/34.png","contentUrl":"https:\/\/www.zhgdled.com\/wp-content\/uploads\/2021\/10\/34.png","width":1600,"height":1600,"caption":"garden post top light"},{"@type":"BreadcrumbList","@id":"https:\/\/www.zhgdled.com\/es\/proveedor-de-luz-de-jardin.html#breadcrumb","itemListElement":[{"@type":"ListItem","position":1,"name":"Home","item":"https:\/\/www.zhgdled.com\/es"},{"@type":"ListItem","position":2,"name":"PRODUCTS","item":"https:\/\/www.zhgdled.com\/zhl-products.html"},{"@type":"ListItem","position":3,"name":"POSTE DE LUZ SUPERIOR DE JARD\u00cdN Y PASILLO"}]},{"@type":"WebSite","@id":"https:\/\/www.zhgdled.com\/es\/#website","url":"https:\/\/www.zhgdled.com\/es\/","name":"Grupo de iluminaci\u00f3n ZHL","description":"Top ranking industrial lighting manufacturer and exporter","publisher":{"@id":"https:\/\/www.zhgdled.com\/es\/#organization"},"potentialAction":[{"@type":"SearchAction","target":{"@type":"EntryPoint","urlTemplate":"https:\/\/www.zhgdled.com\/es\/?s={search_term_string}"},"query-input":{"@type":"PropertyValueSpecification","valueRequired":true,"valueName":"search_term_string"}}],"inLanguage":"es"},{"@type":"Organization","@id":"https:\/\/www.zhgdled.com\/es\/#organization","name":"ZHL Lighting Group","url":"https:\/\/www.zhgdled.com\/es\/","logo":{"@type":"ImageObject","inLanguage":"es","@id":"https:\/\/www.zhgdled.com\/es\/#\/schema\/logo\/image\/","url":"","contentUrl":"","caption":"ZHL Lighting Group"},"image":{"@id":"https:\/\/www.zhgdled.com\/es\/#\/schema\/logo\/image\/"},"sameAs":["https:\/\/www.facebook.com\/zhllightinggroup","https:\/\/x.com\/zhl_lighting"]}]}},"_links":{"self":[{"href":"https:\/\/www.zhgdled.com\/es\/wp-json\/wp\/v2\/product\/7264","targetHints":{"allow":["GET"]}}],"collection":[{"href":"https:\/\/www.zhgdled.com\/es\/wp-json\/wp\/v2\/product"}],"about":[{"href":"https:\/\/www.zhgdled.com\/es\/wp-json\/wp\/v2\/types\/product"}],"wp:featuredmedia":[{"embeddable":true,"href":"https:\/\/www.zhgdled.com\/es\/wp-json\/wp\/v2\/media\/13647"}],"wp:attachment":[{"href":"https:\/\/www.zhgdled.com\/es\/wp-json\/wp\/v2\/media?parent=7264"}],"wp:term":[{"taxonomy":"product_brand","embeddable":true,"href":"https:\/\/www.zhgdled.com\/es\/wp-json\/wp\/v2\/product_brand?post=7264"},{"taxonomy":"product_cat","embeddable":true,"href":"https:\/\/www.zhgdled.com\/es\/wp-json\/wp\/v2\/product_cat?post=7264"},{"taxonomy":"product_tag","embeddable":true,"href":"https:\/\/www.zhgdled.com\/es\/wp-json\/wp\/v2\/product_tag?post=7264"}],"curies":[{"name":"wp","href":"https:\/\/api.w.org\/{rel}","templated":true}]}}