{"id":7334,"date":"2022-07-14T09:10:20","date_gmt":"2022-07-14T01:10:20","guid":{"rendered":"https:\/\/www.zhgdled.com\/product\/led-work-lights-with-plug-floodlight"},"modified":"2022-07-14T09:49:42","modified_gmt":"2022-07-14T01:49:42","slug":"led-work-lights-with-plug-floodlight","status":"publish","type":"product","link":"https:\/\/www.zhgdled.com\/es\/led-work-lights-with-plug-floodlight.html","title":{"rendered":"Luces de trabajo LED con reflector de enchufe"},"content":{"rendered":"<ul>\n<li>Chips de alta calidad, que pueden producir un brillo de hasta 5500LM, los LED de larga duraci\u00f3n nunca necesitar\u00e1n ser reemplazados. La pel\u00edcula reflectante de alta calidad y el \u00e1ngulo del haz de hasta 120 grados brindan una luz m\u00e1s brillante. Equivalente a una bombilla hal\u00f3gena de 500W, y ayuda a ahorrar m\u00e1s del 85% en la factura de la luz.<br \/>\nEl dise\u00f1o de forma de m\u00faltiples ranuras en la parte posterior de la luz de inundaci\u00f3n aumenta el \u00e1rea de contacto con el aire y acelera la disipaci\u00f3n de calor, lo que proporciona una gran disipaci\u00f3n de calor para prolongar la vida \u00fatil de esta luz de trabajo LED a 50,000 horas.<br \/>\nCon el soporte, puede colocar la luz de inundaci\u00f3n LED en el suelo o colgarla con el asa. Con\u00e9ctelo directamente a la corriente y enci\u00e9ndalo, la luz permanecer\u00e1 siempre encendida. Cualquier duda por favor cont\u00e1ctenos, las resolveremos en 24H.<\/li>\n<\/ul>\n","protected":false},"excerpt":{"rendered":"<p>Materiales: Aluminio<br \/>\nImpermeable: IP66<br \/>\nPotencia: 10W 20W 30W (equivalente a 500W)<br \/>\nVoltaje: AC110-240V<br \/>\nTemperatura de color: Blanco (6500K)<br \/>\nL\u00famenes: 5500LM<br \/>\n\u00c1ngulo de iluminaci\u00f3n: 120 \u00b0<br \/>\nCable: Cable de 5M\/16,4 pies<\/p>\n","protected":false},"featured_media":13361,"template":"","meta":[],"product_brand":[],"product_cat":[606],"product_tag":[334,607],"class_list":{"0":"post-7334","1":"product","2":"type-product","3":"status-publish","4":"has-post-thumbnail","6":"product_cat-work-lights-es","7":"product_tag-work-light-es","8":"product_tag-work-lights-es","10":"first","11":"instock","12":"shipping-taxable","13":"product-type-simple"},"yoast_head":"<!-- This site is optimized with the Yoast SEO plugin v27.4 - https:\/\/yoast.com\/product\/yoast-seo-wordpress\/ -->\n<title>Luces de trabajo LED con reflector de enchufe &#8211; Grupo de iluminaci\u00f3n ZHL<\/title>\n<meta name=\"description\" content=\"Chips de alta calidad, que pueden producir un brillo de hasta 5500LM, los LED de larga duraci\u00f3n nunca necesitar\u00e1n ser reemplazados. La pel\u00edcula reflectante de alta calidad y el \u00e1ngulo del haz de hasta 120 grados brindan una luz m\u00e1s brillante. Equivale a una bombilla hal\u00f3gena de 500 W y ayuda a ahorrar m\u00e1s del 85 % en la factura de electricidad. El dise\u00f1o de forma de m\u00faltiples ranuras en la parte posterior de la luz de inundaci\u00f3n aumenta el \u00e1rea de contacto con el aire y acelera la disipaci\u00f3n de calor, lo que proporciona una gran disipaci\u00f3n de calor para prolongar la vida \u00fatil de esta luz de trabajo LED a 50.000 horas.\" \/>\n<meta name=\"robots\" content=\"index, follow, max-snippet:-1, max-image-preview:large, max-video-preview:-1\" \/>\n<link rel=\"canonical\" href=\"https:\/\/www.zhgdled.com\/es\/led-work-lights-with-plug-floodlight.html\" \/>\n<meta property=\"og:locale\" content=\"es_ES\" \/>\n<meta property=\"og:type\" content=\"article\" \/>\n<meta property=\"og:title\" content=\"Luces de trabajo LED con reflector de enchufe &#8211; Grupo de iluminaci\u00f3n ZHL\" \/>\n<meta property=\"og:description\" content=\"Chips de alta calidad, que pueden producir un brillo de hasta 5500LM, los LED de larga duraci\u00f3n nunca necesitar\u00e1n ser reemplazados. La pel\u00edcula reflectante de alta calidad y el \u00e1ngulo del haz de hasta 120 grados brindan una luz m\u00e1s brillante. Equivale a una bombilla hal\u00f3gena de 500 W y ayuda a ahorrar m\u00e1s del 85 % en la factura de electricidad. El dise\u00f1o de forma de m\u00faltiples ranuras en la parte posterior de la luz de inundaci\u00f3n aumenta el \u00e1rea de contacto con el aire y acelera la disipaci\u00f3n de calor, lo que proporciona una gran disipaci\u00f3n de calor para prolongar la vida \u00fatil de esta luz de trabajo LED a 50.000 horas.\" \/>\n<meta property=\"og:url\" content=\"https:\/\/www.zhgdled.com\/es\/led-work-lights-with-plug-floodlight.html\" \/>\n<meta property=\"og:site_name\" content=\"Grupo de iluminaci\u00f3n ZHL\" \/>\n<meta property=\"article:publisher\" content=\"https:\/\/www.facebook.com\/zhllightinggroup\" \/>\n<meta property=\"article:modified_time\" content=\"2022-07-14T01:49:42+00:00\" \/>\n<meta property=\"og:image\" content=\"https:\/\/www.zhgdled.com\/wp-content\/uploads\/2022\/07\/9.png\" \/>\n\t<meta property=\"og:image:width\" content=\"1600\" \/>\n\t<meta property=\"og:image:height\" content=\"1600\" \/>\n\t<meta property=\"og:image:type\" content=\"image\/png\" \/>\n<meta name=\"twitter:card\" content=\"summary_large_image\" \/>\n<meta name=\"twitter:site\" content=\"@zhl_lighting\" \/>\n<meta name=\"twitter:label1\" content=\"Tiempo de lectura\" \/>\n\t<meta name=\"twitter:data1\" content=\"1 minuto\" \/>\n<script type=\"application\/ld+json\" class=\"yoast-schema-graph\">{\"@context\":\"https:\\\/\\\/schema.org\",\"@graph\":[{\"@type\":\"WebPage\",\"@id\":\"https:\\\/\\\/www.zhgdled.com\\\/es\\\/led-work-lights-with-plug-floodlight.html\",\"url\":\"https:\\\/\\\/www.zhgdled.com\\\/es\\\/led-work-lights-with-plug-floodlight.html\",\"name\":\"Luces de trabajo LED con reflector de enchufe &#8211; Grupo de iluminaci\u00f3n ZHL\",\"isPartOf\":{\"@id\":\"https:\\\/\\\/www.zhgdled.com\\\/es\\\/#website\"},\"primaryImageOfPage\":{\"@id\":\"https:\\\/\\\/www.zhgdled.com\\\/es\\\/led-work-lights-with-plug-floodlight.html#primaryimage\"},\"image\":{\"@id\":\"https:\\\/\\\/www.zhgdled.com\\\/es\\\/led-work-lights-with-plug-floodlight.html#primaryimage\"},\"thumbnailUrl\":\"https:\\\/\\\/www.zhgdled.com\\\/wp-content\\\/uploads\\\/2022\\\/07\\\/9.png\",\"datePublished\":\"2022-07-14T01:10:20+00:00\",\"dateModified\":\"2022-07-14T01:49:42+00:00\",\"description\":\"Chips de alta calidad, que pueden producir un brillo de hasta 5500LM, los LED de larga duraci\u00f3n nunca necesitar\u00e1n ser reemplazados. La pel\u00edcula reflectante de alta calidad y el \u00e1ngulo del haz de hasta 120 grados brindan una luz m\u00e1s brillante. Equivale a una bombilla hal\u00f3gena de 500 W y ayuda a ahorrar m\u00e1s del 85 % en la factura de electricidad. El dise\u00f1o de forma de m\u00faltiples ranuras en la parte posterior de la luz de inundaci\u00f3n aumenta el \u00e1rea de contacto con el aire y acelera la disipaci\u00f3n de calor, lo que proporciona una gran disipaci\u00f3n de calor para prolongar la vida \u00fatil de esta luz de trabajo LED a 50.000 horas.\",\"breadcrumb\":{\"@id\":\"https:\\\/\\\/www.zhgdled.com\\\/es\\\/led-work-lights-with-plug-floodlight.html#breadcrumb\"},\"inLanguage\":\"es\",\"potentialAction\":[{\"@type\":\"ReadAction\",\"target\":[\"https:\\\/\\\/www.zhgdled.com\\\/es\\\/led-work-lights-with-plug-floodlight.html\"]}]},{\"@type\":\"ImageObject\",\"inLanguage\":\"es\",\"@id\":\"https:\\\/\\\/www.zhgdled.com\\\/es\\\/led-work-lights-with-plug-floodlight.html#primaryimage\",\"url\":\"https:\\\/\\\/www.zhgdled.com\\\/wp-content\\\/uploads\\\/2022\\\/07\\\/9.png\",\"contentUrl\":\"https:\\\/\\\/www.zhgdled.com\\\/wp-content\\\/uploads\\\/2022\\\/07\\\/9.png\",\"width\":1600,\"height\":1600,\"caption\":\"luz de trabalho LED\"},{\"@type\":\"BreadcrumbList\",\"@id\":\"https:\\\/\\\/www.zhgdled.com\\\/es\\\/led-work-lights-with-plug-floodlight.html#breadcrumb\",\"itemListElement\":[{\"@type\":\"ListItem\",\"position\":1,\"name\":\"Home\",\"item\":\"https:\\\/\\\/www.zhgdled.com\\\/es\"},{\"@type\":\"ListItem\",\"position\":2,\"name\":\"PRODUCTS\",\"item\":\"https:\\\/\\\/www.zhgdled.com\\\/zhl-products.html\"},{\"@type\":\"ListItem\",\"position\":3,\"name\":\"Luces de trabajo LED con reflector de enchufe\"}]},{\"@type\":\"WebSite\",\"@id\":\"https:\\\/\\\/www.zhgdled.com\\\/es\\\/#website\",\"url\":\"https:\\\/\\\/www.zhgdled.com\\\/es\\\/\",\"name\":\"Grupo de iluminaci\u00f3n ZHL\",\"description\":\"Top ranking industrial lighting manufacturer and exporter\",\"publisher\":{\"@id\":\"https:\\\/\\\/www.zhgdled.com\\\/es\\\/#organization\"},\"potentialAction\":[{\"@type\":\"SearchAction\",\"target\":{\"@type\":\"EntryPoint\",\"urlTemplate\":\"https:\\\/\\\/www.zhgdled.com\\\/es\\\/?s={search_term_string}\"},\"query-input\":{\"@type\":\"PropertyValueSpecification\",\"valueRequired\":true,\"valueName\":\"search_term_string\"}}],\"inLanguage\":\"es\"},{\"@type\":\"Organization\",\"@id\":\"https:\\\/\\\/www.zhgdled.com\\\/es\\\/#organization\",\"name\":\"ZHL Lighting Group\",\"url\":\"https:\\\/\\\/www.zhgdled.com\\\/es\\\/\",\"logo\":{\"@type\":\"ImageObject\",\"inLanguage\":\"es\",\"@id\":\"https:\\\/\\\/www.zhgdled.com\\\/es\\\/#\\\/schema\\\/logo\\\/image\\\/\",\"url\":\"\",\"contentUrl\":\"\",\"caption\":\"ZHL Lighting Group\"},\"image\":{\"@id\":\"https:\\\/\\\/www.zhgdled.com\\\/es\\\/#\\\/schema\\\/logo\\\/image\\\/\"},\"sameAs\":[\"https:\\\/\\\/www.facebook.com\\\/zhllightinggroup\",\"https:\\\/\\\/x.com\\\/zhl_lighting\"]}]}<\/script>\n<!-- \/ Yoast SEO plugin. -->","yoast_head_json":{"title":"Luces de trabajo LED con reflector de enchufe &#8211; Grupo de iluminaci\u00f3n ZHL","description":"Chips de alta calidad, que pueden producir un brillo de hasta 5500LM, los LED de larga duraci\u00f3n nunca necesitar\u00e1n ser reemplazados. La pel\u00edcula reflectante de alta calidad y el \u00e1ngulo del haz de hasta 120 grados brindan una luz m\u00e1s brillante. Equivale a una bombilla hal\u00f3gena de 500 W y ayuda a ahorrar m\u00e1s del 85 % en la factura de electricidad. El dise\u00f1o de forma de m\u00faltiples ranuras en la parte posterior de la luz de inundaci\u00f3n aumenta el \u00e1rea de contacto con el aire y acelera la disipaci\u00f3n de calor, lo que proporciona una gran disipaci\u00f3n de calor para prolongar la vida \u00fatil de esta luz de trabajo LED a 50.000 horas.","robots":{"index":"index","follow":"follow","max-snippet":"max-snippet:-1","max-image-preview":"max-image-preview:large","max-video-preview":"max-video-preview:-1"},"canonical":"https:\/\/www.zhgdled.com\/es\/led-work-lights-with-plug-floodlight.html","og_locale":"es_ES","og_type":"article","og_title":"Luces de trabajo LED con reflector de enchufe &#8211; Grupo de iluminaci\u00f3n ZHL","og_description":"Chips de alta calidad, que pueden producir un brillo de hasta 5500LM, los LED de larga duraci\u00f3n nunca necesitar\u00e1n ser reemplazados. La pel\u00edcula reflectante de alta calidad y el \u00e1ngulo del haz de hasta 120 grados brindan una luz m\u00e1s brillante. Equivale a una bombilla hal\u00f3gena de 500 W y ayuda a ahorrar m\u00e1s del 85 % en la factura de electricidad. El dise\u00f1o de forma de m\u00faltiples ranuras en la parte posterior de la luz de inundaci\u00f3n aumenta el \u00e1rea de contacto con el aire y acelera la disipaci\u00f3n de calor, lo que proporciona una gran disipaci\u00f3n de calor para prolongar la vida \u00fatil de esta luz de trabajo LED a 50.000 horas.","og_url":"https:\/\/www.zhgdled.com\/es\/led-work-lights-with-plug-floodlight.html","og_site_name":"Grupo de iluminaci\u00f3n ZHL","article_publisher":"https:\/\/www.facebook.com\/zhllightinggroup","article_modified_time":"2022-07-14T01:49:42+00:00","og_image":[{"width":1600,"height":1600,"url":"https:\/\/www.zhgdled.com\/wp-content\/uploads\/2022\/07\/9.png","type":"image\/png"}],"twitter_card":"summary_large_image","twitter_site":"@zhl_lighting","twitter_misc":{"Tiempo de lectura":"1 minuto"},"schema":{"@context":"https:\/\/schema.org","@graph":[{"@type":"WebPage","@id":"https:\/\/www.zhgdled.com\/es\/led-work-lights-with-plug-floodlight.html","url":"https:\/\/www.zhgdled.com\/es\/led-work-lights-with-plug-floodlight.html","name":"Luces de trabajo LED con reflector de enchufe &#8211; Grupo de iluminaci\u00f3n ZHL","isPartOf":{"@id":"https:\/\/www.zhgdled.com\/es\/#website"},"primaryImageOfPage":{"@id":"https:\/\/www.zhgdled.com\/es\/led-work-lights-with-plug-floodlight.html#primaryimage"},"image":{"@id":"https:\/\/www.zhgdled.com\/es\/led-work-lights-with-plug-floodlight.html#primaryimage"},"thumbnailUrl":"https:\/\/www.zhgdled.com\/wp-content\/uploads\/2022\/07\/9.png","datePublished":"2022-07-14T01:10:20+00:00","dateModified":"2022-07-14T01:49:42+00:00","description":"Chips de alta calidad, que pueden producir un brillo de hasta 5500LM, los LED de larga duraci\u00f3n nunca necesitar\u00e1n ser reemplazados. La pel\u00edcula reflectante de alta calidad y el \u00e1ngulo del haz de hasta 120 grados brindan una luz m\u00e1s brillante. Equivale a una bombilla hal\u00f3gena de 500 W y ayuda a ahorrar m\u00e1s del 85 % en la factura de electricidad. El dise\u00f1o de forma de m\u00faltiples ranuras en la parte posterior de la luz de inundaci\u00f3n aumenta el \u00e1rea de contacto con el aire y acelera la disipaci\u00f3n de calor, lo que proporciona una gran disipaci\u00f3n de calor para prolongar la vida \u00fatil de esta luz de trabajo LED a 50.000 horas.","breadcrumb":{"@id":"https:\/\/www.zhgdled.com\/es\/led-work-lights-with-plug-floodlight.html#breadcrumb"},"inLanguage":"es","potentialAction":[{"@type":"ReadAction","target":["https:\/\/www.zhgdled.com\/es\/led-work-lights-with-plug-floodlight.html"]}]},{"@type":"ImageObject","inLanguage":"es","@id":"https:\/\/www.zhgdled.com\/es\/led-work-lights-with-plug-floodlight.html#primaryimage","url":"https:\/\/www.zhgdled.com\/wp-content\/uploads\/2022\/07\/9.png","contentUrl":"https:\/\/www.zhgdled.com\/wp-content\/uploads\/2022\/07\/9.png","width":1600,"height":1600,"caption":"luz de trabalho LED"},{"@type":"BreadcrumbList","@id":"https:\/\/www.zhgdled.com\/es\/led-work-lights-with-plug-floodlight.html#breadcrumb","itemListElement":[{"@type":"ListItem","position":1,"name":"Home","item":"https:\/\/www.zhgdled.com\/es"},{"@type":"ListItem","position":2,"name":"PRODUCTS","item":"https:\/\/www.zhgdled.com\/zhl-products.html"},{"@type":"ListItem","position":3,"name":"Luces de trabajo LED con reflector de enchufe"}]},{"@type":"WebSite","@id":"https:\/\/www.zhgdled.com\/es\/#website","url":"https:\/\/www.zhgdled.com\/es\/","name":"Grupo de iluminaci\u00f3n ZHL","description":"Top ranking industrial lighting manufacturer and exporter","publisher":{"@id":"https:\/\/www.zhgdled.com\/es\/#organization"},"potentialAction":[{"@type":"SearchAction","target":{"@type":"EntryPoint","urlTemplate":"https:\/\/www.zhgdled.com\/es\/?s={search_term_string}"},"query-input":{"@type":"PropertyValueSpecification","valueRequired":true,"valueName":"search_term_string"}}],"inLanguage":"es"},{"@type":"Organization","@id":"https:\/\/www.zhgdled.com\/es\/#organization","name":"ZHL Lighting Group","url":"https:\/\/www.zhgdled.com\/es\/","logo":{"@type":"ImageObject","inLanguage":"es","@id":"https:\/\/www.zhgdled.com\/es\/#\/schema\/logo\/image\/","url":"","contentUrl":"","caption":"ZHL Lighting Group"},"image":{"@id":"https:\/\/www.zhgdled.com\/es\/#\/schema\/logo\/image\/"},"sameAs":["https:\/\/www.facebook.com\/zhllightinggroup","https:\/\/x.com\/zhl_lighting"]}]}},"_links":{"self":[{"href":"https:\/\/www.zhgdled.com\/es\/wp-json\/wp\/v2\/product\/7334","targetHints":{"allow":["GET"]}}],"collection":[{"href":"https:\/\/www.zhgdled.com\/es\/wp-json\/wp\/v2\/product"}],"about":[{"href":"https:\/\/www.zhgdled.com\/es\/wp-json\/wp\/v2\/types\/product"}],"wp:featuredmedia":[{"embeddable":true,"href":"https:\/\/www.zhgdled.com\/es\/wp-json\/wp\/v2\/media\/13361"}],"wp:attachment":[{"href":"https:\/\/www.zhgdled.com\/es\/wp-json\/wp\/v2\/media?parent=7334"}],"wp:term":[{"taxonomy":"product_brand","embeddable":true,"href":"https:\/\/www.zhgdled.com\/es\/wp-json\/wp\/v2\/product_brand?post=7334"},{"taxonomy":"product_cat","embeddable":true,"href":"https:\/\/www.zhgdled.com\/es\/wp-json\/wp\/v2\/product_cat?post=7334"},{"taxonomy":"product_tag","embeddable":true,"href":"https:\/\/www.zhgdled.com\/es\/wp-json\/wp\/v2\/product_tag?post=7334"}],"curies":[{"name":"wp","href":"https:\/\/api.w.org\/{rel}","templated":true}]}}