{"id":12460,"date":"2024-04-19T09:25:57","date_gmt":"2022-06-23T01:25:57","guid":{"rendered":"https:\/\/www.zhgdled.com\/product\/eco-serries-flood-light"},"modified":"2023-12-25T14:02:43","modified_gmt":"2023-12-25T06:02:43","slug":"eco-serries-flood-light","status":"publish","type":"product","link":"https:\/\/www.zhgdled.com\/fr\/eco-serries-flood-light.html","title":{"rendered":"Projecteur \u00e0 DEL de la s\u00e9rie ECO"},"content":{"rendered":"<h2>R\u00c9FLEXION DIFFUSE, PLEIN ANGLE D&#8217;ILLUMINATION<\/h2>\n<p>Le luminaire de la s\u00e9rie ECO offre des performances exceptionnelles dans un design \u00e9l\u00e9gant \u00e0 profil bas avec diverses options de lumi\u00e8re et de distribution optique. L&#8217;utilisation pr\u00e9vue de ce produit est pour les zones de construction, les parkings, les concessionnaires automobiles, les routes, les all\u00e9es, les voies pi\u00e9tonnes et l&#8217;\u00e9clairage de s\u00e9curit\u00e9.<\/p>\n<p>Cliquez pour t\u00e9l\u00e9charger les sp\u00e9cifications du projecteur ECO\u00a0:<\/p>\n<p><a href=\"https:\/\/www.zhgdled.com\/wp-content\/uploads\/2022\/06\/ECO-Floodlight.pdf\">ECO-Floodlight.pdf<\/a><\/p>\n<p>&nbsp;<\/p>\n<h2>CARACT\u00c9RISTIQUES<\/h2>\n<table>\n<tbody>\n<tr>\n<td><strong>Puissance<\/strong><\/td>\n<td><strong>10W 20W 30W 50W<\/strong><\/td>\n<\/tr>\n<tr>\n<td><strong>LED<\/strong><\/td>\n<td><strong>SMD 2835<\/strong><\/td>\n<\/tr>\n<tr>\n<td><strong>Temp\u00e9rature de couleur(CCT)<\/strong><\/td>\n<td><strong>2700-7000K<\/strong><\/td>\n<\/tr>\n<tr>\n<td><strong>Efficacit\u00e9 lumineuse(lm\/w)<\/strong><\/td>\n<td><strong>90lm\/w<\/strong><\/td>\n<\/tr>\n<tr>\n<td><strong>Tension d&#8217;entr\u00e9e(V)<\/strong><\/td>\n<td width=\"470\"><strong>AC220-240V\/ AC100-240V<\/strong><\/td>\n<\/tr>\n<tr>\n<td><strong>PF<\/strong><\/td>\n<td><strong>&gt;0.9<\/strong><\/td>\n<\/tr>\n<tr>\n<td><strong>CRI (Ra&gt;)<\/strong><\/td>\n<td><strong>80<\/strong><\/td>\n<\/tr>\n<tr>\n<td><strong>Angle de faisceau(\u00b0)<\/strong><\/td>\n<td width=\"470\"><strong>60\/90\/120<\/strong><\/td>\n<\/tr>\n<tr>\n<td><strong>Classe IP<\/strong><\/td>\n<td><strong>IP65<\/strong><\/td>\n<\/tr>\n<tr>\n<td><strong>Mat\u00e9riel<\/strong><\/td>\n<td><strong>Corps en aluminium + lentille PC + couvercle en verre tremp\u00e9<\/strong><\/td>\n<\/tr>\n<tr>\n<td><strong>Temp\u00e9rature de fonctionnement(\u2103)<\/strong><\/td>\n<td><strong>-20-50<\/strong><\/td>\n<\/tr>\n<tr>\n<td><strong>Garantie (Ann\u00e9e)<\/strong><\/td>\n<td><strong>3 ans \/ 5 ans<\/strong><\/td>\n<\/tr>\n<tr>\n<td><strong>Certification<\/strong><\/td>\n<td><strong>CE,\u00a0ERP, RoHS<\/strong><\/td>\n<\/tr>\n<tr>\n<td><strong>Driver<\/strong><\/td>\n<td><strong>High Voltage Linear IC<\/strong><\/td>\n<\/tr>\n<\/tbody>\n<\/table>\n<p>&nbsp;<\/p>\n","protected":false},"excerpt":{"rendered":"<table style=\"color: #333333; font-size: 16px;\">\n<tbody>\n<tr>\n<td><strong>Puissance<\/strong><\/td>\n<td><strong>10W 20W 30W 50W<\/strong><\/td>\n<\/tr>\n<tr>\n<td><strong>LED<\/strong><\/td>\n<td><strong>SMD 2835<\/strong><\/td>\n<\/tr>\n<tr>\n<td><strong>Temp\u00e9rature de couleur(CCT)<\/strong><\/td>\n<td><strong>2700-7000K<\/strong><\/td>\n<\/tr>\n<tr>\n<td><strong>Efficacit\u00e9 lumineuse(lm\/w)<\/strong><\/td>\n<td><strong>90lm\/w<\/strong><\/td>\n<\/tr>\n<tr>\n<td><strong>Tension d&#8217;entr\u00e9e(V)<\/strong><\/td>\n<td width=\"470\"><strong>AC220-240V\/ AC100-240V<\/strong><\/td>\n<\/tr>\n<tr>\n<td><strong>PF<\/strong><\/td>\n<td><strong>&gt;0.9<\/strong><\/td>\n<\/tr>\n<tr>\n<td><strong>CRI (Ra&gt;)<\/strong><\/td>\n<td><strong>80<\/strong><\/td>\n<\/tr>\n<tr>\n<td><strong>Angle de faisceau(\u00b0)<\/strong><\/td>\n<td width=\"470\"><strong>60\/90\/120<\/strong><\/td>\n<\/tr>\n<tr>\n<td><strong>Classe IP<\/strong><\/td>\n<td><strong>IP65<\/strong><\/td>\n<\/tr>\n<tr>\n<td><strong>Mat\u00e9riel<\/strong><\/td>\n<td><strong>Corps en aluminium + lentille PC + couvercle en verre tremp\u00e9<\/strong><\/td>\n<\/tr>\n<tr>\n<td><strong>Temp\u00e9rature de fonctionnement(\u2103)<\/strong><\/td>\n<td><strong>-20-50<\/strong><\/td>\n<\/tr>\n<tr>\n<td><strong>Garantie (Ann\u00e9e)<\/strong><\/td>\n<td><strong>3 ans \/ 5 ans<\/strong><\/td>\n<\/tr>\n<tr>\n<td><strong>Certification<\/strong><\/td>\n<td><strong>CE,\u00a0ERP, RoHS<\/strong><\/td>\n<\/tr>\n<tr>\n<td><strong>Driver<\/strong><\/td>\n<td><strong>High Voltage Linear IC<\/strong><\/td>\n<\/tr>\n<\/tbody>\n<\/table>\n","protected":false},"featured_media":13264,"template":"","meta":[],"product_brand":[],"product_cat":[631],"product_tag":[],"class_list":{"0":"post-12460","1":"product","2":"type-product","3":"status-publish","4":"has-post-thumbnail","6":"product_cat-projecteurs","8":"first","9":"instock","10":"shipping-taxable","11":"product-type-simple"},"yoast_head":"<!-- This site is optimized with the Yoast SEO plugin v27.4 - https:\/\/yoast.com\/product\/yoast-seo-wordpress\/ -->\n<title>Projecteur \u00e0 DEL de la s\u00e9rie ECO &#8211; Soci\u00e9t\u00e9 ZHL \u00c9clairage<\/title>\n<meta name=\"description\" content=\"Le luminaire de la s\u00e9rie ECO offre des performances exceptionnelles dans un design \u00e9l\u00e9gant \u00e0 profil bas avec diverses options de lumi\u00e8re et de distribution optique. L&#039;utilisation pr\u00e9vue de ce produit est pour les zones de construction, les parkings, les concessionnaires automobiles, les routes, les all\u00e9es, les voies pi\u00e9tonnes et l&#039;\u00e9clairage de s\u00e9curit\u00e9.\" \/>\n<meta name=\"robots\" content=\"index, follow, max-snippet:-1, max-image-preview:large, max-video-preview:-1\" \/>\n<link rel=\"canonical\" href=\"https:\/\/www.zhgdled.com\/fr\/eco-serries-flood-light.html\" \/>\n<meta property=\"og:locale\" content=\"fr_FR\" \/>\n<meta property=\"og:type\" content=\"article\" \/>\n<meta property=\"og:title\" content=\"Projecteur \u00e0 DEL de la s\u00e9rie ECO &#8211; Soci\u00e9t\u00e9 ZHL \u00c9clairage\" \/>\n<meta property=\"og:description\" content=\"Le luminaire de la s\u00e9rie ECO offre des performances exceptionnelles dans un design \u00e9l\u00e9gant \u00e0 profil bas avec diverses options de lumi\u00e8re et de distribution optique. L&#039;utilisation pr\u00e9vue de ce produit est pour les zones de construction, les parkings, les concessionnaires automobiles, les routes, les all\u00e9es, les voies pi\u00e9tonnes et l&#039;\u00e9clairage de s\u00e9curit\u00e9.\" \/>\n<meta property=\"og:url\" content=\"https:\/\/www.zhgdled.com\/fr\/eco-serries-flood-light.html\" \/>\n<meta property=\"og:site_name\" content=\"Soci\u00e9t\u00e9 ZHL \u00c9clairage\" \/>\n<meta property=\"article:publisher\" content=\"https:\/\/www.facebook.com\/zhllightinggroup\" \/>\n<meta property=\"article:modified_time\" content=\"2023-12-25T06:02:43+00:00\" \/>\n<meta property=\"og:image\" content=\"https:\/\/www.zhgdled.com\/wp-content\/uploads\/2022\/06\/5-1.png\" \/>\n\t<meta property=\"og:image:width\" content=\"1600\" \/>\n\t<meta property=\"og:image:height\" content=\"1600\" \/>\n\t<meta property=\"og:image:type\" content=\"image\/png\" \/>\n<meta name=\"twitter:card\" content=\"summary_large_image\" \/>\n<meta name=\"twitter:site\" content=\"@zhl_lighting\" \/>\n<meta name=\"twitter:label1\" content=\"Dur\u00e9e de lecture estim\u00e9e\" \/>\n\t<meta name=\"twitter:data1\" content=\"1 minute\" \/>\n<script type=\"application\/ld+json\" class=\"yoast-schema-graph\">{\"@context\":\"https:\\\/\\\/schema.org\",\"@graph\":[{\"@type\":\"WebPage\",\"@id\":\"https:\\\/\\\/www.zhgdled.com\\\/fr\\\/eco-serries-flood-light.html\",\"url\":\"https:\\\/\\\/www.zhgdled.com\\\/fr\\\/eco-serries-flood-light.html\",\"name\":\"Projecteur \u00e0 DEL de la s\u00e9rie ECO &#8211; Soci\u00e9t\u00e9 ZHL \u00c9clairage\",\"isPartOf\":{\"@id\":\"https:\\\/\\\/www.zhgdled.com\\\/fr\\\/#website\"},\"primaryImageOfPage\":{\"@id\":\"https:\\\/\\\/www.zhgdled.com\\\/fr\\\/eco-serries-flood-light.html#primaryimage\"},\"image\":{\"@id\":\"https:\\\/\\\/www.zhgdled.com\\\/fr\\\/eco-serries-flood-light.html#primaryimage\"},\"thumbnailUrl\":\"https:\\\/\\\/www.zhgdled.com\\\/wp-content\\\/uploads\\\/2022\\\/06\\\/5-1.png\",\"datePublished\":\"2022-06-23T01:25:57+00:00\",\"dateModified\":\"2023-12-25T06:02:43+00:00\",\"description\":\"Le luminaire de la s\u00e9rie ECO offre des performances exceptionnelles dans un design \u00e9l\u00e9gant \u00e0 profil bas avec diverses options de lumi\u00e8re et de distribution optique. L'utilisation pr\u00e9vue de ce produit est pour les zones de construction, les parkings, les concessionnaires automobiles, les routes, les all\u00e9es, les voies pi\u00e9tonnes et l'\u00e9clairage de s\u00e9curit\u00e9.\",\"breadcrumb\":{\"@id\":\"https:\\\/\\\/www.zhgdled.com\\\/fr\\\/eco-serries-flood-light.html#breadcrumb\"},\"inLanguage\":\"fr-FR\",\"potentialAction\":[{\"@type\":\"ReadAction\",\"target\":[\"https:\\\/\\\/www.zhgdled.com\\\/fr\\\/eco-serries-flood-light.html\"]}]},{\"@type\":\"ImageObject\",\"inLanguage\":\"fr-FR\",\"@id\":\"https:\\\/\\\/www.zhgdled.com\\\/fr\\\/eco-serries-flood-light.html#primaryimage\",\"url\":\"https:\\\/\\\/www.zhgdled.com\\\/wp-content\\\/uploads\\\/2022\\\/06\\\/5-1.png\",\"contentUrl\":\"https:\\\/\\\/www.zhgdled.com\\\/wp-content\\\/uploads\\\/2022\\\/06\\\/5-1.png\",\"width\":1600,\"height\":1600,\"caption\":\"ECO Series LED FloodLight fixture\"},{\"@type\":\"BreadcrumbList\",\"@id\":\"https:\\\/\\\/www.zhgdled.com\\\/fr\\\/eco-serries-flood-light.html#breadcrumb\",\"itemListElement\":[{\"@type\":\"ListItem\",\"position\":1,\"name\":\"Home\",\"item\":\"https:\\\/\\\/www.zhgdled.com\\\/fr\"},{\"@type\":\"ListItem\",\"position\":2,\"name\":\"PRODUCTS\",\"item\":\"https:\\\/\\\/www.zhgdled.com\\\/zhl-products.html\"},{\"@type\":\"ListItem\",\"position\":3,\"name\":\"Projecteur \u00e0 DEL de la s\u00e9rie ECO\"}]},{\"@type\":\"WebSite\",\"@id\":\"https:\\\/\\\/www.zhgdled.com\\\/fr\\\/#website\",\"url\":\"https:\\\/\\\/www.zhgdled.com\\\/fr\\\/\",\"name\":\"Soci\u00e9t\u00e9 ZHL \u00c9clairage\",\"description\":\"Top ranking industrial lighting manufacturer and exporter\",\"publisher\":{\"@id\":\"https:\\\/\\\/www.zhgdled.com\\\/fr\\\/#organization\"},\"potentialAction\":[{\"@type\":\"SearchAction\",\"target\":{\"@type\":\"EntryPoint\",\"urlTemplate\":\"https:\\\/\\\/www.zhgdled.com\\\/fr\\\/?s={search_term_string}\"},\"query-input\":{\"@type\":\"PropertyValueSpecification\",\"valueRequired\":true,\"valueName\":\"search_term_string\"}}],\"inLanguage\":\"fr-FR\"},{\"@type\":\"Organization\",\"@id\":\"https:\\\/\\\/www.zhgdled.com\\\/fr\\\/#organization\",\"name\":\"ZHL Lighting Group\",\"url\":\"https:\\\/\\\/www.zhgdled.com\\\/fr\\\/\",\"logo\":{\"@type\":\"ImageObject\",\"inLanguage\":\"fr-FR\",\"@id\":\"https:\\\/\\\/www.zhgdled.com\\\/fr\\\/#\\\/schema\\\/logo\\\/image\\\/\",\"url\":\"\",\"contentUrl\":\"\",\"caption\":\"ZHL Lighting Group\"},\"image\":{\"@id\":\"https:\\\/\\\/www.zhgdled.com\\\/fr\\\/#\\\/schema\\\/logo\\\/image\\\/\"},\"sameAs\":[\"https:\\\/\\\/www.facebook.com\\\/zhllightinggroup\",\"https:\\\/\\\/x.com\\\/zhl_lighting\"]}]}<\/script>\n<!-- \/ Yoast SEO plugin. -->","yoast_head_json":{"title":"Projecteur \u00e0 DEL de la s\u00e9rie ECO &#8211; Soci\u00e9t\u00e9 ZHL \u00c9clairage","description":"Le luminaire de la s\u00e9rie ECO offre des performances exceptionnelles dans un design \u00e9l\u00e9gant \u00e0 profil bas avec diverses options de lumi\u00e8re et de distribution optique. L'utilisation pr\u00e9vue de ce produit est pour les zones de construction, les parkings, les concessionnaires automobiles, les routes, les all\u00e9es, les voies pi\u00e9tonnes et l'\u00e9clairage de s\u00e9curit\u00e9.","robots":{"index":"index","follow":"follow","max-snippet":"max-snippet:-1","max-image-preview":"max-image-preview:large","max-video-preview":"max-video-preview:-1"},"canonical":"https:\/\/www.zhgdled.com\/fr\/eco-serries-flood-light.html","og_locale":"fr_FR","og_type":"article","og_title":"Projecteur \u00e0 DEL de la s\u00e9rie ECO &#8211; Soci\u00e9t\u00e9 ZHL \u00c9clairage","og_description":"Le luminaire de la s\u00e9rie ECO offre des performances exceptionnelles dans un design \u00e9l\u00e9gant \u00e0 profil bas avec diverses options de lumi\u00e8re et de distribution optique. L'utilisation pr\u00e9vue de ce produit est pour les zones de construction, les parkings, les concessionnaires automobiles, les routes, les all\u00e9es, les voies pi\u00e9tonnes et l'\u00e9clairage de s\u00e9curit\u00e9.","og_url":"https:\/\/www.zhgdled.com\/fr\/eco-serries-flood-light.html","og_site_name":"Soci\u00e9t\u00e9 ZHL \u00c9clairage","article_publisher":"https:\/\/www.facebook.com\/zhllightinggroup","article_modified_time":"2023-12-25T06:02:43+00:00","og_image":[{"width":1600,"height":1600,"url":"https:\/\/www.zhgdled.com\/wp-content\/uploads\/2022\/06\/5-1.png","type":"image\/png"}],"twitter_card":"summary_large_image","twitter_site":"@zhl_lighting","twitter_misc":{"Dur\u00e9e de lecture estim\u00e9e":"1 minute"},"schema":{"@context":"https:\/\/schema.org","@graph":[{"@type":"WebPage","@id":"https:\/\/www.zhgdled.com\/fr\/eco-serries-flood-light.html","url":"https:\/\/www.zhgdled.com\/fr\/eco-serries-flood-light.html","name":"Projecteur \u00e0 DEL de la s\u00e9rie ECO &#8211; Soci\u00e9t\u00e9 ZHL \u00c9clairage","isPartOf":{"@id":"https:\/\/www.zhgdled.com\/fr\/#website"},"primaryImageOfPage":{"@id":"https:\/\/www.zhgdled.com\/fr\/eco-serries-flood-light.html#primaryimage"},"image":{"@id":"https:\/\/www.zhgdled.com\/fr\/eco-serries-flood-light.html#primaryimage"},"thumbnailUrl":"https:\/\/www.zhgdled.com\/wp-content\/uploads\/2022\/06\/5-1.png","datePublished":"2022-06-23T01:25:57+00:00","dateModified":"2023-12-25T06:02:43+00:00","description":"Le luminaire de la s\u00e9rie ECO offre des performances exceptionnelles dans un design \u00e9l\u00e9gant \u00e0 profil bas avec diverses options de lumi\u00e8re et de distribution optique. L'utilisation pr\u00e9vue de ce produit est pour les zones de construction, les parkings, les concessionnaires automobiles, les routes, les all\u00e9es, les voies pi\u00e9tonnes et l'\u00e9clairage de s\u00e9curit\u00e9.","breadcrumb":{"@id":"https:\/\/www.zhgdled.com\/fr\/eco-serries-flood-light.html#breadcrumb"},"inLanguage":"fr-FR","potentialAction":[{"@type":"ReadAction","target":["https:\/\/www.zhgdled.com\/fr\/eco-serries-flood-light.html"]}]},{"@type":"ImageObject","inLanguage":"fr-FR","@id":"https:\/\/www.zhgdled.com\/fr\/eco-serries-flood-light.html#primaryimage","url":"https:\/\/www.zhgdled.com\/wp-content\/uploads\/2022\/06\/5-1.png","contentUrl":"https:\/\/www.zhgdled.com\/wp-content\/uploads\/2022\/06\/5-1.png","width":1600,"height":1600,"caption":"ECO Series LED FloodLight fixture"},{"@type":"BreadcrumbList","@id":"https:\/\/www.zhgdled.com\/fr\/eco-serries-flood-light.html#breadcrumb","itemListElement":[{"@type":"ListItem","position":1,"name":"Home","item":"https:\/\/www.zhgdled.com\/fr"},{"@type":"ListItem","position":2,"name":"PRODUCTS","item":"https:\/\/www.zhgdled.com\/zhl-products.html"},{"@type":"ListItem","position":3,"name":"Projecteur \u00e0 DEL de la s\u00e9rie ECO"}]},{"@type":"WebSite","@id":"https:\/\/www.zhgdled.com\/fr\/#website","url":"https:\/\/www.zhgdled.com\/fr\/","name":"Soci\u00e9t\u00e9 ZHL \u00c9clairage","description":"Top ranking industrial lighting manufacturer and exporter","publisher":{"@id":"https:\/\/www.zhgdled.com\/fr\/#organization"},"potentialAction":[{"@type":"SearchAction","target":{"@type":"EntryPoint","urlTemplate":"https:\/\/www.zhgdled.com\/fr\/?s={search_term_string}"},"query-input":{"@type":"PropertyValueSpecification","valueRequired":true,"valueName":"search_term_string"}}],"inLanguage":"fr-FR"},{"@type":"Organization","@id":"https:\/\/www.zhgdled.com\/fr\/#organization","name":"ZHL Lighting Group","url":"https:\/\/www.zhgdled.com\/fr\/","logo":{"@type":"ImageObject","inLanguage":"fr-FR","@id":"https:\/\/www.zhgdled.com\/fr\/#\/schema\/logo\/image\/","url":"","contentUrl":"","caption":"ZHL Lighting Group"},"image":{"@id":"https:\/\/www.zhgdled.com\/fr\/#\/schema\/logo\/image\/"},"sameAs":["https:\/\/www.facebook.com\/zhllightinggroup","https:\/\/x.com\/zhl_lighting"]}]}},"_links":{"self":[{"href":"https:\/\/www.zhgdled.com\/fr\/wp-json\/wp\/v2\/product\/12460","targetHints":{"allow":["GET"]}}],"collection":[{"href":"https:\/\/www.zhgdled.com\/fr\/wp-json\/wp\/v2\/product"}],"about":[{"href":"https:\/\/www.zhgdled.com\/fr\/wp-json\/wp\/v2\/types\/product"}],"wp:featuredmedia":[{"embeddable":true,"href":"https:\/\/www.zhgdled.com\/fr\/wp-json\/wp\/v2\/media\/13264"}],"wp:attachment":[{"href":"https:\/\/www.zhgdled.com\/fr\/wp-json\/wp\/v2\/media?parent=12460"}],"wp:term":[{"taxonomy":"product_brand","embeddable":true,"href":"https:\/\/www.zhgdled.com\/fr\/wp-json\/wp\/v2\/product_brand?post=12460"},{"taxonomy":"product_cat","embeddable":true,"href":"https:\/\/www.zhgdled.com\/fr\/wp-json\/wp\/v2\/product_cat?post=12460"},{"taxonomy":"product_tag","embeddable":true,"href":"https:\/\/www.zhgdled.com\/fr\/wp-json\/wp\/v2\/product_tag?post=12460"}],"curies":[{"name":"wp","href":"https:\/\/api.w.org\/{rel}","templated":true}]}}