{"id":12475,"date":"2022-06-20T16:56:58","date_gmt":"2022-06-20T08:56:58","guid":{"rendered":"https:\/\/www.zhgdled.com\/product\/rechargeable-led-work-light"},"modified":"2023-12-25T13:46:41","modified_gmt":"2023-12-25T05:46:41","slug":"rechargeable-led-work-light","status":"publish","type":"product","link":"https:\/\/www.zhgdled.com\/fr\/rechargeable-led-work-light.html","title":{"rendered":"Lampe de travail portative \u00e0 DEL rechargeable"},"content":{"rendered":"<div class=\"J_module\">\n<div class=\"icbu-pc-detailManyImage magic-1\" data-module-name=\"icbu-pc-detailManyImage\">\n<div class=\"magic-4\">Batterie rechargeable de grande capacit\u00e9 &#8211; La lampe de travail \u00e0 LED int\u00e9gr\u00e9e dans 8 piles au lithium rechargeables, une tr\u00e8s grande capacit\u00e9 de batterie peut fournir une longue dur\u00e9e d&#8217;\u00e9clairage sans se connecter au secteur.<br \/>\n\u2022\u00a0Puissance\u00a0: 30\u00a0W\/50\u00a0W<br \/>\n\u2022 Efficacit\u00e9 lumineuse\u00a0: 80\u00a0Lm\/W \u00b1\u00a010\u00a0%<br \/>\n\u2022\u00a0Source lumineuse\u00a0: CMS<br \/>\n\u2022\u00a0Ra\u00a0:\u00a0&gt;\u00a080\u00a0\uff0c \u2022\u00a0Tension\u00a0:\u00a0AC220V-240V<br \/>\n\u2022 CCT\u00a0:\u00a02\u00a0700\u00a0&#8211;\u00a06\u00a0500\u00a0K<br \/>\n\u2022\u00a0Mat\u00e9riau\u00a0: corps en aluminium + PC<br \/>\n\u2022 Indice d&#8217;\u00e9tanch\u00e9it\u00e9\u00a0: IP54<br \/>\n\u2022 La duret\u00e9 du verre atteint IK07<br \/>\n\u2022Certification\u00a0: CE, ERP<br \/>\n\u2022 Dur\u00e9e de vie\u00a0: 30\u00a0000\u00a0heures<br \/>\n\u2022\u00a0Interrupteur MARCHE\/ARR\u00caT individuel en caoutchouc<br \/>\n\u2022\u00a0Garantie\u00a0: 2\u00a0ans<br \/>\n\u2022 2M VDE H05RN-F 3*1.0M\u33a1Fil de caoutchouc<br \/>\n\u2022 La poign\u00e9e arri\u00e8re peut \u00eatre r\u00e9glable \u00e0 180\u00a0\u00b0<br \/>\nAppliquer \u00e0 l&#8217;usine, \u00e0 l&#8217;atelier, \u00e0 l&#8217;entrep\u00f4t, \u00e0 la voiture<br \/>\nr\u00e9paration et f\u00eate en plein air<\/div>\n<\/div>\n<\/div>\n","protected":false},"excerpt":{"rendered":"<p>Lampe de travail \u00e0 LED rechargeable pour les ateliers, les studios, la maison et les chantiers.<\/p>\n<p>&nbsp;<\/p>\n<p>Puissance\uff1a30W\/ 50W<br \/>\n\u2022 Efficacit\u00e9 lumineuse\u00a0: 80\u00a0Lm\/W \u00b1\u00a010\u00a0%<br \/>\n\u2022\u00a0Source lumineuse\u00a0: CMS<br \/>\n\u2022\u00a0Ra\u00a0:\u00a0&gt;\u00a080\u00a0\uff0c \u2022\u00a0Tension\u00a0:\u00a0AC220V-240V<br \/>\n\u2022 CCT\u00a0:\u00a02\u00a0700\u00a0&#8211;\u00a06\u00a0500\u00a0K<br \/>\n\u2022\u00a0Mat\u00e9riau\u00a0: corps en aluminium + PC<br \/>\n\u2022 Indice d&#8217;\u00e9tanch\u00e9it\u00e9\u00a0: IP54<br \/>\n\u2022 La duret\u00e9 du verre atteint IK07<br \/>\n\u2022Certification\u00a0: CE, ERP<br \/>\n\u2022 Dur\u00e9e de vie\u00a0: 30\u00a0000\u00a0heures<\/p>\n","protected":false},"featured_media":13367,"template":"","meta":[],"product_brand":[],"product_cat":[629],"product_tag":[],"class_list":{"0":"post-12475","1":"product","2":"type-product","3":"status-publish","4":"has-post-thumbnail","6":"product_cat-lampes-de-travail","8":"first","9":"instock","10":"shipping-taxable","11":"product-type-simple"},"yoast_head":"<!-- This site is optimized with the Yoast SEO plugin v27.4 - https:\/\/yoast.com\/product\/yoast-seo-wordpress\/ -->\n<title>Lampe de travail portative \u00e0 DEL rechargeable &#8211; Soci\u00e9t\u00e9 ZHL \u00c9clairage<\/title>\n<meta name=\"description\" content=\"Lampe de travail \u00e0 LED rechargeable pour les ateliers, les studios, la maison et les chantiers.\" \/>\n<meta name=\"robots\" content=\"index, follow, max-snippet:-1, max-image-preview:large, max-video-preview:-1\" \/>\n<link rel=\"canonical\" href=\"https:\/\/www.zhgdled.com\/fr\/rechargeable-led-work-light.html\" \/>\n<meta property=\"og:locale\" content=\"fr_FR\" \/>\n<meta property=\"og:type\" content=\"article\" \/>\n<meta property=\"og:title\" content=\"Lampe de travail portative \u00e0 DEL rechargeable &#8211; Soci\u00e9t\u00e9 ZHL \u00c9clairage\" \/>\n<meta property=\"og:description\" content=\"Lampe de travail \u00e0 LED rechargeable pour les ateliers, les studios, la maison et les chantiers.\" \/>\n<meta property=\"og:url\" content=\"https:\/\/www.zhgdled.com\/fr\/rechargeable-led-work-light.html\" \/>\n<meta property=\"og:site_name\" content=\"Soci\u00e9t\u00e9 ZHL \u00c9clairage\" \/>\n<meta property=\"article:publisher\" content=\"https:\/\/www.facebook.com\/zhllightinggroup\" \/>\n<meta property=\"article:modified_time\" content=\"2023-12-25T05:46:41+00:00\" \/>\n<meta property=\"og:image\" content=\"https:\/\/www.zhgdled.com\/wp-content\/uploads\/2022\/06\/10.png\" \/>\n\t<meta property=\"og:image:width\" content=\"1600\" \/>\n\t<meta property=\"og:image:height\" content=\"1600\" \/>\n\t<meta property=\"og:image:type\" content=\"image\/png\" \/>\n<meta name=\"twitter:card\" content=\"summary_large_image\" \/>\n<meta name=\"twitter:site\" content=\"@zhl_lighting\" \/>\n<meta name=\"twitter:label1\" content=\"Dur\u00e9e de lecture estim\u00e9e\" \/>\n\t<meta name=\"twitter:data1\" content=\"1 minute\" \/>\n<script type=\"application\/ld+json\" class=\"yoast-schema-graph\">{\"@context\":\"https:\\\/\\\/schema.org\",\"@graph\":[{\"@type\":\"WebPage\",\"@id\":\"https:\\\/\\\/www.zhgdled.com\\\/fr\\\/rechargeable-led-work-light.html\",\"url\":\"https:\\\/\\\/www.zhgdled.com\\\/fr\\\/rechargeable-led-work-light.html\",\"name\":\"Lampe de travail portative \u00e0 DEL rechargeable &#8211; Soci\u00e9t\u00e9 ZHL \u00c9clairage\",\"isPartOf\":{\"@id\":\"https:\\\/\\\/www.zhgdled.com\\\/fr\\\/#website\"},\"primaryImageOfPage\":{\"@id\":\"https:\\\/\\\/www.zhgdled.com\\\/fr\\\/rechargeable-led-work-light.html#primaryimage\"},\"image\":{\"@id\":\"https:\\\/\\\/www.zhgdled.com\\\/fr\\\/rechargeable-led-work-light.html#primaryimage\"},\"thumbnailUrl\":\"https:\\\/\\\/www.zhgdled.com\\\/wp-content\\\/uploads\\\/2022\\\/06\\\/10.png\",\"datePublished\":\"2022-06-20T08:56:58+00:00\",\"dateModified\":\"2023-12-25T05:46:41+00:00\",\"description\":\"Lampe de travail \u00e0 LED rechargeable pour les ateliers, les studios, la maison et les chantiers.\",\"breadcrumb\":{\"@id\":\"https:\\\/\\\/www.zhgdled.com\\\/fr\\\/rechargeable-led-work-light.html#breadcrumb\"},\"inLanguage\":\"fr-FR\",\"potentialAction\":[{\"@type\":\"ReadAction\",\"target\":[\"https:\\\/\\\/www.zhgdled.com\\\/fr\\\/rechargeable-led-work-light.html\"]}]},{\"@type\":\"ImageObject\",\"inLanguage\":\"fr-FR\",\"@id\":\"https:\\\/\\\/www.zhgdled.com\\\/fr\\\/rechargeable-led-work-light.html#primaryimage\",\"url\":\"https:\\\/\\\/www.zhgdled.com\\\/wp-content\\\/uploads\\\/2022\\\/06\\\/10.png\",\"contentUrl\":\"https:\\\/\\\/www.zhgdled.com\\\/wp-content\\\/uploads\\\/2022\\\/06\\\/10.png\",\"width\":1600,\"height\":1600,\"caption\":\"Luz de trabalho LED recarreg\u00e1vel\"},{\"@type\":\"BreadcrumbList\",\"@id\":\"https:\\\/\\\/www.zhgdled.com\\\/fr\\\/rechargeable-led-work-light.html#breadcrumb\",\"itemListElement\":[{\"@type\":\"ListItem\",\"position\":1,\"name\":\"Home\",\"item\":\"https:\\\/\\\/www.zhgdled.com\\\/fr\"},{\"@type\":\"ListItem\",\"position\":2,\"name\":\"PRODUCTS\",\"item\":\"https:\\\/\\\/www.zhgdled.com\\\/zhl-products.html\"},{\"@type\":\"ListItem\",\"position\":3,\"name\":\"Lampe de travail portative \u00e0 DEL rechargeable\"}]},{\"@type\":\"WebSite\",\"@id\":\"https:\\\/\\\/www.zhgdled.com\\\/fr\\\/#website\",\"url\":\"https:\\\/\\\/www.zhgdled.com\\\/fr\\\/\",\"name\":\"Soci\u00e9t\u00e9 ZHL \u00c9clairage\",\"description\":\"Top ranking industrial lighting manufacturer and exporter\",\"publisher\":{\"@id\":\"https:\\\/\\\/www.zhgdled.com\\\/fr\\\/#organization\"},\"potentialAction\":[{\"@type\":\"SearchAction\",\"target\":{\"@type\":\"EntryPoint\",\"urlTemplate\":\"https:\\\/\\\/www.zhgdled.com\\\/fr\\\/?s={search_term_string}\"},\"query-input\":{\"@type\":\"PropertyValueSpecification\",\"valueRequired\":true,\"valueName\":\"search_term_string\"}}],\"inLanguage\":\"fr-FR\"},{\"@type\":\"Organization\",\"@id\":\"https:\\\/\\\/www.zhgdled.com\\\/fr\\\/#organization\",\"name\":\"ZHL Lighting Group\",\"url\":\"https:\\\/\\\/www.zhgdled.com\\\/fr\\\/\",\"logo\":{\"@type\":\"ImageObject\",\"inLanguage\":\"fr-FR\",\"@id\":\"https:\\\/\\\/www.zhgdled.com\\\/fr\\\/#\\\/schema\\\/logo\\\/image\\\/\",\"url\":\"\",\"contentUrl\":\"\",\"caption\":\"ZHL Lighting Group\"},\"image\":{\"@id\":\"https:\\\/\\\/www.zhgdled.com\\\/fr\\\/#\\\/schema\\\/logo\\\/image\\\/\"},\"sameAs\":[\"https:\\\/\\\/www.facebook.com\\\/zhllightinggroup\",\"https:\\\/\\\/x.com\\\/zhl_lighting\"]}]}<\/script>\n<!-- \/ Yoast SEO plugin. -->","yoast_head_json":{"title":"Lampe de travail portative \u00e0 DEL rechargeable &#8211; Soci\u00e9t\u00e9 ZHL \u00c9clairage","description":"Lampe de travail \u00e0 LED rechargeable pour les ateliers, les studios, la maison et les chantiers.","robots":{"index":"index","follow":"follow","max-snippet":"max-snippet:-1","max-image-preview":"max-image-preview:large","max-video-preview":"max-video-preview:-1"},"canonical":"https:\/\/www.zhgdled.com\/fr\/rechargeable-led-work-light.html","og_locale":"fr_FR","og_type":"article","og_title":"Lampe de travail portative \u00e0 DEL rechargeable &#8211; Soci\u00e9t\u00e9 ZHL \u00c9clairage","og_description":"Lampe de travail \u00e0 LED rechargeable pour les ateliers, les studios, la maison et les chantiers.","og_url":"https:\/\/www.zhgdled.com\/fr\/rechargeable-led-work-light.html","og_site_name":"Soci\u00e9t\u00e9 ZHL \u00c9clairage","article_publisher":"https:\/\/www.facebook.com\/zhllightinggroup","article_modified_time":"2023-12-25T05:46:41+00:00","og_image":[{"width":1600,"height":1600,"url":"https:\/\/www.zhgdled.com\/wp-content\/uploads\/2022\/06\/10.png","type":"image\/png"}],"twitter_card":"summary_large_image","twitter_site":"@zhl_lighting","twitter_misc":{"Dur\u00e9e de lecture estim\u00e9e":"1 minute"},"schema":{"@context":"https:\/\/schema.org","@graph":[{"@type":"WebPage","@id":"https:\/\/www.zhgdled.com\/fr\/rechargeable-led-work-light.html","url":"https:\/\/www.zhgdled.com\/fr\/rechargeable-led-work-light.html","name":"Lampe de travail portative \u00e0 DEL rechargeable &#8211; Soci\u00e9t\u00e9 ZHL \u00c9clairage","isPartOf":{"@id":"https:\/\/www.zhgdled.com\/fr\/#website"},"primaryImageOfPage":{"@id":"https:\/\/www.zhgdled.com\/fr\/rechargeable-led-work-light.html#primaryimage"},"image":{"@id":"https:\/\/www.zhgdled.com\/fr\/rechargeable-led-work-light.html#primaryimage"},"thumbnailUrl":"https:\/\/www.zhgdled.com\/wp-content\/uploads\/2022\/06\/10.png","datePublished":"2022-06-20T08:56:58+00:00","dateModified":"2023-12-25T05:46:41+00:00","description":"Lampe de travail \u00e0 LED rechargeable pour les ateliers, les studios, la maison et les chantiers.","breadcrumb":{"@id":"https:\/\/www.zhgdled.com\/fr\/rechargeable-led-work-light.html#breadcrumb"},"inLanguage":"fr-FR","potentialAction":[{"@type":"ReadAction","target":["https:\/\/www.zhgdled.com\/fr\/rechargeable-led-work-light.html"]}]},{"@type":"ImageObject","inLanguage":"fr-FR","@id":"https:\/\/www.zhgdled.com\/fr\/rechargeable-led-work-light.html#primaryimage","url":"https:\/\/www.zhgdled.com\/wp-content\/uploads\/2022\/06\/10.png","contentUrl":"https:\/\/www.zhgdled.com\/wp-content\/uploads\/2022\/06\/10.png","width":1600,"height":1600,"caption":"Luz de trabalho LED recarreg\u00e1vel"},{"@type":"BreadcrumbList","@id":"https:\/\/www.zhgdled.com\/fr\/rechargeable-led-work-light.html#breadcrumb","itemListElement":[{"@type":"ListItem","position":1,"name":"Home","item":"https:\/\/www.zhgdled.com\/fr"},{"@type":"ListItem","position":2,"name":"PRODUCTS","item":"https:\/\/www.zhgdled.com\/zhl-products.html"},{"@type":"ListItem","position":3,"name":"Lampe de travail portative \u00e0 DEL rechargeable"}]},{"@type":"WebSite","@id":"https:\/\/www.zhgdled.com\/fr\/#website","url":"https:\/\/www.zhgdled.com\/fr\/","name":"Soci\u00e9t\u00e9 ZHL \u00c9clairage","description":"Top ranking industrial lighting manufacturer and exporter","publisher":{"@id":"https:\/\/www.zhgdled.com\/fr\/#organization"},"potentialAction":[{"@type":"SearchAction","target":{"@type":"EntryPoint","urlTemplate":"https:\/\/www.zhgdled.com\/fr\/?s={search_term_string}"},"query-input":{"@type":"PropertyValueSpecification","valueRequired":true,"valueName":"search_term_string"}}],"inLanguage":"fr-FR"},{"@type":"Organization","@id":"https:\/\/www.zhgdled.com\/fr\/#organization","name":"ZHL Lighting Group","url":"https:\/\/www.zhgdled.com\/fr\/","logo":{"@type":"ImageObject","inLanguage":"fr-FR","@id":"https:\/\/www.zhgdled.com\/fr\/#\/schema\/logo\/image\/","url":"","contentUrl":"","caption":"ZHL Lighting Group"},"image":{"@id":"https:\/\/www.zhgdled.com\/fr\/#\/schema\/logo\/image\/"},"sameAs":["https:\/\/www.facebook.com\/zhllightinggroup","https:\/\/x.com\/zhl_lighting"]}]}},"_links":{"self":[{"href":"https:\/\/www.zhgdled.com\/fr\/wp-json\/wp\/v2\/product\/12475","targetHints":{"allow":["GET"]}}],"collection":[{"href":"https:\/\/www.zhgdled.com\/fr\/wp-json\/wp\/v2\/product"}],"about":[{"href":"https:\/\/www.zhgdled.com\/fr\/wp-json\/wp\/v2\/types\/product"}],"wp:featuredmedia":[{"embeddable":true,"href":"https:\/\/www.zhgdled.com\/fr\/wp-json\/wp\/v2\/media\/13367"}],"wp:attachment":[{"href":"https:\/\/www.zhgdled.com\/fr\/wp-json\/wp\/v2\/media?parent=12475"}],"wp:term":[{"taxonomy":"product_brand","embeddable":true,"href":"https:\/\/www.zhgdled.com\/fr\/wp-json\/wp\/v2\/product_brand?post=12475"},{"taxonomy":"product_cat","embeddable":true,"href":"https:\/\/www.zhgdled.com\/fr\/wp-json\/wp\/v2\/product_cat?post=12475"},{"taxonomy":"product_tag","embeddable":true,"href":"https:\/\/www.zhgdled.com\/fr\/wp-json\/wp\/v2\/product_tag?post=12475"}],"curies":[{"name":"wp","href":"https:\/\/api.w.org\/{rel}","templated":true}]}}