{"id":12499,"date":"2023-11-03T09:02:09","date_gmt":"2021-11-01T06:02:09","guid":{"rendered":"https:\/\/www.zhgdled.com\/product\/smart-series-led-street-light"},"modified":"2023-12-25T15:08:35","modified_gmt":"2023-12-25T07:08:35","slug":"smart-series-led-street-light","status":"publish","type":"product","link":"https:\/\/www.zhgdled.com\/fr\/smart-series-led-street-light.html","title":{"rendered":"R\u00e9verb\u00e8re LED s\u00e9rie Smart"},"content":{"rendered":"<p>Le lampadaire Smart Series peut \u00eatre totalement hors r\u00e9seau en s&#8217;appliquant \u00e0 l&#8217;\u00e9nergie solaire, et il s&#8217;applique \u00e9galement \u00e0 l&#8217;alimentation secteur. Consultez notre manuel d&#8217;instructions du produit pour trouver le meilleur match.<\/p>\n<table width=\"649\">\n<tbody>\n<tr>\n<td width=\"186\"><strong>Sp\u00e9cification<\/strong><\/td>\n<td width=\"463\"><\/td>\n<\/tr>\n<tr>\n<td><strong>Puissance<\/strong><\/td>\n<td>20W 30W 50W 80W 100W 150W 200W 240W<\/td>\n<\/tr>\n<tr>\n<td>LED<\/td>\n<td>SMD 3030<\/td>\n<\/tr>\n<tr>\n<td><strong>Temp\u00e9rature de couleur (CCT)<\/strong><\/td>\n<td>3000-6500K<\/td>\n<\/tr>\n<tr>\n<td><strong>Efficacit\u00e9 lumineuse(lm\/w)<\/strong><\/td>\n<td>90lm\/w<\/td>\n<\/tr>\n<tr>\n<td><strong>Tension d&#8217;entr\u00e9e (V)<\/strong><\/td>\n<td>AC100-240V<\/td>\n<\/tr>\n<tr>\n<td><strong>PF<\/strong><\/td>\n<td>&gt;0.9<\/td>\n<\/tr>\n<tr>\n<td><strong>CRI (Ra&gt;)<\/strong><\/td>\n<td>80<\/td>\n<\/tr>\n<tr>\n<td><strong>Angle de faisceau(\u00b0)<\/strong><\/td>\n<td>80-150<\/td>\n<\/tr>\n<tr>\n<td>Classe IP<\/td>\n<td>IP65<\/td>\n<\/tr>\n<tr>\n<td>Material<\/td>\n<td>Corps en aluminium + couvercle en verre tremp\u00e9<\/td>\n<\/tr>\n<tr>\n<td>Temp\u00e9rature de fonctionnement(\u2103)<\/td>\n<td>-30-60<\/td>\n<\/tr>\n<tr>\n<td>Garantie (Ann\u00e9e)<\/td>\n<td>3 Years<\/td>\n<\/tr>\n<tr>\n<td>Certificat<\/td>\n<td>CE<\/td>\n<\/tr>\n<tr>\n<td>Driver<\/td>\n<td>CE-Non\u00a0 isolation power supply driver<\/td>\n<\/tr>\n<\/tbody>\n<\/table>\n","protected":false},"excerpt":{"rendered":"<p>Le lampadaire Smart Series peut \u00eatre totalement hors r\u00e9seau en s&#8217;appliquant \u00e0 l&#8217;\u00e9nergie solaire, et il s&#8217;applique \u00e9galement \u00e0 l&#8217;alimentation secteur. Consultez notre manuel d&#8217;instructions du produit pour trouver le meilleur match.<\/p>\n","protected":false},"featured_media":20343,"template":"","meta":[],"product_brand":[],"product_cat":[633],"product_tag":[391],"class_list":{"0":"post-12499","1":"product","2":"type-product","3":"status-publish","4":"has-post-thumbnail","6":"product_cat-lampadaires","7":"product_tag-street-lights-fr","9":"first","10":"instock","11":"featured","12":"shipping-taxable","13":"product-type-simple"},"yoast_head":"<!-- This site is optimized with the Yoast SEO plugin v27.4 - https:\/\/yoast.com\/product\/yoast-seo-wordpress\/ -->\n<title>R\u00e9verb\u00e8re LED s\u00e9rie Smart &#8211; Soci\u00e9t\u00e9 ZHL \u00c9clairage<\/title>\n<meta name=\"description\" content=\"Le lampadaire Smart Series peut \u00eatre totalement hors r\u00e9seau en s&#039;appliquant \u00e0 l&#039;\u00e9nergie solaire, et il s&#039;applique \u00e9galement \u00e0 l&#039;alimentation secteur. Consultez notre manuel d&#039;instructions du produit pour trouver le meilleur match.\" \/>\n<meta name=\"robots\" content=\"index, follow, max-snippet:-1, max-image-preview:large, max-video-preview:-1\" \/>\n<link rel=\"canonical\" href=\"https:\/\/www.zhgdled.com\/fr\/smart-series-led-street-light.html\" \/>\n<meta property=\"og:locale\" content=\"fr_FR\" \/>\n<meta property=\"og:type\" content=\"article\" \/>\n<meta property=\"og:title\" content=\"R\u00e9verb\u00e8re LED s\u00e9rie Smart &#8211; Soci\u00e9t\u00e9 ZHL \u00c9clairage\" \/>\n<meta property=\"og:description\" content=\"Le lampadaire Smart Series peut \u00eatre totalement hors r\u00e9seau en s&#039;appliquant \u00e0 l&#039;\u00e9nergie solaire, et il s&#039;applique \u00e9galement \u00e0 l&#039;alimentation secteur. Consultez notre manuel d&#039;instructions du produit pour trouver le meilleur match.\" \/>\n<meta property=\"og:url\" content=\"https:\/\/www.zhgdled.com\/fr\/smart-series-led-street-light.html\" \/>\n<meta property=\"og:site_name\" content=\"Soci\u00e9t\u00e9 ZHL \u00c9clairage\" \/>\n<meta property=\"article:publisher\" content=\"https:\/\/www.facebook.com\/zhllightinggroup\" \/>\n<meta property=\"article:modified_time\" content=\"2023-12-25T07:08:35+00:00\" \/>\n<meta property=\"og:image\" content=\"https:\/\/www.zhgdled.com\/wp-content\/uploads\/2023\/04\/2-80W.png\" \/>\n\t<meta property=\"og:image:width\" content=\"1600\" \/>\n\t<meta property=\"og:image:height\" content=\"1600\" \/>\n\t<meta property=\"og:image:type\" content=\"image\/png\" \/>\n<meta name=\"twitter:card\" content=\"summary_large_image\" \/>\n<meta name=\"twitter:site\" content=\"@zhl_lighting\" \/>\n<meta name=\"twitter:label1\" content=\"Dur\u00e9e de lecture estim\u00e9e\" \/>\n\t<meta name=\"twitter:data1\" content=\"1 minute\" \/>\n<script type=\"application\/ld+json\" class=\"yoast-schema-graph\">{\"@context\":\"https:\\\/\\\/schema.org\",\"@graph\":[{\"@type\":\"WebPage\",\"@id\":\"https:\\\/\\\/www.zhgdled.com\\\/fr\\\/smart-series-led-street-light.html\",\"url\":\"https:\\\/\\\/www.zhgdled.com\\\/fr\\\/smart-series-led-street-light.html\",\"name\":\"R\u00e9verb\u00e8re LED s\u00e9rie Smart &#8211; Soci\u00e9t\u00e9 ZHL \u00c9clairage\",\"isPartOf\":{\"@id\":\"https:\\\/\\\/www.zhgdled.com\\\/fr\\\/#website\"},\"primaryImageOfPage\":{\"@id\":\"https:\\\/\\\/www.zhgdled.com\\\/fr\\\/smart-series-led-street-light.html#primaryimage\"},\"image\":{\"@id\":\"https:\\\/\\\/www.zhgdled.com\\\/fr\\\/smart-series-led-street-light.html#primaryimage\"},\"thumbnailUrl\":\"https:\\\/\\\/www.zhgdled.com\\\/wp-content\\\/uploads\\\/2023\\\/04\\\/2-80W.png\",\"datePublished\":\"2021-11-01T06:02:09+00:00\",\"dateModified\":\"2023-12-25T07:08:35+00:00\",\"description\":\"Le lampadaire Smart Series peut \u00eatre totalement hors r\u00e9seau en s'appliquant \u00e0 l'\u00e9nergie solaire, et il s'applique \u00e9galement \u00e0 l'alimentation secteur. Consultez notre manuel d'instructions du produit pour trouver le meilleur match.\",\"breadcrumb\":{\"@id\":\"https:\\\/\\\/www.zhgdled.com\\\/fr\\\/smart-series-led-street-light.html#breadcrumb\"},\"inLanguage\":\"fr-FR\",\"potentialAction\":[{\"@type\":\"ReadAction\",\"target\":[\"https:\\\/\\\/www.zhgdled.com\\\/fr\\\/smart-series-led-street-light.html\"]}]},{\"@type\":\"ImageObject\",\"inLanguage\":\"fr-FR\",\"@id\":\"https:\\\/\\\/www.zhgdled.com\\\/fr\\\/smart-series-led-street-light.html#primaryimage\",\"url\":\"https:\\\/\\\/www.zhgdled.com\\\/wp-content\\\/uploads\\\/2023\\\/04\\\/2-80W.png\",\"contentUrl\":\"https:\\\/\\\/www.zhgdled.com\\\/wp-content\\\/uploads\\\/2023\\\/04\\\/2-80W.png\",\"width\":1600,\"height\":1600,\"caption\":\"LED Street Light Manufacturer\"},{\"@type\":\"BreadcrumbList\",\"@id\":\"https:\\\/\\\/www.zhgdled.com\\\/fr\\\/smart-series-led-street-light.html#breadcrumb\",\"itemListElement\":[{\"@type\":\"ListItem\",\"position\":1,\"name\":\"Home\",\"item\":\"https:\\\/\\\/www.zhgdled.com\\\/fr\"},{\"@type\":\"ListItem\",\"position\":2,\"name\":\"PRODUCTS\",\"item\":\"https:\\\/\\\/www.zhgdled.com\\\/zhl-products.html\"},{\"@type\":\"ListItem\",\"position\":3,\"name\":\"R\u00e9verb\u00e8re LED s\u00e9rie Smart\"}]},{\"@type\":\"WebSite\",\"@id\":\"https:\\\/\\\/www.zhgdled.com\\\/fr\\\/#website\",\"url\":\"https:\\\/\\\/www.zhgdled.com\\\/fr\\\/\",\"name\":\"Soci\u00e9t\u00e9 ZHL \u00c9clairage\",\"description\":\"Top ranking industrial lighting manufacturer and exporter\",\"publisher\":{\"@id\":\"https:\\\/\\\/www.zhgdled.com\\\/fr\\\/#organization\"},\"potentialAction\":[{\"@type\":\"SearchAction\",\"target\":{\"@type\":\"EntryPoint\",\"urlTemplate\":\"https:\\\/\\\/www.zhgdled.com\\\/fr\\\/?s={search_term_string}\"},\"query-input\":{\"@type\":\"PropertyValueSpecification\",\"valueRequired\":true,\"valueName\":\"search_term_string\"}}],\"inLanguage\":\"fr-FR\"},{\"@type\":\"Organization\",\"@id\":\"https:\\\/\\\/www.zhgdled.com\\\/fr\\\/#organization\",\"name\":\"ZHL Lighting Group\",\"url\":\"https:\\\/\\\/www.zhgdled.com\\\/fr\\\/\",\"logo\":{\"@type\":\"ImageObject\",\"inLanguage\":\"fr-FR\",\"@id\":\"https:\\\/\\\/www.zhgdled.com\\\/fr\\\/#\\\/schema\\\/logo\\\/image\\\/\",\"url\":\"\",\"contentUrl\":\"\",\"caption\":\"ZHL Lighting Group\"},\"image\":{\"@id\":\"https:\\\/\\\/www.zhgdled.com\\\/fr\\\/#\\\/schema\\\/logo\\\/image\\\/\"},\"sameAs\":[\"https:\\\/\\\/www.facebook.com\\\/zhllightinggroup\",\"https:\\\/\\\/x.com\\\/zhl_lighting\"]}]}<\/script>\n<!-- \/ Yoast SEO plugin. -->","yoast_head_json":{"title":"R\u00e9verb\u00e8re LED s\u00e9rie Smart &#8211; Soci\u00e9t\u00e9 ZHL \u00c9clairage","description":"Le lampadaire Smart Series peut \u00eatre totalement hors r\u00e9seau en s'appliquant \u00e0 l'\u00e9nergie solaire, et il s'applique \u00e9galement \u00e0 l'alimentation secteur. Consultez notre manuel d'instructions du produit pour trouver le meilleur match.","robots":{"index":"index","follow":"follow","max-snippet":"max-snippet:-1","max-image-preview":"max-image-preview:large","max-video-preview":"max-video-preview:-1"},"canonical":"https:\/\/www.zhgdled.com\/fr\/smart-series-led-street-light.html","og_locale":"fr_FR","og_type":"article","og_title":"R\u00e9verb\u00e8re LED s\u00e9rie Smart &#8211; Soci\u00e9t\u00e9 ZHL \u00c9clairage","og_description":"Le lampadaire Smart Series peut \u00eatre totalement hors r\u00e9seau en s'appliquant \u00e0 l'\u00e9nergie solaire, et il s'applique \u00e9galement \u00e0 l'alimentation secteur. Consultez notre manuel d'instructions du produit pour trouver le meilleur match.","og_url":"https:\/\/www.zhgdled.com\/fr\/smart-series-led-street-light.html","og_site_name":"Soci\u00e9t\u00e9 ZHL \u00c9clairage","article_publisher":"https:\/\/www.facebook.com\/zhllightinggroup","article_modified_time":"2023-12-25T07:08:35+00:00","og_image":[{"width":1600,"height":1600,"url":"https:\/\/www.zhgdled.com\/wp-content\/uploads\/2023\/04\/2-80W.png","type":"image\/png"}],"twitter_card":"summary_large_image","twitter_site":"@zhl_lighting","twitter_misc":{"Dur\u00e9e de lecture estim\u00e9e":"1 minute"},"schema":{"@context":"https:\/\/schema.org","@graph":[{"@type":"WebPage","@id":"https:\/\/www.zhgdled.com\/fr\/smart-series-led-street-light.html","url":"https:\/\/www.zhgdled.com\/fr\/smart-series-led-street-light.html","name":"R\u00e9verb\u00e8re LED s\u00e9rie Smart &#8211; Soci\u00e9t\u00e9 ZHL \u00c9clairage","isPartOf":{"@id":"https:\/\/www.zhgdled.com\/fr\/#website"},"primaryImageOfPage":{"@id":"https:\/\/www.zhgdled.com\/fr\/smart-series-led-street-light.html#primaryimage"},"image":{"@id":"https:\/\/www.zhgdled.com\/fr\/smart-series-led-street-light.html#primaryimage"},"thumbnailUrl":"https:\/\/www.zhgdled.com\/wp-content\/uploads\/2023\/04\/2-80W.png","datePublished":"2021-11-01T06:02:09+00:00","dateModified":"2023-12-25T07:08:35+00:00","description":"Le lampadaire Smart Series peut \u00eatre totalement hors r\u00e9seau en s'appliquant \u00e0 l'\u00e9nergie solaire, et il s'applique \u00e9galement \u00e0 l'alimentation secteur. Consultez notre manuel d'instructions du produit pour trouver le meilleur match.","breadcrumb":{"@id":"https:\/\/www.zhgdled.com\/fr\/smart-series-led-street-light.html#breadcrumb"},"inLanguage":"fr-FR","potentialAction":[{"@type":"ReadAction","target":["https:\/\/www.zhgdled.com\/fr\/smart-series-led-street-light.html"]}]},{"@type":"ImageObject","inLanguage":"fr-FR","@id":"https:\/\/www.zhgdled.com\/fr\/smart-series-led-street-light.html#primaryimage","url":"https:\/\/www.zhgdled.com\/wp-content\/uploads\/2023\/04\/2-80W.png","contentUrl":"https:\/\/www.zhgdled.com\/wp-content\/uploads\/2023\/04\/2-80W.png","width":1600,"height":1600,"caption":"LED Street Light Manufacturer"},{"@type":"BreadcrumbList","@id":"https:\/\/www.zhgdled.com\/fr\/smart-series-led-street-light.html#breadcrumb","itemListElement":[{"@type":"ListItem","position":1,"name":"Home","item":"https:\/\/www.zhgdled.com\/fr"},{"@type":"ListItem","position":2,"name":"PRODUCTS","item":"https:\/\/www.zhgdled.com\/zhl-products.html"},{"@type":"ListItem","position":3,"name":"R\u00e9verb\u00e8re LED s\u00e9rie Smart"}]},{"@type":"WebSite","@id":"https:\/\/www.zhgdled.com\/fr\/#website","url":"https:\/\/www.zhgdled.com\/fr\/","name":"Soci\u00e9t\u00e9 ZHL \u00c9clairage","description":"Top ranking industrial lighting manufacturer and exporter","publisher":{"@id":"https:\/\/www.zhgdled.com\/fr\/#organization"},"potentialAction":[{"@type":"SearchAction","target":{"@type":"EntryPoint","urlTemplate":"https:\/\/www.zhgdled.com\/fr\/?s={search_term_string}"},"query-input":{"@type":"PropertyValueSpecification","valueRequired":true,"valueName":"search_term_string"}}],"inLanguage":"fr-FR"},{"@type":"Organization","@id":"https:\/\/www.zhgdled.com\/fr\/#organization","name":"ZHL Lighting Group","url":"https:\/\/www.zhgdled.com\/fr\/","logo":{"@type":"ImageObject","inLanguage":"fr-FR","@id":"https:\/\/www.zhgdled.com\/fr\/#\/schema\/logo\/image\/","url":"","contentUrl":"","caption":"ZHL Lighting Group"},"image":{"@id":"https:\/\/www.zhgdled.com\/fr\/#\/schema\/logo\/image\/"},"sameAs":["https:\/\/www.facebook.com\/zhllightinggroup","https:\/\/x.com\/zhl_lighting"]}]}},"_links":{"self":[{"href":"https:\/\/www.zhgdled.com\/fr\/wp-json\/wp\/v2\/product\/12499","targetHints":{"allow":["GET"]}}],"collection":[{"href":"https:\/\/www.zhgdled.com\/fr\/wp-json\/wp\/v2\/product"}],"about":[{"href":"https:\/\/www.zhgdled.com\/fr\/wp-json\/wp\/v2\/types\/product"}],"wp:featuredmedia":[{"embeddable":true,"href":"https:\/\/www.zhgdled.com\/fr\/wp-json\/wp\/v2\/media\/20343"}],"wp:attachment":[{"href":"https:\/\/www.zhgdled.com\/fr\/wp-json\/wp\/v2\/media?parent=12499"}],"wp:term":[{"taxonomy":"product_brand","embeddable":true,"href":"https:\/\/www.zhgdled.com\/fr\/wp-json\/wp\/v2\/product_brand?post=12499"},{"taxonomy":"product_cat","embeddable":true,"href":"https:\/\/www.zhgdled.com\/fr\/wp-json\/wp\/v2\/product_cat?post=12499"},{"taxonomy":"product_tag","embeddable":true,"href":"https:\/\/www.zhgdled.com\/fr\/wp-json\/wp\/v2\/product_tag?post=12499"}],"curies":[{"name":"wp","href":"https:\/\/api.w.org\/{rel}","templated":true}]}}