{"id":12507,"date":"2023-08-21T09:00:39","date_gmt":"2021-10-26T08:40:39","guid":{"rendered":"https:\/\/www.zhgdled.com\/product\/10w-400w-star-series-led-floodlight"},"modified":"2023-12-25T14:07:54","modified_gmt":"2023-12-25T06:07:54","slug":"10w-400w-star-series-led-floodlight","status":"publish","type":"product","link":"https:\/\/www.zhgdled.com\/fr\/10w-400w-star-series-led-floodlight.html","title":{"rendered":"Projecteur LED Star Series 10W-400W"},"content":{"rendered":"<h2>LE PROJECTEUR LE PLUS \u00c9CONOMIQUE QUE ZHL LIGHTING A \u00c0 OFFRIR<\/h2>\n<ul>\n<li>S\u00e9rie ZHL Star avec un mat\u00e9riau en aluminium qualifi\u00e9 et une excellente dissipation de la chaleur, ce qui rend le projecteur \u00e0 LED plus durable. Le bo\u00eetier en fonte d&#8217;aluminium robuste et la certification FCC du projecteur garantissent une plus grande s\u00e9curit\u00e9.<\/li>\n<li>Le projecteur LED d&#8217;ext\u00e9rieur 10W-400W est \u00e9valu\u00e9 \u00e0 1000 lumens en blanc froid 6000K-6500K, ce qui peut vous faire \u00e9conomiser plus de 70% d&#8217;\u00e9nergie. Pas d&#8217;ombre ni d&#8217;\u00e9blouissement, l&#8217;angle de faisceau de 120 \u00b0 assure une distance d&#8217;irradiation plus longue et apporte une meilleure exp\u00e9rience d&#8217;utilisation.<\/li>\n<li>L&#8217;indice IP65 garantit que votre projecteur LED ext\u00e9rieur est largement utilis\u00e9 dans les projets d&#8217;\u00e9clairage ext\u00e9rieur et int\u00e9rieur. Peu importe la m\u00e9t\u00e9o, le projecteur LED de Getseason peut le supporter. MAIS NE plongez PAS dans l&#8217;eau.<br \/>\nParfait pour les endroits int\u00e9rieurs et ext\u00e9rieurs, tels que les jardins, les cours, les villas, les parcs, les panneaux d&#8217;affichage, les toits, les gymnases, les b\u00e2timents, les routes, les rues, les places, les usines, etc.<\/li>\n<\/ul>\n<p>&nbsp;<\/p>\n<h2>SP\u00c9CIFICATION<\/h2>\n<table width=\"649\">\n<tbody>\n<tr>\n<td width=\"186\"><\/td>\n<td width=\"463\"><\/td>\n<\/tr>\n<tr>\n<td><strong>Puissance<\/strong><\/td>\n<td><strong>10W 20W 30W 50W 100W 150W 200W 300W 400W<\/strong><\/td>\n<\/tr>\n<tr>\n<td><strong>LED<\/strong><\/td>\n<td><strong>SMD 2835<\/strong><\/td>\n<\/tr>\n<tr>\n<td><strong>Temp\u00e9rature de couleur (CCT)<\/strong><\/td>\n<td><strong>2700-6500K<\/strong><\/td>\n<\/tr>\n<tr>\n<td><strong>Efficacit\u00e9 lumineuse(lm\/w)<\/strong><\/td>\n<td><strong>90Lm\/w-110Lm\/w<\/strong><\/td>\n<\/tr>\n<tr>\n<td><strong>Tension d&#8217;entr\u00e9e (V)<\/strong><\/td>\n<td><strong>AC100-240V\/AC220-240V<\/strong><\/td>\n<\/tr>\n<tr>\n<td><strong>PF<\/strong><\/td>\n<td><strong>&gt;0.9<\/strong><\/td>\n<\/tr>\n<tr>\n<td><strong>CRI (Ra)<\/strong><\/td>\n<td><strong>&gt;80<\/strong><\/td>\n<\/tr>\n<tr>\n<td><strong>Angle de faisceau(\u00b0)<\/strong><\/td>\n<td><strong>120<\/strong><\/td>\n<\/tr>\n<tr>\n<td><strong>Classe IP<\/strong><\/td>\n<td><strong>IP65<\/strong><\/td>\n<\/tr>\n<tr>\n<td><strong>Mat\u00e9riel<\/strong><\/td>\n<td><strong>Aluminum Body + Tempered Glass Cover<\/strong><\/td>\n<\/tr>\n<tr>\n<td><strong>Temp\u00e9rature de travail(\u2103)<\/strong><\/td>\n<td><strong>-20-50<\/strong><\/td>\n<\/tr>\n<tr>\n<td><strong>Garantie (Ann\u00e9e)<\/strong><\/td>\n<td><strong>2\/3\/5 Years<\/strong><\/td>\n<\/tr>\n<tr>\n<td><strong>Certificat<\/strong><\/td>\n<td><strong>CE,ERP,RoHS<\/strong><\/td>\n<\/tr>\n<tr>\n<td><strong>Driver<\/strong><\/td>\n<td><strong>\u00a0DOB\/ ZHL Brand\/ Meanwell<\/strong><\/td>\n<\/tr>\n<\/tbody>\n<\/table>\n<p>&nbsp;<\/p>\n","protected":false},"excerpt":{"rendered":"<h2><\/h2>\n<table width=\"649\">\n<tbody>\n<tr>\n<td width=\"186\"><\/td>\n<td width=\"463\"><\/td>\n<\/tr>\n<tr>\n<td><strong>Puissance<\/strong><\/td>\n<td><strong>10W 20W 30W 50W 100W 150W 200W 300W 400W<\/strong><\/td>\n<\/tr>\n<tr>\n<td><strong>LED<\/strong><\/td>\n<td><strong>SMD 2835<\/strong><\/td>\n<\/tr>\n<tr>\n<td><strong>Temp\u00e9rature de couleur (CCT)<\/strong><\/td>\n<td><strong>2700-6500K<\/strong><\/td>\n<\/tr>\n<tr>\n<td><strong>Efficacit\u00e9 lumineuse(lm\/w)<\/strong><\/td>\n<td><strong>90Lm\/w-110Lm\/w<\/strong><\/td>\n<\/tr>\n<tr>\n<td><strong>Tension d&#8217;entr\u00e9e (V)<\/strong><\/td>\n<td><strong>AC100-240V\/AC220-240V<\/strong><\/td>\n<\/tr>\n<tr>\n<td><strong>PF<\/strong><\/td>\n<td><strong>&gt;0.9<\/strong><\/td>\n<\/tr>\n<tr>\n<td><strong>CRI (Ra)<\/strong><\/td>\n<td><strong>&gt;80<\/strong><\/td>\n<\/tr>\n<tr>\n<td><strong>Angle de faisceau(\u00b0)<\/strong><\/td>\n<td><strong>120<\/strong><\/td>\n<\/tr>\n<tr>\n<td><strong>Classe IP<\/strong><\/td>\n<td><strong>IP65<\/strong><\/td>\n<\/tr>\n<tr>\n<td><strong>Mat\u00e9riel<\/strong><\/td>\n<td><strong>Aluminum Body + Tempered Glass Cover<\/strong><\/td>\n<\/tr>\n<tr>\n<td><strong>Temp\u00e9rature de travail(\u2103)<\/strong><\/td>\n<td><strong>-20-50<\/strong><\/td>\n<\/tr>\n<tr>\n<td><strong>Garantie (Ann\u00e9e)<\/strong><\/td>\n<td><strong>2\/3\/5 Years<\/strong><\/td>\n<\/tr>\n<tr>\n<td><strong>Certificat<\/strong><\/td>\n<td><strong>CE,ERP,RoHS<\/strong><\/td>\n<\/tr>\n<tr>\n<td><strong>Driver<\/strong><\/td>\n<td><strong>\u00a0DOB\/ ZHL Brand\/ Meanwell<\/strong><\/td>\n<\/tr>\n<\/tbody>\n<\/table>\n","protected":false},"featured_media":13348,"template":"","meta":[],"product_brand":[],"product_cat":[631],"product_tag":[540],"class_list":{"0":"post-12507","1":"product","2":"type-product","3":"status-publish","4":"has-post-thumbnail","6":"product_cat-projecteurs","7":"product_tag-led-flood-light-fr","9":"first","10":"instock","11":"featured","12":"shipping-taxable","13":"product-type-simple"},"yoast_head":"<!-- This site is optimized with the Yoast SEO plugin v27.4 - https:\/\/yoast.com\/product\/yoast-seo-wordpress\/ -->\n<title>Projecteur LED Star Series 10W-400W &#8211; Soci\u00e9t\u00e9 ZHL \u00c9clairage<\/title>\n<meta name=\"description\" content=\"Lampe de s\u00e9curit\u00e9 ext\u00e9rieure avec un mat\u00e9riau en aluminium qualifi\u00e9 et une excellente dissipation de la chaleur, ce qui rend le projecteur \u00e0 LED plus durable.\" \/>\n<meta name=\"robots\" content=\"index, follow, max-snippet:-1, max-image-preview:large, max-video-preview:-1\" \/>\n<link rel=\"canonical\" href=\"https:\/\/www.zhgdled.com\/fr\/10w-400w-star-series-led-floodlight.html\" \/>\n<meta property=\"og:locale\" content=\"fr_FR\" \/>\n<meta property=\"og:type\" content=\"article\" \/>\n<meta property=\"og:title\" content=\"Projecteur LED Star Series 10W-400W &#8211; Soci\u00e9t\u00e9 ZHL \u00c9clairage\" \/>\n<meta property=\"og:description\" content=\"Lampe de s\u00e9curit\u00e9 ext\u00e9rieure avec un mat\u00e9riau en aluminium qualifi\u00e9 et une excellente dissipation de la chaleur, ce qui rend le projecteur \u00e0 LED plus durable.\" \/>\n<meta property=\"og:url\" content=\"https:\/\/www.zhgdled.com\/fr\/10w-400w-star-series-led-floodlight.html\" \/>\n<meta property=\"og:site_name\" content=\"Soci\u00e9t\u00e9 ZHL \u00c9clairage\" \/>\n<meta property=\"article:publisher\" content=\"https:\/\/www.facebook.com\/zhllightinggroup\" \/>\n<meta property=\"article:modified_time\" content=\"2023-12-25T06:07:54+00:00\" \/>\n<meta property=\"og:image\" content=\"https:\/\/www.zhgdled.com\/wp-content\/uploads\/2021\/10\/8-1.png\" \/>\n\t<meta property=\"og:image:width\" content=\"1600\" \/>\n\t<meta property=\"og:image:height\" content=\"1600\" \/>\n\t<meta property=\"og:image:type\" content=\"image\/png\" \/>\n<meta name=\"twitter:card\" content=\"summary_large_image\" \/>\n<meta name=\"twitter:site\" content=\"@zhl_lighting\" \/>\n<meta name=\"twitter:label1\" content=\"Dur\u00e9e de lecture estim\u00e9e\" \/>\n\t<meta name=\"twitter:data1\" content=\"2 minutes\" \/>\n<script type=\"application\/ld+json\" class=\"yoast-schema-graph\">{\"@context\":\"https:\\\/\\\/schema.org\",\"@graph\":[{\"@type\":\"WebPage\",\"@id\":\"https:\\\/\\\/www.zhgdled.com\\\/fr\\\/10w-400w-star-series-led-floodlight.html\",\"url\":\"https:\\\/\\\/www.zhgdled.com\\\/fr\\\/10w-400w-star-series-led-floodlight.html\",\"name\":\"Projecteur LED Star Series 10W-400W &#8211; Soci\u00e9t\u00e9 ZHL \u00c9clairage\",\"isPartOf\":{\"@id\":\"https:\\\/\\\/www.zhgdled.com\\\/fr\\\/#website\"},\"primaryImageOfPage\":{\"@id\":\"https:\\\/\\\/www.zhgdled.com\\\/fr\\\/10w-400w-star-series-led-floodlight.html#primaryimage\"},\"image\":{\"@id\":\"https:\\\/\\\/www.zhgdled.com\\\/fr\\\/10w-400w-star-series-led-floodlight.html#primaryimage\"},\"thumbnailUrl\":\"https:\\\/\\\/www.zhgdled.com\\\/wp-content\\\/uploads\\\/2021\\\/10\\\/8-1.png\",\"datePublished\":\"2021-10-26T08:40:39+00:00\",\"dateModified\":\"2023-12-25T06:07:54+00:00\",\"description\":\"Lampe de s\u00e9curit\u00e9 ext\u00e9rieure avec un mat\u00e9riau en aluminium qualifi\u00e9 et une excellente dissipation de la chaleur, ce qui rend le projecteur \u00e0 LED plus durable.\",\"breadcrumb\":{\"@id\":\"https:\\\/\\\/www.zhgdled.com\\\/fr\\\/10w-400w-star-series-led-floodlight.html#breadcrumb\"},\"inLanguage\":\"fr-FR\",\"potentialAction\":[{\"@type\":\"ReadAction\",\"target\":[\"https:\\\/\\\/www.zhgdled.com\\\/fr\\\/10w-400w-star-series-led-floodlight.html\"]}]},{\"@type\":\"ImageObject\",\"inLanguage\":\"fr-FR\",\"@id\":\"https:\\\/\\\/www.zhgdled.com\\\/fr\\\/10w-400w-star-series-led-floodlight.html#primaryimage\",\"url\":\"https:\\\/\\\/www.zhgdled.com\\\/wp-content\\\/uploads\\\/2021\\\/10\\\/8-1.png\",\"contentUrl\":\"https:\\\/\\\/www.zhgdled.com\\\/wp-content\\\/uploads\\\/2021\\\/10\\\/8-1.png\",\"width\":1600,\"height\":1600,\"caption\":\"Star series LED flood Light\"},{\"@type\":\"BreadcrumbList\",\"@id\":\"https:\\\/\\\/www.zhgdled.com\\\/fr\\\/10w-400w-star-series-led-floodlight.html#breadcrumb\",\"itemListElement\":[{\"@type\":\"ListItem\",\"position\":1,\"name\":\"Home\",\"item\":\"https:\\\/\\\/www.zhgdled.com\\\/fr\"},{\"@type\":\"ListItem\",\"position\":2,\"name\":\"PRODUCTS\",\"item\":\"https:\\\/\\\/www.zhgdled.com\\\/zhl-products.html\"},{\"@type\":\"ListItem\",\"position\":3,\"name\":\"Projecteur LED Star Series 10W-400W\"}]},{\"@type\":\"WebSite\",\"@id\":\"https:\\\/\\\/www.zhgdled.com\\\/fr\\\/#website\",\"url\":\"https:\\\/\\\/www.zhgdled.com\\\/fr\\\/\",\"name\":\"Soci\u00e9t\u00e9 ZHL \u00c9clairage\",\"description\":\"Top ranking industrial lighting manufacturer and exporter\",\"publisher\":{\"@id\":\"https:\\\/\\\/www.zhgdled.com\\\/fr\\\/#organization\"},\"potentialAction\":[{\"@type\":\"SearchAction\",\"target\":{\"@type\":\"EntryPoint\",\"urlTemplate\":\"https:\\\/\\\/www.zhgdled.com\\\/fr\\\/?s={search_term_string}\"},\"query-input\":{\"@type\":\"PropertyValueSpecification\",\"valueRequired\":true,\"valueName\":\"search_term_string\"}}],\"inLanguage\":\"fr-FR\"},{\"@type\":\"Organization\",\"@id\":\"https:\\\/\\\/www.zhgdled.com\\\/fr\\\/#organization\",\"name\":\"ZHL Lighting Group\",\"url\":\"https:\\\/\\\/www.zhgdled.com\\\/fr\\\/\",\"logo\":{\"@type\":\"ImageObject\",\"inLanguage\":\"fr-FR\",\"@id\":\"https:\\\/\\\/www.zhgdled.com\\\/fr\\\/#\\\/schema\\\/logo\\\/image\\\/\",\"url\":\"\",\"contentUrl\":\"\",\"caption\":\"ZHL Lighting Group\"},\"image\":{\"@id\":\"https:\\\/\\\/www.zhgdled.com\\\/fr\\\/#\\\/schema\\\/logo\\\/image\\\/\"},\"sameAs\":[\"https:\\\/\\\/www.facebook.com\\\/zhllightinggroup\",\"https:\\\/\\\/x.com\\\/zhl_lighting\"]}]}<\/script>\n<!-- \/ Yoast SEO plugin. -->","yoast_head_json":{"title":"Projecteur LED Star Series 10W-400W &#8211; Soci\u00e9t\u00e9 ZHL \u00c9clairage","description":"Lampe de s\u00e9curit\u00e9 ext\u00e9rieure avec un mat\u00e9riau en aluminium qualifi\u00e9 et une excellente dissipation de la chaleur, ce qui rend le projecteur \u00e0 LED plus durable.","robots":{"index":"index","follow":"follow","max-snippet":"max-snippet:-1","max-image-preview":"max-image-preview:large","max-video-preview":"max-video-preview:-1"},"canonical":"https:\/\/www.zhgdled.com\/fr\/10w-400w-star-series-led-floodlight.html","og_locale":"fr_FR","og_type":"article","og_title":"Projecteur LED Star Series 10W-400W &#8211; Soci\u00e9t\u00e9 ZHL \u00c9clairage","og_description":"Lampe de s\u00e9curit\u00e9 ext\u00e9rieure avec un mat\u00e9riau en aluminium qualifi\u00e9 et une excellente dissipation de la chaleur, ce qui rend le projecteur \u00e0 LED plus durable.","og_url":"https:\/\/www.zhgdled.com\/fr\/10w-400w-star-series-led-floodlight.html","og_site_name":"Soci\u00e9t\u00e9 ZHL \u00c9clairage","article_publisher":"https:\/\/www.facebook.com\/zhllightinggroup","article_modified_time":"2023-12-25T06:07:54+00:00","og_image":[{"width":1600,"height":1600,"url":"https:\/\/www.zhgdled.com\/wp-content\/uploads\/2021\/10\/8-1.png","type":"image\/png"}],"twitter_card":"summary_large_image","twitter_site":"@zhl_lighting","twitter_misc":{"Dur\u00e9e de lecture estim\u00e9e":"2 minutes"},"schema":{"@context":"https:\/\/schema.org","@graph":[{"@type":"WebPage","@id":"https:\/\/www.zhgdled.com\/fr\/10w-400w-star-series-led-floodlight.html","url":"https:\/\/www.zhgdled.com\/fr\/10w-400w-star-series-led-floodlight.html","name":"Projecteur LED Star Series 10W-400W &#8211; Soci\u00e9t\u00e9 ZHL \u00c9clairage","isPartOf":{"@id":"https:\/\/www.zhgdled.com\/fr\/#website"},"primaryImageOfPage":{"@id":"https:\/\/www.zhgdled.com\/fr\/10w-400w-star-series-led-floodlight.html#primaryimage"},"image":{"@id":"https:\/\/www.zhgdled.com\/fr\/10w-400w-star-series-led-floodlight.html#primaryimage"},"thumbnailUrl":"https:\/\/www.zhgdled.com\/wp-content\/uploads\/2021\/10\/8-1.png","datePublished":"2021-10-26T08:40:39+00:00","dateModified":"2023-12-25T06:07:54+00:00","description":"Lampe de s\u00e9curit\u00e9 ext\u00e9rieure avec un mat\u00e9riau en aluminium qualifi\u00e9 et une excellente dissipation de la chaleur, ce qui rend le projecteur \u00e0 LED plus durable.","breadcrumb":{"@id":"https:\/\/www.zhgdled.com\/fr\/10w-400w-star-series-led-floodlight.html#breadcrumb"},"inLanguage":"fr-FR","potentialAction":[{"@type":"ReadAction","target":["https:\/\/www.zhgdled.com\/fr\/10w-400w-star-series-led-floodlight.html"]}]},{"@type":"ImageObject","inLanguage":"fr-FR","@id":"https:\/\/www.zhgdled.com\/fr\/10w-400w-star-series-led-floodlight.html#primaryimage","url":"https:\/\/www.zhgdled.com\/wp-content\/uploads\/2021\/10\/8-1.png","contentUrl":"https:\/\/www.zhgdled.com\/wp-content\/uploads\/2021\/10\/8-1.png","width":1600,"height":1600,"caption":"Star series LED flood Light"},{"@type":"BreadcrumbList","@id":"https:\/\/www.zhgdled.com\/fr\/10w-400w-star-series-led-floodlight.html#breadcrumb","itemListElement":[{"@type":"ListItem","position":1,"name":"Home","item":"https:\/\/www.zhgdled.com\/fr"},{"@type":"ListItem","position":2,"name":"PRODUCTS","item":"https:\/\/www.zhgdled.com\/zhl-products.html"},{"@type":"ListItem","position":3,"name":"Projecteur LED Star Series 10W-400W"}]},{"@type":"WebSite","@id":"https:\/\/www.zhgdled.com\/fr\/#website","url":"https:\/\/www.zhgdled.com\/fr\/","name":"Soci\u00e9t\u00e9 ZHL \u00c9clairage","description":"Top ranking industrial lighting manufacturer and exporter","publisher":{"@id":"https:\/\/www.zhgdled.com\/fr\/#organization"},"potentialAction":[{"@type":"SearchAction","target":{"@type":"EntryPoint","urlTemplate":"https:\/\/www.zhgdled.com\/fr\/?s={search_term_string}"},"query-input":{"@type":"PropertyValueSpecification","valueRequired":true,"valueName":"search_term_string"}}],"inLanguage":"fr-FR"},{"@type":"Organization","@id":"https:\/\/www.zhgdled.com\/fr\/#organization","name":"ZHL Lighting Group","url":"https:\/\/www.zhgdled.com\/fr\/","logo":{"@type":"ImageObject","inLanguage":"fr-FR","@id":"https:\/\/www.zhgdled.com\/fr\/#\/schema\/logo\/image\/","url":"","contentUrl":"","caption":"ZHL Lighting Group"},"image":{"@id":"https:\/\/www.zhgdled.com\/fr\/#\/schema\/logo\/image\/"},"sameAs":["https:\/\/www.facebook.com\/zhllightinggroup","https:\/\/x.com\/zhl_lighting"]}]}},"_links":{"self":[{"href":"https:\/\/www.zhgdled.com\/fr\/wp-json\/wp\/v2\/product\/12507","targetHints":{"allow":["GET"]}}],"collection":[{"href":"https:\/\/www.zhgdled.com\/fr\/wp-json\/wp\/v2\/product"}],"about":[{"href":"https:\/\/www.zhgdled.com\/fr\/wp-json\/wp\/v2\/types\/product"}],"wp:featuredmedia":[{"embeddable":true,"href":"https:\/\/www.zhgdled.com\/fr\/wp-json\/wp\/v2\/media\/13348"}],"wp:attachment":[{"href":"https:\/\/www.zhgdled.com\/fr\/wp-json\/wp\/v2\/media?parent=12507"}],"wp:term":[{"taxonomy":"product_brand","embeddable":true,"href":"https:\/\/www.zhgdled.com\/fr\/wp-json\/wp\/v2\/product_brand?post=12507"},{"taxonomy":"product_cat","embeddable":true,"href":"https:\/\/www.zhgdled.com\/fr\/wp-json\/wp\/v2\/product_cat?post=12507"},{"taxonomy":"product_tag","embeddable":true,"href":"https:\/\/www.zhgdled.com\/fr\/wp-json\/wp\/v2\/product_tag?post=12507"}],"curies":[{"name":"wp","href":"https:\/\/api.w.org\/{rel}","templated":true}]}}