{"id":12522,"date":"2023-08-07T11:36:49","date_gmt":"2024-05-04T03:36:49","guid":{"rendered":"https:\/\/www.zhgdled.com\/product\/zhl-o-series-led-high-bay-light"},"modified":"2024-05-05T11:34:38","modified_gmt":"2024-05-05T03:34:38","slug":"zhl-o-serie-led-haute-baie-lumineuse","status":"publish","type":"product","link":"https:\/\/www.zhgdled.com\/fr\/zhl-o-serie-led-haute-baie-lumineuse.html","title":{"rendered":"ZHL O Series Lumi\u00e8re LED haute baie"},"content":{"rendered":"<h2><span style=\"color: #ff6600;\">Pr\u00e9sentation de l&#8217;\u00e9clairage de pointe<\/span><\/h2>\n<p>Pour la premi\u00e8re fois, l&#8217;\u00e9clairage pour grande baie LED UFO de la s\u00e9rie O pr\u00e9sente une puissance de pointe de 200\u00a0LM\/W sous la m\u00eame puissance, gr\u00e2ce aux puces Samsung 2835 certifi\u00e9es et \u00e0 la source auxiliaire MOSO.<\/p>\n<p>Les luminaires LED pour grande hauteur de la s\u00e9rie O offrent un \u00e9clairage de pointe\u00a0! Sa compatibilit\u00e9 est de qualit\u00e9 commerciale et avec jusqu&#8217;\u00e0 200 lumens par watt, elle devient facilement l&#8217;une des lampes les plus performantes de l&#8217;industrie. En plus de tout cela, cette lampe dispose d&#8217;une option de cache r\u00e9flecteur (achat suppl\u00e9mentaire) pour fournir jusqu&#8217;\u00e0 20 % de lumi\u00e8re vers le haut !<\/p>\n<p>Cette \u00e9tonnante lampe pour grande hauteur certifi\u00e9e CE pr\u00e9sente une conception \u00e9tanche \u00e0 l&#8217;eau et \u00e0 la poussi\u00e8re de qualit\u00e9 IP65. Ses propri\u00e9t\u00e9s durables de qualit\u00e9 commerciale en font la lampe la plus r\u00e9sistante et la plus polyvalente du march\u00e9. Ne vous inqui\u00e9tez jamais que ce produit soit endommag\u00e9 par les conditions m\u00e9t\u00e9orologiques ext\u00e9rieures\u00a0! Le bo\u00eetier en aluminium pur forg\u00e9 \u00e0 froid offre un excellent transfert thermique pour prolonger la dur\u00e9e de vie des composants et \u00e9viter qu&#8217;ils ne soient endommag\u00e9s. Sa temp\u00e9rature de fonctionnement est de -20\u2103 \u00e0 +50\u2103.<\/p>\n<p>&nbsp;<\/p>\n<h2><span style=\"color: #ff6600;\">SP\u00c9CIFICATION<\/span><\/h2>\n<table width=\"649\">\n<tbody>\n<tr>\n<td><strong>Puissance<\/strong><\/td>\n<td><strong>100W 150W 200W\u00a0<\/strong><\/td>\n<\/tr>\n<tr>\n<td><strong>LED<\/strong><\/td>\n<td><strong>Samsung 2835<\/strong><\/td>\n<\/tr>\n<tr>\n<td><strong>Temp\u00e9rature de couleur(CCT)<\/strong><\/td>\n<td><strong>2700-6500K<\/strong><\/td>\n<\/tr>\n<tr>\n<td><strong>Efficacit\u00e9 lumineuse(lm\/w)<\/strong><\/td>\n<td><strong>200lm\/w +-10%<\/strong><\/td>\n<\/tr>\n<tr>\n<td><strong>Tension d&#8217;entr\u00e9e(V)<\/strong><\/td>\n<td width=\"463\"><strong>100-240VAC\/50-60Hz<\/strong><\/td>\n<\/tr>\n<tr>\n<td><strong>PF<\/strong><\/td>\n<td><strong>&gt;0.9<\/strong><\/td>\n<\/tr>\n<tr>\n<td><strong>CRI (Ra&gt;)<\/strong><\/td>\n<td><strong>80<\/strong><\/td>\n<\/tr>\n<tr>\n<td><strong>Angle de faisceau(\u00b0)<\/strong><\/td>\n<td><strong>60\u00b0\/90\u00b0*120\u00b0<\/strong><\/td>\n<\/tr>\n<tr>\n<td><strong>Classe IP<\/strong><\/td>\n<td><strong>IP65<\/strong><\/td>\n<\/tr>\n<tr>\n<td><strong>Mat\u00e9riel<\/strong><\/td>\n<td><strong>Aluminum Body + Tempered Glass Cover<\/strong><\/td>\n<\/tr>\n<tr>\n<td><strong>Temp\u00e9rature de fonctionnement(\u2103)<\/strong><\/td>\n<td><strong>-20-50<\/strong><\/td>\n<\/tr>\n<tr>\n<td><strong>Garantie (Ann\u00e9e)<\/strong><\/td>\n<td><strong>5 ann\u00e9es<\/strong><\/td>\n<\/tr>\n<tr>\n<td><strong>Certificat<\/strong><\/td>\n<td><strong>CE,ERP<\/strong><\/td>\n<\/tr>\n<tr>\n<td><strong>Driver<\/strong><\/td>\n<td><strong>MOSO Dimmable driver( 0-10V Dimmable+12V Auxiliary source<\/strong><\/td>\n<\/tr>\n<\/tbody>\n<\/table>\n","protected":false},"excerpt":{"rendered":"<p>Le luminaire LED pour grande hauteur de la s\u00e9rie ZHL O est un luminaire pour grande hauteur robuste, \u00e0 intensit\u00e9 variable, avec 3 options de montage diff\u00e9rentes\u00a0: crochet de pot, cha\u00eene ou poteau rigide. Gr\u00e2ce \u00e0 son indice de protection IP65, il peut \u00eatre utilis\u00e9 \u00e0 l&#8217;int\u00e9rieur comme \u00e0 l&#8217;ext\u00e9rieur et est con\u00e7u pour les environnements les plus difficiles. Haute efficacit\u00e9 de 200 lm\/W et co\u00fbt de fonctionnement efficace.<\/p>\n<ul>\n<li>100W 150W 200W<\/li>\n<li>Samsung2835<\/li>\n<li>Efficacit\u00e9 lumineuse\u00a0: 160lm\/w, 200lm\/w en option<\/li>\n<li>100-240 V CA, 50\/60 Hz<\/li>\n<li>IRC &gt;80, PF&gt;0,9<\/li>\n<li>Aluminium, verre tremp\u00e9<\/li>\n<\/ul>\n","protected":false},"featured_media":13179,"template":"","meta":[],"product_brand":[],"product_cat":[632],"product_tag":[407],"class_list":{"0":"post-12522","1":"product","2":"type-product","3":"status-publish","4":"has-post-thumbnail","6":"product_cat-lumieres-de-grande-hauteur","7":"product_tag-high-bay-light-fr","9":"first","10":"instock","11":"featured","12":"shipping-taxable","13":"product-type-simple"},"yoast_head":"<!-- This site is optimized with the Yoast SEO plugin v27.4 - https:\/\/yoast.com\/product\/yoast-seo-wordpress\/ -->\n<title>Lumi\u00e8re LED haute baie O S\u00e9rie Highbay<\/title>\n<meta name=\"description\" content=\"Luminaire pour grande hauteur robuste et \u00e0 intensit\u00e9 variable avec 3 options de montage diff\u00e9rentes : crochet de pot, cha\u00eene ou poteau rigide\" \/>\n<meta name=\"robots\" content=\"index, follow, max-snippet:-1, max-image-preview:large, max-video-preview:-1\" \/>\n<link rel=\"canonical\" href=\"https:\/\/www.zhgdled.com\/fr\/zhl-o-serie-led-haute-baie-lumineuse.html\" \/>\n<meta property=\"og:locale\" content=\"fr_FR\" \/>\n<meta property=\"og:type\" content=\"article\" \/>\n<meta property=\"og:title\" content=\"Lumi\u00e8re LED haute baie O S\u00e9rie Highbay\" \/>\n<meta property=\"og:description\" content=\"Luminaire pour grande hauteur robuste et \u00e0 intensit\u00e9 variable avec 3 options de montage diff\u00e9rentes : crochet de pot, cha\u00eene ou poteau rigide\" \/>\n<meta property=\"og:url\" content=\"https:\/\/www.zhgdled.com\/fr\/zhl-o-serie-led-haute-baie-lumineuse.html\" \/>\n<meta property=\"og:site_name\" content=\"Soci\u00e9t\u00e9 ZHL \u00c9clairage\" \/>\n<meta property=\"article:publisher\" content=\"https:\/\/www.facebook.com\/zhllightinggroup\" \/>\n<meta property=\"article:modified_time\" content=\"2024-05-05T03:34:38+00:00\" \/>\n<meta property=\"og:image\" content=\"https:\/\/www.zhgdled.com\/wp-content\/uploads\/2022\/07\/2.png\" \/>\n\t<meta property=\"og:image:width\" content=\"1600\" \/>\n\t<meta property=\"og:image:height\" content=\"1600\" \/>\n\t<meta property=\"og:image:type\" content=\"image\/png\" \/>\n<meta name=\"twitter:card\" content=\"summary_large_image\" \/>\n<meta name=\"twitter:site\" content=\"@zhl_lighting\" \/>\n<meta name=\"twitter:label1\" content=\"Dur\u00e9e de lecture estim\u00e9e\" \/>\n\t<meta name=\"twitter:data1\" content=\"2 minutes\" \/>\n<script type=\"application\/ld+json\" class=\"yoast-schema-graph\">{\"@context\":\"https:\\\/\\\/schema.org\",\"@graph\":[{\"@type\":\"WebPage\",\"@id\":\"https:\\\/\\\/www.zhgdled.com\\\/fr\\\/zhl-o-serie-led-haute-baie-lumineuse.html\",\"url\":\"https:\\\/\\\/www.zhgdled.com\\\/fr\\\/zhl-o-serie-led-haute-baie-lumineuse.html\",\"name\":\"Lumi\u00e8re LED haute baie O S\u00e9rie Highbay\",\"isPartOf\":{\"@id\":\"https:\\\/\\\/www.zhgdled.com\\\/fr\\\/#website\"},\"primaryImageOfPage\":{\"@id\":\"https:\\\/\\\/www.zhgdled.com\\\/fr\\\/zhl-o-serie-led-haute-baie-lumineuse.html#primaryimage\"},\"image\":{\"@id\":\"https:\\\/\\\/www.zhgdled.com\\\/fr\\\/zhl-o-serie-led-haute-baie-lumineuse.html#primaryimage\"},\"thumbnailUrl\":\"https:\\\/\\\/www.zhgdled.com\\\/wp-content\\\/uploads\\\/2022\\\/07\\\/2.png\",\"datePublished\":\"2024-05-04T03:36:49+00:00\",\"dateModified\":\"2024-05-05T03:34:38+00:00\",\"description\":\"Luminaire pour grande hauteur robuste et \u00e0 intensit\u00e9 variable avec 3 options de montage diff\u00e9rentes : crochet de pot, cha\u00eene ou poteau rigide\",\"breadcrumb\":{\"@id\":\"https:\\\/\\\/www.zhgdled.com\\\/fr\\\/zhl-o-serie-led-haute-baie-lumineuse.html#breadcrumb\"},\"inLanguage\":\"fr-FR\",\"potentialAction\":[{\"@type\":\"ReadAction\",\"target\":[\"https:\\\/\\\/www.zhgdled.com\\\/fr\\\/zhl-o-serie-led-haute-baie-lumineuse.html\"]}]},{\"@type\":\"ImageObject\",\"inLanguage\":\"fr-FR\",\"@id\":\"https:\\\/\\\/www.zhgdled.com\\\/fr\\\/zhl-o-serie-led-haute-baie-lumineuse.html#primaryimage\",\"url\":\"https:\\\/\\\/www.zhgdled.com\\\/wp-content\\\/uploads\\\/2022\\\/07\\\/2.png\",\"contentUrl\":\"https:\\\/\\\/www.zhgdled.com\\\/wp-content\\\/uploads\\\/2022\\\/07\\\/2.png\",\"width\":1600,\"height\":1600,\"caption\":\"Lumi\u00e8re LED haute baie\"},{\"@type\":\"BreadcrumbList\",\"@id\":\"https:\\\/\\\/www.zhgdled.com\\\/fr\\\/zhl-o-serie-led-haute-baie-lumineuse.html#breadcrumb\",\"itemListElement\":[{\"@type\":\"ListItem\",\"position\":1,\"name\":\"Home\",\"item\":\"https:\\\/\\\/www.zhgdled.com\\\/fr\"},{\"@type\":\"ListItem\",\"position\":2,\"name\":\"PRODUCTS\",\"item\":\"https:\\\/\\\/www.zhgdled.com\\\/zhl-products.html\"},{\"@type\":\"ListItem\",\"position\":3,\"name\":\"ZHL O Series Lumi\u00e8re LED haute baie\"}]},{\"@type\":\"WebSite\",\"@id\":\"https:\\\/\\\/www.zhgdled.com\\\/fr\\\/#website\",\"url\":\"https:\\\/\\\/www.zhgdled.com\\\/fr\\\/\",\"name\":\"Soci\u00e9t\u00e9 ZHL \u00c9clairage\",\"description\":\"Top ranking industrial lighting manufacturer and exporter\",\"publisher\":{\"@id\":\"https:\\\/\\\/www.zhgdled.com\\\/fr\\\/#organization\"},\"potentialAction\":[{\"@type\":\"SearchAction\",\"target\":{\"@type\":\"EntryPoint\",\"urlTemplate\":\"https:\\\/\\\/www.zhgdled.com\\\/fr\\\/?s={search_term_string}\"},\"query-input\":{\"@type\":\"PropertyValueSpecification\",\"valueRequired\":true,\"valueName\":\"search_term_string\"}}],\"inLanguage\":\"fr-FR\"},{\"@type\":\"Organization\",\"@id\":\"https:\\\/\\\/www.zhgdled.com\\\/fr\\\/#organization\",\"name\":\"ZHL Lighting Group\",\"url\":\"https:\\\/\\\/www.zhgdled.com\\\/fr\\\/\",\"logo\":{\"@type\":\"ImageObject\",\"inLanguage\":\"fr-FR\",\"@id\":\"https:\\\/\\\/www.zhgdled.com\\\/fr\\\/#\\\/schema\\\/logo\\\/image\\\/\",\"url\":\"\",\"contentUrl\":\"\",\"caption\":\"ZHL Lighting Group\"},\"image\":{\"@id\":\"https:\\\/\\\/www.zhgdled.com\\\/fr\\\/#\\\/schema\\\/logo\\\/image\\\/\"},\"sameAs\":[\"https:\\\/\\\/www.facebook.com\\\/zhllightinggroup\",\"https:\\\/\\\/x.com\\\/zhl_lighting\"]}]}<\/script>\n<!-- \/ Yoast SEO plugin. -->","yoast_head_json":{"title":"Lumi\u00e8re LED haute baie O S\u00e9rie Highbay","description":"Luminaire pour grande hauteur robuste et \u00e0 intensit\u00e9 variable avec 3 options de montage diff\u00e9rentes : crochet de pot, cha\u00eene ou poteau rigide","robots":{"index":"index","follow":"follow","max-snippet":"max-snippet:-1","max-image-preview":"max-image-preview:large","max-video-preview":"max-video-preview:-1"},"canonical":"https:\/\/www.zhgdled.com\/fr\/zhl-o-serie-led-haute-baie-lumineuse.html","og_locale":"fr_FR","og_type":"article","og_title":"Lumi\u00e8re LED haute baie O S\u00e9rie Highbay","og_description":"Luminaire pour grande hauteur robuste et \u00e0 intensit\u00e9 variable avec 3 options de montage diff\u00e9rentes : crochet de pot, cha\u00eene ou poteau rigide","og_url":"https:\/\/www.zhgdled.com\/fr\/zhl-o-serie-led-haute-baie-lumineuse.html","og_site_name":"Soci\u00e9t\u00e9 ZHL \u00c9clairage","article_publisher":"https:\/\/www.facebook.com\/zhllightinggroup","article_modified_time":"2024-05-05T03:34:38+00:00","og_image":[{"width":1600,"height":1600,"url":"https:\/\/www.zhgdled.com\/wp-content\/uploads\/2022\/07\/2.png","type":"image\/png"}],"twitter_card":"summary_large_image","twitter_site":"@zhl_lighting","twitter_misc":{"Dur\u00e9e de lecture estim\u00e9e":"2 minutes"},"schema":{"@context":"https:\/\/schema.org","@graph":[{"@type":"WebPage","@id":"https:\/\/www.zhgdled.com\/fr\/zhl-o-serie-led-haute-baie-lumineuse.html","url":"https:\/\/www.zhgdled.com\/fr\/zhl-o-serie-led-haute-baie-lumineuse.html","name":"Lumi\u00e8re LED haute baie O S\u00e9rie Highbay","isPartOf":{"@id":"https:\/\/www.zhgdled.com\/fr\/#website"},"primaryImageOfPage":{"@id":"https:\/\/www.zhgdled.com\/fr\/zhl-o-serie-led-haute-baie-lumineuse.html#primaryimage"},"image":{"@id":"https:\/\/www.zhgdled.com\/fr\/zhl-o-serie-led-haute-baie-lumineuse.html#primaryimage"},"thumbnailUrl":"https:\/\/www.zhgdled.com\/wp-content\/uploads\/2022\/07\/2.png","datePublished":"2024-05-04T03:36:49+00:00","dateModified":"2024-05-05T03:34:38+00:00","description":"Luminaire pour grande hauteur robuste et \u00e0 intensit\u00e9 variable avec 3 options de montage diff\u00e9rentes : crochet de pot, cha\u00eene ou poteau rigide","breadcrumb":{"@id":"https:\/\/www.zhgdled.com\/fr\/zhl-o-serie-led-haute-baie-lumineuse.html#breadcrumb"},"inLanguage":"fr-FR","potentialAction":[{"@type":"ReadAction","target":["https:\/\/www.zhgdled.com\/fr\/zhl-o-serie-led-haute-baie-lumineuse.html"]}]},{"@type":"ImageObject","inLanguage":"fr-FR","@id":"https:\/\/www.zhgdled.com\/fr\/zhl-o-serie-led-haute-baie-lumineuse.html#primaryimage","url":"https:\/\/www.zhgdled.com\/wp-content\/uploads\/2022\/07\/2.png","contentUrl":"https:\/\/www.zhgdled.com\/wp-content\/uploads\/2022\/07\/2.png","width":1600,"height":1600,"caption":"Lumi\u00e8re LED haute baie"},{"@type":"BreadcrumbList","@id":"https:\/\/www.zhgdled.com\/fr\/zhl-o-serie-led-haute-baie-lumineuse.html#breadcrumb","itemListElement":[{"@type":"ListItem","position":1,"name":"Home","item":"https:\/\/www.zhgdled.com\/fr"},{"@type":"ListItem","position":2,"name":"PRODUCTS","item":"https:\/\/www.zhgdled.com\/zhl-products.html"},{"@type":"ListItem","position":3,"name":"ZHL O Series Lumi\u00e8re LED haute baie"}]},{"@type":"WebSite","@id":"https:\/\/www.zhgdled.com\/fr\/#website","url":"https:\/\/www.zhgdled.com\/fr\/","name":"Soci\u00e9t\u00e9 ZHL \u00c9clairage","description":"Top ranking industrial lighting manufacturer and exporter","publisher":{"@id":"https:\/\/www.zhgdled.com\/fr\/#organization"},"potentialAction":[{"@type":"SearchAction","target":{"@type":"EntryPoint","urlTemplate":"https:\/\/www.zhgdled.com\/fr\/?s={search_term_string}"},"query-input":{"@type":"PropertyValueSpecification","valueRequired":true,"valueName":"search_term_string"}}],"inLanguage":"fr-FR"},{"@type":"Organization","@id":"https:\/\/www.zhgdled.com\/fr\/#organization","name":"ZHL Lighting Group","url":"https:\/\/www.zhgdled.com\/fr\/","logo":{"@type":"ImageObject","inLanguage":"fr-FR","@id":"https:\/\/www.zhgdled.com\/fr\/#\/schema\/logo\/image\/","url":"","contentUrl":"","caption":"ZHL Lighting Group"},"image":{"@id":"https:\/\/www.zhgdled.com\/fr\/#\/schema\/logo\/image\/"},"sameAs":["https:\/\/www.facebook.com\/zhllightinggroup","https:\/\/x.com\/zhl_lighting"]}]}},"_links":{"self":[{"href":"https:\/\/www.zhgdled.com\/fr\/wp-json\/wp\/v2\/product\/12522","targetHints":{"allow":["GET"]}}],"collection":[{"href":"https:\/\/www.zhgdled.com\/fr\/wp-json\/wp\/v2\/product"}],"about":[{"href":"https:\/\/www.zhgdled.com\/fr\/wp-json\/wp\/v2\/types\/product"}],"wp:featuredmedia":[{"embeddable":true,"href":"https:\/\/www.zhgdled.com\/fr\/wp-json\/wp\/v2\/media\/13179"}],"wp:attachment":[{"href":"https:\/\/www.zhgdled.com\/fr\/wp-json\/wp\/v2\/media?parent=12522"}],"wp:term":[{"taxonomy":"product_brand","embeddable":true,"href":"https:\/\/www.zhgdled.com\/fr\/wp-json\/wp\/v2\/product_brand?post=12522"},{"taxonomy":"product_cat","embeddable":true,"href":"https:\/\/www.zhgdled.com\/fr\/wp-json\/wp\/v2\/product_cat?post=12522"},{"taxonomy":"product_tag","embeddable":true,"href":"https:\/\/www.zhgdled.com\/fr\/wp-json\/wp\/v2\/product_tag?post=12522"}],"curies":[{"name":"wp","href":"https:\/\/api.w.org\/{rel}","templated":true}]}}